{"id":7557,"date":"2023-03-26T17:49:20","date_gmt":"2023-03-26T17:49:20","guid":{"rendered":"https:\/\/gpdstore.net\/senza-categoria\/archiviazione-biwin-2230-nvme\/"},"modified":"2025-12-23T10:31:03","modified_gmt":"2025-12-23T10:31:03","slug":"biwin-2230-nvme-storage","status":"publish","type":"product","link":"https:\/\/gpdstore.net\/it\/product\/biwin-2230-nvme-storage\/","title":{"rendered":"Archiviazione BiWin 2230 NVMe"},"content":{"rendered":"\n<p>Siete alla ricerca di un upgrade di archiviazione ad alte prestazioni per il vostro GPD WIN MAX 2 o Steam Deck di Valve? Non cercate altro che l&#8217;SSD BiWin 22*30 PCI-e NVMe! Questa unit\u00e0 SSD compatta ma potente \u00e8 progettata per offrire velocit\u00e0 di lettura e scrittura fulminee, garantendo il caricamento rapido e l&#8217;esecuzione fluida dei vostri giochi e applicazioni preferiti.<\/p>\n\n<p>Con soli 22 mm x 30 mm, BiWin 22*30 \u00e8 una delle pi\u00f9 piccole unit\u00e0 SSD NVMe attualmente sul mercato. Ma non lasciatevi ingannare dalle sue dimensioni compatte: questo SSD \u00e8 davvero potente! Con velocit\u00e0 di lettura fino a 3500MB\/s e di scrittura fino a 3000MB\/s, \u00e8 pi\u00f9 che in grado di tenere il passo anche con i giochi e le applicazioni pi\u00f9 impegnative.<\/p>\n\n<p>Uno dei maggiori vantaggi di BiWin 2230<em>\u00e8 la sua compatibilit\u00e0 con GPD WIN MAX 2 e Steam Deck di Valve. Se state cercando di aggiornare lo storage di uno di questi dispositivi, il BiWin 2230<\/em>\u00e8 la scelta perfetta. Basta installare l&#8217;SSD nello slot NVMe del dispositivo e il gioco \u00e8 fatto! <\/p>\n\n<p>Un altro vantaggio di BiWin 22*30 \u00e8 la sua compatibilit\u00e0 con un&#8217;ampia gamma di sistemi operativi, tra cui Windows, Linux e macOS. Questo la rende una scelta versatile per chiunque voglia aggiornare il proprio storage, indipendentemente dal sistema che sta utilizzando.<\/p>\n\n<p>Naturalmente, uno dei posti migliori per acquistare la BiWin 22*30 \u00e8 il GPD Store. In qualit\u00e0 di rivenditore leader di prodotti GPD, il GPD Store \u00e8 il luogo ideale per trovare tutti gli accessori e gli aggiornamenti necessari per ottenere il massimo dalla vostra GPD WIN MAX 2 o Steam Deck. Inoltre, grazie a spedizioni rapide, ottimi prezzi e un servizio clienti di prim&#8217;ordine, puoi acquistare in tutta tranquillit\u00e0 sapendo che stai facendo il miglior affare possibile.<\/p>\n\n<p>Quindi, se siete alla ricerca di un upgrade di SSD NVMe ad alte prestazioni per il vostro GPD WIN MAX 2 o Steam Deck, non cercate altro che BiWin 22*30. Grazie alle sue dimensioni compatte, alla velocit\u00e0 fulminea e all&#8217;ampia compatibilit\u00e0, \u00e8 la scelta perfetta per chi vuole portare la propria esperienza di gioco e di elaborazione a un livello superiore. E con il GPD Store a portata di click, non \u00e8 mai stato cos\u00ec facile ottenere i prodotti di cui hai bisogno per avere successo!<\/p>\n","protected":false},"excerpt":{"rendered":"<ul>\n<li>Compatibile con la valvola Steam Deck, GPD WIN Max 2, GPD WIN 4<\/li>\n<li>Fino a 3200 MB\/s in lettura | 2600 MB\/s in scrittura<\/li>\n<li>0,107 ms Latenza in lettura | 0,109 ms Latenza in scrittura<\/li>\n<li>Garbage collection, TRIM e Modern Standby sono supportati<\/li>\n<\/ul>\n[cg_accordion title=\"INFO SUL PAGAMENTO\"]<\/p>\n<p>Utilizziamo la pi\u00f9 recente tecnologia di elaborazione dei pagamenti, che consente di effettuare il checkout tramite Apple Pay, Google Pay, carta di debito\/credito, PayPal o metodi BNPL come Klarna, Affirm o AfterPay per un&#8217;esperienza veloce e sicura.[\/cg_accordion]\n[cg_accordion title=\"GARANZIA\"]<\/p>\n<p>2 anni di garanzia da parte di <a href=\"https:\/\/droix.net\/\" target=\"_blank\" rel=\"nofollow noopener\">DROIX Global<\/a> per la vostra tranquillit\u00e0[\/cg_accordion]\n[cg_accordion title=\"PREZZI, TASSE E SPEDIZIONE\"]<\/p>\n<p><strong><u>Nota:<\/u><\/strong><\/p>\n<ul>\n<li>Clienti degli Stati Uniti: Il prezzo esposto non include tasse e imposte. La responsabilit\u00e0 dello sdoganamento e del pagamento di eventuali tasse\/dazi \u00e8 a carico del cliente. <\/li>\n<li>Clienti UE: Il prezzo visualizzato include l&#8217;imposta applicabile, che pu\u00f2 arrivare al 25% a seconda del paese.<\/li>\n<li>Clienti del Canada: Il prezzo visualizzato \u00e8 comprensivo delle imposte applicabili, che possono includere il 5% di GST e ulteriori imposte provinciali sulle vendite (PST), l&#8217;imposta sulle vendite armonizzata (HST) o l&#8217;imposta sulle vendite del Quebec (QST), a seconda della provincia di appartenenza.<\/li>\n<\/ul>\n<p><strong>Solo per i clienti dell&#8217;UE:<\/strong> Express DDP (Delivered Duty Paid). Ci\u00f2 significa che: <\/p>\n<ul>\n<li>Tutti i dazi doganali e le tasse sono inclusi nel prezzo visualizzato nella pagina del prodotto.<\/li>\n<li>Non dovrete pagare alcun costo aggiuntivo alla consegna.<\/li>\n<li>Nel raro caso di problemi doganali, il nostro team si occuper\u00e0 del processo di sdoganamento per conto vostro per garantire una consegna senza problemi.<\/li>\n<p>Informazioni importanti sulla restituzione:<\/p>\n<li>Se decidete di restituire l&#8217;ordine o di richiedere un rimborso, sappiate che le tasse e i dazi pagati per vostro conto secondo i termini del DDP non possono essere rimborsati.<\/li>\n<p>Per informazioni dettagliate, consultare i nostri <a href=\"https:\/\/gpdstore.net\/it\/terms-of-service\/\" target=\"_blank\" rel=\"nofollow noopener\">Termini e condizioni<\/a>.\n<\/ul>\n<p>[\/cg_accordion]\n[cg_accordion title=\"ASSISTENZA CLIENTI\"]<\/p>\n<p>Avete una domanda? Basta un breve messaggio per risolvere il vostro problema!<br \/>\n[\/cg_accordion]\n[cg_accordion title=\"COSA \u00c8 INCLUSO\"]<\/p>\n<ul>\n<li>1x BiWIN 2230 NVMe<\/li>\n<\/ul>\n<p>[\/cg_accordion]\n","protected":false},"featured_media":7563,"template":"","meta":{"_acf_changed":false},"product_brand":[],"product_cat":[1327],"product_tag":[3943],"woo-feed-brand":[],"class_list":{"0":"post-7557","1":"product","2":"type-product","3":"status-publish","4":"has-post-thumbnail","6":"product_cat-accessori","7":"product_tag-hardware-it-2","8":"product_shipping_class-low-end","9":"pa_accessory-type-add-on","11":"first","12":"outofstock","13":"sold-individually","14":"taxable","15":"shipping-taxable","16":"purchasable","17":"product-type-simple"},"acf":[],"aioseo_notices":[],"_links":{"self":[{"href":"https:\/\/gpdstore.net\/it\/wp-json\/wp\/v2\/product\/7557","targetHints":{"allow":["GET"]}}],"collection":[{"href":"https:\/\/gpdstore.net\/it\/wp-json\/wp\/v2\/product"}],"about":[{"href":"https:\/\/gpdstore.net\/it\/wp-json\/wp\/v2\/types\/product"}],"wp:featuredmedia":[{"embeddable":true,"href":"https:\/\/gpdstore.net\/it\/wp-json\/wp\/v2\/media\/7563"}],"wp:attachment":[{"href":"https:\/\/gpdstore.net\/it\/wp-json\/wp\/v2\/media?parent=7557"}],"wp:term":[{"taxonomy":"product_brand","embeddable":true,"href":"https:\/\/gpdstore.net\/it\/wp-json\/wp\/v2\/product_brand?post=7557"},{"taxonomy":"product_cat","embeddable":true,"href":"https:\/\/gpdstore.net\/it\/wp-json\/wp\/v2\/product_cat?post=7557"},{"taxonomy":"product_tag","embeddable":true,"href":"https:\/\/gpdstore.net\/it\/wp-json\/wp\/v2\/product_tag?post=7557"},{"taxonomy":"woo-feed-brand","embeddable":true,"href":"https:\/\/gpdstore.net\/it\/wp-json\/wp\/v2\/woo-feed-brand?post=7557"}],"curies":[{"name":"wp","href":"https:\/\/api.w.org\/{rel}","templated":true}]}}