{"id":7473,"date":"2023-03-26T17:20:14","date_gmt":"2023-03-26T17:20:14","guid":{"rendered":"https:\/\/gpdstore.net\/senza-categoria\/pc-portatile-da-gioco-gpd-win-max-2\/"},"modified":"2026-04-02T03:46:36","modified_gmt":"2026-04-02T03:46:36","slug":"gpd-win-max-2","status":"publish","type":"product","link":"https:\/\/gpdstore.net\/it\/product\/gpd-win-max-2\/","title":{"rendered":"PC portatile da gioco GPD WIN MAX 2"},"content":{"rendered":"\n<p>GPD WIN MAX 2, disponibile presso il GPD Store, \u00e8 un impressionante Ultrabook che combina lavoro e gioco in un unico dispositivo. Questo PC portatile da gioco vanta un processore AMD Ryzen 7 6800U ad alte prestazioni con otto core e sedici thread, in grado di raggiungere fino a 4,7GHz con un TDP configurabile di 15W-28W. L&#8217;AMD Radeon 680M fornisce fino a 2,2GHz di potenza, garantendo una visualizzazione fluida sul display touchscreen IPS da 10,1&#8243;.  <\/p>\n\n<p>Con dimensioni compatte di 8,9 x 6,2 x 0,9 pollici (22,7 \u00d7 16,0 \u00d7 2,3 cm) e un peso di poco superiore al chilogrammo, GPD WIN MAX 2 \u00e8 estremamente portatile e pu\u00f2 essere facilmente inserito in una borsa o in una custodia per laptop. Questo PC portatile da gioco supporta fino a 32GB di RAM LPDDR5-6400 MT\/s e fino a 2TB di SSD, con uno slot aggiuntivo sul retro per un massimo di 2TB m.2 SSD PCIe 3.0.<\/p>\n\n<p>Il GPD WIN MAX 2 \u00e8 inoltre dotato di controlli di gioco completi, tra cui doppi stick analogici con sensore a effetto hall, un D-Pad da gioco e grilletti a effetto hall. Sul retro ci sono anche due pulsanti aggiuntivi che possono essere configurati a tuo piacimento. Questo Ultrabook vanta anche il veloce WiFi 6 e il Bluetooth 5.2, con supporto 4G LTE opzionale per i dati mobili.<\/p>\n\n<p>GPD WIN MAX 2 \u00e8 alimentato da una batteria ai polimeri di litio da 67Wh, che garantisce fino a 14 ore di utilizzo leggero, 6-8 ore di utilizzo moderato e 3 ore di utilizzo intenso. Inoltre, grazie alla porta Thunderbolt 4, puoi collegare una scheda grafica esterna (eGPU) per ottenere prestazioni ancora pi\u00f9 elevate. C&#8217;\u00e8 anche un HDMI 2.1 integrato per la visualizzazione a doppio monitor.<\/p>\n\n<p>Nel complesso, GPD WIN MAX 2 \u00e8 un eccezionale PC portatile da gioco che passa senza problemi dal lavoro al gioco, con un&#8217;ottima durata della batteria. Sia che tu stia lavorando a documenti d&#8217;ufficio impegnativi o che tu ti stia dedicando ai tuoi giochi AAA preferiti, questo Ultrabook ti copre.<\/p>\n\n<p><\/p>\n","protected":false},"excerpt":{"rendered":"<ul>\n<li>AMD <strong>Ryzen 7 6800U<\/strong> @2,7GHz TDP 15-28W<\/li>\n<li>AMD Radeon 680M <strong>12 CUs @2200 MHz<\/strong><\/li>\n<li><strong>fino a 32GB LPDDR5-6400 MT\/s<\/strong><\/li>\n<li><strong>fino a 2 TB<\/strong> High-Speed PCI-E <strong>NVMe<\/strong> SSD<\/li>\n<li>Supporto WiFi 6 e Bluetooth <strong>5.2<\/strong>  <\/li>\n<\/ul>\n[cg_accordion title=\"INFO SUL PAGAMENTO\"]<\/p>\n<p>Utilizziamo la pi\u00f9 recente tecnologia di elaborazione dei pagamenti, che consente di effettuare il checkout tramite carta di debito\/credito o PayPal per un&#8217;esperienza rapida e sicura.[\/cg_accordion]\n[cg_accordion title=\"GARANZIA\"]<\/p>\n<p>2 anni di garanzia da parte di <a href=\"https:\/\/droix.net\/\" target=\"_blank\" rel=\"nofollow noopener\">DROIX Global<\/a> per la vostra tranquillit\u00e0[\/cg_accordion]\n[cg_accordion title=\"PREZZI, TASSE E SPEDIZIONE\"]<\/p>\n<p><strong><u>Nota:<\/u><\/strong><\/p>\n<ul>\n<li>Clienti degli Stati Uniti: Il prezzo esposto non include tasse e imposte. La responsabilit\u00e0 dello sdoganamento e del pagamento di eventuali tasse\/dazi \u00e8 a carico del cliente. <\/li>\n<li>Clienti UE: Il prezzo visualizzato include l&#8217;imposta applicabile, che pu\u00f2 arrivare al 25% a seconda del paese.<\/li>\n<li>Clienti del Canada: Il prezzo visualizzato \u00e8 comprensivo delle imposte applicabili, che possono includere il 5% di GST e ulteriori imposte provinciali sulle vendite (PST), l&#8217;imposta sulle vendite armonizzata (HST) o l&#8217;imposta sulle vendite del Quebec (QST), a seconda della provincia di appartenenza.<\/li>\n<\/ul>\n<p><strong>Solo per i clienti dell&#8217;UE:<\/strong> Express DDP (Delivered Duty Paid). Ci\u00f2 significa che: <\/p>\n<ul>\n<li>Tutti i dazi doganali e le tasse sono inclusi nel prezzo visualizzato nella pagina del prodotto.<\/li>\n<li>Non dovrete pagare alcun costo aggiuntivo alla consegna.<\/li>\n<li>Nel raro caso di problemi doganali, il nostro team si occuper\u00e0 del processo di sdoganamento per conto vostro per garantire una consegna senza problemi.<\/li>\n<p>Informazioni importanti sulla restituzione:<\/p>\n<li>Se decidete di restituire l&#8217;ordine o di richiedere un rimborso, sappiate che le tasse e i dazi pagati per vostro conto secondo i termini del DDP non possono essere rimborsati.<\/li>\n<p>Per informazioni dettagliate, consultare i nostri <a href=\"https:\/\/droix.net\/terms-and-conditions\/\" target=\"_blank\" rel=\"nofollow noopener\">Termini e condizioni<\/a>.\n<\/ul>\n<p>[\/cg_accordion]\n[cg_accordion title=\"ASSISTENZA CLIENTI\"]<\/p>\n<p>Avete una domanda? Basta un breve messaggio per risolvere il vostro problema! <\/p>\n<p>Per informazioni dettagliate, consultare i nostri <a href=\"https:\/\/gpdstore.net\/it\/terms-of-service\/\" target=\"_blank\" rel=\"nofollow noopener\">Termini e condizioni<\/a>.\n<\/ul>\n<p>[\/cg_accordion]\n[cg_accordion title=\"COSA \u00c8 INCLUSO\"]<\/p>\n<ul>\n<li>1x GPD WIN MAX 2<\/li>\n<li>1 adattatore di alimentazione<\/li>\n<li>1 cavo USB Tipo-C<\/li>\n<li>1 manuale d&#8217;uso<\/li>\n<\/ul>\n<p>[\/cg_accordion]\n","protected":false},"featured_media":7475,"template":"","meta":{"_acf_changed":false},"product_brand":[],"product_cat":[2035],"product_tag":[2261],"woo-feed-brand":[1093],"class_list":{"0":"post-7473","1":"product","2":"type-product","3":"status-publish","4":"has-post-thumbnail","6":"product_cat-pc-portatile-gpd-per-il-gioco","7":"product_tag-gpd-win-max-2-it","8":"product_shipping_class-premium","9":"pa_bluetooth-5-2-it","10":"pa_display-type-h-ips-it","11":"pa_graphics-gpu-model-radeon-680m-it","12":"pa_i-o-video-1x-hdmi-2-1-it","13":"pa_i-o-video-tramite-1x-usb-4-0-type-c-40gb-s","14":"pa_memory-ram-capacity-16gb-it","15":"pa_memory-ram-capacity-32-gb-it","16":"pa_memory-ram-technology-lpddr5-it","17":"pa_storage-capacity-1tb-it","18":"pa_storage-capacity-2tb-it","19":"pa_wi-fi-wi-fi-6-it","20":"woo-feed-brand-gpd-it","22":"first","23":"outofstock","24":"taxable","25":"shipping-taxable","26":"purchasable","27":"product-type-variable","28":"has-default-attributes"},"acf":[],"aioseo_notices":[],"_links":{"self":[{"href":"https:\/\/gpdstore.net\/it\/wp-json\/wp\/v2\/product\/7473","targetHints":{"allow":["GET"]}}],"collection":[{"href":"https:\/\/gpdstore.net\/it\/wp-json\/wp\/v2\/product"}],"about":[{"href":"https:\/\/gpdstore.net\/it\/wp-json\/wp\/v2\/types\/product"}],"wp:featuredmedia":[{"embeddable":true,"href":"https:\/\/gpdstore.net\/it\/wp-json\/wp\/v2\/media\/7475"}],"wp:attachment":[{"href":"https:\/\/gpdstore.net\/it\/wp-json\/wp\/v2\/media?parent=7473"}],"wp:term":[{"taxonomy":"product_brand","embeddable":true,"href":"https:\/\/gpdstore.net\/it\/wp-json\/wp\/v2\/product_brand?post=7473"},{"taxonomy":"product_cat","embeddable":true,"href":"https:\/\/gpdstore.net\/it\/wp-json\/wp\/v2\/product_cat?post=7473"},{"taxonomy":"product_tag","embeddable":true,"href":"https:\/\/gpdstore.net\/it\/wp-json\/wp\/v2\/product_tag?post=7473"},{"taxonomy":"woo-feed-brand","embeddable":true,"href":"https:\/\/gpdstore.net\/it\/wp-json\/wp\/v2\/woo-feed-brand?post=7473"}],"curies":[{"name":"wp","href":"https:\/\/api.w.org\/{rel}","templated":true}]}}