{"id":7448,"date":"2023-03-24T18:47:23","date_gmt":"2023-03-24T18:47:23","guid":{"rendered":"https:\/\/gpdstore.net\/senza-categoria\/pc-portatile-da-gioco-gpd-win-4\/"},"modified":"2025-12-23T10:35:43","modified_gmt":"2025-12-23T10:35:43","slug":"gpd-win-4","status":"publish","type":"product","link":"https:\/\/gpdstore.net\/it\/product\/gpd-win-4\/","title":{"rendered":"PC portatile da gioco GPD WIN 4"},"content":{"rendered":"\n<p>Se siete giocatori accaniti che amano portare il gioco in giro, sarete entusiasti di conoscere l&#8217;ultimo PC portatile da gioco di GPD, GPD WIN 4. Grazie alle sue dimensioni compatte e alle potenti specifiche tecniche, questo dispositivo \u00e8 in grado di stupire anche i giocatori pi\u00f9 esigenti. <\/p>\n\n<p>Con soli 8,6 x 3,6 x 1,10 pollici (22,0 \u00d7 9,2 \u00d7 2,8 cm) e un peso di circa 570 g, GPD WIN 4 \u00e8 incredibilmente portatile. \u00c8 ancora pi\u00f9 piccolo del suo predecessore, GPD WIN 3, il che lo rende facile da infilare in una piccola borsa o nella tasca della giacca e da portare con s\u00e9 ovunque. <\/p>\n\n<p>Una delle caratteristiche principali di GPD WIN 4 \u00e8 il suo processore AMD Ryzen 7 6800U con otto core e sedici thread, che pu\u00f2 raggiungere i 4,7 GHz a 28 W TDP. Questo, insieme alla Radeon 680M fino a 2,2 Ghz, permette di giocare senza problemi ai pi\u00f9 recenti giochi AAA per Windows su questo PC portatile a impostazioni giocabili. Che siate amanti degli sparatutto in prima persona, dei giochi di ruolo o delle simulazioni sportive, GPD WIN 4 \u00e8 la soluzione che fa per voi.  <\/p>\n\n<p>In termini di memoria e archiviazione, GPD WIN 4 offre una scelta di 16GB o 32GB di RAM LPDDR5-6400 MT e fino a 2TB di veloce SSD che supporta fino a M.2 PCIe 4.0 NVMe 2280 SSD. Ci\u00f2 significa che avrete a disposizione molto spazio per archiviare i vostri giochi e altri file e, grazie alle velocit\u00e0 di lettura e scrittura fulminee di SSD, non dovrete attendere a lungo il caricamento dei vostri giochi.  <\/p>\n\n<p>Il GPD WIN 4 vanta anche una veloce connettivit\u00e0 wireless con WiFi 802.11 a\/b\/g\/n\/ac\/ax e Bluetooth 5.2. E se siete in viaggio e avete bisogno di accedere a Internet, potete acquistare un modulo collegabile venduto separatamente che supporta le schede nano-sim 4G LTE per i dati mobili. <\/p>\n\n<p>Il dispositivo \u00e8 dotato di un touchscreen HIPS da 6 pollici con una risoluzione nativa di 1920&#215;1080, che supporta sia 40 Hz che 60 Hz per una frequenza di fotogrammi configurabile. Questo garantisce che i giochi pi\u00f9 vecchi funzionino senza problemi su GPD WIN 4, senza i problemi di rotazione dello schermo che possono verificarsi con altri palmari. <\/p>\n\n<p>GPD WIN 4 offre anche un impressionante schema di controllo e design che ricorda la PSP di Sony, con joystick a doppio sensore di Hall, D-pad in stile classico e pulsanti analogici lineari con illuminazione a LED. Inoltre, sul retro del dispositivo sono presenti due pulsanti personalizzabili, che consentono di impostare i controlli a proprio piacimento. <\/p>\n\n<p>Se volete spingere ancora di pi\u00f9 le prestazioni di GPD WIN 4, potete collegare una scheda grafica esterna (eGPU) tramite la porta USB 4 ad alta velocit\u00e0, che supporta fino a 40Gbps. Il dispositivo dispone anche di una porta USB 3.2 Gen 2 per i dati e la ricarica, nonch\u00e9 di una porta USB Type-A per periferiche aggiuntive. <\/p>\n\n<p>Con una batteria ai polimeri di litio da 45,62Wh, GPD WIN 4 pu\u00f2 durare fino a 10 ore con un uso leggero, da 3 a 6 ore con un uso moderato e circa 2 ore con un uso intenso. Ci\u00f2 significa che potrete giocare ai vostri giochi preferiti anche in viaggio senza preoccuparvi di rimanere a corto di energia. <\/p>\n\n<p>In conclusione, GPD WIN 4 \u00e8 un potente computer portatile perfetto per i giochi in movimento. Sia che stiate andando al lavoro, viaggiando o semplicemente rilassandovi a casa, questo PC portatile vi regaler\u00e0 ore di divertimento. Quindi, perch\u00e9 non prenderne uno oggi e provare l&#8217;esperienza di un gioco AAA di alto livello?  <\/p>\n","protected":false},"excerpt":{"rendered":"<ul>\n<li><strong>AMD Ryzen 7 6800U<\/strong> \/ AMD Radeon 680M<\/li>\n<li><strong>fino a 32 GB<\/strong> LPDDR5 a 6400 MT\/s<\/li>\n<li>SSD PCI-E <strong>M.2<\/strong> 2280 ad alta velocit\u00e0 <strong>fino a 2TB<\/strong> <\/li>\n<li>Display touchscreen <strong>da 6&#8243; con tecnologia IPS<\/strong> <\/li>\n<li>Supporto <strong>WiFi 6<\/strong> e <strong>Bluetooth 5.2<\/strong>  <\/li>\n<\/ul>\n<p><img fetchpriority=\"high\" decoding=\"async\" src=\"https:\/\/gpdstore.net\/wp-content\/uploads\/2024\/03\/WIN-4-FREE-GIFTS.jpg\" alt=\"\" width=\"2000\" height=\"500\" class=\"alignnone size-full wp-image-4175\" srcset=\"https:\/\/gpdstore.net\/wp-content\/uploads\/2024\/03\/WIN-4-FREE-GIFTS.jpg 2000w, https:\/\/gpdstore.net\/wp-content\/uploads\/2024\/03\/WIN-4-FREE-GIFTS-600x150.jpg 600w, https:\/\/gpdstore.net\/wp-content\/uploads\/2024\/03\/WIN-4-FREE-GIFTS-1200x300.jpg 1200w, https:\/\/gpdstore.net\/wp-content\/uploads\/2024\/03\/WIN-4-FREE-GIFTS-768x192.jpg 768w, https:\/\/gpdstore.net\/wp-content\/uploads\/2024\/03\/WIN-4-FREE-GIFTS-1536x384.jpg 1536w, https:\/\/gpdstore.net\/wp-content\/uploads\/2024\/03\/WIN-4-FREE-GIFTS-360x90.jpg 360w, https:\/\/gpdstore.net\/wp-content\/uploads\/2024\/03\/WIN-4-FREE-GIFTS-990x248.jpg 990w, https:\/\/gpdstore.net\/wp-content\/uploads\/2024\/03\/WIN-4-FREE-GIFTS-441x110.jpg 441w, https:\/\/gpdstore.net\/wp-content\/uploads\/2024\/03\/WIN-4-FREE-GIFTS-150x38.jpg 150w\" sizes=\"(max-width: 2000px) 100vw, 2000px\" \/><\/p>\n[cg_accordion title=\"INFO SUL PAGAMENTO\"]<\/p>\n<p>Utilizziamo la pi\u00f9 recente tecnologia di elaborazione dei pagamenti, che consente di effettuare il checkout tramite carta di debito\/credito o PayPal per un&#8217;esperienza rapida e sicura.[\/cg_accordion]\n[cg_accordion title=\"GARANZIA\"]<\/p>\n<p>2 anni di garanzia da parte di <a href=\"https:\/\/droix.net\/\" target=\"_blank\" rel=\"nofollow noopener\">DROIX Global<\/a> per la vostra tranquillit\u00e0[\/cg_accordion]\n[cg_accordion title=\"GARANZIA DI QUALIT\u00c0 E TEST PRE-SPEDIZIONE\"]<\/p>\n<p>Garantire la soddisfazione del cliente ai massimi livelli: Ogni dispositivo viene sottoposto a test rigorosi e a un controllo di qualit\u00e0 in pi\u00f9 punti prima di essere spedito. Il nostro team dedicato verifica le prestazioni, la funzionalit\u00e0 e l&#8217;integrit\u00e0 dei componenti per garantire che il tuo dispositivo GPD sia perfettamente funzionante al momento dell&#8217;arrivo, offrendoti fiducia e tranquillit\u00e0. [\/cg_accordion]\n[cg_accordion title=\"PREZZI, TASSE E SPEDIZIONE\"]<\/p>\n<p><strong><u>Nota:<\/u><\/strong><\/p>\n<ul>\n<li>Clienti degli Stati Uniti: Il prezzo esposto non include tasse e imposte. La responsabilit\u00e0 dello sdoganamento e del pagamento di eventuali tasse\/dazi \u00e8 a carico del cliente. <\/li>\n<li>Clienti UE: Il prezzo visualizzato include l&#8217;imposta applicabile, che pu\u00f2 arrivare al 25% a seconda del paese.<\/li>\n<li>Clienti del Canada: Il prezzo visualizzato \u00e8 comprensivo delle imposte applicabili, che possono includere il 5% di GST e ulteriori imposte provinciali sulle vendite (PST), l&#8217;imposta sulle vendite armonizzata (HST) o l&#8217;imposta sulle vendite del Quebec (QST), a seconda della provincia di appartenenza.<\/li>\n<\/ul>\n<p><strong>Solo per i clienti dell&#8217;UE:<\/strong> Express DDP (Delivered Duty Paid). Ci\u00f2 significa che: <\/p>\n<ul>\n<li>Tutti i dazi doganali e le tasse sono inclusi nel prezzo visualizzato nella pagina del prodotto.<\/li>\n<li>Non dovrete pagare alcun costo aggiuntivo alla consegna.<\/li>\n<li>Nel raro caso di problemi doganali, il nostro team si occuper\u00e0 del processo di sdoganamento per conto vostro per garantire una consegna senza problemi.<\/li>\n<p>Informazioni importanti sulla restituzione:<\/p>\n<li>Se decidete di restituire l&#8217;ordine o di richiedere un rimborso, sappiate che le tasse e i dazi pagati per vostro conto secondo i termini del DDP non possono essere rimborsati.<\/li>\n<p>Per informazioni dettagliate, consultare i nostri <a href=\"https:\/\/droix.net\/terms-and-conditions\/\" target=\"_blank\" rel=\"nofollow noopener\">Termini e condizioni<\/a>.\n<\/ul>\n<p>[\/cg_accordion]\n[cg_accordion title=\"ASSISTENZA CLIENTI\"]<\/p>\n<p>Avete una domanda? Basta un breve messaggio per risolvere il vostro problema! <\/p>\n<p>Per informazioni dettagliate, consultare i nostri <a href=\"https:\/\/gpdstore.net\/it\/terms-of-service\/\" target=\"_blank\" rel=\"nofollow noopener\">Termini e condizioni<\/a>.\n<\/ul>\n<p>[\/cg_accordion]\n[cg_accordion title=\"COSA \u00c8 INCLUSO\"]<\/p>\n<ul>\n<li>1x GPD WIN 4<\/li>\n<li>1 adattatore di alimentazione<\/li>\n<li>1 cavo USB Tipo-C<\/li>\n<li>1 manuale d&#8217;uso<\/li>\n<\/ul>\n<p>[\/cg_accordion]\n","protected":false},"featured_media":7449,"template":"","meta":{"_acf_changed":false},"product_brand":[],"product_cat":[2035],"product_tag":[3896,3703],"woo-feed-brand":[1093],"class_list":{"0":"post-7448","1":"product","2":"type-product","3":"status-publish","4":"has-post-thumbnail","6":"product_cat-pc-portatile-gpd-per-il-gioco","7":"product_tag-10gpdsale-it","8":"product_tag-gpd-win-4-it","9":"product_shipping_class-premium","10":"pa_bluetooth-5-2-it","11":"pa_display-type-h-ips-it","12":"pa_graphics-gpu-model-radeon-680m-it","13":"pa_i-o-video-tramite-1x-usb-4-0-type-c-40gb-s","14":"pa_memory-ram-capacity-16gb-it","15":"pa_memory-ram-capacity-32-gb-it","16":"pa_memory-ram-technology-lpddr5-it","17":"pa_processor-cpu-model-ryzen-7-6800u","18":"pa_storage-capacity-512-gb-it","19":"pa_storage-capacity-1tb-it","20":"pa_storage-capacity-2tb-it","21":"pa_wi-fi-wi-fi-6-it","22":"woo-feed-brand-gpd-it","24":"first","25":"outofstock","26":"sale","27":"taxable","28":"shipping-taxable","29":"purchasable","30":"product-type-variable","31":"has-default-attributes"},"acf":[],"aioseo_notices":[],"_links":{"self":[{"href":"https:\/\/gpdstore.net\/it\/wp-json\/wp\/v2\/product\/7448","targetHints":{"allow":["GET"]}}],"collection":[{"href":"https:\/\/gpdstore.net\/it\/wp-json\/wp\/v2\/product"}],"about":[{"href":"https:\/\/gpdstore.net\/it\/wp-json\/wp\/v2\/types\/product"}],"wp:featuredmedia":[{"embeddable":true,"href":"https:\/\/gpdstore.net\/it\/wp-json\/wp\/v2\/media\/7449"}],"wp:attachment":[{"href":"https:\/\/gpdstore.net\/it\/wp-json\/wp\/v2\/media?parent=7448"}],"wp:term":[{"taxonomy":"product_brand","embeddable":true,"href":"https:\/\/gpdstore.net\/it\/wp-json\/wp\/v2\/product_brand?post=7448"},{"taxonomy":"product_cat","embeddable":true,"href":"https:\/\/gpdstore.net\/it\/wp-json\/wp\/v2\/product_cat?post=7448"},{"taxonomy":"product_tag","embeddable":true,"href":"https:\/\/gpdstore.net\/it\/wp-json\/wp\/v2\/product_tag?post=7448"},{"taxonomy":"woo-feed-brand","embeddable":true,"href":"https:\/\/gpdstore.net\/it\/wp-json\/wp\/v2\/woo-feed-brand?post=7448"}],"curies":[{"name":"wp","href":"https:\/\/api.w.org\/{rel}","templated":true}]}}