{"id":6886,"date":"2024-08-22T08:22:33","date_gmt":"2024-08-22T08:22:33","guid":{"rendered":"https:\/\/gpdstore.net\/senza-categoria\/gpd-p2-max-2022-mini-laptop\/"},"modified":"2025-12-23T10:06:49","modified_gmt":"2025-12-23T10:06:49","slug":"gpd-p2-max-2022-mini-laptop","status":"publish","type":"product","link":"https:\/\/gpdstore.net\/it\/product\/gpd-p2-max-2022-mini-laptop\/","title":{"rendered":"GPD P2 Max 2022 Mini Laptop"},"content":{"rendered":"\n<figure class=\"wp-block-image aligncenter\"><a href=\"https:\/\/droix.net\/wp-content\/uploads\/2022\/01\/GPD-P2-MAX-2022-MARKETING-IMAGE-1.png\"><img decoding=\"async\" src=\"https:\/\/droix.net\/wp-content\/uploads\/2022\/01\/GPD-P2-MAX-2022-MARKETING-IMAGE-1.png\" alt=\"GPD P2 Max 2022 Ultrabook con stilo\" class=\"wp-image-10581\"\/><\/a><\/figure>\n\n<figure class=\"wp-block-image aligncenter\"><a href=\"https:\/\/droix.net\/wp-content\/uploads\/2022\/01\/GPD-P2-MAX-2022-MARKETING-IMAGE-2.png\"><img decoding=\"async\" src=\"https:\/\/droix.net\/wp-content\/uploads\/2022\/01\/GPD-P2-MAX-2022-MARKETING-IMAGE-2.png\" alt=\"GPD P2 Max 2022 Ultrabook con tastiera\" class=\"wp-image-10582\"\/><\/a><\/figure>\n\n<figure class=\"wp-block-image aligncenter\"><a href=\"https:\/\/droix.net\/wp-content\/uploads\/2022\/01\/GPD-P2-MAX-2022-MARKETING-IMAGE-3.png\"><img decoding=\"async\" src=\"https:\/\/droix.net\/wp-content\/uploads\/2022\/01\/GPD-P2-MAX-2022-MARKETING-IMAGE-3.png\" alt=\"GPD P2 Max Ultrabook del 2022 con sensore di impronte digitali\" class=\"wp-image-10583\"\/><\/a><\/figure>\n\n<figure class=\"wp-block-image aligncenter\"><a href=\"https:\/\/droix.net\/wp-content\/uploads\/2022\/01\/GPD-P2-MAX-2022-MARKETING-IMAGE-4.png\"><img decoding=\"async\" src=\"https:\/\/droix.net\/wp-content\/uploads\/2022\/01\/GPD-P2-MAX-2022-MARKETING-IMAGE-4.png\" alt=\"GPD P2 Max 2022 Ultrabook con processore\" class=\"wp-image-10584\"\/><\/a><\/figure>\n\n<figure class=\"wp-block-image aligncenter\"><a href=\"https:\/\/droix.net\/wp-content\/uploads\/2022\/01\/GPD-P2-MAX-2022-MARKETING-IMAGE-5.png\"><img decoding=\"async\" src=\"https:\/\/droix.net\/wp-content\/uploads\/2022\/01\/GPD-P2-MAX-2022-MARKETING-IMAGE-5.png\" alt=\"GPD P2 Max 2022 Ultrabook che mostra l'usb c\" class=\"wp-image-10585\"\/><\/a><\/figure>\n\n<p><span data-contrast=\"none\">\u00c8 arrivato il refresh di un popolare ultrabook! Il modello <strong>GPD P2 Max 2022<\/strong> si presenta con una serie di aggiornamenti che lo rendono sempre attuale e al passo con i tempi! \u00c8 il compagno perfetto per i lunghi spostamenti, per gli scrittori in viaggio e per tutte le altre situazioni.  <\/span><\/p>\n\n<p><span data-contrast=\"none\">Il cuore del <strong>P2 Max 2022<\/strong> \u00e8 l&#8217;Intel Pentium N6000. Questo processore quad-core combina efficienza energetica e prestazioni di tutto rispetto. Gestisce comodamente tutti i compiti quotidiani che gli vengono affidati.  <\/span><\/p>\n\n<p><span data-contrast=\"none\"><strong>16 GB di RAM LPDDR4x<\/strong> garantiscono prestazioni stabili e affidabili durante il multitasking e la produzione\/editing di contenuti. Se a questo si aggiunge <strong>1 TB di<\/strong> storage <strong>NVMe ad alta velocit\u00e0<\/strong>, si ottiene una workstation estremamente flessibile e portatile. <\/span><\/p>\n\n<p><span data-contrast=\"none\">L&#8217;ampio <strong>display da 8,9 pollici<\/strong> vanta un&#8217;incredibile risoluzione di 2560x1600p, per offrirti immagini nitide e chiare per tutti i tuoi spettacoli, foto, video e altro ancora. Questo display \u00e8 anche <strong>sensibile al tocco<\/strong> e pu\u00f2 essere utilizzato anche con le stilo! <\/span><\/p>\n\n<p><span data-contrast=\"none\">In termini di connettivit\u00e0, questo <strong>Mini Laptop<\/strong> ne ha a sufficienza senza essere troppo ingombrante. Con due porte USB di tipo A, una porta USB di tipo C, un jack audio da 3,5 mm e una porta USB di tipo B.   <\/span><strong><span data-contrast=\"none\">e<\/span><\/strong><span data-contrast=\"none\">  una porta Micro HDMI, il P2 Max 2022 \u00e8 comodo sia sulle vostre ginocchia che attaccato a una docking station! Per chi preferisce la connettivit\u00e0 wireless, <strong>GPD P2 Max 2022<\/strong> \u00e8 dotato di Wi-Fi 6 per la massima velocit\u00e0 e stabilit\u00e0 della rete. <\/span>.<\/p>\n\n<p><\/p>\n","protected":false},"excerpt":{"rendered":"<ul>\n<li>Processore Intel\u00ae Pentium\u00ae Silver N6000<\/li>\n<li><strong>16GB di RAM LPDDR4x<\/strong> a 2933Mhz<\/li>\n<li><strong>Display touchscreen da 8,9&#8243; \/ Scanner di impronte digitali<\/strong><\/li>\n<li><strong>1 TB<\/strong> di PCI-E NVMe SSD<\/li>\n<li>Compatibile con <strong>Windows 11<\/strong><\/li>\n<\/ul>\n<p> [cg_accordion title=\"INFO SUL PAGAMENTO\"] Utilizziamo la pi\u00f9 recente tecnologia di elaborazione dei pagamenti, che consente di effettuare il checkout tramite Apple Pay, Google Pay, carta di debito\/credito, PayPal o metodi BNPL come Klarna, Affirm o AfterPay per un&#8217;esperienza veloce e sicura.[\/cg_accordion] [cg_accordion title=\"GARANZIA\"] 2 anni di garanzia da parte di <a href=\"https:\/\/droix.net\/\" target=\"_blank\" rel=\"nofollow noopener\">DROIX Global<\/a> per la vostra tranquillit\u00e0.[\/cg_accordion] [cg_accordion title=\"PRICING, TAXES AND SHIPPING\"] <strong><u>Nota:<\/u><\/strong><\/p>\n<ul>\n<li>Clienti degli Stati Uniti: Il prezzo esposto non include tasse e imposte. La responsabilit\u00e0 dello sdoganamento e del pagamento di eventuali tasse\/dazi \u00e8 a carico del cliente. <\/li>\n<li>Clienti UE: Il prezzo visualizzato include l&#8217;imposta applicabile, che pu\u00f2 arrivare al 25% a seconda del paese.<\/li>\n<li>Clienti del Canada: Il prezzo visualizzato \u00e8 comprensivo delle imposte applicabili, che possono includere il 5% di GST e ulteriori imposte provinciali sulle vendite (PST), l&#8217;imposta sulle vendite armonizzata (HST) o l&#8217;imposta sulle vendite del Quebec (QST), a seconda della provincia di appartenenza.<\/li>\n<\/ul>\n<p><strong>Solo per i clienti dell&#8217;UE:<\/strong> Express DDP (Delivered Duty Paid). Ci\u00f2 significa che: <\/p>\n<ul>\n<li style=\"list-style-type: none;\">\n<ul>\n<li>Tutti i dazi doganali e le tasse sono inclusi nel prezzo visualizzato nella pagina del prodotto.<\/li>\n<li>Non dovrete pagare alcun costo aggiuntivo alla consegna.<\/li>\n<li>Nel raro caso di problemi doganali, il nostro team si occuper\u00e0 del processo di sdoganamento per conto vostro per garantire una consegna senza problemi.<\/li>\n<p>Informazioni importanti sulla restituzione:<\/p>\n<li>Se decidete di restituire l&#8217;ordine o di richiedere un rimborso, sappiate che le tasse e i dazi pagati per vostro conto secondo i termini del DDP non possono essere rimborsati.<\/li>\n<p>Si prega di fare riferimento al nostro<\/ul>\n<\/li>\n<\/ul>\n<p><a href=\"https:\/\/gpdstore.net\/it\/terms-of-service\/\" target=\"_blank\" rel=\"nofollow noopener\">Termini e condizioni<\/a><\/p>\n<ul>per informazioni dettagliate.<\/ul>\n<p>[\/cg_accordion] [cg_accordion title=\"ASSISTENZA CLIENTI\"]  Avete una domanda? Basta un breve messaggio per risolvere il vostro problema!   [\/cg_accordion] [cg_accordion title=\"WHAT'S INCLUDED\"]<\/p>\n<ul>\n<li>1 cavo USB Tipo-C<\/li>\n<li>1 adattatore di alimentazione<\/li>\n<li>1 manuale d&#8217;uso<\/li>\n<\/ul>\n<p>[\/cg_accordion]<\/p>\n","protected":false},"featured_media":6888,"template":"","meta":{"_acf_changed":false},"product_brand":[],"product_cat":[1565,1090],"product_tag":[3463],"woo-feed-brand":[1093],"class_list":{"0":"post-6886","1":"product","2":"type-product","3":"status-publish","4":"has-post-thumbnail","6":"product_cat-computer-portatili","7":"product_cat-mini-computer-portatili-gpd","8":"product_tag-gpd-p2-max-it-2","9":"product_shipping_class-premium","10":"pa_bluetooth-5-it","11":"pa_brand-gpd","12":"pa_display-type-h-ips-it","13":"pa_graphics-gpu-model-grafica-intel-uhd","14":"pa_i-o-video-tramite-1x-usb-3-2-gen-2-type-c","15":"pa_memory-ram-capacity-16gb-it","16":"pa_memory-ram-technology-lpddr4x-it","17":"pa_storage-capacity-1tb-it","18":"pa_wi-fi-wi-fi-6-it","19":"woo-feed-brand-gpd-it","21":"first","22":"outofstock","23":"sale","24":"taxable","25":"shipping-taxable","26":"purchasable","27":"product-type-variable","28":"has-default-attributes"},"acf":[],"aioseo_notices":[],"_links":{"self":[{"href":"https:\/\/gpdstore.net\/it\/wp-json\/wp\/v2\/product\/6886","targetHints":{"allow":["GET"]}}],"collection":[{"href":"https:\/\/gpdstore.net\/it\/wp-json\/wp\/v2\/product"}],"about":[{"href":"https:\/\/gpdstore.net\/it\/wp-json\/wp\/v2\/types\/product"}],"wp:featuredmedia":[{"embeddable":true,"href":"https:\/\/gpdstore.net\/it\/wp-json\/wp\/v2\/media\/6888"}],"wp:attachment":[{"href":"https:\/\/gpdstore.net\/it\/wp-json\/wp\/v2\/media?parent=6886"}],"wp:term":[{"taxonomy":"product_brand","embeddable":true,"href":"https:\/\/gpdstore.net\/it\/wp-json\/wp\/v2\/product_brand?post=6886"},{"taxonomy":"product_cat","embeddable":true,"href":"https:\/\/gpdstore.net\/it\/wp-json\/wp\/v2\/product_cat?post=6886"},{"taxonomy":"product_tag","embeddable":true,"href":"https:\/\/gpdstore.net\/it\/wp-json\/wp\/v2\/product_tag?post=6886"},{"taxonomy":"woo-feed-brand","embeddable":true,"href":"https:\/\/gpdstore.net\/it\/wp-json\/wp\/v2\/woo-feed-brand?post=6886"}],"curies":[{"name":"wp","href":"https:\/\/api.w.org\/{rel}","templated":true}]}}