{"id":6755,"date":"2024-08-12T15:14:19","date_gmt":"2024-08-12T15:14:19","guid":{"rendered":"https:\/\/gpdstore.net\/senza-categoria\/hub-usb-droix-nh8-con-nvme\/"},"modified":"2025-12-23T10:14:12","modified_gmt":"2025-12-23T10:14:12","slug":"droix-nh8-nvme-usb-hub","status":"publish","type":"product","link":"https:\/\/gpdstore.net\/it\/product\/droix-nh8-nvme-usb-hub\/","title":{"rendered":"Hub USB DroiX NH8 con NVMe"},"content":{"rendered":"\n<h3 class=\"wp-block-heading\">Ti presentiamo l&#8217;hub DroiX NH8 con slot NVMe: la tua soluzione di connettivit\u00e0 definitiva!<\/h3>\n\n<h3 class=\"wp-block-heading\">Gigabit Ethernet veloce come un fulmine<\/h3>\n\n<p>Entra nel futuro della connettivit\u00e0 internet con l&#8217;hub DroiX NH8! Dotato di una robusta porta Gigabit Ethernet 10\/100\/1000M RJ45, questo hub offre una connessione internet veloce, stabile e ultra affidabile. Che tu stia giocando, trasmettendo in streaming o facendo una videochiamata importante, sperimenta le prestazioni fluide e prive di lag che solo una connessione cablata \u00e8 in grado di offrire. D\u00ec addio ai problemi del Wi-Fi e dai il benvenuto a un accesso costante ad alta velocit\u00e0!   <\/p>\n\n<h3 class=\"wp-block-heading\">Uscita video mozzafiato<\/h3>\n\n<p>Trasforma la tua esperienza visiva con il supporto HDMI 2.0 dell&#8217;hub DroiX NH8. Che tu stia guardando un film in 4K, presentandoti a un cliente o giocando ad alte risoluzioni, l&#8217;hub produce immagini straordinarie con una risoluzione di 4096&#215;2160 e una frequenza di aggiornamento di 60Hz. Preparati a essere affascinato dai colori vibranti e dai dettagli nitidi che ti faranno immergere in ogni fotogramma.  <\/p>\n\n<h3 class=\"wp-block-heading\">Espansione dello spazio di archiviazione senza sforzo<\/h3>\n\n<p>Sei a corto di spazio di archiviazione? L&#8217;hub DroiX NH8 ti copre. Grazie allo slot PCIe NVMe integrato, espandere lo spazio di archiviazione non \u00e8 mai stato cos\u00ec facile. Ideale per applicazioni ad alte prestazioni o per l&#8217;archiviazione di file di grandi dimensioni, questo slot supporta velocit\u00e0 di trasferimento dei dati incredibili, assicurando un funzionamento fluido ed efficiente del tuo sistema. Personalizza l&#8217;archiviazione in base alle tue esigenze e fai in modo che il tuo dispositivo funzioni al meglio.    <\/p>\n\n<h3 class=\"wp-block-heading\">Trasferimento dati ad alta velocit\u00e0<\/h3>\n\n<p>Hai bisogno di trasferire file di grandi dimensioni in un attimo? L&#8217;hub DroiX NH8 \u00e8 dotato di una porta USB Type-A 3.0 che offre una velocit\u00e0 di trasferimento dei dati rapidissima, rendendo la gestione dei file un gioco da ragazzi. Che si tratti di collegare periferiche, ricaricare dispositivi o spostare dati, questo hub garantisce che tutto avvenga in modo rapido ed efficiente, facendoti risparmiare tempo prezioso.  <\/p>\n\n<h3 class=\"wp-block-heading\">Compatibilit\u00e0 USB Type-C universale<\/h3>\n\n<p>L&#8217;hub DroiX NH8 \u00e8 dotato di un versatile cavo USB Type-C che offre una compatibilit\u00e0 universale con un&#8217;ampia gamma di dispositivi. Questo cavo all-in-one non solo supporta il trasferimento rapido dei dati ma anche una ricarica efficiente, rendendolo un compagno essenziale per le tue esigenze di connettivit\u00e0. Non dovrai pi\u00f9 armeggiare con pi\u00f9 cavi e potrai rimanere connesso con facilit\u00e0.  <\/p>\n\n<h3 class=\"wp-block-heading\">Accesso ai media senza soluzione di continuit\u00e0<\/h3>\n\n<p>Accedi e trasferisci i tuoi file multimediali senza fatica grazie al lettore di schede SD integrato nell&#8217;hub DroiX NH8. Grazie al supporto di schede Micro SD e SD, questa funzione ti permette di eseguire rapidamente il backup o l&#8217;accesso ai tuoi file, che si tratti di foto, video o documenti importanti. La comodit\u00e0 non \u00e8 mai stata cos\u00ec accessibile.  <\/p>\n\n<h3 class=\"wp-block-heading\">Versatilit\u00e0 senza pari<\/h3>\n\n<p>Ci\u00f2 che distingue veramente l&#8217;hub DroiX NH8 \u00e8 la sua impareggiabile versatilit\u00e0. Progettato per funzionare perfettamente con un&#8217;ampia gamma di dispositivi USB Type-C &#8211; che si tratti di PC, mini PC, laptop, dispositivi di gioco portatili o altro &#8211; questo hub si adatta alle tue esigenze, offrendo prestazioni di alto livello su tutta la linea. Non \u00e8 solo un hub, ma una vera e propria centrale di connettivit\u00e0.  <\/p>\n\n<h3 class=\"wp-block-heading\">Conclusione: Migliora la tua esperienza di connettivit\u00e0<\/h3>\n\n<p>L&#8217;hub DroiX NH8 \u00e8 pi\u00f9 di un semplice strumento di connettivit\u00e0: \u00e8 una soluzione completa progettata per soddisfare le diverse esigenze degli utenti tecnologici di oggi. Ogni caratteristica riflette un design superiore, prestazioni eccezionali e un approccio lungimirante alla connettivit\u00e0. Eleva la tua esperienza e trasforma il tuo modo di connetterti con l&#8217;hub DroiX NH8!  <\/p>\n\n<p>Per saperne di pi\u00f9, consulta la nostra guida <strong>&#8220;Come iniziare con l&#8217;hub USB Droix NH8<\/strong> &#8220;.<\/p>\n\n<p><\/p>\n","protected":false},"excerpt":{"rendered":"<ul>\n<li>Hub USB DroiX<strong> NH8 <\/strong>con NVMe<\/li>\n<li><strong>10\/100\/1000M<\/strong> Gigabit Ethernet<\/li>\n<li><strong>Slot PCIe NVMe integrato<\/strong> per l&#8217;espansione dell&#8217;archiviazione<\/li>\n<li><strong>Uscita display 4K<\/strong> via HDMI<\/li>\n<li><strong>Slot per schede MicroSD \/ SD<\/strong> &#8211; Fino a 5Gbps<\/li>\n<\/ul>\n[cg_accordion title=\"INFO SUL PAGAMENTO\"]<\/p>\n<p>Utilizziamo la pi\u00f9 recente tecnologia di elaborazione dei pagamenti, che consente di effettuare il checkout tramite carta di debito\/credito o PayPal per un&#8217;esperienza rapida e sicura.[\/cg_accordion]\n[cg_accordion title=\"GARANZIA\"]<\/p>\n<p>2 anni di garanzia da parte di <a href=\"https:\/\/droix.net\/\" target=\"_blank\" rel=\"nofollow noopener\">DROIX Global<\/a> per la vostra tranquillit\u00e0[\/cg_accordion]\n[cg_accordion title=\"GARANZIA DI QUALIT\u00c0 E TEST PRE-SPEDIZIONE\"]<\/p>\n<p>Garantire la soddisfazione del cliente ai massimi livelli: Ogni dispositivo viene sottoposto a test rigorosi e a un controllo di qualit\u00e0 in pi\u00f9 punti prima di essere spedito. Il nostro team dedicato verifica le prestazioni, la funzionalit\u00e0 e l&#8217;integrit\u00e0 dei componenti per garantire che il tuo dispositivo GPD sia perfettamente funzionante al momento dell&#8217;arrivo, offrendoti fiducia e tranquillit\u00e0. [\/cg_accordion]\n[cg_accordion title=\"PREZZI, TASSE E SPEDIZIONE\"]<\/p>\n<p><strong><u>Nota:<\/u><\/strong><\/p>\n<ul>\n<li>Clienti degli Stati Uniti: Il prezzo esposto non include tasse e imposte. La responsabilit\u00e0 dello sdoganamento e del pagamento di eventuali tasse\/dazi \u00e8 a carico del cliente. <\/li>\n<li>Clienti UE: Il prezzo visualizzato include l&#8217;imposta applicabile, che pu\u00f2 arrivare al 25% a seconda del paese.<\/li>\n<li>Clienti del Canada: Il prezzo visualizzato \u00e8 comprensivo delle imposte applicabili, che possono includere il 5% di GST e ulteriori imposte provinciali sulle vendite (PST), l&#8217;imposta sulle vendite armonizzata (HST) o l&#8217;imposta sulle vendite del Quebec (QST), a seconda della provincia di appartenenza.<\/li>\n<\/ul>\n<p><strong>Solo per i clienti dell&#8217;UE:<\/strong> Express DDP (Delivered Duty Paid). Ci\u00f2 significa che: <\/p>\n<ul>\n<li>Tutti i dazi doganali e le tasse sono inclusi nel prezzo visualizzato nella pagina del prodotto.<\/li>\n<li>Non dovrete pagare alcun costo aggiuntivo alla consegna.<\/li>\n<li>Nel raro caso di problemi doganali, il nostro team si occuper\u00e0 del processo di sdoganamento per conto vostro per garantire una consegna senza problemi.<\/li>\n<p>Informazioni importanti sulla restituzione:<\/p>\n<li>Se decidete di restituire l&#8217;ordine o di richiedere un rimborso, sappiate che le tasse e i dazi pagati per vostro conto secondo i termini del DDP non possono essere rimborsati.<\/li>\n<p>Per informazioni dettagliate, consultare i nostri <a href=\"https:\/\/droix.net\/terms-and-conditions\/\" target=\"_blank\" rel=\"nofollow noopener\">Termini e condizioni<\/a>.\n<\/ul>\n<p>[\/cg_accordion]\n[cg_accordion title=\"ASSISTENZA CLIENTI\"]<\/p>\n<p>Avete una domanda? Basta un breve messaggio per risolvere il vostro problema! <\/p>\n<p>Per informazioni dettagliate, consultare i nostri <a href=\"https:\/\/gpdstore.net\/it\/terms-of-service\/\" target=\"_blank\" rel=\"nofollow noopener\">Termini e condizioni<\/a>.\n<\/ul>\n<p>[\/cg_accordion]\n[cg_accordion title=\"COSA \u00c8 INCLUSO\"]<\/p>\n<ul>\n<li>1x Hub USB DroiX NH8 con NVMe<\/li>\n<\/ul>\n<p>[\/cg_accordion]\n","protected":false},"featured_media":17049,"template":"","meta":{"_acf_changed":false},"product_brand":[],"product_cat":[1327],"product_tag":[14805,3175],"woo-feed-brand":[2443],"class_list":{"0":"post-6755","1":"product","2":"type-product","3":"status-publish","4":"has-post-thumbnail","6":"product_cat-accessori","7":"product_tag-40xmsale-it","8":"product_tag-droix-hub-it","9":"product_shipping_class-low-end","10":"pa_brand-droix","11":"pa_i-o-video-1x-hdmi-it","12":"woo-feed-brand-droix-it","14":"first","15":"outofstock","16":"sale","17":"taxable","18":"shipping-taxable","19":"purchasable","20":"product-type-variable","21":"has-default-attributes"},"acf":[],"aioseo_notices":[],"_links":{"self":[{"href":"https:\/\/gpdstore.net\/it\/wp-json\/wp\/v2\/product\/6755","targetHints":{"allow":["GET"]}}],"collection":[{"href":"https:\/\/gpdstore.net\/it\/wp-json\/wp\/v2\/product"}],"about":[{"href":"https:\/\/gpdstore.net\/it\/wp-json\/wp\/v2\/types\/product"}],"wp:featuredmedia":[{"embeddable":true,"href":"https:\/\/gpdstore.net\/it\/wp-json\/wp\/v2\/media\/17049"}],"wp:attachment":[{"href":"https:\/\/gpdstore.net\/it\/wp-json\/wp\/v2\/media?parent=6755"}],"wp:term":[{"taxonomy":"product_brand","embeddable":true,"href":"https:\/\/gpdstore.net\/it\/wp-json\/wp\/v2\/product_brand?post=6755"},{"taxonomy":"product_cat","embeddable":true,"href":"https:\/\/gpdstore.net\/it\/wp-json\/wp\/v2\/product_cat?post=6755"},{"taxonomy":"product_tag","embeddable":true,"href":"https:\/\/gpdstore.net\/it\/wp-json\/wp\/v2\/product_tag?post=6755"},{"taxonomy":"woo-feed-brand","embeddable":true,"href":"https:\/\/gpdstore.net\/it\/wp-json\/wp\/v2\/woo-feed-brand?post=6755"}],"curies":[{"name":"wp","href":"https:\/\/api.w.org\/{rel}","templated":true}]}}