{"id":6706,"date":"2024-07-12T13:07:42","date_gmt":"2024-07-12T13:07:42","guid":{"rendered":"https:\/\/gpdstore.net\/senza-categoria\/monitor-portatile-4k-da-156-con-touchscreen\/"},"modified":"2025-12-23T10:13:59","modified_gmt":"2025-12-23T10:13:59","slug":"15-6-4k-portable-monitor-with-touchscreen","status":"publish","type":"product","link":"https:\/\/gpdstore.net\/it\/product\/15-6-4k-portable-monitor-with-touchscreen\/","title":{"rendered":"Monitor portatile 4K da 15,6&#8243; con touchscreen"},"content":{"rendered":"\n<p>Ti presentiamo il monitor portatile S23b-1 4K: Migliora la tua esperienza visiva ovunque<\/p>\n\n<p>Sperimentate una chiarezza visiva e una brillantezza senza precedenti con il monitor portatile 4K S23b-1. Progettato per chi esige il meglio dai display portatili, questo monitor offre una straordinaria risoluzione 4K UHD su uno schermo compatto da 15,6 pollici. Che si tratti di modificare foto ad alta risoluzione, progettare grafica complessa o immergersi in mondi di gioco coinvolgenti, l&#8217;S23b-1 garantisce che ogni dettaglio prenda vita con una precisione eccezionale e colori vivaci.<\/p>\n\n<p>Progettato con un pannello LCD TFT IPS, offre un&#8217;accuratezza dei colori superiore e ampi angoli di visione, perfetti per condividere contenuti con gli amici o collaborare con i colleghi. Il touch screen capacitivo G+G migliora l&#8217;interazione, offrendo un controllo preciso e una navigazione fluida tra menu e documenti.<\/p>\n\n<p>La connettivit\u00e0 \u00e8 semplice grazie alla porta mini HDMI e alle due porte Type-C, che supportano l&#8217;erogazione di energia e il trasferimento di dati ad alta velocit\u00e0 su pi\u00f9 dispositivi. Per una maggiore comodit\u00e0, \u00e8 presente una porta per le cuffie per l&#8217;ascolto privato e una porta Micro-USB per periferiche come tastiere e mouse.<\/p>\n\n<p>Realizzato in lega di alluminio resistente, l&#8217;S23b-1 combina un profilo elegante e incredibilmente sottile con una portabilit\u00e0 leggera, che lo rende il compagno ideale per i viaggi o per gli spostamenti tra gli spazi di lavoro. La custodia pieghevole funge da supporto per un posizionamento stabile su qualsiasi superficie piana, assicurando versatilit\u00e0 ovunque si vada.<\/p>\n\n<p>Pro:<\/p>\n\n<ul class=\"wp-block-list\">\n<li>Uno straordinario display 4K UHD per una visione coinvolgente<\/li>\n\n\n\n<li>Opzioni di connettivit\u00e0 versatili che includono porte HDMI Mini e Type-C<\/li>\n\n\n\n<li>Design elegante e leggero realizzato in lega di alluminio di alta qualit\u00e0<\/li>\n\n\n\n<li>Touch screen capacitivo G+G reattivo per un&#8217;interazione intuitiva<\/li>\n<\/ul>\n\n<p>Cons:<\/p>\n\n<ul class=\"wp-block-list\">\n<li>Limitato a uno schermo da 15,6 pollici<\/li>\n\n\n\n<li>Gli altoparlanti integrati potrebbero non essere all&#8217;altezza della qualit\u00e0 audio esterna<\/li>\n<\/ul>\n\n<p>Se sei un professionista creativo, un giocatore accanito o un appassionato in movimento, il monitor portatile S23b-1 4K ridefinisce l&#8217;eccellenza dei display portatili, offrendo prestazioni eccezionali in un pacchetto compatto.<\/p>\n","protected":false},"excerpt":{"rendered":"<ul>\n<li>Monitor portatile <strong>4K da 15,6&#8243;<\/strong> con touchscreen per l&#8217;alta definizione<\/li>\n<li>Dimensioni compatte di 14,17 x 8,4 x 0,43 pollici e un peso di <strong>920 g.<\/strong><\/li>\n<li>Touchscreen compatibile con <strong>MacOS<\/strong><\/li>\n<li>Il touchscreen <strong>supporta l&#8217;input tattile<\/strong> sui dispositivi compatibili<\/li>\n<li><strong>Alimentato da USB<\/strong>, supporta mini-HDMI e USB Type-C<\/li>\n<\/ul>\n[cg_accordion title=\"INFO SUL PAGAMENTO\"]<\/p>\n<p>Utilizziamo la pi\u00f9 recente tecnologia di elaborazione dei pagamenti, che consente di effettuare il checkout tramite carta di debito\/credito o PayPal per un&#8217;esperienza rapida e sicura.[\/cg_accordion]\n[cg_accordion title=\"GARANZIA\"]<\/p>\n<p>2 anni di garanzia da parte di <a href=\"https:\/\/droix.net\/\" target=\"_blank\" rel=\"nofollow noopener\">DROIX Global<\/a> per la vostra tranquillit\u00e0[\/cg_accordion]\n[cg_accordion title=\"PREZZI, TASSE E SPEDIZIONE\"]<\/p>\n<p><strong><u>Nota:<\/u><\/strong><\/p>\n<ul>\n<li>Clienti degli Stati Uniti: Il prezzo esposto non include tasse e imposte. La responsabilit\u00e0 dello sdoganamento e del pagamento di eventuali tasse\/dazi \u00e8 a carico del cliente. <\/li>\n<li>Clienti UE: Il prezzo visualizzato include l&#8217;imposta applicabile, che pu\u00f2 arrivare al 25% a seconda del paese.<\/li>\n<li>Clienti del Canada: Il prezzo visualizzato \u00e8 comprensivo delle imposte applicabili, che possono includere il 5% di GST e ulteriori imposte provinciali sulle vendite (PST), l&#8217;imposta sulle vendite armonizzata (HST) o l&#8217;imposta sulle vendite del Quebec (QST), a seconda della provincia di appartenenza.<\/li>\n<\/ul>\n<p><strong>Solo per i clienti dell&#8217;UE:<\/strong> Express DDP (Delivered Duty Paid). Ci\u00f2 significa che: <\/p>\n<ul>\n<li>Tutti i dazi doganali e le tasse sono inclusi nel prezzo visualizzato nella pagina del prodotto.<\/li>\n<li>Non dovrete pagare alcun costo aggiuntivo alla consegna.<\/li>\n<li>Nel raro caso di problemi doganali, il nostro team si occuper\u00e0 del processo di sdoganamento per conto vostro per garantire una consegna senza problemi.<\/li>\n<p>Informazioni importanti sulla restituzione:<\/p>\n<li>Se decidete di restituire l&#8217;ordine o di richiedere un rimborso, sappiate che le tasse e i dazi pagati per vostro conto secondo i termini del DDP non possono essere rimborsati.<\/li>\n<p>Per informazioni dettagliate, consultare i nostri <a href=\"https:\/\/droix.net\/terms-and-conditions\/\" target=\"_blank\" rel=\"nofollow noopener\">Termini e condizioni<\/a>.\n<\/ul>\n<p>[\/cg_accordion]\n[cg_accordion title=\"ASSISTENZA CLIENTI\"]<\/p>\n<p>Avete una domanda? Basta un breve messaggio per risolvere il vostro problema! <\/p>\n<p>Per informazioni dettagliate, consultare i nostri <a href=\"https:\/\/gpdstore.net\/it\/terms-of-service\/\" target=\"_blank\" rel=\"nofollow noopener\">Termini e condizioni<\/a>.\n<\/ul>\n<p>[\/cg_accordion]\n[cg_accordion title=\"COSA \u00c8 INCLUSO\"]<\/p>\n<ul>\n<li>1 spina di alimentazione (UE\/USA)<\/li>\n<li>1x Manuale d&#8217;uso<\/li>\n<\/ul>\n<p>[\/cg_accordion]\n","protected":false},"featured_media":15925,"template":"","meta":{"_acf_changed":false},"product_brand":[],"product_cat":[2440],"product_tag":[2494,2442],"woo-feed-brand":[2443],"class_list":{"0":"post-6706","1":"product","2":"type-product","3":"status-publish","4":"has-post-thumbnail","6":"product_cat-monitor-portatili","7":"product_tag-30gpdsale-it","8":"product_tag-monitor-portatile-droix","9":"product_shipping_class-standard","10":"pa_brand-droix","11":"woo-feed-brand-droix-it","13":"first","14":"outofstock","15":"sale","16":"taxable","17":"shipping-taxable","18":"purchasable","19":"product-type-variable","20":"has-default-attributes"},"acf":[],"aioseo_notices":[],"_links":{"self":[{"href":"https:\/\/gpdstore.net\/it\/wp-json\/wp\/v2\/product\/6706","targetHints":{"allow":["GET"]}}],"collection":[{"href":"https:\/\/gpdstore.net\/it\/wp-json\/wp\/v2\/product"}],"about":[{"href":"https:\/\/gpdstore.net\/it\/wp-json\/wp\/v2\/types\/product"}],"wp:featuredmedia":[{"embeddable":true,"href":"https:\/\/gpdstore.net\/it\/wp-json\/wp\/v2\/media\/15925"}],"wp:attachment":[{"href":"https:\/\/gpdstore.net\/it\/wp-json\/wp\/v2\/media?parent=6706"}],"wp:term":[{"taxonomy":"product_brand","embeddable":true,"href":"https:\/\/gpdstore.net\/it\/wp-json\/wp\/v2\/product_brand?post=6706"},{"taxonomy":"product_cat","embeddable":true,"href":"https:\/\/gpdstore.net\/it\/wp-json\/wp\/v2\/product_cat?post=6706"},{"taxonomy":"product_tag","embeddable":true,"href":"https:\/\/gpdstore.net\/it\/wp-json\/wp\/v2\/product_tag?post=6706"},{"taxonomy":"woo-feed-brand","embeddable":true,"href":"https:\/\/gpdstore.net\/it\/wp-json\/wp\/v2\/woo-feed-brand?post=6706"}],"curies":[{"name":"wp","href":"https:\/\/api.w.org\/{rel}","templated":true}]}}