{"id":5641,"date":"2024-07-12T08:46:50","date_gmt":"2024-07-12T08:46:50","guid":{"rendered":"https:\/\/gpdstore.net\/senza-categoria\/monitor-portatile-droix-pm13-2k\/"},"modified":"2025-09-15T21:32:33","modified_gmt":"2025-09-15T21:32:33","slug":"droix-pm13-2k-portable-monitor","status":"publish","type":"product","link":"https:\/\/gpdstore.net\/it\/product\/droix-pm13-2k-portable-monitor\/","title":{"rendered":"Monitor portatile DroiX PM13 2K"},"content":{"rendered":"\n<figure class=\"wp-block-video\"><video controls=\"\" muted=\"\" poster=\"https:\/\/droix.net\/wp-content\/uploads\/2024\/03\/1.jpg\" src=\"https:\/\/droix.net\/wp-content\/uploads\/2024\/06\/pm131.mp4\"><\/video><\/figure>\n\n<div class=\"wp-block-columns is-layout-flex wp-container-core-columns-is-layout-28f84493 wp-block-columns-is-layout-flex\">\n<div class=\"wp-block-column is-layout-flow wp-block-column-is-layout-flow\" style=\"flex-basis:33.33%\">\n<figure class=\"wp-block-image size-large\"><a href=\"https:\/\/droix.net\/wp-content\/uploads\/2024\/03\/DROIX-S13-GENERIC-DONE-LISTING-IMAGE-1-1.png\"><img decoding=\"async\" src=\"https:\/\/droix.net\/wp-content\/uploads\/2024\/03\/DROIX-S13-GENERIC-DONE-LISTING-IMAGE-1-1-1024x1024.png\" alt=\"Immagine di DroiX Monitor portatile, 13 pollici, 2K, ultra sottile, leggero e portatile\" class=\"wp-image-175965\"\/><\/a><\/figure>\n<\/div>\n\n\n\n<div class=\"wp-block-column is-layout-flow wp-block-column-is-layout-flow\" style=\"flex-basis:66.66%\">\n<h3 class=\"wp-block-heading\"><strong>DroiX PM13 &#8211; Monitor portatile 4K ultrasottile da 13,0 pollici<\/strong><\/h3>\n\n\n\n<p>Il DroiX PM13 \u00e8 un monitor portatile 2K da 13&#8243; elegante e leggero, con un peso di soli 494 grammi. Racchiuso in una sottile cornice di alluminio e con cornici sottilissime da 0,11&#8243;, unisce magistralmente stile e praticit\u00e0. Il vibrante display IPS offre colori ricchi e un ampio angolo di visione di 170 gradi, garantendo un&#8217;esperienza visiva accattivante. Grazie alla compatibilit\u00e0 con numerosi dispositivi tramite HDMI e USB-C, il PM13 \u00e8 lo schermo versatile per eccellenza per migliorare la tua configurazione ovunque tu sia.  <\/p>\n<\/div>\n<\/div>\n\n<div class=\"wp-block-columns is-layout-flex wp-container-core-columns-is-layout-28f84493 wp-block-columns-is-layout-flex\">\n<div class=\"wp-block-column is-layout-flow wp-block-column-is-layout-flow\">\n<h3 class=\"wp-block-heading\">Il monitor portatile ideale per i portatili<br\/><em>Senza compromessi<\/em><\/h3>\n\n\n\n<p>Il monitor portatile DroiX PM13 offre un&#8217;esperienza di visualizzazione eccezionale grazie alle sue straordinarie caratteristiche. Grazie all&#8217;elevata luminosit\u00e0 e al supporto HDR, garantisce una visibilit\u00e0 chiara in qualsiasi condizione di luce. La copertura sRGB al 100% e i 16,7 milioni di colori offrono una precisione cromatica fondamentale per il fotoritocco e la progettazione grafica. La risoluzione 2K su uno schermo da 13 pollici garantisce un&#8217;elevata densit\u00e0 di pixel, producendo immagini nitide e vibranti sia per i testi che per i contenuti multimediali. Questo rende il PM13 la scelta migliore per i professionisti e gli appassionati.    <\/p>\n<\/div>\n\n\n\n<div class=\"wp-block-column is-layout-flow wp-block-column-is-layout-flow\">\n<figure class=\"wp-block-image size-full\"><a href=\"https:\/\/droix.net\/wp-content\/uploads\/2024\/03\/2.jpg\"><img decoding=\"async\" src=\"https:\/\/droix.net\/wp-content\/uploads\/2024\/03\/2.jpg\" alt=\"DroiX PM13 &#xE8; un display portatile di alta qualit&#xE0; con supporto HDR400, risoluzione QHD 2160x1350 e copertura sRGB al 100%.\" class=\"wp-image-182193\"\/><\/a><\/figure>\n<\/div>\n<\/div>\n\n<div class=\"wp-block-columns is-layout-flex wp-container-core-columns-is-layout-28f84493 wp-block-columns-is-layout-flex\">\n<div class=\"wp-block-column is-layout-flow wp-block-column-is-layout-flow\">\n<figure class=\"wp-block-image size-full\"><a href=\"https:\/\/droix.net\/wp-content\/uploads\/2024\/07\/3-1.jpg\"><img decoding=\"async\" src=\"https:\/\/droix.net\/wp-content\/uploads\/2024\/07\/3-1.jpg\" alt=\"Il monitor portatile DroiX PM13 &#xE8; stato creato per ridefinire la compatibilit&#xE0; e la connettivit&#xE0; con un'ampia gamma di dispositivi. Grazie al solido supporto delle tecnologie USB e ActiveDP, questo monitor si integra perfettamente con diversi gadget moderni, dai laptop agli smartphone e altro ancora. Progettato per interagire senza sforzo, il PM13 funziona con i dispositivi che supportano DisplayPort over USB, che dispongono di porte USB Thunderbolt o che seguono il protocollo USB 4 per l'uscita video. Che tu stia giocando in movimento, aumentando la produttivit&#xE0; o godendo di contenuti multimediali, il PM13 &#xE8; il tuo compagno definitivo, in grado di offrire flessibilit&#xE0; e prestazioni ineguagliabili ovunque tu ne abbia bisogno.   \" class=\"wp-image-182203\"\/><\/a><\/figure>\n<\/div>\n\n\n\n<div class=\"wp-block-column is-layout-flow wp-block-column-is-layout-flow\">\n<h3 class=\"wp-block-heading\">Portabilit\u00e0 e potenza<br\/><em>Compatibilit\u00e0<\/em><\/h3>\n\n\n\n<p>Prova la versatilit\u00e0 all&#8217;avanguardia del monitor portatile DroiX PM13, realizzato per ridefinire la compatibilit\u00e0 e la connettivit\u00e0 con un&#8217;ampia gamma di dispositivi. Grazie al solido supporto delle tecnologie USB e ActiveDP, questo monitor si integra perfettamente con diversi gadget moderni, dai laptop agli smartphone e altro ancora. <\/p>\n\n\n\n<p>Progettato per interagire senza sforzo, il PM13 funziona con i dispositivi che supportano DisplayPort over USB, che hanno porte USB Thunderbolt o che seguono il protocollo USB 4 per l&#8217;uscita video. Che tu stia giocando in movimento, aumentando la produttivit\u00e0 o godendo di contenuti multimediali, il PM13 \u00e8 il tuo compagno definitivo, in grado di offrire flessibilit\u00e0 e prestazioni ineguagliabili ovunque tu ne abbia bisogno. <\/p>\n<\/div>\n<\/div>\n\n<div class=\"wp-block-columns is-layout-flex wp-container-core-columns-is-layout-28f84493 wp-block-columns-is-layout-flex\">\n<div class=\"wp-block-column is-layout-flow wp-block-column-is-layout-flow\">\n<h3 class=\"wp-block-heading\">Pi\u00f9 di un monitor portatile<br\/><em>ricco di funzioni<\/em><\/h3>\n\n\n\n<p>Il monitor portatile DroiX PM13 vanta un design versatile caratterizzato da un cavalletto regolabile a 180\u00b0, che consente agli utenti di posizionare lo schermo a varie angolazioni per un comfort visivo ottimale. Inoltre, include un supporto VESA integrato da 75&#215;75 mm, che consente un montaggio flessibile su bracci o supporti compatibili. Per quanto riguarda l&#8217;audio, il PM13 \u00e8 dotato di altoparlanti stereo integrati, ciascuno con una potenza di 1.0W. Pur non essendo eccezionalmente potenti, questi altoparlanti offrono una comoda soluzione audio senza dover ricorrere a dispositivi esterni.   <\/p>\n\n\n\n<h3 class=\"wp-block-heading\"><br\/><\/h3>\n<\/div>\n\n\n\n<div class=\"wp-block-column is-layout-flow wp-block-column-is-layout-flow\">\n<figure class=\"wp-block-image size-full\"><a href=\"https:\/\/droix.net\/wp-content\/uploads\/2024\/07\/4.jpg\"><img decoding=\"async\" src=\"https:\/\/droix.net\/wp-content\/uploads\/2024\/07\/4.jpg\" alt=\"Il monitor portatile DroiX PM13 &#xE8; dotato di un cavalletto regolabile a 180&#xB0; che consente agli utenti di posizionare lo schermo a varie angolazioni per un comfort di visione ottimale. Include un supporto VESA integrato da 75x75 mm per un montaggio flessibile su bracci o supporti compatibili. Il PM13 &#xE8; dotato anche di altoparlanti stereo integrati, ciascuno da 1.0W, che offrono una comoda soluzione audio senza bisogno di dispositivi esterni.  \" class=\"wp-image-182205\"\/><\/a><\/figure>\n<\/div>\n<\/div>\n\n<div class=\"wp-block-columns is-layout-flex wp-container-core-columns-is-layout-28f84493 wp-block-columns-is-layout-flex\">\n<div class=\"wp-block-column is-layout-flow wp-block-column-is-layout-flow\">\n<figure class=\"wp-block-image size-full\"><a href=\"https:\/\/droix.net\/wp-content\/uploads\/2024\/07\/5.jpg\"><img decoding=\"async\" src=\"https:\/\/droix.net\/wp-content\/uploads\/2024\/07\/5.jpg\" alt=\"Il monitor portatile DroiX PM13 &#xE8; un esempio di versatilit&#xE0; grazie alle numerose opzioni di compatibilit&#xE0; e connettivit&#xE0;. Dispone di quattro modalit&#xE0;: Modalit&#xE0; Duplicata per il mirroring dei contenuti, Modalit&#xE0; Estesa per ampliare lo spazio di lavoro, Secondo Schermo per le console di gioco e Modalit&#xE0; Ritratto per l'orientamento verticale. Ideale per professionisti, giocatori e nomadi digitali, per migliorare la produttivit&#xE0; e l'intrattenimento in ambienti diversi.  \" class=\"wp-image-182206\"\/><\/a><\/figure>\n<\/div>\n\n\n\n<div class=\"wp-block-column is-layout-flow wp-block-column-is-layout-flow\">\n<h3 class=\"wp-block-heading\">Estensione, duplicazione, ritratto e altro ancora<br\/><em>Vera versatilit\u00e0<br\/><\/em><\/h3>\n\n\n\n<p>Il monitor portatile DroiX PM13 \u00e8 un esempio di versatilit\u00e0 grazie alle sue ampie opzioni di compatibilit\u00e0 e connettivit\u00e0. Offre quattro modalit\u00e0 versatili: Modalit\u00e0 Duplicata per il mirroring dei contenuti, Modalit\u00e0 Estesa per ampliare lo spazio di lavoro, Secondo schermo per le console di gioco e Modalit\u00e0 Ritratto per l&#8217;orientamento verticale. Questa adattabilit\u00e0 lo rende un compagno ideale per professionisti, giocatori e nomadi digitali, in grado di migliorare la produttivit\u00e0 e l&#8217;intrattenimento in vari ambienti.  <\/p>\n\n\n\n<p>4o<\/p>\n<\/div>\n<\/div>\n\n<figure class=\"wp-block-image aligncenter size-large\"><a href=\"https:\/\/droix.net\/wp-content\/uploads\/2024\/07\/7.jpg\"><img decoding=\"async\" src=\"https:\/\/droix.net\/wp-content\/uploads\/2024\/07\/7-1024x420.jpg\" alt=\"Collega senza problemi il tuo MacBook Thunderbolt 3 o 4 al monitor portatile DroiX PM13 tramite la porta Type-C con supporto DP ALT-MODE. Questa connettivit&#xE0; avanzata garantisce sia la trasmissione video che l'erogazione di energia attraverso un unico cavo Type-C, massimizzando la convenienza e l'efficienza. \" class=\"wp-image-182195\"\/><\/a><\/figure>\n\n<p>Collega senza problemi il tuo MacBook Thunderbolt 3 o 4 al monitor portatile DroiX PM13 tramite la porta Type-C con supporto DP ALT-MODE. Questa connettivit\u00e0 avanzata garantisce sia la trasmissione video che l&#8217;erogazione di energia attraverso un unico cavo Type-C, massimizzando la convenienza e l&#8217;efficienza. <\/p>\n\n<figure class=\"wp-block-image aligncenter size-large is-resized\"><a href=\"https:\/\/droix.net\/wp-content\/uploads\/2024\/03\/8.jpg\"><img decoding=\"async\" src=\"https:\/\/droix.net\/wp-content\/uploads\/2024\/03\/8-1024x420.jpg\" alt=\"Sfrutta le funzionalit&#xE0; avanzate di Thunderbolt 3, 4 o USB 3.1 DP ALT-MODE sul tuo smartphone per collegarti senza problemi al monitor portatile DroiX PM13 sia per l'uscita video che per l'alimentazione. Utilizza la porta Type-C con supporto DP ALT-MODE sul tuo smartphone per un'esperienza semplificata con un unico cavo che gestisce la trasmissione video e l'alimentazione. \" class=\"wp-image-182197\" style=\"width:900px;height:auto\"\/><\/a><\/figure>\n\n<p>Collega senza problemi il tuo laptop Windows al monitor portatile DroiX PM13 utilizzando le porte HDMI e Type-C per una trasmissione video e un&#8217;alimentazione senza interruzioni. La porta Type-C supporta il power delivery (PD) mentre la porta HDMI garantisce un&#8217;uscita video ad alta definizione, permettendoti di migliorare la produttivit\u00e0 e l&#8217;intrattenimento senza alcun problema. <\/p>\n\n<figure class=\"wp-block-image aligncenter size-large\"><a href=\"https:\/\/droix.net\/wp-content\/uploads\/2024\/03\/9.jpg\"><img decoding=\"async\" src=\"https:\/\/droix.net\/wp-content\/uploads\/2024\/03\/9-1024x420.jpg\" alt=\"Sfrutta le funzionalit&#xE0; avanzate di Thunderbolt 3, 4 o USB 3.1 DP ALT-MODE sul tuo smartphone per collegarti senza problemi al monitor portatile DroiX PM13 sia per l'uscita video che per l'alimentazione. Utilizza la porta Type-C con supporto DP ALT-MODE sul tuo smartphone per un'esperienza semplificata con un unico cavo che gestisce la trasmissione video e l'alimentazione. \" class=\"wp-image-182198\"\/><\/a><\/figure>\n\n<p>Sfrutta le funzionalit\u00e0 avanzate di Thunderbolt 3, 4 o USB 3.1 DP ALT-MODE sul tuo smartphone per collegarti senza problemi al monitor portatile DroiX PM13 sia per l&#8217;uscita video che per l&#8217;alimentazione. Utilizzando la porta Type-C con supporto DP ALT-MODE del tuo smartphone, puoi godere di un&#8217;esperienza semplificata con un unico cavo che gestisce sia la trasmissione video che l&#8217;alimentazione. <\/p>\n\n<figure class=\"wp-block-image aligncenter size-large\"><a href=\"https:\/\/droix.net\/wp-content\/uploads\/2024\/03\/11.jpg\"><img decoding=\"async\" src=\"https:\/\/droix.net\/wp-content\/uploads\/2024\/03\/11-1024x420.jpg\" alt=\"Il monitor portatile DroiX PM13 pu&#xF2; essere collegato in vari modi: USB, ActiveDP, DisplayPort over USB, porte USB Thunderbolt e protocollo USB 4 per l'uscita video, per garantire una connettivit&#xE0; versatile.\" class=\"wp-image-182199\"\/><\/a><\/figure>\n\n<figure class=\"wp-block-image aligncenter size-large\"><a href=\"https:\/\/droix.net\/wp-content\/uploads\/2024\/03\/12.jpg\"><img decoding=\"async\" src=\"https:\/\/droix.net\/wp-content\/uploads\/2024\/03\/12-1024x420.jpg\" alt=\"FAQ per il monitor portatile DroiX PM13\" class=\"wp-image-182200\"\/><\/a><\/figure>\n\n<h3 class=\"wp-block-heading\"><strong>Conclusione<\/strong><\/h3>\n\n<p>Il DroiX PM13 ridefinisce l&#8217;essenza dei monitor portatili, combinando alta risoluzione, portabilit\u00e0 superiore e ampia compatibilit\u00e0 in un design elegante e facile da usare. \u00c8 stato creato per coloro che rifiutano di scendere a compromessi in termini di qualit\u00e0 e funzionalit\u00e0, anche in viaggio. Abbraccia il futuro dei monitor portatili con il DroiX PM13 e sperimenta in prima persona la miscela perfetta di innovazione e convenienza.  <\/p>\n\n<p>Non perdere l&#8217;opportunit\u00e0 di migliorare la tua esperienza con il monitor portatile DroiX PM13. Effettua subito il preordine per assicurarti un posto tra i primi a godere di questo dispositivo rivoluzionario. Con una disponibilit\u00e0 limitata, questa \u00e8 la tua occasione per fare un passo avanti e sperimentare il massimo della tecnologia di visualizzazione portatile. Ordina oggi stesso il tuo monitor portatile DroiX PM13!   <\/p>\n\n<p>4o<\/p>\n","protected":false},"excerpt":{"rendered":"<ul>\n<li>Display<strong> IPS<\/strong> da 13&#8243; 2K<\/li>\n<li>Copertura 100%<strong> sRGB<\/strong> <\/li>\n<li>450 <strong>Nits<\/strong> di luminosit\u00e0<\/li>\n<li>Montaggio<strong> VESA<\/strong> 75x75mm<\/li>\n<li>  Altoparlanti <strong> integrati<\/strong> <\/li>\n<\/ul>\n<p> [cg_accordion title=\"INFO SUL PAGAMENTO\"] Utilizziamo la pi\u00f9 recente tecnologia di elaborazione dei pagamenti, che ti permette di effettuare il checkout con carta di debito\/credito o PayPal per un&#8217;esperienza veloce e sicura.[\/cg_accordion] [cg_accordion title=\"GARANZIA\"] Garanzia di 1 o 2 anni* da parte di <a href=\"https:\/\/droix.net\/\" target=\"_blank\" rel=\"nofollow noopener\">DroiX Global<\/a> per la tua tranquillit\u00e0.[\/cg_accordion] [cg_accordion title=\"SPEDIZIONE E TASSE\"] <strong><u>Nota:<\/u><\/strong> Clienti degli Stati Uniti: Il prezzo visualizzato include tutte le tasse applicabili. Clienti UE: Il prezzo visualizzato include le tasse applicabili, che possono arrivare fino al 25% a seconda del paese. Clienti del Canada: Il prezzo visualizzato include il 5% di GST.   Le spedizioni e i resi sono gestiti da <a href=\"https:\/\/droix.net\/\" target=\"_blank\" rel=\"nofollow noopener\">DroiX<\/a>, distributore ufficiale GPD. Offriamo la spedizione rapida DHL Express DDP (Delivered Duty Paid). Tutti i dazi doganali e le tasse sono inclusi nel prezzo esposto e non saranno richiesti pagamenti aggiuntivi al momento della consegna. In caso di problemi doganali, il nostro team si occuper\u00e0 delle procedure di sdoganamento per conto tuo. Importante: in caso di restituzione o di cambio di idea, le tasse e i dazi pagati a tuo nome non possono essere rimborsati a causa delle condizioni di spedizione DDP. Per informazioni dettagliate, consulta i nostri <a href=\"\" target=\"\" rel=\"\">Termini e Condizioni<\/a>.    [\/cg_accordion] [cg_accordion title=\"WHAT'S INCLUDED\"]<\/p>\n<ul>\n<li>1 monitor portatile DroiX PM13<\/li>\n<li>1x spina di alimentazione (UE\/USA)<\/li>\n<li>1 cavo HDMI<\/li>\n<li>1 cavo USB Tipo-C<\/li>\n<li>1 cavo da USB Tipo-A a Tipo-C<\/li>\n<li>1x Custodia protettiva<\/li>\n<li>1x Manuale d&#8217;uso<\/li>\n<\/ul>\n<p>[\/cg_accordion]<\/p>\n","protected":false},"featured_media":818490,"template":"","meta":{"_acf_changed":false},"product_brand":[],"product_cat":[2440],"product_tag":[18197,2442],"woo-feed-brand":[2443],"class_list":{"0":"post-5641","1":"product","2":"type-product","3":"status-publish","4":"has-post-thumbnail","6":"product_cat-monitor-portatili","7":"product_tag-25bfsale-it","8":"product_tag-monitor-portatile-droix","9":"product_shipping_class-low-end","10":"pa_brand-droix","11":"woo-feed-brand-droix-it","13":"first","14":"instock","15":"sale","16":"taxable","17":"shipping-taxable","18":"purchasable","19":"product-type-variable","20":"has-default-attributes"},"acf":[],"aioseo_notices":[],"_links":{"self":[{"href":"https:\/\/gpdstore.net\/it\/wp-json\/wp\/v2\/product\/5641","targetHints":{"allow":["GET"]}}],"collection":[{"href":"https:\/\/gpdstore.net\/it\/wp-json\/wp\/v2\/product"}],"about":[{"href":"https:\/\/gpdstore.net\/it\/wp-json\/wp\/v2\/types\/product"}],"wp:featuredmedia":[{"embeddable":true,"href":"https:\/\/gpdstore.net\/it\/wp-json\/wp\/v2\/media\/818490"}],"wp:attachment":[{"href":"https:\/\/gpdstore.net\/it\/wp-json\/wp\/v2\/media?parent=5641"}],"wp:term":[{"taxonomy":"product_brand","embeddable":true,"href":"https:\/\/gpdstore.net\/it\/wp-json\/wp\/v2\/product_brand?post=5641"},{"taxonomy":"product_cat","embeddable":true,"href":"https:\/\/gpdstore.net\/it\/wp-json\/wp\/v2\/product_cat?post=5641"},{"taxonomy":"product_tag","embeddable":true,"href":"https:\/\/gpdstore.net\/it\/wp-json\/wp\/v2\/product_tag?post=5641"},{"taxonomy":"woo-feed-brand","embeddable":true,"href":"https:\/\/gpdstore.net\/it\/wp-json\/wp\/v2\/woo-feed-brand?post=5641"}],"curies":[{"name":"wp","href":"https:\/\/api.w.org\/{rel}","templated":true}]}}