{"id":5097,"date":"2024-05-17T08:24:33","date_gmt":"2024-05-17T08:24:33","guid":{"rendered":"https:\/\/gpdstore.net\/senza-categoria\/gpd-g1-2023-egpu-docking-station\/"},"modified":"2025-12-23T10:18:14","modified_gmt":"2025-12-23T10:18:14","slug":"gpd-g1-2023-egpu-docking-station","status":"publish","type":"product","link":"https:\/\/gpdstore.net\/it\/product\/gpd-g1-2023-egpu-docking-station\/","title":{"rendered":"GPD G1 (2023) Docking station per eGPU"},"content":{"rendered":"\n<h3 class=\"wp-block-heading\">Presentazione di GPD G1: Docking Station con GPU esterna<\/h3>\n\n<p>Sbloccate l&#8217;esperienza di gioco definitiva con l&#8217;innovativa GPD G1 Docking Station. Progettato per migliorare le prestazioni di gioco, questo dispositivo innovativo \u00e8 compatibile con i prossimi GPD WIN MAX 2 2023, GPD Mini e GPD WIN 4 2023 aggiornati e supportati da Oculink. Grazie alla compatibilit\u00e0 con Oculink e USB 4.0, GPD G1 offre versatilit\u00e0 e convenienza alla vostra configurazione di gioco.<\/p>\n\n<h3 class=\"wp-block-heading\">Potente unit\u00e0 di elaborazione grafica<\/h3>\n\n<p>Il cuore della Docking Station GPD G1 \u00e8 la GPU AMD Radeon RX 7600M XT, che utilizza la pi\u00f9 recente architettura RDNA 3.0. Questa GPU esterna con connettivit\u00e0 Oculink offre immagini straordinarie e prestazioni eccezionali. Sia che stiate esplorando mondi immensi o che siate nel pieno della battaglia, GPD G1 assicura che ogni dettaglio sia reso con precisione. Con un clock di base di 1500 MHz, un clock di gioco di 2300 MHz e un boost clock di 2615 MHz, GPD G1 offre la potenza necessaria per dominare qualsiasi gioco. <\/p>\n\n<h3 class=\"wp-block-heading\">Gioco fluido e reattivo<\/h3>\n\n<p>Dotato di 8 GB di RAM GDDR6, il GPD G1 supporta il multitasking e la fluidit\u00e0 di gioco. Il clock della memoria di 2250 MHz garantisce tempi di caricamento rapidi e lag minimi. D\u00ec addio ai frame rate balbettanti e goditi sessioni di gioco ininterrotte. Grazie al supporto USB 4.0, GPD G1 soddisfa le vostre esigenze di gioco, offrendo prestazioni di alto livello per i vostri giochi preferiti.<\/p>\n\n<h3 class=\"wp-block-heading\">Libera la tua connettivit\u00e0<\/h3>\n\n<p>Il GPD G1 Dock offre ampie opzioni di connettivit\u00e0 con porte Oculink (SFF-8612) e USB 4, assicurando la compatibilit\u00e0 con un&#8217;ampia gamma di dispositivi, tra cui Thunderbolt 3 e Thunderbolt 4. Collegate facilmente il vostro GPD WIN MAX 2 2023, GPD Mini o GPD WIN 4 aggiornato tramite Oculink e sperimentate un gioco migliore. Il GPD G1 supporta anche l&#8217;USB 4, consentendo di migliorare la grafica su vari sistemi.<\/p>\n\n<h3 class=\"wp-block-heading\">Espandi i tuoi orizzonti visivi<\/h3>\n\n<p>Espandete la vostra configurazione visiva con la gamma completa di porte video del GPD G1. Grazie a una porta HDMI 2.1 e due porte DisplayPort 1.4a, puoi collegare fino a tre schermi esterni per un&#8217;esperienza di gioco panoramica. Immergetevi nell&#8217;azione con la GPD G1 eGPU, per dare vita ai vostri giochi con un realismo senza precedenti.<\/p>\n\n<h3 class=\"wp-block-heading\">Trasferimenti di dati senza problemi<\/h3>\n\n<p>La docking station GPD G1 include tre porte USB 3.2 per facilitare le connessioni delle periferiche e mantenere organizzata la configurazione di gioco. Una porta SD 4.0 consente di trasferire rapidamente i file e di accedere ai contenuti multimediali. Collegati a un dispositivo host USB4 e massimizza la velocit\u00e0 di trasferimento dei dati.<\/p>\n\n<h3 class=\"wp-block-heading\">Raffreddamento efficiente per le massime prestazioni<\/h3>\n\n<p>Il sistema di raffreddamento attivo della GPD G1 dissipa efficacemente il calore, garantendo temperature stabili della GPU durante le sessioni di gioco pi\u00f9 intense. D\u00ec addio al surriscaldamento e goditi un gioco ininterrotto, grazie al meccanismo di raffreddamento ad aria che garantisce prestazioni ottimali del sistema.<\/p>\n\n<h3 class=\"wp-block-heading\">Alimentazione senza compromessi<\/h3>\n\n<p>La docking station GPD G1 include un alimentatore GaN integrato da 240 W, che fornisce un&#8217;alimentazione affidabile alla vostra GPU. Con una potenza grafica totale di 120 W, GPD G1 \u00e8 ottimizzato per i giochi ad alte prestazioni, con un rendering rapido e accurato.<\/p>\n\n<h3 class=\"wp-block-heading\">Design compatto, grandi prestazioni<\/h3>\n\n<p>Nonostante le dimensioni compatte (225 \u00d7 111 \u00d7 30 mm) e la leggerezza (0,92 kg), il GPD G1 offre prestazioni potenti. A casa, in viaggio o in occasione di eventi di gioco, il GPD G1 \u00e8 un concentrato di potenza portatile per ogni appassionato di giochi.<\/p>\n\n<h3 class=\"wp-block-heading\">Conclusione<\/h3>\n\n<p>La GPD G1 eGPU Docking Station \u00e8 l&#8217;accessorio definitivo per i giocatori che cercano potenza, versatilit\u00e0 e convenienza. Compatibile con i prossimi GPD WIN MAX 2 2023, GPD Mini e GPD WIN 4 aggiornato, oltre al supporto di Oculink e USB 4.0, questa docking station offre una connettivit\u00e0 senza precedenti. La GPU AMD Radeon RX 7600M XT garantisce immagini e prestazioni mozzafiato, mentre 8GB di RAM GDDR6 supportano giochi fluidi e reattivi. Espandi la tua configurazione visiva, goditi trasferimenti di dati senza interruzioni e approfitta di un raffreddamento efficiente e di un&#8217;alimentazione affidabile. Elevate la vostra esperienza di gioco con la Docking Station GPD G1.<\/p>\n\n<h3 class=\"wp-block-heading\">Pro e contro<\/h3>\n\n<p><strong>Pro:<\/strong><\/p>\n\n<ul class=\"wp-block-list\">\n<li><strong>Compatibilit\u00e0 versatile:<\/strong> Supporta GPD WIN MAX 2 2024, GPD Mini 2024, GPD WIN 4 2023 e Win 4 2024 aggiornati e dispositivi USB 4, offrendo una grafica migliorata su pi\u00f9 sistemi.<\/li>\n\n\n\n<li><strong>Prestazioni grafiche potenti:<\/strong> La GPU AMD Radeon RX 7600M XT con architettura RDNA 3.0 offre una grafica eccezionale e un gameplay fluido.<\/li>\n\n\n\n<li><strong>Configurazione visiva espandibile:<\/strong> Molteplici porte grafiche e video, tra cui HDMI 2.1 e DP 1.4a, supportano fino a tre schermi esterni per un&#8217;esperienza di gioco coinvolgente.<\/li>\n\n\n\n<li><strong>Sistema di raffreddamento efficiente:<\/strong> Il meccanismo di raffreddamento attivo impedisce il surriscaldamento, garantendo prestazioni ottimali durante le sessioni di gioco prolungate.<\/li>\n\n\n\n<li><strong>Design portatile e compatto:<\/strong> Le dimensioni compatte e la struttura leggera lo rendono estremamente portatile, ideale per i giocatori in movimento.<\/li>\n<\/ul>\n\n<p><strong>Cons :<\/strong><\/p>\n\n<ul class=\"wp-block-list\">\n<li><strong>Compatibilit\u00e0 limitata con i marchi:<\/strong> La compatibilit\u00e0 con i dispositivi non-GPD e con quelli privi di porte USB 4 potrebbe essere limitata.<\/li>\n\n\n\n<li><strong>Opzioni GPU limitate:<\/strong> L&#8217;unica GPU disponibile \u00e8 la AMD Radeon RX 7600M XT, che potrebbe non soddisfare gli utenti che desiderano una scelta di GPU diversa o personalizzabile.<\/li>\n<\/ul>\n","protected":false},"excerpt":{"rendered":"<ul>\n<li>GPU: AMD Radeon\u2122<strong> RX 7600M XT<\/strong> eGPU<\/li>\n<li>COMPATIBILIT\u00c0:<strong> OCuLink, USB 4, Thunderbolt 3 e 4<\/strong><\/li>\n<li>OCULINK:<strong> Connettivit\u00e0 PCI Express<\/strong><\/li>\n<li>USB 4:<strong> fino a 40 Gbps<\/strong><\/li>\n<li>DISPOSITIVI GPD OCULINK: <strong>WIN 4 2023<\/strong>,<strong> WIN MAX 2 2023<\/strong> e<strong> WIN Mini<\/strong><\/li>\n<\/ul>\n[cg_accordion title=\"INFO SUL PAGAMENTO\"]<\/p>\n<p>Utilizziamo la pi\u00f9 recente tecnologia di elaborazione dei pagamenti, che consente di effettuare il checkout tramite carta di debito\/credito o PayPal per un&#8217;esperienza rapida e sicura.[\/cg_accordion]\n[cg_accordion title=\"GARANZIA\"]<\/p>\n<p>2 anni di garanzia da parte di <a href=\"https:\/\/droix.net\/\" target=\"_blank\" rel=\"nofollow noopener\">DROIX Global<\/a> per la vostra tranquillit\u00e0[\/cg_accordion]\n[cg_accordion title=\"PREZZI, TASSE E SPEDIZIONE\"]<\/p>\n<p><strong><u>Nota:<\/u><\/strong><\/p>\n<ul>\n<li>Clienti degli Stati Uniti: Il prezzo esposto non include tasse e imposte. La responsabilit\u00e0 dello sdoganamento e del pagamento di eventuali tasse\/dazi \u00e8 a carico del cliente. <\/li>\n<li>Clienti UE: Il prezzo visualizzato include l&#8217;imposta applicabile, che pu\u00f2 arrivare al 25% a seconda del paese.<\/li>\n<li>Clienti del Canada: Il prezzo visualizzato \u00e8 comprensivo delle imposte applicabili, che possono includere il 5% di GST e ulteriori imposte provinciali sulle vendite (PST), l&#8217;imposta sulle vendite armonizzata (HST) o l&#8217;imposta sulle vendite del Quebec (QST), a seconda della provincia di appartenenza.<\/li>\n<\/ul>\n<p><strong>Solo per i clienti dell&#8217;UE:<\/strong> Express DDP (Delivered Duty Paid). Ci\u00f2 significa che: <\/p>\n<ul>\n<li>Tutti i dazi doganali e le tasse sono inclusi nel prezzo visualizzato nella pagina del prodotto.<\/li>\n<li>Non dovrete pagare alcun costo aggiuntivo alla consegna.<\/li>\n<li>Nel raro caso di problemi doganali, il nostro team si occuper\u00e0 del processo di sdoganamento per conto vostro per garantire una consegna senza problemi.<\/li>\n<p>Informazioni importanti sulla restituzione:<\/p>\n<li>Se decidete di restituire l&#8217;ordine o di richiedere un rimborso, sappiate che le tasse e i dazi pagati per vostro conto secondo i termini del DDP non possono essere rimborsati.<\/li>\n<p>Per informazioni dettagliate, consultare i nostri <a href=\"https:\/\/droix.net\/terms-and-conditions\/\" target=\"_blank\" rel=\"nofollow noopener\">Termini e condizioni<\/a>.\n<\/ul>\n<p>[\/cg_accordion]\n[cg_accordion title=\"ASSISTENZA CLIENTI\"]<\/p>\n<p>Avete una domanda? Basta un breve messaggio per risolvere il vostro problema! [\/cg_accordion]\n<p>Per informazioni dettagliate, consultare i nostri <a href=\"https:\/\/gpdstore.net\/it\/terms-of-service\/\" target=\"_blank\" rel=\"nofollow noopener\">Termini e condizioni<\/a>.\n<\/ul>\n<p>[\/]<\/p>\n[cg_accordion title=\"COSA \u00c8 INCLUSO\"]<\/p>\n<ul>\n<li>1x GPD G1 2023<\/li>\n<li>1 adattatore di alimentazione<\/li>\n<li>1 cavo USB Tipo-C<\/li>\n<li>1 manuale d&#8217;uso<\/li>\n<\/ul>\n<p>[\/cg_accordion]\n","protected":false},"featured_media":10696,"template":"","meta":{"_acf_changed":false},"product_brand":[],"product_cat":[1327],"product_tag":[11906,1917],"woo-feed-brand":[1093],"class_list":{"0":"post-5097","1":"product","2":"type-product","3":"status-publish","4":"has-post-thumbnail","6":"product_cat-accessori","7":"product_tag-10bfsale-it","8":"product_tag-gpd-g1-it","9":"product_shipping_class-premium","10":"pa_brand-biwin","11":"pa_brand-droix","12":"pa_brand-gpd","13":"pa_brand-gulikit","14":"pa_graphics-gpu-model-radeon-rx-7600m-xt-it","15":"pa_i-o-video-1-oculink","16":"pa_i-o-video-tramite-1x-usb-4-0-type-c-40gb-s","17":"woo-feed-brand-gpd-it","19":"first","20":"outofstock","21":"sale","22":"taxable","23":"shipping-taxable","24":"purchasable","25":"product-type-variable","26":"has-default-attributes"},"acf":[],"aioseo_notices":[],"_links":{"self":[{"href":"https:\/\/gpdstore.net\/it\/wp-json\/wp\/v2\/product\/5097","targetHints":{"allow":["GET"]}}],"collection":[{"href":"https:\/\/gpdstore.net\/it\/wp-json\/wp\/v2\/product"}],"about":[{"href":"https:\/\/gpdstore.net\/it\/wp-json\/wp\/v2\/types\/product"}],"wp:featuredmedia":[{"embeddable":true,"href":"https:\/\/gpdstore.net\/it\/wp-json\/wp\/v2\/media\/10696"}],"wp:attachment":[{"href":"https:\/\/gpdstore.net\/it\/wp-json\/wp\/v2\/media?parent=5097"}],"wp:term":[{"taxonomy":"product_brand","embeddable":true,"href":"https:\/\/gpdstore.net\/it\/wp-json\/wp\/v2\/product_brand?post=5097"},{"taxonomy":"product_cat","embeddable":true,"href":"https:\/\/gpdstore.net\/it\/wp-json\/wp\/v2\/product_cat?post=5097"},{"taxonomy":"product_tag","embeddable":true,"href":"https:\/\/gpdstore.net\/it\/wp-json\/wp\/v2\/product_tag?post=5097"},{"taxonomy":"woo-feed-brand","embeddable":true,"href":"https:\/\/gpdstore.net\/it\/wp-json\/wp\/v2\/woo-feed-brand?post=5097"}],"curies":[{"name":"wp","href":"https:\/\/api.w.org\/{rel}","templated":true}]}}