{"id":4848,"date":"2023-03-26T13:55:57","date_gmt":"2023-03-26T13:55:57","guid":{"rendered":"https:\/\/gpdstore.net\/senza-categoria\/gpd-tasca-3\/"},"modified":"2026-01-07T00:09:47","modified_gmt":"2026-01-07T00:09:47","slug":"gpd-pocket-3","status":"publish","type":"product","link":"https:\/\/gpdstore.net\/it\/product\/gpd-pocket-3\/","title":{"rendered":"GPD Pocket 3 Mini Laptop"},"content":{"rendered":"\n<figure class=\"wp-block-video\"><video controls=\"\" poster=\"https:\/\/gpdstore.net\/wp-content\/uploads\/2023\/03\/s-l1600-2025-11-11T121147209.webp\" src=\"https:\/\/gpdstore.net\/wp-content\/uploads\/2023\/03\/kaezXFcAdRaf7bFG0dm_1100204901809_mp4_265_hd-1.mp4\"><\/video><\/figure>\n\n<div class=\"wp-block-columns is-layout-flex wp-container-core-columns-is-layout-28f84493 wp-block-columns-is-layout-flex\">\n<div class=\"wp-block-column is-layout-flow wp-block-column-is-layout-flow\" style=\"flex-basis:33.33%\">\n<figure class=\"wp-block-image size-full\"><a href=\"https:\/\/gpdstore.net\/wp-content\/uploads\/2023\/03\/Wholesale-Price-GPD-Pocket-3-Mini-Laptop-16GB-1TB-i7-GPD-Pocket-3jpg_.webp\"><img fetchpriority=\"high\" decoding=\"async\" width=\"800\" height=\"800\" src=\"https:\/\/gpdstore.net\/wp-content\/uploads\/2023\/03\/Wholesale-Price-GPD-Pocket-3-Mini-Laptop-16GB-1TB-i7-GPD-Pocket-3jpg_.webp\" alt=\"GPD Pocket 3, un mini computer portatile compatto e potente, progettato per essere versatile e trasportabile.\" class=\"wp-image-1263941\" srcset=\"https:\/\/gpdstore.net\/wp-content\/uploads\/2023\/03\/Wholesale-Price-GPD-Pocket-3-Mini-Laptop-16GB-1TB-i7-GPD-Pocket-3jpg_.webp 800w, https:\/\/gpdstore.net\/wp-content\/uploads\/2023\/03\/Wholesale-Price-GPD-Pocket-3-Mini-Laptop-16GB-1TB-i7-GPD-Pocket-3jpg_-600x600.webp 600w, https:\/\/gpdstore.net\/wp-content\/uploads\/2023\/03\/Wholesale-Price-GPD-Pocket-3-Mini-Laptop-16GB-1TB-i7-GPD-Pocket-3jpg_-150x150.webp 150w, https:\/\/gpdstore.net\/wp-content\/uploads\/2023\/03\/Wholesale-Price-GPD-Pocket-3-Mini-Laptop-16GB-1TB-i7-GPD-Pocket-3jpg_-768x768.webp 768w, https:\/\/gpdstore.net\/wp-content\/uploads\/2023\/03\/Wholesale-Price-GPD-Pocket-3-Mini-Laptop-16GB-1TB-i7-GPD-Pocket-3jpg_-65x65.webp 65w, https:\/\/gpdstore.net\/wp-content\/uploads\/2023\/03\/Wholesale-Price-GPD-Pocket-3-Mini-Laptop-16GB-1TB-i7-GPD-Pocket-3jpg_-360x360.webp 360w, https:\/\/gpdstore.net\/wp-content\/uploads\/2023\/03\/Wholesale-Price-GPD-Pocket-3-Mini-Laptop-16GB-1TB-i7-GPD-Pocket-3jpg_-441x441.webp 441w, https:\/\/gpdstore.net\/wp-content\/uploads\/2023\/03\/Wholesale-Price-GPD-Pocket-3-Mini-Laptop-16GB-1TB-i7-GPD-Pocket-3jpg_-100x100.webp 100w\" sizes=\"(max-width: 800px) 100vw, 800px\" \/><\/a><\/figure>\n<\/div>\n\n\n\n<div class=\"wp-block-column is-layout-flow wp-block-column-is-layout-flow\" style=\"flex-basis:66.66%\">\n<h2 class=\"wp-block-heading\"><strong><br\/><\/strong><strong>GPD Pocket 3: una centrale elettrica compatta con le prestazioni di<br\/>Intel Pentium Gold 7505<\/strong><\/h2>\n\n\n\n<p>Il <strong>GPD Pocket 3<\/strong> \u00e8 ora disponibile in una configurazione semplificata con <a href=\"https:\/\/www.intel.com\/content\/www\/us\/en\/products\/sku\/208667\/intel-pentium-gold-7505-processor-4m-cache-up-to-3-50-ghz-with-ipu\/specifications.html\" target=\"_blank\" rel=\"noopener nofollow\" title=\"\">processore Intel Pentium Gold 7505<\/a>. Con quattro core e otto thread e una velocit\u00e0 di boost fino a 3,5GHz, questa CPU offre solide prestazioni per la produttivit\u00e0 quotidiana e il multitasking. <\/p>\n\n\n\n<p>Abbinato a 16 GB di RAM LPDDR4x a 3733 MHz e a un veloce SSD M.2 <a href=\"https:\/\/droix.net\/product\/ayn-odin-2-super-dock\/\" target=\"_blank\" rel=\"noopener nofollow\" title=\"\">NVMe<\/a>, il Pocket 3 offre un&#8217;esperienza fluida per attivit\u00e0 come l&#8217;editing di documenti, la navigazione web, lo streaming video e i lavori creativi leggeri. Il suo design compatto e il sistema di porte modulari lo rendono ideale per i professionisti e gli appassionati che hanno bisogno di un dispositivo Windows potente ma portatile. <\/p>\n\n\n\n<p>Se lavori in remoto, viaggi o hai bisogno di un PC versatile e ultraportatile, il GPD Pocket 3 con Intel Pentium Gold rappresenta il perfetto equilibrio tra prestazioni e portabilit\u00e0.<\/p>\n<\/div>\n<\/div>\n\n<h2 class=\"wp-block-heading has-text-align-center\">Progettato per i professionisti: Versatilit\u00e0, controllo ed eccellenza nel design<\/h2>\n\n<div class=\"wp-block-columns is-layout-flex wp-container-core-columns-is-layout-28f84493 wp-block-columns-is-layout-flex\">\n<div class=\"wp-block-column is-layout-flow wp-block-column-is-layout-flow\">\n<figure class=\"wp-block-image size-full\"><img decoding=\"async\" width=\"300\" height=\"300\" src=\"https:\/\/gpdstore.net\/wp-content\/uploads\/2023\/03\/87affa8a-19ce-4c6d-891b-43840ae1d1f6__CR00300300_PT0_SX300_V1___.jpg\" alt=\"Il mini laptop GPD Pocket 3 &#xE8; dotato di uno schermo con rotazione di 180 gradi e possibilit&#xE0; di ribaltamento di 180 gradi, per offrire opzioni di visualizzazione e utilizzo flessibili.\" class=\"wp-image-1263942\" srcset=\"https:\/\/gpdstore.net\/wp-content\/uploads\/2023\/03\/87affa8a-19ce-4c6d-891b-43840ae1d1f6__CR00300300_PT0_SX300_V1___.jpg 300w, https:\/\/gpdstore.net\/wp-content\/uploads\/2023\/03\/87affa8a-19ce-4c6d-891b-43840ae1d1f6__CR00300300_PT0_SX300_V1___-150x150.jpg 150w, https:\/\/gpdstore.net\/wp-content\/uploads\/2023\/03\/87affa8a-19ce-4c6d-891b-43840ae1d1f6__CR00300300_PT0_SX300_V1___-65x65.jpg 65w, https:\/\/gpdstore.net\/wp-content\/uploads\/2023\/03\/87affa8a-19ce-4c6d-891b-43840ae1d1f6__CR00300300_PT0_SX300_V1___-100x100.jpg 100w\" sizes=\"(max-width: 300px) 100vw, 300px\" \/><\/figure>\n\n\n\n<h3 class=\"wp-block-heading\"><strong><strong>Un display che si adatta:<\/strong> Lo schermo girevole a 180\u00b0 con resistenza alla metallurgia delle polveri.<\/strong><\/h3>\n\n\n\n<p>Il nostro schermo girevole dal design innovativo, realizzato con un&#8217;avanzata tecnologia di metallurgia delle polveri, consente una rotazione fluida di 180 gradi con una sola mano attorno all&#8217;asse Y. Ha superato con successo rigorosi test di durata, resistendo a 100.000 operazioni robotiche continue (tra cui rotazione, apertura e chiusura) con un impressionante tasso di manutenibilit\u00e0 del 99,3%. <\/p>\n<\/div>\n\n\n\n<div class=\"wp-block-column is-layout-flow wp-block-column-is-layout-flow\">\n<figure class=\"wp-block-image size-full\"><img decoding=\"async\" width=\"300\" height=\"300\" src=\"https:\/\/gpdstore.net\/wp-content\/uploads\/2023\/03\/9728f488-7c9a-4702-8194-6d4228a0fa83__CR00300300_PT0_SX300_V1___.jpg\" alt=\"Il mini computer portatile GPD Pocket 3 con supporto per lo stilo, che consente un'immissione precisa e una maggiore produttivit&#xE0;.\" class=\"wp-image-1263943\" srcset=\"https:\/\/gpdstore.net\/wp-content\/uploads\/2023\/03\/9728f488-7c9a-4702-8194-6d4228a0fa83__CR00300300_PT0_SX300_V1___.jpg 300w, https:\/\/gpdstore.net\/wp-content\/uploads\/2023\/03\/9728f488-7c9a-4702-8194-6d4228a0fa83__CR00300300_PT0_SX300_V1___-150x150.jpg 150w, https:\/\/gpdstore.net\/wp-content\/uploads\/2023\/03\/9728f488-7c9a-4702-8194-6d4228a0fa83__CR00300300_PT0_SX300_V1___-65x65.jpg 65w, https:\/\/gpdstore.net\/wp-content\/uploads\/2023\/03\/9728f488-7c9a-4702-8194-6d4228a0fa83__CR00300300_PT0_SX300_V1___-100x100.jpg 100w\" sizes=\"(max-width: 300px) 100vw, 300px\" \/><\/figure>\n\n\n\n<h3 class=\"wp-block-heading\"><strong><strong><strong>Input di precisione:<\/strong> Utilizza la tastiera QWERTY premiata con il Red Dot e lo stilo a 4096 livelli.<\/strong><\/strong><\/h3>\n\n\n\n<p>Pocket 3 \u00e8 dotato di uno stilo attivo con 4096 livelli di sensibilit\u00e0 alla pressione, per una precisione di scrittura originale. Compatibile con la Surface Pen tramite il protocollo Microsoft MPP 2.0, permette di prendere appunti, annotazioni e firme senza problemi, consentendo di creare contenuti precisi e creativi in qualsiasi momento. <\/p>\n<\/div>\n\n\n\n<div class=\"wp-block-column is-layout-flow wp-block-column-is-layout-flow\">\n<figure class=\"wp-block-image size-full\"><img loading=\"lazy\" decoding=\"async\" width=\"300\" height=\"300\" src=\"https:\/\/gpdstore.net\/wp-content\/uploads\/2023\/03\/a2d68f01-c1f4-4886-afb1-90dae8b01b16__CR00300300_PT0_SX300_V1___.jpg\" alt=\"Il mini computer portatile GPD Pocket 3 &#xE8; dotato di una fotocamera ultrasottile da 1080P che offre una qualit&#xE0; video ad alta definizione per videochiamate chiare e nitide.\" class=\"wp-image-1263944\" srcset=\"https:\/\/gpdstore.net\/wp-content\/uploads\/2023\/03\/a2d68f01-c1f4-4886-afb1-90dae8b01b16__CR00300300_PT0_SX300_V1___.jpg 300w, https:\/\/gpdstore.net\/wp-content\/uploads\/2023\/03\/a2d68f01-c1f4-4886-afb1-90dae8b01b16__CR00300300_PT0_SX300_V1___-150x150.jpg 150w, https:\/\/gpdstore.net\/wp-content\/uploads\/2023\/03\/a2d68f01-c1f4-4886-afb1-90dae8b01b16__CR00300300_PT0_SX300_V1___-65x65.jpg 65w, https:\/\/gpdstore.net\/wp-content\/uploads\/2023\/03\/a2d68f01-c1f4-4886-afb1-90dae8b01b16__CR00300300_PT0_SX300_V1___-100x100.jpg 100w\" sizes=\"(max-width: 300px) 100vw, 300px\" \/><\/figure>\n\n\n\n<h3 class=\"wp-block-heading\"><strong><strong><strong>Comunicazione chiara:<\/strong> Connettiti ovunque con la videocamera grandangolare ultrasottile a 1080P.<\/strong><\/strong><\/h3>\n\n\n\n<p>Mini telecamera ultrasottile ad alta definizione 1080P con 2 milioni di pixel e un ampio campo visivo di 77\u00b0. Questo ti permette di comunicare con i tuoi familiari attraverso un webcast in diretta o di tenere videoconferenze con i colleghi in qualsiasi momento e ovunque. <\/p>\n<\/div>\n<\/div>\n\n<div class=\"wp-block-columns is-layout-flex wp-container-core-columns-is-layout-28f84493 wp-block-columns-is-layout-flex\">\n<div class=\"wp-block-column is-layout-flow wp-block-column-is-layout-flow\">\n<figure class=\"wp-block-image size-full\"><img loading=\"lazy\" decoding=\"async\" width=\"300\" height=\"400\" src=\"https:\/\/gpdstore.net\/wp-content\/uploads\/2023\/03\/dfaad9ca-c981-4178-9f69-19a4a5cf5f38__CR00300400_PT0_SX300_V1___.jpg\" alt=\"GPD Pocket 3 mini laptop con controllo KVM, che offre una perfetta integrazione e gestione di pi&#xF9; dispositivi da un'unica interfaccia.\" class=\"wp-image-1263945\" srcset=\"https:\/\/gpdstore.net\/wp-content\/uploads\/2023\/03\/dfaad9ca-c981-4178-9f69-19a4a5cf5f38__CR00300400_PT0_SX300_V1___.jpg 300w, https:\/\/gpdstore.net\/wp-content\/uploads\/2023\/03\/dfaad9ca-c981-4178-9f69-19a4a5cf5f38__CR00300400_PT0_SX300_V1___-150x200.jpg 150w\" sizes=\"(max-width: 300px) 100vw, 300px\" \/><\/figure>\n<\/div>\n\n\n\n<div class=\"wp-block-column is-layout-flow wp-block-column-is-layout-flow\">\n<h3 class=\"wp-block-heading\"><strong>Potere dell&#8217;amministrazione IT:<\/strong> accesso al server a livello hardware tramite il modulo KVM sostituibile a caldo.<\/h3>\n\n\n\n<p>A differenza del &#8220;desktop remoto&#8221;, il modulo di controllo KVM \u00e8 utilizzato per il controllo dell&#8217;accesso a livello hardware che copre l&#8217;intero processo di utilizzo del server in questione, dall&#8217;avvio, alle impostazioni del BIOS fino alle operazioni all&#8217;interno del sistema operativo.<\/p>\n\n\n\n<p>\u00c8 hot-swappable ma non ha un IP KVM, quindi non supporta la gestione remota ed \u00e8 adatto alla gestione di apparecchiature di rete locali prive di tastiera, mouse e display.<\/p>\n\n\n\n<p>*Modulo KVM\/Modulo RS-232\/Stylus venduto separatamente<\/p>\n<\/div>\n\n\n\n<div class=\"wp-block-column is-layout-flow wp-block-column-is-layout-flow\">\n<figure class=\"wp-block-image size-full\"><img loading=\"lazy\" decoding=\"async\" width=\"350\" height=\"175\" src=\"https:\/\/gpdstore.net\/wp-content\/uploads\/2023\/03\/c011901a-1c49-4ed6-b6e2-a74a6089bf57__CR00350175_PT0_SX350_V1___-1.jpg\" alt=\"Il mini laptop GPD Pocket 3 &#xE8; dotato di una tastiera QWERTY, progettata per una digitazione comoda ed efficiente in un formato compatto.\" class=\"wp-image-1263946\" srcset=\"https:\/\/gpdstore.net\/wp-content\/uploads\/2023\/03\/c011901a-1c49-4ed6-b6e2-a74a6089bf57__CR00350175_PT0_SX350_V1___-1.jpg 350w, https:\/\/gpdstore.net\/wp-content\/uploads\/2023\/03\/c011901a-1c49-4ed6-b6e2-a74a6089bf57__CR00350175_PT0_SX350_V1___-1-150x75.jpg 150w\" sizes=\"(max-width: 350px) 100vw, 350px\" \/><\/figure>\n\n\n\n<h3 class=\"wp-block-heading\"><strong>&#8220;Tastiera &#8220;QWERTY<\/strong><\/h3>\n\n\n\n<p>La nostra apprezzata tastiera &#8220;QWERTY&#8221; in stile cioccolatino chiclet, che ha vinto il Red Dot Award tedesco, \u00e8 ottimizzata per la digitazione con entrambe le mani concentrando i tasti pi\u00f9 importanti al centro, rendendo molto confortevole giocare con la tastiera e con il mouse su questo dispositivo!<\/p>\n<\/div>\n<\/div>\n\n<h2 class=\"wp-block-heading has-text-align-center\">Ingressi di livello professionale: Controllo hardware e digitazione ergonomica<\/h2>\n\n<figure class=\"wp-block-image aligncenter size-full\"><img loading=\"lazy\" decoding=\"async\" width=\"1024\" height=\"678\" src=\"https:\/\/gpdstore.net\/wp-content\/uploads\/2023\/03\/GPD-POCKET-3-MARKETING-IMAGE-2-1024x678-1.jpg\" alt=\"Il mini laptop GPD Pocket 3 &#xE8; in grado di collegare pi&#xF9; display per migliorare la produttivit&#xE0; e il multitasking.\" class=\"wp-image-1263947\" srcset=\"https:\/\/gpdstore.net\/wp-content\/uploads\/2023\/03\/GPD-POCKET-3-MARKETING-IMAGE-2-1024x678-1.jpg 1024w, https:\/\/gpdstore.net\/wp-content\/uploads\/2023\/03\/GPD-POCKET-3-MARKETING-IMAGE-2-1024x678-1-600x397.jpg 600w, https:\/\/gpdstore.net\/wp-content\/uploads\/2023\/03\/GPD-POCKET-3-MARKETING-IMAGE-2-1024x678-1-768x509.jpg 768w, https:\/\/gpdstore.net\/wp-content\/uploads\/2023\/03\/GPD-POCKET-3-MARKETING-IMAGE-2-1024x678-1-360x238.jpg 360w, https:\/\/gpdstore.net\/wp-content\/uploads\/2023\/03\/GPD-POCKET-3-MARKETING-IMAGE-2-1024x678-1-990x655.jpg 990w, https:\/\/gpdstore.net\/wp-content\/uploads\/2023\/03\/GPD-POCKET-3-MARKETING-IMAGE-2-1024x678-1-441x292.jpg 441w, https:\/\/gpdstore.net\/wp-content\/uploads\/2023\/03\/GPD-POCKET-3-MARKETING-IMAGE-2-1024x678-1-150x99.jpg 150w\" sizes=\"(max-width: 1024px) 100vw, 1024px\" \/><\/figure>\n\n<p>GPD \u00e8 tornata con la terza edizione della sua famosa linea di mini computer portatili, con il <strong>GPD Pocket 3<\/strong>! Questo computer portatile di piccolo formato, ricco di funzioni, \u00e8 sufficientemente equipaggiato e flessibile per soddisfare tutte le tue esigenze informatiche quotidiane con facilit\u00e0.<\/p>\n\n<p>Oltre alla pletora di interfacce di cui il dispositivo gi\u00e0 dispone (USB, Thunderbolt, RJ45, ecc.), il GPD Pocket 3 \u00e8 dotato di una &#8220;interfaccia di connessione modulare&#8221;. Questo ti permette di adattare liberamente le porte del <strong>GPD Pocket 3<\/strong> alle tue esigenze. Vuoi una porta USB in pi\u00f9 per un altro dispositivo? Nessun problema. Hai bisogno di interfacciarti con un server? \u00c8 facile con il modulo KVM dedicato!     <\/p>\n\n<p>Alla fine dei conti, il <strong>GPD Pocket 3<\/strong> \u00e8 ricco di funzioni e caratteristiche utili. Microfono incorporato? Ce l&#8217;hai. Display ruotabile a 360 gradi? Certo! Porta HDMI? C&#8217;\u00e8 gi\u00e0!      <\/p>\n\n<p>Che tu sia interessato al modello di fascia alta o a quello base, otterrai un portatile altamente portatile e personalizzabile per adattarsi perfettamente a te.<\/p>\n\n<figure class=\"wp-block-image aligncenter size-full\"><img loading=\"lazy\" decoding=\"async\" width=\"970\" height=\"600\" src=\"https:\/\/gpdstore.net\/wp-content\/uploads\/2023\/03\/28ee65cf-aa50-4535-b107-c1d20069d506__CR00970600_PT0_SX970_V1___.jpg\" alt=\"I parametri di sistema del mini computer portatile GPD Pocket 3 includono le specifiche di processore, memoria, memoria e display per ottenere prestazioni ottimali.\" class=\"wp-image-1263948\" srcset=\"https:\/\/gpdstore.net\/wp-content\/uploads\/2023\/03\/28ee65cf-aa50-4535-b107-c1d20069d506__CR00970600_PT0_SX970_V1___.jpg 970w, https:\/\/gpdstore.net\/wp-content\/uploads\/2023\/03\/28ee65cf-aa50-4535-b107-c1d20069d506__CR00970600_PT0_SX970_V1___-600x371.jpg 600w, https:\/\/gpdstore.net\/wp-content\/uploads\/2023\/03\/28ee65cf-aa50-4535-b107-c1d20069d506__CR00970600_PT0_SX970_V1___-768x475.jpg 768w, https:\/\/gpdstore.net\/wp-content\/uploads\/2023\/03\/28ee65cf-aa50-4535-b107-c1d20069d506__CR00970600_PT0_SX970_V1___-360x223.jpg 360w, https:\/\/gpdstore.net\/wp-content\/uploads\/2023\/03\/28ee65cf-aa50-4535-b107-c1d20069d506__CR00970600_PT0_SX970_V1___-441x273.jpg 441w, https:\/\/gpdstore.net\/wp-content\/uploads\/2023\/03\/28ee65cf-aa50-4535-b107-c1d20069d506__CR00970600_PT0_SX970_V1___-150x93.jpg 150w\" sizes=\"(max-width: 970px) 100vw, 970px\" \/><\/figure>\n","protected":false},"excerpt":{"rendered":"<ul>\n<li>Intel\u00ae Pentium\u00ae Gold 7505 fino a 3,50GHz; 4 Core\/8 Threads<\/li>\n<li><strong>16GB di RAM LPDDR4x<\/strong> a 3733Mhz<\/li>\n<li><strong>Thunderbolt 4 \/ Display touchscreen da 8&#8243; \/ Scanner di impronte digitali<\/strong><\/li>\n<li><strong>Fino a 4TB<\/strong> di SSD PCI-E NVMe<\/li>\n<li>Modulare con <strong>porte KVM\/RS-232 <\/strong>(vendute separatamente)<\/li>\n<\/ul>\n<p><img loading=\"lazy\" decoding=\"async\" src=\"https:\/\/gpdstore.net\/wp-content\/uploads\/2024\/08\/POCKET-4-FREEBIE-LONG.jpg\" alt=\"Banner promozionale per il GPD Pocket 4 che offre una custodia protettiva gratuita. Il testo recita \"REGALI GRATUITI - CUSTODIA PROTETTIVA - AGGIUNTA AUTOMATICAMENTE AL CARRELLO\", accompagnato dall'immagine di una elegante custodia protettiva nera.\" width=\"1000\" height=\"140\" class=\"alignnone size-full wp-image-973719\" srcset=\"https:\/\/gpdstore.net\/wp-content\/uploads\/2024\/08\/POCKET-4-FREEBIE-LONG.jpg 1000w, https:\/\/gpdstore.net\/wp-content\/uploads\/2024\/08\/POCKET-4-FREEBIE-LONG-600x84.jpg 600w, https:\/\/gpdstore.net\/wp-content\/uploads\/2024\/08\/POCKET-4-FREEBIE-LONG-768x108.jpg 768w, https:\/\/gpdstore.net\/wp-content\/uploads\/2024\/08\/POCKET-4-FREEBIE-LONG-360x50.jpg 360w, https:\/\/gpdstore.net\/wp-content\/uploads\/2024\/08\/POCKET-4-FREEBIE-LONG-990x139.jpg 990w, https:\/\/gpdstore.net\/wp-content\/uploads\/2024\/08\/POCKET-4-FREEBIE-LONG-441x62.jpg 441w, https:\/\/gpdstore.net\/wp-content\/uploads\/2024\/08\/POCKET-4-FREEBIE-LONG-150x21.jpg 150w\" sizes=\"(max-width: 1000px) 100vw, 1000px\" \/><\/p>\n<p> [cg_accordion title=\"INFO SUL PAGAMENTO\"] Utilizziamo la pi\u00f9 recente tecnologia di elaborazione dei pagamenti, che ti permette di effettuare il checkout tramite carta di debito\/credito o PayPal per un&#8217;esperienza veloce e sicura.[\/cg_accordion] [cg_accordion title=\"GARANZIA\"] 2 anni di garanzia da parte di <a href=\"https:\/\/droix.net\/\" target=\"_blank\" rel=\"nofollow noopener\">DROIX Global<\/a> per la tua tranquillit\u00e0.[\/cg_accordion] [cg_accordion title=\"GARANZIA DI QUALIT\u00c0 E TEST PRE-SPEDIZIONE\"] Garantiamo la soddisfazione del cliente ai massimi livelli: Ogni dispositivo viene sottoposto a test rigorosi e a un controllo di qualit\u00e0 in pi\u00f9 punti prima di essere spedito. Il nostro team dedicato verifica le prestazioni, la funzionalit\u00e0 e l&#8217;integrit\u00e0 dei componenti per garantire che il tuo dispositivo GPD sia perfettamente funzionante al momento dell&#8217;arrivo, offrendoti fiducia e tranquillit\u00e0.[\/cg_accordion] [cg_accordion title=\"PREZZI, TASSE E SPEDIZIONE\"] <strong><u>Nota:<\/u><\/strong><\/p>\n<ul>\n<li>Clienti degli Stati Uniti: Il prezzo esposto non include tasse e dazi. La responsabilit\u00e0 dello sdoganamento e del pagamento di eventuali tasse e dazi \u00e8 a carico del cliente. <\/li>\n<li>Clienti UE: Il prezzo indicato \u00e8 comprensivo dell&#8217;imposta applicabile, che pu\u00f2 arrivare al 25% a seconda del paese.<\/li>\n<li>Clienti del Canada: Il prezzo visualizzato \u00e8 comprensivo delle imposte applicabili, che possono includere il 5% di GST e ulteriori imposte provinciali sulle vendite (PST), l&#8217;imposta sulle vendite armonizzata (HST) o l&#8217;imposta sulle vendite del Quebec (QST), a seconda della tua provincia.<\/li>\n<\/ul>\n<p><strong>Solo per i clienti dell&#8217;UE:<\/strong> Express DDP (Delivered Duty Paid). Ci\u00f2 significa che: <\/p>\n<ul>\n<li style=\"list-style-type: none;\">\n<ul>\n<li>Tutti i dazi doganali e le tasse sono inclusi nel prezzo indicato nella pagina del prodotto.<\/li>\n<li>Non dovrai pagare alcun costo aggiuntivo alla consegna.<\/li>\n<li>Nel raro caso di problemi doganali, il nostro team si occuper\u00e0 del processo di sdoganamento per conto tuo per garantire una consegna senza problemi.<\/li>\n<p>Informazioni importanti sulla restituzione:<\/p>\n<li>Se decidi di restituire l&#8217;ordine o di richiedere un rimborso, tieni presente che le tasse e i dazi pagati a tuo nome secondo i termini del DDP non possono essere rimborsati.<\/li>\n<p>Consulta il nostro sito<\/ul>\n<\/li>\n<\/ul>\n<p><a href=\"https:\/\/droix.net\/terms-and-conditions\/\" target=\"_blank\" rel=\"nofollow noopener\">Termini e condizioni<\/a><\/p>\n<ul>per informazioni dettagliate.<\/ul>\n<p>[\/cg_accordion] [cg_accordion title=\"ASSISTENZA CLIENTI\"]  Hai una domanda? Basta un breve messaggio per risolvere il tuo problema!  Per informazioni dettagliate, consulta i nostri <a href=\"https:\/\/gpdstore.net\/en-gb\/terms-of-service\/\" target=\"_blank\" rel=\"nofollow noopener\">Termini e Condizioni<\/a>.  [\/cg_accordion] [cg_accordion title=\"COSA \u00c8 INCLUSO\"]<\/p>\n<ul>\n<li>1x GPD Pocket 3<\/li>\n<li>1 adattatore di alimentazione<\/li>\n<li>1 cavo USB Tipo-C<\/li>\n<li>1x Manuale d&#8217;uso<\/li>\n<li>1x Stilo GPD<\/li>\n<\/ul>\n<p>[\/cg_accordion]<\/p>\n","protected":false},"featured_media":4849,"template":"","meta":{"_acf_changed":false},"product_brand":[],"product_cat":[1565,1566,1090],"product_tag":[14540,1568],"woo-feed-brand":[1093],"class_list":{"0":"post-4848","1":"product","2":"type-product","3":"status-publish","4":"has-post-thumbnail","6":"product_cat-computer-portatili","7":"product_cat-tablet-portatile","8":"product_cat-mini-computer-portatili-gpd","9":"product_tag-8xmsale-it-2","10":"product_tag-gpd-tasca-3","11":"product_shipping_class-premium","12":"pa_bluetooth-5-it","13":"pa_brand-gpd","14":"pa_display-type-h-ips-it","15":"pa_graphics-gpu-model-core-i3-1125g4-grafica-uhd","16":"pa_graphics-gpu-model-core-i7-1195g7-grafica-iris-xe","17":"pa_graphics-gpu-model-pentium-gold-7505-grafica-uhd","18":"pa_i-o-video-1x-hdmi-2-0b-it","19":"pa_i-o-video-tramite-1x-usb-4-0-type-c-40gb-s","20":"pa_memory-ram-capacity-8gb-it","21":"pa_memory-ram-capacity-16gb-it","22":"pa_memory-ram-technology-lpddr4x-it","23":"pa_processor-cpu-model-intel-core-i3-1125g4","24":"pa_processor-cpu-model-intel-core-i7-1195g7","25":"pa_processor-cpu-model-intel-pentium-gold-7505","26":"pa_processor-cpu-model-pentium-silver-n6000","27":"pa_storage-capacity-512-gb-it","28":"pa_storage-capacity-1tb-it","29":"pa_wi-fi-wi-fi-6-it","30":"woo-feed-brand-gpd-it","32":"first","33":"instock","34":"sale","35":"taxable","36":"shipping-taxable","37":"purchasable","38":"product-type-variable","39":"has-default-attributes"},"acf":[],"aioseo_notices":[],"_links":{"self":[{"href":"https:\/\/gpdstore.net\/it\/wp-json\/wp\/v2\/product\/4848","targetHints":{"allow":["GET"]}}],"collection":[{"href":"https:\/\/gpdstore.net\/it\/wp-json\/wp\/v2\/product"}],"about":[{"href":"https:\/\/gpdstore.net\/it\/wp-json\/wp\/v2\/types\/product"}],"wp:featuredmedia":[{"embeddable":true,"href":"https:\/\/gpdstore.net\/it\/wp-json\/wp\/v2\/media\/4849"}],"wp:attachment":[{"href":"https:\/\/gpdstore.net\/it\/wp-json\/wp\/v2\/media?parent=4848"}],"wp:term":[{"taxonomy":"product_brand","embeddable":true,"href":"https:\/\/gpdstore.net\/it\/wp-json\/wp\/v2\/product_brand?post=4848"},{"taxonomy":"product_cat","embeddable":true,"href":"https:\/\/gpdstore.net\/it\/wp-json\/wp\/v2\/product_cat?post=4848"},{"taxonomy":"product_tag","embeddable":true,"href":"https:\/\/gpdstore.net\/it\/wp-json\/wp\/v2\/product_tag?post=4848"},{"taxonomy":"woo-feed-brand","embeddable":true,"href":"https:\/\/gpdstore.net\/it\/wp-json\/wp\/v2\/woo-feed-brand?post=4848"}],"curies":[{"name":"wp","href":"https:\/\/api.w.org\/{rel}","templated":true}]}}