{"id":1274674,"date":"2025-04-14T09:38:22","date_gmt":"2025-04-14T09:38:22","guid":{"rendered":"https:\/\/gpdstore.net\/product\/gpd-win-mini-custodia-2025\/"},"modified":"2026-03-29T01:10:31","modified_gmt":"2026-03-29T01:10:31","slug":"gpd-win-mini-case-2025","status":"publish","type":"product","link":"https:\/\/gpdstore.net\/it\/product\/gpd-win-mini-case-2025\/","title":{"rendered":"GPD WIN Mini Custodia 2025"},"content":{"rendered":"\n<h2 class=\"wp-block-heading\">Panoramica del prodotto:  <\/h2>\n\n<p>La <strong>custodia diGPD WIN Mini 2025<\/strong> \u00e8 un compagno di viaggio elegante, compatto e resistente, progettato appositamente per il PC portatile da gioco GPD WIN Mini 2025. Costruita per proteggere il dispositivo con materiali di prima qualit\u00e0 e un design intelligente, questa custodia offre una protezione moderna con un&#8217;estetica elegante, perfetta per i giocatori in movimento. <\/p>\n\n<h2 class=\"wp-block-heading\">Caratteristiche principali :<\/h2>\n\n<p><strong>Protezione su misura per WIN Mini 2025<\/strong><br\/>Progettata esclusivamente per il GPD WIN Mini 2025, questa custodia garantisce un&#8217;aderenza perfetta per mantenere il tuo dispositivo al sicuro durante i viaggi o l&#8217;uso quotidiano.<\/p>\n\n<p><strong>Costruzione a guscio rigido<\/strong><br\/>Il resistente guscio rigido in EVA offre una maggiore protezione contro urti, cadute e graffi, proteggendo il dispositivo in qualsiasi situazione.<\/p>\n\n<p><strong>Morbida imbottitura interna<\/strong><br\/>All&#8217;interno, la fodera in tessuto felpato e la schiuma che assorbe gli urti offrono una cura delicata per la console, impedendo il movimento interno e i danni alla superficie.<\/p>\n\n<p><strong>Chiusura a cerniera sicura<\/strong><br\/>Una cerniera di alta qualit\u00e0 mantiene tutto sigillato e protetto, rendendo questa custodia perfetta per gli spostamenti, i viaggi o la conservazione del palmare.<\/p>\n\n<p><strong>Scomparto per la conservazione degli accessori<\/strong><br\/>Include una tasca interna in rete ideale per riporre cavi di ricarica, auricolari, schede SD o altri piccoli oggetti essenziali, per tenere tutta l&#8217;attrezzatura in un unico posto.<\/p>\n\n<p><strong>Design sottile e leggero<\/strong><br\/>La sua forma compatta garantisce la massima portabilit\u00e0 senza sacrificare la protezione o lo stile. Si pu\u00f2 infilare nello zaino o portarlo da solo con facilit\u00e0. <\/p>\n\n<h3 class=\"wp-block-heading\">Perch\u00e9 scegliere la custodia GPD WIN Mini 2025?<\/h3>\n\n<p>Progettata pensando ai giocatori, questa custodia combina una robusta resistenza con dettagli accurati come l&#8217;imbottitura interna e la custodia per gli accessori. Che stiate andando al lavoro, viaggiando all&#8217;estero o giocando a casa di un amico, la custodia GPD WIN Mini 2025 \u00e8 il compagno ideale per mantenere il vostro dispositivo sicuro ed elegante, ovunque vi porti la vita. <\/p>\n\n<hr class=\"wp-block-separator has-alpha-channel-opacity\"\/>\n\n<h3 class=\"wp-block-heading\">Specifiche:<\/h3>\n\n<ul class=\"wp-block-list\">\n<li><strong>Materiale:<\/strong> Guscio rigido in EVA + interno in tessuto morbido<\/li>\n\n\n\n<li><strong>Compatibilit\u00e0:<\/strong> GPD WIN Mini 2025<\/li>\n\n\n\n<li><strong>Tipo di chiusura:<\/strong> Cerniera<\/li>\n\n\n\n<li><strong>Conservazione:<\/strong> Tasca interna in rete per gli accessori<\/li>\n\n\n\n<li><strong>Dimensioni:<\/strong> Progettato con precisione per GPD WIN Mini 2025.<\/li>\n<\/ul>\n\n<p><\/p>\n","protected":false},"excerpt":{"rendered":"<ul>\n<li><strong>Adattamento ufficiale:<\/strong> Ideato per GPD WIN Mini 2025<\/li>\n<li><strong>Cinghia di sicurezza:<\/strong> mantiene il dispositivo saldamente in posizione<strong>.<\/strong> <\/li>\n<li><strong>Fodera morbida:<\/strong> Previene graffi e urti<\/li>\n<li><strong>Cinghia a mano:<\/strong> facile da trasportare ovunque<\/li>\n<li><strong>Guscio rigido:<\/strong> Protezione duratura in movimento<\/li>\n<\/ul>\n[cg_accordion title=\"INFO SUL PAGAMENTO\"]<\/p>\n<p>Utilizziamo la pi\u00f9 recente tecnologia di elaborazione dei pagamenti, che consente di effettuare il checkout tramite carta di debito\/credito o PayPal per un&#8217;esperienza rapida e sicura.[\/cg_accordion]\n[cg_accordion title=\"GARANZIA\"]<\/p>\n<p>2 anni di garanzia da parte di <a href=\"https:\/\/droix.net\/\" target=\"_blank\" rel=\"nofollow noopener\">DROIX Global<\/a> per la vostra tranquillit\u00e0[\/cg_accordion]\n[cg_accordion title=\"GARANZIA DI QUALIT\u00c0 E TEST PRE-SPEDIZIONE\"]<\/p>\n<p>Garantire la soddisfazione del cliente ai massimi livelli: Ogni dispositivo viene sottoposto a test rigorosi e a un controllo di qualit\u00e0 in pi\u00f9 punti prima di essere spedito. Il nostro team dedicato verifica le prestazioni, la funzionalit\u00e0 e l&#8217;integrit\u00e0 dei componenti per garantire che il tuo dispositivo GPD sia perfettamente funzionante al momento dell&#8217;arrivo, offrendoti fiducia e tranquillit\u00e0. [\/cg_accordion]\n[cg_accordion title=\"PREZZI, TASSE E SPEDIZIONE\"]<\/p>\n<p><strong><u>Nota:<\/u><\/strong><\/p>\n<ul>\n<li>Clienti degli Stati Uniti: Il prezzo esposto non include tasse e imposte. La responsabilit\u00e0 dello sdoganamento e del pagamento di eventuali tasse\/dazi \u00e8 a carico del cliente. <\/li>\n<li>Clienti UE: Il prezzo visualizzato include l&#8217;imposta applicabile, che pu\u00f2 arrivare al 25% a seconda del paese.<\/li>\n<li>Clienti del Canada: Il prezzo visualizzato \u00e8 comprensivo delle imposte applicabili, che possono includere il 5% di GST e ulteriori imposte provinciali sulle vendite (PST), l&#8217;imposta sulle vendite armonizzata (HST) o l&#8217;imposta sulle vendite del Quebec (QST), a seconda della provincia di appartenenza.<\/li>\n<\/ul>\n<p>Per i nostri clienti USA: Gli ordini vengono spediti DAP (Delivered At Place). Sebbene i clienti siano responsabili del pagamento di tutte le tariffe applicabili, ci avvaliamo della nostra vasta esperienza nelle spedizioni dal Regno Unito per assicurarci che tu paghi il minor costo possibile. In base ai nostri dati, queste spese non superano in genere il 10% del valore dell&#8217;articolo.  <\/p>\n<p><strong>Solo per i clienti dell&#8217;UE:<\/strong> Express DDP (Delivered Duty Paid). Ci\u00f2 significa che: <\/p>\n<ul>\n<li>Tutti i dazi doganali e le tasse sono inclusi nel prezzo visualizzato nella pagina del prodotto.<\/li>\n<li>Non dovrete pagare alcun costo aggiuntivo alla consegna.<\/li>\n<li>Nel raro caso di problemi doganali, il nostro team si occuper\u00e0 del processo di sdoganamento per conto vostro per garantire una consegna senza problemi.<\/li>\n<p>Informazioni importanti sulla restituzione:<\/p>\n<li>Se decidete di restituire l&#8217;ordine o di richiedere un rimborso, sappiate che le tasse e i dazi pagati per vostro conto secondo i termini del DDP non possono essere rimborsati.<\/li>\n<p>Per informazioni dettagliate, consultare i nostri <a href=\"https:\/\/droix.net\/terms-and-conditions\/\" target=\"_blank\" rel=\"nofollow noopener\">Termini e condizioni<\/a>.\n<\/ul>\n<p>[\/cg_accordion]\n[cg_accordion title=\"ASSISTENZA CLIENTI\"]<\/p>\n<p>Avete una domanda? Basta un breve messaggio per risolvere il vostro problema! <\/p>\n<p>Per informazioni dettagliate, consultare i nostri <a href=\"https:\/\/gpdstore.net\/it\/terms-of-service\/\" target=\"_blank\" rel=\"nofollow noopener\">Termini e condizioni<\/a>.\n<\/ul>\n<p>[\/cg_accordion]\n[cg_accordion title=\"COSA \u00c8 INCLUSO\"]<\/p>\n<ul>\n<li>1x Custodia GPD WIN Mini 2025<\/li>\n<\/ul>\n<p>[\/cg_accordion]\n","protected":false},"featured_media":884,"template":"","meta":{"_acf_changed":false},"product_brand":[],"product_cat":[1327],"product_tag":[18197,4512],"woo-feed-brand":[],"class_list":{"0":"post-1274674","1":"product","2":"type-product","3":"status-publish","4":"has-post-thumbnail","6":"product_cat-accessori","7":"product_tag-25bfsale-it","8":"product_tag-gpd-win-mini-accessori","9":"product_shipping_class-low-end","10":"pa_accessory-type-custodia-protettiva","11":"pa_brand-gpd","13":"first","14":"instock","15":"sale","16":"taxable","17":"shipping-taxable","18":"purchasable","19":"product-type-simple"},"acf":[],"aioseo_notices":[],"_links":{"self":[{"href":"https:\/\/gpdstore.net\/it\/wp-json\/wp\/v2\/product\/1274674","targetHints":{"allow":["GET"]}}],"collection":[{"href":"https:\/\/gpdstore.net\/it\/wp-json\/wp\/v2\/product"}],"about":[{"href":"https:\/\/gpdstore.net\/it\/wp-json\/wp\/v2\/types\/product"}],"wp:featuredmedia":[{"embeddable":true,"href":"https:\/\/gpdstore.net\/it\/wp-json\/wp\/v2\/media\/884"}],"wp:attachment":[{"href":"https:\/\/gpdstore.net\/it\/wp-json\/wp\/v2\/media?parent=1274674"}],"wp:term":[{"taxonomy":"product_brand","embeddable":true,"href":"https:\/\/gpdstore.net\/it\/wp-json\/wp\/v2\/product_brand?post=1274674"},{"taxonomy":"product_cat","embeddable":true,"href":"https:\/\/gpdstore.net\/it\/wp-json\/wp\/v2\/product_cat?post=1274674"},{"taxonomy":"product_tag","embeddable":true,"href":"https:\/\/gpdstore.net\/it\/wp-json\/wp\/v2\/product_tag?post=1274674"},{"taxonomy":"woo-feed-brand","embeddable":true,"href":"https:\/\/gpdstore.net\/it\/wp-json\/wp\/v2\/woo-feed-brand?post=1274674"}],"curies":[{"name":"wp","href":"https:\/\/api.w.org\/{rel}","templated":true}]}}