{"id":1261274,"date":"2025-10-23T08:14:29","date_gmt":"2025-10-23T08:14:29","guid":{"rendered":"https:\/\/gpdstore.net\/?post_type=product&#038;p=1261274"},"modified":"2026-01-19T15:06:04","modified_gmt":"2026-01-19T15:06:04","slug":"gpd-win-5-battery","status":"publish","type":"product","link":"https:\/\/gpdstore.net\/it\/product\/gpd-win-5-battery\/","title":{"rendered":"Batteria GPD WIN 5"},"content":{"rendered":"\n<p>La <strong>batteria ricaricabile agli ioni di litio GPD WIN 5<\/strong> \u00e8 l&#8217;accessorio essenziale progettato per massimizzare l&#8217;autonomia di gioco del tuo PC portatile GPD WIN 5. Progettata per offrire prestazioni elevate e un&#8217;integrazione perfetta, questa batteria esterna da 80Wh ti permette di staccarti dalla parete e di giocare al PC di alto livello anche in movimento.<\/p>\n\n<hr class=\"wp-block-separator has-alpha-channel-opacity\"\/>\n\n<h3 class=\"wp-block-heading\">Caratteristiche principali:<\/h3>\n\n<p>\ud83d\udd0b Capacit\u00e0 estesa di 80,04Wh<\/p>\n\n<p>Con un&#8217;energia nominale di 80,04 Wh e una capacit\u00e0 nominale di 5170 mAh, questa batteria offre un&#8217;autonomia significativa, consentendoti di godere di sessioni di gioco prolungate lontano da una presa di corrente.<\/p>\n\n<p>Erogazione di potenza elevata<\/p>\n\n<p>Con una tensione nominale di 15,48V e una tensione di carica limitata di 17,80V, questa batteria agli ioni di litio a 4 celle \u00e8 costruita per gestire l&#8217;esigente consumo di energia della potente APU AMD Strix Halo della GPD WIN 5.<\/p>\n\n<p>\ud83d\udd04 Design modulare ad attacco rapido<\/p>\n\n<p>La batteria \u00e8 dotata di un meccanismo proprietario di connessione rapida che si aggancia facilmente e in modo sicuro al retro del palmare GPD WIN 5 (come mostrato nell&#8217;immagine), rendendola modulare e sostituibile a caldo con una di riserva.<\/p>\n\n<p>\ud83d\udcaa Ergonomico e integrato<\/p>\n\n<p>Progettato per integrarsi perfettamente con lo chassis di GPD WIN 5, il pacco batteria mantiene il fattore di forma del dispositivo portatile, aggiungendo al contempo un&#8217;impugnatura ergonomica e una fonte di alimentazione necessaria.<\/p>\n\n<p>\ud83d\udd0c Accessorio originale GPD<\/p>\n\n<p>Si tratta di una batteria ufficiale GPD agli ioni di litio (modello: 5.054BAG, modello: 4ICP 77\/48\/100), che garantisce una perfetta compatibilit\u00e0, sicurezza e prestazioni ottimali con la tua GPD WIN 5.<\/p>\n\n<hr class=\"wp-block-separator has-alpha-channel-opacity\"\/>\n\n<h3 class=\"wp-block-heading\">Specifiche:<\/h3>\n\n<figure class=\"wp-block-table\"><table class=\"has-fixed-layout\"><thead><tr><td><strong>Dettaglio<\/strong><\/td><td><strong>Specifiche<\/strong><\/td><\/tr><\/thead><tbody><tr><td><strong>Modello<\/strong><\/td><td>5.054BAG (4ICP 77\/48\/100)<\/td><\/tr><tr><td><strong>Tipo di batteria<\/strong><\/td><td>Batteria ricaricabile agli ioni di litio<\/td><\/tr><tr><td><strong>Energia nominale<\/strong><\/td><td>80,04 Wh<\/td><\/tr><tr><td><strong>Capacit\u00e0 nominale<\/strong><\/td><td>5170 mAh<\/td><\/tr><tr><td><strong>Tensione nominale<\/strong><\/td><td>15.48 V<\/td><\/tr><tr><td><strong>Tensione di carica limitata<\/strong><\/td><td>17.80 V<\/td><\/tr><tr><td><strong>Compatibilit\u00e0<\/strong><\/td><td>PC da gioco portatile GPD WIN 5<\/td><\/tr><\/tbody><\/table><\/figure>\n","protected":false},"excerpt":{"rendered":"<ul>\n<li><strong>Capacit\u00e0 di 80,04Wh:<\/strong> Garantisce un&#8217;autonomia di gioco portatile prolungata e ad alta potenza.<\/li>\n<li><strong>Capacit\u00e0 nominale di 5170mAh:<\/strong> Assicura un utilizzo duraturo e affidabile anche in viaggio.<\/li>\n<li><strong>Design modulare:<\/strong> Meccanismo ad attacco rapido per una facile sostituzione e rimozione.<\/li>\n<li><strong>Potenza ad alta tensione:<\/strong> costruita per supportare la potente APU della GPD WIN 5.<\/li>\n<li><strong>Accessorio ufficiale GPD:<\/strong> Garantisce perfetta vestibilit\u00e0, compatibilit\u00e0 e sicurezza.<\/li>\n<\/ul>\n<pre><b>Articolo in pre-ordine<\/b>\nData di uscita prevista:\n<ul>\n<li>2 febbraio 2026<\/li><\/pre>\n<\/ul>\n[cg_accordion title=\"INFO SUL PAGAMENTO\"]<\/p>\n<p>Utilizziamo la pi\u00f9 recente tecnologia di elaborazione dei pagamenti, che consente di effettuare il checkout tramite carta di debito\/credito o PayPal per un&#8217;esperienza rapida e sicura.[\/cg_accordion]\n[cg_accordion title=\"GARANZIA\"]<\/p>\n<p>2 anni di garanzia da parte di <a href=\"https:\/\/droix.net\/\" target=\"_blank\" rel=\"nofollow noopener\">DROIX Global<\/a> per la vostra tranquillit\u00e0[\/cg_accordion]\n[cg_accordion title=\"GARANZIA DI QUALIT\u00c0 E TEST PRE-SPEDIZIONE\"]<\/p>\n<p>Garantire la soddisfazione del cliente ai massimi livelli: Ogni dispositivo viene sottoposto a test rigorosi e a un controllo di qualit\u00e0 in pi\u00f9 punti prima di essere spedito. Il nostro team dedicato verifica le prestazioni, la funzionalit\u00e0 e l&#8217;integrit\u00e0 dei componenti per garantire che il tuo dispositivo GPD sia perfettamente funzionante al momento dell&#8217;arrivo, offrendoti fiducia e tranquillit\u00e0. [\/cg_accordion]\n[cg_accordion title=\"PREZZI, TASSE E SPEDIZIONE\"]<\/p>\n<p><strong><u>Nota:<\/u><\/strong><\/p>\n<ul>\n<li>Clienti degli Stati Uniti: Il prezzo esposto non include tasse e imposte. La responsabilit\u00e0 dello sdoganamento e del pagamento di eventuali tasse\/dazi \u00e8 a carico del cliente. <\/li>\n<li>Clienti UE: Il prezzo visualizzato include l&#8217;imposta applicabile, che pu\u00f2 arrivare al 25% a seconda del paese.<\/li>\n<li>Clienti del Canada: Il prezzo visualizzato \u00e8 comprensivo delle imposte applicabili, che possono includere il 5% di GST e ulteriori imposte provinciali sulle vendite (PST), l&#8217;imposta sulle vendite armonizzata (HST) o l&#8217;imposta sulle vendite del Quebec (QST), a seconda della provincia di appartenenza.<\/li>\n<\/ul>\n<p>Per i nostri clienti USA: Gli ordini vengono spediti DAP (Delivered At Place). Sebbene i clienti siano responsabili del pagamento di tutte le tariffe applicabili, ci avvaliamo della nostra vasta esperienza nelle spedizioni dal Regno Unito per assicurarci che tu paghi il minor costo possibile. In base ai nostri dati, queste spese non superano in genere il 10% del valore dell&#8217;articolo.  <\/p>\n<p><strong>Solo per i clienti dell&#8217;UE:<\/strong> Express DDP (Delivered Duty Paid). Ci\u00f2 significa che: <\/p>\n<ul>\n<li>Tutti i dazi doganali e le tasse sono inclusi nel prezzo visualizzato nella pagina del prodotto.<\/li>\n<li>Non dovrete pagare alcun costo aggiuntivo alla consegna.<\/li>\n<li>Nel raro caso di problemi doganali, il nostro team si occuper\u00e0 del processo di sdoganamento per conto vostro per garantire una consegna senza problemi.<\/li>\n<p>Informazioni importanti sulla restituzione:<\/p>\n<li>Se decidete di restituire l&#8217;ordine o di richiedere un rimborso, sappiate che le tasse e i dazi pagati per vostro conto secondo i termini del DDP non possono essere rimborsati.<\/li>\n<p>Per informazioni dettagliate, consultare i nostri <a href=\"https:\/\/droix.net\/terms-and-conditions\/\" target=\"_blank\" rel=\"nofollow noopener\">Termini e condizioni<\/a>.\n<\/ul>\n<p>[\/cg_accordion]\n[cg_accordion title=\"ASSISTENZA CLIENTI\"]<\/p>\n<p>Avete una domanda? Basta un breve messaggio per risolvere il vostro problema! <\/p>\n<p>Per informazioni dettagliate, consultare i nostri <a href=\"https:\/\/gpdstore.net\/it\/terms-of-service\/\" target=\"_blank\" rel=\"nofollow noopener\">Termini e condizioni<\/a>.\n<\/ul>\n<p>[\/cg_accordion]\n[cg_accordion title=\"COSA \u00c8 INCLUSO\"]<\/p>\n<ul>\n<li>1x Batteria GPD WIN 5<\/li>\n<\/ul>\n<p>[\/cg_accordion]\n","protected":false},"featured_media":1261275,"template":"","meta":{"_acf_changed":false},"product_brand":[],"product_cat":[1327],"product_tag":[],"woo-feed-brand":[1093],"class_list":{"0":"post-1261274","1":"product","2":"type-product","3":"status-publish","4":"has-post-thumbnail","6":"product_cat-accessori","7":"product_shipping_class-low-end","8":"pa_accessory-type-add-on","9":"pa_brand-gpd","10":"woo-feed-brand-gpd-it","12":"first","13":"instock","14":"taxable","15":"shipping-taxable","16":"purchasable","17":"product-type-variable","18":"has-default-attributes"},"acf":[],"aioseo_notices":[],"_links":{"self":[{"href":"https:\/\/gpdstore.net\/it\/wp-json\/wp\/v2\/product\/1261274","targetHints":{"allow":["GET"]}}],"collection":[{"href":"https:\/\/gpdstore.net\/it\/wp-json\/wp\/v2\/product"}],"about":[{"href":"https:\/\/gpdstore.net\/it\/wp-json\/wp\/v2\/types\/product"}],"wp:featuredmedia":[{"embeddable":true,"href":"https:\/\/gpdstore.net\/it\/wp-json\/wp\/v2\/media\/1261275"}],"wp:attachment":[{"href":"https:\/\/gpdstore.net\/it\/wp-json\/wp\/v2\/media?parent=1261274"}],"wp:term":[{"taxonomy":"product_brand","embeddable":true,"href":"https:\/\/gpdstore.net\/it\/wp-json\/wp\/v2\/product_brand?post=1261274"},{"taxonomy":"product_cat","embeddable":true,"href":"https:\/\/gpdstore.net\/it\/wp-json\/wp\/v2\/product_cat?post=1261274"},{"taxonomy":"product_tag","embeddable":true,"href":"https:\/\/gpdstore.net\/it\/wp-json\/wp\/v2\/product_tag?post=1261274"},{"taxonomy":"woo-feed-brand","embeddable":true,"href":"https:\/\/gpdstore.net\/it\/wp-json\/wp\/v2\/woo-feed-brand?post=1261274"}],"curies":[{"name":"wp","href":"https:\/\/api.w.org\/{rel}","templated":true}]}}