{"id":1258252,"date":"2025-10-21T14:46:01","date_gmt":"2025-10-21T14:46:01","guid":{"rendered":"https:\/\/gpdstore.net\/product\/stazione-docking-gpd-win-5\/"},"modified":"2026-01-19T15:05:27","modified_gmt":"2026-01-19T15:05:27","slug":"gpd-win-5-docking-station","status":"publish","type":"product","link":"https:\/\/gpdstore.net\/it\/product\/gpd-win-5-docking-station\/","title":{"rendered":"Stazione docking GPD WIN 5"},"content":{"rendered":"\n<p>La <strong>Docking Station GPD WIN 5<\/strong> (spesso chiamata Smart Dock) \u00e8 l&#8217;hub da scrivania essenziale, progettato per liberare tutto il potenziale del tuo <a href=\"https:\/\/gpdstore.net\/it\/product\/gpd-win-5\/\" target=\"_blank\" rel=\"noopener\" title=\"\">PC portatile da gioco GPD WIN 5<\/a>. Trasforma la tua centrale elettrica portatile in una configurazione desktop completa per il gioco e la produttivit\u00e0 con una semplice connessione, garantendo la massima potenza e una perfetta integrazione delle periferiche.<\/p>\n\n<hr class=\"wp-block-separator has-alpha-channel-opacity\"\/>\n\n<h2 class=\"wp-block-heading\">Caratteristiche principali:<\/h2>\n\n<p><strong>Il<\/strong> dock \u00e8 progettato per collegarsi alla porta di alimentazione dedicata di GPD WIN 5, consentendo al dispositivo di funzionare con tutti i <strong>100W<\/strong> del suo caricatore. Questo permette all&#8217;APU Strix Halo ad alte prestazioni di sostenere il suo TDP massimo per una frequenza di fotogrammi di classe desktop, senza subire strozzature termiche. <\/p>\n\n<p>\ud83d\udcbb <strong>Trasformazione istantanea del desktop<\/strong> Aggancia facilmente il tuo GPD WIN 5 per collegarlo immediatamente a tutte le tue periferiche desktop.<sup><\/sup> Trasforma la tua console portatile in un vero e proprio PC Windows 11, pronto per il gioco competitivo, il lavoro o il consumo di contenuti multimediali.<sup><\/sup><\/p>\n\n<p>\ud83d\udda5\ufe0f <strong>Uscita display 4K ad alta velocit\u00e0<\/strong> Dotata di una <strong>porta HDMI 2.1<\/strong> dedicata, la Smart Dock pu\u00f2 inviare una <strong>risoluzione<\/strong> fino a <strong>4K a <sup><\/sup>144 Hz<\/strong> a un monitor o a una TV di gioco esterni, offrendo un&#8217;esperienza di alta fedelt\u00e0 e di grande morbidezza, in grado di competere con i tradizionali PC desktop.<sup><\/sup><\/p>\n\n<p><strong>\ud83d\udd0c Ampliamento completo degli I\/O Espandi<\/strong> in modo significativo le opzioni di connettivit\u00e0 per ospitare tutti i tuoi dispositivi di gioco e di lavoro:<\/p>\n\n<ul class=\"wp-block-list\">\n<li><strong>1 porta HDMI 2.1:<\/strong> Per l&#8217;uscita di schermi ad alta risoluzione e ad alta frequenza di aggiornamento.<\/li>\n\n\n\n<li><strong>3x porte USB Type-A:<\/strong> Collega tastiere esterne, mouse, unit\u00e0 flash e altre periferiche.<\/li>\n\n\n\n<li><strong>1 porta Ethernet (RJ45):<\/strong> Garantisce una connessione cablata stabile e a bassa latenza per i giochi online competitivi.<\/li>\n\n\n\n<li><strong>1 porta USB Tipo-C:<\/strong> Per i dati o le connessioni di periferiche aggiuntive.<\/li>\n<\/ul>\n\n<p>\ud83d\udd0b <strong>All-in-One Smart Cradle<\/strong> Il design unico funge da supporto sicuro e da hub di alimentazione. Offre un punto di appoggio stabile ed eretto per la tua GPD WIN 5 e allo stesso tempo ricarica attivamente il sistema e fornisce l&#8217;energia necessaria per giocare ad alte prestazioni. <\/p>\n\n<h2 class=\"wp-block-heading\">Perch\u00e9 scegliere la Docking Station GPD WIN 5?<\/h2>\n\n<p>Il GPD WIN 5 \u00e8 costruito per essere un sostituto del desktop e questo Smart Dock \u00e8 il ponte. Elimina l&#8217;ingombro dei cavi e garantisce che il potente chip Strix Halo riceva tutti i 100 W di potenza necessari per offrire prestazioni di classe RTX 4060 sul grande schermo. \u00c8 l&#8217;accessorio essenziale per un&#8217;esperienza di gioco desktop plug-and-play senza precedenti. <\/p>\n\n<hr class=\"wp-block-separator has-alpha-channel-opacity\"\/>\n\n<h3 class=\"wp-block-heading\">Specifiche:<\/h3>\n\n<figure class=\"wp-block-table\"><table class=\"has-fixed-layout\"><thead><tr><td>Dettaglio<\/td><td>Specifiche<\/td><\/tr><\/thead><tbody><tr><td><strong>Compatibilit\u00e0<\/strong><\/td><td>PC da gioco portatile GPD WIN 5<\/td><\/tr><tr><td><strong>Uscita video<\/strong><\/td><td>1\u00d7HDMI 2.1 (fino a 4K @144 Hz)<\/td><\/tr><tr><td><strong>Porte USB<\/strong><\/td><td>3\u00d7USB Tipo-A, 1\u00d7USB Tipo-C<\/td><\/tr><tr><td><strong>Rete<\/strong><\/td><td>1\u00d7Porta Ethernet (RJ45)<\/td><\/tr><tr><td><strong>Ingresso di alimentazione<\/strong><\/td><td>Barile Jack (progettato per 100 W GPD WIN 5 Charger)<\/td><\/tr><tr><td><strong>Funzione<\/strong><\/td><td>Docking, ricarica, display spento, supporto<\/td><\/tr><\/tbody><\/table><\/figure>\n\n<p><\/p>\n","protected":false},"excerpt":{"rendered":"<ul>\n<li><strong>180W Power Passthrough:<\/strong> Fornisce la massima potenza per prestazioni di alto livello.<\/li>\n<li><strong>Modalit\u00e0 Desktop:<\/strong> Trasforma istantaneamente il palmare in un PC desktop completo.<\/li>\n<li><strong>Uscita display 4K:<\/strong> Dispone di HDMI 2.1 per monitor esterni ad alta risoluzione.<\/li>\n<li><strong>Gioco via cavo:<\/strong> Include una porta Ethernet per giocare online in modo stabile e senza lag.<\/li>\n<li><strong>Adattamento ufficiale:<\/strong> Accessorio GPD progettato su misura per il GPD WIN 5.<\/li>\n<\/ul>\n[cg_accordion title=\"INFO SUL PAGAMENTO\"]<\/p>\n<p>Utilizziamo la pi\u00f9 recente tecnologia di elaborazione dei pagamenti, che consente di effettuare il checkout tramite carta di debito\/credito o PayPal per un&#8217;esperienza rapida e sicura.[\/cg_accordion]\n[cg_accordion title=\"GARANZIA\"]<\/p>\n<p>2 anni di garanzia da parte di <a href=\"https:\/\/droix.net\/\" target=\"_blank\" rel=\"nofollow noopener\">DROIX Global<\/a> per la vostra tranquillit\u00e0[\/cg_accordion]\n[cg_accordion title=\"GARANZIA DI QUALIT\u00c0 E TEST PRE-SPEDIZIONE\"]<\/p>\n<p>Garantire la soddisfazione del cliente ai massimi livelli: Ogni dispositivo viene sottoposto a test rigorosi e a un controllo di qualit\u00e0 in pi\u00f9 punti prima di essere spedito. Il nostro team dedicato verifica le prestazioni, la funzionalit\u00e0 e l&#8217;integrit\u00e0 dei componenti per garantire che il tuo dispositivo GPD sia perfettamente funzionante al momento dell&#8217;arrivo, offrendoti fiducia e tranquillit\u00e0. [\/cg_accordion]\n[cg_accordion title=\"PREZZI, TASSE E SPEDIZIONE\"]<\/p>\n<p><strong><u>Nota:<\/u><\/strong><\/p>\n<ul>\n<li>Clienti degli Stati Uniti: Il prezzo esposto non include tasse e imposte. La responsabilit\u00e0 dello sdoganamento e del pagamento di eventuali tasse\/dazi \u00e8 a carico del cliente. <\/li>\n<li>Clienti UE: Il prezzo visualizzato include l&#8217;imposta applicabile, che pu\u00f2 arrivare al 25% a seconda del paese.<\/li>\n<li>Clienti del Canada: Il prezzo visualizzato \u00e8 comprensivo delle imposte applicabili, che possono includere il 5% di GST e ulteriori imposte provinciali sulle vendite (PST), l&#8217;imposta sulle vendite armonizzata (HST) o l&#8217;imposta sulle vendite del Quebec (QST), a seconda della provincia di appartenenza.<\/li>\n<\/ul>\n<p>Per i nostri clienti USA: Gli ordini vengono spediti DAP (Delivered At Place). Sebbene i clienti siano responsabili del pagamento di tutte le tariffe applicabili, ci avvaliamo della nostra vasta esperienza nelle spedizioni dal Regno Unito per assicurarci che tu paghi il minor costo possibile. In base ai nostri dati, queste spese non superano in genere il 10% del valore dell&#8217;articolo.  <\/p>\n<p><strong>Solo per i clienti dell&#8217;UE:<\/strong> Express DDP (Delivered Duty Paid). Ci\u00f2 significa che: <\/p>\n<ul>\n<li>Tutti i dazi doganali e le tasse sono inclusi nel prezzo visualizzato nella pagina del prodotto.<\/li>\n<li>Non dovrete pagare alcun costo aggiuntivo alla consegna.<\/li>\n<li>Nel raro caso di problemi doganali, il nostro team si occuper\u00e0 del processo di sdoganamento per conto vostro per garantire una consegna senza problemi.<\/li>\n<p>Informazioni importanti sulla restituzione:<\/p>\n<li>Se decidete di restituire l&#8217;ordine o di richiedere un rimborso, sappiate che le tasse e i dazi pagati per vostro conto secondo i termini del DDP non possono essere rimborsati.<\/li>\n<p>Per informazioni dettagliate, consultare i nostri <a href=\"https:\/\/droix.net\/terms-and-conditions\/\" target=\"_blank\" rel=\"nofollow noopener\">Termini e condizioni<\/a>.\n<\/ul>\n<p>[\/cg_accordion]\n[cg_accordion title=\"ASSISTENZA CLIENTI\"]<\/p>\n<p>Avete una domanda? Basta un breve messaggio per risolvere il vostro problema! <\/p>\n<p>Per informazioni dettagliate, consultare i nostri <a href=\"https:\/\/gpdstore.net\/it\/terms-of-service\/\" target=\"_blank\" rel=\"nofollow noopener\">Termini e condizioni<\/a>.\n<\/ul>\n<p>[\/cg_accordion]\n[cg_accordion title=\"COSA \u00c8 INCLUSO\"]<\/p>\n<ul>\n<li>1x Docking station ufficiale GPD WIN 5<\/li>\n<\/ul>\n<p>[\/cg_accordion]\n","protected":false},"featured_media":1261023,"template":"","meta":{"_acf_changed":false},"product_brand":[],"product_cat":[1327],"product_tag":[],"woo-feed-brand":[],"class_list":{"0":"post-1258252","1":"product","2":"type-product","3":"status-publish","4":"has-post-thumbnail","6":"product_cat-accessori","7":"product_shipping_class-low-end","8":"product_shipping_class-premium","9":"pa_accessory-type-docking-station-it","10":"pa_brand-gpd","12":"first","13":"instock","14":"taxable","15":"shipping-taxable","16":"purchasable","17":"product-type-variable","18":"has-default-attributes"},"acf":[],"aioseo_notices":[],"_links":{"self":[{"href":"https:\/\/gpdstore.net\/it\/wp-json\/wp\/v2\/product\/1258252","targetHints":{"allow":["GET"]}}],"collection":[{"href":"https:\/\/gpdstore.net\/it\/wp-json\/wp\/v2\/product"}],"about":[{"href":"https:\/\/gpdstore.net\/it\/wp-json\/wp\/v2\/types\/product"}],"wp:featuredmedia":[{"embeddable":true,"href":"https:\/\/gpdstore.net\/it\/wp-json\/wp\/v2\/media\/1261023"}],"wp:attachment":[{"href":"https:\/\/gpdstore.net\/it\/wp-json\/wp\/v2\/media?parent=1258252"}],"wp:term":[{"taxonomy":"product_brand","embeddable":true,"href":"https:\/\/gpdstore.net\/it\/wp-json\/wp\/v2\/product_brand?post=1258252"},{"taxonomy":"product_cat","embeddable":true,"href":"https:\/\/gpdstore.net\/it\/wp-json\/wp\/v2\/product_cat?post=1258252"},{"taxonomy":"product_tag","embeddable":true,"href":"https:\/\/gpdstore.net\/it\/wp-json\/wp\/v2\/product_tag?post=1258252"},{"taxonomy":"woo-feed-brand","embeddable":true,"href":"https:\/\/gpdstore.net\/it\/wp-json\/wp\/v2\/woo-feed-brand?post=1258252"}],"curies":[{"name":"wp","href":"https:\/\/api.w.org\/{rel}","templated":true}]}}