{"id":1250560,"date":"2025-01-03T15:47:35","date_gmt":"2025-01-03T15:47:35","guid":{"rendered":"https:\/\/gpdstore.net\/product\/penna-stilo-capacitiva-universale-per-gpd\/"},"modified":"2026-01-23T10:36:49","modified_gmt":"2026-01-23T10:36:49","slug":"universal-stylus-pen-for-gpd","status":"publish","type":"product","link":"https:\/\/gpdstore.net\/it\/product\/universal-stylus-pen-for-gpd\/","title":{"rendered":"Penna stilo capacitiva universale per GPD"},"content":{"rendered":"\n<h2 class=\"wp-block-heading\"><strong>Liberate la vostra creativit\u00e0 con la penna stilo capacitiva universale per GPD<\/strong><\/h2>\n\n<p>Progettata per garantire precisione, prestazioni e compatibilit\u00e0 con i vostri dispositivi preferiti, questa penna capacitiva avanzata \u00e8 lo strumento perfetto per disegnare, scrivere o navigare, ideale sia per un uso occasionale che professionale.<\/p>\n\n<hr class=\"wp-block-separator has-alpha-channel-opacity\"\/>\n\n<h3 class=\"wp-block-heading\"><strong>Caratteristiche principali:<\/strong> <\/h3>\n\n<p><strong>1. Non \u00e8 necessario l&#8217;accoppiamento<\/strong><br\/>Iniziare a lavorare all&#8217;istante! Grazie all&#8217;interruttore a induzione capacitiva, \u00e8 sufficiente un doppio tocco per accenderlo, senza bisogno di un complesso processo di accoppiamento. <\/p>\n\n<p><strong>2. Ultra-Precise &amp; Lag-Free<\/strong> <br\/>Sperimentate colpi fluidi e precisi grazie all&#8217;antenna del segnale satellitare personalizzata per una risposta ad alta velocit\u00e0 e un ritardo minimo.<\/p>\n\n<p><strong>3. Compatibilit\u00e0 universale<\/strong><br\/>Funziona perfettamente con tutti i dispositivi touchscreen capacitivi, compresi i palmari GPD, i tablet, gli smartphone e molto altro, supportando i sistemi operativi iOS, Android e Windows.<\/p>\n\n<p><strong>4. Batteria di lunga durata<\/strong><br\/>Godetevi una creativit\u00e0 ininterrotta grazie all \u201cindicatore luminoso della batteria e all\u201d efficiente ricarica Type-C per un tempo di utilizzo prolungato.<\/p>\n\n<p><strong>5. Design elegante e leggero<\/strong><br\/>La struttura sottile ed ergonomica garantisce un utilizzo confortevole, sia che si tratti di disegnare progetti intricati o di annotare appunti veloci.<\/p>\n\n<hr class=\"wp-block-separator has-alpha-channel-opacity\"\/>\n\n<h3 class=\"wp-block-heading\"><strong>Perfetto per i dispositivi GPD<\/strong><\/h3>\n\n<p>Progettato specificamente per gli utenti GPD, questo stilo capacitivo si integra con i PC portatili da gioco e i tablet, diventando un accessorio essenziale per la produttivit\u00e0 e l&#8217;intrattenimento.<\/p>\n\n<hr class=\"wp-block-separator has-alpha-channel-opacity\"\/>\n\n<h3 class=\"wp-block-heading\"><strong>Perch\u00e9 scegliere la penna stilo capacitiva universale per GPD?<\/strong><\/h3>\n\n<ul class=\"wp-block-list\">\n<li>Configurazione senza problemi senza necessit\u00e0 di accoppiamento<\/li>\n\n\n\n<li>Elevata sensibilit\u00e0 per lavori dettagliati e operazioni fluide<\/li>\n\n\n\n<li>Compatibilit\u00e0 universale tra i dispositivi e le piattaforme touchscreen capacitivi<\/li>\n\n\n\n<li>Durevole, leggero e portatile per l&#8217;uso in movimento<\/li>\n<\/ul>\n\n<p>Che siate professionisti creativi, studenti o appassionati di tecnologia, la penna stilo capacitiva universale per GPD \u00e8 il compagno ideale per un&#8217;interazione precisa e senza sforzo con i vostri dispositivi.<\/p>\n\n<p><strong>Ordinate il vostro oggi e migliorate la vostra esperienza digitale!<\/strong><\/p>\n\n<hr class=\"wp-block-separator has-alpha-channel-opacity\"\/>\n","protected":false},"excerpt":{"rendered":"<ul>\n<li>Compatibile con <strong>dispositivi GPD<\/strong>, tablet e smartphone<\/li>\n<li><strong>Nessun accoppiamento<\/strong> &#8211; Semplice attivazione con un doppio tocco<\/li>\n<li>Design elegante ed <strong>ergonomico<\/strong> <\/li>\n<li>Prestazioni precise e <strong>senza ritardi<\/strong> <\/li>\n<li>Indicatore della batteria con <strong>ricarica Type-C<\/strong><\/li>\n<\/ul>\n[cg_accordion title=\"INFO SUL PAGAMENTO\"]<\/p>\n<p>Utilizziamo la pi\u00f9 recente tecnologia di elaborazione dei pagamenti, che consente di effettuare il checkout tramite carta di debito\/credito o PayPal per un&#8217;esperienza rapida e sicura.[\/cg_accordion]\n[cg_accordion title=\"GARANZIA\"]<\/p>\n<p>2 anni di garanzia da parte di <a href=\"https:\/\/droix.net\/\" target=\"_blank\" rel=\"nofollow noopener\">DROIX Global<\/a> per la vostra tranquillit\u00e0[\/cg_accordion]\n[cg_accordion title=\"GARANZIA DI QUALIT\u00c0 E TEST PRE-SPEDIZIONE\"]<\/p>\n<p>Garantire la soddisfazione del cliente ai massimi livelli: Ogni dispositivo viene sottoposto a test rigorosi e a un controllo di qualit\u00e0 in pi\u00f9 punti prima di essere spedito. Il nostro team dedicato verifica le prestazioni, la funzionalit\u00e0 e l&#8217;integrit\u00e0 dei componenti per garantire che il tuo dispositivo GPD sia perfettamente funzionante al momento dell&#8217;arrivo, offrendoti fiducia e tranquillit\u00e0. [\/cg_accordion]\n[cg_accordion title=\"PREZZI, TASSE E SPEDIZIONE\"]<\/p>\n<p><strong><u>Nota:<\/u><\/strong><\/p>\n<ul>\n<li>Clienti degli Stati Uniti: Il prezzo esposto non include tasse e imposte. La responsabilit\u00e0 dello sdoganamento e del pagamento di eventuali tasse\/dazi \u00e8 a carico del cliente. <\/li>\n<li>Clienti UE: Il prezzo visualizzato include l&#8217;imposta applicabile, che pu\u00f2 arrivare al 25% a seconda del paese.<\/li>\n<li>Clienti del Canada: Il prezzo visualizzato \u00e8 comprensivo delle imposte applicabili, che possono includere il 5% di GST e ulteriori imposte provinciali sulle vendite (PST), l&#8217;imposta sulle vendite armonizzata (HST) o l&#8217;imposta sulle vendite del Quebec (QST), a seconda della provincia di appartenenza.<\/li>\n<\/ul>\n<p>Per i nostri clienti USA: Gli ordini vengono spediti DAP (Delivered At Place). Sebbene i clienti siano responsabili del pagamento di tutte le tariffe applicabili, ci avvaliamo della nostra vasta esperienza nelle spedizioni dal Regno Unito per assicurarci che tu paghi il minor costo possibile. In base ai nostri dati, queste spese non superano in genere il 10% del valore dell&#8217;articolo.  <\/p>\n<p><strong>Solo per i clienti dell&#8217;UE:<\/strong> Express DDP (Delivered Duty Paid). Ci\u00f2 significa che: <\/p>\n<ul>\n<li>Tutti i dazi doganali e le tasse sono inclusi nel prezzo visualizzato nella pagina del prodotto.<\/li>\n<li>Non dovrete pagare alcun costo aggiuntivo alla consegna.<\/li>\n<li>Nel raro caso di problemi doganali, il nostro team si occuper\u00e0 del processo di sdoganamento per conto vostro per garantire una consegna senza problemi.<\/li>\n<p>Informazioni importanti sulla restituzione:<\/p>\n<li>Se decidete di restituire l&#8217;ordine o di richiedere un rimborso, sappiate che le tasse e i dazi pagati per vostro conto secondo i termini del DDP non possono essere rimborsati.<\/li>\n<p>Per informazioni dettagliate, consultare i nostri <a href=\"https:\/\/droix.net\/terms-and-conditions\/\" target=\"_blank\" rel=\"nofollow noopener\">Termini e condizioni<\/a>.\n<\/ul>\n<p>[\/cg_accordion]\n[cg_accordion title=\"ASSISTENZA CLIENTI\"]<\/p>\n<p>Avete una domanda? Basta un breve messaggio per risolvere il vostro problema! <\/p>\n<p>Per informazioni dettagliate, consultare i nostri <a href=\"https:\/\/gpdstore.net\/it\/terms-of-service\/\" target=\"_blank\" rel=\"nofollow noopener\">Termini e condizioni<\/a>.\n<\/ul>\n<p>[\/cg_accordion]\n[cg_accordion title=\"COSA \u00c8 INCLUSO\"]<\/p>\n<ul>\n<li>1 penna stilo universale per GPD<\/li>\n<\/ul>\n<p>[\/cg_accordion]\n","protected":false},"featured_media":1061362,"template":"","meta":{"_acf_changed":false},"product_brand":[],"product_cat":[1327],"product_tag":[15877,1767],"woo-feed-brand":[2443],"class_list":{"0":"post-1250560","1":"product","2":"type-product","3":"status-publish","4":"has-post-thumbnail","6":"product_cat-accessori","7":"product_tag-15xmsale-it","8":"product_tag-gpd-wm2-accessorio","9":"product_shipping_class-low-end","10":"pa_accessory-type-stilo","11":"pa_brand-gpd","12":"woo-feed-brand-droix-it","14":"first","15":"instock","16":"taxable","17":"shipping-taxable","18":"purchasable","19":"product-type-variable","20":"has-default-attributes"},"acf":[],"aioseo_notices":[],"_links":{"self":[{"href":"https:\/\/gpdstore.net\/it\/wp-json\/wp\/v2\/product\/1250560","targetHints":{"allow":["GET"]}}],"collection":[{"href":"https:\/\/gpdstore.net\/it\/wp-json\/wp\/v2\/product"}],"about":[{"href":"https:\/\/gpdstore.net\/it\/wp-json\/wp\/v2\/types\/product"}],"wp:featuredmedia":[{"embeddable":true,"href":"https:\/\/gpdstore.net\/it\/wp-json\/wp\/v2\/media\/1061362"}],"wp:attachment":[{"href":"https:\/\/gpdstore.net\/it\/wp-json\/wp\/v2\/media?parent=1250560"}],"wp:term":[{"taxonomy":"product_brand","embeddable":true,"href":"https:\/\/gpdstore.net\/it\/wp-json\/wp\/v2\/product_brand?post=1250560"},{"taxonomy":"product_cat","embeddable":true,"href":"https:\/\/gpdstore.net\/it\/wp-json\/wp\/v2\/product_cat?post=1250560"},{"taxonomy":"product_tag","embeddable":true,"href":"https:\/\/gpdstore.net\/it\/wp-json\/wp\/v2\/product_tag?post=1250560"},{"taxonomy":"woo-feed-brand","embeddable":true,"href":"https:\/\/gpdstore.net\/it\/wp-json\/wp\/v2\/woo-feed-brand?post=1250560"}],"curies":[{"name":"wp","href":"https:\/\/api.w.org\/{rel}","templated":true}]}}