{"id":1199363,"date":"2025-10-08T14:34:02","date_gmt":"2025-10-08T14:34:02","guid":{"rendered":"https:\/\/gpdstore.net\/product\/biwin-mini-ssd\/"},"modified":"2026-01-19T14:28:14","modified_gmt":"2026-01-19T14:28:14","slug":"biwin-mini-ssd","status":"publish","type":"product","link":"https:\/\/gpdstore.net\/it\/product\/biwin-mini-ssd\/","title":{"rendered":"BIWIN Mini SSD"},"content":{"rendered":"\n<h2 class=\"wp-block-heading\"><strong>Libera il vero potenziale del tuo dispositivo<\/strong><\/h2>\n\n<p>Nel mondo della tecnologia d&#8217;elite, la velocit\u00e0 \u00e8 tutto. L&#8217;SSD BIWIN Mini \u00e8 una dichiarazione di potenza senza compromessi, progettata con la tecnologia PCIe Gen4x2 per raggiungere una velocit\u00e0 teorica sbalorditiva di <strong>3.700 MB\/s<\/strong>.<sup><\/sup> Non si tratta di un semplice aggiornamento, ma di una rivoluzione in un pacchetto pi\u00f9 piccolo di un francobollo. <\/p>\n\n<p>Per gli utenti di palmari di nuova generazione come il <a href=\"https:\/\/gpdstore.net\/it\/product\/gpd-win-5\/\" target=\"_blank\" rel=\"noopener\" title=\"\">GPD WIN 5<\/a>, il Mini SSD di BIWIN \u00e8 la chiave per sbloccare la massima velocit\u00e0 di archiviazione del tuo dispositivo. Sebbene questi dispositivi utilizzino uno slot PCIe 4&#215;1, il nostro Mini SSD offre comunque prestazioni mozzafiato <strong> di ~1.700 MB\/s<\/strong> nel mondo reale, superando la velocit\u00e0 di qualsiasi scheda microSD e garantendo il caricamento dei tuoi giochi in un lampo.<\/p>\n\n<p>Forgiato per gli estremi, il suo corpo <strong>impermeabile IP68<\/strong> e <strong>a prova di caduta da 3 metri<\/strong> significa che questa potenza \u00e8 accompagnata da una durata leggendaria.<sup><\/sup> Con una capacit\u00e0 fino a <strong>2TB<\/strong>, il BIWIN Mini SSD \u00e8 la soluzione di archiviazione definitiva e senza compromessi per chi vuole il meglio in assoluto.<\/p>\n","protected":false},"excerpt":{"rendered":"<ul>\n<li>Interfaccia: <strong>PCIe Gen4x2<\/strong> con protocollo **NVMe 1.4<\/li>\n<li>Fattore di forma: <strong>Pacchetto LGA ultracompatto<\/strong> (15,0 mm \u00d7 17,0 mm \u00d7 1,4 mm)<\/li>\n<li>Prestazioni: Fino a **3.700 MB\/s in lettura** \/ Fino a **3.400 MB\/s in scrittura**<\/li>\n<li>Capacit\u00e0: 512GB, 1TB o 2TB 3D TLC NAND<\/li>\n<li>Durata: Resistenza alla polvere e all&#8217;acqua <strong>IP68<\/strong> \/ **caduta da 3 metri** Sopravvivenza<\/li>\n<li>Tecnologia: Dynamic **SLC Caching** e **Wear Leveling**<\/li>\n<\/ul>\n[cg_accordion title=\"INFO SUL PAGAMENTO\"]<\/p>\n<p>Utilizziamo la pi\u00f9 recente tecnologia di elaborazione dei pagamenti, che consente di effettuare il checkout tramite carta di debito\/credito o PayPal per un&#8217;esperienza rapida e sicura.[\/cg_accordion]\n[cg_accordion title=\"GARANZIA\"]<\/p>\n<p>2 anni di garanzia da parte di <a href=\"https:\/\/droix.net\/\" target=\"_blank\" rel=\"nofollow noopener\">DROIX Global<\/a> per la vostra tranquillit\u00e0[\/cg_accordion]\n[cg_accordion title=\"GARANZIA DI QUALIT\u00c0 E TEST PRE-SPEDIZIONE\"]<\/p>\n<p>Garantire la soddisfazione del cliente ai massimi livelli: Ogni dispositivo viene sottoposto a test rigorosi e a un controllo di qualit\u00e0 in pi\u00f9 punti prima di essere spedito. Il nostro team dedicato verifica le prestazioni, la funzionalit\u00e0 e l&#8217;integrit\u00e0 dei componenti per garantire che il tuo dispositivo GPD sia perfettamente funzionante al momento dell&#8217;arrivo, offrendoti fiducia e tranquillit\u00e0. [\/cg_accordion]\n[cg_accordion title=\"PREZZI, TASSE E SPEDIZIONE\"]<\/p>\n<p><strong><u>Nota:<\/u><\/strong><\/p>\n<ul>\n<li>Clienti degli Stati Uniti: Il prezzo esposto non include tasse e imposte. La responsabilit\u00e0 dello sdoganamento e del pagamento di eventuali tasse\/dazi \u00e8 a carico del cliente. <\/li>\n<li>Clienti UE: Il prezzo visualizzato include l&#8217;imposta applicabile, che pu\u00f2 arrivare al 25% a seconda del paese.<\/li>\n<li>Clienti del Canada: Il prezzo visualizzato \u00e8 comprensivo delle imposte applicabili, che possono includere il 5% di GST e ulteriori imposte provinciali sulle vendite (PST), l&#8217;imposta sulle vendite armonizzata (HST) o l&#8217;imposta sulle vendite del Quebec (QST), a seconda della provincia di appartenenza.<\/li>\n<\/ul>\n<p>Per i nostri clienti USA: Gli ordini vengono spediti DAP (Delivered At Place). Sebbene i clienti siano responsabili del pagamento di tutte le tariffe applicabili, ci avvaliamo della nostra vasta esperienza nelle spedizioni dal Regno Unito per assicurarci che tu paghi il minor costo possibile. In base ai nostri dati, queste spese non superano in genere il 10% del valore dell&#8217;articolo.  <\/p>\n<p><strong>Solo per i clienti dell&#8217;UE:<\/strong> Express DDP (Delivered Duty Paid). Ci\u00f2 significa che: <\/p>\n<ul>\n<li>Tutti i dazi doganali e le tasse sono inclusi nel prezzo visualizzato nella pagina del prodotto.<\/li>\n<li>Non dovrete pagare alcun costo aggiuntivo alla consegna.<\/li>\n<li>Nel raro caso di problemi doganali, il nostro team si occuper\u00e0 del processo di sdoganamento per conto vostro per garantire una consegna senza problemi.<\/li>\n<p>Informazioni importanti sulla restituzione:<\/p>\n<li>Se decidete di restituire l&#8217;ordine o di richiedere un rimborso, sappiate che le tasse e i dazi pagati per vostro conto secondo i termini del DDP non possono essere rimborsati.<\/li>\n<p>Per informazioni dettagliate, consultare i nostri <a href=\"https:\/\/droix.net\/terms-and-conditions\/\" target=\"_blank\" rel=\"nofollow noopener\">Termini e condizioni<\/a>.\n<\/ul>\n<p>[\/cg_accordion]\n[cg_accordion title=\"ASSISTENZA CLIENTI\"]<\/p>\n<p>Avete una domanda? Basta un breve messaggio per risolvere il vostro problema! <\/p>\n<p>Per informazioni dettagliate, consultare i nostri <a href=\"https:\/\/gpdstore.net\/it\/terms-of-service\/\" target=\"_blank\" rel=\"nofollow noopener\">Termini e condizioni<\/a>.\n<\/ul>\n<p>[\/cg_accordion]\n[cg_accordion title=\"COSA \u00c8 INCLUSO\"]<\/p>\n<ul>\n<li>1x BIWIN Mini SSD<\/li>\n<\/ul>\n<p>[\/cg_accordion]\n","protected":false},"featured_media":1196748,"template":"","meta":{"_acf_changed":false},"product_brand":[],"product_cat":[1327],"product_tag":[],"woo-feed-brand":[],"class_list":{"0":"post-1199363","1":"product","2":"type-product","3":"status-publish","4":"has-post-thumbnail","6":"product_cat-accessori","7":"product_shipping_class-premium","8":"pa_brand-biwin","9":"pa_storage-capacity-1tb","10":"pa_storage-capacity-1tb-fr","11":"pa_storage-capacity-1tb-it","12":"pa_storage-capacity-2tb","13":"pa_storage-capacity-2tb-fr","14":"pa_storage-capacity-2tb-it","15":"pa_storage-capacity-512-gb-it","16":"pa_storage-capacity-512gb","17":"pa_storage-capacity-512gb-fr","19":"first","20":"instock","21":"taxable","22":"shipping-taxable","23":"purchasable","24":"product-type-variable","25":"has-default-attributes"},"acf":[],"aioseo_notices":[],"_links":{"self":[{"href":"https:\/\/gpdstore.net\/it\/wp-json\/wp\/v2\/product\/1199363","targetHints":{"allow":["GET"]}}],"collection":[{"href":"https:\/\/gpdstore.net\/it\/wp-json\/wp\/v2\/product"}],"about":[{"href":"https:\/\/gpdstore.net\/it\/wp-json\/wp\/v2\/types\/product"}],"wp:featuredmedia":[{"embeddable":true,"href":"https:\/\/gpdstore.net\/it\/wp-json\/wp\/v2\/media\/1196748"}],"wp:attachment":[{"href":"https:\/\/gpdstore.net\/it\/wp-json\/wp\/v2\/media?parent=1199363"}],"wp:term":[{"taxonomy":"product_brand","embeddable":true,"href":"https:\/\/gpdstore.net\/it\/wp-json\/wp\/v2\/product_brand?post=1199363"},{"taxonomy":"product_cat","embeddable":true,"href":"https:\/\/gpdstore.net\/it\/wp-json\/wp\/v2\/product_cat?post=1199363"},{"taxonomy":"product_tag","embeddable":true,"href":"https:\/\/gpdstore.net\/it\/wp-json\/wp\/v2\/product_tag?post=1199363"},{"taxonomy":"woo-feed-brand","embeddable":true,"href":"https:\/\/gpdstore.net\/it\/wp-json\/wp\/v2\/woo-feed-brand?post=1199363"}],"curies":[{"name":"wp","href":"https:\/\/api.w.org\/{rel}","templated":true}]}}