{"id":5337,"date":"2023-03-23T16:49:44","date_gmt":"2023-03-23T16:49:44","guid":{"rendered":"https:\/\/gpdstore.net\/informativa-sui-cookie\/"},"modified":"2024-12-11T13:40:04","modified_gmt":"2024-12-11T13:40:04","slug":"cookies-policy","status":"publish","type":"page","link":"https:\/\/gpdstore.net\/it\/cookies-policy\/","title":{"rendered":"Informativa sui cookie"},"content":{"rendered":"\n<p>La seguente Politica sui Cookie deve essere considerata in accordo (abbinata), &#8220;come un tutt&#8217;uno&#8221; con i <a href=\"https:\/\/gpdstore.net\/it\/terms-of-service\/\" target=\"_blank\" data-type=\"URL\" data-id=\"\/terms-of-service\/\" rel=\"noreferrer noopener\">Termini e Condizioni<\/a>, la <a href=\"https:\/\/gpdstore.net\/it\/refund-and-returns-policy\/\" target=\"_blank\" data-type=\"URL\" data-id=\"\/refund-and-returns-policy\/\" rel=\"noreferrer noopener\">Politica sui Resi e Rimborsi<\/a> e la <a href=\"https:\/\/gpdstore.net\/it\/privacy-policy\/\" target=\"_blank\" data-type=\"URL\" data-id=\"\/privacy-policy\/\" rel=\"noreferrer noopener\">Politica sulla Privacy<\/a>.<\/p>\n\n<ol class=\"wp-block-list\">\n<li>Le presenti condizioni di vendita si applicano a tutti i prodotti forniti da DroiX US Corp (il Fornitore).\n<ol class=\"wp-block-list\">\n<li>Nel presente contratto, i riferimenti sono a: Noi (DroiX US Corp) siamo il Fornitore, e tu (il Cliente)<\/li>\n<\/ol>\n<\/li>\n<\/ol>\n\n<ol class=\"wp-block-list\">\n<li>Il sito web del Fornitore utilizza i cookie per distinguere il cliente, cio\u00e8 l&#8217;utente, dagli altri utenti del sito. Questo aiuta il Fornitore a fornirti una buona esperienza quando navighi sul sito web del Fornitore e permette al Fornitore di migliorare il nostro sito. Continuando a navigare nel sito, accetti l&#8217;uso dei cookie da parte del Fornitore.  <\/li>\n\n\n\n<li>Un cookie \u00e8 un piccolo file di lettere e numeri che il Fornitore memorizza sul tuo browser o sul disco rigido del tuo computer o del tuo cellulare, se acconsenti. I cookie contengono informazioni che vengono trasferite sul disco rigido del tuo computer. <\/li>\n\n\n\n<li>Il Fornitore utilizza i seguenti cookie:\n<ol class=\"wp-block-list\">\n<li>Cookie strettamente necessari. Si tratta di cookie necessari per il funzionamento del sito web del Fornitore. Ad esempio, i cookie che consentono di accedere ad aree sicure del sito web del Fornitore e di effettuare transazioni.  <\/li>\n\n\n\n<li>Cookie analitici\/di performance. Permettono al Fornitore di riconoscere e contare il numero di visitatori e di vedere come questi si muovono sul sito web del Fornitore quando lo utilizzano. Questo aiuta il Fornitore a migliorare il funzionamento del sito web, ad esempio assicurandosi che gli utenti trovino facilmente e senza problemi ci\u00f2 che stanno cercando.  <\/li>\n\n\n\n<li>Il Fornitore utilizza i cookie di Google Analytics. Google Analytics raccoglie informazioni in forma anonima. Riporta le tendenze del sito web senza identificare i singoli visitatori. \u00c8 possibile rinunciare a Google Analytics senza che ci\u00f2 influisca sulle modalit\u00e0 di visita del sito. Per ulteriori informazioni su Google Analytics, clicca qui.    <\/li>\n\n\n\n<li>Cookie di targeting. Questi cookie registrano la tua visita al sito web del Fornitore, le pagine che hai visitato e i link che hai seguito. Il Fornitore utilizza queste informazioni per rendere il sito web e la pubblicit\u00e0 visualizzata pi\u00f9 pertinente ai tuoi interessi. Il Fornitore pu\u00f2 anche condividere queste informazioni con terze parti per questo scopo.   <\/li>\n<\/ol>\n<\/li>\n\n\n\n<li>Si prega di notare che anche terze parti (tra cui, ad esempio, reti pubblicitarie e fornitori di servizi esterni come i servizi di analisi del traffico web) possono utilizzare cookie, sui quali il Fornitore non ha alcun controllo. \u00c8 probabile che questi cookie siano cookie analitici\/di performance o cookie di targeting. <\/li>\n\n\n\n<li>Puoi bloccare i cookie attivando l&#8217;impostazione del tuo browser che ti consente di rifiutare l&#8217;impostazione di tutti o alcuni cookie. Tuttavia, se utilizzi le impostazioni del tuo browser per bloccare tutti i cookie (compresi quelli essenziali) potresti non essere in grado di accedere a tutto o parte del sito web del Fornitore. <\/li>\n<\/ol>\n\n<p>Informativa sui cookie aggiornata l&#8217;ultima volta: 23 marzo 2023 &#8211; 16:48PM.<\/p>\n","protected":false},"excerpt":{"rendered":"<p>La seguente Politica sui Cookie deve essere considerata in accordo (abbinata), &#8220;come un tutt&#8217;uno&#8221; con i Termini e Condizioni, la Politica sui Resi e Rimborsi e la Politica sulla Privacy. Informativa sui cookie aggiornata l&#8217;ultima volta: 23 marzo 2023 &#8211; 16:48PM.<\/p>\n","protected":false},"author":1,"featured_media":0,"parent":0,"menu_order":0,"comment_status":"closed","ping_status":"closed","template":"template-fullwidth.php","meta":{"_acf_changed":false,"footnotes":""},"class_list":["post-5337","page","type-page","status-publish","hentry"],"acf":[],"aioseo_notices":[],"_links":{"self":[{"href":"https:\/\/gpdstore.net\/it\/wp-json\/wp\/v2\/pages\/5337","targetHints":{"allow":["GET"]}}],"collection":[{"href":"https:\/\/gpdstore.net\/it\/wp-json\/wp\/v2\/pages"}],"about":[{"href":"https:\/\/gpdstore.net\/it\/wp-json\/wp\/v2\/types\/page"}],"author":[{"embeddable":true,"href":"https:\/\/gpdstore.net\/it\/wp-json\/wp\/v2\/users\/1"}],"replies":[{"embeddable":true,"href":"https:\/\/gpdstore.net\/it\/wp-json\/wp\/v2\/comments?post=5337"}],"version-history":[{"count":0,"href":"https:\/\/gpdstore.net\/it\/wp-json\/wp\/v2\/pages\/5337\/revisions"}],"wp:attachment":[{"href":"https:\/\/gpdstore.net\/it\/wp-json\/wp\/v2\/media?parent=5337"}],"curies":[{"name":"wp","href":"https:\/\/api.w.org\/{rel}","templated":true}]}}