{"id":84697,"date":"2024-05-08T15:41:24","date_gmt":"2024-05-08T15:41:24","guid":{"rendered":"https:\/\/gpdstore.net\/nem-kategorizalt\/gpd-win-4-dokkoloallomas\/"},"modified":"2025-12-23T10:17:37","modified_gmt":"2025-12-23T10:17:37","slug":"gpd-win-4-docking-station","status":"publish","type":"product","link":"https:\/\/gpdstore.net\/hu\/product\/gpd-win-4-docking-station\/","title":{"rendered":"GPD WIN 4 dokkol\u00f3\u00e1llom\u00e1s"},"content":{"rendered":"\n<h3 class=\"wp-block-heading\"><strong>A hivatalos dokkol\u00f3\u00e1llom\u00e1ssal alak\u00edtsa \u00e1t GPD WIN 4 k\u00e9sz\u00fcl\u00e9k\u00e9t asztali sz\u00e1m\u00edt\u00f3g\u00e9p\u00e9v\u00e9<\/strong><\/h3>\n\n<p>A GPD WIN 4 dokkol\u00f3\u00e1llom\u00e1ssal a k\u00e9zi j\u00e1t\u00e9k\u00e9lm\u00e9nyt asztali szintre emelheted. Ez a n\u00e9lk\u00fcl\u00f6zhetetlen tartoz\u00e9k nemcsak a csatlakoz\u00e1si lehet\u0151s\u00e9geket b\u0151v\u00edti, hanem a k\u00e9sz\u00fcl\u00e9k funkcionalit\u00e1s\u00e1t is fokozza, teljesen felszerelt asztali PC-v\u00e9 alak\u00edtva azt.<\/p>\n\n<h3 class=\"wp-block-heading\"><strong>Tov\u00e1bbfejlesztett USB csatlakoztathat\u00f3s\u00e1g<\/strong><\/h3>\n\n<p>A GPD WIN 4 dokkol\u00f3\u00e1llom\u00e1s h\u00e1rom USB 3.2 Gen 2 Type-A porttal rendelkezik, amelyek ak\u00e1r 10 Gbps sebess\u00e9get is biztos\u00edtanak a k\u00fcl\u00f6nb\u00f6z\u0151 perif\u00e9ri\u00e1k, p\u00e9ld\u00e1ul billenty\u0171zetek, egerek \u00e9s nagy sebess\u00e9g\u0171 k\u00fcls\u0151 t\u00e1rol\u00f3eszk\u00f6z\u00f6k csatlakoztat\u00e1s\u00e1hoz.<\/p>\n\n<p>Emellett rendelkezik egy USB 3.2 Gen 2 Type-C porttal, amelyet gyorst\u00f6lt\u00e9sre terveztek, \u00e9s t\u00e1mogatja a nagy teljes\u00edtm\u00e9ny\u0171 t\u00f6lt\u0151ket, hogy gyorsan felt\u00f6lthesse k\u00e9sz\u00fcl\u00e9k\u00e9t.<\/p>\n\n<h3 class=\"wp-block-heading\"><strong>Kiv\u00e1l\u00f3 megjelen\u00edt\u00e9si lehet\u0151s\u00e9gek<\/strong><\/h3>\n\n<p>\u00c9lvezze a nagy felbont\u00e1s\u00fa k\u00e9pi megjelen\u00edt\u00e9st, ha a GPD WIN 4 k\u00e9sz\u00fcl\u00e9ket a HDMI 2.0 porton kereszt\u00fcl k\u00fcls\u0151 monitorhoz vagy TV-hez csatlakoztatja. Ez a be\u00e1ll\u00edt\u00e1s lehet\u0151v\u00e9 teszi, hogy a GPD WIN 4 kijelz\u0151j\u00e9t m\u00e1sodlagos k\u00e9perny\u0151k\u00e9nt haszn\u00e1lja, \u00edgy a kett\u0151s kijelz\u0151k\u00e9pess\u00e9ggel fokozhatja a termel\u00e9kenys\u00e9get \u00e9s a j\u00e1t\u00e9k\u00e9lm\u00e9nyt.<\/p>\n\n<h3 class=\"wp-block-heading\"><strong>Gyors \u00e9s biztons\u00e1gos internetkapcsolat<\/strong><\/h3>\n\n<p>A dokkol\u00f3\u00e1llom\u00e1s 1 Gbps RJ45 Ethernet portot tartalmaz, amely gyors \u00e9s biztons\u00e1gos kapcsolatot biztos\u00edt a streaming, a j\u00e1t\u00e9k \u00e9s az adat\u00e1tvitel sz\u00e1m\u00e1ra, fel\u00fclm\u00falva a vezet\u00e9k n\u00e9lk\u00fcli sebess\u00e9get \u00e9s biztons\u00e1got.<\/p>\n\n<h3 class=\"wp-block-heading\"><strong>Kompakt kialak\u00edt\u00e1s a maxim\u00e1lis hordozhat\u00f3s\u00e1g \u00e9rdek\u00e9ben<\/strong><\/h3>\n\n<p>A GPD WIN 4 dokkol\u00f3\u00e1llom\u00e1s kompakt form\u00e1j\u00fa, mind\u00f6ssze 3,4 x 5,6 x 3,2 h\u00fcvelyk m\u00e9ret\u0171 \u00e9s mind\u00f6ssze 224 g s\u00faly\u00fa. Ez hihetetlen\u00fcl hordozhat\u00f3v\u00e1 teszi, \u00e9s k\u00f6nnyen integr\u00e1lhat\u00f3 b\u00e1rmilyen munkater\u00fcletre, rendetlens\u00e9g n\u00e9lk\u00fcl. Kialak\u00edt\u00e1sa levehet\u0151 h\u00e1tlapot tartalmaz, amely t\u00e1mogatja a dokkol\u00f3 \u00e9s a k\u00e9sz\u00fcl\u00e9k egyszer\u0171 csatlakoztat\u00e1s\u00e1t \u00e9s sz\u00e1ll\u00edt\u00e1s\u00e1t.  <\/p>\n\n<p>R\u00e1ad\u00e1sul a dokkol\u00f3\u00e1llom\u00e1s kialak\u00edt\u00e1sa szabadon hagyja a GPD WIN 4 m\u00e1sodik USB Type-C portj\u00e1t, amely lehet\u0151v\u00e9 teszi nagy teljes\u00edtm\u00e9ny\u0171 perif\u00e9ri\u00e1k, p\u00e9ld\u00e1ul k\u00fcls\u0151 GPU csatlakoztat\u00e1s\u00e1t, tov\u00e1bb jav\u00edtva a be\u00e1ll\u00edt\u00e1sokat.<\/p>\n\n<h3 class=\"wp-block-heading\"><strong>A GPD WIN 4 dokkol\u00f3\u00e1llom\u00e1s el\u0151nyei \u00e9s h\u00e1tr\u00e1nyai<\/strong><\/h3>\n\n<h3 class=\"wp-block-heading\"><strong>El\u0151ny\u00f6k:<\/strong><\/h3>\n\n<ul class=\"wp-block-list\">\n<li>T\u00f6bb USB 3.2 Gen 2 Type-A port k\u00fcl\u00f6nb\u00f6z\u0151 perif\u00e9ri\u00e1khoz<\/li>\n\n\n\n<li>HDMI 2.0 kimenet k\u00fcls\u0151 monitorokhoz vagy TV-k\u00e9sz\u00fcl\u00e9kekhez<\/li>\n\n\n\n<li>Nagysebess\u00e9g\u0171 1 Gbps Ethernet a megb\u00edzhat\u00f3 internetkapcsolathoz<\/li>\n\n\n\n<li>USB Type-C port az eszk\u00f6z\u00f6k gyors t\u00f6lt\u00e9s\u00e9hez<\/li>\n<\/ul>\n\n<h3 class=\"wp-block-heading\"><strong>H\u00e1tr\u00e1nyok:<\/strong><\/h3>\n\n<ul class=\"wp-block-list\">\n<li>Hi\u00e1nyzik egy tov\u00e1bbi USB Type-C port a perif\u00e9ri\u00e1k csatlakoztat\u00e1s\u00e1hoz<\/li>\n<\/ul>\n\n<h3 class=\"wp-block-heading\"><strong>A dokkol\u00f3\u00e1llom\u00e1s haszn\u00e1lat\u00e1nak el\u0151nyei<\/strong><\/h3>\n\n<p>A dokkol\u00f3\u00e1llom\u00e1s egyszer\u0171s\u00edti a munkafolyamatokat, mivel egyetlen k\u00e1belen kereszt\u00fcl t\u00f6bb perif\u00e9ri\u00e1hoz is csatlakoztatja a laptopot. Ez nem csak a munkater\u00fclet rendezetlenebb\u00e9 t\u00e9tel\u00e9ben seg\u00edt, hanem a termel\u00e9kenys\u00e9get is n\u00f6veli a kett\u0151s kijelz\u0151 be\u00e1ll\u00edt\u00e1sok lehet\u0151v\u00e9 t\u00e9tel\u00e9vel. Ezenk\u00edv\u00fcl minimaliz\u00e1lja a k\u00e9sz\u00fcl\u00e9k portjainak kop\u00e1s\u00e1t, meghosszabb\u00edtja a GPD WIN 4 \u00e9lettartam\u00e1t, mivel cs\u00f6kkenti a t\u00f6bb k\u00e1bel gyakori csatlakoztat\u00e1s\u00e1nak \u00e9s lev\u00e1laszt\u00e1s\u00e1nak sz\u00fcks\u00e9gess\u00e9g\u00e9t.<\/p>\n\n<p>Fektessen be m\u00e9g ma a GPD WIN 4 dokkol\u00f3\u00e1llom\u00e1sra, hogy \u00e1talak\u00edtsa j\u00e1t\u00e9kberendez\u00e9s\u00e9t \u00e9s racionaliz\u00e1lja munkater\u00fclet\u00e9t, \u00edgy a GPD WIN 4 nem csak egy j\u00e1t\u00e9keszk\u00f6z, hanem egy \u00e1tfog\u00f3 munka\u00e1llom\u00e1s lesz.<\/p>\n","protected":false},"excerpt":{"rendered":"<ul>\n<li>T\u00e1rolja \u00e9s t\u00f6ltse fel a <strong>GPD WIN 4<\/strong><\/li>\n<li>K\u00e9zi sz\u00e1m\u00edt\u00f3g\u00e9p\u00e9t <strong>asztali sz\u00e1m\u00edt\u00f3g\u00e9p<\/strong>\u00e9v\u00e9 alak\u00edthatja<\/li>\n<li>Csatlakoztassa az \u00f6sszes perif\u00e9ri\u00e1t.<\/li>\n<li>Hivatalos GPD dokkol\u00f3 a <strong>GPD WIN 4<\/strong> k\u00e9sz\u00fcl\u00e9khez tervezve<\/li>\n<li>Kicsi, k\u00f6nny\u0171 \u00e9s utaz\u00e1sbar\u00e1t<\/li>\n<\/ul>\n[cg_accordion title=\"FIZET\u00c9SI INFORM\u00c1CI\u00d3K\"]<\/p>\n<p>A leg\u00fajabb technol\u00f3gi\u00e1t haszn\u00e1ljuk a fizet\u00e9si folyamatok feldolgoz\u00e1s\u00e1ban, amely lehet\u0151v\u00e9 teszi, hogy a gyors \u00e9s biztons\u00e1gos fizet\u00e9s \u00e9rdek\u00e9ben bankk\u00e1rty\u00e1val\/hitelk\u00e1rty\u00e1val vagy PayPal-lal fizessen.[\/cg_accordion]\n[cg_accordion title=\"GARANCIA\"]<\/p>\n<p>2 \u00e9v garancia a <a href=\"https:\/\/droix.net\/\" target=\"_blank\" rel=\"nofollow noopener\">DROIX Global- t\u00f3l az \u00d6n nyugalma \u00e9rdek\u00e9ben<\/a> [\/cg_accordion]\n[cg_accordion title=\"\u00c1RK\u00c9PZ\u00c9S, AD\u00d3K \u00c9S SZ\u00c1LL\u00cdT\u00c1S\"]<\/p>\n<p><strong><u>Megjegyz\u00e9s:<\/u><\/strong><br \/>\n &#8211; Egyes\u00fclt \u00c1llamok \u00dcgyfelek: A felt\u00fcntetett \u00e1r tartalmazza az \u00f6sszes alkalmazand\u00f3 ad\u00f3t.<br \/>\n &#8211; EU-s \u00fcgyfelek: A felt\u00fcntetett \u00e1r tartalmazza az alkalmazand\u00f3 ad\u00f3t, amely az \u00d6n orsz\u00e1g\u00e1t\u00f3l f\u00fcgg\u0151en ak\u00e1r 25% is lehet.<br \/>\n &#8211; Kanadai v\u00e1s\u00e1rl\u00f3k: A felt\u00fcntetett \u00e1r tartalmazza az alkalmazand\u00f3 ad\u00f3kat, amelyek tartom\u00e1nyt\u00f3l f\u00fcgg\u0151en tartalmazhatj\u00e1k az 5%-os GST-t \u00e9s tov\u00e1bbi tartom\u00e1nyi forgalmi ad\u00f3kat (PST), harmoniz\u00e1lt forgalmi ad\u00f3t (HST) vagy qu\u00e9beci forgalmi ad\u00f3t (QST).[\/cg_accordion]\n[cg_accordion title=\"SZ\u00c1LL\u00cdT\u00c1S \u00c9S VISSZAK\u00dcLD\u00c9S\"]<\/p>\n<p><a href=\"https:\/\/droix.net\/\" target=\"_blank\" rel=\"nofollow noopener\">A DroiX,<\/a> a GPD hivatalos forgalmaz\u00f3ja szervezi, a DHL Express DDP (Delivered Duty Paid) seg\u00edts\u00e9g\u00e9vel sz\u00e1ll\u00edtjuk. Ez azt jelenti, hogy: <\/p>\n<p>Express DDP (Delivered Duty Paid). Ez azt jelenti:<br \/>\n &#8211; A term\u00e9koldalon felt\u00fcntetett \u00e1r tartalmazza az \u00f6sszes v\u00e1mot \u00e9s ad\u00f3t.<br \/>\n &#8211; \u00d6nnek nem kell tov\u00e1bbi d\u00edjakat fizetnie a sz\u00e1ll\u00edt\u00e1skor.<br \/>\n &#8211; Abban a ritka esetben, ha v\u00e1mmal kapcsolatos probl\u00e9m\u00e1k mer\u00fclnek fel, csapatunk az \u00d6n nev\u00e9ben elv\u00e9gzi a v\u00e1mkezel\u00e9si folyamatot, hogy biztos\u00edtsa a z\u00f6kken\u0151mentes sz\u00e1ll\u00edt\u00e1st. <\/p>\n<p>Fontos inform\u00e1ci\u00f3k a visszak\u00fcld\u00e9sr\u0151l:<br \/>\n &#8211; K\u00e9rj\u00fck, vegye figyelembe, hogy a DDP felt\u00e9telei szerint az \u00d6n nev\u00e9ben kifizetett ad\u00f3k \u00e9s v\u00e1mok nem t\u00e9r\u00edthet\u0151k vissza.<\/p>\n<p>R\u00e9szletes <a href=\"https:\/\/gpdstore.net\/hu\/terms-of-service\/\" target=\"_blank\" rel=\"nofollow noopener\">inform\u00e1ci\u00f3k\u00e9rt k\u00e9rj\u00fck, olvassa el a Felhaszn\u00e1l\u00e1si Felt\u00e9teleinket<\/a>.[\/cg_accordion]\n[cg_accordion title=\"MIT TARTALMAZ\"]<\/p>\n<ul>\n<li>1x GPD WIN 4 dokkol\u00f3<\/li>\n<\/ul>\n<p>[\/cg_accordion]\n","protected":false},"featured_media":84729,"template":"","meta":{"_acf_changed":false},"product_brand":[],"product_cat":[5408],"product_tag":[17662],"woo-feed-brand":[5662],"class_list":{"0":"post-84697","1":"product","2":"type-product","3":"status-publish","4":"has-post-thumbnail","6":"product_cat-tartozekok","7":"product_tag-gpd-win-4-accessory-hu","8":"product_shipping_class-low-end","9":"product_shipping_class-standard","11":"pa_accessory-type-dokkolo-allomas","12":"pa_brand-gpd","13":"woo-feed-brand-gpd-hu","15":"first","16":"outofstock","17":"taxable","18":"shipping-taxable","19":"purchasable","20":"product-type-variable","21":"has-default-attributes"},"acf":[],"aioseo_notices":[],"_links":{"self":[{"href":"https:\/\/gpdstore.net\/hu\/wp-json\/wp\/v2\/product\/84697","targetHints":{"allow":["GET"]}}],"collection":[{"href":"https:\/\/gpdstore.net\/hu\/wp-json\/wp\/v2\/product"}],"about":[{"href":"https:\/\/gpdstore.net\/hu\/wp-json\/wp\/v2\/types\/product"}],"wp:featuredmedia":[{"embeddable":true,"href":"https:\/\/gpdstore.net\/hu\/wp-json\/wp\/v2\/media\/84729"}],"wp:attachment":[{"href":"https:\/\/gpdstore.net\/hu\/wp-json\/wp\/v2\/media?parent=84697"}],"wp:term":[{"taxonomy":"product_brand","embeddable":true,"href":"https:\/\/gpdstore.net\/hu\/wp-json\/wp\/v2\/product_brand?post=84697"},{"taxonomy":"product_cat","embeddable":true,"href":"https:\/\/gpdstore.net\/hu\/wp-json\/wp\/v2\/product_cat?post=84697"},{"taxonomy":"product_tag","embeddable":true,"href":"https:\/\/gpdstore.net\/hu\/wp-json\/wp\/v2\/product_tag?post=84697"},{"taxonomy":"woo-feed-brand","embeddable":true,"href":"https:\/\/gpdstore.net\/hu\/wp-json\/wp\/v2\/woo-feed-brand?post=84697"}],"curies":[{"name":"wp","href":"https:\/\/api.w.org\/{rel}","templated":true}]}}