{"id":82337,"date":"2024-04-23T16:13:31","date_gmt":"2024-04-23T16:13:31","guid":{"rendered":"https:\/\/gpdstore.net\/nem-kategorizalt\/gpd-stylus-a-gpd-pocket-3-es-win-max-2-keszulekhez\/"},"modified":"2025-11-24T11:24:26","modified_gmt":"2025-11-24T11:24:26","slug":"gpd-stylus","status":"publish","type":"product","link":"https:\/\/gpdstore.net\/hu\/product\/gpd-stylus\/","title":{"rendered":"GPD Stylus a GPD Pocket 3 &amp; WIN MAX 2 sz\u00e1m\u00e1ra"},"content":{"rendered":"\n<p><br\/>Bemutatjuk a GPD Stylus-t: a precizit\u00e1st \u00e9s k\u00e9nyelmet biztos\u00edt\u00f3, a GPD Pocket 3 \u00e9s a GPD Win Max 2 funkcionalit\u00e1s\u00e1nak n\u00f6vel\u00e9s\u00e9re tervezett, \u00e9s sz\u00e1mos m\u00e1s laptop- \u00e9s t\u00e1blag\u00e9pmodellel kompatibilis eszk\u00f6z. A robusztus alum\u00ednium\u00f6tv\u00f6zetb\u0151l k\u00e9sz\u00fclt tollat \u00fagy alak\u00edtott\u00e1k ki, hogy k\u00e9nyelmesen illeszkedjen a kez\u00e9be, \u00edgy ide\u00e1lis a hosszan tart\u00f3, k\u00e9nyelmetlens\u00e9g n\u00e9lk\u00fcli haszn\u00e1lathoz. Nagy \u00e9rz\u00e9kenys\u00e9g\u0171, 4096 fokozat\u00fa nyom\u00e1s\u00e9rz\u00e9keny hegye puha, rugalmas gumib\u00f3l k\u00e9sz\u00fclt, amely biztos\u00edtja, hogy minden egyes von\u00e1s olyan pontos \u00e9s \u00e9rz\u00e9keny legyen, mint a toll a pap\u00edron. Ez a pontoss\u00e1gi szint t\u00f6k\u00e9letes a legk\u00fcl\u00f6nb\u00f6z\u0151bb tev\u00e9kenys\u00e9gekhez, a v\u00e1zlatok k\u00e9sz\u00edt\u00e9s\u00e9t\u0151l \u00e9s a f\u00e9nyk\u00e9pek szerkeszt\u00e9s\u00e9t\u0151l kezdve a r\u00e9szletes ecsetkezel\u00e9sen \u00e1t a gyors jegyzetek \u00edr\u00e1s\u00e1hoz.   <\/p>\n\n<p>A GPD Stylus pontos k\u00e9pess\u00e9gein t\u00falmen\u0151en a GPD Stylus \u00fagy lett kialak\u00edtva, hogy a karcol\u00e1sok \u00e9s t\u00f6rmel\u00e9kek ellen v\u00e9d\u0151 gumi hegy\u00e9nek k\u00f6sz\u00f6nhet\u0151en a k\u00e9perny\u0151 kifog\u00e1stalan \u00e1llapotban maradjon. Nemcsak funkcion\u00e1lis, hanem k\u00f6nny\u0171 \u00e9s k\u00e9nyelmesen hordozhat\u00f3 is, praktikus csattal kieg\u00e9sz\u00edtve, amellyel k\u00f6nnyen r\u00f6gz\u00edthet\u0151 zsebhez vagy t\u00e1sk\u00e1hoz &#8211; ide\u00e1lis az elfoglalt szakemberek vagy kreat\u00edvok sz\u00e1m\u00e1ra. A GPD Stylus &#8211; a praktikum \u00e9s az innovat\u00edv diz\u00e1jn t\u00f6k\u00e9letes \u00f6tv\u00f6zete &#8211; feldobja digit\u00e1lis interakci\u00f3it, legyen sz\u00f3 ak\u00e1r az alkalmaz\u00e1sokban val\u00f3 navig\u00e1l\u00e1sr\u00f3l, \u00f6tletek r\u00f6gz\u00edt\u00e9s\u00e9r\u0151l vagy m\u0171v\u00e9szi oldal\u00e1nak felfedez\u00e9s\u00e9r\u0151l.  <\/p>\n","protected":false},"excerpt":{"rendered":"<ul>\n<li>M\u0171k\u00f6dik a<strong> GPD Pocket 3 \u00e9s<\/strong> <strong> GPD WIN MAX 2<\/strong> k\u00e9sz\u00fcl\u00e9kekkel<\/li>\n<li><strong>4096 szint\u0171<\/strong> nyom\u00e1s\u00e9rz\u00e9kenys\u00e9g<\/li>\n<li>Eleg\u00e1ns \u00e9s ergonomikus<\/li>\n<li>F\u00e9m<strong> csat<\/strong><\/li>\n<li>Jegyzet\u00edr\u00e1s \u00e9s karakterbevitel<\/li>\n<\/ul>\n<p> [cg_accordion title=\"FIZET\u00c9SI INFORM\u00c1CI\u00d3K\"] A leg\u00fajabb technol\u00f3gi\u00e1t haszn\u00e1ljuk a fizet\u00e9s feldolgoz\u00e1s\u00e1ban, amely lehet\u0151v\u00e9 teszi, hogy az Apple Pay, a Google Pay, a bankk\u00e1rtya\/hitelk\u00e1rtya, a PayPal vagy a BNPL m\u00f3dszerek, mint p\u00e9ld\u00e1ul a Klarna, az Affirm vagy az AfterPay seg\u00edts\u00e9g\u00e9vel fizessen ki gyorsan \u00e9s biztons\u00e1gosan.[\/cg_accordion] [cg_accordion title=\"GARANCIA\"] 2 \u00e9v garancia a <a href=\"https:\/\/droix.net\/\" target=\"_blank\" rel=\"nofollow noopener\">DROIX Global<\/a> r\u00e9sz\u00e9r\u0151l az \u00d6n nyugalma \u00e9rdek\u00e9ben.[\/cg_accordion] [cg_accordion title=\"PRICING, TAXES AND SHIPPING\"] <strong><u>Megjegyz\u00e9s:<\/u><\/strong><\/p>\n<ul>\n<li>Egyes\u00fclt \u00c1llamok \u00dcgyfelek: A felt\u00fcntetett \u00e1r NEM tartalmazza az ad\u00f3t \u00e9s a v\u00e1mokat. A v\u00e1mkezel\u00e9s \u00e9s a kapcsol\u00f3d\u00f3 ad\u00f3k\/v\u00e1mok megfizet\u00e9se az \u00fcgyfelet terheli. <\/li>\n<li>EU-s \u00fcgyfelek: A felt\u00fcntetett \u00e1r tartalmazza az alkalmazand\u00f3 ad\u00f3t, amely az \u00d6n orsz\u00e1g\u00e1t\u00f3l f\u00fcgg\u0151en ak\u00e1r 25% is lehet.<\/li>\n<li>Kanadai \u00fcgyfelek: A felt\u00fcntetett \u00e1r tartalmazza az alkalmazand\u00f3 ad\u00f3kat, amelyek az \u00d6n tartom\u00e1ny\u00e1t\u00f3l f\u00fcgg\u0151en tartalmazhatj\u00e1k az 5%-os GST-t \u00e9s tov\u00e1bbi tartom\u00e1nyi forgalmi ad\u00f3kat (PST), harmoniz\u00e1lt forgalmi ad\u00f3t (HST) vagy qu\u00e9beci forgalmi ad\u00f3t (QST).<\/li>\n<\/ul>\n<p><strong>CSAK EU-s \u00fcgyfelek sz\u00e1m\u00e1ra:<\/strong> Express DDP (Delivered Duty Paid). Ez azt jelenti: <\/p>\n<ul>\n<li style=\"list-style-type: none;\">\n<ul>\n<li>A term\u00e9koldalon felt\u00fcntetett \u00e1r tartalmazza az \u00f6sszes v\u00e1mot \u00e9s ad\u00f3t.<\/li>\n<li>A k\u00e9zbes\u00edt\u00e9skor nem kell tov\u00e1bbi d\u00edjakat fizetnie.<\/li>\n<li>Abban a ritka esetben, ha a v\u00e1mkezel\u00e9ssel kapcsolatos probl\u00e9m\u00e1k mer\u00fclnek fel, csapatunk az \u00d6n nev\u00e9ben elv\u00e9gzi a v\u00e1mkezel\u00e9si folyamatot, hogy biztos\u00edtsa a z\u00f6kken\u0151mentes sz\u00e1ll\u00edt\u00e1st.<\/li>\n<p>Fontos inform\u00e1ci\u00f3k a visszak\u00fcld\u00e9sr\u0151l:<\/p>\n<li>Ha \u00fagy d\u00f6nt, hogy visszak\u00fcldi megrendel\u00e9s\u00e9t vagy visszat\u00e9r\u00edt\u00e9st k\u00e9r, k\u00e9rj\u00fck, vegye figyelembe, hogy az \u00d6n nev\u00e9ben a DDP felt\u00e9telei szerint kifizetett ad\u00f3k \u00e9s v\u00e1mok nem t\u00e9r\u00edthet\u0151k vissza.<\/li>\n<p>K\u00e9rj\u00fck, olvassa el a<\/ul>\n<\/li>\n<\/ul>\n<p><a href=\"https:\/\/gpdstore.net\/hu\/terms-of-service\/\" target=\"_blank\" rel=\"nofollow noopener\">Felt\u00e9telek \u00e9s felt\u00e9telek<\/a><\/p>\n<ul>r\u00e9szletes inform\u00e1ci\u00f3\u00e9rt.<\/ul>\n<p>[\/cg_accordion] [cg_accordion title=\"\u00dcGYF\u00c9LSZOLG\u00c1LAT\"]  K\u00e9rd\u00e9se van? Egy r\u00f6vid sz\u00f6veges \u00fczenetben m\u00e1ris megoldjuk a probl\u00e9m\u00e1j\u00e1t!   [\/cg_accordion] [cg_accordion title=\"WHAT'S INCLUDED\"]<\/p>\n<ul>\n<li>1x GPD toll<\/li>\n<\/ul>\n<p>[\/cg_accordion]<\/p>\n","protected":false},"featured_media":82427,"template":"","meta":{"_acf_changed":false},"product_brand":[],"product_cat":[5408],"product_tag":[15878,6117],"woo-feed-brand":[5662],"class_list":{"0":"post-82337","1":"product","2":"type-product","3":"status-publish","4":"has-post-thumbnail","6":"product_cat-tartozekok","7":"product_tag-15xmsale-hu","8":"product_tag-gpd-wm2-kiegeszito","9":"product_shipping_class-low-end","10":"pa_accessory-type-stylus-hu","11":"pa_brand-gpd","12":"woo-feed-brand-gpd-hu","14":"first","15":"instock","16":"sale","17":"taxable","18":"shipping-taxable","19":"purchasable","20":"product-type-variable","21":"has-default-attributes"},"acf":[],"aioseo_notices":[],"_links":{"self":[{"href":"https:\/\/gpdstore.net\/hu\/wp-json\/wp\/v2\/product\/82337","targetHints":{"allow":["GET"]}}],"collection":[{"href":"https:\/\/gpdstore.net\/hu\/wp-json\/wp\/v2\/product"}],"about":[{"href":"https:\/\/gpdstore.net\/hu\/wp-json\/wp\/v2\/types\/product"}],"wp:featuredmedia":[{"embeddable":true,"href":"https:\/\/gpdstore.net\/hu\/wp-json\/wp\/v2\/media\/82427"}],"wp:attachment":[{"href":"https:\/\/gpdstore.net\/hu\/wp-json\/wp\/v2\/media?parent=82337"}],"wp:term":[{"taxonomy":"product_brand","embeddable":true,"href":"https:\/\/gpdstore.net\/hu\/wp-json\/wp\/v2\/product_brand?post=82337"},{"taxonomy":"product_cat","embeddable":true,"href":"https:\/\/gpdstore.net\/hu\/wp-json\/wp\/v2\/product_cat?post=82337"},{"taxonomy":"product_tag","embeddable":true,"href":"https:\/\/gpdstore.net\/hu\/wp-json\/wp\/v2\/product_tag?post=82337"},{"taxonomy":"woo-feed-brand","embeddable":true,"href":"https:\/\/gpdstore.net\/hu\/wp-json\/wp\/v2\/woo-feed-brand?post=82337"}],"curies":[{"name":"wp","href":"https:\/\/api.w.org\/{rel}","templated":true}]}}