{"id":808711,"date":"2024-11-21T09:56:41","date_gmt":"2024-11-21T09:56:41","guid":{"rendered":"https:\/\/gpdstore.net\/?post_type=product&#038;p=808711"},"modified":"2025-12-23T10:03:41","modified_gmt":"2025-12-23T10:03:41","slug":"gpd-duo-protective-case","status":"publish","type":"product","link":"https:\/\/gpdstore.net\/hu\/product\/gpd-duo-protective-case\/","title":{"rendered":"GPD DUO v\u00e9d\u0151 tok"},"content":{"rendered":"\n<p>V\u00e9dje GPD DUO k\u00e9sz\u00fcl\u00e9k\u00e9t st\u00edlusosan a <strong>hivatalos GPD DUO v\u00e9d\u0151tokkal<\/strong>. Ez a kiz\u00e1r\u00f3lag a GPD DUO-hoz tervezett, eleg\u00e1ns \u00e9s tart\u00f3s tok a funkcionalit\u00e1s \u00e9s a v\u00e9delem t\u00f6k\u00e9letes kombin\u00e1ci\u00f3j\u00e1t k\u00edn\u00e1lja. Ak\u00e1r ing\u00e1zik, ak\u00e1r utazik, vagy egyszer\u0171en csak t\u00e1rolja a k\u00e9sz\u00fcl\u00e9k\u00e9t, ez a tok gondoskodik arr\u00f3l, hogy a GPD DUO biztons\u00e1gban maradjon.  <\/p>\n\n<p>A tok <strong>er\u0151s sz\u00f6vet k\u00fcls\u0151vel<\/strong> rendelkezik, hogy megv\u00e9dje k\u00e9sz\u00fcl\u00e9k\u00e9t a k\u00fcls\u0151 s\u00e9r\u00fcl\u00e9sekt\u0151l, \u00e9s <strong>puha, p\u00e1rn\u00e1zott bels\u0151vel<\/strong>, hogy megv\u00e9dje a karcol\u00e1sokt\u00f3l \u00e9s \u00fct\u0151d\u00e9sekt\u0151l. Kompakt kialak\u00edt\u00e1s\u00e1nak k\u00f6sz\u00f6nhet\u0151en k\u00f6nnyed\u00e9n elf\u00e9r benne a GPD DUO, mik\u00f6zben helyet hagy az alapvet\u0151 tartoz\u00e9koknak. <\/p>\n\n<p>A t\u00e1ska <strong>dupla foganty\u00faval<\/strong> van ell\u00e1tva a k\u00f6nny\u0171 hordoz\u00e1s \u00e9rdek\u00e9ben, valamint <strong>\u00e1ll\u00edthat\u00f3 v\u00e1llp\u00e1nttal<\/strong>, \u00edgy rugalmasan hordozhatja az \u00d6nnek legmegfelel\u0151bb m\u00f3don. K\u00f6nny\u0171 fel\u00e9p\u00edt\u00e9s\u00e9nek k\u00f6sz\u00f6nhet\u0151en ide\u00e1lis az \u00fatk\u00f6zbeni felhaszn\u00e1l\u00f3k sz\u00e1m\u00e1ra, akik megb\u00edzhat\u00f3 v\u00e9delemre v\u00e1gynak felesleges terjedelem n\u00e9lk\u00fcl. <\/p>\n\n<h3 class=\"wp-block-heading\"><strong>Kulcsfontoss\u00e1g\u00fa jellemz\u0151k:<\/strong><\/h3>\n\n<ul class=\"wp-block-list\">\n<li>Hivatalos GPD term\u00e9k, amelyet kifejezetten a GPD DUO-hoz terveztek.<\/li>\n\n\n\n<li>Tart\u00f3s sz\u00f6vet k\u00fcls\u0151 a fokozott v\u00e9delem\u00e9rt<\/li>\n\n\n\n<li>Puha, p\u00e1rn\u00e1zott bels\u0151 r\u00e9sz v\u00e9di a k\u00e9sz\u00fcl\u00e9ket a karcol\u00e1sokt\u00f3l \u00e9s \u00fct\u0151d\u00e9sekt\u0151l<\/li>\n\n\n\n<li>Dupla foganty\u00fa \u00e9s \u00e1ll\u00edthat\u00f3 v\u00e1llp\u00e1nt a sokoldal\u00fa hordoz\u00e1si lehet\u0151s\u00e9gekhez<\/li>\n\n\n\n<li>Kompakt \u00e9s k\u00f6nny\u0171 kialak\u00edt\u00e1s a maxim\u00e1lis hordozhat\u00f3s\u00e1g \u00e9rdek\u00e9ben<\/li>\n<\/ul>\n\n<p>Vigye mag\u00e1val a GPD DUO k\u00e9sz\u00fcl\u00e9ket b\u00e1rhov\u00e1 magabiztosan, tudva, hogy egy olyan tok v\u00e9di, amely egyes\u00edti a praktikumot, a tart\u00f3ss\u00e1got \u00e9s a st\u00edlust.<\/p>\n\n<p><\/p>\n","protected":false},"excerpt":{"rendered":"<ul>\n<li>Hivatalos <strong>GPD<\/strong> term\u00e9k<\/li>\n<li>Kifejezetten a <strong>GPD DUO-hoz<\/strong> tervezt\u00e9k<\/li>\n<li>Tart\u00f3s sz\u00f6vet k\u00fcls\u0151 a fokozott v\u00e9delem\u00e9rt<\/li>\n<li>Puha, p\u00e1rn\u00e1zott bels\u0151 t\u00e9r a karcol\u00e1sok \u00e9s \u00fct\u0151d\u00e9sek elker\u00fcl\u00e9se \u00e9rdek\u00e9ben<\/li>\n<li>Mindk\u00e9t dupla foganty\u00faval \u00e9s \u00e1ll\u00edthat\u00f3 v\u00e1llp\u00e1nttal rendelkezik a sokoldal\u00fa hordoz\u00e1si lehet\u0151s\u00e9gek\u00e9rt.<\/li>\n<\/ul>\n[cg_accordion title=\"FIZET\u00c9SI INFORM\u00c1CI\u00d3K\"]<\/p>\n<p>A leg\u00fajabb technol\u00f3gi\u00e1t haszn\u00e1ljuk a fizet\u00e9s feldolgoz\u00e1s\u00e1ban, amely lehet\u0151v\u00e9 teszi, hogy az Apple Pay, a Google Pay, a bankk\u00e1rtya\/hitelk\u00e1rtya, a PayPal vagy a BNPL m\u00f3dszerek, mint p\u00e9ld\u00e1ul a Klarna, az Affirm vagy az AfterPay seg\u00edts\u00e9g\u00e9vel fizessen ki gyorsan \u00e9s biztons\u00e1gosan.[\/cg_accordion]\n[cg_accordion title=\"GARANCIA\"]<\/p>\n<p>2 \u00e9v garancia a <a href=\"https:\/\/droix.net\/\" target=\"_blank\" rel=\"nofollow noopener\">DROIX Global-t\u00f3l<\/a> az \u00d6n nyugalma \u00e9rdek\u00e9ben[\/cg_accordion]\n[cg_accordion title=\"\u00c1RK\u00c9PZ\u00c9S, AD\u00d3K \u00c9S SZ\u00c1LL\u00cdT\u00c1S\"]<\/p>\n<p><strong><u>Megjegyz\u00e9s:<\/u><\/strong><\/p>\n<ul>\n<li>Egyes\u00fclt \u00c1llamok \u00dcgyfelek: A felt\u00fcntetett \u00e1r NEM tartalmazza az ad\u00f3t \u00e9s a v\u00e1mokat. A v\u00e1mkezel\u00e9s \u00e9s a kapcsol\u00f3d\u00f3 ad\u00f3k\/v\u00e1mok megfizet\u00e9se az \u00fcgyfelet terheli. <\/li>\n<li>EU-s \u00fcgyfelek: A felt\u00fcntetett \u00e1r tartalmazza az alkalmazand\u00f3 ad\u00f3t, amely az \u00d6n orsz\u00e1g\u00e1t\u00f3l f\u00fcgg\u0151en ak\u00e1r 25% is lehet.<\/li>\n<li>Kanadai \u00fcgyfelek: A felt\u00fcntetett \u00e1r tartalmazza az alkalmazand\u00f3 ad\u00f3kat, amelyek az \u00d6n tartom\u00e1ny\u00e1t\u00f3l f\u00fcgg\u0151en tartalmazhatj\u00e1k az 5%-os GST-t \u00e9s tov\u00e1bbi tartom\u00e1nyi forgalmi ad\u00f3kat (PST), harmoniz\u00e1lt forgalmi ad\u00f3t (HST) vagy qu\u00e9beci forgalmi ad\u00f3t (QST).<\/li>\n<\/ul>\n<p><strong>CSAK EU-s \u00fcgyfelek sz\u00e1m\u00e1ra:<\/strong> Express DDP (Delivered Duty Paid). Ez azt jelenti: <\/p>\n<ul>\n<li>A term\u00e9k oldal\u00e1n felt\u00fcntetett \u00e1r tartalmazza az \u00f6sszes v\u00e1mot \u00e9s ad\u00f3t.<\/li>\n<li>A k\u00e9zbes\u00edt\u00e9skor nem kell tov\u00e1bbi d\u00edjakat fizetnie.<\/li>\n<li>Abban a ritka esetben, ha a v\u00e1mkezel\u00e9ssel kapcsolatos probl\u00e9m\u00e1k mer\u00fclnek fel, csapatunk az \u00d6n nev\u00e9ben elv\u00e9gzi a v\u00e1mkezel\u00e9si folyamatot, hogy biztos\u00edtsa a z\u00f6kken\u0151mentes sz\u00e1ll\u00edt\u00e1st.<\/li>\n<p>Fontos inform\u00e1ci\u00f3k a visszak\u00fcld\u00e9sr\u0151l:<\/p>\n<li>Ha \u00fagy d\u00f6nt, hogy visszak\u00fcldi megrendel\u00e9s\u00e9t vagy visszat\u00e9r\u00edt\u00e9st k\u00e9r, k\u00e9rj\u00fck, vegye figyelembe, hogy az \u00d6n nev\u00e9ben a DDP felt\u00e9telei szerint kifizetett ad\u00f3k \u00e9s v\u00e1mok nem t\u00e9r\u00edthet\u0151k vissza.<\/li>\n<p>R\u00e9szletes inform\u00e1ci\u00f3k\u00e9rt k\u00e9rj\u00fck, olvassa el a <a href=\"https:\/\/gpdstore.net\/hu\/terms-of-service\/\" target=\"_blank\" rel=\"nofollow noopener\">Felhaszn\u00e1l\u00e1si Felt\u00e9teleinket<\/a>.\n<\/ul>\n<p>[\/cg_accordion]\n[cg_accordion title=\"\u00dcGYF\u00c9LSZOLG\u00c1LAT\"]<\/p>\n<p>K\u00e9rd\u00e9se van? Egy r\u00f6vid sz\u00f6veges \u00fczenetben m\u00e1ris megoldjuk a probl\u00e9m\u00e1j\u00e1t!<br \/>\n[\/cg_accordion]\n[cg_accordion title=\"MIT TARTALMAZ\"]<\/p>\n<ul>\n<li>1x GPD DUO tok<\/li>\n<\/ul>\n<p>[\/cg_accordion]\n","protected":false},"featured_media":818172,"template":"","meta":{"_acf_changed":false},"product_brand":[],"product_cat":[5408],"product_tag":[15808],"woo-feed-brand":[],"class_list":{"0":"post-808711","1":"product","2":"type-product","3":"status-publish","4":"has-post-thumbnail","6":"product_cat-tartozekok","7":"product_tag-20xmsale-hu-2","8":"product_shipping_class-low-end","9":"pa_accessory-type-vedo-tok","10":"pa_brand-gpd","12":"first","13":"instock","14":"sale","15":"taxable","16":"shipping-taxable","17":"purchasable","18":"product-type-simple"},"acf":[],"aioseo_notices":[],"_links":{"self":[{"href":"https:\/\/gpdstore.net\/hu\/wp-json\/wp\/v2\/product\/808711","targetHints":{"allow":["GET"]}}],"collection":[{"href":"https:\/\/gpdstore.net\/hu\/wp-json\/wp\/v2\/product"}],"about":[{"href":"https:\/\/gpdstore.net\/hu\/wp-json\/wp\/v2\/types\/product"}],"wp:featuredmedia":[{"embeddable":true,"href":"https:\/\/gpdstore.net\/hu\/wp-json\/wp\/v2\/media\/818172"}],"wp:attachment":[{"href":"https:\/\/gpdstore.net\/hu\/wp-json\/wp\/v2\/media?parent=808711"}],"wp:term":[{"taxonomy":"product_brand","embeddable":true,"href":"https:\/\/gpdstore.net\/hu\/wp-json\/wp\/v2\/product_brand?post=808711"},{"taxonomy":"product_cat","embeddable":true,"href":"https:\/\/gpdstore.net\/hu\/wp-json\/wp\/v2\/product_cat?post=808711"},{"taxonomy":"product_tag","embeddable":true,"href":"https:\/\/gpdstore.net\/hu\/wp-json\/wp\/v2\/product_tag?post=808711"},{"taxonomy":"woo-feed-brand","embeddable":true,"href":"https:\/\/gpdstore.net\/hu\/wp-json\/wp\/v2\/woo-feed-brand?post=808711"}],"curies":[{"name":"wp","href":"https:\/\/api.w.org\/{rel}","templated":true}]}}