{"id":78225,"date":"2024-08-12T15:14:19","date_gmt":"2024-08-12T15:14:19","guid":{"rendered":"https:\/\/gpdstore.net\/nem-kategorizalt\/droix-nh8-usb-hub-nvme-vel\/"},"modified":"2025-12-23T10:14:08","modified_gmt":"2025-12-23T10:14:08","slug":"droix-nh8-nvme-usb-hub","status":"publish","type":"product","link":"https:\/\/gpdstore.net\/hu\/product\/droix-nh8-nvme-usb-hub\/","title":{"rendered":"DroiX NH8 USB Hub NVMe-vel"},"content":{"rendered":"\n<h3 class=\"wp-block-heading\">Bemutatjuk a DroiX NH8 Hubot NVMe foglalattal: a v\u00e9gs\u0151 csatlakoz\u00e1si megold\u00e1s!<\/h3>\n\n<h3 class=\"wp-block-heading\">Vill\u00e1mgyors Gigabit Ethernet<\/h3>\n\n<p>L\u00e9pjen be az internetkapcsolat j\u00f6v\u0151j\u00e9be a DroiX NH8 Hub seg\u00edts\u00e9g\u00e9vel! A robusztus 10\/100\/1000M RJ45 Gigabit Ethernet porttal ell\u00e1tott hub vill\u00e1mgyors, stabil \u00e9s rendk\u00edv\u00fcl megb\u00edzhat\u00f3 internetkapcsolatot biztos\u00edt. Ak\u00e1r j\u00e1t\u00e9k, streaming, vagy egy fontos vide\u00f3h\u00edv\u00e1s k\u00f6zben tapasztalja meg a sima, k\u00e9sleltet\u00e9smentes teljes\u00edtm\u00e9nyt, amelyet csak egy vezet\u00e9kes kapcsolat tud ny\u00fajtani. Mondjon b\u00facs\u00fat a Wi-Fi gondoknak, \u00e9s \u00fcdv\u00f6z\u00f6lje a k\u00f6vetkezetes, nagy sebess\u00e9g\u0171 hozz\u00e1f\u00e9r\u00e9st!   <\/p>\n\n<h3 class=\"wp-block-heading\">L\u00e9legzetel\u00e1ll\u00edt\u00f3 videokimenet<\/h3>\n\n<p>A DroiX NH8 Hub HDMI 2.0 t\u00e1mogat\u00e1s\u00e1val \u00e1talak\u00edthatja a vizu\u00e1lis \u00e9lm\u00e9nyt. Ak\u00e1r egy 4K-s filmbe mer\u00fclsz bele, ak\u00e1r egy \u00fcgyf\u00e9lnek tartasz el\u0151ad\u00e1st, vagy nagy felbont\u00e1s\u00fa j\u00e1t\u00e9kokat j\u00e1tszol, a hub 4096&#215;2160-as felbont\u00e1sban, egyenletes 60 Hz-es friss\u00edt\u00e9si frekvenci\u00e1val leny\u0171g\u00f6z\u0151 vizu\u00e1lis k\u00e9peket ad ki. K\u00e9sz\u00fclj fel, hogy elvar\u00e1zsolnak az \u00e9l\u00e9nk sz\u00ednek \u00e9s az \u00e9les r\u00e9szletek, amelyek minden k\u00e9pkock\u00e1ban elmer\u00fclsz.  <\/p>\n\n<h3 class=\"wp-block-heading\">K\u00f6nnyed t\u00e1rol\u00f3hely-b\u0151v\u00edt\u00e9s<\/h3>\n\n<p>Kifogy\u00f3ban a t\u00e1rol\u00f3hely? A DroiX NH8 Hub gondoskodik r\u00f3la. Be\u00e9p\u00edtett PCIe NVMe foglalat\u00e1val a t\u00e1rol\u00f3 b\u0151v\u00edt\u00e9se m\u00e9g soha nem volt ilyen egyszer\u0171. Ide\u00e1lis nagy teljes\u00edtm\u00e9ny\u0171 alkalmaz\u00e1sokhoz vagy nagym\u00e9ret\u0171 f\u00e1jlt\u00e1rol\u00f3khoz, ez a b\u0151v\u00edt\u0151hely t\u00e1mogatja a vill\u00e1mgyors adat\u00e1tviteli sebess\u00e9get, \u00edgy biztos\u00edtva a rendszer z\u00f6kken\u0151mentes \u00e9s hat\u00e9kony m\u0171k\u00f6d\u00e9s\u00e9t. Testre szabhatja a t\u00e1rol\u00f3t az ig\u00e9nyeinek megfelel\u0151en, \u00e9s eszk\u00f6ze a lehet\u0151 legjobb teljes\u00edtm\u00e9nyt ny\u00fajthatja.    <\/p>\n\n<h3 class=\"wp-block-heading\">Nagy sebess\u00e9g\u0171 adat\u00e1tvitel<\/h3>\n\n<p>Nagym\u00e9ret\u0171 f\u00e1jlokat kell vill\u00e1mgyorsan \u00e1tvinnie? A DroiX NH8 Hub USB Type-A 3.0 porttal rendelkezik, amely gyors adat\u00e1tviteli sebess\u00e9get biztos\u00edt, \u00edgy a f\u00e1jlkezel\u00e9s gyerekj\u00e1t\u00e9k. Ak\u00e1r perif\u00e9ri\u00e1kat csatlakoztat, ak\u00e1r eszk\u00f6z\u00f6ket t\u00f6lt vagy adatokat mozgat, ez a hub biztos\u00edtja, hogy minden gyorsan \u00e9s hat\u00e9konyan t\u00f6rt\u00e9njen, \u00e9rt\u00e9kes id\u0151t takar\u00edtva meg.  <\/p>\n\n<h3 class=\"wp-block-heading\">Univerz\u00e1lis USB Type-C kompatibilit\u00e1s<\/h3>\n\n<p>A DroiX NH8 Hub sokoldal\u00fa USB Type-C k\u00e1bellel van felszerelve, amely univerz\u00e1lis kompatibilit\u00e1st biztos\u00edt az eszk\u00f6z\u00f6k sz\u00e9les sk\u00e1l\u00e1j\u00e1n. Ez a minden egyben k\u00e1bel nemcsak a gyors adat\u00e1tvitelt, hanem a hat\u00e9kony t\u00f6lt\u00e9st is t\u00e1mogatja, \u00edgy n\u00e9lk\u00fcl\u00f6zhetetlen t\u00e1rsad lesz a csatlakoz\u00e1si ig\u00e9nyeidhez. Nincs t\u00f6bb\u00e9 t\u00f6bb k\u00e1bellel val\u00f3 bajl\u00f3d\u00e1s &#8211; maradj k\u00f6nnyed\u00e9n csatlakoztatva.  <\/p>\n\n<h3 class=\"wp-block-heading\">Z\u00f6kken\u0151mentes m\u00e9dia-hozz\u00e1f\u00e9r\u00e9s<\/h3>\n\n<p>A DroiX NH8 Hub be\u00e9p\u00edtett SD-k\u00e1rtyaolvas\u00f3j\u00e1val k\u00f6nnyed\u00e9n hozz\u00e1f\u00e9rhet \u00e9s \u00e1tviheti a m\u00e9di\u00e1t. A Micro SD- \u00e9s SD-k\u00e1rty\u00e1kat egyar\u00e1nt t\u00e1mogat\u00f3 funkci\u00f3val gyorsan k\u00e9sz\u00edthet biztons\u00e1gi ment\u00e9st vagy hozz\u00e1f\u00e9rhet f\u00e1jljaihoz, legyen sz\u00f3 ak\u00e1r fot\u00f3kr\u00f3l, vide\u00f3kr\u00f3l vagy fontos dokumentumokr\u00f3l. A k\u00e9nyelem m\u00e9g soha nem volt ennyire el\u00e9rhet\u0151.  <\/p>\n\n<h3 class=\"wp-block-heading\">P\u00e1ratlan sokoldal\u00fas\u00e1g<\/h3>\n\n<p>Ami igaz\u00e1n kiemeli a DroiX NH8 Hubot, az a p\u00e1ratlan sokoldal\u00fas\u00e1ga. \u00dagy tervezt\u00e9k, hogy z\u00f6kken\u0151mentesen m\u0171k\u00f6dj\u00f6n egy\u00fctt az USB Type-C eszk\u00f6z\u00f6k sz\u00e9les sk\u00e1l\u00e1j\u00e1val &#8211; legyen sz\u00f3 PC-kr\u0151l, mini PC-kr\u0151l, laptopokr\u00f3l, k\u00e9zi j\u00e1t\u00e9keszk\u00f6z\u00f6kr\u0151l vagy m\u00e1s eszk\u00f6z\u00f6kr\u0151l -, ez a hub alkalmazkodik az \u00d6n ig\u00e9nyeihez, \u00e9s mindenhol cs\u00facsmin\u0151s\u00e9g\u0171 teljes\u00edtm\u00e9nyt ny\u00fajt. Ez nem csak egy hub; ez egy csatlakoz\u00e1si er\u0151m\u0171.  <\/p>\n\n<h3 class=\"wp-block-heading\">K\u00f6vetkeztet\u00e9s: N\u00f6velje a kapcsol\u00f3d\u00e1si \u00e9lm\u00e9nyt<\/h3>\n\n<p>A DroiX NH8 Hub t\u00f6bb, mint egy csatlakoztat\u00e1si eszk\u00f6z; ez egy \u00e1tfog\u00f3 megold\u00e1s, amelyet \u00fagy terveztek, hogy megfeleljen a mai technol\u00f3gia ir\u00e1nt \u00e9rdekl\u0151d\u0151 felhaszn\u00e1l\u00f3k sokr\u00e9t\u0171 ig\u00e9nyeinek. Minden funkci\u00f3ja a kiv\u00e1l\u00f3 diz\u00e1jnt, a kiv\u00e9teles teljes\u00edtm\u00e9nyt \u00e9s a csatlakoztathat\u00f3s\u00e1g el\u0151remutat\u00f3 megk\u00f6zel\u00edt\u00e9s\u00e9t t\u00fckr\u00f6zi. Emelje fel a felhaszn\u00e1l\u00f3i \u00e9lm\u00e9nyt, \u00e9s alak\u00edtsa \u00e1t a kapcsol\u00f3d\u00e1s m\u00f3dj\u00e1t a DroiX NH8 Hub seg\u00edts\u00e9g\u00e9vel!  <\/p>\n\n<p>Tudjon meg t\u00f6bbet a <strong>Droix NH8 USB Hub haszn\u00e1lat\u00e1nak kezdeteir\u0151l<\/strong> sz\u00f3l\u00f3 \u00fatmutat\u00f3nkban.<\/p>\n\n<p><\/p>\n","protected":false},"excerpt":{"rendered":"<ul>\n<li>DroiX<strong> NH8 <\/strong>USB Hub NVMe-vel<\/li>\n<li><strong>10\/100\/1000M<\/strong> Gigabit Ethernet<\/li>\n<li><strong>Be\u00e9p\u00edtett PCIe NVMe b\u0151v\u00edt\u0151hely<\/strong> a t\u00e1rol\u00f3 b\u0151v\u00edt\u00e9s\u00e9hez<\/li>\n<li><strong>4K kijelz\u0151 kimenet<\/strong> HDMI-n kereszt\u00fcl<\/li>\n<li><strong>MicroSD \/ SD k\u00e1rtya foglalat<\/strong> &#8211; ak\u00e1r 5 Gbps sebess\u00e9gig<\/li>\n<\/ul>\n[cg_accordion title=\"FIZET\u00c9SI INFORM\u00c1CI\u00d3K\"]<\/p>\n<p>A leg\u00fajabb technol\u00f3gi\u00e1t haszn\u00e1ljuk a fizet\u00e9si folyamatok feldolgoz\u00e1s\u00e1ban, amely lehet\u0151v\u00e9 teszi, hogy a gyors \u00e9s biztons\u00e1gos fizet\u00e9s \u00e9rdek\u00e9ben bankk\u00e1rty\u00e1val\/hitelk\u00e1rty\u00e1val vagy PayPal-lal fizessen.[\/cg_accordion]\n[cg_accordion title=\"GARANCIA\"]<\/p>\n<p>2 \u00e9v garancia a <a href=\"https:\/\/droix.net\/\" target=\"_blank\" rel=\"nofollow noopener\">DROIX Global- t\u00f3l az \u00d6n nyugalma \u00e9rdek\u00e9ben<\/a> [\/cg_accordion]\n[cg_accordion title=\"MIN\u0150S\u00c9GBIZTOS\u00cdT\u00c1S \u00c9S SZ\u00c1LL\u00cdT\u00c1S EL\u0150TTI TESZTEL\u00c9S\"]<\/p>\n<p>A legmagasabb sz\u00ednvonal\u00fa \u00fcgyf\u00e9l-el\u00e9gedetts\u00e9g biztos\u00edt\u00e1sa: Minden k\u00e9sz\u00fcl\u00e9ket szigor\u00fa tesztel\u00e9snek \u00e9s t\u00f6bbpontos min\u0151s\u00e9gbiztos\u00edt\u00e1si ellen\u0151rz\u00e9snek vetnek al\u00e1, miel\u0151tt kisz\u00e1ll\u00edt\u00e1sra ker\u00fcl. Elk\u00f6telezett csapatunk ellen\u0151rzi a teljes\u00edtm\u00e9nyt, a funkcionalit\u00e1st \u00e9s az alkatr\u00e9szek \u00e9ps\u00e9g\u00e9t, hogy garant\u00e1ljuk, hogy a GPD k\u00e9sz\u00fcl\u00e9k meg\u00e9rkez\u00e9sekor t\u00f6k\u00e9letes m\u0171k\u00f6d\u00e9si \u00e1llapotban van, \u00edgy biztos\u00edtva \u00d6nnek a bizalmat \u00e9s a nyugalmat. [\/cg_accordion]\n[cg_accordion title=\"\u00c1RK\u00c9PZ\u00c9S, AD\u00d3K \u00c9S SZ\u00c1LL\u00cdT\u00c1S\"]<\/p>\n<p><strong><u>Megjegyz\u00e9s:<\/u><\/strong><\/p>\n<ul>\n<li>Egyes\u00fclt \u00c1llamok \u00dcgyfelek: A felt\u00fcntetett \u00e1r NEM tartalmazza az ad\u00f3t \u00e9s a v\u00e1mokat. A v\u00e1mkezel\u00e9s \u00e9s a kapcsol\u00f3d\u00f3 ad\u00f3k\/v\u00e1mok megfizet\u00e9se az \u00fcgyfelet terheli. <\/li>\n<li>EU-s \u00fcgyfelek: A felt\u00fcntetett \u00e1r tartalmazza az alkalmazand\u00f3 ad\u00f3t, amely az \u00d6n orsz\u00e1g\u00e1t\u00f3l f\u00fcgg\u0151en ak\u00e1r 25% is lehet.<\/li>\n<li>Kanadai \u00fcgyfelek: A felt\u00fcntetett \u00e1r tartalmazza az alkalmazand\u00f3 ad\u00f3kat, amelyek az \u00d6n tartom\u00e1ny\u00e1t\u00f3l f\u00fcgg\u0151en tartalmazhatj\u00e1k az 5%-os GST-t \u00e9s tov\u00e1bbi tartom\u00e1nyi forgalmi ad\u00f3kat (PST), harmoniz\u00e1lt forgalmi ad\u00f3t (HST) vagy qu\u00e9beci forgalmi ad\u00f3t (QST).<\/li>\n<\/ul>\n<p><strong>CSAK EU-s \u00fcgyfelek sz\u00e1m\u00e1ra:<\/strong> Express DDP (Delivered Duty Paid). Ez azt jelenti: <\/p>\n<ul>\n<li>A term\u00e9koldalon felt\u00fcntetett \u00e1r tartalmazza az \u00f6sszes v\u00e1mot \u00e9s ad\u00f3t.<\/li>\n<li>A k\u00e9zbes\u00edt\u00e9skor nem kell tov\u00e1bbi d\u00edjakat fizetnie.<\/li>\n<li>Abban a ritka esetben, ha a v\u00e1mkezel\u00e9ssel kapcsolatos probl\u00e9m\u00e1k mer\u00fclnek fel, csapatunk az \u00d6n nev\u00e9ben elv\u00e9gzi a v\u00e1mkezel\u00e9si folyamatot, hogy biztos\u00edtsa a z\u00f6kken\u0151mentes sz\u00e1ll\u00edt\u00e1st.<\/li>\n<p>Fontos inform\u00e1ci\u00f3k a visszak\u00fcld\u00e9sr\u0151l:<\/p>\n<li>Ha \u00fagy d\u00f6nt, hogy visszak\u00fcldi megrendel\u00e9s\u00e9t vagy visszat\u00e9r\u00edt\u00e9st k\u00e9r, k\u00e9rj\u00fck, vegye figyelembe, hogy az \u00d6n nev\u00e9ben a DDP felt\u00e9telei szerint kifizetett ad\u00f3k \u00e9s v\u00e1mok nem t\u00e9r\u00edthet\u0151k vissza.<\/li>\n<p>R\u00e9szletes <a href=\"https:\/\/droix.net\/terms-and-conditions\/\" target=\"_blank\" rel=\"nofollow noopener\">inform\u00e1ci\u00f3k\u00e9rt k\u00e9rj\u00fck, olvassa el a Felhaszn\u00e1l\u00e1si Felt\u00e9teleinket<\/a>.\n<\/ul>\n<p>[\/cg_accordion]\n[cg_accordion title=\"\u00dcGYF\u00c9LSZOLG\u00c1LAT\"]<\/p>\n<p>K\u00e9rd\u00e9se van? Egy r\u00f6vid sz\u00f6veges \u00fczenetben m\u00e1ris megoldjuk a probl\u00e9m\u00e1j\u00e1t! <\/p>\n<p>R\u00e9szletes <a href=\"https:\/\/gpdstore.net\/hu\/terms-of-service\/\" target=\"_blank\" rel=\"nofollow noopener\">inform\u00e1ci\u00f3k\u00e9rt k\u00e9rj\u00fck, olvassa el a Felhaszn\u00e1l\u00e1si Felt\u00e9teleinket<\/a>.\n<\/ul>\n<p>[\/cg_accordion]\n[cg_accordion title=\"MIT TARTALMAZ\"]<\/p>\n<ul>\n<li>1x DroiX NH8 USB Hub NVMe-vel<\/li>\n<\/ul>\n<p>[\/cg_accordion]\n","protected":false},"featured_media":78270,"template":"","meta":{"_acf_changed":false},"product_brand":[],"product_cat":[5408],"product_tag":[14812,6035],"woo-feed-brand":[5494],"class_list":{"0":"post-78225","1":"product","2":"type-product","3":"status-publish","4":"has-post-thumbnail","6":"product_cat-tartozekok","7":"product_tag-40xmsale-hu","8":"product_tag-droix-hub-hu","9":"product_shipping_class-low-end","10":"pa_brand-droix","11":"pa_i-o-video-1x-hdmi-hu","12":"woo-feed-brand-droix-hu","14":"first","15":"outofstock","16":"sale","17":"taxable","18":"shipping-taxable","19":"purchasable","20":"product-type-variable","21":"has-default-attributes"},"acf":[],"aioseo_notices":[],"_links":{"self":[{"href":"https:\/\/gpdstore.net\/hu\/wp-json\/wp\/v2\/product\/78225","targetHints":{"allow":["GET"]}}],"collection":[{"href":"https:\/\/gpdstore.net\/hu\/wp-json\/wp\/v2\/product"}],"about":[{"href":"https:\/\/gpdstore.net\/hu\/wp-json\/wp\/v2\/types\/product"}],"wp:featuredmedia":[{"embeddable":true,"href":"https:\/\/gpdstore.net\/hu\/wp-json\/wp\/v2\/media\/78270"}],"wp:attachment":[{"href":"https:\/\/gpdstore.net\/hu\/wp-json\/wp\/v2\/media?parent=78225"}],"wp:term":[{"taxonomy":"product_brand","embeddable":true,"href":"https:\/\/gpdstore.net\/hu\/wp-json\/wp\/v2\/product_brand?post=78225"},{"taxonomy":"product_cat","embeddable":true,"href":"https:\/\/gpdstore.net\/hu\/wp-json\/wp\/v2\/product_cat?post=78225"},{"taxonomy":"product_tag","embeddable":true,"href":"https:\/\/gpdstore.net\/hu\/wp-json\/wp\/v2\/product_tag?post=78225"},{"taxonomy":"woo-feed-brand","embeddable":true,"href":"https:\/\/gpdstore.net\/hu\/wp-json\/wp\/v2\/woo-feed-brand?post=78225"}],"curies":[{"name":"wp","href":"https:\/\/api.w.org\/{rel}","templated":true}]}}