{"id":64125,"date":"2024-05-17T08:24:33","date_gmt":"2024-05-17T08:24:33","guid":{"rendered":"https:\/\/gpdstore.net\/nem-kategorizalt\/gpd-g1-2023-egpu-dokkoloallomas\/"},"modified":"2025-12-23T10:18:09","modified_gmt":"2025-12-23T10:18:09","slug":"gpd-g1-2023-egpu-docking-station","status":"publish","type":"product","link":"https:\/\/gpdstore.net\/hu\/product\/gpd-g1-2023-egpu-docking-station\/","title":{"rendered":"GPD G1 (2023) eGPU dokkol\u00f3\u00e1llom\u00e1s"},"content":{"rendered":"\n<h3 class=\"wp-block-heading\">Bemutatkozik a GPD G1: Docking Station k\u00fcls\u0151 GPU-val<\/h3>\n\n<p>A GPD G1 \u00fatt\u00f6r\u0151 dokkol\u00f3\u00e1llom\u00e1ssal felszabad\u00edthatod a v\u00e9gs\u0151 j\u00e1t\u00e9k\u00e9lm\u00e9nyt. A j\u00e1t\u00e9kteljes\u00edtm\u00e9nyed n\u00f6vel\u00e9s\u00e9re tervezett innovat\u00edv eszk\u00f6z kompatibilis a hamarosan megjelen\u0151 Oculink-t\u00e1mogatott GPD WIN MAX 2 2023, GPD Mini \u00e9s a friss\u00edtett GPD WIN 4 2023 modellekkel. Az Oculink \u00e9s USB 4.0 kompatibilit\u00e1st k\u00edn\u00e1l\u00f3 GPD G1 sokoldal\u00fas\u00e1got \u00e9s k\u00e9nyelmet biztos\u00edt a j\u00e1t\u00e9kfelszerel\u00e9shez.<\/p>\n\n<h3 class=\"wp-block-heading\">Nagy teljes\u00edtm\u00e9ny\u0171 grafikus feldolgoz\u00f3 egys\u00e9g<\/h3>\n\n<p>A GPD G1 dokkol\u00f3\u00e1llom\u00e1s k\u00f6zponti eleme az AMD Radeon RX 7600M XT GPU, amely a leg\u00fajabb RDNA 3.0 architekt\u00far\u00e1t haszn\u00e1lja. Ez az Oculink-kapcsolattal rendelkez\u0151 k\u00fcls\u0151 GPU leny\u0171g\u00f6z\u0151 vizu\u00e1lis \u00e9lm\u00e9nyt \u00e9s kiv\u00e9teles teljes\u00edtm\u00e9nyt ny\u00fajt. Ak\u00e1r hatalmas vil\u00e1gokat fedezel fel, ak\u00e1r a csata hev\u00e9ben j\u00e1tszol, a GPD G1 biztos\u00edtja, hogy minden r\u00e9szletet prec\u00edzen \u00e1br\u00e1zoljon. Az 1500 MHz-es alap \u00f3rajel\u00e9vel, a 2300 MHz-es j\u00e1t\u00e9k\u00f3rajel\u00e9vel \u00e9s a 2615 MHz-es boost \u00f3rajel\u00e9vel a GPD G1 biztos\u00edtja a sz\u00fcks\u00e9ges teljes\u00edtm\u00e9nyt ahhoz, hogy b\u00e1rmilyen j\u00e1t\u00e9kot uraljon.<\/p>\n\n<h3 class=\"wp-block-heading\">Z\u00f6kken\u0151mentes \u00e9s \u00e9rz\u00e9keny j\u00e1t\u00e9k<\/h3>\n\n<p>A 8 GB GDDR6 RAM-mal felszerelt GPD G1 t\u00e1mogatja a z\u00f6kken\u0151mentes t\u00f6bbfeladatos m\u0171k\u00f6d\u00e9st \u00e9s a z\u00f6kken\u0151mentes j\u00e1t\u00e9kmenetet. A 2250 MHz-es mem\u00f3ria\u00f3rajel garant\u00e1lja a gyors bet\u00f6lt\u00e9si id\u0151t \u00e9s a minim\u00e1lis k\u00e9sleltet\u00e9st. Mondjon b\u00facs\u00fat a k\u00e9pkocka sebess\u00e9g\u00e9nek, \u00e9s \u00e9lvezze a zavartalan j\u00e1t\u00e9kmenetet. Az USB 4.0 t\u00e1mogat\u00e1ssal a GPD G1 megfelel a j\u00e1t\u00e9kokkal szemben t\u00e1masztott k\u00f6vetelm\u00e9nyeknek, \u00e9s cs\u00facsmin\u0151s\u00e9g\u0171 teljes\u00edtm\u00e9nyt biztos\u00edt kedvenc j\u00e1t\u00e9kaidhoz.<\/p>\n\n<h3 class=\"wp-block-heading\">Engedje szabadj\u00e1ra a kapcsol\u00f3d\u00e1si k\u00e9pess\u00e9g\u00e9t<\/h3>\n\n<p>A GPD G1 Dock sz\u00e9lesk\u00f6r\u0171 csatlakoz\u00e1si lehet\u0151s\u00e9geket k\u00edn\u00e1l az Oculink (SFF-8612) \u00e9s az USB 4 portokkal, biztos\u00edtva a kompatibilit\u00e1st az eszk\u00f6z\u00f6k sz\u00e9les k\u00f6r\u00e9vel, bele\u00e9rtve a Thunderbolt 3-at \u00e9s a Thunderbolt 4-et is. K\u00f6nnyed\u00e9n csatlakoztassa GPD WIN MAX 2 2023, GPD Mini vagy friss\u00edtett GPD WIN 4 k\u00e9sz\u00fcl\u00e9k\u00e9t az Oculinken kereszt\u00fcl, \u00e9s \u00e9lvezze a tov\u00e1bbfejlesztett j\u00e1t\u00e9k\u00e9lm\u00e9nyt. A GPD G1 t\u00e1mogatja az USB 4 szabv\u00e1nyt is, \u00edgy a k\u00fcl\u00f6nb\u00f6z\u0151 rendszereken tov\u00e1bbfejlesztett grafik\u00e1t tesz lehet\u0151v\u00e9.<\/p>\n\n<h3 class=\"wp-block-heading\">B\u0151v\u00edtse vizu\u00e1lis horizontj\u00e1t<\/h3>\n\n<p>B\u0151v\u00edtse vizu\u00e1lis be\u00e1ll\u00edt\u00e1sait a GPD G1 \u00e1tfog\u00f3 vide\u00f3portjaival. Egy HDMI 2.1 porttal \u00e9s k\u00e9t DisplayPort 1.4a porttal rendelkezik, \u00edgy ak\u00e1r h\u00e1rom k\u00fcls\u0151 k\u00e9perny\u0151t is csatlakoztathat a panor\u00e1m\u00e1s j\u00e1t\u00e9k\u00e9lm\u00e9ny \u00e9rdek\u00e9ben. Mer\u00fclj el az akci\u00f3ban a GPD G1 eGPU-val, amely p\u00e1ratlan realizmussal kelti \u00e9letre a j\u00e1t\u00e9kokat.<\/p>\n\n<h3 class=\"wp-block-heading\">Z\u00f6kken\u0151mentes adat\u00e1tvitel<\/h3>\n\n<p>A GPD G1 dokkol\u00f3\u00e1llom\u00e1s h\u00e1rom USB 3.2 portot tartalmaz a perif\u00e9ri\u00e1k egyszer\u0171 csatlakoztat\u00e1s\u00e1hoz, \u00edgy a j\u00e1t\u00e9kfelszerel\u00e9sed rendezett marad. Az SD 4.0 port lehet\u0151v\u00e9 teszi a gyors f\u00e1jl\u00e1tvitelt \u00e9s a m\u00e9di\u00e1hoz val\u00f3 hozz\u00e1f\u00e9r\u00e9st. Csatlakoztassa USB4 host eszk\u00f6zh\u00f6z, \u00e9s maximaliz\u00e1lja az adat\u00e1tviteli sebess\u00e9get.<\/p>\n\n<h3 class=\"wp-block-heading\">Hat\u00e9kony h\u0171t\u00e9s a maxim\u00e1lis teljes\u00edtm\u00e9ny\u00e9rt<\/h3>\n\n<p>A GPD G1 akt\u00edv h\u0171t\u0151rendszere hat\u00e9konyan vezeti el a h\u0151t, \u00edgy stabil GPU-h\u0151m\u00e9rs\u00e9kletet biztos\u00edt intenz\u00edv j\u00e1t\u00e9kmenetek sor\u00e1n. Mondjon b\u00facs\u00fat a t\u00falmeleged\u00e9snek, \u00e9s \u00e9lvezze a megszak\u00edt\u00e1s n\u00e9lk\u00fcli j\u00e1t\u00e9kot, mivel a l\u00e9gh\u0171t\u00e9s biztos\u00edtja a rendszer optim\u00e1lis teljes\u00edtm\u00e9ny\u00e9t.<\/p>\n\n<h3 class=\"wp-block-heading\">Kompromisszummentes t\u00e1pegys\u00e9g<\/h3>\n\n<p>A GPD G1 dokkol\u00f3\u00e1llom\u00e1s be\u00e9p\u00edtett 240 W-os GaN t\u00e1pegys\u00e9get tartalmaz, amely megb\u00edzhat\u00f3 t\u00e1pell\u00e1t\u00e1st biztos\u00edt a GPU sz\u00e1m\u00e1ra. A GPD G1 120 W-os teljes grafikus teljes\u00edtm\u00e9ny\u00e9vel a GPD G1 nagy teljes\u00edtm\u00e9ny\u0171 j\u00e1t\u00e9kra optimaliz\u00e1lt, a grafik\u00e1t gyorsan \u00e9s pontosan megjelen\u00edti.<\/p>\n\n<h3 class=\"wp-block-heading\">Kompakt kialak\u00edt\u00e1s, nagy teljes\u00edtm\u00e9ny<\/h3>\n\n<p>Kompakt m\u00e9retei (225 \u00d7 111 \u00d7 30 mm) \u00e9s k\u00f6nny\u0171 fel\u00e9p\u00edt\u00e9se (0,92 kg) ellen\u00e9re a GPD G1 nagy teljes\u00edtm\u00e9nyt ny\u00fajt. Ak\u00e1r otthon, ak\u00e1r \u00fatk\u00f6zben vagy j\u00e1t\u00e9krendezv\u00e9nyeken, a GPD G1 egy hordozhat\u00f3 er\u0151m\u0171 minden j\u00e1t\u00e9krajong\u00f3 sz\u00e1m\u00e1ra.<\/p>\n\n<h3 class=\"wp-block-heading\">K\u00f6vetkeztet\u00e9s<\/h3>\n\n<p>A GPD G1 eGPU dokkol\u00f3\u00e1llom\u00e1s a v\u00e9gs\u0151 kieg\u00e9sz\u00edt\u0151 a teljes\u00edtm\u00e9nyt, sokoldal\u00fas\u00e1got \u00e9s k\u00e9nyelmet keres\u0151 j\u00e1t\u00e9kosok sz\u00e1m\u00e1ra. Kompatibilis a hamarosan megjelen\u0151 GPD WIN MAX 2 2023, GPD Mini \u00e9s a friss\u00edtett GPD WIN 4 modellekkel, valamint az Oculink \u00e9s USB 4.0 t\u00e1mogat\u00e1ssal, \u00edgy ez a dokkol\u00f3\u00e1llom\u00e1s p\u00e1ratlan csatlakoz\u00e1si lehet\u0151s\u00e9get k\u00edn\u00e1l. Az AMD Radeon RX 7600M XT GPU l\u00e9legzetel\u00e1ll\u00edt\u00f3 l\u00e1tv\u00e1nyt \u00e9s teljes\u00edtm\u00e9nyt biztos\u00edt, m\u00edg a 8 GB GDDR6 RAM t\u00e1mogatja a z\u00f6kken\u0151mentes, \u00e9rz\u00e9keny j\u00e1t\u00e9kot. B\u0151v\u00edtse vizu\u00e1lis be\u00e1ll\u00edt\u00e1sait, \u00e9lvezze a z\u00f6kken\u0151mentes adat\u00e1tvitelt, \u00e9s \u00e9lvezze a hat\u00e9kony h\u0171t\u00e9s \u00e9s a megb\u00edzhat\u00f3 t\u00e1pegys\u00e9g el\u0151nyeit. Emelje j\u00e1t\u00e9k\u00e9lm\u00e9ny\u00e9t a GPD G1 dokkol\u00f3\u00e1llom\u00e1ssal.<\/p>\n\n<h3 class=\"wp-block-heading\">El\u0151ny\u00f6k \u00e9s h\u00e1tr\u00e1nyok<\/h3>\n\n<p><strong>El\u0151ny\u00f6k:<\/strong><\/p>\n\n<ul class=\"wp-block-list\">\n<li><strong>Sokoldal\u00fa kompatibilit\u00e1s:<\/strong> GPD WIN MAX 2 2024, GPD Mini 2024, friss\u00edtett GPD WIN 4 2023 \u00e9s Win 4 2024, valamint USB 4 eszk\u00f6z\u00f6k t\u00e1mogat\u00e1sa, \u00edgy t\u00f6bb rendszeren is tov\u00e1bbfejlesztett grafik\u00e1t k\u00edn\u00e1l.<\/li>\n\n\n\n<li><strong>Er\u0151teljes grafikus teljes\u00edtm\u00e9ny:<\/strong> RDNA 3.0 architekt\u00far\u00e1val rendelkez\u0151 AMD Radeon RX 7600M XT GPU-val, amely kiv\u00e9teles grafik\u00e1t \u00e9s z\u00f6kken\u0151mentes j\u00e1t\u00e9kot biztos\u00edt.<\/li>\n\n\n\n<li><strong>B\u0151v\u00edthet\u0151 vizu\u00e1lis be\u00e1ll\u00edt\u00e1s:<\/strong> T\u00f6bb grafikus \u00e9s videoport, k\u00f6zt\u00fck HDMI 2.1 \u00e9s DP 1.4a, ak\u00e1r h\u00e1rom k\u00fcls\u0151 k\u00e9perny\u0151t is t\u00e1mogat a mag\u00e1val ragad\u00f3 j\u00e1t\u00e9k\u00e9lm\u00e9ny \u00e9rdek\u00e9ben.<\/li>\n\n\n\n<li><strong>Hat\u00e9kony h\u0171t\u0151rendszer:<\/strong> Akt\u00edv h\u0171t\u00e9si mechanizmus megakad\u00e1lyozza a t\u00falmeleged\u00e9st, optim\u00e1lis teljes\u00edtm\u00e9nyt biztos\u00edtva a hosszabb j\u00e1t\u00e9kmenetek sor\u00e1n.<\/li>\n\n\n\n<li><strong>Hordozhat\u00f3 \u00e9s kompakt kialak\u00edt\u00e1s:<\/strong> Kompakt m\u00e9retei \u00e9s k\u00f6nny\u0171 fel\u00e9p\u00edt\u00e9se miatt rendk\u00edv\u00fcl hordozhat\u00f3, ide\u00e1lis az \u00faton l\u00e9v\u0151 j\u00e1t\u00e9kosok sz\u00e1m\u00e1ra.<\/li>\n<\/ul>\n\n<p><strong>H\u00e1tr\u00e1nyok :<\/strong><\/p>\n\n<ul class=\"wp-block-list\">\n<li><strong>Korl\u00e1tozott m\u00e1rka kompatibilit\u00e1s:<\/strong> A nem GPD eszk\u00f6z\u00f6kkel \u00e9s az USB 4 porttal nem rendelkez\u0151 eszk\u00f6z\u00f6kkel val\u00f3 kompatibilit\u00e1s korl\u00e1tozott lehet.<\/li>\n\n\n\n<li><strong>Korl\u00e1tozott GPU-opci\u00f3k:<\/strong> Az egyetlen GPU opci\u00f3 az AMD Radeon RX 7600M XT, amely nem biztos, hogy kiel\u00e9g\u00edti a k\u00fcl\u00f6nb\u00f6z\u0151 vagy testreszabhat\u00f3 GPU-v\u00e1laszt\u00e9kot keres\u0151 felhaszn\u00e1l\u00f3kat&#8230;<\/li>\n<\/ul>\n","protected":false},"excerpt":{"rendered":"<ul>\n<li>GPU:<strong> XT<\/strong> eGPU: AMD Radeon\u2122<strong> RX 7600M XT<\/strong> eGPU<\/li>\n<li>KOMPATIBILIT\u00c1S:<strong> OCuLink, USB 4, Thunderbolt 3 \u00e9s 4<\/strong><\/li>\n<li>OCULINK:<strong> PCI Express csatlakoztathat\u00f3s\u00e1g<\/strong><\/li>\n<li>USB 4:<strong> ak\u00e1r 40 Gbps<\/strong><\/li>\n<li>GPD OCULINK ESZK\u00d6Z\u00d6K: <strong>WIN 4 2023<\/strong>,<strong> WIN MAX 2 2023<\/strong> &amp;<strong> WIN Mini<\/strong><\/li>\n<\/ul>\n[cg_accordion title=\"FIZET\u00c9SI INFORM\u00c1CI\u00d3K\"]<\/p>\n<p>A leg\u00fajabb technol\u00f3gi\u00e1t haszn\u00e1ljuk a fizet\u00e9si folyamatok feldolgoz\u00e1s\u00e1ban, amely lehet\u0151v\u00e9 teszi, hogy a gyors \u00e9s biztons\u00e1gos fizet\u00e9s \u00e9rdek\u00e9ben bankk\u00e1rty\u00e1val\/hitelk\u00e1rty\u00e1val vagy PayPal-lal fizessen.[\/cg_accordion]\n[cg_accordion title=\"GARANCIA\"]<\/p>\n<p>2 \u00e9v garancia a <a href=\"https:\/\/droix.net\/\" target=\"_blank\" rel=\"nofollow noopener\">DROIX Global- t\u00f3l az \u00d6n nyugalma \u00e9rdek\u00e9ben<\/a> [\/cg_accordion]\n[cg_accordion title=\"\u00c1RK\u00c9PZ\u00c9S, AD\u00d3K \u00c9S SZ\u00c1LL\u00cdT\u00c1S\"]<\/p>\n<p><strong><u>Megjegyz\u00e9s:<\/u><\/strong><\/p>\n<ul>\n<li>Egyes\u00fclt \u00c1llamok \u00dcgyfelek: A felt\u00fcntetett \u00e1r NEM tartalmazza az ad\u00f3t \u00e9s a v\u00e1mokat. A v\u00e1mkezel\u00e9s \u00e9s a kapcsol\u00f3d\u00f3 ad\u00f3k\/v\u00e1mok megfizet\u00e9se az \u00fcgyfelet terheli. <\/li>\n<li>EU-s \u00fcgyfelek: A felt\u00fcntetett \u00e1r tartalmazza az alkalmazand\u00f3 ad\u00f3t, amely az \u00d6n orsz\u00e1g\u00e1t\u00f3l f\u00fcgg\u0151en ak\u00e1r 25% is lehet.<\/li>\n<li>Kanadai \u00fcgyfelek: A felt\u00fcntetett \u00e1r tartalmazza az alkalmazand\u00f3 ad\u00f3kat, amelyek az \u00d6n tartom\u00e1ny\u00e1t\u00f3l f\u00fcgg\u0151en tartalmazhatj\u00e1k az 5%-os GST-t \u00e9s tov\u00e1bbi tartom\u00e1nyi forgalmi ad\u00f3kat (PST), harmoniz\u00e1lt forgalmi ad\u00f3t (HST) vagy qu\u00e9beci forgalmi ad\u00f3t (QST).<\/li>\n<\/ul>\n<p><strong>CSAK EU-s \u00fcgyfelek sz\u00e1m\u00e1ra:<\/strong> Express DDP (Delivered Duty Paid). Ez azt jelenti: <\/p>\n<ul>\n<li>A term\u00e9koldalon felt\u00fcntetett \u00e1r tartalmazza az \u00f6sszes v\u00e1mot \u00e9s ad\u00f3t.<\/li>\n<li>A k\u00e9zbes\u00edt\u00e9skor nem kell tov\u00e1bbi d\u00edjakat fizetnie.<\/li>\n<li>Abban a ritka esetben, ha a v\u00e1mkezel\u00e9ssel kapcsolatos probl\u00e9m\u00e1k mer\u00fclnek fel, csapatunk az \u00d6n nev\u00e9ben elv\u00e9gzi a v\u00e1mkezel\u00e9si folyamatot, hogy biztos\u00edtsa a z\u00f6kken\u0151mentes sz\u00e1ll\u00edt\u00e1st.<\/li>\n<p>Fontos inform\u00e1ci\u00f3k a visszak\u00fcld\u00e9sr\u0151l:<\/p>\n<li>Ha \u00fagy d\u00f6nt, hogy visszak\u00fcldi megrendel\u00e9s\u00e9t vagy visszat\u00e9r\u00edt\u00e9st k\u00e9r, k\u00e9rj\u00fck, vegye figyelembe, hogy az \u00d6n nev\u00e9ben a DDP felt\u00e9telei szerint kifizetett ad\u00f3k \u00e9s v\u00e1mok nem t\u00e9r\u00edthet\u0151k vissza.<\/li>\n<p>R\u00e9szletes <a href=\"https:\/\/droix.net\/terms-and-conditions\/\" target=\"_blank\" rel=\"nofollow noopener\">inform\u00e1ci\u00f3k\u00e9rt k\u00e9rj\u00fck, olvassa el a Felhaszn\u00e1l\u00e1si Felt\u00e9teleinket<\/a>.\n<\/ul>\n<p>[\/cg_accordion]\n[cg_accordion title=\"\u00dcGYF\u00c9LSZOLG\u00c1LAT\"]<\/p>\n<p>K\u00e9rd\u00e9se van? Egy r\u00f6vid sz\u00f6veges \u00fczenetben m\u00e1ris megoldjuk a probl\u00e9m\u00e1j\u00e1t! [\/cg_accordion]\n<p>R\u00e9szletes <a href=\"https:\/\/gpdstore.net\/hu\/terms-of-service\/\" target=\"_blank\" rel=\"nofollow noopener\">inform\u00e1ci\u00f3k\u00e9rt k\u00e9rj\u00fck, olvassa el a Felhaszn\u00e1l\u00e1si Felt\u00e9teleinket<\/a>.\n<\/ul>\n<p>[\/]<\/p>\n[cg_accordion title=\"MIT TARTALMAZ\"]<\/p>\n<ul>\n<li>1x GPD G1 2023<\/li>\n<li>1x h\u00e1l\u00f3zati adapter<\/li>\n<li>1x USB Type-C k\u00e1bel<\/li>\n<li>1x Felhaszn\u00e1l\u00f3i k\u00e9zik\u00f6nyv<\/li>\n<\/ul>\n<p>[\/cg_accordion]\n","protected":false},"featured_media":64357,"template":"","meta":{"_acf_changed":false},"product_brand":[],"product_cat":[5408],"product_tag":[11899,5660],"woo-feed-brand":[5662],"class_list":{"0":"post-64125","1":"product","2":"type-product","3":"status-publish","4":"has-post-thumbnail","6":"product_cat-tartozekok","7":"product_tag-10bfsale-hu","8":"product_tag-gpd-g1-hu","9":"product_shipping_class-premium","10":"pa_brand-biwin","11":"pa_brand-droix","12":"pa_brand-gpd","13":"pa_brand-gulikit","14":"pa_graphics-gpu-model-radeon-rx-7600m-xt-hu","15":"pa_i-o-video-1x-oculink-hu","16":"pa_i-o-video-1x-usb-4-0-type-c-tipus-c-40gb-s-sebesseggel","17":"woo-feed-brand-gpd-hu","19":"first","20":"outofstock","21":"sale","22":"taxable","23":"shipping-taxable","24":"purchasable","25":"product-type-variable","26":"has-default-attributes"},"acf":[],"aioseo_notices":[],"_links":{"self":[{"href":"https:\/\/gpdstore.net\/hu\/wp-json\/wp\/v2\/product\/64125","targetHints":{"allow":["GET"]}}],"collection":[{"href":"https:\/\/gpdstore.net\/hu\/wp-json\/wp\/v2\/product"}],"about":[{"href":"https:\/\/gpdstore.net\/hu\/wp-json\/wp\/v2\/types\/product"}],"wp:featuredmedia":[{"embeddable":true,"href":"https:\/\/gpdstore.net\/hu\/wp-json\/wp\/v2\/media\/64357"}],"wp:attachment":[{"href":"https:\/\/gpdstore.net\/hu\/wp-json\/wp\/v2\/media?parent=64125"}],"wp:term":[{"taxonomy":"product_brand","embeddable":true,"href":"https:\/\/gpdstore.net\/hu\/wp-json\/wp\/v2\/product_brand?post=64125"},{"taxonomy":"product_cat","embeddable":true,"href":"https:\/\/gpdstore.net\/hu\/wp-json\/wp\/v2\/product_cat?post=64125"},{"taxonomy":"product_tag","embeddable":true,"href":"https:\/\/gpdstore.net\/hu\/wp-json\/wp\/v2\/product_tag?post=64125"},{"taxonomy":"woo-feed-brand","embeddable":true,"href":"https:\/\/gpdstore.net\/hu\/wp-json\/wp\/v2\/woo-feed-brand?post=64125"}],"curies":[{"name":"wp","href":"https:\/\/api.w.org\/{rel}","templated":true}]}}