{"id":62333,"date":"2024-07-12T09:49:06","date_gmt":"2024-07-12T09:49:06","guid":{"rendered":"https:\/\/gpdstore.net\/nem-kategorizalt\/156%e2%80%b3-4k-hordozhato-monitor-adobe-rgb-vel\/"},"modified":"2025-12-23T10:15:36","modified_gmt":"2025-12-23T10:15:36","slug":"15-6-4k-portable-monitor-with-adobe-rgb","status":"publish","type":"product","link":"https:\/\/gpdstore.net\/hu\/product\/15-6-4k-portable-monitor-with-adobe-rgb\/","title":{"rendered":"15,6\u2033 4K hordozhat\u00f3 monitor Adobe RGB-vel"},"content":{"rendered":"\n<p>Bemutatjuk a 15,6&#8243; 4K hordozhat\u00f3 S23B-5 monitort: cs\u00facstechnol\u00f3gi\u00e1s ultra nagy felbont\u00e1s\u00fa mobil kijelz\u0151k<\/p>\n\n<p>Olyan hordozhat\u00f3 monitort keres, amely kiv\u00e9teles vizu\u00e1lis \u00e9lm\u00e9nyt \u00e9s teljes\u00edtm\u00e9nyt ny\u00fajt \u00fatk\u00f6zben is? Ismerje meg az S23B-5 4K hordozhat\u00f3 monitort. Ez a fejlett eszk\u00f6z ultra-nagyfelbont\u00e1s\u00fa mobil kijelz\u0151ket hoz az \u00d6n kez\u00e9be, leny\u0171g\u00f6z\u0151 4K UHD tisztas\u00e1got \u00e9s pontoss\u00e1got k\u00edn\u00e1lva. Legyen sz\u00f3 j\u00e1t\u00e9kosr\u00f3l, professzion\u00e1lis vide\u00f3szerkeszt\u0151r\u0151l, grafikusr\u00f3l vagy a mobil termel\u00e9kenys\u00e9g szerelmes\u00e9r\u0151l, ez a nagy felbont\u00e1s\u00fa hordozhat\u00f3 monitor t\u00f6k\u00e9letes t\u00e1rsad.<\/p>\n\n<p>Mag\u00e1val ragad\u00f3 vizu\u00e1lis \u00e9lm\u00e9ny a 4K UHD utaz\u00e1si monitorokkal K\u00e9sz\u00fclj\u00f6n fel, hogy az S23B-5 mag\u00e1val ragad\u00f3 vizu\u00e1lis \u00e9lm\u00e9nye mag\u00e1val ragadja. A 15,6 h\u00fcvelykes \u00e9rint\u0151k\u00e9perny\u0151s monitorral rendelkez\u0151 k\u00e9sz\u00fcl\u00e9k 4K UHD kijelz\u0151je figyelemre m\u00e9lt\u00f3 r\u00e9szletess\u00e9ggel \u00e9s \u00e9l\u00e9nk sz\u00ednekkel kelti \u00e9letre a tartalmakat. A 3840 x 2160-as felbont\u00e1s \u00e9s a 10 bites sz\u00ednm\u00e9lys\u00e9g r\u00e9v\u00e9n ezen a 4K hordozhat\u00f3 k\u00e9perny\u0151n minden k\u00e9p \u00e9s vide\u00f3 elk\u00e9peszt\u0151 tisztas\u00e1ggal jelenik meg, \u00edgy egyetlen r\u00e9szlet sem marad \u00e9szrev\u00e9tlen. Ak\u00e1r filmeket n\u00e9z, ak\u00e1r j\u00e1tszik, ak\u00e1r f\u00e9nyk\u00e9peket \u00e9s vide\u00f3kat szerkeszt, az S23B-5 vizu\u00e1lis \u00e9lm\u00e9nyt ny\u00fajt.<\/p>\n\n<p>Karcs\u00fa \u00e9s \u00e9rz\u00e9keny kapacit\u00edv 10 pontos \u00e9rint\u0151k\u00e9perny\u0151 Az S23B-5 k\u00e9sz\u00fcl\u00e9kkel val\u00f3 interakci\u00f3 a kapacit\u00edv 10 pontos \u00e9rint\u0151k\u00e9perny\u0151nek k\u00f6sz\u00f6nhet\u0151en \u00e9lvezetes. A G+G teljes lamin\u00e1lt \u00e9rint\u0151k\u00e9perny\u0151vel ell\u00e1tott hordozhat\u00f3 monitor sima \u00e9s pontos \u00e9rint\u00e9svez\u00e9rl\u00e9st biztos\u00edt, lehet\u0151v\u00e9 t\u00e9ve a z\u00f6kken\u0151mentes navig\u00e1ci\u00f3t a men\u00fckben, az alkalmaz\u00e1svez\u00e9rl\u00e9st \u00e9s a parancsok v\u00e9grehajt\u00e1s\u00e1t. Ak\u00e1r f\u00e9nyk\u00e9pekre nagy\u00edt, ak\u00e1r weboldalakat g\u00f6rget, vagy bonyolult terveket k\u00e9sz\u00edt, az S23B-5 \u00e9rint\u0151k\u00e9perny\u0151 biztos\u00edtja a reakci\u00f3k\u00e9szs\u00e9get \u00e9s a pontoss\u00e1got, hogy n\u00f6velje a termel\u00e9kenys\u00e9get \u00e9s a kreativit\u00e1st.<\/p>\n\n<p>Engedje szabadj\u00e1ra kreativit\u00e1s\u00e1t \u00fatk\u00f6zben A kreat\u00edv szakemberek sz\u00e1m\u00e1ra tervezett S23B-5 a t\u00f6k\u00e9letes t\u00e1rs a videoszerkeszt\u00e9shez, grafikai tervez\u00e9shez \u00e9s f\u00e9nyk\u00e9pszerkeszt\u00e9shez. A 100%-os Adobe RGB sz\u00ednt\u00e9r-lefedetts\u00e9ggel ez a hordozhat\u00f3 monitor \u00e9leth\u0171 sz\u00edneket biztos\u00edt a pontos sz\u00ednbe\u00e1ll\u00edt\u00e1sok \u00e9s a leny\u0171g\u00f6z\u0151 eredm\u00e9nyek \u00e9rdek\u00e9ben. A nagy felbont\u00e1s\u00fa kijelz\u0151 10 bites sz\u00ednm\u00e9lys\u00e9ggel p\u00e1rosulva lehet\u0151v\u00e9 teszi a bonyolult r\u00e9szletekkel val\u00f3 munk\u00e1t \u00e9s a professzion\u00e1lis kreat\u00edv munk\u00e1hoz elengedhetetlen vizu\u00e1lis pontoss\u00e1g el\u00e9r\u00e9s\u00e9t.<\/p>\n\n<p>Z\u00f6kken\u0151mentes csatlakoztathat\u00f3s\u00e1g a fokozott sokoldal\u00fas\u00e1g\u00e9rt Az S23B-5 k\u00e9sz\u00fcl\u00e9kkel a csatlakoztathat\u00f3s\u00e1g k\u00f6nnyed\u00e9n megoldhat\u00f3. Ez a 4K UHD utaz\u00e1si monitor egy HD Mini porttal, C t\u00edpus\u00fa portokkal a vide\u00f3 adat\u00e1tvitelhez \u00e9s \u00e1ramell\u00e1t\u00e1shoz, egy fejhallgat\u00f3-porttal (3,5 mm) \u00e9s egy Micro-USB porttal rendelkezik olyan perif\u00e9ri\u00e1k, mint a billenty\u0171zetek \u00e9s egerek csatlakoztat\u00e1s\u00e1hoz. Ak\u00e1r okostelefon, laptop, PlayStation, Xbox vagy m\u00e1s kompatibilis eszk\u00f6z csatlakoztat\u00e1s\u00e1val, az S23B-5 biztos\u00edtja a kompatibilit\u00e1st, \u00e9s kib\u0151v\u00edti a k\u00e9perny\u0151ter\u00fcletet, hogy n\u00f6velje a termel\u00e9kenys\u00e9get vagy a j\u00e1t\u00e9k\u00e9lm\u00e9nyt, b\u00e1rhol is legyen.<\/p>\n\n<p>Be\u00e9p\u00edtett akkumul\u00e1tor a megszak\u00edt\u00e1s n\u00e9lk\u00fcli haszn\u00e1lat\u00e9rt Az S23B-5 a nagy teljes\u00edtm\u00e9nyen \u00e9s sokoldal\u00fas\u00e1gon t\u00fal hihetetlen\u00fcl k\u00e9nyelmes a be\u00e9p\u00edtett 10000 mAh polimer akkumul\u00e1torral. \u00c9lvezze a zavartalan haszn\u00e1latot utaz\u00e1s, megbesz\u00e9l\u00e9seken val\u00f3 r\u00e9szv\u00e9tel vagy t\u00e1voli munkav\u00e9gz\u00e9s k\u00f6zben. A hossz\u00fa \u00e9lettartam\u00fa akkumul\u00e1tor biztos\u00edtja a szabads\u00e1got a munk\u00e1hoz, j\u00e1t\u00e9khoz vagy alkot\u00e1shoz an\u00e9lk\u00fcl, hogy agg\u00f3dnia kellene az \u00e1ramell\u00e1t\u00e1s miatt. Maradjon produkt\u00edv \u00e9s sz\u00f3rakoztat\u00f3 \u00fatk\u00f6zben.<\/p>\n\n<p>Pr\u00e9mium \u00e9p\u00edt\u00e9si min\u0151s\u00e9g \u00e9s hordozhat\u00f3 kialak\u00edt\u00e1s Az S23B-5 kiv\u00e1l\u00f3 min\u0151s\u00e9g\u0171 alum\u00ednium\u00f6tv\u00f6zetb\u0151l k\u00e9sz\u00fclt, tart\u00f3s \u00e9s pr\u00e9mium megjelen\u00e9s\u0171. A mind\u00f6ssze 357 x 223 x 9 mm-es, karcs\u00fa \u00e9s karcs\u00fa kialak\u00edt\u00e1snak \u00e9s 1300 g-os s\u00faly\u00e1nak k\u00f6sz\u00f6nhet\u0151en rendk\u00edv\u00fcl hordozhat\u00f3 \u00e9s k\u00f6nnyen hordozhat\u00f3 a t\u00e1sk\u00e1ban vagy h\u00e1tizs\u00e1kban. Az S23B-5 k\u00e9sz\u00fcl\u00e9ket \u00fagy tervezt\u00e9k, hogy megb\u00edzhat\u00f3 t\u00e1rsa legyen, \u00edgy garant\u00e1lva, hogy a termel\u00e9kenys\u00e9g vagy a sz\u00f3rakoz\u00e1s ter\u00e9n nem kell kompromisszumot k\u00f6tnie, b\u00e1rhol is legyen.<\/p>\n\n<p>Mag\u00e1val ragad\u00f3 hang\u00e9lm\u00e9ny Az S23B-5 nem csak leny\u0171g\u00f6z\u0151 l\u00e1tv\u00e1nyt ny\u00fajt, hanem k\u00e9t 1,0 W-os hangsz\u00f3r\u00f3j\u00e1val mag\u00e1val ragad\u00f3 hang\u00e9lm\u00e9nyt is. \u00c9lvezze az \u00e9les \u00e9s tiszta hangz\u00e1st filmek, j\u00e1t\u00e9kok vagy multim\u00e9di\u00e1s tev\u00e9kenys\u00e9gek k\u00f6zben. Legyen sz\u00f3 videokonferenci\u00e1r\u00f3l, zenehallgat\u00e1sr\u00f3l vagy sorozatn\u00e9z\u00e9sr\u0151l, az S23B-5 fokozza az \u00e9rz\u00e9kszervi \u00e9lm\u00e9nyt, \u00edgy az mag\u00e1val ragad\u00f3 \u00e9s mag\u00e1val ragad\u00f3 lesz.  <\/p>\n\n<p>Fokozott n\u00e9z\u00e9si k\u00e9nyelem Az \u00d6n k\u00e9nyelme sz\u00e1m\u00edt, k\u00fcl\u00f6n\u00f6sen a hosszabb k\u00e9perny\u0151id\u0151 alatt. Az S23B-5 sz\u00e9les betekint\u00e9si sz\u00f6gekkel \u00e9s \u00e1ll\u00edthat\u00f3 be\u00e1ll\u00edt\u00e1sokkal biztos\u00edtja az optim\u00e1lis megtekint\u00e9si k\u00e9nyelmet. A 85 fokos betekint\u00e9si sz\u00f6g minden ir\u00e1nyban (U\/D\/L\/R) tiszta k\u00e9pet \u00e9s \u00e9l\u00e9nk sz\u00edneket \u00e9lvezhet a k\u00fcl\u00f6nb\u00f6z\u0151 perspekt\u00edv\u00e1kb\u00f3l. Az S23B-5 t\u00e1mogatja a k\u00e9nyelmes \u00e9s hosszan tart\u00f3 haszn\u00e1latot a szem meger\u0151ltet\u00e9se \u00e9s a testtart\u00e1s k\u00e1rosod\u00e1sa n\u00e9lk\u00fcl, ak\u00e1r egy\u00fcttm\u0171k\u00f6d\u00e9sr\u0151l, ak\u00e1r tartalom megoszt\u00e1s\u00e1r\u00f3l, ak\u00e1r a monitor be\u00e1ll\u00edt\u00e1s\u00e1r\u00f3l van sz\u00f3, a monitor a k\u00edv\u00e1nt n\u00e9z\u00e9si poz\u00edci\u00f3hoz igaz\u00edthat\u00f3.<\/p>\n\n<p>Ide\u00e1lis a j\u00e1t\u00e9krajong\u00f3k sz\u00e1m\u00e1ra A j\u00e1t\u00e9krajong\u00f3k sz\u00e1m\u00e1ra az S23B-5 a t\u00f6k\u00e9letes 4K hordozhat\u00f3 j\u00e1t\u00e9kmonitor. A 4K UHD felbont\u00e1s, a prec\u00edz sz\u00ednpontoss\u00e1g \u00e9s a 25 ms-os gyors v\u00e1laszid\u0151 r\u00e9v\u00e9n ez a monitor p\u00e1ratlan j\u00e1t\u00e9k\u00e9lm\u00e9nyt ny\u00fajt. Mer\u00fclj el az \u00e9leth\u0171 grafik\u00e1ban, a gazdag sz\u00ednekben \u00e9s az \u00e9les r\u00e9szletekben, amelyek feldobj\u00e1k j\u00e1t\u00e9kkalandjaidat. Az S23B-5 biztos\u00edtja, hogy minden k\u00e9pkocka tiszta legyen, lehet\u0151v\u00e9 t\u00e9ve a gyors reakci\u00f3kat \u00e9s a versenyel\u0151nyt a gyors temp\u00f3j\u00fa akci\u00f3j\u00e1t\u00e9kokban, a mag\u00e1val ragad\u00f3 RPG-kben vagy a vizu\u00e1lisan leny\u0171g\u00f6z\u0151 vil\u00e1gokban.<\/p>\n\n<p>Fokozza a termel\u00e9kenys\u00e9get \u00fatk\u00f6zben Az S23B-5 t\u00f6bb mint sz\u00f3rakoz\u00e1s \u00e9s j\u00e1t\u00e9k, az S23B-5 egy termel\u00e9kenys\u00e9gi er\u0151m\u0171. Ak\u00e1r digit\u00e1lis nom\u00e1d, ak\u00e1r di\u00e1k vagy szakember, akinek hordozhat\u00f3 munkater\u00fcletre van sz\u00fcks\u00e9ge, ez a monitor megfelel az \u00d6n ig\u00e9nyeinek. Hosszabb\u00edtsa meg laptopja vagy okostelefonja k\u00e9perny\u0151j\u00e9t, k\u00f6nnyed\u00e9n v\u00e9gezzen t\u00f6bb feladatot, \u00e9s fokozza a hat\u00e9konys\u00e1got \u00e9s a munkafolyamatokat. Szerkesszen dokumentumokat, k\u00e9sz\u00edtsen prezent\u00e1ci\u00f3kat vagy elemezzen adatokat az S23B-5 \u00e1ltal k\u00edn\u00e1lt tov\u00e1bbi k\u00e9perny\u0151fel\u00fclet seg\u00edts\u00e9g\u00e9vel. A nagy felbont\u00e1s\u00fa kijelz\u0151 \u00e9s a pontos sz\u00ednvisszaad\u00e1s biztos\u00edtja a bonyolult r\u00e9szletekkel val\u00f3 munk\u00e1t \u00e9s az eszk\u00f6z\u00f6k k\u00f6z\u00f6tti konzisztencia fenntart\u00e1s\u00e1t. Az S23B-5 az \u00d6n hordozhat\u00f3 termel\u00e9kenys\u00e9gi k\u00f6zpontja, amellyel m\u00e9g \u00fatk\u00f6zben is t\u00f6bbet \u00e9rhet el.<\/p>\n\n<p>K\u00f6vetkeztet\u00e9s \u00d6sszefoglalva, az S23B-5 4K hordozhat\u00f3 monitor egy kiv\u00e9teles eszk\u00f6z, amely ultra-nagy felbont\u00e1s\u00fa mobil kijelz\u0151ket k\u00edn\u00e1l. A 4K UHD felbont\u00e1ssal, a kapacit\u00edv 10 pontos \u00e9rint\u0151k\u00e9perny\u0151vel \u00e9s a sz\u00e9les sz\u00ednsk\u00e1l\u00e1val ez a hordozhat\u00f3 monitor leny\u0171g\u00f6z\u0151 l\u00e1tv\u00e1nyt \u00e9s kiv\u00e9teles teljes\u00edtm\u00e9nyt k\u00edn\u00e1l. Ak\u00e1r j\u00e1t\u00e9kos, ak\u00e1r kreat\u00edv szakember vagy, vagy fontos a termel\u00e9kenys\u00e9g \u00fatk\u00f6zben, az S23B-5 az \u00d6n ig\u00e9nyeihez igazodik. Sokoldal\u00fa csatlakoz\u00e1si lehet\u0151s\u00e9gei, be\u00e9p\u00edtett akkumul\u00e1tora \u00e9s pr\u00e9mium min\u0151s\u00e9g\u0171 fel\u00e9p\u00edt\u00e9se kiemelked\u0151 v\u00e1laszt\u00e1ss\u00e1 teszi.<\/p>\n\n<p>El\u0151ny\u00f6k: Leny\u0171g\u00f6z\u0151 l\u00e1tv\u00e1nyvil\u00e1g: A S23B-5 4K UHD kijelz\u0151 kiv\u00e9teles sz\u00ednpontoss\u00e1ggal rendelkezik, t\u00f6k\u00e9letes j\u00e1t\u00e9khoz, vide\u00f3szerkeszt\u00e9shez, grafikai tervez\u00e9shez \u00e9s fot\u00f3szerkeszt\u00e9shez. \u00c9rint\u0151k\u00e9perny\u0151s funkcionalit\u00e1s: A kapacit\u00edv 10 pontos \u00e9rint\u0151k\u00e9perny\u0151 \u00e9rz\u00e9keny \u00e9s intuit\u00edv felhaszn\u00e1l\u00f3i \u00e9lm\u00e9nyt ny\u00fajt, lehet\u0151v\u00e9 t\u00e9ve a k\u00f6nnyed navig\u00e1ci\u00f3t \u00e9s a pontos vez\u00e9rl\u00e9st. Hordozhat\u00f3s\u00e1g: Az S23B-5 v\u00e9kony \u00e9s k\u00f6nny\u0171, \u00edgy kiv\u00e1l\u00f3an hordozhat\u00f3 utaz\u00e1shoz, \u00fczleti utakhoz \u00e9s t\u00e1voli munkav\u00e9gz\u00e9shez. Sokoldal\u00fa csatlakoztathat\u00f3s\u00e1g: T\u00f6bb port, k\u00f6zt\u00fck a HD Mini, a C-t\u00edpus\u00fa, a fejhallgat\u00f3 \u00e9s a Micro-USB biztos\u00edtja a kompatibilit\u00e1st okostelefonokkal, laptopokkal \u00e9s j\u00e1t\u00e9kkonzolokkal. Be\u00e9p\u00edtett akkumul\u00e1tor: 10000 mAh polimer akkumul\u00e1torral az S23B-5 folyamatos haszn\u00e1latot biztos\u00edt \u00fatk\u00f6zben, \u00e1ramforr\u00e1s n\u00e9lk\u00fcl.<\/p>\n\n<p>H\u00e1tr\u00e1nyok: Korl\u00e1tozott m\u00e9retv\u00e1laszt\u00e9k: Nem biztos, hogy megfelel a nagyobb vagy kisebb hordozhat\u00f3 monitorokat kedvel\u0151 felhaszn\u00e1l\u00f3knak. Hangkimenet: A be\u00e9p\u00edtett hangsz\u00f3r\u00f3k nem biztos, hogy megfelelnek a k\u00fcls\u0151 hangsz\u00f3r\u00f3knak vagy fejhallgat\u00f3knak azok sz\u00e1m\u00e1ra, akik m\u00e9lyebb hang\u00e9lm\u00e9nyre v\u00e1gynak.<\/p>\n","protected":false},"excerpt":{"rendered":"<ul>\n<li><strong>Az Adobe sz\u00ednsk\u00e1la 100%-a<\/strong> <strong>15,6 h\u00fcvelykes UHD 4K<\/strong> hordozhat\u00f3 monitor<\/li>\n<li>10 pontos kapacit\u00edv \u00e9rint\u0151k\u00e9perny\u0151s monitor<\/li>\n<li>\u00c9rint\u0151k\u00e9perny\u0151 Kompatibilis a <strong>MacOS-szel<\/strong><\/li>\n<li>Be\u00e9p\u00edtett 10000mAh akkumul\u00e1tor<\/li>\n<li><strong>USB t\u00e1pell\u00e1t\u00e1s<\/strong>, t\u00e1mogatja a mini-HDMI, USB Type-C szabv\u00e1nyt<\/li>\n<\/ul>\n[cg_accordion title=\"FIZET\u00c9SI INFORM\u00c1CI\u00d3K\"]<\/p>\n<p>A leg\u00fajabb technol\u00f3gi\u00e1t haszn\u00e1ljuk a fizet\u00e9s feldolgoz\u00e1s\u00e1ban, amely lehet\u0151v\u00e9 teszi, hogy az Apple Pay, a Google Pay, a bankk\u00e1rtya\/hitelk\u00e1rtya, a PayPal vagy a BNPL m\u00f3dszerek, mint p\u00e9ld\u00e1ul a Klarna, az Affirm vagy az AfterPay seg\u00edts\u00e9g\u00e9vel fizessen ki gyorsan \u00e9s biztons\u00e1gosan.[\/cg_accordion]\n[cg_accordion title=\"GARANCIA\"]<\/p>\n<p>2 \u00e9v garancia a <a href=\"https:\/\/droix.net\/\" target=\"_blank\" rel=\"nofollow noopener\">DROIX Global- t\u00f3l az \u00d6n nyugalma \u00e9rdek\u00e9ben<\/a> [\/cg_accordion]\n[cg_accordion title=\"\u00c1RK\u00c9PZ\u00c9S, AD\u00d3K \u00c9S SZ\u00c1LL\u00cdT\u00c1S\"]<\/p>\n<p><strong><u>Megjegyz\u00e9s:<\/u><\/strong><\/p>\n<ul>\n<li>Egyes\u00fclt \u00c1llamok \u00dcgyfelek: A felt\u00fcntetett \u00e1r NEM tartalmazza az ad\u00f3t \u00e9s a v\u00e1mokat. A v\u00e1mkezel\u00e9s \u00e9s a kapcsol\u00f3d\u00f3 ad\u00f3k\/v\u00e1mok megfizet\u00e9se az \u00fcgyfelet terheli. <\/li>\n<li>EU-s \u00fcgyfelek: A felt\u00fcntetett \u00e1r tartalmazza az alkalmazand\u00f3 ad\u00f3t, amely az \u00d6n orsz\u00e1g\u00e1t\u00f3l f\u00fcgg\u0151en ak\u00e1r 25% is lehet.<\/li>\n<li>Kanadai \u00fcgyfelek: A felt\u00fcntetett \u00e1r tartalmazza az alkalmazand\u00f3 ad\u00f3kat, amelyek az \u00d6n tartom\u00e1ny\u00e1t\u00f3l f\u00fcgg\u0151en tartalmazhatj\u00e1k az 5%-os GST-t \u00e9s tov\u00e1bbi tartom\u00e1nyi forgalmi ad\u00f3kat (PST), harmoniz\u00e1lt forgalmi ad\u00f3t (HST) vagy qu\u00e9beci forgalmi ad\u00f3t (QST).<\/li>\n<\/ul>\n<p><strong>CSAK EU-s \u00fcgyfelek sz\u00e1m\u00e1ra:<\/strong> Express DDP (Delivered Duty Paid). Ez azt jelenti: <\/p>\n<ul>\n<li>A term\u00e9koldalon felt\u00fcntetett \u00e1r tartalmazza az \u00f6sszes v\u00e1mot \u00e9s ad\u00f3t.<\/li>\n<li>A k\u00e9zbes\u00edt\u00e9skor nem kell tov\u00e1bbi d\u00edjakat fizetnie.<\/li>\n<li>Abban a ritka esetben, ha a v\u00e1mkezel\u00e9ssel kapcsolatos probl\u00e9m\u00e1k mer\u00fclnek fel, csapatunk az \u00d6n nev\u00e9ben elv\u00e9gzi a v\u00e1mkezel\u00e9si folyamatot, hogy biztos\u00edtsa a z\u00f6kken\u0151mentes sz\u00e1ll\u00edt\u00e1st.<\/li>\n<p>Fontos inform\u00e1ci\u00f3k a visszak\u00fcld\u00e9sr\u0151l:<\/p>\n<li>Ha \u00fagy d\u00f6nt, hogy visszak\u00fcldi megrendel\u00e9s\u00e9t vagy visszat\u00e9r\u00edt\u00e9st k\u00e9r, k\u00e9rj\u00fck, vegye figyelembe, hogy az \u00d6n nev\u00e9ben a DDP felt\u00e9telei szerint kifizetett ad\u00f3k \u00e9s v\u00e1mok nem t\u00e9r\u00edthet\u0151k vissza.<\/li>\n<p>R\u00e9szletes <a href=\"https:\/\/gpdstore.net\/hu\/terms-of-service\/\" target=\"_blank\" rel=\"nofollow noopener\">inform\u00e1ci\u00f3k\u00e9rt k\u00e9rj\u00fck, olvassa el a Felhaszn\u00e1l\u00e1si Felt\u00e9teleinket<\/a>.\n<\/ul>\n<p>[\/cg_accordion]\n[cg_accordion title=\"\u00dcGYF\u00c9LSZOLG\u00c1LAT\"]<\/p>\n<p>K\u00e9rd\u00e9se van? Egy r\u00f6vid sz\u00f6veges \u00fczenetben m\u00e1ris megoldjuk a probl\u00e9m\u00e1j\u00e1t!<br \/>\n[\/cg_accordion]\n[cg_accordion title=\"MIT TARTALMAZ\"]<\/p>\n<ul>\n<li>1x h\u00e1l\u00f3zati csatlakoz\u00f3 (EU\/USA)<\/li>\n<li>1x felhaszn\u00e1l\u00f3i k\u00e9zik\u00f6nyv<\/li>\n<\/ul>\n<p>[\/cg_accordion]\n","protected":false},"featured_media":62337,"template":"","meta":{"_acf_changed":false},"product_brand":[],"product_cat":[5491],"product_tag":[5530,5493],"woo-feed-brand":[5494],"class_list":{"0":"post-62333","1":"product","2":"type-product","3":"status-publish","4":"has-post-thumbnail","6":"product_cat-hordozhato-monitorok","7":"product_tag-30gpdsale-hu","8":"product_tag-droix-portable-monitor-hu","9":"product_shipping_class-standard","10":"pa_brand-droix","11":"woo-feed-brand-droix-hu","13":"first","14":"outofstock","15":"sale","16":"taxable","17":"shipping-taxable","18":"purchasable","19":"product-type-variable","20":"has-default-attributes"},"acf":[],"aioseo_notices":[],"_links":{"self":[{"href":"https:\/\/gpdstore.net\/hu\/wp-json\/wp\/v2\/product\/62333","targetHints":{"allow":["GET"]}}],"collection":[{"href":"https:\/\/gpdstore.net\/hu\/wp-json\/wp\/v2\/product"}],"about":[{"href":"https:\/\/gpdstore.net\/hu\/wp-json\/wp\/v2\/types\/product"}],"wp:featuredmedia":[{"embeddable":true,"href":"https:\/\/gpdstore.net\/hu\/wp-json\/wp\/v2\/media\/62337"}],"wp:attachment":[{"href":"https:\/\/gpdstore.net\/hu\/wp-json\/wp\/v2\/media?parent=62333"}],"wp:term":[{"taxonomy":"product_brand","embeddable":true,"href":"https:\/\/gpdstore.net\/hu\/wp-json\/wp\/v2\/product_brand?post=62333"},{"taxonomy":"product_cat","embeddable":true,"href":"https:\/\/gpdstore.net\/hu\/wp-json\/wp\/v2\/product_cat?post=62333"},{"taxonomy":"product_tag","embeddable":true,"href":"https:\/\/gpdstore.net\/hu\/wp-json\/wp\/v2\/product_tag?post=62333"},{"taxonomy":"woo-feed-brand","embeddable":true,"href":"https:\/\/gpdstore.net\/hu\/wp-json\/wp\/v2\/woo-feed-brand?post=62333"}],"curies":[{"name":"wp","href":"https:\/\/api.w.org\/{rel}","templated":true}]}}