{"id":350566,"date":"2024-08-22T08:22:33","date_gmt":"2024-08-22T08:22:33","guid":{"rendered":"https:\/\/gpdstore.net\/nem-kategorizalt\/gpd-p2-max-2022-mini-laptop\/"},"modified":"2025-12-23T10:06:38","modified_gmt":"2025-12-23T10:06:38","slug":"gpd-p2-max-2022-mini-laptop","status":"publish","type":"product","link":"https:\/\/gpdstore.net\/hu\/product\/gpd-p2-max-2022-mini-laptop\/","title":{"rendered":"GPD P2 Max 2022 Mini laptop"},"content":{"rendered":"\n<figure class=\"wp-block-image aligncenter\"><a href=\"https:\/\/droix.net\/wp-content\/uploads\/2022\/01\/GPD-P2-MAX-2022-MARKETING-IMAGE-1.png\"><img decoding=\"async\" src=\"https:\/\/droix.net\/wp-content\/uploads\/2022\/01\/GPD-P2-MAX-2022-MARKETING-IMAGE-1.png\" alt=\"GPD P2 Max 2022 Ultrabook bemutat&#xF3; stylus\" class=\"wp-image-10581\"\/><\/a><\/figure>\n\n<figure class=\"wp-block-image aligncenter\"><a href=\"https:\/\/droix.net\/wp-content\/uploads\/2022\/01\/GPD-P2-MAX-2022-MARKETING-IMAGE-2.png\"><img decoding=\"async\" src=\"https:\/\/droix.net\/wp-content\/uploads\/2022\/01\/GPD-P2-MAX-2022-MARKETING-IMAGE-2.png\" alt=\"GPD P2 Max 2022 Ultrabook bemutat&#xF3; billenty&#x171;zet\" class=\"wp-image-10582\"\/><\/a><\/figure>\n\n<figure class=\"wp-block-image aligncenter\"><a href=\"https:\/\/droix.net\/wp-content\/uploads\/2022\/01\/GPD-P2-MAX-2022-MARKETING-IMAGE-3.png\"><img decoding=\"async\" src=\"https:\/\/droix.net\/wp-content\/uploads\/2022\/01\/GPD-P2-MAX-2022-MARKETING-IMAGE-3.png\" alt=\"GPD P2 Max 2022 Ultrabook ujjlenyomat-&#xE9;rz&#xE9;kel&#x151;t mutat\" class=\"wp-image-10583\"\/><\/a><\/figure>\n\n<figure class=\"wp-block-image aligncenter\"><a href=\"https:\/\/droix.net\/wp-content\/uploads\/2022\/01\/GPD-P2-MAX-2022-MARKETING-IMAGE-4.png\"><img decoding=\"async\" src=\"https:\/\/droix.net\/wp-content\/uploads\/2022\/01\/GPD-P2-MAX-2022-MARKETING-IMAGE-4.png\" alt=\"GPD P2 Max 2022 Ultrabook bemutat&#xF3; processzor\" class=\"wp-image-10584\"\/><\/a><\/figure>\n\n<figure class=\"wp-block-image aligncenter\"><a href=\"https:\/\/droix.net\/wp-content\/uploads\/2022\/01\/GPD-P2-MAX-2022-MARKETING-IMAGE-5.png\"><img decoding=\"async\" src=\"https:\/\/droix.net\/wp-content\/uploads\/2022\/01\/GPD-P2-MAX-2022-MARKETING-IMAGE-5.png\" alt=\"GPD P2 Max 2022 Ultrabook, amely USB c-t mutat\" class=\"wp-image-10585\"\/><\/a><\/figure>\n\n<p><span data-contrast=\"none\">Meg\u00e9rkezett a n\u00e9pszer\u0171 ultrabook friss\u00edt\u00e9se! A <strong>GPD P2 Max 2022<\/strong> sz\u00e1mos friss\u00edt\u00e9ssel l\u00e9p sz\u00ednpadra, hogy a mai korban is naprak\u00e9sz \u00e9s relev\u00e1ns legyen! T\u00f6k\u00e9letes t\u00e1rs a hossz\u00fa ing\u00e1z\u00e1shoz, az utaz\u00f3 \u00edr\u00f3knak \u00e9s mindenf\u00e9le m\u00e1s helyzetben.  <\/span><\/p>\n\n<p><span data-contrast=\"none\">A <strong>P2 Max 2022<\/strong> sz\u00edve az Intel Pentium N6000. Ez a n\u00e9gymagos processzor az energiahat\u00e9konys\u00e1got tekint\u00e9lyes teljes\u00edtm\u00e9nnyel \u00f6tv\u00f6zi. K\u00e9nyelmesen megbirk\u00f3zik b\u00e1rmilyen napi feladattal.  <\/span><\/p>\n\n<p><span data-contrast=\"none\"><strong>A 16 GB LPDDR4x RAM<\/strong> stabil \u00e9s megb\u00edzhat\u00f3 teljes\u00edtm\u00e9nyt biztos\u00edt t\u00f6bbfeladatos munkav\u00e9gz\u00e9s \u00e9s tartalomk\u00e9sz\u00edt\u00e9s\/szerkeszt\u00e9s sor\u00e1n. Ha mindezt <strong>1 TB gyors NVMe<\/strong> t\u00e1rol\u00f3val kombin\u00e1lja, egy csod\u00e1latosan rugalmas, ugyanakkor rendk\u00edv\u00fcl hordozhat\u00f3 munka\u00e1llom\u00e1shoz juthat. <\/span><\/p>\n\n<p><span data-contrast=\"none\">A m\u00e9retes, <strong>8,9 h\u00fcvelykes kijelz\u0151<\/strong> hatalmas, 2560x1600p felbont\u00e1ssal b\u00fcszk\u00e9lkedhet, amely \u00e9les, tiszta k\u00e9pi megjelen\u00edt\u00e9st biztos\u00edt minden m\u0171sorhoz, fot\u00f3hoz, vide\u00f3hoz \u00e9s \u00edgy tov\u00e1bb. Ez a kijelz\u0151 r\u00e1ad\u00e1sul <strong>\u00e9rint\u00e9s\u00e9rz\u00e9keny<\/strong>, \u00e9s m\u00e9g stylusszal is haszn\u00e1lhat\u00f3! <\/span><\/p>\n\n<p><span data-contrast=\"none\">A csatlakoztathat\u00f3s\u00e1g szempontj\u00e1b\u00f3l ez a <strong>Mini Laptop<\/strong> \u00e9ppen el\u00e9gg\u00e9 rendelkez\u00e9sre \u00e1ll an\u00e9lk\u00fcl, hogy t\u00fals\u00e1gosan terjedelmes lenne. K\u00e9t USB A t\u00edpus\u00fa porttal, egy USB C t\u00edpus\u00fa porttal, egy 3,5 mm-es audiocsatlakoz\u00f3val, egy 3,5 mm-es hangcsatlakoz\u00f3val \u00e9s egy USB C t\u00edpus\u00fa porttal rendelkezik.   <\/span><strong><span data-contrast=\"none\">\u00e9s<\/span><\/strong><span data-contrast=\"none\">  Micro HDMI porttal a P2 Max 2022 ugyanolyan k\u00e9nyelmes az \u00f6l\u00e9ben, mint a dokkol\u00f3\u00e1llom\u00e1shoz csatlakoztatva! Aki a vezet\u00e9k n\u00e9lk\u00fcli csatlakoz\u00e1st r\u00e9szes\u00edti el\u0151nyben, a <strong>GPD P2 Max 2022<\/strong> Wi-Fi 6 funkci\u00f3val rendelkezik a maxim\u00e1lis h\u00e1l\u00f3zati sebess\u00e9g \u00e9s stabilit\u00e1s \u00e9rdek\u00e9ben. <\/span>.<\/p>\n\n<p><\/p>\n","protected":false},"excerpt":{"rendered":"<ul>\n<li>Intel\u00ae Pentium\u00ae Silver N6000 processzor<\/li>\n<li><strong>16 GB LPDDR4x RAM<\/strong> @2933Mhz<\/li>\n<li><strong>8,9&#8243; \u00e9rint\u0151k\u00e9perny\u0151s kijelz\u0151 \/ ujjlenyomat-olvas\u00f3<\/strong><\/li>\n<li><strong>1 TB<\/strong> PCI-E NVMe SSD<\/li>\n<li>Kompatibilis a k\u00f6vetkez\u0151kkel <strong>Windows 11<\/strong><\/li>\n<\/ul>\n<p> [cg_accordion title=\"FIZET\u00c9SI INFORM\u00c1CI\u00d3K\"] A leg\u00fajabb technol\u00f3gi\u00e1t haszn\u00e1ljuk a fizet\u00e9s feldolgoz\u00e1s\u00e1ban, amely lehet\u0151v\u00e9 teszi, hogy az Apple Pay, a Google Pay, a bankk\u00e1rtya\/hitelk\u00e1rtya, a PayPal vagy a BNPL m\u00f3dszerek, mint p\u00e9ld\u00e1ul a Klarna, az Affirm vagy az AfterPay seg\u00edts\u00e9g\u00e9vel fizessen ki gyorsan \u00e9s biztons\u00e1gosan.[\/cg_accordion] [cg_accordion title=\"GARANCIA\"] 2 \u00e9v garancia a <a href=\"https:\/\/droix.net\/\" target=\"_blank\" rel=\"nofollow noopener\">DROIX Global<\/a> r\u00e9sz\u00e9r\u0151l az \u00d6n nyugalma \u00e9rdek\u00e9ben.[\/cg_accordion] [cg_accordion title=\"PRICING, TAXES AND SHIPPING\"] <strong><u>Megjegyz\u00e9s:<\/u><\/strong><\/p>\n<ul>\n<li>Egyes\u00fclt \u00c1llamok \u00dcgyfelek: A felt\u00fcntetett \u00e1r NEM tartalmazza az ad\u00f3t \u00e9s a v\u00e1mokat. A v\u00e1mkezel\u00e9s \u00e9s a kapcsol\u00f3d\u00f3 ad\u00f3k\/v\u00e1mok megfizet\u00e9se az \u00fcgyfelet terheli. <\/li>\n<li>EU-s \u00fcgyfelek: A felt\u00fcntetett \u00e1r tartalmazza az alkalmazand\u00f3 ad\u00f3t, amely az \u00d6n orsz\u00e1g\u00e1t\u00f3l f\u00fcgg\u0151en ak\u00e1r 25% is lehet.<\/li>\n<li>Kanadai \u00fcgyfelek: A felt\u00fcntetett \u00e1r tartalmazza az alkalmazand\u00f3 ad\u00f3kat, amelyek az \u00d6n tartom\u00e1ny\u00e1t\u00f3l f\u00fcgg\u0151en tartalmazhatj\u00e1k az 5%-os GST-t \u00e9s tov\u00e1bbi tartom\u00e1nyi forgalmi ad\u00f3kat (PST), harmoniz\u00e1lt forgalmi ad\u00f3t (HST) vagy qu\u00e9beci forgalmi ad\u00f3t (QST).<\/li>\n<\/ul>\n<p><strong>CSAK EU-s \u00fcgyfelek sz\u00e1m\u00e1ra:<\/strong> Express DDP (Delivered Duty Paid). Ez azt jelenti: <\/p>\n<ul>\n<li style=\"list-style-type: none;\">\n<ul>\n<li>A term\u00e9koldalon felt\u00fcntetett \u00e1r tartalmazza az \u00f6sszes v\u00e1mot \u00e9s ad\u00f3t.<\/li>\n<li>A k\u00e9zbes\u00edt\u00e9skor nem kell tov\u00e1bbi d\u00edjakat fizetnie.<\/li>\n<li>Abban a ritka esetben, ha a v\u00e1mkezel\u00e9ssel kapcsolatos probl\u00e9m\u00e1k mer\u00fclnek fel, csapatunk az \u00d6n nev\u00e9ben elv\u00e9gzi a v\u00e1mkezel\u00e9si folyamatot, hogy biztos\u00edtsa a z\u00f6kken\u0151mentes sz\u00e1ll\u00edt\u00e1st.<\/li>\n<p>Fontos inform\u00e1ci\u00f3k a visszak\u00fcld\u00e9sr\u0151l:<\/p>\n<li>Ha \u00fagy d\u00f6nt, hogy visszak\u00fcldi megrendel\u00e9s\u00e9t vagy visszat\u00e9r\u00edt\u00e9st k\u00e9r, k\u00e9rj\u00fck, vegye figyelembe, hogy az \u00d6n nev\u00e9ben a DDP felt\u00e9telei szerint kifizetett ad\u00f3k \u00e9s v\u00e1mok nem t\u00e9r\u00edthet\u0151k vissza.<\/li>\n<p>K\u00e9rj\u00fck, olvassa el a<\/ul>\n<\/li>\n<\/ul>\n<p><a href=\"https:\/\/gpdstore.net\/hu\/terms-of-service\/\" target=\"_blank\" rel=\"nofollow noopener\">Felt\u00e9telek \u00e9s felt\u00e9telek<\/a><\/p>\n<ul>r\u00e9szletes inform\u00e1ci\u00f3\u00e9rt.<\/ul>\n<p>[\/cg_accordion] [cg_accordion title=\"\u00dcGYF\u00c9LSZOLG\u00c1LAT\"]  K\u00e9rd\u00e9se van? Egy r\u00f6vid sz\u00f6veges \u00fczenetben m\u00e1ris megoldjuk a probl\u00e9m\u00e1j\u00e1t!   [\/cg_accordion] [cg_accordion title=\"WHAT'S INCLUDED\"]<\/p>\n<ul>\n<li>1x USB Type-C k\u00e1bel<\/li>\n<li>1x h\u00e1l\u00f3zati adapter<\/li>\n<li>1x Felhaszn\u00e1l\u00f3i k\u00e9zik\u00f6nyv<\/li>\n<\/ul>\n<p>[\/cg_accordion]<\/p>\n","protected":false},"featured_media":350568,"template":"","meta":{"_acf_changed":false},"product_brand":[],"product_cat":[8858,6687],"product_tag":[17732],"woo-feed-brand":[5662],"class_list":{"0":"post-350566","1":"product","2":"type-product","3":"status-publish","4":"has-post-thumbnail","6":"product_cat-laptopok","7":"product_cat-gpd-mini-laptopok","8":"product_tag-gpd-p2-max-hu-2","9":"product_shipping_class-premium","10":"pa_bluetooth-5-hu","11":"pa_brand-gpd","12":"pa_display-type-h-ips-hu","13":"pa_graphics-gpu-model-intel-uhd-grafika-hu","14":"pa_i-o-video-1x-usb-3-2-gen-2-type-c-tipusu-usb-3-2-gen-2-n-keresztul","15":"pa_memory-ram-capacity-16gb-hu","16":"pa_memory-ram-technology-lpddr4x-hu","17":"pa_storage-capacity-1tb-hu","18":"pa_wi-fi-wi-fi-6-hu","19":"woo-feed-brand-gpd-hu","21":"first","22":"outofstock","23":"sale","24":"taxable","25":"shipping-taxable","26":"purchasable","27":"product-type-variable","28":"has-default-attributes"},"acf":[],"aioseo_notices":[],"_links":{"self":[{"href":"https:\/\/gpdstore.net\/hu\/wp-json\/wp\/v2\/product\/350566","targetHints":{"allow":["GET"]}}],"collection":[{"href":"https:\/\/gpdstore.net\/hu\/wp-json\/wp\/v2\/product"}],"about":[{"href":"https:\/\/gpdstore.net\/hu\/wp-json\/wp\/v2\/types\/product"}],"wp:featuredmedia":[{"embeddable":true,"href":"https:\/\/gpdstore.net\/hu\/wp-json\/wp\/v2\/media\/350568"}],"wp:attachment":[{"href":"https:\/\/gpdstore.net\/hu\/wp-json\/wp\/v2\/media?parent=350566"}],"wp:term":[{"taxonomy":"product_brand","embeddable":true,"href":"https:\/\/gpdstore.net\/hu\/wp-json\/wp\/v2\/product_brand?post=350566"},{"taxonomy":"product_cat","embeddable":true,"href":"https:\/\/gpdstore.net\/hu\/wp-json\/wp\/v2\/product_cat?post=350566"},{"taxonomy":"product_tag","embeddable":true,"href":"https:\/\/gpdstore.net\/hu\/wp-json\/wp\/v2\/product_tag?post=350566"},{"taxonomy":"woo-feed-brand","embeddable":true,"href":"https:\/\/gpdstore.net\/hu\/wp-json\/wp\/v2\/woo-feed-brand?post=350566"}],"curies":[{"name":"wp","href":"https:\/\/api.w.org\/{rel}","templated":true}]}}