{"id":344325,"date":"2024-07-12T13:07:42","date_gmt":"2024-07-12T13:07:42","guid":{"rendered":"https:\/\/gpdstore.net\/nem-kategorizalt\/156-4k-hordozhato-monitor-erintokepernyovel\/"},"modified":"2025-12-23T10:13:56","modified_gmt":"2025-12-23T10:13:56","slug":"15-6-4k-portable-monitor-with-touchscreen","status":"publish","type":"product","link":"https:\/\/gpdstore.net\/hu\/product\/15-6-4k-portable-monitor-with-touchscreen\/","title":{"rendered":"15,6&#8243; 4K hordozhat\u00f3 monitor \u00e9rint\u0151k\u00e9perny\u0151vel"},"content":{"rendered":"\n<p>Bemutatjuk az S23b-1 4K hordozhat\u00f3 monitort: Emelje a vizu\u00e1lis \u00e9lm\u00e9nyt b\u00e1rhol<\/p>\n\n<p>Tapasztalja meg a p\u00e1ratlan vizu\u00e1lis tisztas\u00e1got \u00e9s ragyog\u00e1st az S23b-1 4K hordozhat\u00f3 monitorral. Ez a monitor azoknak k\u00e9sz\u00fclt, akik a legjobbat k\u00f6vetelik meg a hordozhat\u00f3 kijelz\u0151kt\u0151l, \u00e9s leny\u0171g\u00f6z\u0151 4K UHD felbont\u00e1st k\u00edn\u00e1l egy kompakt 15,6 h\u00fcvelykes k\u00e9perny\u0151n. Ak\u00e1r nagy felbont\u00e1s\u00fa f\u00e9nyk\u00e9peket szerkeszt, bonyolult grafik\u00e1kat tervez, vagy mag\u00e1val ragad\u00f3 j\u00e1t\u00e9kvil\u00e1gokba mer\u00fcl, az S23b-1 biztos\u00edtja, hogy minden r\u00e9szlet kiv\u00e9teles pontoss\u00e1ggal \u00e9s \u00e9l\u00e9nk sz\u00ednekkel keljen \u00e9letre.<\/p>\n\n<p>A TFT IPS LCD-panellel tervezett k\u00e9sz\u00fcl\u00e9k kiv\u00e1l\u00f3 sz\u00ednpontoss\u00e1got \u00e9s sz\u00e9les betekint\u00e9si sz\u00f6geket k\u00edn\u00e1l, \u00edgy t\u00f6k\u00e9letesen alkalmas a bar\u00e1tokkal val\u00f3 tartalommegoszt\u00e1sra vagy a koll\u00e9g\u00e1kkal val\u00f3 egy\u00fcttm\u0171k\u00f6d\u00e9sre. A G+G kapacit\u00edv \u00e9rint\u0151k\u00e9perny\u0151 fokozza az interakci\u00f3t, prec\u00edz vez\u00e9rl\u00e9st k\u00edn\u00e1l a men\u00fckben \u00e9s dokumentumokban val\u00f3 z\u00f6kken\u0151mentes navig\u00e1l\u00e1ssal.<\/p>\n\n<p>A csatlakoztathat\u00f3s\u00e1g a HDMI-mini port \u00e9s a kett\u0151s Type-C portok seg\u00edts\u00e9g\u00e9vel k\u00f6nnyed\u00e9n megoldhat\u00f3, t\u00e1mogatva a t\u00e1pell\u00e1t\u00e1st \u00e9s a nagy sebess\u00e9g\u0171 adat\u00e1tvitelt t\u00f6bb eszk\u00f6z\u00f6n kereszt\u00fcl. A tov\u00e1bbi k\u00e9nyelem \u00e9rdek\u00e9ben van egy fejhallgat\u00f3-port a priv\u00e1t zenehallgat\u00e1shoz \u00e9s egy Micro-USB-port olyan perif\u00e9ri\u00e1khoz, mint a billenty\u0171zetek \u00e9s egerek.<\/p>\n\n<p>A tart\u00f3s alum\u00ednium\u00f6tv\u00f6zetb\u0151l k\u00e9sz\u00fclt S23b-1 a karcs\u00fa, hihetetlen\u00fcl v\u00e9kony profilt \u00e9s a k\u00f6nny\u0171 hordozhat\u00f3s\u00e1got \u00f6tv\u00f6zi, \u00edgy ide\u00e1lis t\u00e1rs az utaz\u00e1shoz vagy a munkater\u00fcletek k\u00f6z\u00f6tti mozg\u00e1shoz. Az \u00f6sszecsukhat\u00f3 tok \u00e1llv\u00e1nyk\u00e9nt is haszn\u00e1lhat\u00f3, \u00edgy stabilan elhelyezhet\u0151 b\u00e1rmilyen s\u00edk fel\u00fcleten, \u00edgy sokoldal\u00faan haszn\u00e1lhat\u00f3, b\u00e1rhov\u00e1 is megy.<\/p>\n\n<p>El\u0151ny\u00f6k:<\/p>\n\n<ul class=\"wp-block-list\">\n<li>Leny\u0171g\u00f6z\u0151 4K UHD kijelz\u0151 a mag\u00e1val ragad\u00f3 vizu\u00e1lis \u00e9lm\u00e9ny\u00e9rt<\/li>\n\n\n\n<li>Sokoldal\u00fa csatlakoz\u00e1si lehet\u0151s\u00e9gek, bele\u00e9rtve a HDMI Mini \u00e9s Type-C portokat is<\/li>\n\n\n\n<li>Kiv\u00e1l\u00f3 min\u0151s\u00e9g\u0171 alum\u00ednium\u00f6tv\u00f6zetb\u0151l k\u00e9sz\u00fclt, eleg\u00e1ns, k\u00f6nny\u0171 kialak\u00edt\u00e1s\u00fa k\u00e9sz\u00fcl\u00e9k<\/li>\n\n\n\n<li>Reag\u00e1l\u00f3 G+G kapacit\u00edv \u00e9rint\u0151k\u00e9perny\u0151 az intuit\u00edv interakci\u00f3 \u00e9rdek\u00e9ben<\/li>\n<\/ul>\n\n<p>H\u00e1tr\u00e1nyok:<\/p>\n\n<ul class=\"wp-block-list\">\n<li>15,6 h\u00fcvelykes k\u00e9perny\u0151m\u00e9retre korl\u00e1tozva<\/li>\n\n\n\n<li>A be\u00e9p\u00edtett hangsz\u00f3r\u00f3k nem felt\u00e9tlen\u00fcl \u00e9rik el a k\u00fcls\u0151 hangmin\u0151s\u00e9get<\/li>\n<\/ul>\n\n<p>Legyen sz\u00f3 kreat\u00edv szakemberr\u0151l, lelkes j\u00e1t\u00e9kosr\u00f3l vagy \u00fatk\u00f6zbeni rajong\u00f3r\u00f3l, az S23b-1 4K hordozhat\u00f3 monitor \u00fajradefini\u00e1lja a hordozhat\u00f3 kijelz\u0151 kiv\u00e1l\u00f3s\u00e1g\u00e1t, \u00e9s kiv\u00e9teles teljes\u00edtm\u00e9nyt ny\u00fajt egy kompakt csomagban.<\/p>\n","protected":false},"excerpt":{"rendered":"<ul>\n<li><strong>15,6&#8243; 4K<\/strong> hordozhat\u00f3 monitor \u00e9rint\u0151k\u00e9perny\u0151vel a nagy felbont\u00e1shoz<\/li>\n<li>Kompakt m\u00e9ret: 14,17 x 8,4 x 0,43 h\u00fcvelyk, s\u00falya <strong>920g<\/strong><\/li>\n<li>\u00c9rint\u0151k\u00e9perny\u0151 Kompatibilis a <strong>MacOS-szel<\/strong><\/li>\n<li>Az \u00e9rint\u0151k\u00e9perny\u0151 <strong>t\u00e1mogatja<\/strong> a kompatibilis eszk\u00f6z\u00f6k <strong>\u00e9rint\u00e9ses bevitel\u00e9t<\/strong> <\/li>\n<li><strong>USB t\u00e1pell\u00e1t\u00e1s<\/strong>, t\u00e1mogatja a mini-HDMI, USB Type-C szabv\u00e1nyt<\/li>\n<\/ul>\n[cg_accordion title=\"FIZET\u00c9SI INFORM\u00c1CI\u00d3K\"]<\/p>\n<p>A leg\u00fajabb technol\u00f3gi\u00e1t haszn\u00e1ljuk a fizet\u00e9si folyamatok feldolgoz\u00e1s\u00e1ban, amely lehet\u0151v\u00e9 teszi, hogy a gyors \u00e9s biztons\u00e1gos fizet\u00e9s \u00e9rdek\u00e9ben bankk\u00e1rty\u00e1val\/hitelk\u00e1rty\u00e1val vagy PayPal-lal fizessen.[\/cg_accordion]\n[cg_accordion title=\"GARANCIA\"]<\/p>\n<p>2 \u00e9v garancia a <a href=\"https:\/\/droix.net\/\" target=\"_blank\" rel=\"nofollow noopener\">DROIX Global- t\u00f3l az \u00d6n nyugalma \u00e9rdek\u00e9ben<\/a> [\/cg_accordion]\n[cg_accordion title=\"\u00c1RK\u00c9PZ\u00c9S, AD\u00d3K \u00c9S SZ\u00c1LL\u00cdT\u00c1S\"]<\/p>\n<p><strong><u>Megjegyz\u00e9s:<\/u><\/strong><\/p>\n<ul>\n<li>Egyes\u00fclt \u00c1llamok \u00dcgyfelek: A felt\u00fcntetett \u00e1r NEM tartalmazza az ad\u00f3t \u00e9s a v\u00e1mokat. A v\u00e1mkezel\u00e9s \u00e9s a kapcsol\u00f3d\u00f3 ad\u00f3k\/v\u00e1mok megfizet\u00e9se az \u00fcgyfelet terheli. <\/li>\n<li>EU-s \u00fcgyfelek: A felt\u00fcntetett \u00e1r tartalmazza az alkalmazand\u00f3 ad\u00f3t, amely az \u00d6n orsz\u00e1g\u00e1t\u00f3l f\u00fcgg\u0151en ak\u00e1r 25% is lehet.<\/li>\n<li>Kanadai \u00fcgyfelek: A felt\u00fcntetett \u00e1r tartalmazza az alkalmazand\u00f3 ad\u00f3kat, amelyek az \u00d6n tartom\u00e1ny\u00e1t\u00f3l f\u00fcgg\u0151en tartalmazhatj\u00e1k az 5%-os GST-t \u00e9s tov\u00e1bbi tartom\u00e1nyi forgalmi ad\u00f3kat (PST), harmoniz\u00e1lt forgalmi ad\u00f3t (HST) vagy qu\u00e9beci forgalmi ad\u00f3t (QST).<\/li>\n<\/ul>\n<p><strong>CSAK EU-s \u00fcgyfelek sz\u00e1m\u00e1ra:<\/strong> Express DDP (Delivered Duty Paid). Ez azt jelenti: <\/p>\n<ul>\n<li>A term\u00e9koldalon felt\u00fcntetett \u00e1r tartalmazza az \u00f6sszes v\u00e1mot \u00e9s ad\u00f3t.<\/li>\n<li>A k\u00e9zbes\u00edt\u00e9skor nem kell tov\u00e1bbi d\u00edjakat fizetnie.<\/li>\n<li>Abban a ritka esetben, ha a v\u00e1mkezel\u00e9ssel kapcsolatos probl\u00e9m\u00e1k mer\u00fclnek fel, csapatunk az \u00d6n nev\u00e9ben elv\u00e9gzi a v\u00e1mkezel\u00e9si folyamatot, hogy biztos\u00edtsa a z\u00f6kken\u0151mentes sz\u00e1ll\u00edt\u00e1st.<\/li>\n<p>Fontos inform\u00e1ci\u00f3k a visszak\u00fcld\u00e9sr\u0151l:<\/p>\n<li>Ha \u00fagy d\u00f6nt, hogy visszak\u00fcldi megrendel\u00e9s\u00e9t vagy visszat\u00e9r\u00edt\u00e9st k\u00e9r, k\u00e9rj\u00fck, vegye figyelembe, hogy az \u00d6n nev\u00e9ben a DDP felt\u00e9telei szerint kifizetett ad\u00f3k \u00e9s v\u00e1mok nem t\u00e9r\u00edthet\u0151k vissza.<\/li>\n<p>R\u00e9szletes <a href=\"https:\/\/droix.net\/terms-and-conditions\/\" target=\"_blank\" rel=\"nofollow noopener\">inform\u00e1ci\u00f3k\u00e9rt k\u00e9rj\u00fck, olvassa el a Felhaszn\u00e1l\u00e1si Felt\u00e9teleinket<\/a>.\n<\/ul>\n<p>[\/cg_accordion]\n[cg_accordion title=\"\u00dcGYF\u00c9LSZOLG\u00c1LAT\"]<\/p>\n<p>K\u00e9rd\u00e9se van? Egy r\u00f6vid sz\u00f6veges \u00fczenetben m\u00e1ris megoldjuk a probl\u00e9m\u00e1j\u00e1t! <\/p>\n<p>R\u00e9szletes <a href=\"https:\/\/gpdstore.net\/hu\/terms-of-service\/\" target=\"_blank\" rel=\"nofollow noopener\">inform\u00e1ci\u00f3k\u00e9rt k\u00e9rj\u00fck, olvassa el a Felhaszn\u00e1l\u00e1si Felt\u00e9teleinket<\/a>.\n<\/ul>\n<p>[\/cg_accordion]\n[cg_accordion title=\"MIT TARTALMAZ\"]<\/p>\n<ul>\n<li>1x h\u00e1l\u00f3zati csatlakoz\u00f3 (EU\/USA)<\/li>\n<li>1x felhaszn\u00e1l\u00f3i k\u00e9zik\u00f6nyv<\/li>\n<\/ul>\n<p>[\/cg_accordion]\n","protected":false},"featured_media":344486,"template":"","meta":{"_acf_changed":false},"product_brand":[],"product_cat":[5491],"product_tag":[5530,5493],"woo-feed-brand":[5494],"class_list":{"0":"post-344325","1":"product","2":"type-product","3":"status-publish","4":"has-post-thumbnail","6":"product_cat-hordozhato-monitorok","7":"product_tag-30gpdsale-hu","8":"product_tag-droix-portable-monitor-hu","9":"product_shipping_class-standard","10":"pa_brand-droix","11":"woo-feed-brand-droix-hu","13":"first","14":"outofstock","15":"sale","16":"taxable","17":"shipping-taxable","18":"purchasable","19":"product-type-variable","20":"has-default-attributes"},"acf":[],"aioseo_notices":[],"_links":{"self":[{"href":"https:\/\/gpdstore.net\/hu\/wp-json\/wp\/v2\/product\/344325","targetHints":{"allow":["GET"]}}],"collection":[{"href":"https:\/\/gpdstore.net\/hu\/wp-json\/wp\/v2\/product"}],"about":[{"href":"https:\/\/gpdstore.net\/hu\/wp-json\/wp\/v2\/types\/product"}],"wp:featuredmedia":[{"embeddable":true,"href":"https:\/\/gpdstore.net\/hu\/wp-json\/wp\/v2\/media\/344486"}],"wp:attachment":[{"href":"https:\/\/gpdstore.net\/hu\/wp-json\/wp\/v2\/media?parent=344325"}],"wp:term":[{"taxonomy":"product_brand","embeddable":true,"href":"https:\/\/gpdstore.net\/hu\/wp-json\/wp\/v2\/product_brand?post=344325"},{"taxonomy":"product_cat","embeddable":true,"href":"https:\/\/gpdstore.net\/hu\/wp-json\/wp\/v2\/product_cat?post=344325"},{"taxonomy":"product_tag","embeddable":true,"href":"https:\/\/gpdstore.net\/hu\/wp-json\/wp\/v2\/product_tag?post=344325"},{"taxonomy":"woo-feed-brand","embeddable":true,"href":"https:\/\/gpdstore.net\/hu\/wp-json\/wp\/v2\/woo-feed-brand?post=344325"}],"curies":[{"name":"wp","href":"https:\/\/api.w.org\/{rel}","templated":true}]}}