{"id":342925,"date":"2024-08-12T15:37:31","date_gmt":"2024-08-12T15:37:31","guid":{"rendered":"https:\/\/gpdstore.net\/nem-kategorizalt\/droix-nt8-clear-usb-hub\/"},"modified":"2025-12-23T10:13:56","modified_gmt":"2025-12-23T10:13:56","slug":"droix-nt8-clear-usb-hub","status":"publish","type":"product","link":"https:\/\/gpdstore.net\/hu\/product\/droix-nt8-clear-usb-hub\/","title":{"rendered":"DroiX NT8 Clear USB Hub"},"content":{"rendered":"\n<h3 class=\"wp-block-heading\">DroiX NT8 Clear USB Hub: A krist\u00e1lytiszta csatlakoztathat\u00f3s\u00e1g j\u00f6v\u0151je!  <\/h3>\n\n<h3 class=\"wp-block-heading\">Gigabit Ethernet sebess\u00e9gek  <\/h3>\n\n<p>Elege van a lass\u00fa internetb\u0151l, ami h\u00e1tr\u00e1ltatja? L\u00e9pjen a j\u00f6v\u0151be a DroiX NT8 Clear USB Hub seg\u00edts\u00e9g\u00e9vel! Ez nem ak\u00e1rmilyen hub &#8211; ez az \u00d6n kapuja a 10\/100\/1000M RJ45 Gigabit Ethernet vill\u00e1mgyors vil\u00e1g\u00e1ba. Ak\u00e1r HD streaminget n\u00e9z, ak\u00e1r online j\u00e1t\u00e9kokat j\u00e1tszik, ak\u00e1r t\u00f6bb nyitott lapot haszn\u00e1l, vill\u00e1mgyors \u00e9s stabil kapcsolatot fog tapasztalni. B\u00facs\u00fazzon el a pufferel\u00e9st\u0151l \u00e9s a k\u00e9sleltet\u00e9st\u0151l &#8211; mostant\u00f3l minden bet\u00f6lt\u0151dik a mostani sebess\u00e9ggel!<\/p>\n\n<h3 class=\"wp-block-heading\">Gyors \u00e9s hat\u00e9kony t\u00e1pell\u00e1t\u00e1s  <\/h3>\n\n<p>Egy olyan vil\u00e1gban, amely soha nem \u00e1ll meg, az \u00d6n eszk\u00f6zeinek is l\u00e9p\u00e9st kell tartaniuk. A DroiX NT8 tervez\u00e9s\u00e9n\u00e9l a teljes\u00edtm\u00e9nyt tartott\u00e1k szem el\u0151tt, ak\u00e1r 100W-os PD t\u00f6lt\u00e9st is t\u00e1mogat. Ak\u00e1r laptopot, k\u00e9zi j\u00e1t\u00e9kkonzolt vagy b\u00e1rmilyen USB Type-C eszk\u00f6zt t\u00f6lt, ez a hub gyors, megb\u00edzhat\u00f3 \u00e9s hat\u00e9kony t\u00f6lt\u00e9st biztos\u00edt. Nincs t\u00f6bb\u00e9 v\u00e1rakoz\u00e1s &#8211; az eszk\u00f6zei bekapcsolva lesznek, \u00e9s b\u00e1rmikor k\u00e9szen \u00e1llnak, amikor csak \u00d6n k\u00e9szen \u00e1ll.<\/p>\n\n<h3 class=\"wp-block-heading\">Leny\u0171g\u00f6z\u0151 4K l\u00e1tv\u00e1ny  <\/h3>\n\n<p>Krist\u00e1lytiszta l\u00e1tv\u00e1nyra v\u00e1gyik? A DroiX NT8 Clear USB Hub mozi\u00e9lm\u00e9nyt ny\u00fajt az \u00d6n keze \u00fcgy\u00e9ben. A HDMI 2.0 videokimenettel \u00e9lvezheti az ultra\u00e9les 4096&#215;2160 4K felbont\u00e1st 60 Hz-en. Legyen sz\u00f3 munk\u00e1r\u00f3l, sz\u00f3rakoz\u00e1sr\u00f3l vagy j\u00e1t\u00e9kr\u00f3l, a vizu\u00e1lis megjelen\u00edt\u00e9s olyan tiszta \u00e9s mag\u00e1val ragad\u00f3, hogy \u00fagy \u00e9rzi, mintha ott lenne az akci\u00f3ban.<\/p>\n\n<h3 class=\"wp-block-heading\">P\u00e1ratlan USB csatlakoztathat\u00f3s\u00e1g  <\/h3>\n\n<p>Mi\u00e9rt korl\u00e1tozn\u00e1d magad n\u00e9h\u00e1ny kapcsolatra? A DroiX NT8 Clear USB Hub h\u00e1rom A-t\u00edpus\u00fa 3.0 USB portot k\u00edn\u00e1l, \u00edgy minden eszk\u00f6zt gond n\u00e9lk\u00fcl csatlakoztathat. Vill\u00e1mgyors adat\u00e1tvitel, perif\u00e9ri\u00e1k csatlakoztat\u00e1sa vagy eszk\u00f6z\u00f6k t\u00f6lt\u00e9se &#8211; mindezt az \u00d6n \u00e1ltal elv\u00e1rt sokoldal\u00fas\u00e1g \u00e9s teljes\u00edtm\u00e9ny mellett. A DroiX NT8 k\u00e9sz\u00fcl\u00e9kkel mindig k\u00e9szen \u00e1ll a csatlakoz\u00e1sra \u00e9s indul\u00e1sra.<\/p>\n\n<h3 class=\"wp-block-heading\">A legkorszer\u0171bb USB Type-C k\u00e1bel  <\/h3>\n\n<p>A DroiX NT8 USB Type-C k\u00e1bel\u00e9vel itt a j\u00f6v\u0151 csatlakoztathat\u00f3s\u00e1ga. A gyorsabb adat\u00e1tvitelre \u00e9s hat\u00e9kony t\u00f6lt\u00e9sre tervezett modern megold\u00e1s \u00e1ramvonalas, univerz\u00e1lis kapcsolatot biztos\u00edt. Ez a hub sz\u00e1mos eszk\u00f6zzel kompatibilis, \u00edgy val\u00f3ban egy j\u00f6v\u0151biztos befektet\u00e9s, amellyel k\u00f6nnyed\u00e9n tarthatja a kapcsolatot.<\/p>\n\n<h3 class=\"wp-block-heading\">K\u00f6nny\u0171 m\u00e9dia-hozz\u00e1f\u00e9r\u00e9s  <\/h3>\n\n<p>A DroiX NT8 kett\u0151s SD-k\u00e1rtyaolvas\u00f3j\u00e1val m\u00e1sodpercek alatt hozz\u00e1f\u00e9rhet m\u00e9diaf\u00e1jljaihoz. Legyen sz\u00f3 fot\u00f3kr\u00f3l, vide\u00f3kr\u00f3l vagy fontos dokumentumokr\u00f3l, ezek az olvas\u00f3k t\u00e1mogatj\u00e1k a Micro SD \u00e9s SD k\u00e1rty\u00e1kat is, \u00e9s ak\u00e1r 480 Mbps \u00e1tviteli sebess\u00e9get is k\u00edn\u00e1lnak. Minden l\u00e9nyeges adatot gyorsan \u00e9s probl\u00e9mamentesen k\u00e9zn\u00e9l tarthat.<\/p>\n\n<h3 class=\"wp-block-heading\">Kompakt kialak\u00edt\u00e1s, hatalmas hat\u00e1s  <\/h3>\n\n<p>A terjedelmes k\u00fcty\u00fck vil\u00e1g\u00e1ban a DroiX NT8 kiemelkedik karcs\u00fa \u00e9s kompakt kialak\u00edt\u00e1s\u00e1val. A mind\u00f6ssze 104 x 43 x 13 mm-es m\u00e9ret\u00e9vel t\u00f6k\u00e9letes t\u00e1rs az \u00faton l\u00e9v\u0151k sz\u00e1m\u00e1ra. Ak\u00e1r egy k\u00e1v\u00e9z\u00f3ban, ak\u00e1r egy megbesz\u00e9l\u00e9sen vagy utaz\u00e1s k\u00f6zben, ez a hub el\u00e9g kicsi ahhoz, hogy b\u00e1rhov\u00e1 mag\u00e1val vihesse, m\u00e9gis el\u00e9g er\u0151s ahhoz, hogy nagy hat\u00e1st gyakoroljon a csatlakoz\u00e1si ig\u00e9nyeire.<\/p>\n\n<h3 class=\"wp-block-heading\">Univerz\u00e1lis kompatibilit\u00e1s  <\/h3>\n\n<p>A DroiX NT8 Clear USB Hub nem csak sokoldal\u00fa, hanem univerz\u00e1lisan kompatibilis is. \u00dagy tervezt\u00e9k, hogy z\u00f6kken\u0151mentesen m\u0171k\u00f6dj\u00f6n egy\u00fctt USB Type-C eszk\u00f6z\u00f6kkel, p\u00e9ld\u00e1ul PC-kkel, mini PC-kkel, laptopokkal, k\u00e9zi j\u00e1t\u00e9keszk\u00f6z\u00f6kkel \u00e9s m\u00e9g sok m\u00e1s eszk\u00f6zzel, \u00edgy ez az az all-in-one megold\u00e1s, amelyet m\u00e1r r\u00e9g\u00f3ta keresett. Nem kell t\u00f6bb\u00e9 t\u00f6bb csom\u00f3ponttal zsongl\u0151rk\u00f6dnie &#8211; ez az egyetlen, amire valaha is sz\u00fcks\u00e9ge lesz.<\/p>\n\n<h3 class=\"wp-block-heading\">K\u00f6vetkeztet\u00e9s: A konnektivit\u00e1s forradalma  <\/h3>\n\n<p>Az USB hubok tenger\u00e9ben a DroiX NT8 Clear USB Hub kiemelkedik a t\u00f6bbi k\u00f6z\u00fcl. Leny\u0171g\u00f6z\u0151 funkci\u00f3inak, kompakt kialak\u00edt\u00e1s\u00e1nak \u00e9s univerz\u00e1lis kompatibilit\u00e1s\u00e1nak k\u00f6sz\u00f6nhet\u0151en ez t\u00f6bb mint egy hub &#8211; ez a csatlakoztathat\u00f3s\u00e1g forradalma. Ak\u00e1r a technol\u00f3gia szerelmese, ak\u00e1r j\u00e1t\u00e9kos, vagy egy profi, aki \u00faton van, a DroiX NT8 a t\u00f6k\u00e9letes eszk\u00f6z, hogy n\u00f6velje a technol\u00f3giai \u00e9lm\u00e9nyt. L\u00e9pjen a j\u00f6v\u0151be a DroiX NT8-zal &#8211; a k\u00e9sz\u00fcl\u00e9kei h\u00e1l\u00e1sak lesznek!<\/p>\n\n<p>Tudjon meg t\u00f6bbet a <strong>Droix NT8 Clear USB Hub kezdeti<\/strong> \u00fatmutat\u00f3j\u00e1ban.<\/p>\n","protected":false},"excerpt":{"rendered":"<ul>\n<li>DroiX<strong> NT8<\/strong> Clear USB Hub<\/li>\n<li><strong>10\/100\/1000M<\/strong> Gigabit Ethernet<\/li>\n<li>100W PD t\u00f6lt\u00e9s<\/li>\n<li><strong>MicroSD \/ SD k\u00e1rtya foglalat<\/strong> 480Mbps<\/li>\n<li><strong>HDMI 4K<\/strong> kimenet<\/li>\n<\/ul>\n[cg_accordion title=\"FIZET\u00c9SI INFORM\u00c1CI\u00d3K\"]<\/p>\n<p>A leg\u00fajabb technol\u00f3gi\u00e1t haszn\u00e1ljuk a fizet\u00e9s feldolgoz\u00e1s\u00e1ban, amely lehet\u0151v\u00e9 teszi, hogy az Apple Pay, a Google Pay, a bankk\u00e1rtya\/hitelk\u00e1rtya, a PayPal vagy a BNPL m\u00f3dszerek, mint p\u00e9ld\u00e1ul a Klarna, az Affirm vagy az AfterPay seg\u00edts\u00e9g\u00e9vel fizessen ki gyorsan \u00e9s biztons\u00e1gosan.[\/cg_accordion]\n[cg_accordion title=\"GARANCIA\"]<\/p>\n<p>2 \u00e9v garancia a <a href=\"https:\/\/droix.net\/\" target=\"_blank\" rel=\"nofollow noopener\">DROIX Global- t\u00f3l az \u00d6n nyugalma \u00e9rdek\u00e9ben<\/a> [\/cg_accordion]\n[cg_accordion title=\"\u00c1RK\u00c9PZ\u00c9S, AD\u00d3K \u00c9S SZ\u00c1LL\u00cdT\u00c1S\"]<\/p>\n<p><strong><u>Megjegyz\u00e9s:<\/u><\/strong><\/p>\n<ul>\n<li>Egyes\u00fclt \u00c1llamok \u00dcgyfelek: A felt\u00fcntetett \u00e1r NEM tartalmazza az ad\u00f3t \u00e9s a v\u00e1mokat. A v\u00e1mkezel\u00e9s \u00e9s a kapcsol\u00f3d\u00f3 ad\u00f3k\/v\u00e1mok megfizet\u00e9se az \u00fcgyfelet terheli. <\/li>\n<li>EU-s \u00fcgyfelek: A felt\u00fcntetett \u00e1r tartalmazza az alkalmazand\u00f3 ad\u00f3t, amely az \u00d6n orsz\u00e1g\u00e1t\u00f3l f\u00fcgg\u0151en ak\u00e1r 25% is lehet.<\/li>\n<li>Kanadai \u00fcgyfelek: A felt\u00fcntetett \u00e1r tartalmazza az alkalmazand\u00f3 ad\u00f3kat, amelyek az \u00d6n tartom\u00e1ny\u00e1t\u00f3l f\u00fcgg\u0151en tartalmazhatj\u00e1k az 5%-os GST-t \u00e9s tov\u00e1bbi tartom\u00e1nyi forgalmi ad\u00f3kat (PST), harmoniz\u00e1lt forgalmi ad\u00f3t (HST) vagy qu\u00e9beci forgalmi ad\u00f3t (QST).<\/li>\n<\/ul>\n<p><strong>CSAK EU-s \u00fcgyfelek sz\u00e1m\u00e1ra:<\/strong> Express DDP (Delivered Duty Paid). Ez azt jelenti: <\/p>\n<ul>\n<li>A term\u00e9koldalon felt\u00fcntetett \u00e1r tartalmazza az \u00f6sszes v\u00e1mot \u00e9s ad\u00f3t.<\/li>\n<li>A k\u00e9zbes\u00edt\u00e9skor nem kell tov\u00e1bbi d\u00edjakat fizetnie.<\/li>\n<li>Abban a ritka esetben, ha a v\u00e1mkezel\u00e9ssel kapcsolatos probl\u00e9m\u00e1k mer\u00fclnek fel, csapatunk az \u00d6n nev\u00e9ben elv\u00e9gzi a v\u00e1mkezel\u00e9si folyamatot, hogy biztos\u00edtsa a z\u00f6kken\u0151mentes sz\u00e1ll\u00edt\u00e1st.<\/li>\n<p>Fontos inform\u00e1ci\u00f3k a visszak\u00fcld\u00e9sr\u0151l:<\/p>\n<li>Ha \u00fagy d\u00f6nt, hogy visszak\u00fcldi megrendel\u00e9s\u00e9t vagy visszat\u00e9r\u00edt\u00e9st k\u00e9r, k\u00e9rj\u00fck, vegye figyelembe, hogy az \u00d6n nev\u00e9ben a DDP felt\u00e9telei szerint kifizetett ad\u00f3k \u00e9s v\u00e1mok nem t\u00e9r\u00edthet\u0151k vissza.<\/li>\n<p>R\u00e9szletes <a href=\"https:\/\/gpdstore.net\/hu\/terms-of-service\/\" target=\"_blank\" rel=\"nofollow noopener\">inform\u00e1ci\u00f3k\u00e9rt k\u00e9rj\u00fck, olvassa el a Felhaszn\u00e1l\u00e1si Felt\u00e9teleinket<\/a>.\n<\/ul>\n<p>[\/cg_accordion]\n[cg_accordion title=\"\u00dcGYF\u00c9LSZOLG\u00c1LAT\"]<\/p>\n<p>K\u00e9rd\u00e9se van? Egy r\u00f6vid sz\u00f6veges \u00fczenetben m\u00e1ris megoldjuk a probl\u00e9m\u00e1j\u00e1t!<br \/>\n[\/cg_accordion]\n[cg_accordion title=\"MIT TARTALMAZ\"]<\/p>\n<ul>\n<li>1x DroiX NT8 Clear USB Hub<\/li>\n<\/ul>\n<p>[\/cg_accordion]\n","protected":false},"featured_media":342975,"template":"","meta":{"_acf_changed":false},"product_brand":[],"product_cat":[5408],"product_tag":[6035],"woo-feed-brand":[5494],"class_list":{"0":"post-342925","1":"product","2":"type-product","3":"status-publish","4":"has-post-thumbnail","6":"product_cat-tartozekok","7":"product_tag-droix-hub-hu","8":"product_shipping_class-low-end","9":"pa_i-o-video-1x-hdmi-hu","10":"woo-feed-brand-droix-hu","12":"first","13":"outofstock","14":"sale","15":"taxable","16":"shipping-taxable","17":"purchasable","18":"product-type-simple"},"acf":[],"aioseo_notices":[],"_links":{"self":[{"href":"https:\/\/gpdstore.net\/hu\/wp-json\/wp\/v2\/product\/342925","targetHints":{"allow":["GET"]}}],"collection":[{"href":"https:\/\/gpdstore.net\/hu\/wp-json\/wp\/v2\/product"}],"about":[{"href":"https:\/\/gpdstore.net\/hu\/wp-json\/wp\/v2\/types\/product"}],"wp:featuredmedia":[{"embeddable":true,"href":"https:\/\/gpdstore.net\/hu\/wp-json\/wp\/v2\/media\/342975"}],"wp:attachment":[{"href":"https:\/\/gpdstore.net\/hu\/wp-json\/wp\/v2\/media?parent=342925"}],"wp:term":[{"taxonomy":"product_brand","embeddable":true,"href":"https:\/\/gpdstore.net\/hu\/wp-json\/wp\/v2\/product_brand?post=342925"},{"taxonomy":"product_cat","embeddable":true,"href":"https:\/\/gpdstore.net\/hu\/wp-json\/wp\/v2\/product_cat?post=342925"},{"taxonomy":"product_tag","embeddable":true,"href":"https:\/\/gpdstore.net\/hu\/wp-json\/wp\/v2\/product_tag?post=342925"},{"taxonomy":"woo-feed-brand","embeddable":true,"href":"https:\/\/gpdstore.net\/hu\/wp-json\/wp\/v2\/woo-feed-brand?post=342925"}],"curies":[{"name":"wp","href":"https:\/\/api.w.org\/{rel}","templated":true}]}}