{"id":333195,"date":"2024-07-12T12:39:31","date_gmt":"2024-07-12T12:39:31","guid":{"rendered":"https:\/\/gpdstore.net\/nem-kategorizalt\/156-os-4k-hordozhato-monitor-tolltartoval\/"},"modified":"2025-12-23T10:14:09","modified_gmt":"2025-12-23T10:14:09","slug":"15-6-4k-portable-monitor-with-stylus-support","status":"publish","type":"product","link":"https:\/\/gpdstore.net\/hu\/product\/15-6-4k-portable-monitor-with-stylus-support\/","title":{"rendered":"15,6&#8243;-os 4K hordozhat\u00f3 monitor tolltart\u00f3val"},"content":{"rendered":"\n<p>Bemutatjuk a 15,6&#8243; 4K hordozhat\u00f3 monitort: N\u00f6velje a mobil n\u00e9z\u00e9si \u00e9lm\u00e9nyt<\/p>\n\n<p>Fedezze fel a hordozhat\u00f3 kijelz\u0151k \u00faj szabv\u00e1ny\u00e1t a 15,6&#8243; 4K hordozhat\u00f3 monitorral. Ez az \u00e9lvonalbeli k\u00e9perny\u0151 azoknak k\u00e9sz\u00fclt, akik a legjobb vizu\u00e1lis teljes\u00edtm\u00e9nyt \u00e9s rugalmass\u00e1got ig\u00e9nylik, \u00e9s \u00fajradefini\u00e1lja az \u00fatk\u00f6zbeni sz\u00e1m\u00edt\u00e1stechnik\u00e1t. Legyen sz\u00f3 digit\u00e1lis nom\u00e1dr\u00f3l, fot\u00f3sr\u00f3l vagy tervez\u0151r\u0151l, ez a k\u00e9sz\u00fcl\u00e9k a z\u00f6kken\u0151mentes termel\u00e9kenys\u00e9g \u00e9s a mag\u00e1val ragad\u00f3 sz\u00f3rakoz\u00e1s kapuja, b\u00e1rhol is j\u00e1rjon.<\/p>\n\n<p>Mag\u00e1val ragad\u00f3 4K UHD kijelz\u0151: Mobil ablaka a ragyog\u00e1shoz<\/p>\n\n<p>\u00c9lvezze a l\u00e9legzetel\u00e1ll\u00edt\u00f3 tisztas\u00e1got a 15,6 h\u00fcvelykes 4K UHD k\u00e9perny\u0151n. A G+G teljes lamin\u00e1l\u00e1s\u00fa \u00e9rint\u0151k\u00e9perny\u0151vel \u00e9s 16:9 sz\u00e9lesv\u00e1szn\u00fa k\u00e9par\u00e1nnyal b\u00fcszk\u00e9lked\u0151, LED-es h\u00e1tt\u00e9rvil\u00e1g\u00edt\u00e1s\u00fa technol\u00f3gia \u00e9l\u00e9nk sz\u00edneket \u00e9s \u00e9les kontrasztokat biztos\u00edt, hogy a tartalom kiugorjon a k\u00e9perny\u0151r\u0151l. A 3840 x 2160-as felbont\u00e1s \u00e9s a 10 bites sz\u00ednm\u00e9lys\u00e9g p\u00e1ratlan r\u00e9szletess\u00e9get biztos\u00edt, \u00edgy ide\u00e1lis a 4K felbont\u00e1s\u00fa m\u00e9dia megtekint\u00e9s\u00e9hez, f\u00e9nyk\u00e9pek szerkeszt\u00e9s\u00e9hez vagy grafikai tervez\u00e9si projektekbe val\u00f3 belevetk\u0151z\u00e9shez.<\/p>\n\n<p>Eleg\u00e1ns kialak\u00edt\u00e1s, intuit\u00edv \u00e9rint\u0151k\u00e9perny\u0151: K\u00f6nny\u0171 interakci\u00f3ra tervezve<\/p>\n\n<p>A pr\u00e9mium alum\u00ednium\u00f6tv\u00f6zetb\u0151l k\u00e9sz\u00fclt monitor a tart\u00f3ss\u00e1got eleg\u00e1ns profillal \u00f6tv\u00f6zi. A keskeny szeg\u00e9lyek kialak\u00edt\u00e1sa maximaliz\u00e1lja a k\u00e9perny\u0151teret, \u00edgy mag\u00e1val ragad\u00f3 vizu\u00e1lis \u00e9lm\u00e9nyt ny\u00fajt. A 10 pontos, \u00e9rz\u00e9keny, kapacit\u00edv \u00e9rint\u0151k\u00e9perny\u0151vel a men\u00fckben val\u00f3 navig\u00e1l\u00e1s, a f\u00e9nyk\u00e9pek szerkeszt\u00e9se vagy az \u00f6tletek felv\u00e1zol\u00e1sa term\u00e9szetes \u00e9s intuit\u00edv.<\/p>\n\n<p>Fokozott n\u00e9z\u00e9si \u00e9lm\u00e9ny: ragyog\u00f3 minden sz\u00f6gb\u0151l<\/p>\n\n<p>A sz\u00e9les, 85 fokos betekint\u00e9si sz\u00f6ggel rendelkez\u0151, 15,6 h\u00fcvelykes panelen k\u00f6nnyed\u00e9n megoszthatja a k\u00e9perny\u0151t an\u00e9lk\u00fcl, hogy a k\u00e9pmin\u0151s\u00e9get fel\u00e1ldozn\u00e1. A magas, 1500:1 kontrasztar\u00e1ny \u00e9s a 600 cd\/m2 f\u00e9nyer\u0151 m\u00e9ly feket\u00e9ket \u00e9s \u00e9l\u00e9nk sz\u00edneket biztos\u00edt m\u00e9g j\u00f3l megvil\u00e1g\u00edtott k\u00f6rnyezetben is.<\/p>\n\n<p>Z\u00f6kken\u0151mentes csatlakoztathat\u00f3s\u00e1g, fokozott sokoldal\u00fas\u00e1g<\/p>\n\n<p>A HDMI Mini \u00e9s C-t\u00edpus\u00fa portok seg\u00edts\u00e9g\u00e9vel a csatlakoztat\u00e1s k\u00f6nnyed\u00e9n megoldhat\u00f3 a vide\u00f3- \u00e9s energia\u00e1tvitelhez, kompatibilis az okostelefonokkal, laptopokkal \u00e9s j\u00e1t\u00e9kkonzolokkal, p\u00e9ld\u00e1ul a PlayStation 5 \u00e9s az Xbox konzolokkal. A micro-USB port k\u00f6nnyed\u00e9n munka\u00e1llom\u00e1ss\u00e1 alak\u00edtja \u00e1t.<\/p>\n\n<p>Kreativit\u00e1s felszabad\u00edt\u00e1sa precizit\u00e1ssal<\/p>\n\n<p>A kreat\u00edv szakemberek sz\u00e1m\u00e1ra a monitor t\u00e1mogatja a 4096-os nyom\u00e1s\u00fa tollat (k\u00fcl\u00f6n megv\u00e1s\u00e1rolhat\u00f3), amely pontos vez\u00e9rl\u00e9st biztos\u00edt a v\u00e1zlatk\u00e9sz\u00edt\u00e9shez, jegyzetel\u00e9shez vagy a f\u00e9nyk\u00e9pek term\u00e9szetes k\u00f6nnyeds\u00e9ggel t\u00f6rt\u00e9n\u0151 szerkeszt\u00e9s\u00e9hez.<\/p>\n\n<p>Hordozhat\u00f3 er\u0151m\u0171: Munka \u00e9s j\u00e1t\u00e9k korl\u00e1tok n\u00e9lk\u00fcl<\/p>\n\n<p>A be\u00e9p\u00edtett 10000 mAh-s akkumul\u00e1torral 4-5 \u00f3r\u00e1nyi megszak\u00edt\u00e1s n\u00e9lk\u00fcli haszn\u00e1latot \u00e9lvezhet &#8211; t\u00f6k\u00e9letes az \u00fatk\u00f6zbeni munkav\u00e9gz\u00e9shez vagy kedvenc m\u0171sorainak n\u00e9z\u00e9s\u00e9hez. Kompakt \u00e9s k\u00f6nny\u0171, \u00edgy k\u00f6nnyed\u00e9n becs\u00faszik a t\u00e1sk\u00e1j\u00e1ba, \u00edgy mindig k\u00e9zn\u00e9l van a nagy felbont\u00e1s\u00fa termel\u00e9kenys\u00e9g \u00e9s sz\u00f3rakoz\u00e1s.<\/p>\n\n<p>Fokozza a termel\u00e9kenys\u00e9get \u00e9s a sz\u00f3rakoz\u00e1st<\/p>\n\n<p>B\u0151v\u00edtse z\u00f6kken\u0151mentesen a k\u00e9perny\u0151ter\u00fclet\u00e9t a t\u00f6bbfeladatos munkav\u00e9gz\u00e9shez, csatlakoztasson j\u00e1t\u00e9kkonzolokat a mag\u00e1val ragad\u00f3 j\u00e1t\u00e9khoz, vagy \u00e9lvezze a filmeket leny\u0171g\u00f6z\u0151 4K UHD r\u00e9szletess\u00e9ggel &#8211; ez a monitor minden feladatot kiv\u00e9teles \u00e9lm\u00e9nny\u00e9 var\u00e1zsol.<\/p>\n\n<p>Gazdag hangz\u00e1s, megb\u00edzhat\u00f3 kompatibilit\u00e1s<\/p>\n\n<p>A k\u00e9t be\u00e9p\u00edtett hangsz\u00f3r\u00f3 gazdag hangz\u00e1svil\u00e1got biztos\u00edt, fokozva a filmn\u00e9z\u00e9s, j\u00e1t\u00e9k vagy zenehallgat\u00e1s \u00e9lvezet\u00e9t. HDMI \u00e9s Type-C eszk\u00f6z\u00f6k sz\u00e9les sk\u00e1l\u00e1j\u00e1val kompatibilis, \u00edgy k\u00f6nnyed\u00e9n alkalmazkodik az \u00d6n ig\u00e9nyeihez.<\/p>\n\n<p>Szakembereknek tervezve: Ahol a precizit\u00e1s \u00e9s a teljes\u00edtm\u00e9ny tal\u00e1lkozik<\/p>\n\n<p>T\u00f6k\u00e9letes a fot\u00f3sok \u00e9s grafikusok sz\u00e1m\u00e1ra, 4K UHD felbont\u00e1sa \u00e9s pontos sz\u00ednvisszaad\u00e1sa \u00e9leth\u0171 k\u00e9pi megjelen\u00edt\u00e9st biztos\u00edt. A 100%-os sRGB lefedetts\u00e9ggel \u00e9s 10 bites sz\u00ednm\u00e9lys\u00e9ggel m\u00e9g a legig\u00e9nyesebb szakemberek ig\u00e9nyeinek is megfelel.<\/p>\n\n<p>K\u00f6nny\u0171 be\u00e1ll\u00edt\u00e1s, megb\u00edzhat\u00f3 fel\u00e9p\u00edt\u00e9s<\/p>\n\n<p>A plug-and-play egyszer\u0171s\u00e9g\u00e9vel a be\u00e1ll\u00edt\u00e1s m\u00e1sodpercek alatt elv\u00e9gezhet\u0151 &#8211; nincs sz\u00fcks\u00e9g bonyolult telep\u00edt\u00e9sre. Az intuit\u00edv kezel\u0151szervek seg\u00edts\u00e9g\u00e9vel k\u00f6nnyed\u00e9n testre szabhatja az olyan be\u00e1ll\u00edt\u00e1sokat, mint a f\u00e9nyer\u0151 \u00e9s a kontraszt, \u00edgy biztos\u00edtva optim\u00e1lis k\u00e9nyelmet a hosszabb haszn\u00e1lat sor\u00e1n.<\/p>\n\n<p>Tart\u00f3s, st\u00edlusos \u00e9s j\u00f6v\u0151re k\u00e9sz<\/p>\n\n<p>A karcs\u00fa alum\u00ednium\u00f6tv\u00f6zetb\u0151l k\u00e9sz\u00fclt h\u00e1zzal strapab\u00edr\u00f3 v\u00e9delmet ny\u00fajt a mindennapi haszn\u00e1lathoz \u00e9s az utaz\u00e1shoz. Keskeny szeg\u00e9lyes kialak\u00edt\u00e1sa \u00f6tv\u00f6zi az eszt\u00e9tik\u00e1t a funkcionalit\u00e1ssal, maximaliz\u00e1lva a n\u00e9z\u00e9si \u00e9lm\u00e9nyt zavar\u00f3 t\u00e9nyez\u0151k n\u00e9lk\u00fcl.<\/p>\n\n<p>K\u00f6vetkeztet\u00e9s: \u00dajradefini\u00e1lja a mobil n\u00e9zeget\u00e9st a 15,6&#8243; 4K hordozhat\u00f3 monitorral<\/p>\n\n<p>Tapasztald meg a mobil kijelz\u0151k j\u00f6v\u0151j\u00e9t a 15,6&#8243; 4K hordozhat\u00f3 monitorral &#8211; a tisztas\u00e1g, a sokoldal\u00fas\u00e1g \u00e9s a hordozhat\u00f3s\u00e1g remekm\u0171v\u00e9vel. Ak\u00e1r alkot, ak\u00e1r j\u00e1tszik, ak\u00e1r sz\u00f3rakozik, p\u00e1ratlan teljes\u00edtm\u00e9nyt ny\u00fajt, b\u00e1rhov\u00e1 is viszi az \u00e9let.<\/p>\n\n<p>El\u0151ny\u00f6k:<\/p>\n\n<ul class=\"wp-block-list\">\n<li>Leny\u0171g\u00f6z\u0151 4K UHD kijelz\u0151<\/li>\n\n\n\n<li>Intuit\u00edv \u00e9rint\u0151k\u00e9perny\u0151s k\u00e9pess\u00e9g<\/li>\n\n\n\n<li>Sokoldal\u00fa csatlakoz\u00e1si lehet\u0151s\u00e9gek<\/li>\n\n\n\n<li>K\u00f6nny\u0171 \u00e9s hordozhat\u00f3 kialak\u00edt\u00e1s<\/li>\n\n\n\n<li>Tart\u00f3s \u00e9s st\u00edlusos fel\u00e9p\u00edt\u00e9s<\/li>\n<\/ul>\n\n<p>H\u00e1tr\u00e1nyok:<\/p>\n\n<ul class=\"wp-block-list\">\n<li>Stylus toll k\u00fcl\u00f6n megv\u00e1s\u00e1rolhat\u00f3<\/li>\n\n\n\n<li>Korl\u00e1tozott akkumul\u00e1tor-\u00e9lettartam a hosszabb haszn\u00e1lathoz<\/li>\n\n\n\n<li>A be\u00e9p\u00edtett hangsz\u00f3r\u00f3k nem felt\u00e9tlen\u00fcl felelnek meg az audiofil szabv\u00e1nyoknak<\/li>\n<\/ul>\n\n\r\n<div class=\"wp-block-jetpack-tiled-gallery aligncenter is-style-rectangular\">\r\n<div class=\"tiled-gallery__gallery\">\r\n<div class=\"tiled-gallery__row\">\r\n<div class=\"tiled-gallery__col\" style=\"flex-basis: 55.49556%;\">\r\n<figure class=\"tiled-gallery__item\"><img decoding=\"async\" src=\"https:\/\/i2.wp.com\/droix.net\/wp-content\/uploads\/2023\/04\/S23B_5-MONITOR-MARKETING-IMAGE-DONE-2.jpg?ssl=1\" alt=\"\" data-height=\"1000\" data-id=\"157015\" data-link=\"https:\/\/droix.net\/?attachment_id=157015\" data-url=\"https:\/\/droix.net\/wp-content\/uploads\/2023\/04\/S23B_5-MONITOR-MARKETING-IMAGE-DONE-2.jpg\" data-width=\"1000\" data-amp-layout=\"responsive\"><\/figure>\r\n<\/div>\r\n<div class=\"tiled-gallery__col\" style=\"flex-basis: 44.50444%;\">\r\n<figure class=\"tiled-gallery__item\"><img decoding=\"async\" src=\"https:\/\/i0.wp.com\/droix.net\/wp-content\/uploads\/2023\/04\/S23B_5-MONITOR-MARKETING-IMAGE-DONE-1.jpg?ssl=1\" alt=\"\" data-height=\"619\" data-id=\"157010\" data-link=\"https:\/\/droix.net\/?attachment_id=157010\" data-url=\"https:\/\/droix.net\/wp-content\/uploads\/2023\/04\/S23B_5-MONITOR-MARKETING-IMAGE-DONE-1.jpg\" data-width=\"1000\" data-amp-layout=\"responsive\"><\/figure>\r\n<figure class=\"tiled-gallery__item\"><img decoding=\"async\" src=\"https:\/\/i2.wp.com\/droix.net\/wp-content\/uploads\/2023\/04\/S23B_5-MONITOR-MARKETING-IMAGE-DONE-3.jpg?ssl=1\" alt=\"\" data-height=\"619\" data-id=\"157020\" data-link=\"https:\/\/droix.net\/?attachment_id=157020\" data-url=\"https:\/\/droix.net\/wp-content\/uploads\/2023\/04\/S23B_5-MONITOR-MARKETING-IMAGE-DONE-3.jpg\" data-width=\"1000\" data-amp-layout=\"responsive\"><\/figure>\r\n<\/div>\r\n<\/div>\r\n<div class=\"tiled-gallery__row\">\r\n<div class=\"tiled-gallery__col\" style=\"flex-basis: 37.61498%;\">\r\n<figure class=\"tiled-gallery__item\"><img decoding=\"async\" src=\"https:\/\/i2.wp.com\/droix.net\/wp-content\/uploads\/2023\/04\/S23B_5-MONITOR-MARKETING-IMAGE-DONE-4.jpg?ssl=1\" alt=\"\" data-height=\"1000\" data-id=\"157025\" data-link=\"https:\/\/droix.net\/?attachment_id=157025\" data-url=\"https:\/\/droix.net\/wp-content\/uploads\/2023\/04\/S23B_5-MONITOR-MARKETING-IMAGE-DONE-4.jpg\" data-width=\"1000\" data-amp-layout=\"responsive\"><\/figure>\r\n<figure class=\"tiled-gallery__item\"><img decoding=\"async\" src=\"https:\/\/i0.wp.com\/droix.net\/wp-content\/uploads\/2023\/04\/S23B_5-MONITOR-MARKETING-IMAGE-DONE-5.jpg?ssl=1\" alt=\"\" data-height=\"619\" data-id=\"157030\" data-link=\"https:\/\/droix.net\/?attachment_id=157030\" data-url=\"https:\/\/droix.net\/wp-content\/uploads\/2023\/04\/S23B_5-MONITOR-MARKETING-IMAGE-DONE-5.jpg\" data-width=\"1000\" data-amp-layout=\"responsive\"><\/figure>\r\n<\/div>\r\n<div class=\"tiled-gallery__col\" style=\"flex-basis: 62.38502%;\">\r\n<figure class=\"tiled-gallery__item\"><img decoding=\"async\" src=\"https:\/\/i0.wp.com\/droix.net\/wp-content\/uploads\/2023\/04\/S23B_5-MONITOR-MARKETING-IMAGE-DONE-6.jpg?ssl=1\" alt=\"\" data-height=\"981\" data-id=\"157035\" data-link=\"https:\/\/droix.net\/?attachment_id=157035\" data-url=\"https:\/\/droix.net\/wp-content\/uploads\/2023\/04\/S23B_5-MONITOR-MARKETING-IMAGE-DONE-6.jpg\" data-width=\"1000\" data-amp-layout=\"responsive\"><\/figure>\r\n<\/div>\r\n<\/div>\r\n<div class=\"tiled-gallery__row\">\r\n<div class=\"tiled-gallery__col\" style=\"flex-basis: 33.33333%;\">\r\n<figure class=\"tiled-gallery__item\"><img decoding=\"async\" src=\"https:\/\/i1.wp.com\/droix.net\/wp-content\/uploads\/2023\/04\/S23B_5-MONITOR-MARKETING-IMAGE-DONE-7.jpg?ssl=1\" alt=\"\" data-height=\"1000\" data-id=\"157040\" data-link=\"https:\/\/droix.net\/?attachment_id=157040\" data-url=\"https:\/\/droix.net\/wp-content\/uploads\/2023\/04\/S23B_5-MONITOR-MARKETING-IMAGE-DONE-7.jpg\" data-width=\"1000\" data-amp-layout=\"responsive\"><\/figure>\r\n<\/div>\r\n<div class=\"tiled-gallery__col\" style=\"flex-basis: 33.33333%;\">\r\n<figure class=\"tiled-gallery__item\"><img decoding=\"async\" src=\"https:\/\/i1.wp.com\/droix.net\/wp-content\/uploads\/2023\/04\/S23B_5-MONITOR-MARKETING-IMAGE-DONE-8.jpg?ssl=1\" alt=\"\" data-height=\"1000\" data-id=\"157045\" data-link=\"https:\/\/droix.net\/?attachment_id=157045\" data-url=\"https:\/\/droix.net\/wp-content\/uploads\/2023\/04\/S23B_5-MONITOR-MARKETING-IMAGE-DONE-8.jpg\" data-width=\"1000\" data-amp-layout=\"responsive\"><\/figure>\r\n<\/div>\r\n<div class=\"tiled-gallery__col\" style=\"flex-basis: 33.33333%;\">\r\n<figure class=\"tiled-gallery__item\"><img decoding=\"async\" src=\"https:\/\/i1.wp.com\/droix.net\/wp-content\/uploads\/2023\/04\/S23B_5-MONITOR-MARKETING-IMAGE-DONE-9.jpg?ssl=1\" alt=\"\" data-height=\"1000\" data-id=\"157050\" data-link=\"https:\/\/droix.net\/?attachment_id=157050\" data-url=\"https:\/\/droix.net\/wp-content\/uploads\/2023\/04\/S23B_5-MONITOR-MARKETING-IMAGE-DONE-9.jpg\" data-width=\"1000\" data-amp-layout=\"responsive\"><\/figure>\r\n<\/div>\r\n<\/div>\r\n<div class=\"tiled-gallery__row\">\r\n<div class=\"tiled-gallery__col\" style=\"flex-basis: 50.00000%;\">\r\n<figure class=\"tiled-gallery__item\"><img decoding=\"async\" src=\"https:\/\/i0.wp.com\/droix.net\/wp-content\/uploads\/2023\/04\/S23B_5-MONITOR-MARKETING-IMAGE-DONE-10.jpg?ssl=1\" alt=\"\" data-height=\"1000\" data-id=\"157055\" data-link=\"https:\/\/droix.net\/?attachment_id=157055\" data-url=\"https:\/\/droix.net\/wp-content\/uploads\/2023\/04\/S23B_5-MONITOR-MARKETING-IMAGE-DONE-10.jpg\" data-width=\"1000\" data-amp-layout=\"responsive\"><\/figure>\r\n<\/div>\r\n<div class=\"tiled-gallery__col\" style=\"flex-basis: 50.00000%;\">\r\n<figure class=\"tiled-gallery__item\"><img decoding=\"async\" src=\"https:\/\/i0.wp.com\/droix.net\/wp-content\/uploads\/2023\/04\/S23B_5-MONITOR-MARKETING-IMAGE-DONE-11.jpg?ssl=1\" alt=\"\" data-height=\"1000\" data-id=\"157060\" data-link=\"https:\/\/droix.net\/?attachment_id=157060\" data-url=\"https:\/\/droix.net\/wp-content\/uploads\/2023\/04\/S23B_5-MONITOR-MARKETING-IMAGE-DONE-11.jpg\" data-width=\"1000\" data-amp-layout=\"responsive\"><\/figure>\r\n<\/div>\r\n<\/div>\r\n<div class=\"tiled-gallery__row\">\r\n<div class=\"tiled-gallery__col\" style=\"flex-basis: 29.89199%;\">\r\n<figure class=\"tiled-gallery__item\"><img decoding=\"async\" src=\"https:\/\/i2.wp.com\/droix.net\/wp-content\/uploads\/2023\/04\/S23B_5-MONITOR-MARKETING-IMAGE-DONE-12.jpg?ssl=1\" alt=\"\" data-height=\"619\" data-id=\"157065\" data-link=\"https:\/\/droix.net\/?attachment_id=157065\" data-url=\"https:\/\/droix.net\/wp-content\/uploads\/2023\/04\/S23B_5-MONITOR-MARKETING-IMAGE-DONE-12.jpg\" data-width=\"1000\" data-amp-layout=\"responsive\"><\/figure>\r\n<figure class=\"tiled-gallery__item\"><img decoding=\"async\" src=\"https:\/\/i1.wp.com\/droix.net\/wp-content\/uploads\/2023\/04\/S23B_5-MONITOR-MARKETING-IMAGE-DONE-13.jpg?ssl=1\" alt=\"\" data-height=\"1000\" data-id=\"157070\" data-link=\"https:\/\/droix.net\/?attachment_id=157070\" data-url=\"https:\/\/droix.net\/wp-content\/uploads\/2023\/04\/S23B_5-MONITOR-MARKETING-IMAGE-DONE-13.jpg\" data-width=\"1000\" data-amp-layout=\"responsive\"><\/figure>\r\n<figure class=\"tiled-gallery__item\"><img decoding=\"async\" src=\"https:\/\/i2.wp.com\/droix.net\/wp-content\/uploads\/2023\/04\/S23B_5-MONITOR-MARKETING-IMAGE-DONE-14.jpg?ssl=1\" alt=\"\" data-height=\"822\" data-id=\"157075\" data-link=\"https:\/\/droix.net\/?attachment_id=157075\" data-url=\"https:\/\/droix.net\/wp-content\/uploads\/2023\/04\/S23B_5-MONITOR-MARKETING-IMAGE-DONE-14.jpg\" data-width=\"1000\" data-amp-layout=\"responsive\"><\/figure>\r\n<\/div>\r\n<div class=\"tiled-gallery__col\" style=\"flex-basis: 70.10801%;\">\r\n<figure class=\"tiled-gallery__item\"><img decoding=\"async\" src=\"https:\/\/i1.wp.com\/droix.net\/wp-content\/uploads\/2023\/04\/S23B_5-MONITOR-MARKETING-IMAGE-DONE-15-977x1024.jpg?ssl=1\" alt=\"\" data-height=\"1048\" data-id=\"157080\" data-link=\"https:\/\/droix.net\/?attachment_id=157080\" data-url=\"https:\/\/droix.net\/wp-content\/uploads\/2023\/04\/S23B_5-MONITOR-MARKETING-IMAGE-DONE-15-977x1024.jpg\" data-width=\"1000\" data-amp-layout=\"responsive\"><\/figure>\r\n<\/div>\r\n<\/div>\r\n<div class=\"tiled-gallery__row\">\r\n<div class=\"tiled-gallery__col\" style=\"flex-basis: 54.96322%;\">\r\n<figure class=\"tiled-gallery__item\"><img decoding=\"async\" src=\"https:\/\/i0.wp.com\/droix.net\/wp-content\/uploads\/2023\/04\/S23B_5-MONITOR-MARKETING-IMAGE-DONE-16.jpg?ssl=1\" alt=\"\" data-height=\"787\" data-id=\"157085\" data-link=\"https:\/\/droix.net\/?attachment_id=157085\" data-url=\"https:\/\/droix.net\/wp-content\/uploads\/2023\/04\/S23B_5-MONITOR-MARKETING-IMAGE-DONE-16.jpg\" data-width=\"1000\" data-amp-layout=\"responsive\"><\/figure>\r\n<\/div>\r\n<div class=\"tiled-gallery__col\" style=\"flex-basis: 45.03678%;\">\r\n<figure class=\"tiled-gallery__item\"><img decoding=\"async\" src=\"https:\/\/i1.wp.com\/droix.net\/wp-content\/uploads\/2023\/04\/S23B_5-MONITOR-MARKETING-IMAGE-DONE-17.jpg?ssl=1\" alt=\"\" data-height=\"961\" data-id=\"157090\" data-link=\"https:\/\/droix.net\/?attachment_id=157090\" data-url=\"https:\/\/droix.net\/wp-content\/uploads\/2023\/04\/S23B_5-MONITOR-MARKETING-IMAGE-DONE-17.jpg\" data-width=\"1000\" data-amp-layout=\"responsive\"><\/figure>\r\n<\/div>\r\n<\/div>\r\n<\/div>\r\n<\/div>\r\n","protected":false},"excerpt":{"rendered":"<ul>\n<li>\u00c9rint\u0151k\u00e9perny\u0151 Kompatibilis a <strong>MacOS-szel<\/strong><\/li>\n<li>\u00c9rint\u0151k\u00e9perny\u0151s k\u00e9pess\u00e9g <strong>Tartalmazott toll<\/strong><\/li>\n<li>\u00d6sszecsukhat\u00f3 tok monitor\u00e1llv\u00e1nyk\u00e9nt<\/li>\n<li>Hordozhat\u00f3 \u00e9s k\u00f6nny\u0171<\/li>\n<li><strong>USB t\u00e1pell\u00e1t\u00e1s<\/strong>, t\u00e1mogatja a mini-HDMI, USB Type-C szabv\u00e1nyt<\/li>\n<\/ul>\n[cg_accordion title=\"FIZET\u00c9SI INFORM\u00c1CI\u00d3K\"]<\/p>\n<p>A leg\u00fajabb technol\u00f3gi\u00e1t haszn\u00e1ljuk a fizet\u00e9s feldolgoz\u00e1s\u00e1ban, amely lehet\u0151v\u00e9 teszi, hogy az Apple Pay, a Google Pay, a bankk\u00e1rtya\/hitelk\u00e1rtya, a PayPal vagy a BNPL m\u00f3dszerek, mint p\u00e9ld\u00e1ul a Klarna, az Affirm vagy az AfterPay seg\u00edts\u00e9g\u00e9vel fizessen ki gyorsan \u00e9s biztons\u00e1gosan.[\/cg_accordion]\n[cg_accordion title=\"GARANCIA\"]<\/p>\n<p>2 \u00e9v garancia a <a href=\"https:\/\/droix.net\/\" target=\"_blank\" rel=\"nofollow noopener\">DROIX Global- t\u00f3l az \u00d6n nyugalma \u00e9rdek\u00e9ben<\/a> [\/cg_accordion]\n[cg_accordion title=\"\u00c1RK\u00c9PZ\u00c9S, AD\u00d3K \u00c9S SZ\u00c1LL\u00cdT\u00c1S\"]<\/p>\n<p><strong><u>Megjegyz\u00e9s:<\/u><\/strong><\/p>\n<ul>\n<li>Egyes\u00fclt \u00c1llamok \u00dcgyfelek: A felt\u00fcntetett \u00e1r NEM tartalmazza az ad\u00f3t \u00e9s a v\u00e1mokat. A v\u00e1mkezel\u00e9s \u00e9s a kapcsol\u00f3d\u00f3 ad\u00f3k\/v\u00e1mok megfizet\u00e9se az \u00fcgyfelet terheli. <\/li>\n<li>EU-s \u00fcgyfelek: A felt\u00fcntetett \u00e1r tartalmazza az alkalmazand\u00f3 ad\u00f3t, amely az \u00d6n orsz\u00e1g\u00e1t\u00f3l f\u00fcgg\u0151en ak\u00e1r 25% is lehet.<\/li>\n<li>Kanadai \u00fcgyfelek: A felt\u00fcntetett \u00e1r tartalmazza az alkalmazand\u00f3 ad\u00f3kat, amelyek az \u00d6n tartom\u00e1ny\u00e1t\u00f3l f\u00fcgg\u0151en tartalmazhatj\u00e1k az 5%-os GST-t \u00e9s tov\u00e1bbi tartom\u00e1nyi forgalmi ad\u00f3kat (PST), harmoniz\u00e1lt forgalmi ad\u00f3t (HST) vagy qu\u00e9beci forgalmi ad\u00f3t (QST).<\/li>\n<\/ul>\n<p><strong>CSAK EU-s \u00fcgyfelek sz\u00e1m\u00e1ra:<\/strong> Express DDP (Delivered Duty Paid). Ez azt jelenti: <\/p>\n<ul>\n<li>A term\u00e9koldalon felt\u00fcntetett \u00e1r tartalmazza az \u00f6sszes v\u00e1mot \u00e9s ad\u00f3t.<\/li>\n<li>A k\u00e9zbes\u00edt\u00e9skor nem kell tov\u00e1bbi d\u00edjakat fizetnie.<\/li>\n<li>Abban a ritka esetben, ha a v\u00e1mkezel\u00e9ssel kapcsolatos probl\u00e9m\u00e1k mer\u00fclnek fel, csapatunk az \u00d6n nev\u00e9ben elv\u00e9gzi a v\u00e1mkezel\u00e9si folyamatot, hogy biztos\u00edtsa a z\u00f6kken\u0151mentes sz\u00e1ll\u00edt\u00e1st.<\/li>\n<p>Fontos inform\u00e1ci\u00f3k a visszak\u00fcld\u00e9sr\u0151l:<\/p>\n<li>Ha \u00fagy d\u00f6nt, hogy visszak\u00fcldi megrendel\u00e9s\u00e9t vagy visszat\u00e9r\u00edt\u00e9st k\u00e9r, k\u00e9rj\u00fck, vegye figyelembe, hogy az \u00d6n nev\u00e9ben a DDP felt\u00e9telei szerint kifizetett ad\u00f3k \u00e9s v\u00e1mok nem t\u00e9r\u00edthet\u0151k vissza.<\/li>\n<p>R\u00e9szletes <a href=\"https:\/\/gpdstore.net\/hu\/terms-of-service\/\" target=\"_blank\" rel=\"nofollow noopener\">inform\u00e1ci\u00f3k\u00e9rt k\u00e9rj\u00fck, olvassa el a Felhaszn\u00e1l\u00e1si Felt\u00e9teleinket<\/a>.\n<\/ul>\n<p>[\/cg_accordion]\n[cg_accordion title=\"\u00dcGYF\u00c9LSZOLG\u00c1LAT\"]<\/p>\n<p>K\u00e9rd\u00e9se van? Egy r\u00f6vid sz\u00f6veges \u00fczenetben m\u00e1ris megoldjuk a probl\u00e9m\u00e1j\u00e1t!<br \/>\n[\/cg_accordion]\n[cg_accordion title=\"MIT TARTALMAZ\"]<\/p>\n<ul>\n<li>1x h\u00e1l\u00f3zati csatlakoz\u00f3 (EU\/USA)<\/li>\n<li>1x Stylus<\/li>\n<li>1x felhaszn\u00e1l\u00f3i k\u00e9zik\u00f6nyv<\/li>\n<\/ul>\n<p>[\/cg_accordion]\n","protected":false},"featured_media":333384,"template":"","meta":{"_acf_changed":false},"product_brand":[],"product_cat":[5491],"product_tag":[5530,5493],"woo-feed-brand":[5494],"class_list":{"0":"post-333195","1":"product","2":"type-product","3":"status-publish","4":"has-post-thumbnail","6":"product_cat-hordozhato-monitorok","7":"product_tag-30gpdsale-hu","8":"product_tag-droix-portable-monitor-hu","9":"product_shipping_class-standard","10":"pa_brand-droix","11":"woo-feed-brand-droix-hu","13":"first","14":"outofstock","15":"sale","16":"taxable","17":"shipping-taxable","18":"purchasable","19":"product-type-variable","20":"has-default-attributes"},"acf":[],"aioseo_notices":[],"_links":{"self":[{"href":"https:\/\/gpdstore.net\/hu\/wp-json\/wp\/v2\/product\/333195","targetHints":{"allow":["GET"]}}],"collection":[{"href":"https:\/\/gpdstore.net\/hu\/wp-json\/wp\/v2\/product"}],"about":[{"href":"https:\/\/gpdstore.net\/hu\/wp-json\/wp\/v2\/types\/product"}],"wp:featuredmedia":[{"embeddable":true,"href":"https:\/\/gpdstore.net\/hu\/wp-json\/wp\/v2\/media\/333384"}],"wp:attachment":[{"href":"https:\/\/gpdstore.net\/hu\/wp-json\/wp\/v2\/media?parent=333195"}],"wp:term":[{"taxonomy":"product_brand","embeddable":true,"href":"https:\/\/gpdstore.net\/hu\/wp-json\/wp\/v2\/product_brand?post=333195"},{"taxonomy":"product_cat","embeddable":true,"href":"https:\/\/gpdstore.net\/hu\/wp-json\/wp\/v2\/product_cat?post=333195"},{"taxonomy":"product_tag","embeddable":true,"href":"https:\/\/gpdstore.net\/hu\/wp-json\/wp\/v2\/product_tag?post=333195"},{"taxonomy":"woo-feed-brand","embeddable":true,"href":"https:\/\/gpdstore.net\/hu\/wp-json\/wp\/v2\/woo-feed-brand?post=333195"}],"curies":[{"name":"wp","href":"https:\/\/api.w.org\/{rel}","templated":true}]}}