{"id":309113,"date":"2024-05-17T08:45:56","date_gmt":"2024-05-17T08:45:56","guid":{"rendered":"https:\/\/gpdstore.net\/nem-kategorizalt\/gpd-win-3-jatek-kezi-szamitogep\/"},"modified":"2025-12-23T10:18:59","modified_gmt":"2025-12-23T10:18:59","slug":"gpd-win-3","status":"publish","type":"product","link":"https:\/\/gpdstore.net\/hu\/product\/gpd-win-3\/","title":{"rendered":"GPD WIN 3 J\u00e1t\u00e9kos k\u00e9zi PC"},"content":{"rendered":"\n<h3 class=\"wp-block-heading\"><br\/>Bemutatjuk a GPD WIN 3: A k\u00e9zi j\u00e1t\u00e9k PC-k \u00fajradefini\u00e1l\u00e1sa<\/h3>\n\n<p>\u00dcdv\u00f6z\u00f6lj\u00fck a k\u00e9zisz\u00e1m\u00edt\u00f3g\u00e9pes j\u00e1t\u00e9kok \u00e9lvonal\u00e1ban a GPD WIN 3-mal. Ez a k\u00e9sz\u00fcl\u00e9k jelent\u0151s el\u0151rel\u00e9p\u00e9st jelent a hordozhat\u00f3 j\u00e1t\u00e9ktechnol\u00f3gi\u00e1ban, p\u00e1ratlan teljes\u00edtm\u00e9nyt, innovat\u00edv kialak\u00edt\u00e1st \u00e9s t\u00f6k\u00e9letes mobilit\u00e1st biztos\u00edt. A GPD WIN 3 a kiv\u00e1l\u00f3s\u00e1got ig\u00e9nyl\u0151 j\u00e1t\u00e9kosok sz\u00e1m\u00e1ra k\u00e9sz\u00fclt, a GPD WIN 3 egyes\u00edti egy asztali j\u00e1t\u00e9k PC teljes\u00edtm\u00e9ny\u00e9t egy k\u00e9zi eszk\u00f6z k\u00e9nyelm\u00e9vel. Ak\u00e1r otthon, ak\u00e1r utaz\u00e1s k\u00f6zben, ak\u00e1r \u00fatk\u00f6zben, a GPD WIN 3 seg\u00edts\u00e9g\u00e9vel kedvenc j\u00e1t\u00e9kaid mindig k\u00e9zn\u00e9l vannak, csak egy felcs\u00fasztathat\u00f3 billenty\u0171zetre van sz\u00fcks\u00e9ged. Tapasztald meg a k\u00e9nyelem \u00e9s a nagy teljes\u00edtm\u00e9ny \u00f6tv\u00f6zet\u00e9t, \u00e9s fedezd fel a j\u00e1t\u00e9k \u00faj korszak\u00e1t a GPD WIN 3-mal.<\/p>\n\n<h3 class=\"wp-block-heading\">Term\u00e9k \u00e1ttekint\u00e9se: A hordozhat\u00f3 j\u00e1t\u00e9kok cs\u00facsa<\/h3>\n\n<p>A GPD WIN 3 a k\u00e9zi j\u00e1t\u00e9ktechnol\u00f3gia leg\u00fajabb v\u00edvm\u00e1nyait mutatja be. A mind\u00f6ssze 560 g s\u00faly\u00fa \u00e9s 198 mm x 92 mm x 27 mm m\u00e9ret\u0171 j\u00e1t\u00e9k PC-t \u00fagy tervezt\u00e9k, hogy k\u00e9nyelmesen elf\u00e9rjen a kezedben vagy a t\u00e1sk\u00e1dban. Eleg\u00e1ns, felcs\u00fasztathat\u00f3 billenty\u0171zete v\u00e9gtelen j\u00e1t\u00e9klehet\u0151s\u00e9get t\u00e1r fel, \u00edgy t\u00f6k\u00e9letes v\u00e1laszt\u00e1s az \u00fatk\u00f6zbeni vagy otthoni j\u00e1t\u00e9khoz.<\/p>\n\n<p>Az Intel Core i7-1195G7 processzorral m\u0171k\u00f6d\u0151 GPD WIN 3 kiv\u00e9teles j\u00e1t\u00e9k\u00e9lm\u00e9nyt ny\u00fajt. Kompakt kialak\u00edt\u00e1s\u00e1nak k\u00f6sz\u00f6nhet\u0151en nem csak j\u00e1t\u00e9kg\u00e9p, hanem sokoldal\u00fa eszk\u00f6z is a k\u00fcl\u00f6nb\u00f6z\u0151 k\u00f6rnyezetekben, legyen sz\u00f3 ak\u00e1r utaz\u00e1sr\u00f3l, ak\u00e1r otthoni pihen\u00e9sr\u0151l.<\/p>\n\n<h3 class=\"wp-block-heading\">R\u00e9szletes jellemz\u0151k: Performance Unleashed<\/h3>\n\n<p><strong>Teljes\u00edtm\u00e9ny:<\/strong> A GPD WIN 3 Intel Core i7-1195G7 processzorral \u00e9s Intel Iris Xe grafik\u00e1val van felszerelve, ami \u00faj m\u00e9rc\u00e9t \u00e1ll\u00edt fel a k\u00e9zisz\u00e1m\u00edt\u00f3g\u00e9pek j\u00e1t\u00e9kteljes\u00edtm\u00e9nye ter\u00e9n. Ez a CPU 4 magj\u00e1val \u00e9s 8 sz\u00e1l\u00e1val, amelyek Turbo Boosttal ak\u00e1r 5,00 GHz-ig is eljutnak, kiemelked\u0151 teljes\u00edtm\u00e9nyt biztos\u00edt. A 96 v\u00e9grehajt\u00f3 egys\u00e9ggel rendelkez\u0151 integr\u00e1lt GPU er\u0151s grafikus k\u00e9pess\u00e9geket biztos\u00edt, \u00e9s t\u00e1mogatja a 4K felbont\u00e1st 60 Hz-en.  <\/p>\n\n<p><strong>Mem\u00f3ria \u00e9s t\u00e1rol\u00e1s:<\/strong> A GPD WIN 3 16 GB LPDDR4x-4266 RAM mem\u00f3ri\u00e1val rendelkezik, \u00edgy gyors j\u00e1t\u00e9kbet\u00f6lt\u00e9st \u00e9s z\u00f6kken\u0151mentes t\u00f6bbfeladat\u00fa munkav\u00e9gz\u00e9st biztos\u00edt. Az 1 TB-os NVMe SSD b\u0151s\u00e9ges helyet k\u00edn\u00e1l a kiterjedt j\u00e1t\u00e9kk\u00f6nyvt\u00e1rnak \u00e9s a gyors bet\u00f6lt\u00e9si id\u0151knek, \u00edgy kedvenc j\u00e1t\u00e9kai \u00e9s alkalmaz\u00e1sai mindig k\u00e9szenl\u00e9tben \u00e1llnak. <\/p>\n\n<h3 class=\"wp-block-heading\">Felhaszn\u00e1l\u00f3i \u00e9lm\u00e9ny: J\u00e1t\u00e9kosokra szabva<\/h3>\n\n<p>A GPD WIN 3 Windows oper\u00e1ci\u00f3s rendszert futtat\u00f3 GPD WIN 3 az alkalmaz\u00e1sok sz\u00e9les sk\u00e1l\u00e1j\u00e1t t\u00e1mogatja, a leg\u00fajabb AAA j\u00e1t\u00e9kokt\u00f3l kezdve a klasszikus c\u00edmeken \u00e1t a mindennapi alkalmaz\u00e1sokig. Az 5,5 h\u00fcvelykes H-IPS \u00e9rint\u0151k\u00e9perny\u0151 \u00e9les, 1280 \u00d7 720 felbont\u00e1s\u00fa \u00e9s 268 PPI felbont\u00e1s\u00fa kijelz\u0151je minden r\u00e9szletet \u00e9letre kelt. A Wi-Fi 6, a Bluetooth 5.0 \u00e9s a t\u00f6bb USB-csatlakoz\u00f3 biztos\u00edtja, hogy b\u00e1rhol kapcsolatban maradj a j\u00e1t\u00e9kaiddal \u00e9s perif\u00e9ri\u00e1iddal.<\/p>\n\n<h3 class=\"wp-block-heading\">K\u00f6vetkeztet\u00e9s: A j\u00e1t\u00e9k j\u00f6v\u0151je az \u00d6n kez\u00e9ben van<\/h3>\n\n<p>A GPD WIN 3 t\u00f6bb, mint egy hordozhat\u00f3 j\u00e1t\u00e9keszk\u00f6z; ez egy l\u00e1tom\u00e1sos ugr\u00e1s a j\u00e1t\u00e9k j\u00f6v\u0151j\u00e9be. A nagy teljes\u00edtm\u00e9ny\u0171 hardver \u00e9s a hordozhat\u00f3, innovat\u00edv diz\u00e1jn \u00f6tv\u00f6z\u00e9se r\u00e9v\u00e9n t\u00f6k\u00e9letes j\u00e1t\u00e9k\u00e9lm\u00e9nyt ny\u00fajt a mozg\u00e1sban l\u00e9v\u0151k sz\u00e1m\u00e1ra. Ez az eszk\u00f6z nem csup\u00e1n egy l\u00e9p\u00e9s el\u0151re; ez egy \u00e1talak\u00edt\u00f3 ugr\u00e1s a j\u00e1t\u00e9k j\u00f6v\u0151j\u00e9be.<\/p>\n","protected":false},"excerpt":{"rendered":"<ul>\n<li>Intel\u00ae<b> Core\u2122 i5-1135G7\/ i7-1165G7\/ i7-1195G7<\/b> w\/ <b>Intel Iris Xe grafikus process<\/b>zorok<\/li>\n<li><strong>16 GB k\u00e9tcsatorn\u00e1s<\/strong> LPDDR4x @ 4266Mhz<\/li>\n<li><strong>1TB<\/strong> nagy sebess\u00e9g\u0171 PCI-E <strong>NVMe<\/strong> <strong> SSD<\/strong><\/li>\n<li><strong>Thunderbolt 4 port<\/strong><\/li>\n<li><strong>WiFi 6<\/strong> \u00e9s <strong>Bluetooth 5.1<\/strong> t\u00e1mogat\u00e1s<\/li>\n<li>AAA <strong>j\u00e1t\u00e9k k\u00e9zi sz\u00e1m\u00edt\u00f3g\u00e9p<\/strong><\/li>\n<\/ul>\n[cg_accordion title=\"FIZET\u00c9SI INFORM\u00c1CI\u00d3K\"]<\/p>\n<p>A leg\u00fajabb technol\u00f3gi\u00e1t haszn\u00e1ljuk a fizet\u00e9s feldolgoz\u00e1s\u00e1ban, amely lehet\u0151v\u00e9 teszi, hogy az Apple Pay, a Google Pay, a bankk\u00e1rtya\/hitelk\u00e1rtya, a PayPal vagy a BNPL m\u00f3dszerek, mint p\u00e9ld\u00e1ul a Klarna, az Affirm vagy az AfterPay seg\u00edts\u00e9g\u00e9vel fizessen ki gyorsan \u00e9s biztons\u00e1gosan.[\/cg_accordion]\n[cg_accordion title=\"GARANCIA\"]<\/p>\n<p>2 \u00e9v garancia a <a href=\"https:\/\/droix.net\/\" target=\"_blank\" rel=\"nofollow noopener\">DROIX Global- t\u00f3l az \u00d6n nyugalma \u00e9rdek\u00e9ben<\/a> [\/cg_accordion]\n[cg_accordion title=\"\u00c1RK\u00c9PZ\u00c9S, AD\u00d3K \u00c9S SZ\u00c1LL\u00cdT\u00c1S\"]<\/p>\n<p><strong><u>Megjegyz\u00e9s:<\/u><\/strong><\/p>\n<ul>\n<li>Egyes\u00fclt \u00c1llamok \u00dcgyfelek: A felt\u00fcntetett \u00e1r NEM tartalmazza az ad\u00f3t \u00e9s a v\u00e1mokat. A v\u00e1mkezel\u00e9s \u00e9s a kapcsol\u00f3d\u00f3 ad\u00f3k\/v\u00e1mok megfizet\u00e9se az \u00fcgyfelet terheli. <\/li>\n<li>EU-s \u00fcgyfelek: A felt\u00fcntetett \u00e1r tartalmazza az alkalmazand\u00f3 ad\u00f3t, amely az \u00d6n orsz\u00e1g\u00e1t\u00f3l f\u00fcgg\u0151en ak\u00e1r 25% is lehet.<\/li>\n<li>Kanadai \u00fcgyfelek: A felt\u00fcntetett \u00e1r tartalmazza az alkalmazand\u00f3 ad\u00f3kat, amelyek az \u00d6n tartom\u00e1ny\u00e1t\u00f3l f\u00fcgg\u0151en tartalmazhatj\u00e1k az 5%-os GST-t \u00e9s tov\u00e1bbi tartom\u00e1nyi forgalmi ad\u00f3kat (PST), harmoniz\u00e1lt forgalmi ad\u00f3t (HST) vagy qu\u00e9beci forgalmi ad\u00f3t (QST).<\/li>\n<\/ul>\n<p><strong>CSAK EU-s \u00fcgyfelek sz\u00e1m\u00e1ra:<\/strong> Express DDP (Delivered Duty Paid). Ez azt jelenti: <\/p>\n<ul>\n<li>A term\u00e9koldalon felt\u00fcntetett \u00e1r tartalmazza az \u00f6sszes v\u00e1mot \u00e9s ad\u00f3t.<\/li>\n<li>A k\u00e9zbes\u00edt\u00e9skor nem kell tov\u00e1bbi d\u00edjakat fizetnie.<\/li>\n<li>Abban a ritka esetben, ha a v\u00e1mkezel\u00e9ssel kapcsolatos probl\u00e9m\u00e1k mer\u00fclnek fel, csapatunk az \u00d6n nev\u00e9ben elv\u00e9gzi a v\u00e1mkezel\u00e9si folyamatot, hogy biztos\u00edtsa a z\u00f6kken\u0151mentes sz\u00e1ll\u00edt\u00e1st.<\/li>\n<p>Fontos inform\u00e1ci\u00f3k a visszak\u00fcld\u00e9sr\u0151l:<\/p>\n<li>Ha \u00fagy d\u00f6nt, hogy visszak\u00fcldi megrendel\u00e9s\u00e9t vagy visszat\u00e9r\u00edt\u00e9st k\u00e9r, k\u00e9rj\u00fck, vegye figyelembe, hogy az \u00d6n nev\u00e9ben a DDP felt\u00e9telei szerint kifizetett ad\u00f3k \u00e9s v\u00e1mok nem t\u00e9r\u00edthet\u0151k vissza.<\/li>\n<p>R\u00e9szletes <a href=\"https:\/\/gpdstore.net\/hu\/terms-of-service\/\" target=\"_blank\" rel=\"nofollow noopener\">inform\u00e1ci\u00f3k\u00e9rt k\u00e9rj\u00fck, olvassa el a Felhaszn\u00e1l\u00e1si Felt\u00e9teleinket<\/a>.\n<\/ul>\n<p>[\/cg_accordion]\n[cg_accordion title=\"\u00dcGYF\u00c9LSZOLG\u00c1LAT\"]<\/p>\n<p>K\u00e9rd\u00e9se van? Egy r\u00f6vid sz\u00f6veges \u00fczenetben m\u00e1ris megoldjuk a probl\u00e9m\u00e1j\u00e1t!<br \/>\n[\/cg_accordion]\n[cg_accordion title=\"MIT TARTALMAZ\"]<\/p>\n<ul>\n<li>1x USB Type-C k\u00e1bel<\/li>\n<li>1x h\u00e1l\u00f3zati adapter<\/li>\n<li>1x Felhaszn\u00e1l\u00f3i k\u00e9zik\u00f6nyv<\/li>\n<\/ul>\n<p>[\/cg_accordion]\n","protected":false},"featured_media":309335,"template":"","meta":{"_acf_changed":false},"product_brand":[],"product_cat":[6532],"product_tag":[18555],"woo-feed-brand":[5662],"class_list":{"0":"post-309113","1":"product","2":"type-product","3":"status-publish","4":"has-post-thumbnail","6":"product_cat-gpd-kezi-pc-jatekhoz","7":"product_tag-gpd-win-3-hu","8":"product_shipping_class-premium","9":"pa_bluetooth-5-1-hu","10":"pa_brand-gpd","11":"pa_graphics-gpu-model-intel-iris-xe-grafika-hu","12":"pa_i-o-video-core-i7-1195g7-1x-thunderbolt-4-usb-type-c-n-keresztul","13":"pa_memory-ram-capacity-16gb-hu","14":"pa_memory-ram-technology-lpddr4x-hu","15":"pa_storage-capacity-1tb-hu","16":"pa_storage-technology-pcie-gen-4-hu","17":"pa_wi-fi-wi-fi-6-hu","18":"woo-feed-brand-gpd-hu","20":"first","21":"outofstock","22":"taxable","23":"shipping-taxable","24":"purchasable","25":"product-type-variable","26":"has-default-attributes"},"acf":[],"aioseo_notices":[],"_links":{"self":[{"href":"https:\/\/gpdstore.net\/hu\/wp-json\/wp\/v2\/product\/309113","targetHints":{"allow":["GET"]}}],"collection":[{"href":"https:\/\/gpdstore.net\/hu\/wp-json\/wp\/v2\/product"}],"about":[{"href":"https:\/\/gpdstore.net\/hu\/wp-json\/wp\/v2\/types\/product"}],"wp:featuredmedia":[{"embeddable":true,"href":"https:\/\/gpdstore.net\/hu\/wp-json\/wp\/v2\/media\/309335"}],"wp:attachment":[{"href":"https:\/\/gpdstore.net\/hu\/wp-json\/wp\/v2\/media?parent=309113"}],"wp:term":[{"taxonomy":"product_brand","embeddable":true,"href":"https:\/\/gpdstore.net\/hu\/wp-json\/wp\/v2\/product_brand?post=309113"},{"taxonomy":"product_cat","embeddable":true,"href":"https:\/\/gpdstore.net\/hu\/wp-json\/wp\/v2\/product_cat?post=309113"},{"taxonomy":"product_tag","embeddable":true,"href":"https:\/\/gpdstore.net\/hu\/wp-json\/wp\/v2\/product_tag?post=309113"},{"taxonomy":"woo-feed-brand","embeddable":true,"href":"https:\/\/gpdstore.net\/hu\/wp-json\/wp\/v2\/woo-feed-brand?post=309113"}],"curies":[{"name":"wp","href":"https:\/\/api.w.org\/{rel}","templated":true}]}}