{"id":275938,"date":"2024-01-23T17:05:50","date_gmt":"2024-01-23T17:05:50","guid":{"rendered":"https:\/\/gpdstore.net\/nem-kategorizalt\/gpd-oculink-sff8611-kabel-es-m-2-8612-adapter-kartya\/"},"modified":"2026-01-06T01:55:35","modified_gmt":"2026-01-06T01:55:35","slug":"gpd-oculink-sff8611-cable","status":"publish","type":"product","link":"https:\/\/gpdstore.net\/hu\/product\/gpd-oculink-sff8611-cable\/","title":{"rendered":"GPD OCuLink SFF8611 k\u00e1bel"},"content":{"rendered":"\n<h1 class=\"wp-block-heading\">GPD <strong>OCuLink SFF8611 k\u00e1bel: A nagy sebess\u00e9g\u0171 grafikus k\u00e1rty\u00e1k csatlakoztathat\u00f3s\u00e1g\u00e1nak cs\u00facsa<\/strong><\/h1>\n\n<h4 class=\"wp-block-heading\"><strong>Induljon el a nagy sebess\u00e9g\u0171 adat\u00e1tvitel \u00fatj\u00e1n az Oculinkkal<\/strong><\/h4>\n\n<p>A nagy sebess\u00e9g\u0171 adat\u00e1tvitel \u00e9s a grafikus k\u00e1rty\u00e1k csatlakoztathat\u00f3s\u00e1ga ter\u00e9n az OCuLink SFF8611 k\u00e1bel a modern technol\u00f3gia csod\u00e1jak\u00e9nt emelkedik ki. Ez az \u00e9lvonalbeli term\u00e9k megtestes\u00edti az Oculink forradalmi megk\u00f6zel\u00edt\u00e9s\u00e9nek l\u00e9nyeg\u00e9t a csatlakoztathat\u00f3s\u00e1g ter\u00e9n, kihaszn\u00e1lva a PCIe technol\u00f3gia erej\u00e9t, hogy soha nem l\u00e1tott sebess\u00e9get \u00e9s teljes\u00edtm\u00e9nyt k\u00edn\u00e1ljon. Azoknak tervezt\u00e9k, akik nem hajland\u00f3ak a legjobbn\u00e1l kevesebbel be\u00e9rni, ez a k\u00e1belkombin\u00e1ci\u00f3 az \u00d6n bel\u00e9p\u0151jegye az eddig lehetetlennek hitt adat\u00e1tviteli sebess\u00e9gek megtapasztal\u00e1s\u00e1ra.  <\/p>\n\n<h4 class=\"wp-block-heading\"><strong>Oculink: Oculink: Forradalmi csatlakoztat\u00e1si megold\u00e1s<\/strong><\/h4>\n\n<p>A term\u00e9k k\u00f6z\u00e9ppontj\u00e1ban az Oculink \u00e1talak\u00edt\u00f3 technol\u00f3gi\u00e1ja \u00e1ll. Az Oculink kifejezetten az olyan grafikus k\u00e1rty\u00e1k, mint a GPD G1 eGPU dokkol\u00f3\u00e1llom\u00e1s \u00e9s a gazdatestek \u00f6sszekapcsol\u00e1s\u00e1ra tervezett nagysebess\u00e9g\u0171 interf\u00e9szk\u00e9nt a csatlakoztathat\u00f3s\u00e1g \u00faj korszak\u00e1t nyitja meg. Ez a technol\u00f3gia elt\u00e1volodik a hagyom\u00e1nyos m\u00f3dszerekt\u0151l, \u00e9s a PCIe technol\u00f3gi\u00e1t haszn\u00e1lja a vill\u00e1mgyors adat\u00e1tviteli sebess\u00e9g lehet\u0151v\u00e9 t\u00e9tel\u00e9hez. Az Oculinkkel nem csak egy k\u00e1belt kap, hanem a j\u00f6v\u0151 egy darabj\u00e1t, amely forradalmas\u00edtja az adatinterakci\u00f3 \u00e9lm\u00e9ny\u00e9t.<\/p>\n\n<h4 class=\"wp-block-heading\"><strong>P\u00e1ratlan adat\u00e1tviteli sebess\u00e9gek felszabad\u00edt\u00e1sa<\/strong><\/h4>\n\n<p>K\u00e9pzelje el az adat\u00e1tvitelt olyan sebess\u00e9ggel, amely minden v\u00e1rakoz\u00e1s\u00e1t fel\u00fclm\u00falja. Az OCuLink SFF8611 k\u00e1bel a PCIe Gen 4.0 \u00e9s Gen 5.0 protokollok erej\u00e9t kihaszn\u00e1lva s\u00e1vonk\u00e9nt ak\u00e1r 16 GT\/s, illetve 32 GT\/s adat\u00e1tviteli sebess\u00e9get \u00e9r el. Ez a puszta sebess\u00e9g lehet\u0151v\u00e9 teszi a hatalmas adatmennyis\u00e9gek gyors \u00e9s z\u00f6kken\u0151mentes kezel\u00e9s\u00e9t, jelent\u0151sen jav\u00edtva a rendszer teljes\u00edtm\u00e9ny\u00e9t \u00e9s cs\u00f6kkentve a k\u00e9sleltet\u00e9st. Legyen sz\u00f3 professzion\u00e1lis vide\u00f3szerkeszt\u0151r\u0151l, j\u00e1t\u00e9krajong\u00f3r\u00f3l vagy AI-kutat\u00f3r\u00f3l, ez a term\u00e9k az \u00d6n kapuja a gyors \u00e9s hat\u00e9kony adatkezel\u00e9s vil\u00e1g\u00e1ba.   <\/p>\n\n<h4 class=\"wp-block-heading\"><strong>Maxim\u00e1lis s\u00e1vsz\u00e9less\u00e9g \u00e9s sk\u00e1l\u00e1zhat\u00f3 teljes\u00edtm\u00e9ny<\/strong><\/h4>\n\n<p>Az OCuLink SFF8611 k\u00e1bel egyik legkiemelked\u0151bb tulajdons\u00e1ga, hogy k\u00e9pes maximaliz\u00e1lni a s\u00e1vsz\u00e9less\u00e9get \u00e9s sk\u00e1l\u00e1zhat\u00f3 teljes\u00edtm\u00e9nyt ny\u00fajtani. Az\u00e1ltal, hogy lehet\u0151v\u00e9 teszi az egyidej\u0171 adat\u00e1tvitelt t\u00f6bb s\u00e1von kereszt\u00fcl, biztos\u00edtja a rendelkez\u00e9sre \u00e1ll\u00f3 s\u00e1vsz\u00e9less\u00e9g hat\u00e9kony kihaszn\u00e1l\u00e1s\u00e1t. Ez a sk\u00e1l\u00e1zhat\u00f3s\u00e1g k\u00fcl\u00f6n\u00f6sen el\u0151ny\u00f6s a cs\u00facskateg\u00f3ri\u00e1s grafikus alkalmaz\u00e1sok eset\u00e9ben, t\u00e1mogatja az olyan konfigur\u00e1ci\u00f3kat, mint az SLI vagy a CrossFire, \u00e9s kiel\u00e9g\u00edti a legnagyobb teljes\u00edtm\u00e9nyre \u00e9hes felhaszn\u00e1l\u00f3k ig\u00e9nyeit.  <\/p>\n\n<h4 class=\"wp-block-heading\"><strong>Kompakt kialak\u00edt\u00e1s kiv\u00e1l\u00f3 energiagazd\u00e1lkod\u00e1ssal<\/strong><\/h4>\n\n<p>A sz\u00e1m\u00edt\u00e1stechnika vil\u00e1g\u00e1ban, ahol a hely gyakran sz\u0171k\u00f6s, az OCuLink SFF8611 k\u00e1bel kompakt form\u00e1ja megv\u00e1ltoztatja a j\u00e1t\u00e9kot. Az olyan alternat\u00edv csatlakoz\u00e1si lehet\u0151s\u00e9gekhez k\u00e9pest, mint az USB 4, \u00e1ramvonalasabb \u00e9s koncentr\u00e1ltabb csatlakoz\u00e1st k\u00edn\u00e1l a grafikus k\u00e1rty\u00e1khoz, jav\u00edtja a rendszer l\u00e9g\u00e1raml\u00e1s\u00e1t \u00e9s rugalmasabb hardverkonfigur\u00e1ci\u00f3kat tesz lehet\u0151v\u00e9. Emellett fejlett energiagazd\u00e1lkod\u00e1si k\u00e9pess\u00e9gei intelligensen, a munkaterhel\u00e9s f\u00fcggv\u00e9ny\u00e9ben szab\u00e1lyozz\u00e1k az energiafogyaszt\u00e1st, \u00edgy h\u0171v\u00f6sebb \u00e9s energiatakar\u00e9kosabb rendszert biztos\u00edtanak.  <\/p>\n\n<h4 class=\"wp-block-heading\"><strong>J\u00f6v\u0151biztos kompatibilit\u00e1s a holnap kih\u00edv\u00e1saihoz<\/strong><\/h4>\n\n<p>Az OCuLink SFF8611 k\u00e1bellel egy j\u00f6v\u0151biztos csatlakoztat\u00e1si megold\u00e1st alkalmazhat. A kor\u00e1bbi PCIe-gener\u00e1ci\u00f3kkal val\u00f3 visszafel\u00e9 kompatibilit\u00e1sa z\u00f6kken\u0151mentes kapcsolatot biztos\u00edt a r\u00e9gi \u00e9s \u00faj eszk\u00f6z\u00f6k sz\u00e9les sk\u00e1l\u00e1j\u00e1val. Ahogy a technol\u00f3gia vil\u00e1ga fejl\u0151dik, ez a term\u00e9k mindig is a fejl\u0151d\u00e9s el\u0151tt j\u00e1r, biztos\u00edtva, hogy a mai befektet\u00e9se m\u00e9g \u00e9vekig \u00e9rt\u00e9ket k\u00e9pviseljen.  <\/p>\n\n<h4 class=\"wp-block-heading\"><strong>K\u00f6vetkeztet\u00e9s: A grafikus k\u00e1rty\u00e1k csatlakoztathat\u00f3s\u00e1g\u00e1nak \u00faj korszaka<\/strong><\/h4>\n\n<p>Az OCuLink SFF8611 k\u00e1bel t\u00f6bb mint egy term\u00e9k; az innov\u00e1ci\u00f3 erej\u00e9nek \u00e9s a kiv\u00e1l\u00f3s\u00e1gra val\u00f3 f\u00e1radhatatlan t\u00f6rekv\u00e9snek a bizony\u00edt\u00e9ka. A vill\u00e1mgyors adat\u00e1tviteli sebess\u00e9get, a megn\u00f6velt s\u00e1vsz\u00e9less\u00e9get, a kompakt form\u00e1j\u00fa, hat\u00e9kony energiagazd\u00e1lkod\u00e1st \u00e9s a j\u00f6v\u0151biztos kompatibilit\u00e1st k\u00edn\u00e1l\u00f3 k\u00e1bel kiv\u00e1l\u00f3 v\u00e1laszt\u00e1s mindazok sz\u00e1m\u00e1ra, akik a legmagasabb szint\u0171 teljes\u00edtm\u00e9nyt \u00e9s megb\u00edzhat\u00f3s\u00e1got keresik. A j\u00f6v\u0151be tekintve ez a term\u00e9k tov\u00e1bbra is vezet\u0151 szerepet t\u00f6lt be, \u00e1talak\u00edtva a grafikus k\u00e1rty\u00e1k csatlakoztathat\u00f3s\u00e1g\u00e1t \u00e9s lehet\u0151v\u00e9 t\u00e9ve a rendk\u00edv\u00fcli sz\u00e1m\u00edt\u00e1stechnikai \u00e9lm\u00e9nyt.  <\/p>\n\n<p><strong>Fogadja be a csatlakoztathat\u00f3s\u00e1g j\u00f6v\u0151j\u00e9t az OCuLink SFF8611 k\u00e1bellel. Rendelje meg most, \u00e9s tegye meg az els\u0151 l\u00e9p\u00e9st egy olyan vil\u00e1gba, ahol a sebess\u00e9g, a hat\u00e9konys\u00e1g \u00e9s a teljes\u00edtm\u00e9ny nem ismer hat\u00e1rokat! <\/strong><\/p>\n\n<h4 class=\"wp-block-heading\"><strong>Az OCuLink SFF8611 k\u00e1bel el\u0151nyei:<\/strong><\/h4>\n\n<ul class=\"wp-block-list\">\n<li>P\u00e9ld\u00e1tlan sebess\u00e9g: A PCIe Gen 4.0 \u00e9s Gen 5.0 protokollokat haszn\u00e1lva s\u00e1vonk\u00e9nt ak\u00e1r 16 GT\/s \u00e9s 32 GT\/s adat\u00e1tviteli sebess\u00e9get k\u00edn\u00e1l, ami fel\u00fclm\u00falja a legt\u00f6bb versenyt\u00e1rsat.<\/li>\n\n\n\n<li>Fokozott s\u00e1vsz\u00e9less\u00e9g \u00e9s sk\u00e1l\u00e1zhat\u00f3s\u00e1g: A s\u00e1vsz\u00e9less\u00e9g maximaliz\u00e1l\u00e1sa olyan ig\u00e9nyes alkalmaz\u00e1sokhoz, mint a j\u00e1t\u00e9k vagy az AI-kutat\u00e1s.<\/li>\n\n\n\n<li>Kompakt kialak\u00edt\u00e1s \u00e9s hat\u00e9kony energiagazd\u00e1lkod\u00e1s: A rendszer l\u00e9g\u00e1raml\u00e1s\u00e1nak jav\u00edt\u00e1sa \u00e9s az energiafogyaszt\u00e1s intelligens be\u00e1ll\u00edt\u00e1sa a hat\u00e9konys\u00e1g \u00e9rdek\u00e9ben.<\/li>\n\n\n\n<li>J\u00f6v\u0151biztos kompatibilit\u00e1s: Visszafel\u00e9 kompatibilis a kor\u00e1bbi PCIe gener\u00e1ci\u00f3kkal, \u00edgy biztos\u00edtva a hossz\u00fa t\u00e1v\u00fa haszn\u00e1lhat\u00f3s\u00e1got sz\u00e1mos eszk\u00f6zzel.<\/li>\n\n\n\n<li>Kiemelt figyelem a grafikus k\u00e1rty\u00e1k csatlakoztathat\u00f3s\u00e1g\u00e1ra: Az USB 4-gyel ellent\u00e9tben, amely t\u00f6bbf\u00e9le eszk\u00f6zt\u00edpust szolg\u00e1l ki, a grafikus k\u00e1rty\u00e1k sz\u00e1m\u00e1ra speci\u00e1lis, nagy teljes\u00edtm\u00e9ny\u0171 csatlakoz\u00e1si lehet\u0151s\u00e9get biztos\u00edt.<\/li>\n<\/ul>\n\n<h4 class=\"wp-block-heading\"><strong>Az OCuLink SFF8611 k\u00e1bel h\u00e1tr\u00e1nyai:<\/strong><\/h4>\n\n<ul class=\"wp-block-list\">\n<li>Korl\u00e1tozott univerz\u00e1lis sokoldal\u00fas\u00e1g: Nem biztos, hogy olyan sokoldal\u00fa, mint az USB 4 az eszk\u00f6z\u00f6k sz\u00e9lesebb k\u00f6r\u00e9nek csatlakoztat\u00e1s\u00e1ra.<\/li>\n\n\n\n<li>Kompatibilit\u00e1si agg\u00e1lyok: B\u00e1r a visszafel\u00e9 kompatibilis, nem minden rendszer t\u00e1mogatja a leg\u00fajabb PCIe-gener\u00e1ci\u00f3kat, ami potenci\u00e1lisan korl\u00e1tozhatja a teljes\u00edtm\u00e9nyt.<\/li>\n<\/ul>\n","protected":false},"excerpt":{"rendered":"<ul>\n<li>Hivatalos GPD OCuLink k\u00e1bel<\/li>\n<li>Kompatibilis a GPD G1 eGPU-val<\/li>\n<li>Adapter OCuLink n\u00e9lk\u00fcli eszk\u00f6z\u00f6kh\u00f6z<\/li>\n<li>A PCIe Gen 4.0 \u00e9s 5.0 t\u00e1mogat\u00e1sa<\/li>\n<li>Ak\u00e1r 16GT\/s \u00e9s 32 GT\/s sebess\u00e9g s\u00e1vonk\u00e9nt<\/li>\n<\/ul>\n[cg_accordion title=\"FIZET\u00c9SI INFORM\u00c1CI\u00d3K\"]<\/p>\n<p>A leg\u00fajabb technol\u00f3gi\u00e1t haszn\u00e1ljuk a fizet\u00e9s feldolgoz\u00e1s\u00e1ban, amely lehet\u0151v\u00e9 teszi, hogy az Apple Pay, a Google Pay, a bankk\u00e1rtya\/hitelk\u00e1rtya, a PayPal vagy a BNPL m\u00f3dszerek, mint p\u00e9ld\u00e1ul a Klarna, az Affirm vagy az AfterPay seg\u00edts\u00e9g\u00e9vel fizessen ki gyorsan \u00e9s biztons\u00e1gosan.[\/cg_accordion]\n[cg_accordion title=\"GARANCIA\"]<\/p>\n<p>2 \u00e9v garancia a <a href=\"https:\/\/droix.net\/\" target=\"_blank\" rel=\"nofollow noopener\">DROIX Global- t\u00f3l az \u00d6n nyugalma \u00e9rdek\u00e9ben<\/a> [\/cg_accordion]\n[cg_accordion title=\"\u00c1RK\u00c9PZ\u00c9S, AD\u00d3K \u00c9S SZ\u00c1LL\u00cdT\u00c1S\"]<\/p>\n<p><strong><u>Megjegyz\u00e9s:<\/u><\/strong><\/p>\n<ul>\n<li>Egyes\u00fclt \u00c1llamok \u00dcgyfelek: A felt\u00fcntetett \u00e1r NEM tartalmazza az ad\u00f3t \u00e9s a v\u00e1mokat. A v\u00e1mkezel\u00e9s \u00e9s a kapcsol\u00f3d\u00f3 ad\u00f3k\/v\u00e1mok megfizet\u00e9se az \u00fcgyfelet terheli. <\/li>\n<li>EU-s \u00fcgyfelek: A felt\u00fcntetett \u00e1r tartalmazza az alkalmazand\u00f3 ad\u00f3t, amely az \u00d6n orsz\u00e1g\u00e1t\u00f3l f\u00fcgg\u0151en ak\u00e1r 25% is lehet.<\/li>\n<li>Kanadai \u00fcgyfelek: A felt\u00fcntetett \u00e1r tartalmazza az alkalmazand\u00f3 ad\u00f3kat, amelyek az \u00d6n tartom\u00e1ny\u00e1t\u00f3l f\u00fcgg\u0151en tartalmazhatj\u00e1k az 5%-os GST-t \u00e9s tov\u00e1bbi tartom\u00e1nyi forgalmi ad\u00f3kat (PST), harmoniz\u00e1lt forgalmi ad\u00f3t (HST) vagy qu\u00e9beci forgalmi ad\u00f3t (QST).<\/li>\n<\/ul>\n<p><strong>CSAK EU-s \u00fcgyfelek sz\u00e1m\u00e1ra:<\/strong> Express DDP (Delivered Duty Paid). Ez azt jelenti: <\/p>\n<ul>\n<li>A term\u00e9koldalon felt\u00fcntetett \u00e1r tartalmazza az \u00f6sszes v\u00e1mot \u00e9s ad\u00f3t.<\/li>\n<li>A k\u00e9zbes\u00edt\u00e9skor nem kell tov\u00e1bbi d\u00edjakat fizetnie.<\/li>\n<li>Abban a ritka esetben, ha a v\u00e1mkezel\u00e9ssel kapcsolatos probl\u00e9m\u00e1k mer\u00fclnek fel, csapatunk az \u00d6n nev\u00e9ben elv\u00e9gzi a v\u00e1mkezel\u00e9si folyamatot, hogy biztos\u00edtsa a z\u00f6kken\u0151mentes sz\u00e1ll\u00edt\u00e1st.<\/li>\n<p>Fontos inform\u00e1ci\u00f3k a visszak\u00fcld\u00e9sr\u0151l:<\/p>\n<li>Ha \u00fagy d\u00f6nt, hogy visszak\u00fcldi megrendel\u00e9s\u00e9t vagy visszat\u00e9r\u00edt\u00e9st k\u00e9r, k\u00e9rj\u00fck, vegye figyelembe, hogy az \u00d6n nev\u00e9ben a DDP felt\u00e9telei szerint kifizetett ad\u00f3k \u00e9s v\u00e1mok nem t\u00e9r\u00edthet\u0151k vissza.<\/li>\n<p>R\u00e9szletes <a href=\"https:\/\/gpdstore.net\/hu\/terms-of-service\/\" target=\"_blank\" rel=\"nofollow noopener\">inform\u00e1ci\u00f3k\u00e9rt k\u00e9rj\u00fck, olvassa el a Felhaszn\u00e1l\u00e1si Felt\u00e9teleinket<\/a>.\n<\/ul>\n<p>[\/cg_accordion]\n[cg_accordion title=\"\u00dcGYF\u00c9LSZOLG\u00c1LAT\"]<\/p>\n<p>K\u00e9rd\u00e9se van? Egy r\u00f6vid sz\u00f6veges \u00fczenetben m\u00e1ris megoldjuk a probl\u00e9m\u00e1j\u00e1t!<br \/>\n[\/cg_accordion]\n[cg_accordion title=\"MIT TARTALMAZ\"]<\/p>\n<ul>\n<li>1x GPD OCuLink SFF8611 k\u00e1bel<\/li>\n<li>1x M.2 8612 adapter k\u00e1rtya <\/li>\n<\/ul>\n<p>[\/cg_accordion]\n","protected":false},"featured_media":1194138,"template":"","meta":{"_acf_changed":false},"product_brand":[],"product_cat":[5408],"product_tag":[14519,9562],"woo-feed-brand":[5662],"class_list":{"0":"post-275938","1":"product","2":"type-product","3":"status-publish","4":"has-post-thumbnail","6":"product_cat-tartozekok","7":"product_tag-8xmsale-hu-2","8":"product_tag-gpd-g1-accessory-hu","9":"product_shipping_class-low-end","10":"pa_accessory-type-kabel-hu","11":"woo-feed-brand-gpd-hu","13":"first","14":"instock","15":"sale","16":"taxable","17":"shipping-taxable","18":"purchasable","19":"product-type-simple"},"acf":[],"aioseo_notices":[],"_links":{"self":[{"href":"https:\/\/gpdstore.net\/hu\/wp-json\/wp\/v2\/product\/275938","targetHints":{"allow":["GET"]}}],"collection":[{"href":"https:\/\/gpdstore.net\/hu\/wp-json\/wp\/v2\/product"}],"about":[{"href":"https:\/\/gpdstore.net\/hu\/wp-json\/wp\/v2\/types\/product"}],"wp:featuredmedia":[{"embeddable":true,"href":"https:\/\/gpdstore.net\/hu\/wp-json\/wp\/v2\/media\/1194138"}],"wp:attachment":[{"href":"https:\/\/gpdstore.net\/hu\/wp-json\/wp\/v2\/media?parent=275938"}],"wp:term":[{"taxonomy":"product_brand","embeddable":true,"href":"https:\/\/gpdstore.net\/hu\/wp-json\/wp\/v2\/product_brand?post=275938"},{"taxonomy":"product_cat","embeddable":true,"href":"https:\/\/gpdstore.net\/hu\/wp-json\/wp\/v2\/product_cat?post=275938"},{"taxonomy":"product_tag","embeddable":true,"href":"https:\/\/gpdstore.net\/hu\/wp-json\/wp\/v2\/product_tag?post=275938"},{"taxonomy":"woo-feed-brand","embeddable":true,"href":"https:\/\/gpdstore.net\/hu\/wp-json\/wp\/v2\/woo-feed-brand?post=275938"}],"curies":[{"name":"wp","href":"https:\/\/api.w.org\/{rel}","templated":true}]}}