{"id":243534,"date":"2023-11-29T11:23:37","date_gmt":"2023-11-29T11:23:37","guid":{"rendered":"https:\/\/gpdstore.net\/nem-kategorizalt\/gpd-g1-2024-egpu-dokkoloallomas\/"},"modified":"2026-03-27T11:13:44","modified_gmt":"2026-03-27T11:13:44","slug":"gpd-g1","status":"publish","type":"product","link":"https:\/\/gpdstore.net\/hu\/product\/gpd-g1\/","title":{"rendered":"GPD G1 (2024) eGPU dokkol\u00f3\u00e1llom\u00e1s"},"content":{"rendered":"\n<figure class=\"wp-block-image aligncenter size-full\"><img decoding=\"async\" src=\"https:\/\/gpdstore.net\/wp-content\/uploads\/\" alt=\"A GPD G1 2024 eGPU dokkol&#xF3;&#xE1;llom&#xE1;s k&#xE9;pe, AMD Radeon RX 7600M XT GPU-val, TGP Toggle kapcsol&#xF3;val &#xE9;s sokoldal&#xFA; csatlakoztathat&#xF3;s&#xE1;ggal. T&#xF6;k&#xE9;letes j&#xE1;t&#xE9;kosok &#xE9;s szakemberek sz&#xE1;m&#xE1;ra. El&#x151;rendel&#xE9;s most a forradalmi k&#xE9;pess&#xE9;gek&#xE9;rt\" class=\"wp-image-1471\"\/><\/figure>\n\n<h2 class=\"wp-block-heading\"><strong>A GPD G1 2024 eGPU dokkol\u00f3\u00e1llom\u00e1s: Forradalmi ugr\u00e1s<\/strong><\/h2>\n\n<p>A GPD G1 2024 eGPU dokkol\u00f3\u00e1llom\u00e1s jelent\u0151s el\u0151rel\u00e9p\u00e9st jelent a k\u00fcls\u0151 grafikus feldolgoz\u00f3egys\u00e9gek vil\u00e1g\u00e1ban. A mobilit\u00e1st \u00e9s nagy teljes\u00edtm\u00e9ny\u0171 sz\u00e1m\u00edt\u00e1st egyar\u00e1nt ig\u00e9nyl\u0151 felhaszn\u00e1l\u00f3k sz\u00e1m\u00e1ra tervezett dokkol\u00f3\u00e1llom\u00e1s \u00fajradefini\u00e1lja az eGPU-ipar\u00e1g szabv\u00e1nyait. A GPD G1 eGPU dokkol\u00f3\u00e1llom\u00e1s a cs\u00facstechnol\u00f3gi\u00e1val, bele\u00e9rtve az AMD Radeon RX 7600M XT grafikus k\u00e1rty\u00e1t, \u00e9s az olyan innovat\u00edv funkci\u00f3kkal, mint a TGP Toggle Switch, a j\u00e1t\u00e9kosok \u00e9s a profik sz\u00e1m\u00e1ra egyar\u00e1nt megfelel. Karcs\u00fa \u00e9s hordozhat\u00f3 kialak\u00edt\u00e1sa nemcsak a munkater\u00fcletet dobja fel, hanem er\u0151teljes teljes\u00edtm\u00e9nyt is ny\u00fajt, b\u00e1rhol is legyen. A GPD G1, \u00f6lelje mag\u00e1hoz a j\u00f6v\u0151 sz\u00f3rakoz\u00e1s\u00e1t \u00e9s termel\u00e9kenys\u00e9g\u00e9t kompromisszumok n\u00e9lk\u00fcl.    <\/p>\n\n<figure class=\"wp-block-gallery has-nested-images columns-default is-cropped wp-block-gallery-1 is-layout-flex wp-block-gallery-is-layout-flex\">\n<figure class=\"wp-block-image size-large\"><img decoding=\"async\" data-id=\"1494\" src=\"https:\/\/gpdstore.net\/wp-content\/uploads\/\" alt=\"A k&#xE9;pen egy GPD G1 k&#xE9;zi eszk&#xF6;z l&#xE1;that&#xF3;, amelyet egy WIN Max 2 laptophoz csatlakoztattak, mindk&#xE9;t eszk&#xF6;z k&#xFC;ls&#x151; monitorhoz csatlakoztatva a kiterjesztett kijelz&#x151; be&#xE1;ll&#xED;t&#xE1;s&#xE1;hoz.\" class=\"wp-image-1494\"\/><\/figure>\n\n\n\n<figure class=\"wp-block-image size-large\"><img decoding=\"async\" data-id=\"1493\" src=\"https:\/\/gpdstore.net\/wp-content\/uploads\/\" alt=\"A k&#xE9;p egy WIN 4 laptophoz csatlakoztatott GPD G1 k&#xE9;zi eszk&#xF6;zt &#xE1;br&#xE1;zol, k&#xFC;ls&#x151; monitorok mellett, lehet&#x151;v&#xE9; t&#xE9;ve a t&#xF6;bb kijelz&#x151;s be&#xE1;ll&#xED;t&#xE1;st.\" class=\"wp-image-1493\"\/><\/figure>\n\n\n\n<figure class=\"wp-block-image size-large\"><img decoding=\"async\" data-id=\"1467\" src=\"https:\/\/gpdstore.net\/wp-content\/uploads\/\" alt=\"A k&#xE9;pen egy GPD G1 k&#xE9;zi k&#xE9;sz&#xFC;l&#xE9;k l&#xE1;that&#xF3;, amely egy GPD Pocket 3 k&#xE9;sz&#xFC;l&#xE9;khez van csatlakoztatva, mindk&#xE9;t k&#xE9;sz&#xFC;l&#xE9;ket k&#xFC;ls&#x151; monitorokhoz csatlakoztatva a t&#xF6;bb kijelz&#x151;s konfigur&#xE1;ci&#xF3;hoz.\" class=\"wp-image-1467\"\/><\/figure>\n\n\n\n<figure class=\"wp-block-image size-large\"><img decoding=\"async\" data-id=\"1464\" src=\"https:\/\/gpdstore.net\/wp-content\/uploads\/\" alt=\"GPD G1 2024, egy eleg&#xE1;ns k&#xE9;zi j&#xE1;t&#xE9;kk&#xE9;sz&#xFC;l&#xE9;k, amely &#xE9;l&#xE9;nk kijelz&#x151;vel, ergonomikus kezel&#x151;szervekkel &#xE9;s modern diz&#xE1;jnnal rendelkezik.\" class=\"wp-image-1464\"\/><\/figure>\n\n\n\n<figure class=\"wp-block-image size-large\"><img fetchpriority=\"high\" decoding=\"async\" width=\"1000\" height=\"1000\" data-id=\"1465\" src=\"https:\/\/gpdstore.net\/wp-content\/uploads\/2024\/05\/GPD-G1_2024-USAGE-IMAGE-5.jpg\" alt=\"Egy laptophoz csatlakoztatott GPD G1 k&#xE9;zi k&#xE9;sz&#xFC;l&#xE9;k k&#xE9;pe.\" class=\"wp-image-1465\" srcset=\"https:\/\/gpdstore.net\/wp-content\/uploads\/2024\/05\/GPD-G1_2024-USAGE-IMAGE-5.jpg 1000w, https:\/\/gpdstore.net\/wp-content\/uploads\/2024\/05\/GPD-G1_2024-USAGE-IMAGE-5-600x600.jpg 600w, https:\/\/gpdstore.net\/wp-content\/uploads\/2024\/05\/GPD-G1_2024-USAGE-IMAGE-5-150x150.jpg 150w, https:\/\/gpdstore.net\/wp-content\/uploads\/2024\/05\/GPD-G1_2024-USAGE-IMAGE-5-768x768.jpg 768w, https:\/\/gpdstore.net\/wp-content\/uploads\/2024\/05\/GPD-G1_2024-USAGE-IMAGE-5-990x990.jpg 990w, https:\/\/gpdstore.net\/wp-content\/uploads\/2024\/05\/GPD-G1_2024-USAGE-IMAGE-5-441x441.jpg 441w, https:\/\/gpdstore.net\/wp-content\/uploads\/2024\/05\/GPD-G1_2024-USAGE-IMAGE-5-100x100.jpg 100w\" sizes=\"(max-width: 1000px) 100vw, 1000px\" \/><\/figure>\n\n\n\n<figure class=\"wp-block-image size-large\"><img decoding=\"async\" data-id=\"1466\" src=\"https:\/\/gpdstore.net\/wp-content\/uploads\/\" alt=\"GPD G1 2024 eGPU dokkol&#xF3;&#xE1;llom&#xE1;s: TGP Toggle Switch &#xE9;s sokoldal&#xFA; csatlakoztathat&#xF3;s&#xE1;g. Ide&#xE1;lis j&#xE1;t&#xE9;kosok &#xE9;s szakemberek sz&#xE1;m&#xE1;ra. \" class=\"wp-image-1466\"\/><\/figure>\n<\/figure>\n\n<div class=\"wp-block-columns is-layout-flex wp-container-core-columns-is-layout-28f84493 wp-block-columns-is-layout-flex\">\n<div class=\"wp-block-column is-layout-flow wp-block-column-is-layout-flow\" style=\"flex-basis:66.66%\">\n<figure class=\"wp-block-image size-full\"><img decoding=\"async\" src=\"https:\/\/gpdstore.net\/wp-content\/uploads\/\" alt=\"A GPD G1 2024 eGPU dokkol&#xF3;&#xE1;llom&#xE1;st bemutat&#xF3; k&#xE9;p, amely kiemeli az AMD Radeon RX 7600M XT GPU-t, a TGP Toggle kapcsol&#xF3;t &#xE9;s a sokoldal&#xFA; csatlakoz&#xE1;si lehet&#x151;s&#xE9;geket. T&#xF6;k&#xE9;letes a p&#xE1;ratlan teljes&#xED;tm&#xE9;nyt &#xE9;s eleg&#xE1;ns diz&#xE1;jnt keres&#x151; j&#xE1;t&#xE9;kosok &#xE9;s szakemberek sz&#xE1;m&#xE1;ra. \" class=\"wp-image-995\"\/><\/figure>\n<\/div>\n\n\n\n<div class=\"wp-block-column is-layout-flow wp-block-column-is-layout-flow\" style=\"flex-basis:33.33%\">\n<h2 class=\"wp-block-heading has-text-align-left\"><strong>GPD G1 2024 &#8211;<\/strong> <strong><strong>A legkisebb grafikus k\u00e1rtyab\u0151v\u00edt\u0151 dokkol\u00f3 <\/strong><\/strong> <\/h2>\n\n\n\n<p>Az eGPU dokkol\u00f3\u00e1llom\u00e1s \u00faj technol\u00f3giai m\u00e9rc\u00e9t \u00e1ll\u00edt fel, p\u00e1ratlan teljes\u00edtm\u00e9nyt, diz\u00e1jnt \u00e9s funkcionalit\u00e1st k\u00edn\u00e1lva. Nagy teljes\u00edtm\u00e9ny\u0171 AMD Radeon RX 7600M XT GPU-j\u00e1val, innovat\u00edv TGP Toggle Switch kapcsol\u00f3j\u00e1val \u00e9s sokoldal\u00fa csatlakoz\u00e1si lehet\u0151s\u00e9geivel a j\u00e1t\u00e9kosok \u00e9s a szakemberek sz\u00e1m\u00e1ra a v\u00e9gs\u0151 megold\u00e1st jelenti. Rendelje el\u0151 a GPD G1 2024 eGPU dokkol\u00f3\u00e1llom\u00e1st m\u00e9g ma, \u00e9s legyen az els\u0151k k\u00f6z\u00f6tt, akik megtapasztalhatj\u00e1k \u00fatt\u00f6r\u0151 funkci\u00f3it. L\u00e9pjen a j\u00f6v\u0151be a GPD G1 &#8211; ahol a teljes\u00edtm\u00e9ny tal\u00e1lkozik a hordozhat\u00f3s\u00e1ggal.   <\/p>\n<\/div>\n<\/div>\n\n<h2 class=\"wp-block-heading has-text-align-center\">K\u00f6vetkez\u0151 gener\u00e1ci\u00f3s teljes\u00edtm\u00e9ny-ellen\u0151rz\u00e9s: TGP \u00e9s csatlakoztathat\u00f3s\u00e1g a Power felhaszn\u00e1l\u00f3k sz\u00e1m\u00e1ra<\/h2>\n\n<div class=\"wp-block-columns is-layout-flex wp-container-core-columns-is-layout-28f84493 wp-block-columns-is-layout-flex\">\n<div class=\"wp-block-column is-layout-flow wp-block-column-is-layout-flow\">\n<figure class=\"wp-block-image size-full is-resized\"><img decoding=\"async\" src=\"https:\/\/gpdstore.net\/wp-content\/uploads\/\" alt=\"A GPD G1 2024 eGPU dokkol&#xF3;&#xE1;llom&#xE1;s k&#xE9;pe, AMD Radeon RX 7600M XT GPU-val, TGP Toggle kapcsol&#xF3;val a teljes&#xED;tm&#xE9;ny fokozott vez&#xE9;rl&#xE9;s&#xE9;&#xE9;rt &#xE9;s sokoldal&#xFA; csatlakoztathat&#xF3;s&#xE1;ggal. T&#xF6;k&#xE9;letes j&#xE1;t&#xE9;kosok &#xE9;s szakemberek sz&#xE1;m&#xE1;ra. El&#x151;rendel&#xE9;s most a forradalmi k&#xE9;pess&#xE9;gek&#xE9;rt.\" class=\"wp-image-1510\" style=\"width:281px;height:auto\"\/><\/figure>\n\n\n\n<h3 class=\"wp-block-heading\"><strong>Csendes \u00fczemm\u00f3d vs. Fokozott teljes\u00edtm\u00e9ny: TGP Toggle Switch (60W\/100W) hogyan optimaliz\u00e1lja az \u00e9lm\u00e9nyt<\/strong><\/h3>\n\n\n\n<p>Exkluz\u00edv \u201eTGP Toggle Key\u201d, j\u00e1t\u00e9k k\u00f6zben szabadon v\u00e1lthat a csendes \u00e9s a teljes\u00edtm\u00e9ny \u00fczemm\u00f3dok k\u00f6z\u00f6tt.<br\/>A TGP Toggle Switch lehet\u0151v\u00e9 teszi a felhaszn\u00e1l\u00f3k sz\u00e1m\u00e1ra, hogy v\u00e1lasszanak a csendes \u00fczemm\u00f3d (60W TGP) a kisebb zajszint \u00e9s a norm\u00e1l \u00fczemm\u00f3d (100W TGP) a nagyobb teljes\u00edtm\u00e9ny \u00e9rdek\u00e9ben, \u00edgy a felhaszn\u00e1l\u00f3k ig\u00e9nyeihez igazod\u00f3 rugalmass\u00e1got k\u00edn\u00e1l.<\/p>\n<\/div>\n\n\n\n<div class=\"wp-block-column is-layout-flow wp-block-column-is-layout-flow\">\n<figure class=\"wp-block-image size-full is-resized\"><img decoding=\"async\" src=\"https:\/\/gpdstore.net\/wp-content\/uploads\/\" alt=\"A GPD G1 2024 M.2 NVMe protokoll Oculink SFF-8612 interf&#xE9;sz adapterk&#xE1;rtya, amely kompakt b&#x151;v&#xED;t&#xE9;st k&#xED;n&#xE1;l a grafikus k&#xE1;rty&#xE1;khoz \" class=\"wp-image-1507\" style=\"width:284px;height:auto\"\/><\/figure>\n\n\n\n<h3 class=\"wp-block-heading\"><strong>Az Oculink el\u0151nye: Mi\u00e9rt ny\u00fajt az SFF-8612 interf\u00e9sz kiv\u00e1l\u00f3 s\u00e1vsz\u00e9less\u00e9get az eGPU-k sz\u00e1m\u00e1ra?<\/strong><\/h3>\n\n\n\n<p>A Z690I-hez hasonl\u00f3 ITX alaplapok \u00e1ltal\u00e1ban h\u00e1rom M.2 interf\u00e9szt biztos\u00edtanak, amelyek k\u00f6z\u00fcl az egyiket az adapterk\u00e1rtya csatlakoztat\u00e1s\u00e1ra lehet haszn\u00e1lni. Ezut\u00e1n egy Oculink SF-8611 k\u00e9tportos k\u00e1bel seg\u00edts\u00e9g\u00e9vel az adapterk\u00e1rtya Oculink SFF-8612 interf\u00e9sze csatlakoztathat\u00f3 a GPD G1 Oculink SFF-8612 interf\u00e9sz\u00e9hez. <\/p>\n<\/div>\n\n\n\n<div class=\"wp-block-column is-layout-flow wp-block-column-is-layout-flow\">\n<figure class=\"wp-block-image size-full is-resized\"><img decoding=\"async\" src=\"https:\/\/gpdstore.net\/wp-content\/uploads\/\" alt=\"A GPD G1 2024 SFF-8612 interf&#xE9;sz adapter k&#xE1;rtya, a legkisebb grafikus k&#xE1;rtya b&#x151;v&#xED;t&#x151; dokkol&#xF3; k&#xE9;pe.\" class=\"wp-image-1508\" style=\"width:227px;height:auto\"\/><\/figure>\n\n\n\n<h3 class=\"wp-block-heading\"><strong>A f\u00e9lmagass\u00e1gi probl\u00e9ma megold\u00e1sa: a hossz\u00fa \u00e9s r\u00f6vid konzol haszn\u00e1lata a grafikus k\u00e1rtya illeszt\u00e9s\u00e9hez<\/strong><\/h3>\n\n\n\n<p>Az ITX tokokba illeszked\u0151 f\u00e9lmagas grafikus k\u00e1rty\u00e1k ritk\u00e1k, \u00e9s nagy teljes\u00edtm\u00e9ny\u0171 f\u00e9lmagas grafikus k\u00e1rty\u00e1k szinte egy\u00e1ltal\u00e1n nem l\u00e9teznek. Ez\u00e9rt a GPD G1 csatlakoztat\u00e1s\u00e1hoz egy PCIe 3.0 x4 Oculink SFF-8612 interf\u00e9sz adapterk\u00e1rty\u00e1t telep\u00edthet. A hossz\u00fa \u00e9s a r\u00f6vid konzol k\u00f6nnyen cser\u00e9lhet\u0151.  <\/p>\n\n\n\n<h3 class=\"wp-block-heading\"><strong><br\/><\/strong><\/h3>\n<\/div>\n<\/div>\n\n<h2 class=\"wp-block-heading\"><strong>Term\u00e9k \u00e1ttekint\u00e9s<\/strong><\/h2>\n\n<p>A GPD G1 2024 eGPU dokkol\u00f3\u00e1llom\u00e1s a technol\u00f3giai fejl\u0151d\u00e9st \u00e9s az ergonomikus kialak\u00edt\u00e1st testes\u00edti meg. Az AMD Radeon RX 7600M XT GPU-val \u00e9s az RDNA 3.0 architekt\u00far\u00e1val hajtva p\u00e1ratlan grafikus teljes\u00edtm\u00e9nyt ny\u00fajt, amely ak\u00e1r 4K felbont\u00e1s\u00fa AAA j\u00e1t\u00e9kokhoz is alkalmas. A cs\u00facsteljes\u00edtm\u00e9nyt keres\u0151 j\u00e1t\u00e9krajong\u00f3kt\u00f3l kezdve az \u00fatk\u00f6zbeni sz\u00e1m\u00edt\u00e1si teljes\u00edtm\u00e9nyt ig\u00e9nyl\u0151 szakemberekig ez az eszk\u00f6z a felhaszn\u00e1l\u00f3k sz\u00e9les k\u00f6r\u00e9t szolg\u00e1lja ki.  <\/p>\n\n<figure class=\"wp-block-image size-full\"><img decoding=\"async\" src=\"https:\/\/gpdstore.net\/wp-content\/uploads\/\" alt=\"A GPD G1 2024 eGPU dokkol&#xF3;&#xE1;llom&#xE1;s k&#xE9;pe AMD Radeon RX 7600M XT GPU-val, TGP Toggle kapcsol&#xF3;val, &#xE9;s  \" class=\"wp-image-1511\"\/><\/figure>\n\n<p>A GPD G1 2024 eGPU dokkol\u00f3\u00e1llom\u00e1s az OcuLink \u00e9s az USB 4 csatlakoz\u00e1si lehet\u0151s\u00e9gekkel kiv\u00e9teles sokoldal\u00fas\u00e1got k\u00edn\u00e1l, \u00e9s a k\u00e9zi j\u00e1t\u00e9k PC-k \u00e9s eszk\u00f6z\u00f6k sz\u00e9les sk\u00e1l\u00e1j\u00e1t t\u00e1mogatja. Kompakt \u00e9s k\u00f6nny\u0171 kialak\u00edt\u00e1sa, mind\u00f6ssze 22,5 \u00d7 11,1 \u00d7 3,0 cm-es m\u00e9rete \u00e9s 920 g-os s\u00falya biztos\u00edtja a hordozhat\u00f3s\u00e1got a teljes\u00edtm\u00e9ny fel\u00e1ldoz\u00e1sa n\u00e9lk\u00fcl. Ak\u00e1r otthon, ak\u00e1r \u00fatk\u00f6zben, a GPD G1 eGPU dokkol\u00f3\u00e1llom\u00e1s k\u00f6nnyed\u00e9n fokozza a j\u00e1t\u00e9k\u00fcl\u00e9seket \u00e9s a termel\u00e9kenys\u00e9gi feladatokat egyar\u00e1nt. Emellett a ROG ALLY X-szel val\u00f3 kompatibilit\u00e1sa t\u00f6bb j\u00e1t\u00e9krendszerben is kiterjeszti haszn\u00e1lhat\u00f3s\u00e1g\u00e1t.   <\/p>\n\n<figure class=\"wp-block-image aligncenter size-full\"><img decoding=\"async\" width=\"900\" height=\"559\" src=\"https:\/\/gpdstore.net\/wp-content\/uploads\/2024\/05\/3-1.png\" alt=\"A GPD G1 eGPU m&#xE9;retei: Kompakt &#xE9;s helytakar&#xE9;kos a z&#xF6;kken&#x151;mentes integr&#xE1;ci&#xF3; &#xE9;rdek&#xE9;ben.\" class=\"wp-image-1512\" srcset=\"https:\/\/gpdstore.net\/wp-content\/uploads\/2024\/05\/3-1.png 900w, https:\/\/gpdstore.net\/wp-content\/uploads\/2024\/05\/3-1-600x373.png 600w, https:\/\/gpdstore.net\/wp-content\/uploads\/2024\/05\/3-1-768x477.png 768w, https:\/\/gpdstore.net\/wp-content\/uploads\/2024\/05\/3-1-320x200.png 320w, https:\/\/gpdstore.net\/wp-content\/uploads\/2024\/05\/3-1-360x224.png 360w, https:\/\/gpdstore.net\/wp-content\/uploads\/2024\/05\/3-1-441x274.png 441w, https:\/\/gpdstore.net\/wp-content\/uploads\/2024\/05\/3-1-150x93.png 150w\" sizes=\"(max-width: 900px) 100vw, 900px\" \/><\/figure>\n\n<h2 class=\"wp-block-heading\"><strong>R\u00e9szletes jellemz\u0151k<\/strong><\/h2>\n\n<p><strong>Teljes\u00edtm\u00e9ny:<\/strong> A GPD G1 2024 dokkol\u00f3\u00e1llom\u00e1s a legig\u00e9nyesebb j\u00e1t\u00e9k- \u00e9s kreat\u00edv alkalmaz\u00e1sok ig\u00e9nyeihez k\u00e9sz\u00fclt, \u00e9s az AMD Radeon RX 7600M XT GPU-t tartalmazza, 32 sz\u00e1m\u00edt\u00e1si egys\u00e9ggel, 2300 MHz-es \u00f3rajelen \u00e9s 8 GB GDDR6 mem\u00f3ri\u00e1val. Az eszk\u00f6z 240 W-os be\u00e9p\u00edtett GaN t\u00f6lt\u0151je elegend\u0151 energi\u00e1t biztos\u00edt a tart\u00f3s teljes\u00edtm\u00e9nyhez. <\/p>\n\n<p><strong>Grafikus teljes\u00edtm\u00e9ny:<\/strong> A GPD G1 kiv\u00e9teles teljes\u00edtm\u00e9ny\u00e9nek sz\u00edve a GPU-ban rejlik. Ak\u00e1r 4K felbont\u00e1s\u00fa j\u00e1t\u00e9kok \u00e9s alkalmaz\u00e1sok meghajt\u00e1s\u00e1ra is k\u00e9pes, \u00e9l\u00e9nk vizu\u00e1lis megjelen\u00edt\u00e9st \u00e9s g\u00f6rd\u00fcl\u00e9keny j\u00e1t\u00e9kmenetet biztos\u00edt, ami t\u00f6k\u00e9letes az AAA-c\u00edmekhez. <\/p>\n\n<figure class=\"wp-block-image aligncenter size-full\"><img decoding=\"async\" src=\"https:\/\/gpdstore.net\/wp-content\/uploads\/\" alt=\"A GPD G1 2024 eGPU dokkol&#xF3;&#xE1;llom&#xE1;s k&#xE9;pe AMD Radeon RX 7600M XT GPU-val, TGP Toggle kapcsol&#xF3;val &#xE9;s sokoldal&#xFA; csatlakoz&#xE1;si lehet&#x151;s&#xE9;gekkel. Ide&#xE1;lis j&#xE1;t&#xE9;kosok &#xE9;s szakemberek sz&#xE1;m&#xE1;ra.  El&#x151;rendel&#xE9;s most a forradalmi k&#xE9;pess&#xE9;gek&#xE9;rt.\" class=\"wp-image-1505\"\/><\/figure>\n\n<h2 class=\"wp-block-heading\"><strong>Friss\u00edtett HDMI \u00e9s USB csatlakoz\u00f3k<\/strong><\/h2>\n\n<p>A GPD G1 2024 eGPU modell friss\u00edtett HDMI 2.1 porttal rendelkezik, amely t\u00e1mogatja a 4K 120Hz-es kimenetet \u00e9s egy USB 4 portot 65W-os kimeneti teljes\u00edtm\u00e9ny\u0171, jav\u00edtva a vizu\u00e1lis min\u0151s\u00e9get \u00e9s az eszk\u00f6zkompatibilit\u00e1st.<\/p>\n\n<h2 class=\"wp-block-heading\"><strong>Felhaszn\u00e1l\u00f3i \u00e9lm\u00e9ny<\/strong><\/h2>\n\n<p>A GPD G1 \u00fajradefini\u00e1lja a felhaszn\u00e1l\u00f3i \u00e9lm\u00e9nyt az\u00e1ltal, hogy asztali szint\u0171 j\u00e1t\u00e9kteljes\u00edtm\u00e9nyt k\u00edn\u00e1l hordozhat\u00f3 form\u00e1tumban. A t\u00f6bb USB-portnak, valamint a HDMI \u00e9s a kett\u0151s DisplayPort kimeneteknek k\u00f6sz\u00f6nhet\u0151en a felhaszn\u00e1l\u00f3k mag\u00e1val ragad\u00f3 j\u00e1t\u00e9kk\u00e9szleteket vagy produkt\u00edv multitasking-k\u00f6rnyezeteket hozhatnak l\u00e9tre. Az eszk\u00f6z ergonomikus kialak\u00edt\u00e1sa \u00e9s az egyszer\u0171 telep\u00edt\u00e9si folyamat biztos\u00edtja, hogy a felhaszn\u00e1l\u00f3k perceken bel\u00fcl elkezdhessenek j\u00e1tszani vagy dolgozni.  <\/p>\n\n<div class=\"wp-block-columns is-layout-flex wp-container-core-columns-is-layout-28f84493 wp-block-columns-is-layout-flex\">\n<div class=\"wp-block-column is-layout-flow wp-block-column-is-layout-flow\" style=\"flex-basis:100%\">\n<h2 class=\"wp-block-heading\"><strong>K\u00f6vetkeztet\u00e9s<\/strong><\/h2>\n<\/div>\n<\/div>\n\n<p>A GPD G1 2024 eGPU dokkol\u00f3\u00e1llom\u00e1s \u00e9len j\u00e1r a technol\u00f3giai innov\u00e1ci\u00f3ban, a kiv\u00e1l\u00f3 teljes\u00edtm\u00e9nyt, az eleg\u00e1ns diz\u00e1jnt \u00e9s a kiv\u00e9teles funkcionalit\u00e1st \u00f6tv\u00f6zve. A f\u00e9lelmetes AMD Radeon RX 7600M XT GPU-val \u00e9s \u00fatt\u00f6r\u0151 TGP Toggle kapcsol\u00f3val felszerelve sokoldal\u00fa csatlakoz\u00e1si lehet\u0151s\u00e9geket biztos\u00edt, \u00e9s kompatibilis a ROG Ally-vel. A GPD G1 eGPU dokkol\u00f3\u00e1llom\u00e1s a v\u00e9gleges v\u00e1laszt\u00e1s azok sz\u00e1m\u00e1ra, akik a legmagasabb szint\u0171 j\u00e1t\u00e9kra \u00e9s termel\u00e9kenys\u00e9gre t\u00f6rekszenek.  L\u00e9pjen be a sz\u00f3rakoz\u00e1s j\u00f6v\u0151j\u00e9be egy olyan eszk\u00f6zzel, amely felszabadul a hagyom\u00e1nyos sz\u00e1m\u00edt\u00e1stechnika korl\u00e1tai al\u00f3l.<\/p>\n\n<h2 class=\"wp-block-heading has-text-align-center\">A legjobb PC-s j\u00e1t\u00e9kk\u00e9zisz\u00e1m\u00edt\u00f3g\u00e9pek a GPD G1-hez<\/h2>\n\n<p>A GPD G1 2024 egy cs\u00facstechnol\u00f3gi\u00e1s eGPU, amely jelent\u0151sen n\u00f6veli a k\u00fcl\u00f6nb\u00f6z\u0151 PC k\u00e9zisz\u00e1m\u00edt\u00f3g\u00e9pek j\u00e1t\u00e9kteljes\u00edtm\u00e9ny\u00e9t, \u00edgy ide\u00e1lis kieg\u00e9sz\u00edt\u0151je a GPD Win Max 2 2024, Win 4 2024 \u00e9s Win Mini 2024 k\u00e9sz\u00fcl\u00e9keknek. A GPD Win Max 2 2024 nagy, 10,1 h\u00fcvelykes k\u00e9perny\u0151vel, nagy teljes\u00edtm\u00e9ny\u0171 Intel 12. gener\u00e1ci\u00f3s processzorral \u00e9s teljes m\u00e9ret\u0171 billenty\u0171zettel b\u00fcszk\u00e9lkedhet, \u00edgy sokoldal\u00fa megold\u00e1st k\u00edn\u00e1l j\u00e1t\u00e9khoz \u00e9s termel\u00e9kenys\u00e9ghez egyar\u00e1nt. A GPD Win 4 2024 kompakt kialak\u00edt\u00e1s\u00fa, kics\u00fasztathat\u00f3 billenty\u0171zettel rendelkezik, \u00e9s AMD Ryzen 7 7840U processzorral m\u0171k\u00f6dik, \u00edgy t\u00f6k\u00e9letes egyens\u00falyt teremt a hordozhat\u00f3s\u00e1g \u00e9s a teljes\u00edtm\u00e9ny k\u00f6z\u00f6tt. A GPD Win Mini 2024, a term\u00e9kcsal\u00e1d leg\u00fajabb \u00e9s legkisebb tagja, hat\u00e9kony kialak\u00edt\u00e1s\u00e1val \u00e9s cs\u00facskateg\u00f3ri\u00e1s belsej\u00e9vel leny\u0171g\u00f6z\u0151 teljes\u00edtm\u00e9nyt ny\u00fajt, \u00edgy ide\u00e1lis v\u00e1laszt\u00e1s az \u00faton l\u00e9v\u0151 j\u00e1t\u00e9kosok sz\u00e1m\u00e1ra. A GPD G1 2024 k\u00e9sz\u00fcl\u00e9kkel p\u00e1ros\u00edtva ezek az eszk\u00f6z\u00f6k hordozhat\u00f3 j\u00e1t\u00e9ker\u0151m\u0171vekk\u00e9 v\u00e1lnak, amelyek k\u00f6nnyed\u00e9n kezelik a leg\u00fajabb AAA c\u00edmeket, \u00e9s z\u00f6kken\u0151mentes, mag\u00e1val ragad\u00f3 j\u00e1t\u00e9k\u00e9lm\u00e9nyt ny\u00fajtanak.    <\/p>\n","protected":false},"excerpt":{"rendered":"<ul>\n<li>GPU:<strong> XT<\/strong> eGPU: AMD Radeon\u2122<strong> RX 7600M XT<\/strong> eGPU  <\/li>\n<li>KOMPATIBILIT\u00c1S:<strong> OCuLink, USB 4, Thunderbolt 3 \u00e9s 4<\/strong><\/li>\n<li>OCULINK:<strong> PCI Express csatlakoztathat\u00f3s\u00e1g<\/strong><\/li>\n<li>USB 4:<strong> ak\u00e1r 40 Gbps<\/strong><\/li>\n<li>A k\u00f6vetkez\u0151kre tervezt\u00e9k: <strong>GPD WIN<\/strong> MAX 2, WIN 4, WIN Mini, ROG Ally X  <\/li>\n<\/ul>\n[cg_accordion title=\"FIZET\u00c9SI INFORM\u00c1CI\u00d3K\"]<\/p>\n<p>A leg\u00fajabb technol\u00f3gi\u00e1t haszn\u00e1ljuk a fizet\u00e9si folyamatok feldolgoz\u00e1s\u00e1ban, amely lehet\u0151v\u00e9 teszi, hogy a gyors \u00e9s biztons\u00e1gos fizet\u00e9s \u00e9rdek\u00e9ben bankk\u00e1rty\u00e1val\/hitelk\u00e1rty\u00e1val vagy PayPal-lal fizessen.[\/cg_accordion]\n[cg_accordion title=\"GARANCIA\"]<\/p>\n<p>2 \u00e9v garancia a <a href=\"https:\/\/droix.net\/\" target=\"_blank\" rel=\"nofollow noopener\">DROIX Global- t\u00f3l az \u00d6n nyugalma \u00e9rdek\u00e9ben<\/a> [\/cg_accordion]\n[cg_accordion title=\"MIN\u0150S\u00c9GBIZTOS\u00cdT\u00c1S \u00c9S SZ\u00c1LL\u00cdT\u00c1S EL\u0150TTI TESZTEL\u00c9S\"]<\/p>\n<p>A legmagasabb sz\u00ednvonal\u00fa \u00fcgyf\u00e9l-el\u00e9gedetts\u00e9g biztos\u00edt\u00e1sa: Minden k\u00e9sz\u00fcl\u00e9ket szigor\u00fa tesztel\u00e9snek \u00e9s t\u00f6bbpontos min\u0151s\u00e9gbiztos\u00edt\u00e1si ellen\u0151rz\u00e9snek vetnek al\u00e1, miel\u0151tt kisz\u00e1ll\u00edt\u00e1sra ker\u00fcl. Elk\u00f6telezett csapatunk ellen\u0151rzi a teljes\u00edtm\u00e9nyt, a funkcionalit\u00e1st \u00e9s az alkatr\u00e9szek \u00e9ps\u00e9g\u00e9t, hogy garant\u00e1ljuk, hogy a GPD k\u00e9sz\u00fcl\u00e9k meg\u00e9rkez\u00e9sekor t\u00f6k\u00e9letes m\u0171k\u00f6d\u00e9si \u00e1llapotban van, \u00edgy biztos\u00edtva \u00d6nnek a bizalmat \u00e9s a nyugalmat. [\/cg_accordion]\n[cg_accordion title=\"\u00c1RK\u00c9PZ\u00c9S, AD\u00d3K \u00c9S SZ\u00c1LL\u00cdT\u00c1S\"]<\/p>\n<p><strong><u>Megjegyz\u00e9s:<\/u><\/strong><\/p>\n<ul>\n<li>Egyes\u00fclt \u00c1llamok \u00dcgyfelek: A felt\u00fcntetett \u00e1r NEM tartalmazza az ad\u00f3t \u00e9s a v\u00e1mokat. A v\u00e1mkezel\u00e9s \u00e9s a kapcsol\u00f3d\u00f3 ad\u00f3k\/v\u00e1mok megfizet\u00e9se az \u00fcgyfelet terheli. <\/li>\n<li>EU-s \u00fcgyfelek: A felt\u00fcntetett \u00e1r tartalmazza az alkalmazand\u00f3 ad\u00f3t, amely az \u00d6n orsz\u00e1g\u00e1t\u00f3l f\u00fcgg\u0151en ak\u00e1r 25% is lehet.<\/li>\n<li>Kanadai \u00fcgyfelek: A felt\u00fcntetett \u00e1r tartalmazza az alkalmazand\u00f3 ad\u00f3kat, amelyek az \u00d6n tartom\u00e1ny\u00e1t\u00f3l f\u00fcgg\u0151en tartalmazhatj\u00e1k az 5%-os GST-t \u00e9s tov\u00e1bbi tartom\u00e1nyi forgalmi ad\u00f3kat (PST), harmoniz\u00e1lt forgalmi ad\u00f3t (HST) vagy qu\u00e9beci forgalmi ad\u00f3t (QST).<\/li>\n<\/ul>\n<p><strong>CSAK EU-s \u00fcgyfelek sz\u00e1m\u00e1ra:<\/strong> Express DDP (Delivered Duty Paid). Ez azt jelenti: <\/p>\n<ul>\n<li>A term\u00e9koldalon felt\u00fcntetett \u00e1r tartalmazza az \u00f6sszes v\u00e1mot \u00e9s ad\u00f3t.<\/li>\n<li>A k\u00e9zbes\u00edt\u00e9skor nem kell tov\u00e1bbi d\u00edjakat fizetnie.<\/li>\n<li>Abban a ritka esetben, ha a v\u00e1mkezel\u00e9ssel kapcsolatos probl\u00e9m\u00e1k mer\u00fclnek fel, csapatunk az \u00d6n nev\u00e9ben elv\u00e9gzi a v\u00e1mkezel\u00e9si folyamatot, hogy biztos\u00edtsa a z\u00f6kken\u0151mentes sz\u00e1ll\u00edt\u00e1st.<\/li>\n<p>Fontos inform\u00e1ci\u00f3k a visszak\u00fcld\u00e9sr\u0151l:<\/p>\n<li>Ha \u00fagy d\u00f6nt, hogy visszak\u00fcldi megrendel\u00e9s\u00e9t vagy visszat\u00e9r\u00edt\u00e9st k\u00e9r, k\u00e9rj\u00fck, vegye figyelembe, hogy az \u00d6n nev\u00e9ben a DDP felt\u00e9telei szerint kifizetett ad\u00f3k \u00e9s v\u00e1mok nem t\u00e9r\u00edthet\u0151k vissza.<\/li>\n<p>R\u00e9szletes <a href=\"https:\/\/droix.net\/terms-and-conditions\/\" target=\"_blank\" rel=\"nofollow noopener\">inform\u00e1ci\u00f3k\u00e9rt k\u00e9rj\u00fck, olvassa el a Felhaszn\u00e1l\u00e1si Felt\u00e9teleinket<\/a>.\n<\/ul>\n<p>[\/cg_accordion]\n[cg_accordion title=\"\u00dcGYF\u00c9LSZOLG\u00c1LAT\"]<\/p>\n<p>K\u00e9rd\u00e9se van? Egy r\u00f6vid sz\u00f6veges \u00fczenetben m\u00e1ris megoldjuk a probl\u00e9m\u00e1j\u00e1t! <\/p>\n<p>R\u00e9szletes <a href=\"https:\/\/gpdstore.net\/hu\/terms-of-service\/\" target=\"_blank\" rel=\"nofollow noopener\">inform\u00e1ci\u00f3k\u00e9rt k\u00e9rj\u00fck, olvassa el a Felhaszn\u00e1l\u00e1si Felt\u00e9teleinket<\/a>.\n<\/ul>\n<p>[\/cg_accordion]\n[cg_accordion title=\"MIT TARTALMAZ\"]<\/p>\n<ul>\n<li>1x GPD G1 2024<\/li>\n<li>1x h\u00e1l\u00f3zati adapter<\/li>\n<li>1x USB Type-C k\u00e1bel<\/li>\n<li>1x Felhaszn\u00e1l\u00f3i k\u00e9zik\u00f6nyv<\/li>\n<\/ul>\n<p>[\/cg_accordion]\n","protected":false},"featured_media":120164,"template":"","meta":{"_acf_changed":false},"product_brand":[],"product_cat":[5408],"product_tag":[16265,5660],"woo-feed-brand":[5662],"class_list":{"0":"post-243534","1":"product","2":"type-product","3":"status-publish","4":"has-post-thumbnail","6":"product_cat-tartozekok","7":"product_tag-10xmsale-hu","8":"product_tag-gpd-g1-hu","9":"product_shipping_class-premium","10":"pa_brand-gpd","11":"pa_graphics-gpu-model-radeon-rx-7600m-xt-hu","12":"pa_i-o-video-1x-oculink-hu","13":"pa_i-o-video-1x-usb-4-0-type-c-tipus-c-40gb-s-sebesseggel","14":"woo-feed-brand-gpd-hu","16":"first","17":"outofstock","18":"taxable","19":"shipping-taxable","20":"purchasable","21":"product-type-variable","22":"has-default-attributes"},"acf":[],"aioseo_notices":[],"_links":{"self":[{"href":"https:\/\/gpdstore.net\/hu\/wp-json\/wp\/v2\/product\/243534","targetHints":{"allow":["GET"]}}],"collection":[{"href":"https:\/\/gpdstore.net\/hu\/wp-json\/wp\/v2\/product"}],"about":[{"href":"https:\/\/gpdstore.net\/hu\/wp-json\/wp\/v2\/types\/product"}],"wp:featuredmedia":[{"embeddable":true,"href":"https:\/\/gpdstore.net\/hu\/wp-json\/wp\/v2\/media\/120164"}],"wp:attachment":[{"href":"https:\/\/gpdstore.net\/hu\/wp-json\/wp\/v2\/media?parent=243534"}],"wp:term":[{"taxonomy":"product_brand","embeddable":true,"href":"https:\/\/gpdstore.net\/hu\/wp-json\/wp\/v2\/product_brand?post=243534"},{"taxonomy":"product_cat","embeddable":true,"href":"https:\/\/gpdstore.net\/hu\/wp-json\/wp\/v2\/product_cat?post=243534"},{"taxonomy":"product_tag","embeddable":true,"href":"https:\/\/gpdstore.net\/hu\/wp-json\/wp\/v2\/product_tag?post=243534"},{"taxonomy":"woo-feed-brand","embeddable":true,"href":"https:\/\/gpdstore.net\/hu\/wp-json\/wp\/v2\/woo-feed-brand?post=243534"}],"curies":[{"name":"wp","href":"https:\/\/api.w.org\/{rel}","templated":true}]}}