{"id":219873,"date":"2023-11-17T16:30:05","date_gmt":"2023-11-17T16:30:05","guid":{"rendered":"https:\/\/gpdstore.net\/nem-kategorizalt\/gpd-win-max-2-2023-jatek-kezi-pc\/"},"modified":"2025-12-19T16:32:17","modified_gmt":"2025-12-19T16:32:17","slug":"gpd-win-max-2-2023","status":"publish","type":"product","link":"https:\/\/gpdstore.net\/hu\/product\/gpd-win-max-2-2023\/","title":{"rendered":"GPD WIN MAX 2 2023 j\u00e1t\u00e9k k\u00e9zi PC"},"content":{"rendered":"\n<figure class=\"wp-block-video\"><video controls=\"\" muted=\"\" poster=\"https:\/\/gpdstore.net\/wp-content\/uploads\/2024\/03\/q2hzxpbiybborpwbpolh-ezgif.com-webp-to-png-converter.png\" src=\"https:\/\/gpdstore.net\/wp-content\/uploads\/2024\/05\/gpd-win-max-2.mp4\"><\/video><\/figure>\n\n<div class=\"wp-block-columns is-layout-flex wp-container-core-columns-is-layout-28f84493 wp-block-columns-is-layout-flex\">\n<div class=\"wp-block-column is-layout-flow wp-block-column-is-layout-flow\" style=\"flex-basis:33.33%\">\n<figure class=\"wp-block-image size-full\"><img fetchpriority=\"high\" decoding=\"async\" width=\"669\" height=\"582\" src=\"https:\/\/gpdstore.net\/wp-content\/uploads\/2024\/05\/7044098-1.png\" alt=\"gpd win max 2\" class=\"wp-image-1642\" srcset=\"https:\/\/gpdstore.net\/wp-content\/uploads\/2024\/05\/7044098-1.png 669w, https:\/\/gpdstore.net\/wp-content\/uploads\/2024\/05\/7044098-1-150x130.png 150w, https:\/\/gpdstore.net\/wp-content\/uploads\/2024\/05\/7044098-1-600x522.png 600w, https:\/\/gpdstore.net\/wp-content\/uploads\/2024\/05\/7044098-1-441x384.png 441w\" sizes=\"(max-width: 669px) 100vw, 669px\" \/><\/figure>\n<\/div>\n\n\n\n<div class=\"wp-block-column is-layout-flow wp-block-column-is-layout-flow\" style=\"flex-basis:66.66%\">\n<h2 class=\"wp-block-heading\"><strong>GPD WIN MAX 2 2023 Handheld Gaming PC &#8211; AMD Ryzen 7 7840U (Zen 4), 10.1&#8243; 2.5K Display, 64GB RAM, OcuLink Support<\/strong><\/h2>\n\n\n\n<p>Why pay 2025 flagship prices when the GPD WIN MAX 2 2023 remains a top-tier contender? Powered by the legendary AMD Ryzen 7 7840U, this device is the ultimate &#8220;Silicon Sweet Spot&#8221; for gamers and professionals who demand 2.5K resolution and desktop-grade multitasking without the 2025 premium.<\/p>\n<\/div>\n<\/div>\n\n<h2 class=\"wp-block-heading has-text-align-center\">Kiv\u00e1l\u00f3s\u00e1gra tervezve: Professzion\u00e1lis sokoldal\u00fas\u00e1g \u00e9s intelligens h\u0171t\u00e9s.<\/h2>\n\n<div class=\"wp-block-columns is-layout-flex wp-container-core-columns-is-layout-28f84493 wp-block-columns-is-layout-flex\">\n<div class=\"wp-block-column is-layout-flow wp-block-column-is-layout-flow\">\n<figure class=\"wp-block-image size-full\"><img decoding=\"async\" width=\"300\" height=\"300\" src=\"https:\/\/gpdstore.net\/wp-content\/uploads\/2024\/05\/074b1b41-54da-4de3-8a68-9035e22feb91.__CR880899899_PT0_SX300_V1___-1.jpg\" alt=\"gomb elt&#xE1;vol&#xED;t&#xE1;sa a gpd win max 2 sz&#xE1;m&#xE1;ra\" class=\"wp-image-1643\" srcset=\"https:\/\/gpdstore.net\/wp-content\/uploads\/2024\/05\/074b1b41-54da-4de3-8a68-9035e22feb91.__CR880899899_PT0_SX300_V1___-1.jpg 300w, https:\/\/gpdstore.net\/wp-content\/uploads\/2024\/05\/074b1b41-54da-4de3-8a68-9035e22feb91.__CR880899899_PT0_SX300_V1___-1-150x150.jpg 150w, https:\/\/gpdstore.net\/wp-content\/uploads\/2024\/05\/074b1b41-54da-4de3-8a68-9035e22feb91.__CR880899899_PT0_SX300_V1___-1-100x100.jpg 100w\" sizes=\"(max-width: 300px) 100vw, 300px\" \/><\/figure>\n\n\n\n<h3 class=\"wp-block-heading\"><strong><strong><strong>A Hall-\u00e9rz\u00e9kel\u0151 el\u0151nye:<\/strong> Hogyan k\u00fcsz\u00f6b\u00f6li ki a m\u00e1gneses indukci\u00f3 a &#8220;Stick Drift&#8221;-et \u00e9s a fizikai kop\u00e1st.<\/strong><\/strong><\/h3>\n\n\n\n<p>A hagyom\u00e1nyos potenciom\u00e9ter p\u00e1lca, amely az ellen\u00e1ll\u00e1s kef\u00e9re t\u00e1maszkodik a fesz\u00fclts\u00e9gjel l\u00e9trehoz\u00e1s\u00e1hoz, hajlamos a hossz\u00fa t\u00e1v\u00fa haszn\u00e1lat sor\u00e1n bek\u00f6vetkez\u0151 kop\u00e1s okozta \u201esodr\u00f3d\u00e1si\u201d probl\u00e9m\u00e1kra. A WIN Max 2 2023-as modellel el\u0151sz\u00f6r mutattuk be a be\u00e9p\u00edtett induktivit\u00e1stekercsekkel ell\u00e1tott Hall-\u00e9rz\u00e9kel\u0151 p\u00e1lc\u00e1kat. A m\u00e1gneses indukci\u00f3 m\u0171k\u00f6d\u00e9si elve (k\u00fcl\u00f6nb\u00f6z\u0151 m\u00e1gneses fluxusok keletkeznek, amikor a p\u00e1lca k\u00fcl\u00f6nb\u00f6z\u0151 poz\u00edci\u00f3kba forog, ami viszont k\u00fcl\u00f6nb\u00f6z\u0151 fesz\u00fclts\u00e9gjeleket gener\u00e1l) meghat\u00e1rozza, hogy a Hall-\u00e9rz\u00e9kel\u0151 p\u00e1lc\u00e1k nem kopnak, \u00e9s ez\u00e9rt nem lesz probl\u00e9ma a p\u00e1lca sodr\u00f3d\u00e1sa.<\/p>\n<\/div>\n\n\n\n<div class=\"wp-block-column is-layout-flow wp-block-column-is-layout-flow\">\n<figure class=\"wp-block-image size-full\"><img decoding=\"async\" src=\"https:\/\/gpdstore.net\/wp-content\/uploads\/\" alt=\"m&#xE1;gneses fedelek gpd-hez\" class=\"wp-image-1645\"\/><\/figure>\n\n\n\n<h3 class=\"wp-block-heading\"><strong><strong><strong><strong>Magnetic Stealth Covers:<\/strong> Hide the joysticks for a clean, professional look in meetings.<\/strong><\/strong><\/strong><\/h3>\n\n\n\n<p>A k\u00e9zi j\u00e1t\u00e9k PC-be \u00e9p\u00edtett j\u00e1t\u00e9kvez\u00e9rl\u0151 alkalmatlann\u00e1 teheti a munkahelyi haszn\u00e1latra! Ennek a probl\u00e9m\u00e1nak a megold\u00e1s\u00e1ra k\u00e9t p\u00e1lcaburkolatot adtunk a WIN Max 2 2023-hoz. A m\u00e1gneses kialak\u00edt\u00e1s biztos\u00edtja, hogy a k\u00e9t fed\u00e9l nem esik le a k\u00e9sz\u00fcl\u00e9k haszn\u00e1lata k\u00f6zben. J\u00e1t\u00e9k k\u00f6zben a bor\u00edt\u00f3kat a h\u00e1ts\u00f3 rekeszbe is elteheti, ami seg\u00edt megel\u0151zni a v\u00e9letlen elveszt\u00e9st!<\/p>\n<\/div>\n\n\n\n<div class=\"wp-block-column is-layout-flow wp-block-column-is-layout-flow\">\n<figure class=\"wp-block-image size-full\"><img decoding=\"async\" width=\"300\" height=\"300\" src=\"https:\/\/gpdstore.net\/wp-content\/uploads\/2024\/05\/5f397565-522a-44f6-910c-e7d2cec4ed88.__CR107012291229_PT0_SX300_V1___-1.jpg\" alt=\"h&#x171;t&#xE9;s win max 2\" class=\"wp-image-1646\" srcset=\"https:\/\/gpdstore.net\/wp-content\/uploads\/2024\/05\/5f397565-522a-44f6-910c-e7d2cec4ed88.__CR107012291229_PT0_SX300_V1___-1.jpg 300w, https:\/\/gpdstore.net\/wp-content\/uploads\/2024\/05\/5f397565-522a-44f6-910c-e7d2cec4ed88.__CR107012291229_PT0_SX300_V1___-1-150x150.jpg 150w, https:\/\/gpdstore.net\/wp-content\/uploads\/2024\/05\/5f397565-522a-44f6-910c-e7d2cec4ed88.__CR107012291229_PT0_SX300_V1___-1-100x100.jpg 100w\" sizes=\"(max-width: 300px) 100vw, 300px\" \/><\/figure>\n\n\n\n<h3 class=\"wp-block-heading\"><strong><strong>Fejlett hardver:<\/strong> A nagy teljes\u00edtm\u00e9ny\u0171 turb\u00f3ventil\u00e1tor \u00e9s a kett\u0151s h\u0151cs\u00f6vek kihaszn\u00e1l\u00e1sa a robusztus l\u00e9g\u00e1raml\u00e1s \u00e9rdek\u00e9ben.<\/strong><\/h3>\n\n\n\n<p>A GPD WIN MAX 2 2023 egy tov\u00e1bbfejlesztett, PC-min\u0151s\u00e9g\u0171 h\u0171t\u0151rendszerrel rendelkezik, amely nagym\u00e9ret\u0171 turb\u00f3ventil\u00e1torral + kett\u0151s h\u0151cs\u0151vel rendelkezik, \u00e9s nagy mennyis\u00e9g\u0171 oldals\u00f3 l\u00e9gbef\u00fav\u00e1ssal \u00e9s rendk\u00edv\u00fcl intelligens sebess\u00e9gszab\u00e1lyoz\u00e1ssal b\u00fcszk\u00e9lkedhet. Ha a bels\u0151 h\u0151m\u00e9rs\u00e9klet 40 \u00b0C-n\u00e1l alacsonyabb, a ventil\u00e1tor fordulatsz\u00e1ma nem haladja meg a maxim\u00e1lis teljes\u00edtm\u00e9ny 20%-\u00e1t. Amikor a bels\u0151 h\u0151m\u00e9rs\u00e9klet el\u00e9ri a 40\u00b0C-ot, a ventil\u00e1tor sebess\u00e9ge 2%-os PWM l\u00e9p\u00e9sekben emelkedik, am\u00edg el nem \u00e9ri a maxim\u00e1lis k\u00fcsz\u00f6b\u00e9rt\u00e9ket (100%).<\/p>\n<\/div>\n<\/div>\n\n<h3 class=\"wp-block-heading\"><strong>VIZU\u00c1LIS \u00c9LVEZET: 10,1&#8243;-OS \u00c9RINT\u0150K\u00c9PERNY\u0150<\/strong><\/h3>\n\n<figure class=\"wp-block-image size-large\"><img loading=\"lazy\" decoding=\"async\" width=\"1200\" height=\"782\" src=\"https:\/\/gpdstore.net\/wp-content\/uploads\/2024\/05\/7044066-1-1200x782.png\" alt=\"GPD win max PC-vel\" class=\"wp-image-1648\" srcset=\"https:\/\/gpdstore.net\/wp-content\/uploads\/2024\/05\/7044066-1-1200x782.png 1200w, https:\/\/gpdstore.net\/wp-content\/uploads\/2024\/05\/7044066-1-150x98.png 150w, https:\/\/gpdstore.net\/wp-content\/uploads\/2024\/05\/7044066-1-600x391.png 600w, https:\/\/gpdstore.net\/wp-content\/uploads\/2024\/05\/7044066-1-768x501.png 768w, https:\/\/gpdstore.net\/wp-content\/uploads\/2024\/05\/7044066-1-990x645.png 990w, https:\/\/gpdstore.net\/wp-content\/uploads\/2024\/05\/7044066-1-441x287.png 441w, https:\/\/gpdstore.net\/wp-content\/uploads\/2024\/05\/7044066-1.png 1442w\" sizes=\"(max-width: 1200px) 100vw, 1200px\" \/><\/figure>\n\n<p>K\u00e9sz\u00fclj\u00f6n fel, hogy a GPD WIN MAX 2 2023 10,1&#8243; 10 pontos Touch Control \u00e9rint\u0151kijelz\u0151je leny\u0171g\u00f6zi. A 16:10 k\u00e9par\u00e1ny\u00fa \u00e9s 1920&#215;1200 felbont\u00e1s\u00fa, \u00e9l\u00e9nk k\u00e9perny\u0151 leny\u0171g\u00f6z\u0151 l\u00e1tv\u00e1nyt ny\u00fajt. Az ak\u00e1r 2560&#215;1600-as felbont\u00e1st \u00e9s 299 <a href=\"https:\/\/www.displayninja.com\/what-is-pixel-density\/\">PPI pixels\u0171r\u0171s\u00e9get t\u00e1mogat\u00f3 k\u00e9perny\u0151 minden r\u00e9szlet \u00e9les \u00e9s tiszta ,<\/a> \u00edgy mag\u00e1val ragad\u00f3 j\u00e1t\u00e9k\u00e9lm\u00e9nyt ny\u00fajt.  <\/p>\n\n<h2 class=\"wp-block-heading\"><strong><strong>Zen 4 Performance: The Emulation King<\/strong><\/strong><\/h2>\n\n<p>The 7840U Phoenix architecture remains a fan favorite in 2025 for its incredible efficiency.<\/p>\n\n<p>Native OcuLink: Skip the USB4 bottlenecks. Connect directly to the GPD G1 eGPU for a 4K desktop experience.<\/p>\n\n<p>Pro-Grade Emulation: Native AVX-512 support allows for superior PS3 (RPCS3) and Xbox 360 (Xenia) performance compared to many newer, more expensive handhelds.<\/p>\n\n<p>Software Boosted: Fully compatible with AMD AFMF 2 and FSR 3.1, allowing you to play AAA titles at smooth frame rates on the 10.1&#8243; screen.<\/p>\n\n<h2 class=\"wp-block-heading\"><strong>MEGH\u00d6KKENT\u0150 GRAFIKA: AMD RADEON 780M GPU<\/strong><\/h2>\n\n<p>A GPD WIN MAX 2 2023 leny\u0171g\u00f6z\u0151 l\u00e1tv\u00e1nyvil\u00e1g\u00e1t az AMD <a href=\"https:\/\/www.notebookcheck.net\/AMD-Radeon-780M-GPU-Benchmarks-and-Specs.680539.0.html\" target=\"_blank\" rel=\"noreferrer noopener nofollow\">Radeon 780M GPU-nak k\u00f6sz\u00f6nhet\u0151en a GPD WIN MAX 2 2023 is leny\u0171g\u00f6z .<\/a> Ez a nagy teljes\u00edtm\u00e9ny\u0171 grafikus k\u00e1rtya z\u00f6kken\u0151mentes k\u00e9pkockasebess\u00e9get \u00e9s l\u00e9legzetel\u00e1ll\u00edt\u00f3 grafik\u00e1t biztos\u00edt a vizu\u00e1lisan leny\u0171g\u00f6z\u0151 j\u00e1t\u00e9k\u00e9lm\u00e9ny \u00e9rdek\u00e9ben.<\/p>\n\n<h2 class=\"wp-block-heading\"><strong>P\u00c1RATLAN MEM\u00d3RIA: AK\u00c1R 64GB LPDDR5 RAM<\/strong><\/h2>\n\n<p>A GPD WIN MAX 2 2023 vill\u00e1mgyors 6400 MT\/s-os <a href=\"https:\/\/en.wikipedia.org\/wiki\/LPDDR\">LPDDR5 RAM<\/a> mem\u00f3ri\u00e1val van felszerelve, amely gyors bet\u00f6lt\u00e9si id\u0151ket, z\u00f6kken\u0151mentes t\u00f6bbfeladatos m\u0171k\u00f6d\u00e9st \u00e9s z\u00f6kken\u0151mentes j\u00e1t\u00e9kot biztos\u00edt ig\u00e9nyes forgat\u00f3k\u00f6nyvek eset\u00e9n is.<\/p>\n\n<h2 class=\"wp-block-heading\"><strong>B\u0150VES T\u00c1ROL\u00c1S: SSD 4TB <\/strong><\/h2>\n\n<p>Felejtsd el, hogy kifogysz a t\u00e1rhelyb\u0151l a t\u00e1gas M.2 NVME 2280 <a href=\"https:\/\/en.wikipedia.org\/wiki\/NVM_Express#:~:text=NVM%20Express%20(NVMe)%20or%20Non,via%20the%20PCI%20Express%20bus.\">SSD-vel<\/a>, amely hatalmas, 4 TB-os kapacit\u00e1ssal b\u00fcszk\u00e9lkedhet. Mondjon b\u00facs\u00fat a j\u00e1t\u00e9kok helyhi\u00e1nyos t\u00f6rl\u00e9s\u00e9nek; a GPD WIN MAX 2 2023 seg\u00edts\u00e9g\u00e9vel a lehet\u0151s\u00e9gek t\u00e1rh\u00e1za v\u00e9gtelen.<\/p>\n\n<h2 class=\"wp-block-heading\"><strong>MARADJON KAPCSOLATBAN: \u00c9S BLUETOOTH 5.2<\/strong><\/h2>\n\n<p>A <a href=\"https:\/\/www.theverge.com\/2019\/2\/21\/18232026\/wi-fi-6-speed-explained-router-wifi-how-does-work\">WiFi 6 vill\u00e1mgyors \u00e9s stabil internetkapcsolatot biztos\u00edt\u00f3 WiFi 6<\/a> seg\u00edts\u00e9g\u00e9vel a csatlakoztathat\u00f3s\u00e1g kulcsfontoss\u00e1g\u00fa, ami z\u00f6kken\u0151mentes online j\u00e1t\u00e9k\u00e9lm\u00e9nyt biztos\u00edt. <a href=\"https:\/\/www.bluetooth.com\/bluetooth-resources\/whats-new-in-core-spec-version-5-2\/\">A Bluetooth 5.2<\/a> lehet\u0151v\u00e9 teszi a vezet\u00e9k n\u00e9lk\u00fcli perif\u00e9ri\u00e1k csatlakoztat\u00e1s\u00e1t az igaz\u00e1n mag\u00e1val ragad\u00f3 j\u00e1t\u00e9k\u00e9lm\u00e9ny \u00e9rdek\u00e9ben.<\/p>\n\n<h2 class=\"wp-block-heading\"><strong>Z\u00d6KKEN\u0150MENTES CSATLAKOZTATHAT\u00d3S\u00c1G: SOKOLDAL\u00da PORTOK<\/strong><\/h2>\n\n<p>A GPD WIN MAX 2 2023 sz\u00e1mos porttal rendelkezik minden j\u00e1t\u00e9khoz \u00e9s perif\u00e9ri\u00e1hoz. Az 1x USB 4, 1x USB 3.2 Gen 2 Type-C, 2x USB 3.2 Gen 2 Type-A \u00e9s egy OCuLink(SFF-8612) porttal k\u00f6nnyed\u00e9n <a href=\"https:\/\/blog.fosketts.net\/2017\/06\/22\/what-is-oculink\/\" target=\"_blank\" rel=\"noreferrer noopener nofollow\">csatlakoztathatsz k\u00fcls\u0151<\/a> eszk\u00f6z\u00f6ket. <\/p>\n\n<h2 class=\"wp-block-heading\"><strong>TOV\u00c1BBFEJLESZTETT FUNKCI\u00d3K A P\u00c1RATLAN K\u00c9NYELEM\u00c9RT<\/strong><\/h2>\n\n<p>A GPD WIN MAX 2 2023 z\u00f6kken\u0151mentes j\u00e1t\u00e9k\u00e9lm\u00e9nyt ny\u00fajt az ujjlenyomat-\u00e9rz\u00e9kel\u0151vel a k\u00e9sz\u00fcl\u00e9k gyors \u00e9s biztons\u00e1gos felold\u00e1s\u00e1hoz. A Microsoft Precision Touchpad (PTP) z\u00f6kken\u0151mentes \u00e9s pontos kurzorvez\u00e9rl\u00e9st biztos\u00edt, a h\u00e1tt\u00e9rvil\u00e1g\u00edt\u00e1ssal ell\u00e1tott billenty\u0171zet pedig lehet\u0151v\u00e9 teszi a j\u00e1t\u00e9kot gyenge f\u00e9nyviszonyok k\u00f6z\u00f6tt is. <\/p>\n\n<h2 class=\"wp-block-heading\"><strong>TART\u00d3S ER\u0150: HOSSZ\u00da AKKUMUL\u00c1TOR-\u00dcZEMID\u0150<\/strong><\/h2>\n\n<p>A GPD WIN MAX 2 2023 67Wh kapacit\u00e1s\u00fa Li-polimer akkumul\u00e1tora ak\u00e1r 3 \u00f3r\u00e1nyi neh\u00e9z haszn\u00e1latot, 6-8 \u00f3r\u00e1nyi m\u00e9rs\u00e9kelt haszn\u00e1latot \u00e9s leny\u0171g\u00f6z\u0151 14 \u00f3r\u00e1nyi k\u00f6nny\u0171 haszn\u00e1latot biztos\u00edt, \u00edgy megb\u00edzhat\u00f3 \u00e9s tart\u00f3s energiaforr\u00e1st biztos\u00edt a j\u00e1t\u00e9kosok sz\u00e1m\u00e1ra.<\/p>\n\n<h2 class=\"wp-block-heading\"><strong>KOMPAKT \u00c9S K\u00d6NNY\u0170 KIALAK\u00cdT\u00c1S<\/strong><\/h2>\n\n<p>A GPD WIN MAX 2 2023 nagy teljes\u00edtm\u00e9nyt ny\u00fajt kompakt \u00e9s k\u00f6nny\u0171 kivitelben, mind\u00f6ssze 8,9 x 6,2 x 0,9 h\u00fcvelyk m\u00e9retekkel \u00e9s mind\u00f6ssze 1005 g t\u00f6meggel. Kiv\u00e1l\u00f3 min\u0151s\u00e9g\u0171 anyagokb\u00f3l k\u00e9sz\u00fclt, \u00edgy biztos\u00edtja a tart\u00f3ss\u00e1got \u00e9s az \u00e9p\u00edt\u00e9si min\u0151s\u00e9get az \u00fatk\u00f6zbeni j\u00e1t\u00e9khoz. <\/p>\n\n<h2 class=\"wp-block-heading\"><strong>EL\u0150RE TELEP\u00cdTETT WINDOWS 11 HOME<\/strong><\/h2>\n\n<p>A GPD WIN MAX 2 2023 el\u0151re telep\u00edtett <a href=\"https:\/\/www.microsoft.com\/en-gb\/windows\/windows-11\" target=\"_blank\" rel=\"noreferrer noopener nofollow\">Windows 11 Home oper\u00e1ci\u00f3s rendszerrel \u00e9rkezik ,<\/a> amely intuit\u00edv kezel\u0151fel\u00fclet\u00e9vel \u00e9s tov\u00e1bbfejlesztett j\u00e1t\u00e9kfunkci\u00f3ival optimaliz\u00e1lt j\u00e1t\u00e9k\u00e9lm\u00e9nyt ny\u00fajt.<\/p>\n\n<h2 class=\"wp-block-heading\"><strong>K\u00d6VETKEZTET\u00c9S<\/strong><\/h2>\n\n<p>A GPD WIN MAX 2 2023 a t\u00f6k\u00e9letes hordozhat\u00f3 j\u00e1t\u00e9k-PC, amely kompakt form\u00e1ban ny\u00fajt cs\u00facsteljes\u00edtm\u00e9ny\u0171 j\u00e1t\u00e9kteljes\u00edtm\u00e9nyt. AMD Ryzen 7 7840U vagy Ryzen 5 7640U CPU-val, AMD Radeon 780M GPU-val \u00e9s ak\u00e1r 64 GB RAM-mal kiemelked\u0151 teljes\u00edtm\u00e9nyt biztos\u00edt az ig\u00e9nyes j\u00e1t\u00e9kokhoz. A 10,1&#8243;-os \u00e9rint\u00e9svez\u00e9rl\u00e9s\u0171 kijelz\u0151, a sokoldal\u00fa csatlakoztat\u00e1si lehet\u0151s\u00e9gek \u00e9s a k\u00e9nyelmes funkci\u00f3knak k\u00f6sz\u00f6nhet\u0151en a j\u00e1t\u00e9k \u00fatk\u00f6zben is gyerekj\u00e1t\u00e9k. A hossz\u00fa akkumul\u00e1tor-\u00fczemid\u0151 \u00e9s a kompakt kialak\u00edt\u00e1s r\u00e9v\u00e9n korl\u00e1tok n\u00e9lk\u00fcl \u00e9lvezheti a j\u00e1t\u00e9kot.   <\/p>\n\n<h3 class=\"wp-block-heading\"><strong>A GPD WIN MAX 2 2023 el\u0151nyei:<\/strong><\/h3>\n\n<ol class=\"wp-block-list\">\n<li>Powerful Performance: AMD Ryzen 7 7840U CPU and Ryzen 5 7640U with AMD Radeon 780M GPU deliver impressive performance for demanding games.<\/li>\n\n\n\n<li>Compact and Portable: The GPD WIN MAX 2 2023 offers unparalleled portability, making it easy to game on the go.<\/li>\n\n\n\n<li>Stunning Display: The 10.1&#8243; touch control display provides vibrant visuals and a high-resolution experience.<\/li>\n\n\n\n<li>Versatile Connectivity: The GPD WIN MAX 2 2023 offers a range of ports and wireless connectivity options, ensuring seamless integration with peripherals and online gaming experiences.<\/li>\n\n\n\n<li>Ample Storage: The spacious 4TB SSD eliminates the need to constantly delete and reinstall games.<\/li>\n<\/ol>\n\n<h3 class=\"wp-block-heading\">Order Your GPD WIN MAX 2 \u2013 In Stock &amp; Ready to Ship<\/h3>\n\n<p>Get the industry\u2019s most versatile work-and-play hybrid with a full 12-month official warranty.<\/p>\n\n<ul class=\"wp-block-list\">\n<li>Status: In Stock (Ships within 24 hours).<\/li>\n\n\n\n<li>Shipping: Insured worldwide express delivery.<\/li>\n\n\n\n<li>Support: Authorized GPD technical assistance included.<\/li>\n<\/ul>\n\n<p>Olvassa el a teljes GPD WIN MAX 2 2023 \u00e9rt\u00e9kel\u00e9s\u00fcnket <a href=\"https:\/\/droix.net\/blogs\/gpd-win-max-2-2023-review\/\">itt a r\u00e9szletes funkci\u00f3k\u00e9rt, benchmarkok \u00e9rt, j\u00e1t\u00e9kmenet \u00e9rt \u00e9s emul\u00e1ci\u00f3s teljes\u00edtm\u00e9ny \u00e9rt<\/a>.<\/p>\n","protected":false},"excerpt":{"rendered":"<ul>\n<li>CPU:<strong> 7840U \/ 7840U <\/strong> <\/li>\n<li>GPU:<strong> 780M \/<\/strong> AMD Radeon<strong> 760M<\/strong><\/li>\n<li>RAM: legfeljebb<strong> 64 GB LPDDR5X @ 6400 MT\/s<\/strong><\/li>\n<li>T\u00c1ROL\u00c1S: ak\u00e1r 4 TB-os<strong> Gen 3<\/strong> <strong>PCI-E<\/strong> NVMe SSD<\/li>\n<li>Csatlakoztathat\u00f3s\u00e1g: Wi-Fi<strong> 6<\/strong> \u00e9s Bluetooth <strong>5.2<\/strong> t\u00e1mogat\u00e1s<\/li>\n<\/ul>\n[cg_accordion title=\"FIZET\u00c9SI INFORM\u00c1CI\u00d3K\"]<\/p>\n<p>A leg\u00fajabb technol\u00f3gi\u00e1t haszn\u00e1ljuk a fizet\u00e9si folyamatok feldolgoz\u00e1s\u00e1ban, amely lehet\u0151v\u00e9 teszi, hogy a gyors \u00e9s biztons\u00e1gos fizet\u00e9s \u00e9rdek\u00e9ben bankk\u00e1rty\u00e1val\/hitelk\u00e1rty\u00e1val vagy PayPal-lal fizessen.[\/cg_accordion]\n[cg_accordion title=\"GARANCIA\"]<\/p>\n<p>2 \u00e9v garancia a <a href=\"https:\/\/droix.net\/\" target=\"_blank\" rel=\"nofollow noopener\">DROIX Global- t\u00f3l az \u00d6n nyugalma \u00e9rdek\u00e9ben<\/a> [\/cg_accordion]\n[cg_accordion title=\"MIN\u0150S\u00c9GBIZTOS\u00cdT\u00c1S \u00c9S SZ\u00c1LL\u00cdT\u00c1S EL\u0150TTI TESZTEL\u00c9S\"]<\/p>\n<p>A legmagasabb sz\u00ednvonal\u00fa \u00fcgyf\u00e9l-el\u00e9gedetts\u00e9g biztos\u00edt\u00e1sa: Minden k\u00e9sz\u00fcl\u00e9ket szigor\u00fa tesztel\u00e9snek \u00e9s t\u00f6bbpontos min\u0151s\u00e9gbiztos\u00edt\u00e1si ellen\u0151rz\u00e9snek vetnek al\u00e1, miel\u0151tt kisz\u00e1ll\u00edt\u00e1sra ker\u00fcl. Elk\u00f6telezett csapatunk ellen\u0151rzi a teljes\u00edtm\u00e9nyt, a funkcionalit\u00e1st \u00e9s az alkatr\u00e9szek \u00e9ps\u00e9g\u00e9t, hogy garant\u00e1ljuk, hogy a GPD k\u00e9sz\u00fcl\u00e9k meg\u00e9rkez\u00e9sekor t\u00f6k\u00e9letes m\u0171k\u00f6d\u00e9si \u00e1llapotban van, \u00edgy biztos\u00edtva \u00d6nnek a bizalmat \u00e9s a nyugalmat. [\/cg_accordion]\n[cg_accordion title=\"\u00c1RK\u00c9PZ\u00c9S, AD\u00d3K \u00c9S SZ\u00c1LL\u00cdT\u00c1S\"]<\/p>\n<p><strong><u>Megjegyz\u00e9s:<\/u><\/strong><\/p>\n<ul>\n<li>Egyes\u00fclt \u00c1llamok \u00dcgyfelek: A felt\u00fcntetett \u00e1r NEM tartalmazza az ad\u00f3t \u00e9s a v\u00e1mokat. A v\u00e1mkezel\u00e9s \u00e9s a kapcsol\u00f3d\u00f3 ad\u00f3k\/v\u00e1mok megfizet\u00e9se az \u00fcgyfelet terheli. <\/li>\n<li>EU-s \u00fcgyfelek: A felt\u00fcntetett \u00e1r tartalmazza az alkalmazand\u00f3 ad\u00f3t, amely az \u00d6n orsz\u00e1g\u00e1t\u00f3l f\u00fcgg\u0151en ak\u00e1r 25% is lehet.<\/li>\n<li>Kanadai \u00fcgyfelek: A felt\u00fcntetett \u00e1r tartalmazza az alkalmazand\u00f3 ad\u00f3kat, amelyek az \u00d6n tartom\u00e1ny\u00e1t\u00f3l f\u00fcgg\u0151en tartalmazhatj\u00e1k az 5%-os GST-t \u00e9s tov\u00e1bbi tartom\u00e1nyi forgalmi ad\u00f3kat (PST), harmoniz\u00e1lt forgalmi ad\u00f3t (HST) vagy qu\u00e9beci forgalmi ad\u00f3t (QST).<\/li>\n<\/ul>\n<p><strong>CSAK EU-s \u00fcgyfelek sz\u00e1m\u00e1ra:<\/strong> Express DDP (Delivered Duty Paid). Ez azt jelenti: <\/p>\n<ul>\n<li>A term\u00e9koldalon felt\u00fcntetett \u00e1r tartalmazza az \u00f6sszes v\u00e1mot \u00e9s ad\u00f3t.<\/li>\n<li>A k\u00e9zbes\u00edt\u00e9skor nem kell tov\u00e1bbi d\u00edjakat fizetnie.<\/li>\n<li>Abban a ritka esetben, ha a v\u00e1mkezel\u00e9ssel kapcsolatos probl\u00e9m\u00e1k mer\u00fclnek fel, csapatunk az \u00d6n nev\u00e9ben elv\u00e9gzi a v\u00e1mkezel\u00e9si folyamatot, hogy biztos\u00edtsa a z\u00f6kken\u0151mentes sz\u00e1ll\u00edt\u00e1st.<\/li>\n<p>Fontos inform\u00e1ci\u00f3k a visszak\u00fcld\u00e9sr\u0151l:<\/p>\n<li>Ha \u00fagy d\u00f6nt, hogy visszak\u00fcldi megrendel\u00e9s\u00e9t vagy visszat\u00e9r\u00edt\u00e9st k\u00e9r, k\u00e9rj\u00fck, vegye figyelembe, hogy az \u00d6n nev\u00e9ben a DDP felt\u00e9telei szerint kifizetett ad\u00f3k \u00e9s v\u00e1mok nem t\u00e9r\u00edthet\u0151k vissza.<\/li>\n<p>R\u00e9szletes <a href=\"https:\/\/droix.net\/terms-and-conditions\/\" target=\"_blank\" rel=\"nofollow noopener\">inform\u00e1ci\u00f3k\u00e9rt k\u00e9rj\u00fck, olvassa el a Felhaszn\u00e1l\u00e1si Felt\u00e9teleinket<\/a>.\n<\/ul>\n<p>[\/cg_accordion]\n[cg_accordion title=\"\u00dcGYF\u00c9LSZOLG\u00c1LAT\"]<\/p>\n<p>K\u00e9rd\u00e9se van? Egy r\u00f6vid sz\u00f6veges \u00fczenetben m\u00e1ris megoldjuk a probl\u00e9m\u00e1j\u00e1t! <\/p>\n<p>R\u00e9szletes <a href=\"https:\/\/gpdstore.net\/hu\/terms-of-service\/\" target=\"_blank\" rel=\"nofollow noopener\">inform\u00e1ci\u00f3k\u00e9rt k\u00e9rj\u00fck, olvassa el a Felhaszn\u00e1l\u00e1si Felt\u00e9teleinket<\/a>.\n<\/ul>\n<p>[\/cg_accordion]\n[cg_accordion title=\"MIT TARTALMAZ\"]<\/p>\n<ul>\n<li>1x GPD WIN MAX 2 2023<\/li>\n<li>1x h\u00e1l\u00f3zati adapter<\/li>\n<li>1x USB Type-C k\u00e1bel<\/li>\n<li>1x Felhaszn\u00e1l\u00f3i k\u00e9zik\u00f6nyv<\/li>\n<\/ul>\n<p>[\/cg_accordion]\n","protected":false},"featured_media":219889,"template":"","meta":{"_acf_changed":false},"product_brand":[],"product_cat":[6532],"product_tag":[15878,6688],"woo-feed-brand":[5662],"class_list":{"0":"post-219873","1":"product","2":"type-product","3":"status-publish","4":"has-post-thumbnail","6":"product_cat-gpd-kezi-pc-jatekhoz","7":"product_tag-15xmsale-hu","8":"product_tag-gpd-win-max-2-hu","9":"product_shipping_class-premium","10":"pa_bluetooth-5-2-hu","11":"pa_brand-gpd","12":"pa_graphics-gpu-model-radeon-760m-hu","13":"pa_graphics-gpu-model-intel-iris-xe-grafika-hu","14":"pa_i-o-video-1x-hdmi-2-1-hu-2","15":"pa_i-o-video-1x-oculink-hu","16":"pa_i-o-video-1x-usb-4-0-type-c-tipus-c-40gb-s-sebesseggel","17":"pa_memory-ram-capacity-16gb-hu","18":"pa_memory-ram-capacity-32gb-hu","19":"pa_memory-ram-capacity-64gb-hu-2","20":"pa_memory-ram-technology-lpddr5x-hu","21":"pa_processor-cpu-model-amd-ryzen-5-7640u","22":"pa_processor-cpu-model-amd-ryzen-7-7840u","23":"pa_storage-capacity-1tb-hu","24":"pa_storage-capacity-2tb-hu","25":"pa_storage-capacity-4tb-hu","26":"pa_storage-technology-pcie-gen-3-hu","27":"pa_wi-fi-wi-fi-6-hu","28":"woo-feed-brand-gpd-hu","30":"first","31":"outofstock","32":"sale","33":"taxable","34":"shipping-taxable","35":"purchasable","36":"product-type-variable","37":"has-default-attributes"},"acf":[],"aioseo_notices":[],"_links":{"self":[{"href":"https:\/\/gpdstore.net\/hu\/wp-json\/wp\/v2\/product\/219873","targetHints":{"allow":["GET"]}}],"collection":[{"href":"https:\/\/gpdstore.net\/hu\/wp-json\/wp\/v2\/product"}],"about":[{"href":"https:\/\/gpdstore.net\/hu\/wp-json\/wp\/v2\/types\/product"}],"wp:featuredmedia":[{"embeddable":true,"href":"https:\/\/gpdstore.net\/hu\/wp-json\/wp\/v2\/media\/219889"}],"wp:attachment":[{"href":"https:\/\/gpdstore.net\/hu\/wp-json\/wp\/v2\/media?parent=219873"}],"wp:term":[{"taxonomy":"product_brand","embeddable":true,"href":"https:\/\/gpdstore.net\/hu\/wp-json\/wp\/v2\/product_brand?post=219873"},{"taxonomy":"product_cat","embeddable":true,"href":"https:\/\/gpdstore.net\/hu\/wp-json\/wp\/v2\/product_cat?post=219873"},{"taxonomy":"product_tag","embeddable":true,"href":"https:\/\/gpdstore.net\/hu\/wp-json\/wp\/v2\/product_tag?post=219873"},{"taxonomy":"woo-feed-brand","embeddable":true,"href":"https:\/\/gpdstore.net\/hu\/wp-json\/wp\/v2\/woo-feed-brand?post=219873"}],"curies":[{"name":"wp","href":"https:\/\/api.w.org\/{rel}","templated":true}]}}