{"id":208845,"date":"2023-03-26T17:56:24","date_gmt":"2023-03-26T17:56:24","guid":{"rendered":"https:\/\/gpdstore.net\/nem-kategorizalt\/gpd-win-max-2021-jatek-kezi-pc\/"},"modified":"2025-12-23T10:32:22","modified_gmt":"2025-12-23T10:32:22","slug":"gpd-win-max-2021","status":"publish","type":"product","link":"https:\/\/gpdstore.net\/hu\/product\/gpd-win-max-2021\/","title":{"rendered":"GPD WIN MAX 2021 j\u00e1t\u00e9k k\u00e9zi PC"},"content":{"rendered":"\n<p>A GPD WIN MAX 2021 egy j\u00e1t\u00e9kra sz\u00e1nt ultrabook, amelyet a PC-s j\u00e1t\u00e9khoz terveztek \u00fatk\u00f6zben. Ez a nagy teljes\u00edtm\u00e9ny\u0171 eszk\u00f6z k\u00e9t v\u00e1ltozatban kaphat\u00f3, az egyik Intel\u00ae Core\u2122 i7-1195G7 processzorral, a m\u00e1sik pedig AMD Ryzen\u2122 7 4800U processzorral. A k\u00fcl\u00f6nb\u00f6z\u0151 cpu opci\u00f3kat lesz\u00e1m\u00edtva a k\u00e9sz\u00fcl\u00e9k mindk\u00e9t v\u00e1ltozata teljesen megegyezik.  <\/p>\n\n<p>A GPD Store b\u00fcszk\u00e9n k\u00edn\u00e1lja a GPD WIN MAX 2021-et azoknak a j\u00e1t\u00e9kosoknak, akik egy olyan nagy teljes\u00edtm\u00e9ny\u0171 PC-s k\u00e9zisz\u00e1m\u00edt\u00f3g\u00e9pet szeretn\u00e9nek, amelyet b\u00e1rhov\u00e1 magukkal vihetnek. Ez az ultrabook t\u00f6k\u00e9letes azoknak a j\u00e1t\u00e9kosoknak, akik \u00fatk\u00f6zben is szeretn\u00e9k \u00e9lvezni kedvenc j\u00e1t\u00e9kaikat an\u00e9lk\u00fcl, hogy a teljes\u00edtm\u00e9ny vagy a min\u0151s\u00e9g rov\u00e1s\u00e1ra menn\u00e9nek. <\/p>\n\n<p>A GPD WIN MAX 2021 egy nagy teljes\u00edtm\u00e9ny\u0171 j\u00e1t\u00e9k ultrabook, amely 8,0 h\u00fcvelykes IPS \u00e9rint\u0151k\u00e9perny\u0151s kijelz\u0151vel rendelkezik, 1280 x 800 k\u00e9ppont felbont\u00e1ssal. A k\u00e9sz\u00fcl\u00e9k integr\u00e1lt Intel\u00ae Iris\u00ae Xe grafik\u00e1val vagy AMD Radeon\u2122 grafik\u00e1val rendelkezik, \u00edgy t\u00f6k\u00e9letesen alkalmas ig\u00e9nyes j\u00e1t\u00e9kok \u00e9s alkalmaz\u00e1sok futtat\u00e1s\u00e1ra. <\/p>\n\n<p>A GPD WIN MAX 2021 processzor Intel\u00ae Core\u2122 i7-1195G7 processzorral vagy AMD Ryzen\u2122 7 4800U processzorral kaphat\u00f3. Ezek a nagy teljes\u00edtm\u00e9ny\u0171 processzorok biztos\u00edtj\u00e1k, hogy a k\u00e9sz\u00fcl\u00e9k a legig\u00e9nyesebb j\u00e1t\u00e9kokat \u00e9s alkalmaz\u00e1sokat is k\u00f6nnyed\u00e9n kezelje. <\/p>\n\n<p>A GPD WIN MAX 2021 16 GB LPDDR4X 4266 MT\/s RAM-mal \u00e9s 1 TB M.2 NVMe SSD-t\u00e1rol\u00f3val is rendelkezik, \u00edgy rengeteg hely \u00e1ll rendelkez\u00e9sre a j\u00e1t\u00e9kok \u00e9s egy\u00e9b adatok t\u00e1rol\u00e1s\u00e1ra. A k\u00e9sz\u00fcl\u00e9k sz\u00e1mos porttal is rendelkezik, k\u00f6zt\u00fck egy USB Type-C porttal, egy USB 3.0 porttal, egy HDMI porttal \u00e9s egy 3,5 mm-es fejhallgat\u00f3-csatlakoz\u00f3val.  <\/p>\n\n<p>A GPD WIN MAX 2021 egyik kiemelked\u0151 jellemz\u0151je a kompakt m\u00e9rete. Annak ellen\u00e9re, hogy egy nagy teljes\u00edtm\u00e9ny\u0171 ultrabook, a k\u00e9sz\u00fcl\u00e9k mind\u00f6ssze 8,5 x 5,7 x 1,1 h\u00fcvelyk m\u00e9ret\u0171 \u00e9s mind\u00f6ssze 1,5 kilogramm s\u00faly\u00fa. \u00cdgy k\u00f6nnyen magaddal viheted b\u00e1rhov\u00e1, ak\u00e1r utazol, ak\u00e1r csak a kanap\u00e9n \u00fclve szeretn\u00e9d \u00e9lvezni kedvenc j\u00e1t\u00e9kaidat.  <\/p>\n\n<p>A GPD WIN MAX 2021 be\u00e9p\u00edtett j\u00e1t\u00e9kvez\u00e9rl\u0151vel is rendelkezik, D-paddal, anal\u00f3g botokkal \u00e9s ravaszgombokkal. \u00cdgy k\u00f6nnyed\u00e9n j\u00e1tszhatsz kedvenc j\u00e1t\u00e9kaiddal an\u00e9lk\u00fcl, hogy k\u00fcls\u0151 vez\u00e9rl\u0151t kellene csatlakoztatnod. A k\u00e9sz\u00fcl\u00e9k teljes QWERTY-billenty\u0171zettel is rendelkezik, ami megk\u00f6nny\u00edti a g\u00e9pel\u00e9st \u00e9s a men\u00fckben val\u00f3 navig\u00e1l\u00e1st.  <\/p>\n\n<p>A GPD Store-n\u00e1l \u00fagy gondoljuk, hogy a GPD WIN MAX 2021 a t\u00f6k\u00e9letes ultrabook a j\u00e1t\u00e9kosok sz\u00e1m\u00e1ra, akik egy nagy teljes\u00edtm\u00e9ny\u0171 PC-s j\u00e1t\u00e9kg\u00e9pet szeretn\u00e9nek, amelyet b\u00e1rhov\u00e1 magukkal vihetnek. Ez a nagy teljes\u00edtm\u00e9ny\u0171 eszk\u00f6z t\u00f6k\u00e9letes azoknak a j\u00e1t\u00e9kosoknak, akik \u00fatk\u00f6zben is \u00e9lvezni szeretn\u00e9k kedvenc j\u00e1t\u00e9kaikat an\u00e9lk\u00fcl, hogy a teljes\u00edtm\u00e9ny vagy a min\u0151s\u00e9g rov\u00e1s\u00e1ra menn\u00e9nek. <\/p>\n\n<p>Ak\u00e1r alkalmi j\u00e1t\u00e9kos, ak\u00e1r hardcore gamer, a GPD WIN MAX 2021 a t\u00f6k\u00e9letes eszk\u00f6z az \u00d6n sz\u00e1m\u00e1ra. Nagy teljes\u00edtm\u00e9ny\u0171 processzor\u00e1val, kiv\u00e1l\u00f3 min\u0151s\u00e9g\u0171 grafik\u00e1j\u00e1val \u00e9s kompakt m\u00e9ret\u00e9vel ez a t\u00f6k\u00e9letes ultrabook a PC-s j\u00e1t\u00e9khoz \u00fatk\u00f6zben. Akkor mi\u00e9rt v\u00e1rj? L\u00e1togasson el m\u00e9g ma a GPD Store-ba, \u00e9s szerezze be a GPD WIN MAX 2021-et.   <\/p>\n","protected":false},"excerpt":{"rendered":"<ul>\n<li>AMD <strong>Ryzen 7 6800U<\/strong> @ 2.7GHz TDP 15-28W<\/li>\n<li>AMD Radeon 680M <strong>12 CUs @2200 MHz<\/strong><\/li>\n<li><strong>legfeljebb 32 GB LPDDR5-6400 MT\/s<\/strong><\/li>\n<li><strong>ak\u00e1r 2TB<\/strong> nagysebess\u00e9g\u0171 PCI-E <strong>NVMe<\/strong> SSD<\/li>\n<li>WiFi 6 \u00e9s Bluetooth <strong>5.2<\/strong> t\u00e1mogat\u00e1s  <\/li>\n<\/ul>\n<p> [cg_accordion title=\"FIZET\u00c9SI INFORM\u00c1CI\u00d3K\"] A leg\u00fajabb technol\u00f3gi\u00e1t haszn\u00e1ljuk a fizet\u00e9s feldolgoz\u00e1s\u00e1ban, amely lehet\u0151v\u00e9 teszi, hogy az Apple Pay, a Google Pay, a bankk\u00e1rtya\/hitelk\u00e1rtya, a PayPal vagy a BNPL m\u00f3dszerek, mint p\u00e9ld\u00e1ul a Klarna, az Affirm vagy az AfterPay seg\u00edts\u00e9g\u00e9vel fizessen ki gyorsan \u00e9s biztons\u00e1gosan.[\/cg_accordion] [cg_accordion title=\"GARANCIA\"] 2 \u00e9v garancia a <a href=\"https:\/\/droix.net\/\" target=\"_blank\" rel=\"nofollow noopener\">DROIX Global<\/a> r\u00e9sz\u00e9r\u0151l az \u00d6n nyugalma \u00e9rdek\u00e9ben.[\/cg_accordion] [cg_accordion title=\"PRICING, TAXES AND SHIPPING\"] <strong><br \/>\n  <u>Megjegyz\u00e9s:<\/u><br \/>\n<\/strong><\/p>\n<ul>\n<li>Egyes\u00fclt \u00c1llamok \u00dcgyfelek: A felt\u00fcntetett \u00e1r NEM tartalmazza az ad\u00f3t \u00e9s a v\u00e1mokat. A v\u00e1mkezel\u00e9s \u00e9s a kapcsol\u00f3d\u00f3 ad\u00f3k\/v\u00e1mok megfizet\u00e9se az \u00fcgyfelet terheli. <\/li>\n<li>EU-s \u00fcgyfelek: A felt\u00fcntetett \u00e1r tartalmazza az alkalmazand\u00f3 ad\u00f3t, amely az \u00d6n orsz\u00e1g\u00e1t\u00f3l f\u00fcgg\u0151en ak\u00e1r 25% is lehet.<\/li>\n<li>Kanadai \u00fcgyfelek: A felt\u00fcntetett \u00e1r tartalmazza az alkalmazand\u00f3 ad\u00f3kat, amelyek az \u00d6n tartom\u00e1ny\u00e1t\u00f3l f\u00fcgg\u0151en tartalmazhatj\u00e1k az 5%-os GST-t \u00e9s tov\u00e1bbi tartom\u00e1nyi forgalmi ad\u00f3kat (PST), harmoniz\u00e1lt forgalmi ad\u00f3t (HST) vagy qu\u00e9beci forgalmi ad\u00f3t (QST).<\/li>\n<\/ul>\n<p><strong>CSAK EU-s \u00fcgyfelek sz\u00e1m\u00e1ra:<\/strong> Express DDP (Delivered Duty Paid). Ez azt jelenti: <\/p>\n<ul>\n<li style=\"list-style-type: none;\">\n<ul>\n<li>A term\u00e9koldalon felt\u00fcntetett \u00e1r tartalmazza az \u00f6sszes v\u00e1mot \u00e9s ad\u00f3t.<\/li>\n<li>A k\u00e9zbes\u00edt\u00e9skor nem kell tov\u00e1bbi d\u00edjakat fizetnie.<\/li>\n<li>Abban a ritka esetben, ha a v\u00e1mkezel\u00e9ssel kapcsolatos probl\u00e9m\u00e1k mer\u00fclnek fel, csapatunk az \u00d6n nev\u00e9ben elv\u00e9gzi a v\u00e1mkezel\u00e9si folyamatot, hogy biztos\u00edtsa a z\u00f6kken\u0151mentes sz\u00e1ll\u00edt\u00e1st.<\/li>\n<p>Fontos inform\u00e1ci\u00f3k a visszak\u00fcld\u00e9sr\u0151l:<\/p>\n<li>Ha \u00fagy d\u00f6nt, hogy visszak\u00fcldi megrendel\u00e9s\u00e9t vagy visszat\u00e9r\u00edt\u00e9st k\u00e9r, k\u00e9rj\u00fck, vegye figyelembe, hogy az \u00d6n nev\u00e9ben a DDP felt\u00e9telei szerint kifizetett ad\u00f3k \u00e9s v\u00e1mok nem t\u00e9r\u00edthet\u0151k vissza.<\/li>\n<p>K\u00e9rj\u00fck, olvassa el a<\/ul>\n<\/li>\n<\/ul>\n<p><a href=\"https:\/\/gpdstore.net\/hu\/terms-of-service\/\" target=\"_blank\" rel=\"nofollow noopener\">Felt\u00e9telek \u00e9s felt\u00e9telek<\/a><\/p>\n<ul>r\u00e9szletes inform\u00e1ci\u00f3\u00e9rt.<\/ul>\n<p>[\/cg_accordion] [cg_accordion title=\"\u00dcGYF\u00c9LSZOLG\u00c1LAT\"]  K\u00e9rd\u00e9se van? Egy r\u00f6vid sz\u00f6veges \u00fczenetben m\u00e1ris megoldjuk a probl\u00e9m\u00e1j\u00e1t!   [\/cg_accordion] [cg_accordion title=\"WHAT'S INCLUDED\"]<\/p>\n<ul>\n<li>1x GPD WIN MAX 2021<\/li>\n<li>1x h\u00e1l\u00f3zati adapter<\/li>\n<li>1x USB Type-C k\u00e1bel<\/li>\n<li>1x Felhaszn\u00e1l\u00f3i k\u00e9zik\u00f6nyv<\/li>\n<\/ul>\n<p>[\/cg_accordion]<\/p>\n","protected":false},"featured_media":208847,"template":"","meta":{"_acf_changed":false},"product_brand":[],"product_cat":[6532],"product_tag":[9260],"woo-feed-brand":[5662],"class_list":{"0":"post-208845","1":"product","2":"type-product","3":"status-publish","4":"has-post-thumbnail","6":"product_cat-gpd-kezi-pc-jatekhoz","7":"product_tag-gpd-win-max-hu","8":"product_shipping_class-premium","9":"pa_bluetooth-5-hu","10":"pa_bluetooth-5-2-hu","11":"pa_display-type-h-ips-hu","12":"pa_graphics-gpu-model-radeon-grafika-hu","13":"pa_graphics-gpu-model-intel-iris-xe-grafika-hu","14":"pa_i-o-video-1x-hdmi-2-0b-hu","15":"pa_memory-ram-capacity-16gb-hu","16":"pa_memory-ram-technology-lpddr4x-hu","17":"pa_processor-cpu-model-amd-ryzen-7-4800u","18":"pa_processor-cpu-model-intel-core-i7-1195g7","19":"pa_storage-capacity-1tb-hu","20":"pa_wi-fi-wi-fi-6-hu","21":"woo-feed-brand-gpd-hu","23":"first","24":"outofstock","25":"sale","26":"taxable","27":"shipping-taxable","28":"purchasable","29":"product-type-variable","30":"has-default-attributes"},"acf":[],"aioseo_notices":[],"_links":{"self":[{"href":"https:\/\/gpdstore.net\/hu\/wp-json\/wp\/v2\/product\/208845","targetHints":{"allow":["GET"]}}],"collection":[{"href":"https:\/\/gpdstore.net\/hu\/wp-json\/wp\/v2\/product"}],"about":[{"href":"https:\/\/gpdstore.net\/hu\/wp-json\/wp\/v2\/types\/product"}],"wp:featuredmedia":[{"embeddable":true,"href":"https:\/\/gpdstore.net\/hu\/wp-json\/wp\/v2\/media\/208847"}],"wp:attachment":[{"href":"https:\/\/gpdstore.net\/hu\/wp-json\/wp\/v2\/media?parent=208845"}],"wp:term":[{"taxonomy":"product_brand","embeddable":true,"href":"https:\/\/gpdstore.net\/hu\/wp-json\/wp\/v2\/product_brand?post=208845"},{"taxonomy":"product_cat","embeddable":true,"href":"https:\/\/gpdstore.net\/hu\/wp-json\/wp\/v2\/product_cat?post=208845"},{"taxonomy":"product_tag","embeddable":true,"href":"https:\/\/gpdstore.net\/hu\/wp-json\/wp\/v2\/product_tag?post=208845"},{"taxonomy":"woo-feed-brand","embeddable":true,"href":"https:\/\/gpdstore.net\/hu\/wp-json\/wp\/v2\/woo-feed-brand?post=208845"}],"curies":[{"name":"wp","href":"https:\/\/api.w.org\/{rel}","templated":true}]}}