{"id":206310,"date":"2023-03-26T17:49:20","date_gmt":"2023-03-26T17:49:20","guid":{"rendered":"https:\/\/gpdstore.net\/nem-kategorizalt\/biwin-2230-nvme-tarolo\/"},"modified":"2025-12-23T10:31:01","modified_gmt":"2025-12-23T10:31:01","slug":"biwin-2230-nvme-storage","status":"publish","type":"product","link":"https:\/\/gpdstore.net\/hu\/product\/biwin-2230-nvme-storage\/","title":{"rendered":"BiWin 2230 NVMe t\u00e1rol\u00f3"},"content":{"rendered":"\n<p>Nagy teljes\u00edtm\u00e9ny\u0171 t\u00e1rol\u00f3friss\u00edt\u00e9st keres GPD WIN MAX 2 vagy Valve Steam Deck k\u00e9sz\u00fcl\u00e9k\u00e9hez? Ne keressen tov\u00e1bb a BiWin 22*30 PCI-e NVMe SSD-n\u00e9l! Ezt a kompakt, m\u00e9gis nagy teljes\u00edtm\u00e9ny\u0171 SSD-t \u00fagy tervezt\u00e9k, hogy vill\u00e1mgyors olvas\u00e1si \u00e9s \u00edr\u00e1si sebess\u00e9get biztos\u00edtson, \u00edgy kedvenc j\u00e1t\u00e9kai \u00e9s alkalmaz\u00e1sai gyorsan bet\u00f6lt\u0151dnek \u00e9s z\u00f6kken\u0151mentesen futnak.<\/p>\n\n<p>A mind\u00f6ssze 22 mm x 30 mm-es BiWin 22*30 az egyik legkisebb NVMe SSD a piacon. De ne hagyja, hogy kompakt m\u00e9rete megt\u00e9vessze &#8211; ez az SSD komoly \u00fct\u0151er\u0151vel b\u00edr! Az ak\u00e1r 3500 MB\/s olvas\u00e1si \u00e9s 3000 MB\/s \u00edr\u00e1si sebess\u00e9ggel t\u00f6bb mint k\u00e9pes l\u00e9p\u00e9st tartani a legig\u00e9nyesebb j\u00e1t\u00e9kokkal \u00e9s alkalmaz\u00e1sokkal is.<\/p>\n\n<p>A BiWin<em>2230<\/em>egyik legnagyobb el\u0151nye<em>a GPD WIN MAX 2-vel \u00e9s a Valve Steam Deckkel val\u00f3 kompatibilit\u00e1s. Ha b\u00e1rmelyik eszk\u00f6z t\u00e1rhely\u00e9t szeretn\u00e9 b\u0151v\u00edteni, a BiWin 2230 t\u00f6k\u00e9letes v\u00e1laszt\u00e1s<\/em>. Egyszer\u0171en telep\u00edtse az SSD-t az eszk\u00f6z NVMe foglalat\u00e1ba, \u00e9s m\u00e1ris k\u00e9szen \u00e1ll! <\/p>\n\n<p>A BiWin 22*30 m\u00e1sik el\u0151nye, hogy az oper\u00e1ci\u00f3s rendszerek sz\u00e9les sk\u00e1l\u00e1j\u00e1val kompatibilis, bele\u00e9rtve a Windows, Linux \u00e9s macOS oper\u00e1ci\u00f3s rendszereket is. Ez sokoldal\u00fa v\u00e1laszt\u00e1ss\u00e1 teszi mindazok sz\u00e1m\u00e1ra, akik friss\u00edteni szeretn\u00e9k t\u00e1rol\u00f3eszk\u00f6z\u00fcket, f\u00fcggetlen\u00fcl az \u00e1ltaluk haszn\u00e1lt rendszert\u0151l.<\/p>\n\n<p>Term\u00e9szetesen az egyik legjobb hely, ahol a BiWin 22*30-at megv\u00e1s\u00e1rolhatja, a GPD Store. A GPD term\u00e9kek vezet\u0151 kiskeresked\u0151jek\u00e9nt a GPD Store a t\u00f6k\u00e9letes hely, ahol minden olyan tartoz\u00e9kot \u00e9s fejleszt\u00e9st megtal\u00e1lhat, amelyekkel a legt\u00f6bbet hozhatja ki GPD WIN MAX 2 vagy Steam Deck k\u00e9sz\u00fcl\u00e9k\u00e9b\u0151l. A gyors sz\u00e1ll\u00edt\u00e1s, a nagyszer\u0171 \u00e1rak \u00e9s a kiv\u00e1l\u00f3 \u00fcgyf\u00e9lszolg\u00e1lat r\u00e9v\u00e9n pedig nyugodtan v\u00e1s\u00e1rolhat, hiszen tudja, hogy a lehet\u0151 legjobb aj\u00e1nlatot kapja.<\/p>\n\n<p>Ha teh\u00e1t egy nagy teljes\u00edtm\u00e9ny\u0171 NVMe SSD friss\u00edt\u00e9st keresel a GPD WIN MAX 2 vagy Steam Deck rendszeredhez, ne keress tov\u00e1bb, mint a BiWin 22*30. Kompakt m\u00e9ret\u00e9vel, vill\u00e1mgyors sebess\u00e9g\u00e9vel \u00e9s sz\u00e9les k\u00f6r\u0171 kompatibilit\u00e1s\u00e1val t\u00f6k\u00e9letes v\u00e1laszt\u00e1s mindazok sz\u00e1m\u00e1ra, akik a j\u00e1t\u00e9k- \u00e9s sz\u00e1m\u00edt\u00e1stechnikai \u00e9lm\u00e9nyt a k\u00f6vetkez\u0151 szintre szeretn\u00e9k emelni. \u00c9s a GPD Store csak egy kattint\u00e1sra van, \u00edgy m\u00e9g soha nem volt ilyen egyszer\u0171 beszerezni a sikerhez sz\u00fcks\u00e9ges term\u00e9keket!<\/p>\n","protected":false},"excerpt":{"rendered":"<ul>\n<li>Kompatibilis a Valve Steam Deck, GPD WIN Max 2, GPD WIN 4 szeleppel<\/li>\n<li>Ak\u00e1r 3200 MB\/s olvas\u00e1s | 2600 MB\/s \u00edr\u00e1s<\/li>\n<li>0,107ms olvas\u00e1si k\u00e9sleltet\u00e9s | 0,109ms \u00edr\u00e1si k\u00e9sleltet\u00e9s<\/li>\n<li>Szem\u00e9tgy\u0171jt\u00e9s, TRIM \u00e9s Modern Standby t\u00e1mogatott<\/li>\n<\/ul>\n[cg_accordion title=\"FIZET\u00c9SI INFORM\u00c1CI\u00d3K\"]<\/p>\n<p>A leg\u00fajabb technol\u00f3gi\u00e1t haszn\u00e1ljuk a fizet\u00e9s feldolgoz\u00e1s\u00e1ban, amely lehet\u0151v\u00e9 teszi, hogy az Apple Pay, a Google Pay, a bankk\u00e1rtya\/hitelk\u00e1rtya, a PayPal vagy a BNPL m\u00f3dszerek, mint p\u00e9ld\u00e1ul a Klarna, az Affirm vagy az AfterPay seg\u00edts\u00e9g\u00e9vel fizessen ki gyorsan \u00e9s biztons\u00e1gosan.[\/cg_accordion]\n[cg_accordion title=\"GARANCIA\"]<\/p>\n<p>2 \u00e9v garancia a <a href=\"https:\/\/droix.net\/\" target=\"_blank\" rel=\"nofollow noopener\">DROIX Global- t\u00f3l az \u00d6n nyugalma \u00e9rdek\u00e9ben<\/a> [\/cg_accordion]\n[cg_accordion title=\"\u00c1RK\u00c9PZ\u00c9S, AD\u00d3K \u00c9S SZ\u00c1LL\u00cdT\u00c1S\"]<\/p>\n<p><strong><u>Megjegyz\u00e9s:<\/u><\/strong><\/p>\n<ul>\n<li>Egyes\u00fclt \u00c1llamok \u00dcgyfelek: A felt\u00fcntetett \u00e1r NEM tartalmazza az ad\u00f3t \u00e9s a v\u00e1mokat. A v\u00e1mkezel\u00e9s \u00e9s a kapcsol\u00f3d\u00f3 ad\u00f3k\/v\u00e1mok megfizet\u00e9se az \u00fcgyfelet terheli. <\/li>\n<li>EU-s \u00fcgyfelek: A felt\u00fcntetett \u00e1r tartalmazza az alkalmazand\u00f3 ad\u00f3t, amely az \u00d6n orsz\u00e1g\u00e1t\u00f3l f\u00fcgg\u0151en ak\u00e1r 25% is lehet.<\/li>\n<li>Kanadai \u00fcgyfelek: A felt\u00fcntetett \u00e1r tartalmazza az alkalmazand\u00f3 ad\u00f3kat, amelyek az \u00d6n tartom\u00e1ny\u00e1t\u00f3l f\u00fcgg\u0151en tartalmazhatj\u00e1k az 5%-os GST-t \u00e9s tov\u00e1bbi tartom\u00e1nyi forgalmi ad\u00f3kat (PST), harmoniz\u00e1lt forgalmi ad\u00f3t (HST) vagy qu\u00e9beci forgalmi ad\u00f3t (QST).<\/li>\n<\/ul>\n<p><strong>CSAK EU-s \u00fcgyfelek sz\u00e1m\u00e1ra:<\/strong> Express DDP (Delivered Duty Paid). Ez azt jelenti: <\/p>\n<ul>\n<li>A term\u00e9koldalon felt\u00fcntetett \u00e1r tartalmazza az \u00f6sszes v\u00e1mot \u00e9s ad\u00f3t.<\/li>\n<li>A k\u00e9zbes\u00edt\u00e9skor nem kell tov\u00e1bbi d\u00edjakat fizetnie.<\/li>\n<li>Abban a ritka esetben, ha a v\u00e1mkezel\u00e9ssel kapcsolatos probl\u00e9m\u00e1k mer\u00fclnek fel, csapatunk az \u00d6n nev\u00e9ben elv\u00e9gzi a v\u00e1mkezel\u00e9si folyamatot, hogy biztos\u00edtsa a z\u00f6kken\u0151mentes sz\u00e1ll\u00edt\u00e1st.<\/li>\n<p>Fontos inform\u00e1ci\u00f3k a visszak\u00fcld\u00e9sr\u0151l:<\/p>\n<li>Ha \u00fagy d\u00f6nt, hogy visszak\u00fcldi megrendel\u00e9s\u00e9t vagy visszat\u00e9r\u00edt\u00e9st k\u00e9r, k\u00e9rj\u00fck, vegye figyelembe, hogy az \u00d6n nev\u00e9ben a DDP felt\u00e9telei szerint kifizetett ad\u00f3k \u00e9s v\u00e1mok nem t\u00e9r\u00edthet\u0151k vissza.<\/li>\n<p>R\u00e9szletes <a href=\"https:\/\/gpdstore.net\/hu\/terms-of-service\/\" target=\"_blank\" rel=\"nofollow noopener\">inform\u00e1ci\u00f3k\u00e9rt k\u00e9rj\u00fck, olvassa el a Felhaszn\u00e1l\u00e1si Felt\u00e9teleinket<\/a>.\n<\/ul>\n<p>[\/cg_accordion]\n[cg_accordion title=\"\u00dcGYF\u00c9LSZOLG\u00c1LAT\"]<\/p>\n<p>K\u00e9rd\u00e9se van? Egy r\u00f6vid sz\u00f6veges \u00fczenetben m\u00e1ris megoldjuk a probl\u00e9m\u00e1j\u00e1t!<br \/>\n[\/cg_accordion]\n[cg_accordion title=\"MIT TARTALMAZ\"]<\/p>\n<ul>\n<li>1x BiWIN 2230 NVMe<\/li>\n<\/ul>\n<p>[\/cg_accordion]\n","protected":false},"featured_media":206312,"template":"","meta":{"_acf_changed":false},"product_brand":[],"product_cat":[5408],"product_tag":[9057],"woo-feed-brand":[],"class_list":{"0":"post-206310","1":"product","2":"type-product","3":"status-publish","4":"has-post-thumbnail","6":"product_cat-tartozekok","7":"product_tag-hardware-hu","8":"product_shipping_class-low-end","9":"pa_accessory-type-add-ons-hu","11":"first","12":"outofstock","13":"sold-individually","14":"taxable","15":"shipping-taxable","16":"purchasable","17":"product-type-simple"},"acf":[],"aioseo_notices":[],"_links":{"self":[{"href":"https:\/\/gpdstore.net\/hu\/wp-json\/wp\/v2\/product\/206310","targetHints":{"allow":["GET"]}}],"collection":[{"href":"https:\/\/gpdstore.net\/hu\/wp-json\/wp\/v2\/product"}],"about":[{"href":"https:\/\/gpdstore.net\/hu\/wp-json\/wp\/v2\/types\/product"}],"wp:featuredmedia":[{"embeddable":true,"href":"https:\/\/gpdstore.net\/hu\/wp-json\/wp\/v2\/media\/206312"}],"wp:attachment":[{"href":"https:\/\/gpdstore.net\/hu\/wp-json\/wp\/v2\/media?parent=206310"}],"wp:term":[{"taxonomy":"product_brand","embeddable":true,"href":"https:\/\/gpdstore.net\/hu\/wp-json\/wp\/v2\/product_brand?post=206310"},{"taxonomy":"product_cat","embeddable":true,"href":"https:\/\/gpdstore.net\/hu\/wp-json\/wp\/v2\/product_cat?post=206310"},{"taxonomy":"product_tag","embeddable":true,"href":"https:\/\/gpdstore.net\/hu\/wp-json\/wp\/v2\/product_tag?post=206310"},{"taxonomy":"woo-feed-brand","embeddable":true,"href":"https:\/\/gpdstore.net\/hu\/wp-json\/wp\/v2\/woo-feed-brand?post=206310"}],"curies":[{"name":"wp","href":"https:\/\/api.w.org\/{rel}","templated":true}]}}