{"id":203663,"date":"2023-03-26T17:20:14","date_gmt":"2023-03-26T17:20:14","guid":{"rendered":"https:\/\/gpdstore.net\/nem-kategorizalt\/gpd-win-max-2-jatek-kezi-szamitogep\/"},"modified":"2026-04-02T03:46:31","modified_gmt":"2026-04-02T03:46:31","slug":"gpd-win-max-2","status":"publish","type":"product","link":"https:\/\/gpdstore.net\/hu\/product\/gpd-win-max-2\/","title":{"rendered":"GPD WIN MAX 2 j\u00e1t\u00e9k k\u00e9zi sz\u00e1m\u00edt\u00f3g\u00e9p"},"content":{"rendered":"\n<p>A GPD WIN MAX 2, amely a GPD Store-ban kaphat\u00f3, egy leny\u0171g\u00f6z\u0151 Ultrabook, amely egyetlen eszk\u00f6zben egyes\u00edti a munk\u00e1t \u00e9s a sz\u00f3rakoz\u00e1st. Ez a k\u00e9zi j\u00e1t\u00e9k-PC egy nagy teljes\u00edtm\u00e9ny\u0171 AMD Ryzen 7 6800U processzorral b\u00fcszk\u00e9lkedhet, amely nyolc maggal \u00e9s tizenhat menettel rendelkezik, \u00e9s ak\u00e1r 4,7 GHz-es \u00f3rajelet is k\u00e9pes el\u00e9rni a konfigur\u00e1lhat\u00f3 15 W-28 W TDP k\u00f6z\u00f6tt. Az AMD Radeon 680M ak\u00e1r 2,2 GHz-es teljes\u00edtm\u00e9nyt is biztos\u00edt, ami z\u00f6kken\u0151mentes vizu\u00e1lis megjelen\u00edt\u00e9st biztos\u00edt a 10,1 h\u00fcvelykes IPS \u00e9rint\u0151k\u00e9perny\u0151s kijelz\u0151n.  <\/p>\n\n<p>A kompakt, 8,9 x 6,2 x 0,9 h\u00fcvelyk (22,7 \u00d7 16,0 \u00d7 2,3 cm) m\u00e9ret\u0171 \u00e9s alig t\u00f6bb mint egy kilogramm s\u00faly\u00fa GPD WIN MAX 2 rendk\u00edv\u00fcl hordozhat\u00f3, \u00e9s k\u00f6nnyen elf\u00e9r egy laptop-t\u00e1sk\u00e1ban vagy t\u00e1sk\u00e1ban. Ez a hordozhat\u00f3 j\u00e1t\u00e9k-PC ak\u00e1r 32 GB LPDDR5-6400 MT\/s RAM-ot \u00e9s ak\u00e1r 2 TB SSD-t is t\u00e1mogat, a h\u00e1toldalon pedig egy tov\u00e1bbi b\u0151v\u00edt\u0151helyet ak\u00e1r 2 TB m.2 PCIe 3.0 SSD sz\u00e1m\u00e1ra.  <\/p>\n\n<p>A GPD WIN MAX 2 teljes j\u00e1t\u00e9kvez\u00e9rl\u0151vel is fel van szerelve, bele\u00e9rtve a kett\u0151s hall-effektus \u00e9rz\u00e9kel\u0151s anal\u00f3g botkorm\u00e1nyt, a j\u00e1t\u00e9k D-Padot \u00e9s a hall-effektus triggereket. A h\u00e1tlapon m\u00e9g k\u00e9t tov\u00e1bbi gomb is tal\u00e1lhat\u00f3, amelyek tetsz\u00e9s szerint konfigur\u00e1lhat\u00f3k. Ez az Ultrabook gyors WiFi 6 \u00e9s Bluetooth 5.2 kapcsolattal is b\u00fcszk\u00e9lkedhet, opcion\u00e1lis 4G LTE t\u00e1mogat\u00e1ssal a mobiladatokhoz.  <\/p>\n\n<p>A GPD WIN MAX 2 egy 67Wh-s Li-polimer akkumul\u00e1torral m\u0171k\u00f6dik, amely ak\u00e1r 14 \u00f3ra k\u00f6nny\u0171, 6-8 \u00f3ra k\u00f6zepes \u00e9s 3 \u00f3ra er\u0151s haszn\u00e1latot biztos\u00edt. R\u00e1ad\u00e1sul a Thunderbolt 4 portnak k\u00f6sz\u00f6nhet\u0151en k\u00fcls\u0151 grafikus k\u00e1rty\u00e1t (eGPU) is csatlakoztathatsz a m\u00e9g gyorsabb teljes\u00edtm\u00e9ny \u00e9rdek\u00e9ben. M\u00e9g egy be\u00e9p\u00edtett HDMI 2.1 is van a k\u00e9tmonitoros megjelen\u00edt\u00e9shez.  <\/p>\n\n<p>\u00d6sszess\u00e9g\u00e9ben a GPD WIN MAX 2 egy kiv\u00e9teles k\u00e9zi j\u00e1t\u00e9k PC, amely z\u00f6kken\u0151mentesen v\u00e1lt \u00e1t a munka \u00e9s a j\u00e1t\u00e9k k\u00f6z\u00f6tt, nagyszer\u0171 akkumul\u00e1tor-\u00fczemid\u0151vel. Ak\u00e1r ig\u00e9nyes irodai dokumentumokon dolgozol, ak\u00e1r kedvenc AAA-j\u00e1t\u00e9kaidnak h\u00f3dolsz, ez az Ultrabook mindent tud. <\/p>\n\n<p><\/p>\n","protected":false},"excerpt":{"rendered":"<ul>\n<li>AMD <strong>Ryzen 7 6800U<\/strong> @ 2.7GHz TDP 15-28W<\/li>\n<li>AMD Radeon 680M <strong>12 CUs @2200 MHz<\/strong><\/li>\n<li><strong>legfeljebb 32 GB LPDDR5-6400 MT\/s<\/strong><\/li>\n<li><strong>ak\u00e1r 2TB<\/strong> nagysebess\u00e9g\u0171 PCI-E <strong>NVMe<\/strong> SSD<\/li>\n<li>WiFi 6 \u00e9s Bluetooth <strong>5.2<\/strong> t\u00e1mogat\u00e1s  <\/li>\n<\/ul>\n[cg_accordion title=\"FIZET\u00c9SI INFORM\u00c1CI\u00d3K\"]<\/p>\n<p>A leg\u00fajabb technol\u00f3gi\u00e1t haszn\u00e1ljuk a fizet\u00e9si folyamatok feldolgoz\u00e1s\u00e1ban, amely lehet\u0151v\u00e9 teszi, hogy a gyors \u00e9s biztons\u00e1gos fizet\u00e9s \u00e9rdek\u00e9ben bankk\u00e1rty\u00e1val\/hitelk\u00e1rty\u00e1val vagy PayPal-lal fizessen.[\/cg_accordion]\n[cg_accordion title=\"GARANCIA\"]<\/p>\n<p>2 \u00e9v garancia a <a href=\"https:\/\/droix.net\/\" target=\"_blank\" rel=\"nofollow noopener\">DROIX Global- t\u00f3l az \u00d6n nyugalma \u00e9rdek\u00e9ben<\/a> [\/cg_accordion]\n[cg_accordion title=\"\u00c1RK\u00c9PZ\u00c9S, AD\u00d3K \u00c9S SZ\u00c1LL\u00cdT\u00c1S\"]<\/p>\n<p><strong><u>Megjegyz\u00e9s:<\/u><\/strong><\/p>\n<ul>\n<li>Egyes\u00fclt \u00c1llamok \u00dcgyfelek: A felt\u00fcntetett \u00e1r NEM tartalmazza az ad\u00f3t \u00e9s a v\u00e1mokat. A v\u00e1mkezel\u00e9s \u00e9s a kapcsol\u00f3d\u00f3 ad\u00f3k\/v\u00e1mok megfizet\u00e9se az \u00fcgyfelet terheli. <\/li>\n<li>EU-s \u00fcgyfelek: A felt\u00fcntetett \u00e1r tartalmazza az alkalmazand\u00f3 ad\u00f3t, amely az \u00d6n orsz\u00e1g\u00e1t\u00f3l f\u00fcgg\u0151en ak\u00e1r 25% is lehet.<\/li>\n<li>Kanadai \u00fcgyfelek: A felt\u00fcntetett \u00e1r tartalmazza az alkalmazand\u00f3 ad\u00f3kat, amelyek az \u00d6n tartom\u00e1ny\u00e1t\u00f3l f\u00fcgg\u0151en tartalmazhatj\u00e1k az 5%-os GST-t \u00e9s tov\u00e1bbi tartom\u00e1nyi forgalmi ad\u00f3kat (PST), harmoniz\u00e1lt forgalmi ad\u00f3t (HST) vagy qu\u00e9beci forgalmi ad\u00f3t (QST).<\/li>\n<\/ul>\n<p><strong>CSAK EU-s \u00fcgyfelek sz\u00e1m\u00e1ra:<\/strong> Express DDP (Delivered Duty Paid). Ez azt jelenti: <\/p>\n<ul>\n<li>A term\u00e9koldalon felt\u00fcntetett \u00e1r tartalmazza az \u00f6sszes v\u00e1mot \u00e9s ad\u00f3t.<\/li>\n<li>A k\u00e9zbes\u00edt\u00e9skor nem kell tov\u00e1bbi d\u00edjakat fizetnie.<\/li>\n<li>Abban a ritka esetben, ha a v\u00e1mkezel\u00e9ssel kapcsolatos probl\u00e9m\u00e1k mer\u00fclnek fel, csapatunk az \u00d6n nev\u00e9ben elv\u00e9gzi a v\u00e1mkezel\u00e9si folyamatot, hogy biztos\u00edtsa a z\u00f6kken\u0151mentes sz\u00e1ll\u00edt\u00e1st.<\/li>\n<p>Fontos inform\u00e1ci\u00f3k a visszak\u00fcld\u00e9sr\u0151l:<\/p>\n<li>Ha \u00fagy d\u00f6nt, hogy visszak\u00fcldi megrendel\u00e9s\u00e9t vagy visszat\u00e9r\u00edt\u00e9st k\u00e9r, k\u00e9rj\u00fck, vegye figyelembe, hogy az \u00d6n nev\u00e9ben a DDP felt\u00e9telei szerint kifizetett ad\u00f3k \u00e9s v\u00e1mok nem t\u00e9r\u00edthet\u0151k vissza.<\/li>\n<p>R\u00e9szletes <a href=\"https:\/\/droix.net\/terms-and-conditions\/\" target=\"_blank\" rel=\"nofollow noopener\">inform\u00e1ci\u00f3k\u00e9rt k\u00e9rj\u00fck, olvassa el a Felhaszn\u00e1l\u00e1si Felt\u00e9teleinket<\/a>.\n<\/ul>\n<p>[\/cg_accordion]\n[cg_accordion title=\"\u00dcGYF\u00c9LSZOLG\u00c1LAT\"]<\/p>\n<p>K\u00e9rd\u00e9se van? Egy r\u00f6vid sz\u00f6veges \u00fczenetben m\u00e1ris megoldjuk a probl\u00e9m\u00e1j\u00e1t! <\/p>\n<p>R\u00e9szletes <a href=\"https:\/\/gpdstore.net\/hu\/terms-of-service\/\" target=\"_blank\" rel=\"nofollow noopener\">inform\u00e1ci\u00f3k\u00e9rt k\u00e9rj\u00fck, olvassa el a Felhaszn\u00e1l\u00e1si Felt\u00e9teleinket<\/a>.\n<\/ul>\n<p>[\/cg_accordion]\n[cg_accordion title=\"MIT TARTALMAZ\"]<\/p>\n<ul>\n<li>1x GPD WIN MAX 2<\/li>\n<li>1x h\u00e1l\u00f3zati adapter<\/li>\n<li>1x USB Type-C k\u00e1bel<\/li>\n<li>1x Felhaszn\u00e1l\u00f3i k\u00e9zik\u00f6nyv<\/li>\n<\/ul>\n<p>[\/cg_accordion]\n","protected":false},"featured_media":203665,"template":"","meta":{"_acf_changed":false},"product_brand":[],"product_cat":[6532],"product_tag":[6688],"woo-feed-brand":[5662],"class_list":{"0":"post-203663","1":"product","2":"type-product","3":"status-publish","4":"has-post-thumbnail","6":"product_cat-gpd-kezi-pc-jatekhoz","7":"product_tag-gpd-win-max-2-hu","8":"product_shipping_class-premium","9":"pa_bluetooth-5-2-hu","10":"pa_display-type-h-ips-hu","11":"pa_graphics-gpu-model-radeon-680m-hu","12":"pa_i-o-video-1x-hdmi-2-1-hu-2","13":"pa_i-o-video-1x-usb-4-0-type-c-tipus-c-40gb-s-sebesseggel","14":"pa_memory-ram-capacity-16gb-hu","15":"pa_memory-ram-capacity-32gb-hu","16":"pa_memory-ram-technology-lpddr5-hu","17":"pa_storage-capacity-1tb-hu","18":"pa_storage-capacity-2tb-hu","19":"pa_wi-fi-wi-fi-6-hu","20":"woo-feed-brand-gpd-hu","22":"first","23":"outofstock","24":"taxable","25":"shipping-taxable","26":"purchasable","27":"product-type-variable","28":"has-default-attributes"},"acf":[],"aioseo_notices":[],"_links":{"self":[{"href":"https:\/\/gpdstore.net\/hu\/wp-json\/wp\/v2\/product\/203663","targetHints":{"allow":["GET"]}}],"collection":[{"href":"https:\/\/gpdstore.net\/hu\/wp-json\/wp\/v2\/product"}],"about":[{"href":"https:\/\/gpdstore.net\/hu\/wp-json\/wp\/v2\/types\/product"}],"wp:featuredmedia":[{"embeddable":true,"href":"https:\/\/gpdstore.net\/hu\/wp-json\/wp\/v2\/media\/203665"}],"wp:attachment":[{"href":"https:\/\/gpdstore.net\/hu\/wp-json\/wp\/v2\/media?parent=203663"}],"wp:term":[{"taxonomy":"product_brand","embeddable":true,"href":"https:\/\/gpdstore.net\/hu\/wp-json\/wp\/v2\/product_brand?post=203663"},{"taxonomy":"product_cat","embeddable":true,"href":"https:\/\/gpdstore.net\/hu\/wp-json\/wp\/v2\/product_cat?post=203663"},{"taxonomy":"product_tag","embeddable":true,"href":"https:\/\/gpdstore.net\/hu\/wp-json\/wp\/v2\/product_tag?post=203663"},{"taxonomy":"woo-feed-brand","embeddable":true,"href":"https:\/\/gpdstore.net\/hu\/wp-json\/wp\/v2\/woo-feed-brand?post=203663"}],"curies":[{"name":"wp","href":"https:\/\/api.w.org\/{rel}","templated":true}]}}