{"id":197747,"date":"2023-03-26T13:55:57","date_gmt":"2023-03-26T13:55:57","guid":{"rendered":"https:\/\/gpdstore.net\/nem-kategorizalt\/gpd-pocket-3-mini-laptop\/"},"modified":"2026-01-07T00:09:31","modified_gmt":"2026-01-07T00:09:31","slug":"gpd-pocket-3","status":"publish","type":"product","link":"https:\/\/gpdstore.net\/hu\/product\/gpd-pocket-3\/","title":{"rendered":"GPD Pocket 3 Mini laptop"},"content":{"rendered":"\n<figure class=\"wp-block-video\"><video controls=\"\" poster=\"https:\/\/gpdstore.net\/wp-content\/uploads\/2023\/03\/s-l1600-2025-11-11T121147209.webp\" src=\"https:\/\/gpdstore.net\/wp-content\/uploads\/2023\/03\/kaezXFcAdRaf7bFG0dm_1100204901809_mp4_265_hd-1.mp4\"><\/video><\/figure>\n\n<div class=\"wp-block-columns is-layout-flex wp-container-core-columns-is-layout-28f84493 wp-block-columns-is-layout-flex\">\n<div class=\"wp-block-column is-layout-flow wp-block-column-is-layout-flow\" style=\"flex-basis:33.33%\">\n<figure class=\"wp-block-image size-full\"><a href=\"https:\/\/gpdstore.net\/wp-content\/uploads\/2023\/03\/Wholesale-Price-GPD-Pocket-3-Mini-Laptop-16GB-1TB-i7-GPD-Pocket-3jpg_.webp\"><img fetchpriority=\"high\" decoding=\"async\" width=\"800\" height=\"800\" src=\"https:\/\/gpdstore.net\/wp-content\/uploads\/2023\/03\/Wholesale-Price-GPD-Pocket-3-Mini-Laptop-16GB-1TB-i7-GPD-Pocket-3jpg_.webp\" alt=\"GPD Pocket 3, egy kompakt &#xE9;s nagy teljes&#xED;tm&#xE9;ny&#x171; mini laptop, amelyet sokoldal&#xFA; sz&#xE1;m&#xED;t&#xE1;stechnik&#xE1;ra &#xE9;s hordozhat&#xF3;s&#xE1;gra terveztek.\" class=\"wp-image-1263941\" srcset=\"https:\/\/gpdstore.net\/wp-content\/uploads\/2023\/03\/Wholesale-Price-GPD-Pocket-3-Mini-Laptop-16GB-1TB-i7-GPD-Pocket-3jpg_.webp 800w, https:\/\/gpdstore.net\/wp-content\/uploads\/2023\/03\/Wholesale-Price-GPD-Pocket-3-Mini-Laptop-16GB-1TB-i7-GPD-Pocket-3jpg_-600x600.webp 600w, https:\/\/gpdstore.net\/wp-content\/uploads\/2023\/03\/Wholesale-Price-GPD-Pocket-3-Mini-Laptop-16GB-1TB-i7-GPD-Pocket-3jpg_-150x150.webp 150w, https:\/\/gpdstore.net\/wp-content\/uploads\/2023\/03\/Wholesale-Price-GPD-Pocket-3-Mini-Laptop-16GB-1TB-i7-GPD-Pocket-3jpg_-768x768.webp 768w, https:\/\/gpdstore.net\/wp-content\/uploads\/2023\/03\/Wholesale-Price-GPD-Pocket-3-Mini-Laptop-16GB-1TB-i7-GPD-Pocket-3jpg_-65x65.webp 65w, https:\/\/gpdstore.net\/wp-content\/uploads\/2023\/03\/Wholesale-Price-GPD-Pocket-3-Mini-Laptop-16GB-1TB-i7-GPD-Pocket-3jpg_-360x360.webp 360w, https:\/\/gpdstore.net\/wp-content\/uploads\/2023\/03\/Wholesale-Price-GPD-Pocket-3-Mini-Laptop-16GB-1TB-i7-GPD-Pocket-3jpg_-441x441.webp 441w, https:\/\/gpdstore.net\/wp-content\/uploads\/2023\/03\/Wholesale-Price-GPD-Pocket-3-Mini-Laptop-16GB-1TB-i7-GPD-Pocket-3jpg_-100x100.webp 100w\" sizes=\"(max-width: 800px) 100vw, 800px\" \/><\/a><\/figure>\n<\/div>\n\n\n\n<div class=\"wp-block-column is-layout-flow wp-block-column-is-layout-flow\" style=\"flex-basis:66.66%\">\n<h2 class=\"wp-block-heading\"><strong><br\/><\/strong><strong>GPD Pocket 3: Kompakt er\u0151m\u0171<br\/>Intel Pentium Gold 7505 teljes\u00edtm\u00e9ny\u00e9vel<\/strong><\/h2>\n\n\n\n<p>A <strong>GPD Pocket 3<\/strong> mostant\u00f3l <a href=\"https:\/\/www.intel.com\/content\/www\/us\/en\/products\/sku\/208667\/intel-pentium-gold-7505-processor-4m-cache-up-to-3-50-ghz-with-ipu\/specifications.html\" target=\"_blank\" rel=\"noopener nofollow\" title=\"\">Intel Pentium Gold 7505 processzorral<\/a> ell\u00e1tott, egyszer\u0171s\u00edtett konfigur\u00e1ci\u00f3ban is el\u00e9rhet\u0151. N\u00e9gy maggal \u00e9s nyolc sz\u00e1lakkal, valamint ak\u00e1r 3,5 GHz-es gyors\u00edt\u00e1si sebess\u00e9ggel ez a CPU szil\u00e1rd teljes\u00edtm\u00e9nyt ny\u00fajt a mindennapi termel\u00e9kenys\u00e9ghez \u00e9s t\u00f6bbfeladatos munkav\u00e9gz\u00e9shez. <\/p>\n\n\n\n<p>A Pocket 3 16 GB 3733 MHz-en fut\u00f3 LPDDR4x RAM-mal \u00e9s egy gyors M.2 <a href=\"https:\/\/droix.net\/product\/ayn-odin-2-super-dock\/\" target=\"_blank\" rel=\"noopener nofollow\" title=\"\">NVMe<\/a> SSD-vel p\u00e1ros\u00edtva z\u00f6kken\u0151mentes \u00e9lm\u00e9nyt ny\u00fajt az olyan feladatokhoz, mint a dokumentumszerkeszt\u00e9s, webb\u00f6ng\u00e9sz\u00e9s, videostreaming \u00e9s k\u00f6nny\u0171 kreat\u00edv munka. Kompakt kialak\u00edt\u00e1s\u00e1nak \u00e9s modul\u00e1ris portrendszer\u00e9nek k\u00f6sz\u00f6nhet\u0151en ide\u00e1lis olyan szakemberek \u00e9s rajong\u00f3k sz\u00e1m\u00e1ra, akiknek egy nagy teljes\u00edtm\u00e9ny\u0171, m\u00e9gis hordozhat\u00f3 Windows-eszk\u00f6zre van sz\u00fcks\u00e9g\u00fck. <\/p>\n\n\n\n<p>Ak\u00e1r t\u00e1volr\u00f3l dolgozik, ak\u00e1r utazik, vagy sokoldal\u00fa, ultrahordozhat\u00f3 sz\u00e1m\u00edt\u00f3g\u00e9pre van sz\u00fcks\u00e9ge, a GPD Pocket 3 Intel Pentium Golddal t\u00f6k\u00e9letes egyens\u00falyt teremt a teljes\u00edtm\u00e9ny \u00e9s a hordozhat\u00f3s\u00e1g k\u00f6z\u00f6tt.<\/p>\n<\/div>\n<\/div>\n\n<h2 class=\"wp-block-heading has-text-align-center\">Szakembereknek tervezve: Sokoldal\u00fas\u00e1g, ir\u00e1ny\u00edthat\u00f3s\u00e1g \u00e9s kiv\u00e1l\u00f3 formatervez\u00e9s<\/h2>\n\n<div class=\"wp-block-columns is-layout-flex wp-container-core-columns-is-layout-28f84493 wp-block-columns-is-layout-flex\">\n<div class=\"wp-block-column is-layout-flow wp-block-column-is-layout-flow\">\n<figure class=\"wp-block-image size-full\"><img decoding=\"async\" width=\"300\" height=\"300\" src=\"https:\/\/gpdstore.net\/wp-content\/uploads\/2023\/03\/87affa8a-19ce-4c6d-891b-43840ae1d1f6__CR00300300_PT0_SX300_V1___.jpg\" alt=\"GPD Pocket 3 mini laptop 180 fokban elforgathat&#xF3; k&#xE9;perny&#x151;vel &#xE9;s 180 fokos lapozhat&#xF3;s&#xE1;ggal, amely rugalmas megtekint&#xE9;si &#xE9;s haszn&#xE1;lati lehet&#x151;s&#xE9;geket k&#xED;n&#xE1;l.\" class=\"wp-image-1263942\" srcset=\"https:\/\/gpdstore.net\/wp-content\/uploads\/2023\/03\/87affa8a-19ce-4c6d-891b-43840ae1d1f6__CR00300300_PT0_SX300_V1___.jpg 300w, https:\/\/gpdstore.net\/wp-content\/uploads\/2023\/03\/87affa8a-19ce-4c6d-891b-43840ae1d1f6__CR00300300_PT0_SX300_V1___-150x150.jpg 150w, https:\/\/gpdstore.net\/wp-content\/uploads\/2023\/03\/87affa8a-19ce-4c6d-891b-43840ae1d1f6__CR00300300_PT0_SX300_V1___-65x65.jpg 65w, https:\/\/gpdstore.net\/wp-content\/uploads\/2023\/03\/87affa8a-19ce-4c6d-891b-43840ae1d1f6__CR00300300_PT0_SX300_V1___-100x100.jpg 100w\" sizes=\"(max-width: 300px) 100vw, 300px\" \/><\/figure>\n\n\n\n<h3 class=\"wp-block-heading\"><strong><strong>Alkalmazkod\u00f3 kijelz\u0151:<\/strong> A 180\u00b0-ban forgathat\u00f3 k\u00e9perny\u0151 porkoh\u00e1szati tart\u00f3ss\u00e1ggal.<\/strong><\/h3>\n\n\n\n<p>A fejlett porkoh\u00e1szati technol\u00f3gi\u00e1val k\u00e9sz\u00fclt, innovat\u00edvan megtervezett forgathat\u00f3 k\u00e9perny\u0151nk sima, 180 fokos, egykezes forgat\u00e1st tesz lehet\u0151v\u00e9 az Y tengely k\u00f6r\u00fcl. Sikeresen ki\u00e1llta a szigor\u00fa tart\u00f3ss\u00e1gi teszteket, \u00e9s 100 000 folyamatos robotm\u0171veletet (bele\u00e9rtve a forg\u00e1st, nyit\u00e1st \u00e9s z\u00e1r\u00e1st) \u00e1llt ki, 99,3%-os leny\u0171g\u00f6z\u0151 szervizelhet\u0151s\u00e9gi ar\u00e1nnyal. <\/p>\n<\/div>\n\n\n\n<div class=\"wp-block-column is-layout-flow wp-block-column-is-layout-flow\">\n<figure class=\"wp-block-image size-full\"><img decoding=\"async\" width=\"300\" height=\"300\" src=\"https:\/\/gpdstore.net\/wp-content\/uploads\/2023\/03\/9728f488-7c9a-4702-8194-6d4228a0fa83__CR00300300_PT0_SX300_V1___.jpg\" alt=\"GPD Pocket 3 mini laptop tollal, amely pontos bevitelt &#xE9;s fokozott termel&#xE9;kenys&#xE9;get tesz lehet&#x151;v&#xE9;.\" class=\"wp-image-1263943\" srcset=\"https:\/\/gpdstore.net\/wp-content\/uploads\/2023\/03\/9728f488-7c9a-4702-8194-6d4228a0fa83__CR00300300_PT0_SX300_V1___.jpg 300w, https:\/\/gpdstore.net\/wp-content\/uploads\/2023\/03\/9728f488-7c9a-4702-8194-6d4228a0fa83__CR00300300_PT0_SX300_V1___-150x150.jpg 150w, https:\/\/gpdstore.net\/wp-content\/uploads\/2023\/03\/9728f488-7c9a-4702-8194-6d4228a0fa83__CR00300300_PT0_SX300_V1___-65x65.jpg 65w, https:\/\/gpdstore.net\/wp-content\/uploads\/2023\/03\/9728f488-7c9a-4702-8194-6d4228a0fa83__CR00300300_PT0_SX300_V1___-100x100.jpg 100w\" sizes=\"(max-width: 300px) 100vw, 300px\" \/><\/figure>\n\n\n\n<h3 class=\"wp-block-heading\"><strong><strong><strong>Prec\u00edzi\u00f3s bemenet:<\/strong> A Red Dot-d\u00edjas QWERTY-billenty\u0171zet \u00e9s a 4096 fokozat\u00fa toll felhaszn\u00e1l\u00e1s\u00e1val.<\/strong><\/strong><\/h3>\n\n\n\n<p>A Pocket 3 4096 nyom\u00e1s\u00e9rz\u00e9kenys\u00e9gi szinttel rendelkez\u0151 akt\u00edv tollal rendelkezik, amely eredeti k\u00e9z\u00edr\u00e1si pontoss\u00e1got biztos\u00edt. A Microsoft MPP 2.0 protokollon kereszt\u00fcl kompatibilis a Surface Pen tollal, \u00edgy z\u00f6kken\u0151mentes jegyzetel\u00e9st, megjegyz\u00e9seket \u00e9s al\u00e1\u00edr\u00e1sokat tesz lehet\u0151v\u00e9, lehet\u0151v\u00e9 t\u00e9ve a pontos \u00e9s kreat\u00edv tartalomk\u00e9sz\u00edt\u00e9st b\u00e1rmikor. <\/p>\n<\/div>\n\n\n\n<div class=\"wp-block-column is-layout-flow wp-block-column-is-layout-flow\">\n<figure class=\"wp-block-image size-full\"><img loading=\"lazy\" decoding=\"async\" width=\"300\" height=\"300\" src=\"https:\/\/gpdstore.net\/wp-content\/uploads\/2023\/03\/a2d68f01-c1f4-4886-afb1-90dae8b01b16__CR00300300_PT0_SX300_V1___.jpg\" alt=\"GPD Pocket 3 mini laptop 1080P ultra-v&#xE9;kony kamer&#xE1;val, amely nagyfelbont&#xE1;s&#xFA; vide&#xF3;min&#x151;s&#xE9;get biztos&#xED;t a tiszta &#xE9;s &#xE9;les videoh&#xED;v&#xE1;sokhoz.\" class=\"wp-image-1263944\" srcset=\"https:\/\/gpdstore.net\/wp-content\/uploads\/2023\/03\/a2d68f01-c1f4-4886-afb1-90dae8b01b16__CR00300300_PT0_SX300_V1___.jpg 300w, https:\/\/gpdstore.net\/wp-content\/uploads\/2023\/03\/a2d68f01-c1f4-4886-afb1-90dae8b01b16__CR00300300_PT0_SX300_V1___-150x150.jpg 150w, https:\/\/gpdstore.net\/wp-content\/uploads\/2023\/03\/a2d68f01-c1f4-4886-afb1-90dae8b01b16__CR00300300_PT0_SX300_V1___-65x65.jpg 65w, https:\/\/gpdstore.net\/wp-content\/uploads\/2023\/03\/a2d68f01-c1f4-4886-afb1-90dae8b01b16__CR00300300_PT0_SX300_V1___-100x100.jpg 100w\" sizes=\"(max-width: 300px) 100vw, 300px\" \/><\/figure>\n\n\n\n<h3 class=\"wp-block-heading\"><strong><strong><strong>Egy\u00e9rtelm\u0171 kommunik\u00e1ci\u00f3:<\/strong> B\u00e1rhol csatlakozhat az 1080P ultra-v\u00e9kony, sz\u00e9les l\u00e1t\u00f3sz\u00f6g\u0171 kamer\u00e1val.<\/strong><\/strong><\/h3>\n\n\n\n<p>1080P nagy felbont\u00e1s\u00fa, ultrav\u00e9kony mini kamera 2 milli\u00f3 pixellel \u00e9s sz\u00e9les, 77\u00b0-os l\u00e1t\u00f3mez\u0151vel. Ez lehet\u0151v\u00e9 teszi, hogy \u00e9l\u0151 webcaston kereszt\u00fcl kommunik\u00e1ljon csal\u00e1dj\u00e1val, vagy videokonferenci\u00e1t tartson koll\u00e9g\u00e1ival b\u00e1rmikor \u00e9s b\u00e1rhol. <\/p>\n<\/div>\n<\/div>\n\n<div class=\"wp-block-columns is-layout-flex wp-container-core-columns-is-layout-28f84493 wp-block-columns-is-layout-flex\">\n<div class=\"wp-block-column is-layout-flow wp-block-column-is-layout-flow\">\n<figure class=\"wp-block-image size-full\"><img loading=\"lazy\" decoding=\"async\" width=\"300\" height=\"400\" src=\"https:\/\/gpdstore.net\/wp-content\/uploads\/2023\/03\/dfaad9ca-c981-4178-9f69-19a4a5cf5f38__CR00300400_PT0_SX300_V1___.jpg\" alt=\"GPD Pocket 3 mini laptop KVM-vez&#xE9;rl&#xE9;ssel, amely t&#xF6;bb eszk&#xF6;z z&#xF6;kken&#x151;mentes integr&#xE1;ci&#xF3;j&#xE1;t &#xE9;s kezel&#xE9;s&#xE9;t k&#xED;n&#xE1;lja egyetlen interf&#xE9;szr&#x151;l\" class=\"wp-image-1263945\" srcset=\"https:\/\/gpdstore.net\/wp-content\/uploads\/2023\/03\/dfaad9ca-c981-4178-9f69-19a4a5cf5f38__CR00300400_PT0_SX300_V1___.jpg 300w, https:\/\/gpdstore.net\/wp-content\/uploads\/2023\/03\/dfaad9ca-c981-4178-9f69-19a4a5cf5f38__CR00300400_PT0_SX300_V1___-150x200.jpg 150w\" sizes=\"(max-width: 300px) 100vw, 300px\" \/><\/figure>\n<\/div>\n\n\n\n<div class=\"wp-block-column is-layout-flow wp-block-column-is-layout-flow\">\n<h3 class=\"wp-block-heading\"><strong>IT-adminisztr\u00e1ci\u00f3s teljes\u00edtm\u00e9ny:<\/strong> Hardverszint\u0171 szerverel\u00e9r\u00e9s a Hot-Swapolhat\u00f3 KVM modulon kereszt\u00fcl.<\/h3>\n\n\n\n<p>A &#8220;t\u00e1voli asztallal&#8221; ellent\u00e9tben a KVM vez\u00e9rl\u0151modul hardverszint\u0171 hozz\u00e1f\u00e9r\u00e9s-szab\u00e1lyoz\u00e1sra szolg\u00e1l, amely a c\u00e9lzott szerver teljes haszn\u00e1lati folyamat\u00e1ra kiterjed, a rendszerind\u00edt\u00e1st\u00f3l, a BIOS-be\u00e1ll\u00edt\u00e1sokt\u00f3l az oper\u00e1ci\u00f3s rendszeren bel\u00fcli m\u0171veletekig.<\/p>\n\n\n\n<p>Hot-swapolhat\u00f3, de nem rendelkezik IP KVM-mel, \u00edgy nem t\u00e1mogatja a t\u00e1voli kezel\u00e9st, \u00e9s olyan helyi h\u00e1l\u00f3zati eszk\u00f6z\u00f6k kezel\u00e9s\u00e9re alkalmas, amelyek nem rendelkeznek billenty\u0171zettel, eg\u00e9rrel \u00e9s kijelz\u0151vel.<\/p>\n\n\n\n<p>*KVM modul\/RS-232 modul\/Stylus k\u00fcl\u00f6n v\u00e1s\u00e1rolhat\u00f3 meg<\/p>\n<\/div>\n\n\n\n<div class=\"wp-block-column is-layout-flow wp-block-column-is-layout-flow\">\n<figure class=\"wp-block-image size-full\"><img loading=\"lazy\" decoding=\"async\" width=\"350\" height=\"175\" src=\"https:\/\/gpdstore.net\/wp-content\/uploads\/2023\/03\/c011901a-1c49-4ed6-b6e2-a74a6089bf57__CR00350175_PT0_SX350_V1___-1.jpg\" alt=\"GPD Pocket 3 mini laptop QWERTY billenty&#x171;zettel, amely k&#xE9;nyelmes &#xE9;s hat&#xE9;kony g&#xE9;pel&#xE9;st tesz lehet&#x151;v&#xE9; kompakt m&#xE9;retben.\" class=\"wp-image-1263946\" srcset=\"https:\/\/gpdstore.net\/wp-content\/uploads\/2023\/03\/c011901a-1c49-4ed6-b6e2-a74a6089bf57__CR00350175_PT0_SX350_V1___-1.jpg 350w, https:\/\/gpdstore.net\/wp-content\/uploads\/2023\/03\/c011901a-1c49-4ed6-b6e2-a74a6089bf57__CR00350175_PT0_SX350_V1___-1-150x75.jpg 150w\" sizes=\"(max-width: 350px) 100vw, 350px\" \/><\/figure>\n\n\n\n<h3 class=\"wp-block-heading\"><strong>&#8220;QWERTY&#8221; billenty\u0171zet<\/strong><\/h3>\n\n\n\n<p>A sz\u00e9les k\u00f6rben elismert, csokol\u00e1d\u00e9 st\u00edlus\u00fa &#8220;QWERTY&#8221; billenty\u0171zet\u00fcnk, amely elnyerte a n\u00e9met Red Dot d\u00edjat, a legfontosabb billenty\u0171k k\u00f6z\u00e9pre koncentr\u00e1l\u00e1s\u00e1val mindk\u00e9t k\u00e9zzel t\u00f6rt\u00e9n\u0151 g\u00e9pel\u00e9sre optimaliz\u00e1lt, \u00edgy nagyon k\u00e9nyelmes a billenty\u0171zet \u00e9s az eg\u00e9r \u00e1ltal vez\u00e9relt j\u00e1t\u00e9kok j\u00e1tsz\u00e1sa ezen a k\u00e9sz\u00fcl\u00e9ken!<\/p>\n<\/div>\n<\/div>\n\n<h2 class=\"wp-block-heading has-text-align-center\">Professzion\u00e1lis min\u0151s\u00e9g\u0171 bemenetek: Hardveres vez\u00e9rl\u00e9s \u00e9s ergonomikus g\u00e9pel\u00e9s<\/h2>\n\n<figure class=\"wp-block-image aligncenter size-full\"><img loading=\"lazy\" decoding=\"async\" width=\"1024\" height=\"678\" src=\"https:\/\/gpdstore.net\/wp-content\/uploads\/2023\/03\/GPD-POCKET-3-MARKETING-IMAGE-2-1024x678-1.jpg\" alt=\"GPD Pocket 3 mini laptop, amely t&#xF6;bb kijelz&#x151; csatlakoztat&#xE1;s&#xE1;ra k&#xE9;pes a fokozott termel&#xE9;kenys&#xE9;g &#xE9;s a multitasking &#xE9;rdek&#xE9;ben\" class=\"wp-image-1263947\" srcset=\"https:\/\/gpdstore.net\/wp-content\/uploads\/2023\/03\/GPD-POCKET-3-MARKETING-IMAGE-2-1024x678-1.jpg 1024w, https:\/\/gpdstore.net\/wp-content\/uploads\/2023\/03\/GPD-POCKET-3-MARKETING-IMAGE-2-1024x678-1-600x397.jpg 600w, https:\/\/gpdstore.net\/wp-content\/uploads\/2023\/03\/GPD-POCKET-3-MARKETING-IMAGE-2-1024x678-1-768x509.jpg 768w, https:\/\/gpdstore.net\/wp-content\/uploads\/2023\/03\/GPD-POCKET-3-MARKETING-IMAGE-2-1024x678-1-360x238.jpg 360w, https:\/\/gpdstore.net\/wp-content\/uploads\/2023\/03\/GPD-POCKET-3-MARKETING-IMAGE-2-1024x678-1-990x655.jpg 990w, https:\/\/gpdstore.net\/wp-content\/uploads\/2023\/03\/GPD-POCKET-3-MARKETING-IMAGE-2-1024x678-1-441x292.jpg 441w, https:\/\/gpdstore.net\/wp-content\/uploads\/2023\/03\/GPD-POCKET-3-MARKETING-IMAGE-2-1024x678-1-150x99.jpg 150w\" sizes=\"(max-width: 1024px) 100vw, 1024px\" \/><\/figure>\n\n<p>A GPD visszat\u00e9rt a n\u00e9pszer\u0171 mini laptopok harmadik iter\u00e1ci\u00f3j\u00e1val, a tal\u00e1l\u00f3an <strong>GPD Pocket 3<\/strong> nev\u0171vel! Ez a funkci\u00f3gazdag, kism\u00e9ret\u0171 laptop teljesen felszerelt \u00e9s el\u00e9g rugalmas ahhoz, hogy a mindennapi sz\u00e1m\u00edt\u00e1stechnikai ig\u00e9nyeit k\u00f6nnyed\u00e9n kiel\u00e9g\u00edtse.<\/p>\n\n<p>Az eszk\u00f6z m\u00e1r most is rengeteg interf\u00e9sszel rendelkezik (USB, Thunderbolt, RJ45 stb.), a GPD Pocket 3 &#8220;modul\u00e1ris csatlakoz\u00f3fel\u00fclettel&#8221; is rendelkezik. Ez lehet\u0151v\u00e9 teszi, hogy a <strong>GPD Pocket 3<\/strong> portjait szabadon be\u00e1ll\u00edthassa az ig\u00e9nyeinek megfelel\u0151en. Szeretne egy extra USB-portot egy m\u00e1sik eszk\u00f6zh\u00f6z? Nem probl\u00e9ma. Egy szerverrel kell \u00f6sszek\u00f6ttet\u00e9st l\u00e9tes\u00edtenie? A dedik\u00e1lt KVM modullal ez is k\u00f6nnyen megy!*     <\/p>\n\n<p>A nap v\u00e9g\u00e9n a <strong>GPD Pocket 3<\/strong> tele van hasznos funkci\u00f3kkal \u00e9s funkci\u00f3kkal. Be\u00e9p\u00edtett mikrofon? Megvan. 360 fokban forgathat\u00f3 kijelz\u0151? Persze! HDMI-port? M\u00e1r ott van!      <\/p>\n\n<p>Ak\u00e1r a cs\u00facskateg\u00f3ri\u00e1s, ak\u00e1r az alapmodell \u00e9rdekli, egy olyan laptopot kap, amely rendk\u00edv\u00fcl hordozhat\u00f3 \u00e9s testre szabhat\u00f3, hogy t\u00f6k\u00e9letesen illeszkedjen \u00d6nh\u00f6z.<\/p>\n\n<figure class=\"wp-block-image aligncenter size-full\"><img loading=\"lazy\" decoding=\"async\" width=\"970\" height=\"600\" src=\"https:\/\/gpdstore.net\/wp-content\/uploads\/2023\/03\/28ee65cf-aa50-4535-b107-c1d20069d506__CR00970600_PT0_SX970_V1___.jpg\" alt=\"GPD Pocket 3 mini laptop rendszerparam&#xE9;terek, bele&#xE9;rtve a processzor, a mem&#xF3;ria, a t&#xE1;rol&#xF3; &#xE9;s a kijelz&#x151; specifik&#xE1;ci&#xF3;it az optim&#xE1;lis teljes&#xED;tm&#xE9;ny &#xE9;rdek&#xE9;ben.\" class=\"wp-image-1263948\" srcset=\"https:\/\/gpdstore.net\/wp-content\/uploads\/2023\/03\/28ee65cf-aa50-4535-b107-c1d20069d506__CR00970600_PT0_SX970_V1___.jpg 970w, https:\/\/gpdstore.net\/wp-content\/uploads\/2023\/03\/28ee65cf-aa50-4535-b107-c1d20069d506__CR00970600_PT0_SX970_V1___-600x371.jpg 600w, https:\/\/gpdstore.net\/wp-content\/uploads\/2023\/03\/28ee65cf-aa50-4535-b107-c1d20069d506__CR00970600_PT0_SX970_V1___-768x475.jpg 768w, https:\/\/gpdstore.net\/wp-content\/uploads\/2023\/03\/28ee65cf-aa50-4535-b107-c1d20069d506__CR00970600_PT0_SX970_V1___-360x223.jpg 360w, https:\/\/gpdstore.net\/wp-content\/uploads\/2023\/03\/28ee65cf-aa50-4535-b107-c1d20069d506__CR00970600_PT0_SX970_V1___-441x273.jpg 441w, https:\/\/gpdstore.net\/wp-content\/uploads\/2023\/03\/28ee65cf-aa50-4535-b107-c1d20069d506__CR00970600_PT0_SX970_V1___-150x93.jpg 150w\" sizes=\"(max-width: 970px) 100vw, 970px\" \/><\/figure>\n","protected":false},"excerpt":{"rendered":"<ul>\n<li>Intel\u00ae Pentium\u00ae Gold 7505 legfeljebb 3,50 GHz ; 4 mag\/8 sz\u00e1l<\/li>\n<li><strong>16 GB LPDDR4x RAM<\/strong> @3733Mhz<\/li>\n<li><strong>Thunderbolt 4 \/ 8&#8243; \u00e9rint\u0151k\u00e9perny\u0151s kijelz\u0151 \/ ujjlenyomat-olvas\u00f3<\/strong><\/li>\n<li><strong>Ak\u00e1r 4TB<\/strong> PCI-E NVMe SSD<\/li>\n<li>Modul\u00e1ris <strong>KVM\/RS-232 portokkal <\/strong>(k\u00fcl\u00f6n megv\u00e1s\u00e1rolhat\u00f3)<\/li>\n<\/ul>\n<p><img loading=\"lazy\" decoding=\"async\" src=\"https:\/\/gpdstore.net\/wp-content\/uploads\/2024\/08\/POCKET-4-FREEBIE-LONG.jpg\" alt=\"Prom\u00f3ci\u00f3s banner a GPD Pocket 4 k\u00e9sz\u00fcl\u00e9khez, amely ingyenes v\u00e9d\u0151tokot k\u00edn\u00e1l. A sz\u00f6veg a k\u00f6vetkez\u0151: \"INGYENES AJ\u00c1ND\u00c9K - V\u00c9D\u0150TOK - AUTOMATIKUSAN A KOS\u00c1RBA TETT\", egy eleg\u00e1ns fekete v\u00e9d\u0151tok k\u00e9p\u00e9vel k\u00eds\u00e9rve.\" width=\"1000\" height=\"140\" class=\"alignnone size-full wp-image-973719\" srcset=\"https:\/\/gpdstore.net\/wp-content\/uploads\/2024\/08\/POCKET-4-FREEBIE-LONG.jpg 1000w, https:\/\/gpdstore.net\/wp-content\/uploads\/2024\/08\/POCKET-4-FREEBIE-LONG-600x84.jpg 600w, https:\/\/gpdstore.net\/wp-content\/uploads\/2024\/08\/POCKET-4-FREEBIE-LONG-768x108.jpg 768w, https:\/\/gpdstore.net\/wp-content\/uploads\/2024\/08\/POCKET-4-FREEBIE-LONG-360x50.jpg 360w, https:\/\/gpdstore.net\/wp-content\/uploads\/2024\/08\/POCKET-4-FREEBIE-LONG-990x139.jpg 990w, https:\/\/gpdstore.net\/wp-content\/uploads\/2024\/08\/POCKET-4-FREEBIE-LONG-441x62.jpg 441w, https:\/\/gpdstore.net\/wp-content\/uploads\/2024\/08\/POCKET-4-FREEBIE-LONG-150x21.jpg 150w\" sizes=\"(max-width: 1000px) 100vw, 1000px\" \/><\/p>\n<p> [cg_accordion title=\"FIZET\u00c9SI INFORM\u00c1CI\u00d3K\"] A leg\u00fajabb technol\u00f3gi\u00e1t haszn\u00e1ljuk a fizet\u00e9si folyamatok feldolgoz\u00e1s\u00e1ban, amely lehet\u0151v\u00e9 teszi, hogy a gyors \u00e9s biztons\u00e1gos fizet\u00e9s \u00e9rdek\u00e9ben bankk\u00e1rty\u00e1val\/hitelk\u00e1rty\u00e1val vagy PayPal-lal fizessen.[\/cg_accordion] [cg_accordion title=\"GARANCIA\"] 2 \u00e9v garancia a <a href=\"https:\/\/droix.net\/\" target=\"_blank\" rel=\"nofollow noopener\">DROIX Global-t\u00f3l<\/a> az \u00d6n nyugalma \u00e9rdek\u00e9ben.[\/cg_accordion] [cg_accordion title=\"MIN\u0150S\u00c9GBIZTOS\u00cdT\u00c1S \u00c9S SZ\u00c1LL\u00cdT\u00c1S EL\u0150TTI TESZTEL\u00c9S\"] A legmagasabb sz\u00ednvonal\u00fa \u00fcgyf\u00e9l-el\u00e9gedetts\u00e9g biztos\u00edt\u00e1sa: Minden k\u00e9sz\u00fcl\u00e9ket szigor\u00fa tesztel\u00e9snek \u00e9s t\u00f6bbpontos min\u0151s\u00e9gbiztos\u00edt\u00e1si ellen\u0151rz\u00e9snek vet\u00fcnk al\u00e1, miel\u0151tt kisz\u00e1ll\u00edt\u00e1sra ker\u00fcl. Elk\u00f6telezett csapatunk ellen\u0151rzi a teljes\u00edtm\u00e9nyt, a funkcionalit\u00e1st \u00e9s az alkatr\u00e9szek \u00e9ps\u00e9g\u00e9t, hogy garant\u00e1lja, hogy a GPD k\u00e9sz\u00fcl\u00e9k t\u00f6k\u00e9letes m\u0171k\u00f6d\u00e9si \u00e1llapotban van meg\u00e9rkez\u00e9sekor, \u00edgy biztos\u00edtva \u00d6nnek a bizalmat \u00e9s a nyugalmat.[\/cg_accordion] [cg_accordion title=\"\u00c1RK\u00c9PZ\u00c9S, AD\u00d3K \u00c9S SZ\u00c1LL\u00cdT\u00c1S\"] <strong><u>Megjegyz\u00e9s:<\/u><\/strong><\/p>\n<ul>\n<li>Egyes\u00fclt \u00c1llamok \u00dcgyfelek: A felt\u00fcntetett \u00e1r NEM tartalmazza az ad\u00f3t \u00e9s a v\u00e1mokat. A v\u00e1mkezel\u00e9s \u00e9s a kapcsol\u00f3d\u00f3 ad\u00f3k\/v\u00e1mok megfizet\u00e9se az \u00fcgyfelet terheli. <\/li>\n<li>EU-s \u00fcgyfelek: A felt\u00fcntetett \u00e1r tartalmazza az alkalmazand\u00f3 ad\u00f3t, amely az \u00d6n orsz\u00e1g\u00e1t\u00f3l f\u00fcgg\u0151en ak\u00e1r 25% is lehet.<\/li>\n<li>Kanadai \u00fcgyfelek: A felt\u00fcntetett \u00e1r tartalmazza az alkalmazand\u00f3 ad\u00f3kat, amelyek az \u00d6n tartom\u00e1ny\u00e1t\u00f3l f\u00fcgg\u0151en tartalmazhatj\u00e1k az 5%-os GST-t \u00e9s tov\u00e1bbi tartom\u00e1nyi forgalmi ad\u00f3kat (PST), harmoniz\u00e1lt forgalmi ad\u00f3t (HST) vagy qu\u00e9beci forgalmi ad\u00f3t (QST).<\/li>\n<\/ul>\n<p><strong>CSAK EU-s \u00fcgyfelek sz\u00e1m\u00e1ra:<\/strong> Express DDP (Delivered Duty Paid). Ez azt jelenti: <\/p>\n<ul>\n<li style=\"list-style-type: none;\">\n<ul>\n<li>A term\u00e9k oldal\u00e1n felt\u00fcntetett \u00e1r tartalmazza az \u00f6sszes v\u00e1mot \u00e9s ad\u00f3t.<\/li>\n<li>A k\u00e9zbes\u00edt\u00e9skor nem kell tov\u00e1bbi d\u00edjakat fizetnie.<\/li>\n<li>Abban a ritka esetben, ha a v\u00e1mkezel\u00e9ssel kapcsolatos probl\u00e9m\u00e1k mer\u00fclnek fel, csapatunk az \u00d6n nev\u00e9ben elv\u00e9gzi a v\u00e1mkezel\u00e9si folyamatot, hogy biztos\u00edtsa a z\u00f6kken\u0151mentes sz\u00e1ll\u00edt\u00e1st.<\/li>\n<p>Fontos inform\u00e1ci\u00f3k a visszak\u00fcld\u00e9sr\u0151l:<\/p>\n<li>Ha \u00fagy d\u00f6nt, hogy visszak\u00fcldi megrendel\u00e9s\u00e9t vagy visszat\u00e9r\u00edt\u00e9st k\u00e9r, k\u00e9rj\u00fck, vegye figyelembe, hogy az \u00d6n nev\u00e9ben a DDP felt\u00e9telei szerint kifizetett ad\u00f3k \u00e9s v\u00e1mok nem t\u00e9r\u00edthet\u0151k vissza.<\/li>\n<p>K\u00e9rj\u00fck, olvassa el a<\/ul>\n<\/li>\n<\/ul>\n<p><a href=\"https:\/\/droix.net\/terms-and-conditions\/\" target=\"_blank\" rel=\"nofollow noopener\">Felt\u00e9telek \u00e9s felt\u00e9telek<\/a><\/p>\n<ul>r\u00e9szletes inform\u00e1ci\u00f3\u00e9rt.<\/ul>\n<p>[\/cg_accordion] [cg_accordion title=\"\u00dcGYF\u00c9LSZOLG\u00c1LAT\"]  K\u00e9rd\u00e9se van? Egy r\u00f6vid sz\u00f6veges \u00fczenetben megoldjuk a probl\u00e9m\u00e1j\u00e1t!  R\u00e9szletes inform\u00e1ci\u00f3k\u00e9rt k\u00e9rj\u00fck, olvassa el a <a href=\"https:\/\/gpdstore.net\/en-gb\/terms-of-service\/\" target=\"_blank\" rel=\"nofollow noopener\">Felhaszn\u00e1l\u00e1si Felt\u00e9teleinket<\/a>.  [\/cg_accordion] [cg_accordion title=\"MIT TARTALMAZ\"]<\/p>\n<ul>\n<li>1x GPD Pocket 3<\/li>\n<li>1x h\u00e1l\u00f3zati adapter<\/li>\n<li>1x USB Type-C k\u00e1bel<\/li>\n<li>1x Felhaszn\u00e1l\u00f3i k\u00e9zik\u00f6nyv<\/li>\n<li>1x GPD toll<\/li>\n<\/ul>\n<p>[\/cg_accordion]<\/p>\n","protected":false},"featured_media":32607,"template":"","meta":{"_acf_changed":false},"product_brand":[],"product_cat":[6687,8858,8860],"product_tag":[14519,8862],"woo-feed-brand":[5662],"class_list":{"0":"post-197747","1":"product","2":"type-product","3":"status-publish","4":"has-post-thumbnail","6":"product_cat-gpd-mini-laptopok","7":"product_cat-laptopok","8":"product_cat-tablet-laptop-hu","9":"product_tag-8xmsale-hu-2","10":"product_tag-gpd-zseb-3","11":"product_shipping_class-premium","12":"pa_bluetooth-5-hu","13":"pa_brand-gpd","14":"pa_display-type-h-ips-hu","15":"pa_graphics-gpu-model-core-i3-1125g4-uhd-grafika-hu","16":"pa_graphics-gpu-model-core-i7-1195g7-iris-xe-grafika-hu","17":"pa_graphics-gpu-model-pentium-gold-7505-uhd-grafika-hu","18":"pa_i-o-video-1x-hdmi-2-0b-hu","19":"pa_i-o-video-1x-usb-4-0-type-c-tipus-c-40gb-s-sebesseggel","20":"pa_memory-ram-capacity-16gb-hu","21":"pa_memory-ram-capacity-8gb-hu","22":"pa_memory-ram-technology-lpddr4x-hu","23":"pa_processor-cpu-model-intel-core-i3-1125g4","24":"pa_processor-cpu-model-intel-core-i7-1195g7","25":"pa_processor-cpu-model-intel-pentium-gold-7505","26":"pa_processor-cpu-model-pentium-silver-n6000","27":"pa_storage-capacity-1tb-hu","28":"pa_storage-capacity-512-gb-hu","29":"pa_wi-fi-wi-fi-6-hu","30":"woo-feed-brand-gpd-hu","32":"first","33":"instock","34":"sale","35":"taxable","36":"shipping-taxable","37":"purchasable","38":"product-type-variable","39":"has-default-attributes"},"acf":[],"aioseo_notices":[],"_links":{"self":[{"href":"https:\/\/gpdstore.net\/hu\/wp-json\/wp\/v2\/product\/197747","targetHints":{"allow":["GET"]}}],"collection":[{"href":"https:\/\/gpdstore.net\/hu\/wp-json\/wp\/v2\/product"}],"about":[{"href":"https:\/\/gpdstore.net\/hu\/wp-json\/wp\/v2\/types\/product"}],"wp:featuredmedia":[{"embeddable":true,"href":"https:\/\/gpdstore.net\/hu\/wp-json\/wp\/v2\/media\/32607"}],"wp:attachment":[{"href":"https:\/\/gpdstore.net\/hu\/wp-json\/wp\/v2\/media?parent=197747"}],"wp:term":[{"taxonomy":"product_brand","embeddable":true,"href":"https:\/\/gpdstore.net\/hu\/wp-json\/wp\/v2\/product_brand?post=197747"},{"taxonomy":"product_cat","embeddable":true,"href":"https:\/\/gpdstore.net\/hu\/wp-json\/wp\/v2\/product_cat?post=197747"},{"taxonomy":"product_tag","embeddable":true,"href":"https:\/\/gpdstore.net\/hu\/wp-json\/wp\/v2\/product_tag?post=197747"},{"taxonomy":"woo-feed-brand","embeddable":true,"href":"https:\/\/gpdstore.net\/hu\/wp-json\/wp\/v2\/woo-feed-brand?post=197747"}],"curies":[{"name":"wp","href":"https:\/\/api.w.org\/{rel}","templated":true}]}}