{"id":191766,"date":"2023-03-24T18:47:23","date_gmt":"2023-03-24T18:47:23","guid":{"rendered":"https:\/\/gpdstore.net\/nem-kategorizalt\/gpd-win-4-jatek-kezi-szamitogep\/"},"modified":"2025-12-23T10:35:27","modified_gmt":"2025-12-23T10:35:27","slug":"gpd-win-4","status":"publish","type":"product","link":"https:\/\/gpdstore.net\/hu\/product\/gpd-win-4\/","title":{"rendered":"GPD WIN 4 j\u00e1t\u00e9k k\u00e9zi sz\u00e1m\u00edt\u00f3g\u00e9p"},"content":{"rendered":"\n<p>Ha lelkes j\u00e1t\u00e9kos vagy, aki szereti a j\u00e1t\u00e9kot \u00fatk\u00f6zben is, akkor biztosan \u00f6r\u00f6mmel hallasz majd a GPD leg\u00fajabb k\u00e9zi sz\u00e1m\u00edt\u00f3g\u00e9p\u00e9r\u0151l, a GPD WIN 4-r\u0151l. Kompakt m\u00e9ret\u00e9vel \u00e9s er\u0151teljes specifik\u00e1ci\u00f3ival ez a k\u00e9sz\u00fcl\u00e9k biztosan leny\u0171g\u00f6zi a legig\u00e9nyesebb j\u00e1t\u00e9kosokat is. <\/p>\n\n<p>A mind\u00f6ssze 8,6 x 3,6 x 1,10 h\u00fcvelyk (22,0 \u00d7 9,2 \u00d7 2,8 cm) \u00e9s a mind\u00f6ssze 570 g s\u00faly\u00fa GPD WIN 4 hihetetlen\u00fcl hordozhat\u00f3. M\u00e9g kisebb, mint el\u0151dje, a GPD WIN 3, \u00edgy k\u00f6nnyen elf\u00e9r egy kisebb t\u00e1sk\u00e1ban vagy kab\u00e1tzsebben, \u00e9s b\u00e1rhov\u00e1 mag\u00e1val viheti. <\/p>\n\n<p>A GPD WIN 4 egyik kiemelked\u0151 jellemz\u0151je a nyolc maggal \u00e9s tizenhat sz\u00e1lon m\u0171k\u00f6d\u0151 AMD Ryzen 7 6800U processzor, amely ak\u00e1r 4,7GHz @ 28W TDP. Ez, a 2,2 GHz-ig terjed\u0151 Radeon 680M processzorral p\u00e1rosulva, lehet\u0151v\u00e9 teszi a leg\u00fajabb AAA Windows-j\u00e1t\u00e9kok z\u00f6kken\u0151mentes j\u00e1t\u00e9k\u00e1t ezen a k\u00e9zi j\u00e1t\u00e9k-PC-n j\u00e1tszhat\u00f3 be\u00e1ll\u00edt\u00e1sok mellett. Ak\u00e1r els\u0151 szem\u00e9ly\u0171 l\u00f6v\u00f6ld\u00f6z\u0151s j\u00e1t\u00e9kokat, szerepj\u00e1t\u00e9kokat vagy sportszimul\u00e1ci\u00f3kat szeretsz, a GPD WIN 4 mindent tud.  <\/p>\n\n<p>A mem\u00f3ria \u00e9s a t\u00e1rol\u00e1s tekintet\u00e9ben a GPD WIN 4 16 GB vagy 32 GB LPDDR5-6400 MT RAM \u00e9s ak\u00e1r 2 TB gyors SSD, amely ak\u00e1r M.2 PCIe 4.0 NVMe 2280 SSD t\u00e1mogat\u00e1st is ny\u00fajt. Ez azt jelenti, hogy rengeteg helyed lesz a j\u00e1t\u00e9kok \u00e9s egy\u00e9b f\u00e1jlok t\u00e1rol\u00e1s\u00e1ra, \u00e9s a SSD vill\u00e1mgyors \u00edr\u00e1si \u00e9s olvas\u00e1si sebess\u00e9g\u00e9nek k\u00f6sz\u00f6nhet\u0151en nem kell sok\u00e1ig v\u00e1rnod a j\u00e1t\u00e9kok bet\u00f6lt\u00e9s\u00e9re.  <\/p>\n\n<p>A GPD WIN 4 a 802.11 a\/b\/g\/n\/ac\/ax WiFi 6 \u00e9s a Bluetooth 5.2 gyors vezet\u00e9k n\u00e9lk\u00fcli kapcsolat\u00e1val is b\u00fcszk\u00e9lkedhet. Ha pedig \u00faton vagy, \u00e9s internet-hozz\u00e1f\u00e9r\u00e9sre van sz\u00fcks\u00e9ged, k\u00fcl\u00f6n megv\u00e1s\u00e1rolhatsz egy k\u00fcl\u00f6n megv\u00e1s\u00e1rolhat\u00f3, csatlakoztathat\u00f3 modult, amely t\u00e1mogatja a 4G LTE nano-sim k\u00e1rty\u00e1kat a mobiladatokhoz. <\/p>\n\n<p>A k\u00e9sz\u00fcl\u00e9k 6 h\u00fcvelykes H-IPS \u00e9rint\u0151k\u00e9perny\u0151vel rendelkezik, amelynek nat\u00edv felbont\u00e1sa 1920&#215;1080, \u00e9s amely t\u00e1mogatja a 40 Hz \u00e9s 60 Hz k\u00e9pkockasebess\u00e9get a konfigur\u00e1lhat\u00f3 k\u00e9pkockasebess\u00e9ghez. Ez biztos\u00edtja, hogy a r\u00e9gebbi j\u00e1t\u00e9kok z\u00f6kken\u0151mentesen futnak a GPD WIN 4-en, a k\u00e9perny\u0151 elforgat\u00e1s\u00e1val kapcsolatos probl\u00e9m\u00e1k n\u00e9lk\u00fcl, amelyek m\u00e1s k\u00e9zisz\u00e1m\u00edt\u00f3g\u00e9pekn\u00e9l el\u0151fordulhatnak. <\/p>\n\n<p>A GPD WIN 4 egy leny\u0171g\u00f6z\u0151, a Sony PSP-re eml\u00e9keztet\u0151 vez\u00e9rl\u00e9si \u00e9s diz\u00e1jn s\u00e9m\u00e1t is k\u00edn\u00e1l, amely kett\u0151s csarnok\u00e9rz\u00e9kel\u0151s joystickkal, klasszikus st\u00edlus\u00fa D-paddal \u00e9s line\u00e1ris anal\u00f3g LED-vil\u00e1g\u00edt\u00e1s\u00fa trigger gombokkal rendelkezik. Ezenk\u00edv\u00fcl a k\u00e9sz\u00fcl\u00e9k h\u00e1toldal\u00e1n k\u00e9t testreszabhat\u00f3 gomb tal\u00e1lhat\u00f3, amelyekkel tetsz\u00e9s szerint \u00e1ll\u00edthatod be a vez\u00e9rl\u00e9st. <\/p>\n\n<p>Ha m\u00e9g tov\u00e1bb szeretn\u00e9 n\u00f6velni a GPD WIN 4 teljes\u00edtm\u00e9ny\u00e9t, k\u00fcls\u0151 grafikus k\u00e1rty\u00e1t (eGPU) csatlakoztathat a nagy sebess\u00e9g\u0171 USB 4 porton kereszt\u00fcl, amely ak\u00e1r 40 Gbps sebess\u00e9get is t\u00e1mogat. A k\u00e9sz\u00fcl\u00e9k egy USB 3.2 Gen 2 portot is tartalmaz az adat\u00e1tvitelhez \u00e9s t\u00f6lt\u00e9shez, valamint egy USB Type-A portot tov\u00e1bbi perif\u00e9ri\u00e1khoz. <\/p>\n\n<p>A 45,62 Wh kapacit\u00e1s\u00fa li-polimer akkumul\u00e1torral a GPD WIN 4 ak\u00e1r 10 \u00f3r\u00e1t is kib\u00edr k\u00f6nny\u0171 haszn\u00e1lat mellett, 3-6 \u00f3r\u00e1t m\u00e9rs\u00e9kelt haszn\u00e1lat mellett \u00e9s k\u00f6r\u00fclbel\u00fcl 2 \u00f3r\u00e1t er\u0151s haszn\u00e1lat mellett. Ez azt jelenti, hogy \u00fatk\u00f6zben is j\u00e1tszhatsz kedvenc j\u00e1t\u00e9kaiddal an\u00e9lk\u00fcl, hogy agg\u00f3dnod kellene az energia lemer\u00fcl\u00e9se miatt. <\/p>\n\n<p>\u00d6sszefoglalva, a GPD WIN 4 egy rendk\u00edv\u00fcl hordozhat\u00f3 j\u00e1t\u00e9ker\u0151m\u0171, amely t\u00f6k\u00e9letes az \u00fatk\u00f6zbeni j\u00e1t\u00e9khoz. Ak\u00e1r munk\u00e1ba ing\u00e1zik, ak\u00e1r utazik, ak\u00e1r csak otthon pihen, ez a k\u00e9zi j\u00e1t\u00e9k-PC biztosan \u00f3r\u00e1kig tart\u00f3 sz\u00f3rakoz\u00e1st ny\u00fajt. Mi\u00e9rt ne szerezn\u00e9l be egyet m\u00e9g ma, \u00e9s tapasztalhatn\u00e1d meg a cs\u00facskateg\u00f3ri\u00e1s AAA  <\/p>\n","protected":false},"excerpt":{"rendered":"<ul>\n<li><strong>AMD Ryzen 7 6800U<\/strong> \/ <strong>AMD<\/strong> Radeon 680M<\/li>\n<li><strong>legfeljebb 32 GB<\/strong> LPDDR5 @ 6400 MT\/s<\/li>\n<li><strong>ak\u00e1r 2TB nagy sebess\u00e9g\u0171<\/strong> PCI-E M <strong>.2 2280 SSD<\/strong> <\/li>\n<li><strong>6&#8243;-os H-IPS technol\u00f3gi\u00e1s \u00e9rint\u0151k\u00e9perny\u0151s<\/strong> kijelz\u0151<\/li>\n<li><strong>WiFi 6<\/strong> \u00e9s <strong>Bluetooth 5.2<\/strong> t\u00e1mogat\u00e1s  <\/li>\n<\/ul>\n<p><img fetchpriority=\"high\" decoding=\"async\" src=\"https:\/\/gpdstore.net\/wp-content\/uploads\/2024\/03\/WIN-4-FREE-GIFTS.jpg\" alt=\"\" width=\"2000\" height=\"500\" class=\"alignnone size-full wp-image-4175\" srcset=\"https:\/\/gpdstore.net\/wp-content\/uploads\/2024\/03\/WIN-4-FREE-GIFTS.jpg 2000w, https:\/\/gpdstore.net\/wp-content\/uploads\/2024\/03\/WIN-4-FREE-GIFTS-600x150.jpg 600w, https:\/\/gpdstore.net\/wp-content\/uploads\/2024\/03\/WIN-4-FREE-GIFTS-1200x300.jpg 1200w, https:\/\/gpdstore.net\/wp-content\/uploads\/2024\/03\/WIN-4-FREE-GIFTS-768x192.jpg 768w, https:\/\/gpdstore.net\/wp-content\/uploads\/2024\/03\/WIN-4-FREE-GIFTS-1536x384.jpg 1536w, https:\/\/gpdstore.net\/wp-content\/uploads\/2024\/03\/WIN-4-FREE-GIFTS-360x90.jpg 360w, https:\/\/gpdstore.net\/wp-content\/uploads\/2024\/03\/WIN-4-FREE-GIFTS-990x248.jpg 990w, https:\/\/gpdstore.net\/wp-content\/uploads\/2024\/03\/WIN-4-FREE-GIFTS-441x110.jpg 441w, https:\/\/gpdstore.net\/wp-content\/uploads\/2024\/03\/WIN-4-FREE-GIFTS-150x38.jpg 150w\" sizes=\"(max-width: 2000px) 100vw, 2000px\" \/><\/p>\n[cg_accordion title=\"FIZET\u00c9SI INFORM\u00c1CI\u00d3K\"]<\/p>\n<p>A leg\u00fajabb technol\u00f3gi\u00e1t haszn\u00e1ljuk a fizet\u00e9si folyamatok feldolgoz\u00e1s\u00e1ban, amely lehet\u0151v\u00e9 teszi, hogy a gyors \u00e9s biztons\u00e1gos fizet\u00e9s \u00e9rdek\u00e9ben bankk\u00e1rty\u00e1val\/hitelk\u00e1rty\u00e1val vagy PayPal-lal fizessen.[\/cg_accordion]\n[cg_accordion title=\"GARANCIA\"]<\/p>\n<p>2 \u00e9v garancia a <a href=\"https:\/\/droix.net\/\" target=\"_blank\" rel=\"nofollow noopener\">DROIX Global- t\u00f3l az \u00d6n nyugalma \u00e9rdek\u00e9ben<\/a> [\/cg_accordion]\n[cg_accordion title=\"MIN\u0150S\u00c9GBIZTOS\u00cdT\u00c1S \u00c9S SZ\u00c1LL\u00cdT\u00c1S EL\u0150TTI TESZTEL\u00c9S\"]<\/p>\n<p>A legmagasabb sz\u00ednvonal\u00fa \u00fcgyf\u00e9l-el\u00e9gedetts\u00e9g biztos\u00edt\u00e1sa: Minden k\u00e9sz\u00fcl\u00e9ket szigor\u00fa tesztel\u00e9snek \u00e9s t\u00f6bbpontos min\u0151s\u00e9gbiztos\u00edt\u00e1si ellen\u0151rz\u00e9snek vetnek al\u00e1, miel\u0151tt kisz\u00e1ll\u00edt\u00e1sra ker\u00fcl. Elk\u00f6telezett csapatunk ellen\u0151rzi a teljes\u00edtm\u00e9nyt, a funkcionalit\u00e1st \u00e9s az alkatr\u00e9szek \u00e9ps\u00e9g\u00e9t, hogy garant\u00e1ljuk, hogy a GPD k\u00e9sz\u00fcl\u00e9k meg\u00e9rkez\u00e9sekor t\u00f6k\u00e9letes m\u0171k\u00f6d\u00e9si \u00e1llapotban van, \u00edgy biztos\u00edtva \u00d6nnek a bizalmat \u00e9s a nyugalmat. [\/cg_accordion]\n[cg_accordion title=\"\u00c1RK\u00c9PZ\u00c9S, AD\u00d3K \u00c9S SZ\u00c1LL\u00cdT\u00c1S\"]<\/p>\n<p><strong><u>Megjegyz\u00e9s:<\/u><\/strong><\/p>\n<ul>\n<li>Egyes\u00fclt \u00c1llamok \u00dcgyfelek: A felt\u00fcntetett \u00e1r NEM tartalmazza az ad\u00f3t \u00e9s a v\u00e1mokat. A v\u00e1mkezel\u00e9s \u00e9s a kapcsol\u00f3d\u00f3 ad\u00f3k\/v\u00e1mok megfizet\u00e9se az \u00fcgyfelet terheli. <\/li>\n<li>EU-s \u00fcgyfelek: A felt\u00fcntetett \u00e1r tartalmazza az alkalmazand\u00f3 ad\u00f3t, amely az \u00d6n orsz\u00e1g\u00e1t\u00f3l f\u00fcgg\u0151en ak\u00e1r 25% is lehet.<\/li>\n<li>Kanadai \u00fcgyfelek: A felt\u00fcntetett \u00e1r tartalmazza az alkalmazand\u00f3 ad\u00f3kat, amelyek az \u00d6n tartom\u00e1ny\u00e1t\u00f3l f\u00fcgg\u0151en tartalmazhatj\u00e1k az 5%-os GST-t \u00e9s tov\u00e1bbi tartom\u00e1nyi forgalmi ad\u00f3kat (PST), harmoniz\u00e1lt forgalmi ad\u00f3t (HST) vagy qu\u00e9beci forgalmi ad\u00f3t (QST).<\/li>\n<\/ul>\n<p><strong>CSAK EU-s \u00fcgyfelek sz\u00e1m\u00e1ra:<\/strong> Express DDP (Delivered Duty Paid). Ez azt jelenti: <\/p>\n<ul>\n<li>A term\u00e9koldalon felt\u00fcntetett \u00e1r tartalmazza az \u00f6sszes v\u00e1mot \u00e9s ad\u00f3t.<\/li>\n<li>A k\u00e9zbes\u00edt\u00e9skor nem kell tov\u00e1bbi d\u00edjakat fizetnie.<\/li>\n<li>Abban a ritka esetben, ha a v\u00e1mkezel\u00e9ssel kapcsolatos probl\u00e9m\u00e1k mer\u00fclnek fel, csapatunk az \u00d6n nev\u00e9ben elv\u00e9gzi a v\u00e1mkezel\u00e9si folyamatot, hogy biztos\u00edtsa a z\u00f6kken\u0151mentes sz\u00e1ll\u00edt\u00e1st.<\/li>\n<p>Fontos inform\u00e1ci\u00f3k a visszak\u00fcld\u00e9sr\u0151l:<\/p>\n<li>Ha \u00fagy d\u00f6nt, hogy visszak\u00fcldi megrendel\u00e9s\u00e9t vagy visszat\u00e9r\u00edt\u00e9st k\u00e9r, k\u00e9rj\u00fck, vegye figyelembe, hogy az \u00d6n nev\u00e9ben a DDP felt\u00e9telei szerint kifizetett ad\u00f3k \u00e9s v\u00e1mok nem t\u00e9r\u00edthet\u0151k vissza.<\/li>\n<p>R\u00e9szletes <a href=\"https:\/\/droix.net\/terms-and-conditions\/\" target=\"_blank\" rel=\"nofollow noopener\">inform\u00e1ci\u00f3k\u00e9rt k\u00e9rj\u00fck, olvassa el a Felhaszn\u00e1l\u00e1si Felt\u00e9teleinket<\/a>.\n<\/ul>\n<p>[\/cg_accordion]\n[cg_accordion title=\"\u00dcGYF\u00c9LSZOLG\u00c1LAT\"]<\/p>\n<p>K\u00e9rd\u00e9se van? Egy r\u00f6vid sz\u00f6veges \u00fczenetben m\u00e1ris megoldjuk a probl\u00e9m\u00e1j\u00e1t! <\/p>\n<p>R\u00e9szletes <a href=\"https:\/\/gpdstore.net\/hu\/terms-of-service\/\" target=\"_blank\" rel=\"nofollow noopener\">inform\u00e1ci\u00f3k\u00e9rt k\u00e9rj\u00fck, olvassa el a Felhaszn\u00e1l\u00e1si Felt\u00e9teleinket<\/a>.\n<\/ul>\n<p>[\/cg_accordion]\n[cg_accordion title=\"MIT TARTALMAZ\"]<\/p>\n<ul>\n<li>1x GPD WIN 4<\/li>\n<li>1x h\u00e1l\u00f3zati adapter<\/li>\n<li>1x USB Type-C k\u00e1bel<\/li>\n<li>1x Felhaszn\u00e1l\u00f3i k\u00e9zik\u00f6nyv<\/li>\n<\/ul>\n<p>[\/cg_accordion]\n","protected":false},"featured_media":191769,"template":"","meta":{"_acf_changed":false},"product_brand":[],"product_cat":[6532],"product_tag":[7423,17672],"woo-feed-brand":[5662],"class_list":{"0":"post-191766","1":"product","2":"type-product","3":"status-publish","4":"has-post-thumbnail","6":"product_cat-gpd-kezi-pc-jatekhoz","7":"product_tag-10gpdsale-hu","8":"product_tag-gpd-win-4-hu","9":"product_shipping_class-premium","10":"pa_bluetooth-5-2-hu","11":"pa_display-type-h-ips-hu","12":"pa_graphics-gpu-model-radeon-680m-hu","13":"pa_i-o-video-1x-usb-4-0-type-c-tipus-c-40gb-s-sebesseggel","14":"pa_memory-ram-capacity-16gb-hu","15":"pa_memory-ram-capacity-32gb-hu","16":"pa_memory-ram-technology-lpddr5-hu","17":"pa_processor-cpu-model-ryzen-7-6800u","18":"pa_storage-capacity-512-gb-hu","19":"pa_storage-capacity-1tb-hu","20":"pa_storage-capacity-2tb-hu","21":"pa_wi-fi-wi-fi-6-hu","22":"woo-feed-brand-gpd-hu","24":"first","25":"outofstock","26":"sale","27":"taxable","28":"shipping-taxable","29":"purchasable","30":"product-type-variable","31":"has-default-attributes"},"acf":[],"aioseo_notices":[],"_links":{"self":[{"href":"https:\/\/gpdstore.net\/hu\/wp-json\/wp\/v2\/product\/191766","targetHints":{"allow":["GET"]}}],"collection":[{"href":"https:\/\/gpdstore.net\/hu\/wp-json\/wp\/v2\/product"}],"about":[{"href":"https:\/\/gpdstore.net\/hu\/wp-json\/wp\/v2\/types\/product"}],"wp:featuredmedia":[{"embeddable":true,"href":"https:\/\/gpdstore.net\/hu\/wp-json\/wp\/v2\/media\/191769"}],"wp:attachment":[{"href":"https:\/\/gpdstore.net\/hu\/wp-json\/wp\/v2\/media?parent=191766"}],"wp:term":[{"taxonomy":"product_brand","embeddable":true,"href":"https:\/\/gpdstore.net\/hu\/wp-json\/wp\/v2\/product_brand?post=191766"},{"taxonomy":"product_cat","embeddable":true,"href":"https:\/\/gpdstore.net\/hu\/wp-json\/wp\/v2\/product_cat?post=191766"},{"taxonomy":"product_tag","embeddable":true,"href":"https:\/\/gpdstore.net\/hu\/wp-json\/wp\/v2\/product_tag?post=191766"},{"taxonomy":"woo-feed-brand","embeddable":true,"href":"https:\/\/gpdstore.net\/hu\/wp-json\/wp\/v2\/woo-feed-brand?post=191766"}],"curies":[{"name":"wp","href":"https:\/\/api.w.org\/{rel}","templated":true}]}}