{"id":147008,"date":"2024-01-23T13:57:51","date_gmt":"2024-01-23T13:57:51","guid":{"rendered":"https:\/\/gpdstore.net\/nem-kategorizalt\/usb-4-0-type-c-kabel\/"},"modified":"2025-12-23T10:22:54","modified_gmt":"2025-12-23T10:22:54","slug":"usb-4-0-type-c-cable","status":"publish","type":"product","link":"https:\/\/gpdstore.net\/hu\/product\/usb-4-0-type-c-cable\/","title":{"rendered":"USB 4.0 Type-C k\u00e1bel"},"content":{"rendered":"\n<h3 class=\"wp-block-heading\"><strong>N\u00f6velje a csatlakoztathat\u00f3s\u00e1got a cs\u00facstechnol\u00f3gi\u00e1s USB 4.0 Type-C k\u00e1bellel<\/strong><br\/><strong>Fedezze fel a z\u00f6kken\u0151mentes csatlakoztathat\u00f3s\u00e1g erej\u00e9t<\/strong><\/h3>\n\n<h4 class=\"wp-block-heading\"><strong>Az adatokban rejl\u0151 lehet\u0151s\u00e9gek felszabad\u00edt\u00e1sa<\/strong><\/h4>\n\n<p>Engedje szabadj\u00e1ra az adatokban rejl\u0151 lehet\u0151s\u00e9geket forradalmi USB 4.0 Type-C k\u00e1bel\u00fcnkkel. Leny\u0171g\u00f6z\u0151, 40 Gbps adat\u00e1tviteli sebess\u00e9g\u00e9vel gyors f\u00e1jl\u00e1tvitelt biztos\u00edt, kik\u00fcsz\u00f6b\u00f6lve a k\u00e9sedelmes adat\u00e1tvitellel j\u00e1r\u00f3 gondokat. <\/p>\n\n<h4 class=\"wp-block-heading\"><strong>J\u00f6v\u0151re k\u00e9sz kompatibilit\u00e1s<\/strong><\/h4>\n\n<p>Maradjon a technol\u00f3gia \u00e9lvonal\u00e1ban a k\u00e1bel\u00fcnk Thunderbolt 3 \u00e9s 4 kompatibilit\u00e1s\u00e1val. Ez garant\u00e1lja a leg\u00fajabb eszk\u00f6z\u00f6kkel val\u00f3 z\u00f6kken\u0151mentes integr\u00e1ci\u00f3t, \u00edgy csatlakoz\u00e1si megold\u00e1sa a j\u00f6v\u0151ben is naprak\u00e9sz marad. <\/p>\n\n<h4 class=\"wp-block-heading\"><strong>P\u00e1ratlan energiaell\u00e1t\u00e1s<\/strong><\/h4>\n\n<p>Tapasztalja meg az USB 4.0 Type-C k\u00e1bel\u00fcnk cs\u00facsmin\u0151s\u00e9g\u0171 energiaell\u00e1t\u00e1si k\u00e9pess\u00e9geit, amely kiemelked\u0151 240 W teljes\u00edtm\u00e9nyt ny\u00fajt. Ez gyorsabb t\u00f6lt\u00e9st \u00e9s hosszabb eszk\u00f6z\u00fczemid\u0151t jelent, ami lehet\u0151v\u00e9 teszi a megszak\u00edt\u00e1s n\u00e9lk\u00fcli csatlakoztathat\u00f3s\u00e1got. <\/p>\n\n<h4 class=\"wp-block-heading\"><strong>Mer\u00fclj\u00f6n el a kiv\u00e9teles vizu\u00e1lis h\u0171s\u00e9gben<\/strong><\/h4>\n\n<p>Mer\u00fclj\u00f6n el a leny\u0171g\u00f6z\u0151 tisztas\u00e1g\u00fa vil\u00e1gba, amely ak\u00e1r 8K 60 Hz-en is t\u00e1mogatott. Minden r\u00e9szlet figyelemre m\u00e9lt\u00f3 pontoss\u00e1ggal kel \u00e9letre, a nagy felbont\u00e1s\u00fa tartalomk\u00e9sz\u00edt\u0151k, a j\u00e1t\u00e9kosok \u00e9s a sz\u00f3rakoz\u00e1s szerelmesei sz\u00e1m\u00e1ra. <\/p>\n\n<h4 class=\"wp-block-heading\"><strong>Innovat\u00edv energiafelhaszn\u00e1l\u00e1si k\u00e9perny\u0151<\/strong><\/h4>\n\n<p>Az USB-csatlakoz\u00f3ba integr\u00e1lt k\u00e9perny\u0151 seg\u00edts\u00e9g\u00e9vel t\u00e1j\u00e9koz\u00f3dhat az energiafogyaszt\u00e1sr\u00f3l, amely val\u00f3s idej\u0171 inform\u00e1ci\u00f3kat ny\u00fajt az energiafelhaszn\u00e1l\u00e1sr\u00f3l. A hat\u00e9konyabb \u00e9s ellen\u0151rz\u00f6tt t\u00f6lt\u00e9si \u00e9lm\u00e9ny \u00e9rdek\u00e9ben figyelemmel k\u00eds\u00e9rheti k\u00e9sz\u00fcl\u00e9kei energiafelhaszn\u00e1l\u00e1s\u00e1t. <\/p>\n\n<h4 class=\"wp-block-heading\"><strong>Szem\u00e9lyre szabott megold\u00e1sok az \u00d6n ig\u00e9nyeihez<\/strong><\/h4>\n\n<p>V\u00e1lassza ki a be\u00e1ll\u00edt\u00e1s\u00e1hoz legjobban illeszked\u0151 hossz\u00fas\u00e1got, a lehet\u0151s\u00e9gek k\u00f6z\u00f6tt szerepel a 0,8M \u00e9s 1,5M hossz\u00fas\u00e1g\u00fa standard k\u00e1bel, vagy az L alak\u00fa k\u00e1bel, amely szint\u00e9n 0,8M \u00e9s 1,5M v\u00e1ltozatban kaphat\u00f3. Ak\u00e1r a rugalmass\u00e1got helyezi el\u0151t\u00e9rbe, ak\u00e1r helytakar\u00e9kos megold\u00e1sra van sz\u00fcks\u00e9ge, USB 4.0 Type-C k\u00e1bel\u00fcnk kiel\u00e9g\u00edti csatlakoz\u00e1si ig\u00e9nyeit. <\/p>\n\n<h4 class=\"wp-block-heading\"><strong>Tapasztalja meg a kompromisszumok n\u00e9lk\u00fcli csatlakoztathat\u00f3s\u00e1got<\/strong><\/h4>\n\n<p>A precizit\u00e1ssal \u00e9s szak\u00e9rtelemmel k\u00e9sz\u00edtett USB 4.0 Type-C k\u00e1bel\u00fcnk a t\u00f6k\u00e9letes t\u00e1rs a technol\u00f3gia szerelmeseinek, a kreat\u00edv szakembereknek \u00e9s a mindennapi felhaszn\u00e1l\u00f3knak, akik kiv\u00e1l\u00f3 csatlakoz\u00e1si megold\u00e1sokat ig\u00e9nyelnek. \u00d6lelje \u00e1t a hat\u00e1rtalan lehet\u0151s\u00e9gek vil\u00e1g\u00e1t az USB 4.0 Type-C k\u00e1bellel. <\/p>\n","protected":false},"excerpt":{"rendered":"<ul>\n<li><strong>40Gbps<\/strong> adat\u00e1tviteli sebess\u00e9g<\/li>\n<li>Thunderbolt <strong>3<\/strong> \u00e9s <strong>4<\/strong><\/li>\n<li>Ak\u00e1r <strong>240 W-os<\/strong> teljes\u00edtm\u00e9nylead\u00e1s<\/li>\n<li>Ak\u00e1r <strong>8K @ 60Hz<\/strong> vide\u00f3 kimenet t\u00e1mogat\u00e1sa<\/li>\n<li>Be\u00e9p\u00edtett <strong>teljes\u00edtm\u00e9ny kijelz\u0151<\/strong><\/li>\n<\/ul>\n[cg_accordion title=\"FIZET\u00c9SI INFORM\u00c1CI\u00d3K\"]<\/p>\n<p>A leg\u00fajabb technol\u00f3gi\u00e1t haszn\u00e1ljuk a fizet\u00e9si folyamatok feldolgoz\u00e1s\u00e1ban, amely lehet\u0151v\u00e9 teszi, hogy a gyors \u00e9s biztons\u00e1gos fizet\u00e9s \u00e9rdek\u00e9ben bankk\u00e1rty\u00e1val\/hitelk\u00e1rty\u00e1val vagy PayPal-lal fizessen.[\/cg_accordion]\n[cg_accordion title=\"GARANCIA\"]<\/p>\n<p>2 \u00e9v garancia a <a href=\"https:\/\/droix.net\/\" target=\"_blank\" rel=\"nofollow noopener\">DROIX Global- t\u00f3l az \u00d6n nyugalma \u00e9rdek\u00e9ben<\/a> [\/cg_accordion]\n[cg_accordion title=\"\u00c1RK\u00c9PZ\u00c9S, AD\u00d3K \u00c9S SZ\u00c1LL\u00cdT\u00c1S\"]<\/p>\n<p><strong><u>Megjegyz\u00e9s:<\/u><\/strong><\/p>\n<ul>\n<li>Egyes\u00fclt \u00c1llamok \u00dcgyfelek: A felt\u00fcntetett \u00e1r NEM tartalmazza az ad\u00f3t \u00e9s a v\u00e1mokat. A v\u00e1mkezel\u00e9s \u00e9s a kapcsol\u00f3d\u00f3 ad\u00f3k\/v\u00e1mok megfizet\u00e9se az \u00fcgyfelet terheli. <\/li>\n<li>EU-s \u00fcgyfelek: A felt\u00fcntetett \u00e1r tartalmazza az alkalmazand\u00f3 ad\u00f3t, amely az \u00d6n orsz\u00e1g\u00e1t\u00f3l f\u00fcgg\u0151en ak\u00e1r 25% is lehet.<\/li>\n<li>Kanadai \u00fcgyfelek: A felt\u00fcntetett \u00e1r tartalmazza az alkalmazand\u00f3 ad\u00f3kat, amelyek az \u00d6n tartom\u00e1ny\u00e1t\u00f3l f\u00fcgg\u0151en tartalmazhatj\u00e1k az 5%-os GST-t \u00e9s tov\u00e1bbi tartom\u00e1nyi forgalmi ad\u00f3kat (PST), harmoniz\u00e1lt forgalmi ad\u00f3t (HST) vagy qu\u00e9beci forgalmi ad\u00f3t (QST).<\/li>\n<\/ul>\n<p><strong>CSAK EU-s \u00fcgyfelek sz\u00e1m\u00e1ra:<\/strong> Express DDP (Delivered Duty Paid). Ez azt jelenti: <\/p>\n<ul>\n<li>A term\u00e9koldalon felt\u00fcntetett \u00e1r tartalmazza az \u00f6sszes v\u00e1mot \u00e9s ad\u00f3t.<\/li>\n<li>A k\u00e9zbes\u00edt\u00e9skor nem kell tov\u00e1bbi d\u00edjakat fizetnie.<\/li>\n<li>Abban a ritka esetben, ha a v\u00e1mkezel\u00e9ssel kapcsolatos probl\u00e9m\u00e1k mer\u00fclnek fel, csapatunk az \u00d6n nev\u00e9ben elv\u00e9gzi a v\u00e1mkezel\u00e9si folyamatot, hogy biztos\u00edtsa a z\u00f6kken\u0151mentes sz\u00e1ll\u00edt\u00e1st.<\/li>\n<p>Fontos inform\u00e1ci\u00f3k a visszak\u00fcld\u00e9sr\u0151l:<\/p>\n<li>Ha \u00fagy d\u00f6nt, hogy visszak\u00fcldi megrendel\u00e9s\u00e9t vagy visszat\u00e9r\u00edt\u00e9st k\u00e9r, k\u00e9rj\u00fck, vegye figyelembe, hogy az \u00d6n nev\u00e9ben a DDP felt\u00e9telei szerint kifizetett ad\u00f3k \u00e9s v\u00e1mok nem t\u00e9r\u00edthet\u0151k vissza.<\/li>\n<p>R\u00e9szletes <a href=\"https:\/\/droix.net\/terms-and-conditions\/\" target=\"_blank\" rel=\"nofollow noopener\">inform\u00e1ci\u00f3k\u00e9rt k\u00e9rj\u00fck, olvassa el a Felhaszn\u00e1l\u00e1si Felt\u00e9teleinket<\/a>.\n<\/ul>\n<p>[\/cg_accordion]\n[cg_accordion title=\"\u00dcGYF\u00c9LSZOLG\u00c1LAT\"]<\/p>\n<p>K\u00e9rd\u00e9se van? Egy r\u00f6vid sz\u00f6veges \u00fczenetben m\u00e1ris megoldjuk a probl\u00e9m\u00e1j\u00e1t! <\/p>\n<p>R\u00e9szletes <a href=\"https:\/\/gpdstore.net\/hu\/terms-of-service\/\" target=\"_blank\" rel=\"nofollow noopener\">inform\u00e1ci\u00f3k\u00e9rt k\u00e9rj\u00fck, olvassa el a Felhaszn\u00e1l\u00e1si Felt\u00e9teleinket<\/a>.\n<\/ul>\n<p>[\/cg_accordion]\n[cg_accordion title=\"MIT TARTALMAZ\"]<\/p>\n<ul>\n<li>1x USB 4.0 Type-C k\u00e1bel<\/li>\n<\/ul>\n<p>[\/cg_accordion]\n","protected":false},"featured_media":147444,"template":"","meta":{"_acf_changed":false},"product_brand":[],"product_cat":[5408],"product_tag":[12553,7644],"woo-feed-brand":[5494],"class_list":{"0":"post-147008","1":"product","2":"type-product","3":"status-publish","4":"has-post-thumbnail","6":"product_cat-tartozekok","7":"product_tag-40bfsale-hu","8":"product_tag-altalanos-kiegeszito","9":"product_shipping_class-low-end","10":"pa_accessory-type-kabel-hu","11":"pa_i-o-video-1x-usb-4-0-type-c-dp-n-keresztul-8k60hz","12":"woo-feed-brand-droix-hu","14":"first","15":"outofstock","16":"sale","17":"taxable","18":"shipping-taxable","19":"purchasable","20":"product-type-variable","21":"has-default-attributes"},"acf":[],"aioseo_notices":[],"_links":{"self":[{"href":"https:\/\/gpdstore.net\/hu\/wp-json\/wp\/v2\/product\/147008","targetHints":{"allow":["GET"]}}],"collection":[{"href":"https:\/\/gpdstore.net\/hu\/wp-json\/wp\/v2\/product"}],"about":[{"href":"https:\/\/gpdstore.net\/hu\/wp-json\/wp\/v2\/types\/product"}],"wp:featuredmedia":[{"embeddable":true,"href":"https:\/\/gpdstore.net\/hu\/wp-json\/wp\/v2\/media\/147444"}],"wp:attachment":[{"href":"https:\/\/gpdstore.net\/hu\/wp-json\/wp\/v2\/media?parent=147008"}],"wp:term":[{"taxonomy":"product_brand","embeddable":true,"href":"https:\/\/gpdstore.net\/hu\/wp-json\/wp\/v2\/product_brand?post=147008"},{"taxonomy":"product_cat","embeddable":true,"href":"https:\/\/gpdstore.net\/hu\/wp-json\/wp\/v2\/product_cat?post=147008"},{"taxonomy":"product_tag","embeddable":true,"href":"https:\/\/gpdstore.net\/hu\/wp-json\/wp\/v2\/product_tag?post=147008"},{"taxonomy":"woo-feed-brand","embeddable":true,"href":"https:\/\/gpdstore.net\/hu\/wp-json\/wp\/v2\/woo-feed-brand?post=147008"}],"curies":[{"name":"wp","href":"https:\/\/api.w.org\/{rel}","templated":true}]}}