{"id":138025,"date":"2024-01-23T12:16:16","date_gmt":"2024-01-23T12:16:16","guid":{"rendered":"https:\/\/gpdstore.net\/nem-kategorizalt\/gpd-micro-pc\/"},"modified":"2025-12-23T10:24:23","modified_gmt":"2025-12-23T10:24:23","slug":"gpd-micro-pc","status":"publish","type":"product","link":"https:\/\/gpdstore.net\/hu\/product\/gpd-micro-pc\/","title":{"rendered":"GPD Micro PC UMPC"},"content":{"rendered":"\n<figure class=\"wp-block-video\"><video controls=\"\" muted=\"\" poster=\"https:\/\/gpdstore.net\/wp-content\/uploads\/2024\/01\/gpd-hero.jpg\" src=\"https:\/\/gpdstore.net\/wp-content\/uploads\/2024\/01\/Video-Project-22.mp4\"><\/video><\/figure>\n\n<div class=\"wp-block-columns is-layout-flex wp-container-core-columns-is-layout-28f84493 wp-block-columns-is-layout-flex\">\n<div class=\"wp-block-column is-layout-flow wp-block-column-is-layout-flow\" style=\"flex-basis:33.33%\">\n<figure class=\"wp-block-image size-full\"><img fetchpriority=\"high\" decoding=\"async\" width=\"1200\" height=\"929\" src=\"https:\/\/gpdstore.net\/wp-content\/uploads\/2024\/05\/1271643.jpg\" alt=\"GPD Micro PC, egy kompakt &#xE9;s sokoldal&#xFA; mini PC, amelyet az &#xFA;tk&#xF6;zbeni sz&#xE1;m&#xED;t&#xE1;stechnik&#xE1;hoz &#xE9;s termel&#xE9;kenys&#xE9;ghez terveztek.\" class=\"wp-image-1670\" srcset=\"https:\/\/gpdstore.net\/wp-content\/uploads\/2024\/05\/1271643.jpg 1200w, https:\/\/gpdstore.net\/wp-content\/uploads\/2024\/05\/1271643-150x116.jpg 150w, https:\/\/gpdstore.net\/wp-content\/uploads\/2024\/05\/1271643-600x465.jpg 600w, https:\/\/gpdstore.net\/wp-content\/uploads\/2024\/05\/1271643-768x595.jpg 768w, https:\/\/gpdstore.net\/wp-content\/uploads\/2024\/05\/1271643-990x766.jpg 990w, https:\/\/gpdstore.net\/wp-content\/uploads\/2024\/05\/1271643-441x341.jpg 441w\" sizes=\"(max-width: 1200px) 100vw, 1200px\" \/><\/figure>\n<\/div>\n\n\n\n<div class=\"wp-block-column is-layout-flow wp-block-column-is-layout-flow\" style=\"flex-basis:66.66%\">\n<h2 class=\"wp-block-heading\">Multi-interf\u00e9szes mobil termel\u00e9kenys\u00e9gi eszk\u00f6z: a 6&#8243;-os MicroPC!<\/h2>\n\n\n\n<p>M\u00edg a Microsoft Surface Go-t kompakt, k\u00f6nny\u0171 \u00e9s megfizethet\u0151 er\u0151m\u0171k\u00e9nt \u00fcnnepelt\u00e9k, a 6&#8243;-os MicroPC a k\u00f6vetkez\u0151 szintre l\u00e9p. Nemcsak kisebb, mint a Surface Go, de t\u00f6bb interf\u00e9sszel is b\u00fcszk\u00e9lkedhet, \u00edgy hihetetlen\u00fcl sokoldal\u00fa eszk\u00f6z. Ez a teny\u00e9rnyi m\u00e9ret\u0171, a legv\u00e9konyabb pontj\u00e1n mind\u00f6ssze 15 mm-es \u00e9s mind\u00f6ssze 440 g s\u00faly\u00fa csoda az ultrahordozhat\u00f3s\u00e1got szolg\u00e1lja, an\u00e9lk\u00fcl, hogy a teljes\u00edtm\u00e9nyben kompromisszumot k\u00f6tne. A mind\u00f6ssze 10 W-os termikus tervez\u00e9si teljes\u00edtm\u00e9nyfelv\u00e9tellel a MicroPC a Surface Go teljes\u00edtm\u00e9ny\u00e9vel egyen\u00e9rt\u00e9k\u0171 teljes\u00edtm\u00e9nyt ny\u00fajt, mindezt kedvez\u0151bb \u00e1ron. A MicroPC ide\u00e1lis a szakemberek sz\u00e1m\u00e1ra minden ipar\u00e1gban, hiszen a MicroPC a mobil termel\u00e9kenys\u00e9gi eszk\u00f6z kvintesszenci\u00e1ja!<\/p>\n<\/div>\n<\/div>\n\n<h2 class=\"wp-block-heading has-text-align-center\">Az extr\u00e9m hordozhat\u00f3s\u00e1g tal\u00e1lkozik a praktikus kialak\u00edt\u00e1ssal: GPD Micro PC adatai \u00e9s form\u00e1tuma<\/h2>\n\n<div class=\"wp-block-columns is-layout-flex wp-container-core-columns-is-layout-28f84493 wp-block-columns-is-layout-flex\">\n<div class=\"wp-block-column is-layout-flow wp-block-column-is-layout-flow\">\n<figure class=\"wp-block-image size-full is-resized\"><img decoding=\"async\" width=\"1000\" height=\"899\" src=\"https:\/\/gpdstore.net\/wp-content\/uploads\/2024\/05\/714PPtewL._AC_UF10001000_QL80_.jpg\" alt=\"GPD Micro PC 6 h&#xFC;velykes IPS-kijelz&#x151;vel, amely ide&#xE1;lis a hordozhat&#xF3; sz&#xE1;m&#xED;t&#xE1;stechnikai &#xE9;s multim&#xE9;di&#xE1;s feladatokhoz.\" class=\"wp-image-1675\" style=\"width:299px;height:auto\" srcset=\"https:\/\/gpdstore.net\/wp-content\/uploads\/2024\/05\/714PPtewL._AC_UF10001000_QL80_.jpg 1000w, https:\/\/gpdstore.net\/wp-content\/uploads\/2024\/05\/714PPtewL._AC_UF10001000_QL80_-150x135.jpg 150w, https:\/\/gpdstore.net\/wp-content\/uploads\/2024\/05\/714PPtewL._AC_UF10001000_QL80_-600x539.jpg 600w, https:\/\/gpdstore.net\/wp-content\/uploads\/2024\/05\/714PPtewL._AC_UF10001000_QL80_-768x690.jpg 768w, https:\/\/gpdstore.net\/wp-content\/uploads\/2024\/05\/714PPtewL._AC_UF10001000_QL80_-990x890.jpg 990w, https:\/\/gpdstore.net\/wp-content\/uploads\/2024\/05\/714PPtewL._AC_UF10001000_QL80_-441x396.jpg 441w\" sizes=\"(max-width: 1000px) 100vw, 1000px\" \/><\/figure>\n\n\n\n<h3 class=\"wp-block-heading\">A v\u00e9gs\u0151 Pocket PC: Mi\u00e9rt t\u00f6k\u00e9letes a 6 h\u00fcvelykes formafaktor a digit\u00e1lis nom\u00e1dok sz\u00e1m\u00e1ra?<\/h3>\n\n\n\n<p>A mind\u00f6ssze 6 h\u00fcvelyk x 4 h\u00fcvelyk m\u00e9ret\u0171 \u00e9s mind\u00f6ssze 440 gramm s\u00faly\u00fa mini PC t\u00f6k\u00e9letes v\u00e1laszt\u00e1s a szakemberek, di\u00e1kok \u00e9s a mindig mozg\u00e1sban l\u00e9v\u0151 digit\u00e1lis nom\u00e1dok sz\u00e1m\u00e1ra. N\u00e9gymagos Intel processzorral, 8 GB <a href=\"https:\/\/gpdstore.net\/hu\/product-attribute\/memory-ram-capacity\/8gb-hu\/\" target=\"_blank\" rel=\"noreferrer noopener\">RAM-mal<\/a> \u00e9s 256 GB, <a href=\"https:\/\/gpdstore.net\/hu\/product-attribute\/storage-capacity\/256-gb-hu\/\" target=\"_blank\" data-type=\"link\" data-id=\"https:\/\/gpdstore.net\/product-attribute\/storage-capacity\/256gb\/\" rel=\"noreferrer noopener\">512 GB vagy<\/a> 1 TB-os <a href=\"https:\/\/gpdstore.net\/hu\/product-attribute\/storage-capacity\/512-gb-hu\/\" target=\"_blank\" rel=\"noreferrer noopener\">t\u00e1rol\u00f3val<\/a> gyors teljes\u00edtm\u00e9nyt <a href=\"https:\/\/gpdstore.net\/hu\/product-attribute\/storage-capacity\/1tb-hu\/\" target=\"_blank\" rel=\"noreferrer noopener\">ny\u00fajt<\/a> a multitaskinghoz \u00e9s a sz\u00f3rakoz\u00e1shoz a nagy felbont\u00e1s\u00fa kijelz\u0151n.<\/p>\n<\/div>\n\n\n\n<div class=\"wp-block-column is-layout-flow wp-block-column-is-layout-flow\">\n<figure class=\"wp-block-image size-full\"><img decoding=\"async\" width=\"300\" height=\"300\" src=\"https:\/\/gpdstore.net\/wp-content\/uploads\/2024\/05\/078e6b89-8d78-4318-bf09-8caf8fecef63.__CR1800840840_PT0_SX300_V1___.jpg\" alt=\"GPD Micro PC, amelyet &#xFA;gy terveztek, hogy &#xFC;t&#xE9;s&#xE1;ll&#xF3; legyen a k&#xFC;l&#xF6;nb&#xF6;z&#x151; k&#xF6;rnyezetekben val&#xF3; tart&#xF3;ss&#xE1;g &#xE9;rdek&#xE9;ben.\" class=\"wp-image-1672\" srcset=\"https:\/\/gpdstore.net\/wp-content\/uploads\/2024\/05\/078e6b89-8d78-4318-bf09-8caf8fecef63.__CR1800840840_PT0_SX300_V1___.jpg 300w, https:\/\/gpdstore.net\/wp-content\/uploads\/2024\/05\/078e6b89-8d78-4318-bf09-8caf8fecef63.__CR1800840840_PT0_SX300_V1___-150x150.jpg 150w, https:\/\/gpdstore.net\/wp-content\/uploads\/2024\/05\/078e6b89-8d78-4318-bf09-8caf8fecef63.__CR1800840840_PT0_SX300_V1___-100x100.jpg 100w\" sizes=\"(max-width: 300px) 100vw, 300px\" \/><\/figure>\n\n\n\n<h3 class=\"wp-block-heading\"><strong>Rep\u00fcl\u0151g\u00e9p-oszt\u00e1ly\u00fa ABS h\u00e9j: A GPD Micro PC tart\u00f3ss\u00e1g\u00e1nak \u00e9s v\u00e9delm\u00e9nek fel\u00fclvizsg\u00e1lata<\/strong><\/h3>\n\n\n\n<p>A D\u00e9l-Kore\u00e1b\u00f3l import\u00e1lt LG-DOW 121H cs\u00facsmin\u0151s\u00e9g\u0171, \u00fct\u00e9sg\u00e1tl\u00f3 rep\u00fcl\u0151g\u00e9p-oszt\u00e1ly\u00fa ABS m\u0171gyant\u00e1b\u00f3l k\u00e9sz\u00fclt, ez az anyag kiv\u00e9teles tart\u00f3ss\u00e1got \u00e9s v\u00e9delmet ny\u00fajt. Jelent\u0151s, 1 mm-es vastags\u00e1g\u00e1val b\u00fcszk\u00e9lkedhet l\u00e1ngmentess\u00e9ggel, nagy h\u0151\u00e1ll\u00f3s\u00e1ggal \u00e9s V-0 t\u0171z\u00e1ll\u00f3s\u00e1gi tan\u00fas\u00edtv\u00e1nnyal. A leny\u0171g\u00f6z\u0151, ak\u00e1r 109 R Rockwell-kem\u00e9nys\u00e9g \u00e9s 26000 kg\/cm\u00b2 hajl\u00edt\u00f3szil\u00e1rds\u00e1g.<\/p>\n<\/div>\n\n\n\n<div class=\"wp-block-column is-layout-flow wp-block-column-is-layout-flow\">\n<figure class=\"wp-block-image size-full\"><img loading=\"lazy\" decoding=\"async\" width=\"300\" height=\"300\" src=\"https:\/\/gpdstore.net\/wp-content\/uploads\/2024\/05\/84908091-c530-4179-9369-d0a566b13ce8.__CR1260949949_PT0_SX300_V1___.jpg\" alt=\"GPD Micro PC kib&#x151;v&#xED;tett perif&#xE9;ri&#xE1;k t&#xE1;mogat&#xE1;s&#xE1;val, amely sokoldal&#xFA; csatlakoztathat&#xF3;s&#xE1;got &#xE9;s funkcionalit&#xE1;st tesz lehet&#x151;v&#xE9; kompakt form&#xE1;ban.\" class=\"wp-image-1674\" srcset=\"https:\/\/gpdstore.net\/wp-content\/uploads\/2024\/05\/84908091-c530-4179-9369-d0a566b13ce8.__CR1260949949_PT0_SX300_V1___.jpg 300w, https:\/\/gpdstore.net\/wp-content\/uploads\/2024\/05\/84908091-c530-4179-9369-d0a566b13ce8.__CR1260949949_PT0_SX300_V1___-150x150.jpg 150w, https:\/\/gpdstore.net\/wp-content\/uploads\/2024\/05\/84908091-c530-4179-9369-d0a566b13ce8.__CR1260949949_PT0_SX300_V1___-100x100.jpg 100w\" sizes=\"(max-width: 300px) 100vw, 300px\" \/><\/figure>\n\n\n\n<h3 class=\"wp-block-heading\"><strong>T\u00e1rol\u00e1s \u00e9s funkcionalit\u00e1s b\u0151v\u00edt\u00e9se: Az USB 3.0 \u00e9s a Micro SD foglalat haszn\u00e1lata<\/strong><\/h3>\n\n\n\n<p>A h\u00e1rom USB 3.0 interf\u00e9sszel \u00e9s egy Micro SD-ny\u00edl\u00e1ssal felszerelt eszk\u00f6z ak\u00e1r n\u00e9gy k\u00fcls\u0151 t\u00e1rol\u00f3eszk\u00f6z befogad\u00e1s\u00e1ra is alkalmas, \u00edgy gyakorlatilag korl\u00e1tlan t\u00e1rol\u00f3kapacit\u00e1st k\u00edn\u00e1l. De a sokoldal\u00fas\u00e1g nem \u00e1ll meg itt. A Hubon kereszt\u00fcl tov\u00e1bbi perif\u00e9ri\u00e1k csatlakoztat\u00e1s\u00e1nak lehet\u0151s\u00e9g\u00e9vel a be\u00e1ll\u00edt\u00e1sokat az \u00d6n ig\u00e9nyeihez igaz\u00edthatja, ak\u00e1r a termel\u00e9kenys\u00e9g n\u00f6vel\u00e9s\u00e9r\u0151l, ak\u00e1r a funkci\u00f3k b\u0151v\u00edt\u00e9s\u00e9r\u0151l van sz\u00f3.<\/p>\n<\/div>\n<\/div>\n\n<figure class=\"wp-block-image size-large\"><img loading=\"lazy\" decoding=\"async\" width=\"1200\" height=\"563\" src=\"https:\/\/gpdstore.net\/wp-content\/uploads\/2024\/05\/1068053-1200x563.jpg\" alt=\"GPD Micro PC, egy kompakt &#xE9;s nagy teljes&#xED;tm&#xE9;ny&#x171; mini sz&#xE1;m&#xED;t&#xF3;g&#xE9;p, amely ide&#xE1;lis a mobil sz&#xE1;m&#xED;t&#xE1;stechnik&#xE1;hoz &#xE9;s az &#xFA;tk&#xF6;zbeni termel&#xE9;kenys&#xE9;ghez.\" class=\"wp-image-1678\" srcset=\"https:\/\/gpdstore.net\/wp-content\/uploads\/2024\/05\/1068053-1200x563.jpg 1200w, https:\/\/gpdstore.net\/wp-content\/uploads\/2024\/05\/1068053-150x70.jpg 150w, https:\/\/gpdstore.net\/wp-content\/uploads\/2024\/05\/1068053-600x281.jpg 600w, https:\/\/gpdstore.net\/wp-content\/uploads\/2024\/05\/1068053-768x360.jpg 768w, https:\/\/gpdstore.net\/wp-content\/uploads\/2024\/05\/1068053-1536x720.jpg 1536w, https:\/\/gpdstore.net\/wp-content\/uploads\/2024\/05\/1068053-990x464.jpg 990w, https:\/\/gpdstore.net\/wp-content\/uploads\/2024\/05\/1068053-441x207.jpg 441w, https:\/\/gpdstore.net\/wp-content\/uploads\/2024\/05\/1068053.jpg 1920w\" sizes=\"(max-width: 1200px) 100vw, 1200px\" \/><\/figure>\n\n<p><br\/>Tapasztalja meg a GPD Micro PC-vel a cs\u00facsteljes\u00edtm\u00e9nyt egy kompakt csomagban. Ez a Windows 10 PRO mini laptop azoknak k\u00e9sz\u00fclt, akik gyors \u00e9s hat\u00e9kony ipari PC-t keresnek, robusztus kommunik\u00e1ci\u00f3s portokkal.<\/p>\n\n<figure class=\"wp-block-image size-large\"><img loading=\"lazy\" decoding=\"async\" width=\"1200\" height=\"600\" src=\"https:\/\/gpdstore.net\/wp-content\/uploads\/2024\/05\/MicroPC-1200x600.jpg\" alt=\"GPD Micro PC, egy kicsi, m&#xE9;gis nagy teljes&#xED;tm&#xE9;ny&#x171; hordozhat&#xF3; sz&#xE1;m&#xED;t&#xF3;g&#xE9;p, amelyet sokoldal&#xFA; sz&#xE1;m&#xED;t&#xE1;stechnikai feladatokra terveztek.\" class=\"wp-image-1677\" srcset=\"https:\/\/gpdstore.net\/wp-content\/uploads\/2024\/05\/MicroPC-1200x600.jpg 1200w, https:\/\/gpdstore.net\/wp-content\/uploads\/2024\/05\/MicroPC-150x75.jpg 150w, https:\/\/gpdstore.net\/wp-content\/uploads\/2024\/05\/MicroPC-600x300.jpg 600w, https:\/\/gpdstore.net\/wp-content\/uploads\/2024\/05\/MicroPC-768x384.jpg 768w, https:\/\/gpdstore.net\/wp-content\/uploads\/2024\/05\/MicroPC-1536x768.jpg 1536w, https:\/\/gpdstore.net\/wp-content\/uploads\/2024\/05\/MicroPC-990x495.jpg 990w, https:\/\/gpdstore.net\/wp-content\/uploads\/2024\/05\/MicroPC-441x221.jpg 441w, https:\/\/gpdstore.net\/wp-content\/uploads\/2024\/05\/MicroPC.jpg 1920w\" sizes=\"(max-width: 1200px) 100vw, 1200px\" \/><\/figure>\n\n<p>A nagy sebess\u00e9g\u0171 Intel\u00ae Celeron\u00ae N4120 Quad Core processzorral m\u0171k\u00f6d\u0151, ak\u00e1r 2,6 GHz-es turb\u00f3frekvenci\u00e1t el\u00e9r\u0151, 8 GB gyors <a href=\"https:\/\/gpdstore.net\/hu\/product-attribute\/memory-ram-capacity\/8gb-hu\/\" target=\"_blank\" rel=\"noreferrer noopener\">LPDDR4<\/a> RAM-mal t\u00e1mogatott <a href=\"https:\/\/gpdstore.net\/hu\/product-attribute\/memory-ram-technology\/lpddr4-hu\/\" target=\"_blank\" rel=\"noreferrer noopener\">Micro PC<\/a> leny\u0171g\u00f6z\u0151 teljes\u00edtm\u00e9nyt ny\u00fajt. V\u00e1lasszon h\u00e1rom t\u00e1rol\u00e1si lehet\u0151s\u00e9g k\u00f6z\u00fcl: <a href=\"https:\/\/gpdstore.net\/hu\/product-attribute\/storage-capacity\/256-gb-hu\/\" target=\"_blank\" rel=\"noreferrer noopener\">256GB,<\/a> 512GB <a href=\"https:\/\/gpdstore.net\/hu\/product-attribute\/storage-capacity\/512-gb-hu\/\" target=\"_blank\" rel=\"noreferrer noopener\">vagy 1TB<\/a> NGFF <a href=\"https:\/\/gpdstore.net\/hu\/product-attribute\/storage-capacity\/1tb-hu\/\" target=\"_blank\" rel=\"noreferrer noopener\">M.2<\/a>  SATA SSD, amely k\u00e9s\u0151bb rugalmasan b\u0151v\u00edthet\u0151.<\/p>\n\n<p>A csatlakoztathat\u00f3s\u00e1g kiemelked\u0151, m\u00e9g a teljes m\u00e9ret\u0171 ipari PC-kkel is vetekszik: h\u00e1rom USB 3.0 Type A port, egy USB Type-C port, egy RS232 soros port, RJ45 1GB\/s Ethernet port, HDMI port \u00e9s egy MicroSD k\u00e1rtyaolvas\u00f3. A vezet\u00e9k n\u00e9lk\u00fcli opci\u00f3k k\u00f6z\u00e9 tartozik a 802.11b\/g\/n\/ac, a 2.4G\/5G k\u00e9ts\u00e1vos Wi-Fi \u00e9s a Bluetooth 4.2.<\/p>\n\n<p>A Micro PC 6 h\u00fcvelykes kijelz\u0151je 1280&#215;720-as felbont\u00e1ssal b\u00fcszk\u00e9lkedhet, amelyet karc\u00e1ll\u00f3 Corning Gorilla Glass 4 \u00fcveg v\u00e9d. Nagy teljes\u00edtm\u00e9ny\u0171 hardvere ellen\u00e9re ez a k\u00e9sz\u00fcl\u00e9k kompakt, z\u00e1rt \u00e1llapotban mind\u00f6ssze 6&#8243; x 4,4&#8243; x 0,9&#8243; m\u00e9ret\u0171 &#8211; el\u00e9g kicsi ahhoz, hogy zsebben vagy kis t\u00e1sk\u00e1ban is elf\u00e9rjen.<\/p>\n\n<p>A GPD Micro kiv\u00e9teles hordozhat\u00f3s\u00e1got, sz\u00e9les k\u00f6r\u0171 csatlakoztathat\u00f3s\u00e1got \u00e9s nagy teljes\u00edtm\u00e9ny\u0171 k\u00e9pess\u00e9geket k\u00edn\u00e1l, \u00edgy ide\u00e1lis v\u00e1laszt\u00e1s a Windows 10 mikro-PC rajong\u00f3k sz\u00e1m\u00e1ra&#8230;<\/p>\n\n<figure class=\"wp-block-image size-large\"><img loading=\"lazy\" decoding=\"async\" width=\"1200\" height=\"500\" src=\"https:\/\/gpdstore.net\/wp-content\/uploads\/2024\/05\/1068559-1200x500.jpg\" alt=\"GPD Micro PC, egy kompakt &#xE9;s robusztus mini sz&#xE1;m&#xED;t&#xF3;g&#xE9;p, amely t&#xF6;k&#xE9;letes a mobil sz&#xE1;m&#xED;t&#xE1;stechnik&#xE1;hoz &#xE9;s a termel&#xE9;kenys&#xE9;ghez.\" class=\"wp-image-1676\" srcset=\"https:\/\/gpdstore.net\/wp-content\/uploads\/2024\/05\/1068559-1200x500.jpg 1200w, https:\/\/gpdstore.net\/wp-content\/uploads\/2024\/05\/1068559-150x63.jpg 150w, https:\/\/gpdstore.net\/wp-content\/uploads\/2024\/05\/1068559-600x250.jpg 600w, https:\/\/gpdstore.net\/wp-content\/uploads\/2024\/05\/1068559-768x320.jpg 768w, https:\/\/gpdstore.net\/wp-content\/uploads\/2024\/05\/1068559-1536x640.jpg 1536w, https:\/\/gpdstore.net\/wp-content\/uploads\/2024\/05\/1068559-990x413.jpg 990w, https:\/\/gpdstore.net\/wp-content\/uploads\/2024\/05\/1068559-441x184.jpg 441w, https:\/\/gpdstore.net\/wp-content\/uploads\/2024\/05\/1068559.jpg 1920w\" sizes=\"(max-width: 1200px) 100vw, 1200px\" \/><\/figure>\n","protected":false},"excerpt":{"rendered":"<ul>\n<li>IT szakemberek sz\u00e1m\u00e1ra testre szabva<\/li>\n<li>Intel N4120 lapkak\u00e9szlet<\/li>\n<li>Windows 10 <strong>Pro<\/strong><\/li>\n<li>RS-232 soros port<\/li>\n<li>K\u00e9ts\u00e1vos Wi-Fi \u00e9s 1 Gigabites RJ45 port<\/li>\n<\/ul>\n<p>[cg_accordion title=\"FIZET\u00c9SI INFORM\u00c1CI\u00d3K\"]  A leg\u00fajabb technol\u00f3gi\u00e1t haszn\u00e1ljuk a fizet\u00e9si folyamatok feldolgoz\u00e1s\u00e1ban, amely lehet\u0151v\u00e9 teszi, hogy a gyors \u00e9s biztons\u00e1gos fizet\u00e9s \u00e9rdek\u00e9ben bankk\u00e1rty\u00e1val\/hitelk\u00e1rty\u00e1val vagy PayPal-lal fizessen.[\/cg_accordion] [cg_accordion title=\"GARANCIA\"]  2 \u00e9v garancia a <a href=\"https:\/\/droix.net\/\" target=\"_blank\" rel=\"nofollow noopener\">DROIX Global- t\u00f3l az \u00d6n nyugalma \u00e9rdek\u00e9ben<\/a> [\/cg_accordion] [cg_accordion title=\"MIN\u0150S\u00c9GBIZTOS\u00cdT\u00c1S \u00c9S SZ\u00c1LL\u00cdT\u00c1S EL\u0150TTI TESZTEL\u00c9S\"]  A legmagasabb sz\u00ednvonal\u00fa \u00fcgyf\u00e9l-el\u00e9gedetts\u00e9g biztos\u00edt\u00e1sa: Minden k\u00e9sz\u00fcl\u00e9ket szigor\u00fa tesztel\u00e9snek \u00e9s t\u00f6bbpontos min\u0151s\u00e9gbiztos\u00edt\u00e1si ellen\u0151rz\u00e9snek vetnek al\u00e1, miel\u0151tt kisz\u00e1ll\u00edt\u00e1sra ker\u00fcl. Elk\u00f6telezett csapatunk ellen\u0151rzi a teljes\u00edtm\u00e9nyt, a funkcionalit\u00e1st \u00e9s az alkatr\u00e9szek \u00e9ps\u00e9g\u00e9t, hogy garant\u00e1ljuk, hogy a GPD k\u00e9sz\u00fcl\u00e9k meg\u00e9rkez\u00e9sekor t\u00f6k\u00e9letes m\u0171k\u00f6d\u00e9si \u00e1llapotban van, \u00edgy biztos\u00edtva \u00d6nnek a bizalmat \u00e9s a nyugalmat. [\/cg_accordion] [cg_accordion title=\"PRICING, TAXES AND SHIPPING\"] <strong><u>Megjegyz\u00e9s:<\/u><\/strong><\/p>\n<ul>\n<li>Egyes\u00fclt \u00c1llamok \u00dcgyfelek: A felt\u00fcntetett \u00e1r NEM tartalmazza az ad\u00f3t \u00e9s a v\u00e1mokat. A v\u00e1mkezel\u00e9s \u00e9s a kapcsol\u00f3d\u00f3 ad\u00f3k\/v\u00e1mok megfizet\u00e9se az \u00fcgyfelet terheli. <\/li>\n<li>EU-s \u00fcgyfelek: A felt\u00fcntetett \u00e1r tartalmazza az alkalmazand\u00f3 ad\u00f3t, amely az \u00d6n orsz\u00e1g\u00e1t\u00f3l f\u00fcgg\u0151en ak\u00e1r 25% is lehet.<\/li>\n<li>Kanadai \u00fcgyfelek: A felt\u00fcntetett \u00e1r tartalmazza az alkalmazand\u00f3 ad\u00f3kat, amelyek az \u00d6n tartom\u00e1ny\u00e1t\u00f3l f\u00fcgg\u0151en tartalmazhatj\u00e1k az 5%-os GST-t \u00e9s tov\u00e1bbi tartom\u00e1nyi forgalmi ad\u00f3kat (PST), harmoniz\u00e1lt forgalmi ad\u00f3t (HST) vagy qu\u00e9beci forgalmi ad\u00f3t (QST).<\/li>\n<\/ul>\n<p><strong>CSAK EU-s \u00fcgyfelek sz\u00e1m\u00e1ra:<\/strong> Express DDP (Delivered Duty Paid). Ez azt jelenti: <\/p>\n<ul>\n<li style=\"list-style-type: none;\">\n<ul>\n<li>A term\u00e9koldalon felt\u00fcntetett \u00e1r tartalmazza az \u00f6sszes v\u00e1mot \u00e9s ad\u00f3t.<\/li>\n<li>A k\u00e9zbes\u00edt\u00e9skor nem kell tov\u00e1bbi d\u00edjakat fizetnie.<\/li>\n<li>Abban a ritka esetben, ha a v\u00e1mkezel\u00e9ssel kapcsolatos probl\u00e9m\u00e1k mer\u00fclnek fel, csapatunk az \u00d6n nev\u00e9ben elv\u00e9gzi a v\u00e1mkezel\u00e9si folyamatot, hogy biztos\u00edtsa a z\u00f6kken\u0151mentes sz\u00e1ll\u00edt\u00e1st.<\/li>\n<p>Fontos inform\u00e1ci\u00f3k a visszak\u00fcld\u00e9sr\u0151l:<\/p>\n<li>Ha \u00fagy d\u00f6nt, hogy visszak\u00fcldi megrendel\u00e9s\u00e9t vagy visszat\u00e9r\u00edt\u00e9st k\u00e9r, k\u00e9rj\u00fck, vegye figyelembe, hogy az \u00d6n nev\u00e9ben a DDP felt\u00e9telei szerint kifizetett ad\u00f3k \u00e9s v\u00e1mok nem t\u00e9r\u00edthet\u0151k vissza.<\/li>\n<p>K\u00e9rj\u00fck, olvassa el a<\/ul>\n<\/li>\n<\/ul>\n<p><a href=\"https:\/\/droix.net\/terms-and-conditions\/\" target=\"_blank\" rel=\"nofollow noopener\">Felt\u00e9telek \u00e9s felt\u00e9telek<\/a><\/p>\n<ul>r\u00e9szletes inform\u00e1ci\u00f3\u00e9rt.<\/ul>\n<p>[\/cg_accordion] [cg_accordion title=\"\u00dcGYF\u00c9LSZOLG\u00c1LAT\"]  K\u00e9rd\u00e9se van? Egy r\u00f6vid sz\u00f6veges \u00fczenetben m\u00e1ris megoldjuk a probl\u00e9m\u00e1j\u00e1t!  R\u00e9szletes inform\u00e1ci\u00f3k\u00e9rt k\u00e9rj\u00fck, olvassa el a <a href=\"https:\/\/gpdstore.net\/hu\/terms-of-service\/\" target=\"_blank\" rel=\"nofollow noopener\">Felhaszn\u00e1l\u00e1si felt\u00e9telek<\/a> c\u00edm\u0171 dokumentumot.  [\/cg_accordion] [cg_accordion title=\"WHAT'S INCLUDED\"]<\/p>\n<ul>\n<li>1x GPD Micro PC<\/li>\n<li>1x h\u00e1l\u00f3zati adapter<\/li>\n<li>1x USB Type-C k\u00e1bel<\/li>\n<li>1x Felhaszn\u00e1l\u00f3i k\u00e9zik\u00f6nyv<\/li>\n<\/ul>\n<p>[\/cg_accordion]<\/p>\n","protected":false},"featured_media":119486,"template":"","meta":{"_acf_changed":false},"product_brand":[],"product_cat":[6687],"product_tag":[16265,7424],"woo-feed-brand":[5662],"class_list":{"0":"post-138025","1":"product","2":"type-product","3":"status-publish","4":"has-post-thumbnail","6":"product_cat-gpd-mini-laptopok","7":"product_tag-10xmsale-hu","8":"product_tag-gpd-micro-pc-hu","9":"product_shipping_class-premium","10":"product_shipping_class-standard","11":"pa_bluetooth-4-2-hu-2","12":"pa_brand-gpd","13":"pa_graphics-gpu-model-uhd-graphics-600-hu","14":"pa_i-o-video-1x-hdmi-2-0-a-tipus","15":"pa_memory-ram-capacity-8gb-hu","16":"pa_memory-ram-technology-lpddr4-hu","17":"pa_processor-cpu-model-celeron-n4120-processor","18":"pa_storage-capacity-1tb-hu","19":"pa_storage-capacity-1tb","20":"pa_storage-capacity-256-gb-hu","21":"pa_storage-capacity-256gb","22":"pa_storage-capacity-512-gb-hu","23":"pa_storage-capacity-512gb","24":"pa_storage-technology-m-2-2242-ssd-hu","25":"pa_wi-fi-2-4g-5g-dual-band-hu","26":"woo-feed-brand-gpd-hu","28":"first","29":"outofstock","30":"sale","31":"taxable","32":"shipping-taxable","33":"purchasable","34":"product-type-variable","35":"has-default-attributes"},"acf":[],"aioseo_notices":[],"_links":{"self":[{"href":"https:\/\/gpdstore.net\/hu\/wp-json\/wp\/v2\/product\/138025","targetHints":{"allow":["GET"]}}],"collection":[{"href":"https:\/\/gpdstore.net\/hu\/wp-json\/wp\/v2\/product"}],"about":[{"href":"https:\/\/gpdstore.net\/hu\/wp-json\/wp\/v2\/types\/product"}],"wp:featuredmedia":[{"embeddable":true,"href":"https:\/\/gpdstore.net\/hu\/wp-json\/wp\/v2\/media\/119486"}],"wp:attachment":[{"href":"https:\/\/gpdstore.net\/hu\/wp-json\/wp\/v2\/media?parent=138025"}],"wp:term":[{"taxonomy":"product_brand","embeddable":true,"href":"https:\/\/gpdstore.net\/hu\/wp-json\/wp\/v2\/product_brand?post=138025"},{"taxonomy":"product_cat","embeddable":true,"href":"https:\/\/gpdstore.net\/hu\/wp-json\/wp\/v2\/product_cat?post=138025"},{"taxonomy":"product_tag","embeddable":true,"href":"https:\/\/gpdstore.net\/hu\/wp-json\/wp\/v2\/product_tag?post=138025"},{"taxonomy":"woo-feed-brand","embeddable":true,"href":"https:\/\/gpdstore.net\/hu\/wp-json\/wp\/v2\/woo-feed-brand?post=138025"}],"curies":[{"name":"wp","href":"https:\/\/api.w.org\/{rel}","templated":true}]}}