{"id":128836,"date":"2024-01-23T15:11:56","date_gmt":"2024-01-23T15:11:56","guid":{"rendered":"https:\/\/gpdstore.net\/nem-kategorizalt\/gpd-win-mini-markolatok\/"},"modified":"2025-12-23T10:21:52","modified_gmt":"2025-12-23T10:21:52","slug":"gpd-win-mini-grips","status":"publish","type":"product","link":"https:\/\/gpdstore.net\/hu\/product\/gpd-win-mini-grips\/","title":{"rendered":"GPD WIN Mini markolatok"},"content":{"rendered":"\n<p><strong>GPD WIN Mini markolatok &#8211; emelje a j\u00e1t\u00e9k\u00e9lm\u00e9nyt<\/strong> <\/p>\n\n<p>Dobd fel a GPD WIN Mini-t a hivatalos GPD WIN Mini markolatokkal. Amellett, hogy jobb tart\u00e1st biztos\u00edt a GPD WIN Minin, a GPD WIN Mini egy kicsit eleg\u00e1nsabb\u00e1 teheti a Mini megjelen\u00e9s\u00e9t. <\/p>\n","protected":false},"excerpt":{"rendered":"<ul>\n<li>Hivatalos GPD WIN Mini markolatok<\/li>\n<li>Kiv\u00e1l\u00f3 tart\u00e1s biztos\u00edt\u00e1sa<\/li>\n<li>K\u00e9nyelem a hosszabb \u00fcl\u00e9sekhez<\/li>\n<li>K\u00f6nny\u0171 telep\u00edt\u00e9s \u00e9s elt\u00e1vol\u00edt\u00e1s<\/li>\n<li>Minden benne van ; csavarok, csavarh\u00faz\u00f3 \u00e9s markolatok<\/li>\n<\/ul>\n<p> [cg_accordion title=\"FIZET\u00c9SI INFORM\u00c1CI\u00d3K\"] A leg\u00fajabb technol\u00f3gi\u00e1t haszn\u00e1ljuk a fizet\u00e9s feldolgoz\u00e1s\u00e1ban, amely lehet\u0151v\u00e9 teszi, hogy az Apple Pay, a Google Pay, a bankk\u00e1rtya\/hitelk\u00e1rtya, a PayPal vagy a BNPL m\u00f3dszerek, mint p\u00e9ld\u00e1ul a Klarna, az Affirm vagy az AfterPay seg\u00edts\u00e9g\u00e9vel fizessen ki gyorsan \u00e9s biztons\u00e1gosan.[\/cg_accordion] [cg_accordion title=\"GARANCIA\"] 2 \u00e9v garancia a <a href=\"https:\/\/droix.net\/\" target=\"_blank\" rel=\"nofollow noopener\">DROIX Global<\/a> r\u00e9sz\u00e9r\u0151l az \u00d6n nyugalma \u00e9rdek\u00e9ben.[\/cg_accordion] [cg_accordion title=\"PRICING, TAXES AND SHIPPING\"] <strong><br \/>\n  <u>Megjegyz\u00e9s:<\/u><br \/>\n<\/strong><\/p>\n<ul>\n<li>Egyes\u00fclt \u00c1llamok \u00dcgyfelek: A felt\u00fcntetett \u00e1r NEM tartalmazza az ad\u00f3t \u00e9s a v\u00e1mokat. A v\u00e1mkezel\u00e9s \u00e9s a kapcsol\u00f3d\u00f3 ad\u00f3k\/v\u00e1mok megfizet\u00e9se az \u00fcgyfelet terheli. <\/li>\n<li>EU-s \u00fcgyfelek: A felt\u00fcntetett \u00e1r tartalmazza az alkalmazand\u00f3 ad\u00f3t, amely az \u00d6n orsz\u00e1g\u00e1t\u00f3l f\u00fcgg\u0151en ak\u00e1r 25% is lehet.<\/li>\n<li>Kanadai \u00fcgyfelek: A felt\u00fcntetett \u00e1r tartalmazza az alkalmazand\u00f3 ad\u00f3kat, amelyek az \u00d6n tartom\u00e1ny\u00e1t\u00f3l f\u00fcgg\u0151en tartalmazhatj\u00e1k az 5%-os GST-t \u00e9s tov\u00e1bbi tartom\u00e1nyi forgalmi ad\u00f3kat (PST), harmoniz\u00e1lt forgalmi ad\u00f3t (HST) vagy qu\u00e9beci forgalmi ad\u00f3t (QST).<\/li>\n<\/ul>\n<p><strong>CSAK EU-s \u00fcgyfelek sz\u00e1m\u00e1ra:<\/strong> Express DDP (Delivered Duty Paid). Ez azt jelenti: <\/p>\n<ul>\n<li style=\"list-style-type: none;\">\n<ul>\n<li>A term\u00e9koldalon felt\u00fcntetett \u00e1r tartalmazza az \u00f6sszes v\u00e1mot \u00e9s ad\u00f3t.<\/li>\n<li>A k\u00e9zbes\u00edt\u00e9skor nem kell tov\u00e1bbi d\u00edjakat fizetnie.<\/li>\n<li>Abban a ritka esetben, ha a v\u00e1mkezel\u00e9ssel kapcsolatos probl\u00e9m\u00e1k mer\u00fclnek fel, csapatunk az \u00d6n nev\u00e9ben elv\u00e9gzi a v\u00e1mkezel\u00e9si folyamatot, hogy biztos\u00edtsa a z\u00f6kken\u0151mentes sz\u00e1ll\u00edt\u00e1st.<\/li>\n<p>Fontos inform\u00e1ci\u00f3k a visszak\u00fcld\u00e9sr\u0151l:<\/p>\n<li>Ha \u00fagy d\u00f6nt, hogy visszak\u00fcldi megrendel\u00e9s\u00e9t vagy visszat\u00e9r\u00edt\u00e9st k\u00e9r, k\u00e9rj\u00fck, vegye figyelembe, hogy az \u00d6n nev\u00e9ben a DDP felt\u00e9telei szerint kifizetett ad\u00f3k \u00e9s v\u00e1mok nem t\u00e9r\u00edthet\u0151k vissza.<\/li>\n<p>K\u00e9rj\u00fck, olvassa el a<\/ul>\n<\/li>\n<\/ul>\n<p><a href=\"https:\/\/gpdstore.net\/hu\/terms-of-service\/\" target=\"_blank\" rel=\"nofollow noopener\">Felt\u00e9telek \u00e9s felt\u00e9telek<\/a><\/p>\n<ul>r\u00e9szletes inform\u00e1ci\u00f3\u00e9rt.<\/ul>\n<p>[\/cg_accordion] [cg_accordion title=\"\u00dcGYF\u00c9LSZOLG\u00c1LAT\"]  K\u00e9rd\u00e9se van? Egy r\u00f6vid sz\u00f6veges \u00fczenetben m\u00e1ris megoldjuk a probl\u00e9m\u00e1j\u00e1t!   [\/cg_accordion] [cg_accordion title=\"WHAT'S INCLUDED\"]<\/p>\n<ul>\n<li>1x GPD WIN Mini markolatok<\/li>\n<\/ul>\n<p>[\/cg_accordion]<\/p>\n","protected":false},"featured_media":128838,"template":"","meta":{"_acf_changed":false},"product_brand":[],"product_cat":[5408],"product_tag":[12486,7146],"woo-feed-brand":[5662],"class_list":{"0":"post-128836","1":"product","2":"type-product","3":"status-publish","4":"has-post-thumbnail","6":"product_cat-tartozekok","7":"product_tag-25bfsale-hu","8":"product_tag-gpd-win-mini-accessory-hu","9":"product_shipping_class-standard","11":"pa_accessory-type-fogas","12":"pa_brand-gpd","13":"woo-feed-brand-gpd-hu","15":"first","16":"outofstock","17":"sale","18":"taxable","19":"shipping-taxable","20":"purchasable","21":"product-type-variable","22":"has-default-attributes"},"acf":[],"aioseo_notices":[],"_links":{"self":[{"href":"https:\/\/gpdstore.net\/hu\/wp-json\/wp\/v2\/product\/128836","targetHints":{"allow":["GET"]}}],"collection":[{"href":"https:\/\/gpdstore.net\/hu\/wp-json\/wp\/v2\/product"}],"about":[{"href":"https:\/\/gpdstore.net\/hu\/wp-json\/wp\/v2\/types\/product"}],"wp:featuredmedia":[{"embeddable":true,"href":"https:\/\/gpdstore.net\/hu\/wp-json\/wp\/v2\/media\/128838"}],"wp:attachment":[{"href":"https:\/\/gpdstore.net\/hu\/wp-json\/wp\/v2\/media?parent=128836"}],"wp:term":[{"taxonomy":"product_brand","embeddable":true,"href":"https:\/\/gpdstore.net\/hu\/wp-json\/wp\/v2\/product_brand?post=128836"},{"taxonomy":"product_cat","embeddable":true,"href":"https:\/\/gpdstore.net\/hu\/wp-json\/wp\/v2\/product_cat?post=128836"},{"taxonomy":"product_tag","embeddable":true,"href":"https:\/\/gpdstore.net\/hu\/wp-json\/wp\/v2\/product_tag?post=128836"},{"taxonomy":"woo-feed-brand","embeddable":true,"href":"https:\/\/gpdstore.net\/hu\/wp-json\/wp\/v2\/woo-feed-brand?post=128836"}],"curies":[{"name":"wp","href":"https:\/\/api.w.org\/{rel}","templated":true}]}}