{"id":1275982,"date":"2026-01-22T10:18:28","date_gmt":"2026-01-22T10:18:28","guid":{"rendered":"https:\/\/gpdstore.net\/product\/biwin-rd510-mini-ssd-olvaso\/"},"modified":"2026-03-29T00:46:28","modified_gmt":"2026-03-29T00:46:28","slug":"biwin-rd510-mini-ssd-reader","status":"publish","type":"product","link":"https:\/\/gpdstore.net\/hu\/product\/biwin-rd510-mini-ssd-reader\/","title":{"rendered":"Biwin RD510 Mini SSD olvas\u00f3"},"content":{"rendered":"\n<h2 class=\"wp-block-heading\">Biwin Mini SSD olvas\u00f3: A v\u00e9gs\u0151 USB 4.0 t\u00e1rol\u00e1si megold\u00e1s a szakemberek sz\u00e1m\u00e1ra<\/h2>\n\n<p>A <strong>Biwin RD510 Mini SSD olvas\u00f3<\/strong> \u00e1tt\u00f6r\u00e9st <strong>jelent<\/strong> a hordozhat\u00f3 t\u00e1rol\u00e1si technol\u00f3gi\u00e1ban. Ez a nagy teljes\u00edtm\u00e9ny\u0171 olvas\u00f3 az els\u0151 a maga nem\u00e9ben, amelyet kifejezetten az ultrakompakt &#8220;Mini SSD&#8221; formafaktorhoz terveztek. Ezek az apr\u00f3, mind\u00f6ssze 15,0 mm \u00d7 17,0 mm \u00d7 1,4 mm m\u00e9ret\u0171 meghajt\u00f3k prec\u00edz elhelyez\u00e9st ig\u00e9nyelnek ahhoz, hogy a lehet\u0151 legjobban m\u0171k\u00f6djenek.2 Mivel ez a biwin SSD megold\u00e1s ilyen <strong>kis m\u00e9retre<\/strong> lett<sup>szabva<\/sup>, olyan szint\u0171 hordozhat\u00f3s\u00e1got k\u00edn\u00e1l, amire kor\u00e1bban nem volt p\u00e9lda a professzion\u00e1lis hardverek piac\u00e1n.  <\/p>\n\n<h2 class=\"wp-block-heading\">Vill\u00e1mgyors sebess\u00e9g a Biwin RD510 Mini SSD olvas\u00f3val<\/h2>\n\n<p>A teljes\u00edtm\u00e9ny az, ahol ez a <strong>biwinn mini SSD olvas\u00f3 igaz\u00e1n<\/strong> ragyog. A fejlett USB 4.0 protokollt haszn\u00e1lja, hogy elk\u00e9peszt\u0151, ak\u00e1r 40 Gbps-os adat\u00e1tviteli sebess\u00e9get biztos\u00edtson.3<sup>Ennek k\u00f6vetkezt\u00e9ben a<\/sup> Biwin RD510 Mini SSD <strong>olvas\u00f3<\/strong> 3300 MB\/s <strong>szekvenci\u00e1lis olvas\u00e1si<\/strong> \u00e9s 3000 MB\/s \u00edr\u00e1si sebess\u00e9get <strong>\u00e9r el<\/strong>.4 Ezek a sz\u00e1mok<sup>t\u00f6k\u00e9letesen meg<\/sup> felelnek<sup>azoknak a<\/sup> felhaszn\u00e1l\u00f3knak, akik gyakran kezelnek 8K videof\u00e1jlokat vagy hatalmas szoftvert\u00e1rakat. <\/p>\n\n<p>A biwin <strong>SSD meghajt\u00f3 architekt\u00far\u00e1ja<\/strong> r\u00e1ad\u00e1sul a modern oper\u00e1ci\u00f3s rendszerekhez lett optimaliz\u00e1lva a plug-and-play egyszer\u0171s\u00e9g\u00e9nek biztos\u00edt\u00e1sa \u00e9rdek\u00e9ben. Meg fogja tapasztalni, hogy a nagyszab\u00e1s\u00fa adatment\u00e9sek percek helyett m\u00e1sodpercek alatt elk\u00e9sz\u00fclnek. Mivel az interf\u00e9sz olyan hat\u00e9kony, a k\u00e9sleltet\u00e9s az intenz\u00edv professzion\u00e1lis alkalmaz\u00e1sok sor\u00e1n a lehet\u0151 legkisebb.  <\/p>\n\n<h2 class=\"wp-block-heading\">Akt\u00edv h\u0171t\u00e9s a tart\u00f3s Biwin SSD-teljes\u00edtm\u00e9ny\u00e9rt<\/h2>\n\n<p>A nagy sebess\u00e9gek fenntart\u00e1sa gyakran termikus kih\u00edv\u00e1sokhoz vezet. Ez\u00e9rt a Biwin <strong>RD510 Mini SSD olvas\u00f3<\/strong> be\u00e9p\u00edtett h\u0171t\u0151ventil\u00e1torral <strong>van felszerelve<\/strong> az akt\u00edv h\u0151kezel\u00e9s \u00e9rdek\u00e9ben. Ez a termikus megold\u00e1s megakad\u00e1lyozza a t\u00falmeleged\u00e9ssel j\u00e1r\u00f3 teljes\u00edtm\u00e9nycs\u00f6kken\u00e9st. K\u00f6vetkez\u00e9sk\u00e9ppen a biwin <strong>SSD-je<\/strong> m\u00e9g az \u00f3r\u00e1kon \u00e1t tart\u00f3 adatmigr\u00e1ci\u00f3k sor\u00e1n is <strong>meg\u0151rzi<\/strong> maxim\u00e1lis sebess\u00e9g\u00e9t.   <\/p>\n\n<p>A <strong>Biwin RD510 Mini SSD olvas\u00f3<\/strong> robusztus fel\u00e9p\u00edt\u00e9se <strong>biztos\u00edtja<\/strong>, hogy t\u00fal\u00e9lje a mindennapi ing\u00e1z\u00e1st. Mik\u00f6zben a k\u00fcls\u0151 megjelen\u00e9se eleg\u00e1ns \u00e9s professzion\u00e1lis, a bels\u0151 alkatr\u00e9szek v\u00e9dve vannak a fizikai \u00fct\u00e9sekkel szemben. A stabil \u00e9s zavartalan m\u0171k\u00f6d\u00e9st helyezi el\u0151t\u00e9rbe, ami v\u00e9gs\u0151 soron seg\u00edt meghosszabb\u00edtani a t\u00e1rol\u00f3eszk\u00f6z\u00f6k \u00e9lettartam\u00e1t.  <\/p>\n\n<h2 class=\"wp-block-heading\">Multiplatformos csatlakoztathat\u00f3s\u00e1g a Biwinn Mini SSD olvas\u00f3hoz<\/h2>\n\n<p>A sokoldal\u00fas\u00e1g a <strong>biwinn mini SSD olvas\u00f3<\/strong> egyik f\u0151 er\u0151ss\u00e9ge <strong>.<\/strong> Kiv\u00e1l\u00f3 min\u0151s\u00e9g\u0171 USB 4.0 Type-C Type-C k\u00e1belhez \u00e9rkezik, hogy a hardverben rejl\u0151 teljes potenci\u00e1lt kiakn\u00e1zhassa.5 Ez<sup>biztos\u00edtja, hogy<\/sup> a Biwin RD510 Mini <strong>SSD olvas\u00f3<\/strong> a modern \u00f6kosziszt\u00e9m\u00e1k sz\u00e9les <strong>sk\u00e1l\u00e1j\u00e1val kompatibilis legyen<\/strong>. <\/p>\n\n<figure class=\"wp-block-table\"><table class=\"has-fixed-layout\"><thead><tr><td><strong>Rendszer kateg\u00f3ria<\/strong><\/td><td><strong>T\u00e1mogatott platformok<\/strong><\/td><\/tr><\/thead><tbody><tr><td><strong>Sz\u00e1m\u00edt\u00f3g\u00e9pek<\/strong><\/td><td>Windows 10\/11, macOS 11.0+<\/td><\/tr><tr><td><strong>Mobil<\/strong><\/td><td>iOS 17.0+, Android 11.0+<\/td><\/tr><tr><td><strong>J\u00e1t\u00e9k<\/strong><\/td><td>PlayStation 5 (System 08+)<\/td><\/tr><tr><td><strong>Oper\u00e1ci\u00f3s rendszerek<\/strong><\/td><td>HyperOS 1.0+, HarmonyOS 3.0+<\/td><\/tr><\/tbody><\/table><\/figure>\n","protected":false},"excerpt":{"rendered":"<ul>\n<li><strong>Biwin RD510 USB<\/strong> 4.0 Mini SSD olvas\u00f3<\/li>\n<li><strong>USB 4.0 interf\u00e9sz &#8211; Nagy sebess\u00e9g\u0171<\/strong> adat\u00e1tvitel ak\u00e1r 40 Gbps sebess\u00e9ggel<\/li>\n<li><strong>3300MB\/s olvas\u00e1s \u00e9s 3000MB\/s \u00edr\u00e1s &#8211;<\/strong> 8K vide\u00f3kra \u00e9s nagym\u00e9ret\u0171 f\u00e1jlokra optimaliz\u00e1lva<\/li>\n<li><strong>Akt\u00edv h\u0171t\u0151rendszer &#8211;<\/strong> Be\u00e9p\u00edtett ventil\u00e1tor a tart\u00f3s cs\u00facsteljes\u00edtm\u00e9ny \u00e9rdek\u00e9ben<\/li>\n<li><strong>Ultra-hordozhat\u00f3 kialak\u00edt\u00e1s &#8211;<\/strong> Kifejezetten a Mini SSD formafaktorhoz tervezve<\/li>\n<\/ul>\n[cg_accordion title=\"FIZET\u00c9SI INFORM\u00c1CI\u00d3K\"]<\/p>\n<p>A leg\u00fajabb technol\u00f3gi\u00e1t haszn\u00e1ljuk a fizet\u00e9si folyamatok feldolgoz\u00e1s\u00e1ban, amely lehet\u0151v\u00e9 teszi, hogy a gyors \u00e9s biztons\u00e1gos fizet\u00e9s \u00e9rdek\u00e9ben bankk\u00e1rty\u00e1val\/hitelk\u00e1rty\u00e1val vagy PayPal-lal fizessen.[\/cg_accordion]\n[cg_accordion title=\"GARANCIA\"]<\/p>\n<p>2 \u00e9v garancia a <a href=\"https:\/\/droix.net\/\" target=\"_blank\" rel=\"nofollow noopener\">DROIX Global- t\u00f3l az \u00d6n nyugalma \u00e9rdek\u00e9ben<\/a> [\/cg_accordion]\n[cg_accordion title=\"MIN\u0150S\u00c9GBIZTOS\u00cdT\u00c1S \u00c9S SZ\u00c1LL\u00cdT\u00c1S EL\u0150TTI TESZTEL\u00c9S\"]<\/p>\n<p>A legmagasabb sz\u00ednvonal\u00fa \u00fcgyf\u00e9l-el\u00e9gedetts\u00e9g biztos\u00edt\u00e1sa: Minden k\u00e9sz\u00fcl\u00e9ket szigor\u00fa tesztel\u00e9snek \u00e9s t\u00f6bbpontos min\u0151s\u00e9gbiztos\u00edt\u00e1si ellen\u0151rz\u00e9snek vetnek al\u00e1, miel\u0151tt kisz\u00e1ll\u00edt\u00e1sra ker\u00fcl. Elk\u00f6telezett csapatunk ellen\u0151rzi a teljes\u00edtm\u00e9nyt, a funkcionalit\u00e1st \u00e9s az alkatr\u00e9szek \u00e9ps\u00e9g\u00e9t, hogy garant\u00e1ljuk, hogy a GPD k\u00e9sz\u00fcl\u00e9k meg\u00e9rkez\u00e9sekor t\u00f6k\u00e9letes m\u0171k\u00f6d\u00e9si \u00e1llapotban van, \u00edgy biztos\u00edtva \u00d6nnek a bizalmat \u00e9s a nyugalmat. [\/cg_accordion]\n[cg_accordion title=\"\u00c1RK\u00c9PZ\u00c9S, AD\u00d3K \u00c9S SZ\u00c1LL\u00cdT\u00c1S\"]<\/p>\n<p><strong><u>Megjegyz\u00e9s:<\/u><\/strong><\/p>\n<ul>\n<li>Egyes\u00fclt \u00c1llamok \u00dcgyfelek: A felt\u00fcntetett \u00e1r NEM tartalmazza az ad\u00f3t \u00e9s a v\u00e1mokat. A v\u00e1mkezel\u00e9s \u00e9s a kapcsol\u00f3d\u00f3 ad\u00f3k\/v\u00e1mok megfizet\u00e9se az \u00fcgyfelet terheli. <\/li>\n<li>EU-s \u00fcgyfelek: A felt\u00fcntetett \u00e1r tartalmazza az alkalmazand\u00f3 ad\u00f3t, amely az \u00d6n orsz\u00e1g\u00e1t\u00f3l f\u00fcgg\u0151en ak\u00e1r 25% is lehet.<\/li>\n<li>Kanadai \u00fcgyfelek: A felt\u00fcntetett \u00e1r tartalmazza az alkalmazand\u00f3 ad\u00f3kat, amelyek az \u00d6n tartom\u00e1ny\u00e1t\u00f3l f\u00fcgg\u0151en tartalmazhatj\u00e1k az 5%-os GST-t \u00e9s tov\u00e1bbi tartom\u00e1nyi forgalmi ad\u00f3kat (PST), harmoniz\u00e1lt forgalmi ad\u00f3t (HST) vagy qu\u00e9beci forgalmi ad\u00f3t (QST).<\/li>\n<\/ul>\n<p>USA-beli \u00fcgyfeleink sz\u00e1m\u00e1ra: DAP (Delivered At Place). B\u00e1r az \u00fcgyfelek felel\u0151sek az alkalmazand\u00f3 tarif\u00e1k megfizet\u00e9s\u00e9\u00e9rt, mi az Egyes\u00fclt Kir\u00e1lys\u00e1gb\u00f3l t\u00f6rt\u00e9n\u0151 sz\u00e1ll\u00edt\u00e1sban szerzett sz\u00e9lesk\u00f6r\u0171 tapasztalatainkra t\u00e1maszkodva biztos\u00edtjuk, hogy a lehet\u0151 legkevesebb d\u00edjat kelljen fizetnie. Nyilv\u00e1ntart\u00e1sunk alapj\u00e1n ezek a d\u00edjak \u00e1ltal\u00e1ban nem haladj\u00e1k meg a term\u00e9k \u00e9rt\u00e9k\u00e9nek 10%-\u00e1t.  <\/p>\n<p><strong>CSAK EU-s \u00fcgyfelek sz\u00e1m\u00e1ra:<\/strong> Express DDP (Delivered Duty Paid). Ez azt jelenti: <\/p>\n<ul>\n<li>A term\u00e9koldalon felt\u00fcntetett \u00e1r tartalmazza az \u00f6sszes v\u00e1mot \u00e9s ad\u00f3t.<\/li>\n<li>A k\u00e9zbes\u00edt\u00e9skor nem kell tov\u00e1bbi d\u00edjakat fizetnie.<\/li>\n<li>Abban a ritka esetben, ha a v\u00e1mkezel\u00e9ssel kapcsolatos probl\u00e9m\u00e1k mer\u00fclnek fel, csapatunk az \u00d6n nev\u00e9ben elv\u00e9gzi a v\u00e1mkezel\u00e9si folyamatot, hogy biztos\u00edtsa a z\u00f6kken\u0151mentes sz\u00e1ll\u00edt\u00e1st.<\/li>\n<p>Fontos inform\u00e1ci\u00f3k a visszak\u00fcld\u00e9sr\u0151l:<\/p>\n<li>Ha \u00fagy d\u00f6nt, hogy visszak\u00fcldi megrendel\u00e9s\u00e9t vagy visszat\u00e9r\u00edt\u00e9st k\u00e9r, k\u00e9rj\u00fck, vegye figyelembe, hogy az \u00d6n nev\u00e9ben a DDP felt\u00e9telei szerint kifizetett ad\u00f3k \u00e9s v\u00e1mok nem t\u00e9r\u00edthet\u0151k vissza.<\/li>\n<p>R\u00e9szletes <a href=\"https:\/\/droix.net\/terms-and-conditions\/\" target=\"_blank\" rel=\"nofollow noopener\">inform\u00e1ci\u00f3k\u00e9rt k\u00e9rj\u00fck, olvassa el a Felhaszn\u00e1l\u00e1si Felt\u00e9teleinket<\/a>.\n<\/ul>\n<p>[\/cg_accordion]\n[cg_accordion title=\"\u00dcGYF\u00c9LSZOLG\u00c1LAT\"]<\/p>\n<p>K\u00e9rd\u00e9se van? Egy r\u00f6vid sz\u00f6veges \u00fczenetben m\u00e1ris megoldjuk a probl\u00e9m\u00e1j\u00e1t! <\/p>\n<p>R\u00e9szletes <a href=\"https:\/\/gpdstore.net\/terms-of-service\/\" target=\"_blank\" rel=\"nofollow noopener\">inform\u00e1ci\u00f3k\u00e9rt k\u00e9rj\u00fck, olvassa el a Felhaszn\u00e1l\u00e1si Felt\u00e9teleinket<\/a>.\n<\/ul>\n<p>[\/cg_accordion]\n[cg_accordion title=\"MIT TARTALMAZ\"]<\/p>\n<ul>\n<li>1x Biwin RD510 Mini SSD olvas\u00f3<\/li>\n<\/ul>\n<p>[\/cg_accordion]\n","protected":false},"featured_media":1275990,"template":"","meta":{"_acf_changed":false},"product_brand":[],"product_cat":[5408],"product_tag":[],"woo-feed-brand":[],"class_list":{"0":"post-1275982","1":"product","2":"type-product","3":"status-publish","4":"has-post-thumbnail","6":"product_cat-tartozekok","7":"product_shipping_class-low-end","9":"pa_brand-biwin","11":"first","12":"outofstock","13":"sale","14":"taxable","15":"shipping-taxable","16":"purchasable","17":"product-type-simple"},"acf":[],"aioseo_notices":[],"_links":{"self":[{"href":"https:\/\/gpdstore.net\/hu\/wp-json\/wp\/v2\/product\/1275982","targetHints":{"allow":["GET"]}}],"collection":[{"href":"https:\/\/gpdstore.net\/hu\/wp-json\/wp\/v2\/product"}],"about":[{"href":"https:\/\/gpdstore.net\/hu\/wp-json\/wp\/v2\/types\/product"}],"wp:featuredmedia":[{"embeddable":true,"href":"https:\/\/gpdstore.net\/hu\/wp-json\/wp\/v2\/media\/1275990"}],"wp:attachment":[{"href":"https:\/\/gpdstore.net\/hu\/wp-json\/wp\/v2\/media?parent=1275982"}],"wp:term":[{"taxonomy":"product_brand","embeddable":true,"href":"https:\/\/gpdstore.net\/hu\/wp-json\/wp\/v2\/product_brand?post=1275982"},{"taxonomy":"product_cat","embeddable":true,"href":"https:\/\/gpdstore.net\/hu\/wp-json\/wp\/v2\/product_cat?post=1275982"},{"taxonomy":"product_tag","embeddable":true,"href":"https:\/\/gpdstore.net\/hu\/wp-json\/wp\/v2\/product_tag?post=1275982"},{"taxonomy":"woo-feed-brand","embeddable":true,"href":"https:\/\/gpdstore.net\/hu\/wp-json\/wp\/v2\/woo-feed-brand?post=1275982"}],"curies":[{"name":"wp","href":"https:\/\/api.w.org\/{rel}","templated":true}]}}