{"id":1261280,"date":"2025-10-23T08:14:29","date_gmt":"2025-10-23T08:14:29","guid":{"rendered":"https:\/\/gpdstore.net\/?post_type=product&#038;p=1261280"},"modified":"2026-01-19T15:25:39","modified_gmt":"2026-01-19T15:25:39","slug":"gpd-win-5-battery","status":"publish","type":"product","link":"https:\/\/gpdstore.net\/hu\/product\/gpd-win-5-battery\/","title":{"rendered":"GPD WIN 5 akkumul\u00e1tor"},"content":{"rendered":"\n<p>A <strong>GPD WIN 5 \u00fajrat\u00f6lthet\u0151 Li-ion akkumul\u00e1torcsomag a<\/strong> GPD WIN 5 hordozhat\u00f3 j\u00e1t\u00e9k PC maxim\u00e1lis j\u00e1t\u00e9kidej\u00e9nek maximaliz\u00e1l\u00e1s\u00e1hoz tervezett alapvet\u0151 kieg\u00e9sz\u00edt\u0151. Ez a nagy teljes\u00edtm\u00e9nyre \u00e9s z\u00f6kken\u0151mentes integr\u00e1ci\u00f3ra tervezett, val\u00f3di 80 Wh kapacit\u00e1s\u00fa k\u00fcls\u0151 akkumul\u00e1tor lehet\u0151v\u00e9 teszi, hogy lev\u00e1ljon a falr\u00f3l, \u00e9s \u00fatk\u00f6zben is megtapasztalja a cs\u00facskateg\u00f3ri\u00e1s PC-j\u00e1t\u00e9kok \u00e9lm\u00e9ny\u00e9t.<\/p>\n\n<hr class=\"wp-block-separator has-alpha-channel-opacity\"\/>\n\n<h3 class=\"wp-block-heading\">Kulcsfontoss\u00e1g\u00fa jellemz\u0151k:<\/h3>\n\n<p>\ud83d\udd0b Kib\u0151v\u00edtett 80.04Wh kapacit\u00e1s<\/p>\n\n<p>A nagy, 80,04 Wh n\u00e9vleges energi\u00e1val \u00e9s 5170mAh n\u00e9vleges kapacit\u00e1ssal b\u00fcszk\u00e9lked\u0151 akkumul\u00e1tor jelent\u0151s \u00fczemid\u0151t biztos\u00edt, \u00edgy a konnektort\u00f3l t\u00e1vol is \u00e9lvezheti a hosszabb j\u00e1t\u00e9kmenetet.<\/p>\n\n<p>\u26a1 Nagy teljes\u00edtm\u00e9ny\u0171 sz\u00e1ll\u00edt\u00e1s<\/p>\n\n<p>A 15,48 V n\u00e9vleges fesz\u00fclts\u00e9ggel \u00e9s 17,80 V korl\u00e1tozott t\u00f6lt\u00e9si fesz\u00fclts\u00e9ggel ez a 4 cell\u00e1s Li-ion akkumul\u00e1tor a GPD WIN 5 nagy teljes\u00edtm\u00e9ny\u0171 AMD Strix Halo APU-j\u00e1nak ig\u00e9nyes energiafelv\u00e9tel\u00e9re k\u00e9sz\u00fclt.<\/p>\n\n<p>\ud83d\udd04 Gyorsan csatlakoztathat\u00f3 modul\u00e1ris kialak\u00edt\u00e1s<\/p>\n\n<p>Az akkumul\u00e1tor egy saj\u00e1t fejleszt\u00e9s\u0171 gyorscsatlakoz\u00f3 mechanizmussal rendelkezik, amely k\u00f6nnyen \u00e9s biztons\u00e1gosan felcsatolhat\u00f3 a GPD WIN 5 k\u00e9zi k\u00e9sz\u00fcl\u00e9k h\u00e1tulj\u00e1ra (ahogy a k\u00e9pen l\u00e1that\u00f3), \u00edgy modul\u00e1ris \u00e9s cser\u00e9lhet\u0151 egy tartal\u00e9k akkumul\u00e1torral.<\/p>\n\n<p>\ud83d\udcaa Ergonomikus \u00e9s integr\u00e1lt<\/p>\n\n<p>A GPD WIN 5 k\u00e9sz\u00fcl\u00e9kh\u00e1zba t\u00f6k\u00e9letesen illeszked\u0151 akkumul\u00e1torcsomag megtartja a k\u00e9sz\u00fcl\u00e9k k\u00e9zi form\u00e1j\u00e1t, ugyanakkor ergonomikus fog\u00e1st \u00e9s \u00e1ramforr\u00e1st biztos\u00edt.<\/p>\n\n<p>\ud83d\udd0c Eredeti GPD tartoz\u00e9k<\/p>\n\n<p>Ez egy hivatalos GPD Li-ion akkumul\u00e1torcsomag (modell: 5.054BAG, modell: 4ICP 77\/48\/100), amely t\u00f6k\u00e9letes kompatibilit\u00e1st, biztons\u00e1got \u00e9s optim\u00e1lis teljes\u00edtm\u00e9nyt biztos\u00edt a GPD WIN 5 k\u00e9sz\u00fcl\u00e9kkel.<\/p>\n\n<hr class=\"wp-block-separator has-alpha-channel-opacity\"\/>\n\n<h3 class=\"wp-block-heading\">Specifik\u00e1ci\u00f3k:<\/h3>\n\n<figure class=\"wp-block-table\"><table class=\"has-fixed-layout\"><thead><tr><td><strong>R\u00e9szlet<\/strong><\/td><td><strong>Specifik\u00e1ci\u00f3<\/strong><\/td><\/tr><\/thead><tbody><tr><td><strong>Modell<\/strong><\/td><td>5.054BAG (4ICP 77\/48\/100)<\/td><\/tr><tr><td><strong>Akkumul\u00e1tor t\u00edpusa<\/strong><\/td><td>\u00dajrat\u00f6lthet\u0151 Li-ion akkumul\u00e1tor<\/td><\/tr><tr><td><strong>N\u00e9vleges energia<\/strong><\/td><td>80.04 Wh<\/td><\/tr><tr><td><strong>N\u00e9vleges kapacit\u00e1s<\/strong><\/td><td>5170 mAh<\/td><\/tr><tr><td><strong>N\u00e9vleges fesz\u00fclts\u00e9g<\/strong><\/td><td>15.48 V<\/td><\/tr><tr><td><strong>Korl\u00e1tozott t\u00f6lt\u00e9si fesz\u00fclts\u00e9g<\/strong><\/td><td>17.80 V<\/td><\/tr><tr><td><strong>Kompatibilit\u00e1s<\/strong><\/td><td>GPD WIN 5 k\u00e9zi j\u00e1t\u00e9k PC<\/td><\/tr><\/tbody><\/table><\/figure>\n","protected":false},"excerpt":{"rendered":"<ul>\n<li><strong>80.04Wh Kapacit\u00e1s:<\/strong> Hosszabb, nagy teljes\u00edtm\u00e9ny\u0171 hordozhat\u00f3 j\u00e1t\u00e9kid\u0151t biztos\u00edt.<\/li>\n<li><strong>5170mAh N\u00e9vleges kapacit\u00e1s:<\/strong> Hossz\u00fa t\u00e1v\u00fa, megb\u00edzhat\u00f3 haszn\u00e1latot biztos\u00edt \u00fatk\u00f6zben.<\/li>\n<li><strong>Modul\u00e1ris kialak\u00edt\u00e1s:<\/strong> Gyorsan r\u00f6gz\u00edthet\u0151 mechanizmus a k\u00f6nny\u0171 cser\u00e9hez \u00e9s elt\u00e1vol\u00edt\u00e1shoz.<\/li>\n<li><strong>Nagyfesz\u00fclts\u00e9g\u0171 teljes\u00edtm\u00e9ny:<\/strong> A GPD WIN 5 nagy teljes\u00edtm\u00e9ny\u0171 APU-j\u00e1nak t\u00e1mogat\u00e1s\u00e1ra <strong>k\u00e9sz\u00fclt<\/strong>.<\/li>\n<li><strong>Hivatalos GPD tartoz\u00e9k:<\/strong> Garant\u00e1lja a t\u00f6k\u00e9letes illeszked\u00e9st, kompatibilit\u00e1st \u00e9s biztons\u00e1got.<\/li>\n<\/ul>\n<pre><b>A term\u00e9k el\u0151rendelhet\u0151<\/b>\nMegjelen\u00e9si d\u00e1tum ETA:\n<ul>\n<li>febru\u00e1r 2. 2026<\/li><\/pre>\n<\/ul>\n[cg_accordion title=\"FIZET\u00c9SI INFORM\u00c1CI\u00d3K\"]<\/p>\n<p>A leg\u00fajabb technol\u00f3gi\u00e1t haszn\u00e1ljuk a fizet\u00e9si folyamatok feldolgoz\u00e1s\u00e1ban, amely lehet\u0151v\u00e9 teszi, hogy a gyors \u00e9s biztons\u00e1gos fizet\u00e9s \u00e9rdek\u00e9ben bankk\u00e1rty\u00e1val\/hitelk\u00e1rty\u00e1val vagy PayPal-lal fizessen.[\/cg_accordion]\n[cg_accordion title=\"GARANCIA\"]<\/p>\n<p>2 \u00e9v garancia a <a href=\"https:\/\/droix.net\/\" target=\"_blank\" rel=\"nofollow noopener\">DROIX Global- t\u00f3l az \u00d6n nyugalma \u00e9rdek\u00e9ben<\/a> [\/cg_accordion]\n[cg_accordion title=\"MIN\u0150S\u00c9GBIZTOS\u00cdT\u00c1S \u00c9S SZ\u00c1LL\u00cdT\u00c1S EL\u0150TTI TESZTEL\u00c9S\"]<\/p>\n<p>A legmagasabb sz\u00ednvonal\u00fa \u00fcgyf\u00e9l-el\u00e9gedetts\u00e9g biztos\u00edt\u00e1sa: Minden k\u00e9sz\u00fcl\u00e9ket szigor\u00fa tesztel\u00e9snek \u00e9s t\u00f6bbpontos min\u0151s\u00e9gbiztos\u00edt\u00e1si ellen\u0151rz\u00e9snek vetnek al\u00e1, miel\u0151tt kisz\u00e1ll\u00edt\u00e1sra ker\u00fcl. Elk\u00f6telezett csapatunk ellen\u0151rzi a teljes\u00edtm\u00e9nyt, a funkcionalit\u00e1st \u00e9s az alkatr\u00e9szek \u00e9ps\u00e9g\u00e9t, hogy garant\u00e1ljuk, hogy a GPD k\u00e9sz\u00fcl\u00e9k meg\u00e9rkez\u00e9sekor t\u00f6k\u00e9letes m\u0171k\u00f6d\u00e9si \u00e1llapotban van, \u00edgy biztos\u00edtva \u00d6nnek a bizalmat \u00e9s a nyugalmat. [\/cg_accordion]\n[cg_accordion title=\"\u00c1RK\u00c9PZ\u00c9S, AD\u00d3K \u00c9S SZ\u00c1LL\u00cdT\u00c1S\"]<\/p>\n<p><strong><u>Megjegyz\u00e9s:<\/u><\/strong><\/p>\n<ul>\n<li>Egyes\u00fclt \u00c1llamok \u00dcgyfelek: A felt\u00fcntetett \u00e1r NEM tartalmazza az ad\u00f3t \u00e9s a v\u00e1mokat. A v\u00e1mkezel\u00e9s \u00e9s a kapcsol\u00f3d\u00f3 ad\u00f3k\/v\u00e1mok megfizet\u00e9se az \u00fcgyfelet terheli. <\/li>\n<li>EU-s \u00fcgyfelek: A felt\u00fcntetett \u00e1r tartalmazza az alkalmazand\u00f3 ad\u00f3t, amely az \u00d6n orsz\u00e1g\u00e1t\u00f3l f\u00fcgg\u0151en ak\u00e1r 25% is lehet.<\/li>\n<li>Kanadai \u00fcgyfelek: A felt\u00fcntetett \u00e1r tartalmazza az alkalmazand\u00f3 ad\u00f3kat, amelyek az \u00d6n tartom\u00e1ny\u00e1t\u00f3l f\u00fcgg\u0151en tartalmazhatj\u00e1k az 5%-os GST-t \u00e9s tov\u00e1bbi tartom\u00e1nyi forgalmi ad\u00f3kat (PST), harmoniz\u00e1lt forgalmi ad\u00f3t (HST) vagy qu\u00e9beci forgalmi ad\u00f3t (QST).<\/li>\n<\/ul>\n<p>USA-beli \u00fcgyfeleink sz\u00e1m\u00e1ra: DAP (Delivered At Place). B\u00e1r az \u00fcgyfelek felel\u0151sek az alkalmazand\u00f3 tarif\u00e1k megfizet\u00e9s\u00e9\u00e9rt, mi az Egyes\u00fclt Kir\u00e1lys\u00e1gb\u00f3l t\u00f6rt\u00e9n\u0151 sz\u00e1ll\u00edt\u00e1sban szerzett sz\u00e9lesk\u00f6r\u0171 tapasztalatainkra t\u00e1maszkodva biztos\u00edtjuk, hogy a lehet\u0151 legkevesebb d\u00edjat kelljen fizetnie. Nyilv\u00e1ntart\u00e1sunk alapj\u00e1n ezek a d\u00edjak \u00e1ltal\u00e1ban nem haladj\u00e1k meg a term\u00e9k \u00e9rt\u00e9k\u00e9nek 10%-\u00e1t.  <\/p>\n<p><strong>CSAK EU-s \u00fcgyfelek sz\u00e1m\u00e1ra:<\/strong> Express DDP (Delivered Duty Paid). Ez azt jelenti: <\/p>\n<ul>\n<li>A term\u00e9koldalon felt\u00fcntetett \u00e1r tartalmazza az \u00f6sszes v\u00e1mot \u00e9s ad\u00f3t.<\/li>\n<li>A k\u00e9zbes\u00edt\u00e9skor nem kell tov\u00e1bbi d\u00edjakat fizetnie.<\/li>\n<li>Abban a ritka esetben, ha a v\u00e1mkezel\u00e9ssel kapcsolatos probl\u00e9m\u00e1k mer\u00fclnek fel, csapatunk az \u00d6n nev\u00e9ben elv\u00e9gzi a v\u00e1mkezel\u00e9si folyamatot, hogy biztos\u00edtsa a z\u00f6kken\u0151mentes sz\u00e1ll\u00edt\u00e1st.<\/li>\n<p>Fontos inform\u00e1ci\u00f3k a visszak\u00fcld\u00e9sr\u0151l:<\/p>\n<li>Ha \u00fagy d\u00f6nt, hogy visszak\u00fcldi megrendel\u00e9s\u00e9t vagy visszat\u00e9r\u00edt\u00e9st k\u00e9r, k\u00e9rj\u00fck, vegye figyelembe, hogy az \u00d6n nev\u00e9ben a DDP felt\u00e9telei szerint kifizetett ad\u00f3k \u00e9s v\u00e1mok nem t\u00e9r\u00edthet\u0151k vissza.<\/li>\n<p>R\u00e9szletes <a href=\"https:\/\/droix.net\/terms-and-conditions\/\" target=\"_blank\" rel=\"nofollow noopener\">inform\u00e1ci\u00f3k\u00e9rt k\u00e9rj\u00fck, olvassa el a Felhaszn\u00e1l\u00e1si Felt\u00e9teleinket<\/a>.\n<\/ul>\n<p>[\/cg_accordion]\n[cg_accordion title=\"\u00dcGYF\u00c9LSZOLG\u00c1LAT\"]<\/p>\n<p>K\u00e9rd\u00e9se van? Egy r\u00f6vid sz\u00f6veges \u00fczenetben m\u00e1ris megoldjuk a probl\u00e9m\u00e1j\u00e1t! <\/p>\n<p>R\u00e9szletes <a href=\"https:\/\/gpdstore.net\/hu\/terms-of-service\/\" target=\"_blank\" rel=\"nofollow noopener\">inform\u00e1ci\u00f3k\u00e9rt k\u00e9rj\u00fck, olvassa el a Felhaszn\u00e1l\u00e1si Felt\u00e9teleinket<\/a>.\n<\/ul>\n<p>[\/cg_accordion]\n[cg_accordion title=\"MIT TARTALMAZ\"]<\/p>\n<ul>\n<li>1x GPD WIN 5 akkumul\u00e1tor<\/li>\n<\/ul>\n<p>[\/cg_accordion]\n","protected":false},"featured_media":1261281,"template":"","meta":{"_acf_changed":false},"product_brand":[],"product_cat":[5408],"product_tag":[],"woo-feed-brand":[5662],"class_list":{"0":"post-1261280","1":"product","2":"type-product","3":"status-publish","4":"has-post-thumbnail","6":"product_cat-tartozekok","7":"product_shipping_class-low-end","8":"pa_accessory-type-add-ons-hu","9":"pa_brand-gpd","10":"woo-feed-brand-gpd-hu","12":"first","13":"instock","14":"taxable","15":"shipping-taxable","16":"purchasable","17":"product-type-variable","18":"has-default-attributes"},"acf":[],"aioseo_notices":[],"_links":{"self":[{"href":"https:\/\/gpdstore.net\/hu\/wp-json\/wp\/v2\/product\/1261280","targetHints":{"allow":["GET"]}}],"collection":[{"href":"https:\/\/gpdstore.net\/hu\/wp-json\/wp\/v2\/product"}],"about":[{"href":"https:\/\/gpdstore.net\/hu\/wp-json\/wp\/v2\/types\/product"}],"wp:featuredmedia":[{"embeddable":true,"href":"https:\/\/gpdstore.net\/hu\/wp-json\/wp\/v2\/media\/1261281"}],"wp:attachment":[{"href":"https:\/\/gpdstore.net\/hu\/wp-json\/wp\/v2\/media?parent=1261280"}],"wp:term":[{"taxonomy":"product_brand","embeddable":true,"href":"https:\/\/gpdstore.net\/hu\/wp-json\/wp\/v2\/product_brand?post=1261280"},{"taxonomy":"product_cat","embeddable":true,"href":"https:\/\/gpdstore.net\/hu\/wp-json\/wp\/v2\/product_cat?post=1261280"},{"taxonomy":"product_tag","embeddable":true,"href":"https:\/\/gpdstore.net\/hu\/wp-json\/wp\/v2\/product_tag?post=1261280"},{"taxonomy":"woo-feed-brand","embeddable":true,"href":"https:\/\/gpdstore.net\/hu\/wp-json\/wp\/v2\/woo-feed-brand?post=1261280"}],"curies":[{"name":"wp","href":"https:\/\/api.w.org\/{rel}","templated":true}]}}