{"id":1258230,"date":"2025-10-21T14:46:01","date_gmt":"2025-10-21T14:46:01","guid":{"rendered":"https:\/\/gpdstore.net\/product\/gpd-win-5-dokkoloallomas\/"},"modified":"2026-01-19T15:05:26","modified_gmt":"2026-01-19T15:05:26","slug":"gpd-win-5-docking-station","status":"publish","type":"product","link":"https:\/\/gpdstore.net\/hu\/product\/gpd-win-5-docking-station\/","title":{"rendered":"GPD WIN 5 dokkol\u00f3\u00e1llom\u00e1s"},"content":{"rendered":"\n<p>A <strong>GPD WIN 5 dokkol\u00f3\u00e1llom\u00e1s (<\/strong> gyakran Smart Dock n\u00e9ven is emlegetik) a GPD WIN 5 <a href=\"https:\/\/gpdstore.net\/hu\/product\/gpd-win-5\/\" target=\"_blank\" rel=\"noopener\" title=\"\">k\u00e9zi j\u00e1t\u00e9k PC teljes potenci\u00e1lj\u00e1nak kibontakoztat\u00e1s\u00e1ra tervezett alapvet\u0151 asztali csom\u00f3pont .<\/a> A hordozhat\u00f3 er\u0151m\u0171vet egyetlen egyszer\u0171 csatlakoztat\u00e1ssal teljes asztali j\u00e1t\u00e9k- \u00e9s termel\u00e9kenys\u00e9gi konfigur\u00e1ci\u00f3v\u00e1 alak\u00edthatja \u00e1t, maxim\u00e1lis energiaell\u00e1t\u00e1st \u00e9s z\u00f6kken\u0151mentes perif\u00e9ri\u00e1k integr\u00e1l\u00e1s\u00e1t biztos\u00edtva.<\/p>\n\n<hr class=\"wp-block-separator has-alpha-channel-opacity\"\/>\n\n<h2 class=\"wp-block-heading\">Kulcsfontoss\u00e1g\u00fa jellemz\u0151k:<\/h2>\n\n<p>\u26a1 Maxim\u00e1lis <strong>energiaell\u00e1t\u00e1s a cs\u00facsteljes\u00edtm\u00e9ny\u00e9rt A dokkol\u00f3t \u00fagy tervezt\u00e9k<\/strong>, hogy a GPD WIN 5 dedik\u00e1lt t\u00e1pcsatlakoz\u00f3j\u00e1hoz csatlakoztathat\u00f3 <strong>legyen<\/strong>, \u00edgy a k\u00e9sz\u00fcl\u00e9k a t\u00f6lt\u0151 teljes 100 W-os teljes\u00edtm\u00e9ny\u00e9vel m\u0171k\u00f6dhet. Ez lehet\u0151v\u00e9 teszi a nagy teljes\u00edtm\u00e9ny\u0171 Strix Halo APU sz\u00e1m\u00e1ra, hogy a maxim\u00e1lis TDP-t az asztali kateg\u00f3ri\u00e1s k\u00e9pkockasebess\u00e9ghez termikus fojt\u00e1s n\u00e9lk\u00fcl tartsa fenn. <\/p>\n\n<p>\ud83d\udcbb Azonnali <strong>asztali \u00e1talak\u00edt\u00e1s K\u00f6nnyed\u00e9n dokkolja<\/strong> a GPD WIN 5 k\u00e9sz\u00fcl\u00e9ket, hogy azonnal csatlakozhasson az \u00f6sszes asztali perif\u00e9ri\u00e1hoz.<sup><\/sup> A k\u00e9zi konzolt teljes \u00e9rt\u00e9k\u0171 Windows 11 PC-v\u00e9 alak\u00edthatja, amely k\u00e9szen \u00e1ll a versenyk\u00e9pes j\u00e1t\u00e9kra, munk\u00e1ra vagy m\u00e9diafogyaszt\u00e1sra.<sup><\/sup><\/p>\n\n<p>\ud83d\udda5\ufe0f <strong>Nagy sebess\u00e9g\u0171 4K kijelz\u0151 kimenet<\/strong> <strong>A<\/strong> dedik\u00e1lt <strong>HDMI 2.1 porttal<\/strong> <strong>felszerelt<\/strong> <strong>Smart Dock<\/strong> ak\u00e1r 4K felbont\u00e1st is k\u00e9pes eljuttatni <strong>a <sup><\/sup>144<\/strong> Hz <strong>-es frekvenci\u00e1n<\/strong> egy k\u00fcls\u0151 j\u00e1t\u00e9kmonitorra vagy TV-re <strong>, \u00edgy<\/strong> olyan vajsima, nagy h\u0171s\u00e9g\u0171 \u00e9lm\u00e9nyt ny\u00fajt, amely vetekszik a hagyom\u00e1nyos asztali sz\u00e1m\u00edt\u00f3g\u00e9pekkel.<sup><\/sup><\/p>\n\n<p><strong>\ud83d\udd0c \u00c1tfog\u00f3 I\/O b\u0151v\u00edt\u00e9s Jelent\u0151sen<\/strong> b\u0151v\u00edtse csatlakoz\u00e1si lehet\u0151s\u00e9geit, hogy minden j\u00e1t\u00e9k- \u00e9s munkaeszk\u00f6z\u00e9t el tudja helyezni:<\/p>\n\n<ul class=\"wp-block-list\">\n<li><strong>1x HDMI 2.1 port:<\/strong> Nagy felbont\u00e1s\u00fa, nagy friss\u00edt\u00e9si sebess\u00e9g\u0171 kijelz\u0151 kimenethez.<\/li>\n\n\n\n<li><strong>3x USB Type-A port:<\/strong> K\u00fcls\u0151 billenty\u0171zetek, egerek, pendrive-ok \u00e9s egy\u00e9b perif\u00e9ri\u00e1k csatlakoztat\u00e1sa.<\/li>\n\n\n\n<li><strong>1x Ethernet port (RJ45):<\/strong> Alacsony k\u00e9sleltet\u00e9s\u0171, stabil vezet\u00e9kes kapcsolatot biztos\u00edt a versenyk\u00e9pes online j\u00e1t\u00e9kokhoz.<\/li>\n\n\n\n<li><strong>1x USB Type-C port:<\/strong> Adatok vagy tov\u00e1bbi perif\u00e9ri\u00e1k csatlakoztat\u00e1s\u00e1ra.<\/li>\n<\/ul>\n\n<p>\ud83d\udd0b All-in-One <strong>Smart Cradle Az egyed\u00fcl\u00e1ll\u00f3<\/strong> kialak\u00edt\u00e1s biztons\u00e1gos \u00e1llv\u00e1nyk\u00e9nt \u00e9s h\u00e1l\u00f3zati csom\u00f3pontk\u00e9nt is haszn\u00e1lhat\u00f3. Stabil, f\u00fcgg\u0151leges t\u00e1maszt\u00e9kot biztos\u00edt a GPD WIN 5 sz\u00e1m\u00e1ra, mik\u00f6zben akt\u00edvan t\u00f6lti a rendszert, \u00e9s biztos\u00edtja a tart\u00f3s, nagy teljes\u00edtm\u00e9ny\u0171 j\u00e1t\u00e9khoz sz\u00fcks\u00e9ges energi\u00e1t. <\/p>\n\n<h2 class=\"wp-block-heading\">Mi\u00e9rt v\u00e1lassza a GPD WIN 5 dokkol\u00f3\u00e1llom\u00e1st?<\/h2>\n\n<p>A GPD WIN 5 az asztali sz\u00e1m\u00edt\u00f3g\u00e9pek helyettes\u00edt\u00e9s\u00e9re k\u00e9sz\u00fclt, \u00e9s ez a Smart Dock a h\u00edd. Megsz\u00fcnteti a k\u00e1belz\u0171rzavart, mik\u00f6zben biztos\u00edtja, hogy a nagy teljes\u00edtm\u00e9ny\u0171 Strix Halo chip megkapja a teljes 100 W-os teljes\u00edtm\u00e9nyt, amire sz\u00fcks\u00e9ge van ahhoz, hogy RTX 4060-oszt\u00e1ly\u00fa teljes\u00edtm\u00e9nyt ny\u00fajtson a nagy k\u00e9perny\u0151n. Ez az alapvet\u0151 tartoz\u00e9k a t\u00f6k\u00e9letes plug-and-play asztali j\u00e1t\u00e9k\u00e9lm\u00e9nyhez. <\/p>\n\n<hr class=\"wp-block-separator has-alpha-channel-opacity\"\/>\n\n<h3 class=\"wp-block-heading\">Specifik\u00e1ci\u00f3k:<\/h3>\n\n<figure class=\"wp-block-table\"><table class=\"has-fixed-layout\"><thead><tr><td>R\u00e9szlet<\/td><td>Specifik\u00e1ci\u00f3<\/td><\/tr><\/thead><tbody><tr><td><strong>Kompatibilit\u00e1s<\/strong><\/td><td>GPD WIN 5 k\u00e9zi j\u00e1t\u00e9k PC<\/td><\/tr><tr><td><strong>Vide\u00f3 kimenet<\/strong><\/td><td>1\u00d7HDMI 2.1 (ak\u00e1r 4K @144 Hz)<\/td><\/tr><tr><td><strong>USB-portok<\/strong><\/td><td>3\u00d7USB Type-A, 1\u00d7USB Type-C<\/td><\/tr><tr><td><strong>H\u00e1l\u00f3zat<\/strong><\/td><td>1\u00d7Ethernet port (RJ45)<\/td><\/tr><tr><td><strong>T\u00e1pfesz\u00fclts\u00e9g bemenet<\/strong><\/td><td>Barrel Jack (100 W GPD WIN 5 t\u00f6lt\u0151h\u00f6z tervezve)<\/td><\/tr><tr><td><strong>Funkci\u00f3<\/strong><\/td><td>Dokkol\u00e1s, t\u00f6lt\u00e9s, kijelz\u0151, \u00e1llv\u00e1ny<\/td><\/tr><\/tbody><\/table><\/figure>\n\n<p><\/p>\n","protected":false},"excerpt":{"rendered":"<ul>\n<li><strong>180W Power Passthrough:<\/strong> Maxim\u00e1lis teljes\u00edtm\u00e9nyt biztos\u00edt a cs\u00facsteljes\u00edtm\u00e9ny \u00e9rdek\u00e9ben.<\/li>\n<li><strong>Asztali \u00fczemm\u00f3d:<\/strong> Azonnal \u00e1talak\u00edtja a k\u00e9zi sz\u00e1m\u00edt\u00f3g\u00e9pet egy teljes asztali PC-v\u00e9.<\/li>\n<li><strong>4K kijelz\u0151 kimenet:<\/strong> HDMI 2.1 a nagy felbont\u00e1s\u00fa k\u00fcls\u0151 monitorokhoz.<\/li>\n<li><strong>Wired Gaming:<\/strong> Ethernet-porttal a stabil, k\u00e9sleltet\u00e9smentes online j\u00e1t\u00e9khoz.<\/li>\n<li><strong>Hivatalos illeszked\u00e9s:<\/strong> Egyedi tervez\u00e9s\u0171 GPD tartoz\u00e9k a GPD WIN 5 sz\u00e1m\u00e1ra.<\/li>\n<\/ul>\n[cg_accordion title=\"FIZET\u00c9SI INFORM\u00c1CI\u00d3K\"]<\/p>\n<p>A leg\u00fajabb technol\u00f3gi\u00e1t haszn\u00e1ljuk a fizet\u00e9si folyamatok feldolgoz\u00e1s\u00e1ban, amely lehet\u0151v\u00e9 teszi, hogy a gyors \u00e9s biztons\u00e1gos fizet\u00e9s \u00e9rdek\u00e9ben bankk\u00e1rty\u00e1val\/hitelk\u00e1rty\u00e1val vagy PayPal-lal fizessen.[\/cg_accordion]\n[cg_accordion title=\"GARANCIA\"]<\/p>\n<p>2 \u00e9v garancia a <a href=\"https:\/\/droix.net\/\" target=\"_blank\" rel=\"nofollow noopener\">DROIX Global- t\u00f3l az \u00d6n nyugalma \u00e9rdek\u00e9ben<\/a> [\/cg_accordion]\n[cg_accordion title=\"MIN\u0150S\u00c9GBIZTOS\u00cdT\u00c1S \u00c9S SZ\u00c1LL\u00cdT\u00c1S EL\u0150TTI TESZTEL\u00c9S\"]<\/p>\n<p>A legmagasabb sz\u00ednvonal\u00fa \u00fcgyf\u00e9l-el\u00e9gedetts\u00e9g biztos\u00edt\u00e1sa: Minden k\u00e9sz\u00fcl\u00e9ket szigor\u00fa tesztel\u00e9snek \u00e9s t\u00f6bbpontos min\u0151s\u00e9gbiztos\u00edt\u00e1si ellen\u0151rz\u00e9snek vetnek al\u00e1, miel\u0151tt kisz\u00e1ll\u00edt\u00e1sra ker\u00fcl. Elk\u00f6telezett csapatunk ellen\u0151rzi a teljes\u00edtm\u00e9nyt, a funkcionalit\u00e1st \u00e9s az alkatr\u00e9szek \u00e9ps\u00e9g\u00e9t, hogy garant\u00e1ljuk, hogy a GPD k\u00e9sz\u00fcl\u00e9k meg\u00e9rkez\u00e9sekor t\u00f6k\u00e9letes m\u0171k\u00f6d\u00e9si \u00e1llapotban van, \u00edgy biztos\u00edtva \u00d6nnek a bizalmat \u00e9s a nyugalmat. [\/cg_accordion]\n[cg_accordion title=\"\u00c1RK\u00c9PZ\u00c9S, AD\u00d3K \u00c9S SZ\u00c1LL\u00cdT\u00c1S\"]<\/p>\n<p><strong><u>Megjegyz\u00e9s:<\/u><\/strong><\/p>\n<ul>\n<li>Egyes\u00fclt \u00c1llamok \u00dcgyfelek: A felt\u00fcntetett \u00e1r NEM tartalmazza az ad\u00f3t \u00e9s a v\u00e1mokat. A v\u00e1mkezel\u00e9s \u00e9s a kapcsol\u00f3d\u00f3 ad\u00f3k\/v\u00e1mok megfizet\u00e9se az \u00fcgyfelet terheli. <\/li>\n<li>EU-s \u00fcgyfelek: A felt\u00fcntetett \u00e1r tartalmazza az alkalmazand\u00f3 ad\u00f3t, amely az \u00d6n orsz\u00e1g\u00e1t\u00f3l f\u00fcgg\u0151en ak\u00e1r 25% is lehet.<\/li>\n<li>Kanadai \u00fcgyfelek: A felt\u00fcntetett \u00e1r tartalmazza az alkalmazand\u00f3 ad\u00f3kat, amelyek az \u00d6n tartom\u00e1ny\u00e1t\u00f3l f\u00fcgg\u0151en tartalmazhatj\u00e1k az 5%-os GST-t \u00e9s tov\u00e1bbi tartom\u00e1nyi forgalmi ad\u00f3kat (PST), harmoniz\u00e1lt forgalmi ad\u00f3t (HST) vagy qu\u00e9beci forgalmi ad\u00f3t (QST).<\/li>\n<\/ul>\n<p>USA-beli \u00fcgyfeleink sz\u00e1m\u00e1ra: DAP (Delivered At Place). B\u00e1r az \u00fcgyfelek felel\u0151sek az alkalmazand\u00f3 tarif\u00e1k megfizet\u00e9s\u00e9\u00e9rt, mi az Egyes\u00fclt Kir\u00e1lys\u00e1gb\u00f3l t\u00f6rt\u00e9n\u0151 sz\u00e1ll\u00edt\u00e1sban szerzett sz\u00e9lesk\u00f6r\u0171 tapasztalatainkra t\u00e1maszkodva biztos\u00edtjuk, hogy a lehet\u0151 legkevesebb d\u00edjat kelljen fizetnie. Nyilv\u00e1ntart\u00e1sunk alapj\u00e1n ezek a d\u00edjak \u00e1ltal\u00e1ban nem haladj\u00e1k meg a term\u00e9k \u00e9rt\u00e9k\u00e9nek 10%-\u00e1t.  <\/p>\n<p><strong>CSAK EU-s \u00fcgyfelek sz\u00e1m\u00e1ra:<\/strong> Express DDP (Delivered Duty Paid). Ez azt jelenti: <\/p>\n<ul>\n<li>A term\u00e9koldalon felt\u00fcntetett \u00e1r tartalmazza az \u00f6sszes v\u00e1mot \u00e9s ad\u00f3t.<\/li>\n<li>A k\u00e9zbes\u00edt\u00e9skor nem kell tov\u00e1bbi d\u00edjakat fizetnie.<\/li>\n<li>Abban a ritka esetben, ha a v\u00e1mkezel\u00e9ssel kapcsolatos probl\u00e9m\u00e1k mer\u00fclnek fel, csapatunk az \u00d6n nev\u00e9ben elv\u00e9gzi a v\u00e1mkezel\u00e9si folyamatot, hogy biztos\u00edtsa a z\u00f6kken\u0151mentes sz\u00e1ll\u00edt\u00e1st.<\/li>\n<p>Fontos inform\u00e1ci\u00f3k a visszak\u00fcld\u00e9sr\u0151l:<\/p>\n<li>Ha \u00fagy d\u00f6nt, hogy visszak\u00fcldi megrendel\u00e9s\u00e9t vagy visszat\u00e9r\u00edt\u00e9st k\u00e9r, k\u00e9rj\u00fck, vegye figyelembe, hogy az \u00d6n nev\u00e9ben a DDP felt\u00e9telei szerint kifizetett ad\u00f3k \u00e9s v\u00e1mok nem t\u00e9r\u00edthet\u0151k vissza.<\/li>\n<p>R\u00e9szletes <a href=\"https:\/\/droix.net\/terms-and-conditions\/\" target=\"_blank\" rel=\"nofollow noopener\">inform\u00e1ci\u00f3k\u00e9rt k\u00e9rj\u00fck, olvassa el a Felhaszn\u00e1l\u00e1si Felt\u00e9teleinket<\/a>.\n<\/ul>\n<p>[\/cg_accordion]\n[cg_accordion title=\"\u00dcGYF\u00c9LSZOLG\u00c1LAT\"]<\/p>\n<p>K\u00e9rd\u00e9se van? Egy r\u00f6vid sz\u00f6veges \u00fczenetben m\u00e1ris megoldjuk a probl\u00e9m\u00e1j\u00e1t! <\/p>\n<p>R\u00e9szletes <a href=\"https:\/\/gpdstore.net\/hu\/terms-of-service\/\" target=\"_blank\" rel=\"nofollow noopener\">inform\u00e1ci\u00f3k\u00e9rt k\u00e9rj\u00fck, olvassa el a Felhaszn\u00e1l\u00e1si Felt\u00e9teleinket<\/a>.\n<\/ul>\n<p>[\/cg_accordion]\n[cg_accordion title=\"MIT TARTALMAZ\"]<\/p>\n<ul>\n<li>1x Hivatalos GPD WIN 5 dokkol\u00f3\u00e1llom\u00e1s<\/li>\n<\/ul>\n<p>[\/cg_accordion]\n","protected":false},"featured_media":1261021,"template":"","meta":{"_acf_changed":false},"product_brand":[],"product_cat":[5408],"product_tag":[],"woo-feed-brand":[],"class_list":{"0":"post-1258230","1":"product","2":"type-product","3":"status-publish","4":"has-post-thumbnail","6":"product_cat-tartozekok","7":"product_shipping_class-low-end","8":"product_shipping_class-premium","9":"pa_accessory-type-dokkolo-allomas","10":"pa_brand-gpd","12":"first","13":"instock","14":"taxable","15":"shipping-taxable","16":"purchasable","17":"product-type-variable","18":"has-default-attributes"},"acf":[],"aioseo_notices":[],"_links":{"self":[{"href":"https:\/\/gpdstore.net\/hu\/wp-json\/wp\/v2\/product\/1258230","targetHints":{"allow":["GET"]}}],"collection":[{"href":"https:\/\/gpdstore.net\/hu\/wp-json\/wp\/v2\/product"}],"about":[{"href":"https:\/\/gpdstore.net\/hu\/wp-json\/wp\/v2\/types\/product"}],"wp:featuredmedia":[{"embeddable":true,"href":"https:\/\/gpdstore.net\/hu\/wp-json\/wp\/v2\/media\/1261021"}],"wp:attachment":[{"href":"https:\/\/gpdstore.net\/hu\/wp-json\/wp\/v2\/media?parent=1258230"}],"wp:term":[{"taxonomy":"product_brand","embeddable":true,"href":"https:\/\/gpdstore.net\/hu\/wp-json\/wp\/v2\/product_brand?post=1258230"},{"taxonomy":"product_cat","embeddable":true,"href":"https:\/\/gpdstore.net\/hu\/wp-json\/wp\/v2\/product_cat?post=1258230"},{"taxonomy":"product_tag","embeddable":true,"href":"https:\/\/gpdstore.net\/hu\/wp-json\/wp\/v2\/product_tag?post=1258230"},{"taxonomy":"woo-feed-brand","embeddable":true,"href":"https:\/\/gpdstore.net\/hu\/wp-json\/wp\/v2\/woo-feed-brand?post=1258230"}],"curies":[{"name":"wp","href":"https:\/\/api.w.org\/{rel}","templated":true}]}}