{"id":1251811,"date":"2025-10-15T11:30:11","date_gmt":"2025-10-15T11:30:11","guid":{"rendered":"https:\/\/gpdstore.net\/product\/gpd-win-5-tok\/"},"modified":"2026-01-19T15:04:38","modified_gmt":"2026-01-19T15:04:38","slug":"gpd-win-5-case","status":"publish","type":"product","link":"https:\/\/gpdstore.net\/hu\/product\/gpd-win-5-case\/","title":{"rendered":"GPD WIN 5 tok"},"content":{"rendered":"\n<p>A <strong>GPD WIN 5 tok egy<\/strong> massz\u00edv, testre szabott \u00e9s utaz\u00e1sra alkalmas burkolat, <strong>amelyet<\/strong> kiz\u00e1r\u00f3lag a forradalmi GPD WIN 5A GPD WIN 5 <strong>tok egy massz\u00edv<\/strong>, testre szabott \u00e9s utaz\u00e1sra alkalmas burkolat, <strong>amelyet<\/strong> kiz\u00e1r\u00f3lag a forradalmi GPD WIN 5 k\u00e9zisz\u00e1m\u00edt\u00f3g\u00e9phez <strong>terveztek<\/strong>. Ez a tok \u00fagy k\u00e9sz\u00fclt, hogy ellen\u00e1lljon az utaz\u00e1s viszontags\u00e1gainak, \u00e9s pr\u00e9mium min\u0151s\u00e9g\u0171 anyagokkal \u00e9s intelligens kialak\u00edt\u00e1ssal v\u00e9dje a nagy teljes\u00edtm\u00e9ny\u0171 g\u00e9pet, \u00edgy maxim\u00e1lis biztons\u00e1got \u00e9s eleg\u00e1ns hordozhat\u00f3s\u00e1got ny\u00fajt &#8211; t\u00f6k\u00e9letes az elit j\u00e1t\u00e9kosok sz\u00e1m\u00e1ra. <\/p>\n\n<hr class=\"wp-block-separator has-alpha-channel-opacity\"\/>\n\n<h3 class=\"wp-block-heading\">Kulcsfontoss\u00e1g\u00fa jellemz\u0151k:<\/h3>\n\n<p>\ud83c\udfae Szem\u00e9lyre szabott <strong>v\u00e9delem a GPD WIN 5 sz\u00e1m\u00e1ra<\/strong> Kiz\u00e1r\u00f3lag a GPD WIN 5 sz\u00e1m\u00e1ra <strong>tervezett<\/strong> tok, amely biztos\u00edtja a k\u00e9zi k\u00e9sz\u00fcl\u00e9khez val\u00f3 illeszked\u00e9st, v\u00e9dve azt a mozg\u00e1s \u00e9s a sz\u00e1ll\u00edt\u00e1s k\u00f6zbeni bels\u0151 \u00fct\u00e9sek okozta s\u00e9r\u00fcl\u00e9sek ellen.<\/p>\n\n<p>\ud83d\udcbc Kem\u00e9ny <strong>h\u00e9jszerkezet A tart\u00f3s<\/strong> EVA kem\u00e9ny <strong>h\u00e9j fokozott<\/strong> v\u00e9delmet <strong>ny\u00fajt<\/strong> az \u00fct\u00e9sek, lees\u00e9sek \u00e9s karcol\u00e1sok ellen, megv\u00e9dve a konzolt \u00e9s annak nagy teljes\u00edtm\u00e9ny\u0171 bels\u0151 r\u00e9szeit minden ig\u00e9nyes utaz\u00e1si helyzetben.<sup><\/sup><\/p>\n\n<p><strong>\ud83d\udc5c Puha bels\u0151 p\u00e1rn\u00e1z\u00e1s Bel\u00fcl a<\/strong> pl\u00fcss <strong>sz\u00f6vetb\u00e9l\u00e9s \u00e9s<\/strong> az <strong>\u00fct\u00e9scsillap\u00edt\u00f3<\/strong> hab gyeng\u00e9d gondoskod\u00e1st biztos\u00edt a konzol \u00e9s a nagym\u00e9ret\u0171 7 h\u00fcvelykes kijelz\u0151 sz\u00e1m\u00e1ra <strong>,<\/strong> megakad\u00e1lyozva a fel\u00fcleti karcol\u00e1sokat \u00e9s kop\u00e1st.<\/p>\n\n<p>\ud83d\udd0b Modul\u00e1ris <strong>tartoz\u00e9kt\u00e1rol\u00f3 rekesz Tartalmaz egy<\/strong> t\u00e1gas bels\u0151 <strong>rekeszt, amely ide\u00e1lis az<\/strong> olyan l\u00e9nyeges alkatr\u00e9szek <strong>t\u00e1rol\u00e1s\u00e1ra<\/strong>, mint a levehet\u0151 80Wh-s akkumul\u00e1tor, a 180W-os h\u00e1l\u00f3zati adapter vagy m\u00e1s apr\u00f3 alapvet\u0151 dolgok &#8211; \u00edgy az \u00f6sszes felszerel\u00e9s\u00e9t rendezetten \u00e9s egy helyen tartja.<\/p>\n\n<p><strong>\ud83e\uddf2 Biztons\u00e1gos cipz\u00e1r A nagy teherb\u00edr\u00e1s\u00fa<\/strong>, kiv\u00e1l\u00f3 min\u0151s\u00e9g\u0171 cipz\u00e1r biztons\u00e1gosan lez\u00e1rja \u00e9s v\u00e9di <strong>a tokot<\/strong>, \u00edgy nagy \u00e9rt\u00e9k\u0171 k\u00e9zi eszk\u00f6ze biztons\u00e1gban van, ak\u00e1r ing\u00e1zik, ak\u00e1r utazik, ak\u00e1r t\u00e1rolja.<sup><\/sup><\/p>\n\n<p><strong>\ud83c\udf1f V\u00e9kony \u00e9s k\u00f6nny\u0171 kialak\u00edt\u00e1s A<\/strong> massz\u00edv v\u00e9delem <strong>ellen\u00e9re a<\/strong> kompakt form\u00e1j\u00fa k\u00e9sz\u00fcl\u00e9ket a v\u00e9gs\u0151 hordozhat\u00f3s\u00e1g \u00e9rdek\u00e9ben tervezt\u00e9k. Cs\u00fasztasd be a h\u00e1tizs\u00e1kodba, vagy k\u00f6nnyed\u00e9n hordozd egyed\u00fcl, tudva, hogy a j\u00e1t\u00e9k er\u0151m\u0171ved biztons\u00e1gban van. <\/p>\n\n<hr class=\"wp-block-separator has-alpha-channel-opacity\"\/>\n\n<h3 class=\"wp-block-heading\">Mi\u00e9rt v\u00e1lassza a GPD WIN 5 tokot?<\/h3>\n\n<p>A legig\u00e9nyesebb j\u00e1t\u00e9kosok sz\u00e1m\u00e1ra tervezett tok a strapab\u00edr\u00f3 tart\u00f3ss\u00e1got \u00f6tv\u00f6zi a GPD WIN 5 egyedi modul\u00e1ris alkatr\u00e9szeinek \u00e9s a nagy teljes\u00edtm\u00e9ny\u0171 t\u00f6lt\u0151nek az \u00e1tgondolt, alapvet\u0151 t\u00e1rol\u00e1s\u00e1val. Ak\u00e1r egy magas TDP-\u00e9rt\u00e9k\u0171 j\u00e1t\u00e9khoz csatlakoztatod, ak\u00e1r nem csatlakoztatva j\u00e1tszol, a GPD WIN 5 tok az ide\u00e1lis t\u00e1rs, hogy biztons\u00e1gban \u00e9s akci\u00f3ra k\u00e9szen tartsd a Strix Halo k\u00e9zisz\u00e1m\u00edt\u00f3g\u00e9pedet. \ud83d\ude80<\/p>\n\n<hr class=\"wp-block-separator has-alpha-channel-opacity\"\/>\n\n<h3 class=\"wp-block-heading\">Specifik\u00e1ci\u00f3k:<\/h3>\n\n<figure class=\"wp-block-table\"><table class=\"has-fixed-layout\"><thead><tr><td>R\u00e9szlet<\/td><td>Specifik\u00e1ci\u00f3<\/td><\/tr><\/thead><tbody><tr><td><strong>Anyag<\/strong><\/td><td>EVA kem\u00e9ny h\u00e9j + puha sz\u00f6vet bels\u0151<\/td><\/tr><tr><td><strong>Kompatibilit\u00e1s<\/strong><\/td><td><a href=\"https:\/\/gpdstore.net\/hu\/product\/gpd-win-5\/\" target=\"_blank\" rel=\"noopener\" title=\"\">GPD WIN 5 k\u00e9zi j\u00e1t\u00e9k PC<\/a><\/td><\/tr><tr><td><strong>Z\u00e1r\u00e1si t\u00edpus<\/strong><\/td><td>Cipz\u00e1r<\/td><\/tr><tr><td><strong>T\u00e1rol\u00e1s<\/strong><\/td><td>Bels\u0151 h\u00e1l\u00f3s zseb\/rekesz a tartoz\u00e9kok sz\u00e1m\u00e1ra (bele\u00e9rtve a levehet\u0151 akkumul\u00e1tort \u00e9s t\u00f6lt\u0151t)<\/td><\/tr><tr><td><strong>M\u00e9retek<\/strong><\/td><td><strong>288 \u00d7 136 \u00d7 80 (25\/55) mm<\/strong><\/td><\/tr><\/tbody><\/table><\/figure>\n\n<p><\/p>\n","protected":false},"excerpt":{"rendered":"<ul>\n<li><strong>Hivatalos illeszked\u00e9s:<\/strong> Kifejezetten a GPD WIN 5 k\u00e9zi sz\u00e1m\u00edt\u00f3g\u00e9phez tervezt\u00e9k.<\/li>\n<li><strong>Biztons\u00e1gos hevederek:<\/strong> A k\u00e9sz\u00fcl\u00e9ket \u00e9s a k\u00fcls\u0151 akkumul\u00e1torcsomagot szil\u00e1rdan a hely\u00e9n tartja.<\/li>\n<li><strong>Puha b\u00e9l\u00e9s:<\/strong> 120 Hz-es 7 h\u00fcvelykes kijelz\u0151t.<\/li>\n<li><strong>K\u00e9zi sz\u00edj:<\/strong> Lehet\u0151v\u00e9 teszi a k\u00f6nny\u0171 \u00e9s biztons\u00e1gos hordoz\u00e1st \u00fatk\u00f6zben.<\/li>\n<li><strong>Kem\u00e9ny h\u00e9j:<\/strong> Tart\u00f3s, merev v\u00e9delmet ny\u00fajt a nagy teljes\u00edtm\u00e9ny\u0171 j\u00e1t\u00e9k-PC sz\u00e1m\u00e1ra.<\/li>\n<\/ul>\n[cg_accordion title=\"FIZET\u00c9SI INFORM\u00c1CI\u00d3K\"]<\/p>\n<p>A leg\u00fajabb technol\u00f3gi\u00e1t haszn\u00e1ljuk a fizet\u00e9si folyamatok feldolgoz\u00e1s\u00e1ban, amely lehet\u0151v\u00e9 teszi, hogy a gyors \u00e9s biztons\u00e1gos fizet\u00e9s \u00e9rdek\u00e9ben bankk\u00e1rty\u00e1val\/hitelk\u00e1rty\u00e1val vagy PayPal-lal fizessen.[\/cg_accordion]\n[cg_accordion title=\"GARANCIA\"]<\/p>\n<p>2 \u00e9v garancia a <a href=\"https:\/\/droix.net\/\" target=\"_blank\" rel=\"nofollow noopener\">DROIX Global- t\u00f3l az \u00d6n nyugalma \u00e9rdek\u00e9ben<\/a> [\/cg_accordion]\n[cg_accordion title=\"MIN\u0150S\u00c9GBIZTOS\u00cdT\u00c1S \u00c9S SZ\u00c1LL\u00cdT\u00c1S EL\u0150TTI TESZTEL\u00c9S\"]<\/p>\n<p>A legmagasabb sz\u00ednvonal\u00fa \u00fcgyf\u00e9l-el\u00e9gedetts\u00e9g biztos\u00edt\u00e1sa: Minden k\u00e9sz\u00fcl\u00e9ket szigor\u00fa tesztel\u00e9snek \u00e9s t\u00f6bbpontos min\u0151s\u00e9gbiztos\u00edt\u00e1si ellen\u0151rz\u00e9snek vetnek al\u00e1, miel\u0151tt kisz\u00e1ll\u00edt\u00e1sra ker\u00fcl. Elk\u00f6telezett csapatunk ellen\u0151rzi a teljes\u00edtm\u00e9nyt, a funkcionalit\u00e1st \u00e9s az alkatr\u00e9szek \u00e9ps\u00e9g\u00e9t, hogy garant\u00e1ljuk, hogy a GPD k\u00e9sz\u00fcl\u00e9k meg\u00e9rkez\u00e9sekor t\u00f6k\u00e9letes m\u0171k\u00f6d\u00e9si \u00e1llapotban van, \u00edgy biztos\u00edtva \u00d6nnek a bizalmat \u00e9s a nyugalmat. [\/cg_accordion]\n[cg_accordion title=\"\u00c1RK\u00c9PZ\u00c9S, AD\u00d3K \u00c9S SZ\u00c1LL\u00cdT\u00c1S\"]<\/p>\n<p><strong><u>Megjegyz\u00e9s:<\/u><\/strong><\/p>\n<ul>\n<li>Egyes\u00fclt \u00c1llamok \u00dcgyfelek: A felt\u00fcntetett \u00e1r NEM tartalmazza az ad\u00f3t \u00e9s a v\u00e1mokat. A v\u00e1mkezel\u00e9s \u00e9s a kapcsol\u00f3d\u00f3 ad\u00f3k\/v\u00e1mok megfizet\u00e9se az \u00fcgyfelet terheli. <\/li>\n<li>EU-s \u00fcgyfelek: A felt\u00fcntetett \u00e1r tartalmazza az alkalmazand\u00f3 ad\u00f3t, amely az \u00d6n orsz\u00e1g\u00e1t\u00f3l f\u00fcgg\u0151en ak\u00e1r 25% is lehet.<\/li>\n<li>Kanadai \u00fcgyfelek: A felt\u00fcntetett \u00e1r tartalmazza az alkalmazand\u00f3 ad\u00f3kat, amelyek az \u00d6n tartom\u00e1ny\u00e1t\u00f3l f\u00fcgg\u0151en tartalmazhatj\u00e1k az 5%-os GST-t \u00e9s tov\u00e1bbi tartom\u00e1nyi forgalmi ad\u00f3kat (PST), harmoniz\u00e1lt forgalmi ad\u00f3t (HST) vagy qu\u00e9beci forgalmi ad\u00f3t (QST).<\/li>\n<\/ul>\n<p>USA-beli \u00fcgyfeleink sz\u00e1m\u00e1ra: DAP (Delivered At Place). B\u00e1r az \u00fcgyfelek felel\u0151sek az alkalmazand\u00f3 tarif\u00e1k megfizet\u00e9s\u00e9\u00e9rt, mi az Egyes\u00fclt Kir\u00e1lys\u00e1gb\u00f3l t\u00f6rt\u00e9n\u0151 sz\u00e1ll\u00edt\u00e1sban szerzett sz\u00e9lesk\u00f6r\u0171 tapasztalatainkra t\u00e1maszkodva biztos\u00edtjuk, hogy a lehet\u0151 legkevesebb d\u00edjat kelljen fizetnie. Nyilv\u00e1ntart\u00e1sunk alapj\u00e1n ezek a d\u00edjak \u00e1ltal\u00e1ban nem haladj\u00e1k meg a term\u00e9k \u00e9rt\u00e9k\u00e9nek 10%-\u00e1t.  <\/p>\n<p><strong>CSAK EU-s \u00fcgyfelek sz\u00e1m\u00e1ra:<\/strong> Express DDP (Delivered Duty Paid). Ez azt jelenti: <\/p>\n<ul>\n<li>A term\u00e9koldalon felt\u00fcntetett \u00e1r tartalmazza az \u00f6sszes v\u00e1mot \u00e9s ad\u00f3t.<\/li>\n<li>A k\u00e9zbes\u00edt\u00e9skor nem kell tov\u00e1bbi d\u00edjakat fizetnie.<\/li>\n<li>Abban a ritka esetben, ha a v\u00e1mkezel\u00e9ssel kapcsolatos probl\u00e9m\u00e1k mer\u00fclnek fel, csapatunk az \u00d6n nev\u00e9ben elv\u00e9gzi a v\u00e1mkezel\u00e9si folyamatot, hogy biztos\u00edtsa a z\u00f6kken\u0151mentes sz\u00e1ll\u00edt\u00e1st.<\/li>\n<p>Fontos inform\u00e1ci\u00f3k a visszak\u00fcld\u00e9sr\u0151l:<\/p>\n<li>Ha \u00fagy d\u00f6nt, hogy visszak\u00fcldi megrendel\u00e9s\u00e9t vagy visszat\u00e9r\u00edt\u00e9st k\u00e9r, k\u00e9rj\u00fck, vegye figyelembe, hogy az \u00d6n nev\u00e9ben a DDP felt\u00e9telei szerint kifizetett ad\u00f3k \u00e9s v\u00e1mok nem t\u00e9r\u00edthet\u0151k vissza.<\/li>\n<p>R\u00e9szletes <a href=\"https:\/\/droix.net\/terms-and-conditions\/\" target=\"_blank\" rel=\"nofollow noopener\">inform\u00e1ci\u00f3k\u00e9rt k\u00e9rj\u00fck, olvassa el a Felhaszn\u00e1l\u00e1si Felt\u00e9teleinket<\/a>.\n<\/ul>\n<p>[\/cg_accordion]\n[cg_accordion title=\"\u00dcGYF\u00c9LSZOLG\u00c1LAT\"]<\/p>\n<p>K\u00e9rd\u00e9se van? Egy r\u00f6vid sz\u00f6veges \u00fczenetben m\u00e1ris megoldjuk a probl\u00e9m\u00e1j\u00e1t! <\/p>\n<p>R\u00e9szletes <a href=\"https:\/\/gpdstore.net\/hu\/terms-of-service\/\" target=\"_blank\" rel=\"nofollow noopener\">inform\u00e1ci\u00f3k\u00e9rt k\u00e9rj\u00fck, olvassa el a Felhaszn\u00e1l\u00e1si Felt\u00e9teleinket<\/a>.\n<\/ul>\n<p>[\/cg_accordion]\n[cg_accordion title=\"MIT TARTALMAZ\"]<\/p>\n<ul>\n<li>1x GPD WIN 5 tok<\/li>\n<\/ul>\n<p>[\/cg_accordion]\n","protected":false},"featured_media":1250950,"template":"","meta":{"_acf_changed":false},"product_brand":[],"product_cat":[5408],"product_tag":[],"woo-feed-brand":[],"class_list":{"0":"post-1251811","1":"product","2":"type-product","3":"status-publish","4":"has-post-thumbnail","6":"product_cat-tartozekok","7":"product_shipping_class-low-end","8":"pa_accessory-type-vedo-tok","9":"pa_brand-gpd","11":"first","12":"instock","13":"taxable","14":"shipping-taxable","15":"purchasable","16":"product-type-variable","17":"has-default-attributes"},"acf":[],"aioseo_notices":[],"_links":{"self":[{"href":"https:\/\/gpdstore.net\/hu\/wp-json\/wp\/v2\/product\/1251811","targetHints":{"allow":["GET"]}}],"collection":[{"href":"https:\/\/gpdstore.net\/hu\/wp-json\/wp\/v2\/product"}],"about":[{"href":"https:\/\/gpdstore.net\/hu\/wp-json\/wp\/v2\/types\/product"}],"wp:featuredmedia":[{"embeddable":true,"href":"https:\/\/gpdstore.net\/hu\/wp-json\/wp\/v2\/media\/1250950"}],"wp:attachment":[{"href":"https:\/\/gpdstore.net\/hu\/wp-json\/wp\/v2\/media?parent=1251811"}],"wp:term":[{"taxonomy":"product_brand","embeddable":true,"href":"https:\/\/gpdstore.net\/hu\/wp-json\/wp\/v2\/product_brand?post=1251811"},{"taxonomy":"product_cat","embeddable":true,"href":"https:\/\/gpdstore.net\/hu\/wp-json\/wp\/v2\/product_cat?post=1251811"},{"taxonomy":"product_tag","embeddable":true,"href":"https:\/\/gpdstore.net\/hu\/wp-json\/wp\/v2\/product_tag?post=1251811"},{"taxonomy":"woo-feed-brand","embeddable":true,"href":"https:\/\/gpdstore.net\/hu\/wp-json\/wp\/v2\/woo-feed-brand?post=1251811"}],"curies":[{"name":"wp","href":"https:\/\/api.w.org\/{rel}","templated":true}]}}