{"id":123787,"date":"2024-01-24T17:32:18","date_gmt":"2024-01-24T17:32:18","guid":{"rendered":"https:\/\/gpdstore.net\/nem-kategorizalt\/sd1-dokkoloallomas\/"},"modified":"2025-12-23T10:21:15","modified_gmt":"2025-12-23T10:21:15","slug":"sd1-docking-station","status":"publish","type":"product","link":"https:\/\/gpdstore.net\/hu\/product\/sd1-docking-station\/","title":{"rendered":"SD1 dokkol\u00f3\u00e1llom\u00e1s"},"content":{"rendered":"\n<h1 class=\"wp-block-heading\"><strong>Haszn\u00e1lja ki a k\u00e9zi j\u00e1t\u00e9kban rejl\u0151 teljes potenci\u00e1lt az SD1 dokkol\u00f3\u00e1llom\u00e1ssal!<\/strong><\/h1>\n\n<h3 class=\"wp-block-heading\">Z\u00f6kken\u0151mentes j\u00e1t\u00e9kintegr\u00e1ci\u00f3 az \u00d6n keze \u00fcgy\u00e9ben!<\/h3>\n\n<p>\u00dcdv\u00f6z\u00f6lj\u00fck a k\u00e9zi j\u00e1t\u00e9k PC-kieg\u00e9sz\u00edt\u0151k v\u00e9gs\u0151 v\u00e1ltoz\u00e1sa! Bemutatjuk az SD1 dokkol\u00f3\u00e1llom\u00e1st, amelyet kifejezetten a szenved\u00e9lyes j\u00e1t\u00e9kosok sz\u00e1m\u00e1ra terveztek, akik z\u00f6kken\u0151mentes \u00e9s megszak\u00edt\u00e1s n\u00e9lk\u00fcli j\u00e1t\u00e9k\u00e9lm\u00e9nyre v\u00e1gynak. Ezzel a legmodernebb dokkol\u00f3\u00e1llom\u00e1ssal a j\u00e1t\u00e9kosok soha nem l\u00e1tott m\u00e9rt\u00e9kben n\u00f6velhetik k\u00e9zi j\u00e1t\u00e9kg\u00e9p\u00fck k\u00e9pess\u00e9geit. A n\u00e9pszer\u0171 Steam Deck-t\u0151l a kiv\u00e1l\u00f3 AYA NEO Geek 1S-ig az SD1 a sokoldal\u00fas\u00e1g jegy\u00e9ben k\u00e9sz\u00fclt, biztos\u00edtva, hogy kedvenc k\u00e9zi eszk\u00f6ze megkapja a sz\u00fcks\u00e9ges l\u00f6k\u00e9st. Egyszer\u0171en dokkold, csatlakoztasd az USB Type-C k\u00e1bellel, \u00e9s n\u00e9zd, ahogy a var\u00e1zslat kibontakozik.<\/p>\n\n<h3 class=\"wp-block-heading\"><strong>Ultragyors \u00e9s \u00e1lland\u00f3 internetkapcsolat<\/strong><\/h3>\n\n<p>Nincs t\u00f6bb k\u00e9s\u00e9s. Nincs t\u00f6bb megszak\u00edt\u00e1s. Mer\u00fclj el a j\u00e1t\u00e9kuniverzumban az SD1 RJ45 Gigabit Ethernet seg\u00edts\u00e9g\u00e9vel. Ez a dokkol\u00f3\u00e1llom\u00e1s ak\u00e1r 1000M sebess\u00e9ggel is k\u00e9pes biztos\u00edtani a t\u00f6bbj\u00e1t\u00e9kos j\u00e1t\u00e9kokban val\u00f3 el\u0151nyt, \u00e9s rendk\u00edv\u00fcl gyors j\u00e1t\u00e9kmenetet biztos\u00edt. Mondjon b\u00facs\u00fat a frusztr\u00e1l\u00f3 k\u00e9sleltet\u00e9snek, \u00e9s \u00fcdv\u00f6z\u00f6lje a z\u00f6kken\u0151mentes, val\u00f3s idej\u0171 j\u00e1t\u00e9kinterakci\u00f3kat. Amikor minden ezredm\u00e1sodperc sz\u00e1m\u00edt, az SD1 biztos\u00edtja, hogy mindig egy l\u00e9p\u00e9ssel el\u0151r\u00e9bb j\u00e1rjon.<\/p>\n\n<h3 class=\"wp-block-heading\"><strong>\u00c9l\u00e9nk \u00e9s \u00e9les megjelen\u00edt\u00e9si \u00e9lm\u00e9ny<\/strong><\/h3>\n\n<p>Emelje a vizu\u00e1lis j\u00e1t\u00e9k\u00e9lm\u00e9nyt! Az SD1 dokkol\u00f3\u00e1llom\u00e1s HDMI 2.0 kimenettel rendelkezik, \u00edgy a j\u00e1t\u00e9kosok elmer\u00fclhetnek a gazdag, 4K felbont\u00e1s\u00fa, selymesen sima 60 Hz-es k\u00e9pi megjelen\u00edt\u00e9sben. Az ak\u00e1r 4096&#215;2160-as felbont\u00e1si k\u00e9pess\u00e9gekkel minden egyes pixel \u00e9letre kel, \u00e9s az akci\u00f3 kell\u0151s k\u00f6zep\u00e9be rep\u00edti \u00d6nt. \u00c9lvezze a j\u00e1t\u00e9kokat teljes pomp\u00e1jukban, kifog\u00e1stalan r\u00e9szletess\u00e9ggel, \u00e9l\u00e9nk sz\u00ednekkel \u00e9s p\u00e1ratlan tisztas\u00e1ggal.<\/p>\n\n<h3 class=\"wp-block-heading\"><strong>Gyors \u00e9s hat\u00e9kony energiaell\u00e1t\u00e1s<\/strong><\/h3>\n\n<p>A hatalom a v\u00e9gtelen j\u00e1t\u00e9khoz! Az SD1 dokkol\u00f3\u00e1llom\u00e1s nem csak a csatlakoztathat\u00f3s\u00e1gr\u00f3l \u00e9s a l\u00e1tv\u00e1nyr\u00f3l sz\u00f3l, hanem arr\u00f3l is, hogy a j\u00e1t\u00e9kk\u00e9sz\u00fcl\u00e9ked mindig \u00e1ram alatt maradjon. A hihetetlen 100 W-os PD-t\u00f6lt\u00e9si k\u00e9pess\u00e9ggel gyorsan felt\u00f6lti k\u00e9sz\u00fcl\u00e9k\u00e9t, \u00edgy a csata hev\u00e9ben sem fogy ki az akkumul\u00e1tora. J\u00e1tsszon tov\u00e1bb, abban a biztos tudatban, hogy k\u00e9sz\u00fcl\u00e9k\u00e9t egy megb\u00edzhat\u00f3 \u00e9s gyors t\u00f6lt\u0151rendszer folyamatosan energi\u00e1val l\u00e1tja el.<\/p>\n\n<h3 class=\"wp-block-heading\"><strong>T\u00f6bb port hozz\u00e1f\u00e9rhet\u0151s\u00e9ge a jobb haszn\u00e1lhat\u00f3s\u00e1g \u00e9rdek\u00e9ben<\/strong><\/h3>\n\n<p>Sokoldal\u00fas\u00e1g a jav\u00e1b\u00f3l! Az SD1 h\u00e1rom USB Type-A 3.0 porttal van felszerelve, \u00edgy a j\u00e1t\u00e9kosok t\u00f6bb perif\u00e9ri\u00e1t is csatlakoztathatnak. Legyen sz\u00f3 ak\u00e1r egy extra vez\u00e9rl\u0151r\u0151l, headsetr\u0151l vagy b\u00e1rmilyen m\u00e1s USB-alap\u00fa tartoz\u00e9kr\u00f3l, az SD1 dokkol\u00f3\u00e1llom\u00e1s biztos\u00edtja, hogy b\u00e1rmilyen j\u00e1t\u00e9kforgat\u00f3k\u00f6nyvre felk\u00e9sz\u00fclj\u00f6n. Tapasztalja meg a gyorsabb adat\u00e1tviteli sebess\u00e9get, \u00e9s \u00e9lvezze a z\u0171rzavarmentes j\u00e1t\u00e9kk\u00f6rnyezetet.<\/p>\n\n<h3 class=\"wp-block-heading\"><strong>Robusztus \u00e9s hat\u00e9kony csatlakoztathat\u00f3s\u00e1g<\/strong><\/h3>\n\n<p>A j\u00e1t\u00e9klehet\u0151s\u00e9gek vil\u00e1ga egyetlen k\u00e1bellel. Az SD1 kihaszn\u00e1lja az USB Type-C erej\u00e9t, \u00edgy stabil \u00e9s hat\u00e9kony kapcsolatot biztos\u00edt a dokkol\u00f3\u00e1llom\u00e1s \u00e9s a k\u00e9zi j\u00e1t\u00e9keszk\u00f6z k\u00f6z\u00f6tt. Ez az innovat\u00edv csatlakoz\u00e1si megold\u00e1s nemcsak gyorsabb adat\u00e1tviteli sebess\u00e9get \u00edg\u00e9r, hanem univerz\u00e1lis kompatibilit\u00e1st is biztos\u00edt a leg\u00fajabb j\u00e1t\u00e9keszk\u00f6z\u00f6kkel.<\/p>\n\n<h3 class=\"wp-block-heading\"><strong>Stabil fel\u00e9p\u00edt\u00e9s eleg\u00e1ns eszt\u00e9tik\u00e1val<\/strong><\/h3>\n\n<p>Az SD1 a m\u0171szaki teljes\u00edtm\u00e9ny\u00e9n t\u00falmen\u0151en az eleg\u00e1ns formatervez\u00e9s \u00e9s a robusztus fel\u00e9p\u00edt\u00e9s bizony\u00edt\u00e9ka is. Sz\u00fcrke alum\u00edniumb\u00f3l k\u00e9sz\u00fclt, pr\u00e9mium \u00e9rz\u00e9st sug\u00e1roz, mik\u00f6zben hossz\u00fa \u00e9lettartamot \u00edg\u00e9r. Annak \u00e9rdek\u00e9ben, hogy \u00e9rt\u00e9kes j\u00e1t\u00e9keszk\u00f6zei mindig v\u00e9dve legyenek, fekete szilikonbet\u00e9tekkel van ell\u00e1tva, amelyek extra biztons\u00e1got ny\u00fajtanak a karcol\u00e1sok \u00e9s a v\u00e9letlen elcs\u00fasz\u00e1sok ellen.<\/p>\n\n<h3 class=\"wp-block-heading\"><strong>Univerz\u00e1lis kompatibilit\u00e1s: Gamer&#8217;s Delight!<\/strong><\/h3>\n\n<p>A nagyszer\u0171 tartoz\u00e9kok jellemz\u0151je az alkalmazkod\u00f3k\u00e9pess\u00e9g, \u00e9s az SD1 ebb\u0151l a szempontb\u00f3l ragyog\u00f3an teljes\u00edt. A k\u00e9zi j\u00e1t\u00e9k PC-k sz\u00e9les v\u00e1laszt\u00e9k\u00e1nak befogad\u00e1s\u00e1ra tervezt\u00e9k, \u00edgy egyetlen j\u00e1t\u00e9kos sem marad le. Ak\u00e1r a leg\u00fajabb GPD WIN 4 2023, ak\u00e1r az ONEXPLAYER 2 tulajdonosa vagy, ez a dokkol\u00f3\u00e1llom\u00e1s egyablakos megold\u00e1s a fokozott j\u00e1t\u00e9kk\u00e9pess\u00e9gekhez. Tesztelt\u00fck Steam Deck, ROG Ally, GPD WIN 4, GPD WIN 4 2023, ONEXPLAYER 2, AYA NEO 2S, AYA NEO Geek \u00e9s AYA NEO Geek 1S j\u00e1t\u00e9kokkal.<\/p>\n\n<h3 class=\"wp-block-heading\"><strong>\u00d6sszefoglalva<\/strong><\/h3>\n\n<p>L\u00e9pj be a k\u00e9zi j\u00e1t\u00e9k j\u00f6v\u0151j\u00e9be az SD1 dokkol\u00f3\u00e1llom\u00e1ssal. Ez nem csak egy dokkol\u00f3\u00e1llom\u00e1s; ez egy \u00e9lm\u00e9ny, egy utaz\u00e1s, a j\u00e1t\u00e9k \u00faj m\u00f3dja. Emeld meg a j\u00e1t\u00e9k\u00e9lm\u00e9nyt, \u00e9s k\u00f6sz\u00f6ntsd a k\u00e9zi j\u00e1t\u00e9kok \u00faj korszak\u00e1t az SD1 dokkol\u00f3\u00e1llom\u00e1ssal.<\/p>\n\n<p><\/p>\n","protected":false},"excerpt":{"rendered":"<ul>\n<li><strong>SD1 <\/strong>dokkol\u00f3\u00e1llom\u00e1s<\/li>\n<li>Gigabit Ethernet<\/li>\n<li>100W-OS PD USB-C<\/li>\n<li>HDMI kimenet<\/li>\n<li><strong>Kompatibilis a<\/strong> GPD WIN 4 2024 \u00e9s m\u00e9g sok m\u00e1s term\u00e9kkel.<\/li>\n<\/ul>\n[cg_accordion title=\"FIZET\u00c9SI INFORM\u00c1CI\u00d3K\"]<\/p>\n<p>A leg\u00fajabb technol\u00f3gi\u00e1t haszn\u00e1ljuk a fizet\u00e9s feldolgoz\u00e1s\u00e1ban, amely lehet\u0151v\u00e9 teszi, hogy az Apple Pay, a Google Pay, a bankk\u00e1rtya\/hitelk\u00e1rtya, a PayPal vagy a BNPL m\u00f3dszerek, mint p\u00e9ld\u00e1ul a Klarna, az Affirm vagy az AfterPay seg\u00edts\u00e9g\u00e9vel fizessen ki gyorsan \u00e9s biztons\u00e1gosan.[\/cg_accordion]\n[cg_accordion title=\"GARANCIA\"]<\/p>\n<p>2 \u00e9v garancia a <a href=\"https:\/\/droix.net\/\" target=\"_blank\" rel=\"nofollow noopener\">DROIX Global- t\u00f3l az \u00d6n nyugalma \u00e9rdek\u00e9ben<\/a> [\/cg_accordion]\n[cg_accordion title=\"\u00c1RK\u00c9PZ\u00c9S, AD\u00d3K \u00c9S SZ\u00c1LL\u00cdT\u00c1S\"]<\/p>\n<p><strong><u>Megjegyz\u00e9s:<\/u><\/strong><\/p>\n<ul>\n<li>Egyes\u00fclt \u00c1llamok \u00dcgyfelek: A felt\u00fcntetett \u00e1r NEM tartalmazza az ad\u00f3t \u00e9s a v\u00e1mokat. A v\u00e1mkezel\u00e9s \u00e9s a kapcsol\u00f3d\u00f3 ad\u00f3k\/v\u00e1mok megfizet\u00e9se az \u00fcgyfelet terheli. <\/li>\n<li>EU-s \u00fcgyfelek: A felt\u00fcntetett \u00e1r tartalmazza az alkalmazand\u00f3 ad\u00f3t, amely az \u00d6n orsz\u00e1g\u00e1t\u00f3l f\u00fcgg\u0151en ak\u00e1r 25% is lehet.<\/li>\n<li>Kanadai \u00fcgyfelek: A felt\u00fcntetett \u00e1r tartalmazza az alkalmazand\u00f3 ad\u00f3kat, amelyek az \u00d6n tartom\u00e1ny\u00e1t\u00f3l f\u00fcgg\u0151en tartalmazhatj\u00e1k az 5%-os GST-t \u00e9s tov\u00e1bbi tartom\u00e1nyi forgalmi ad\u00f3kat (PST), harmoniz\u00e1lt forgalmi ad\u00f3t (HST) vagy qu\u00e9beci forgalmi ad\u00f3t (QST).<\/li>\n<\/ul>\n<p><strong>CSAK EU-s \u00fcgyfelek sz\u00e1m\u00e1ra:<\/strong> Express DDP (Delivered Duty Paid). Ez azt jelenti: <\/p>\n<ul>\n<li>A term\u00e9koldalon felt\u00fcntetett \u00e1r tartalmazza az \u00f6sszes v\u00e1mot \u00e9s ad\u00f3t.<\/li>\n<li>A k\u00e9zbes\u00edt\u00e9skor nem kell tov\u00e1bbi d\u00edjakat fizetnie.<\/li>\n<li>Abban a ritka esetben, ha a v\u00e1mkezel\u00e9ssel kapcsolatos probl\u00e9m\u00e1k mer\u00fclnek fel, csapatunk az \u00d6n nev\u00e9ben elv\u00e9gzi a v\u00e1mkezel\u00e9si folyamatot, hogy biztos\u00edtsa a z\u00f6kken\u0151mentes sz\u00e1ll\u00edt\u00e1st.<\/li>\n<p>Fontos inform\u00e1ci\u00f3k a visszak\u00fcld\u00e9sr\u0151l:<\/p>\n<li>Ha \u00fagy d\u00f6nt, hogy visszak\u00fcldi megrendel\u00e9s\u00e9t vagy visszat\u00e9r\u00edt\u00e9st k\u00e9r, k\u00e9rj\u00fck, vegye figyelembe, hogy az \u00d6n nev\u00e9ben a DDP felt\u00e9telei szerint kifizetett ad\u00f3k \u00e9s v\u00e1mok nem t\u00e9r\u00edthet\u0151k vissza.<\/li>\n<p>R\u00e9szletes <a href=\"https:\/\/gpdstore.net\/hu\/terms-of-service\/\" target=\"_blank\" rel=\"nofollow noopener\">inform\u00e1ci\u00f3k\u00e9rt k\u00e9rj\u00fck, olvassa el a Felhaszn\u00e1l\u00e1si Felt\u00e9teleinket<\/a>.\n<\/ul>\n<p>[\/cg_accordion]\n[cg_accordion title=\"\u00dcGYF\u00c9LSZOLG\u00c1LAT\"]<\/p>\n<p>K\u00e9rd\u00e9se van? Egy r\u00f6vid sz\u00f6veges \u00fczenetben m\u00e1ris megoldjuk a probl\u00e9m\u00e1j\u00e1t!<br \/>\n[\/cg_accordion]\n[cg_accordion title=\"MIT TARTALMAZ\"]<\/p>\n<ul>\n<li>1x SD1 dokkol\u00f3\u00e1llom\u00e1s<\/li>\n<\/ul>\n<p>[\/cg_accordion]\n","protected":false},"featured_media":120005,"template":"","meta":{"_acf_changed":false},"product_brand":[],"product_cat":[5408],"product_tag":[14812,6035],"woo-feed-brand":[5494],"class_list":{"0":"post-123787","1":"product","2":"type-product","3":"status-publish","4":"has-post-thumbnail","6":"product_cat-tartozekok","7":"product_tag-40xmsale-hu","8":"product_tag-droix-hub-hu","9":"product_shipping_class-standard","11":"pa_accessory-type-dokkolo-allomas","12":"pa_i-o-video-1x-hdmi-hu","13":"woo-feed-brand-droix-hu","15":"first","16":"outofstock","17":"sale","18":"taxable","19":"shipping-taxable","20":"purchasable","21":"product-type-simple"},"acf":[],"aioseo_notices":[],"_links":{"self":[{"href":"https:\/\/gpdstore.net\/hu\/wp-json\/wp\/v2\/product\/123787","targetHints":{"allow":["GET"]}}],"collection":[{"href":"https:\/\/gpdstore.net\/hu\/wp-json\/wp\/v2\/product"}],"about":[{"href":"https:\/\/gpdstore.net\/hu\/wp-json\/wp\/v2\/types\/product"}],"wp:featuredmedia":[{"embeddable":true,"href":"https:\/\/gpdstore.net\/hu\/wp-json\/wp\/v2\/media\/120005"}],"wp:attachment":[{"href":"https:\/\/gpdstore.net\/hu\/wp-json\/wp\/v2\/media?parent=123787"}],"wp:term":[{"taxonomy":"product_brand","embeddable":true,"href":"https:\/\/gpdstore.net\/hu\/wp-json\/wp\/v2\/product_brand?post=123787"},{"taxonomy":"product_cat","embeddable":true,"href":"https:\/\/gpdstore.net\/hu\/wp-json\/wp\/v2\/product_cat?post=123787"},{"taxonomy":"product_tag","embeddable":true,"href":"https:\/\/gpdstore.net\/hu\/wp-json\/wp\/v2\/product_tag?post=123787"},{"taxonomy":"woo-feed-brand","embeddable":true,"href":"https:\/\/gpdstore.net\/hu\/wp-json\/wp\/v2\/woo-feed-brand?post=123787"}],"curies":[{"name":"wp","href":"https:\/\/api.w.org\/{rel}","templated":true}]}}