{"id":1199326,"date":"2025-10-08T14:34:02","date_gmt":"2025-10-08T14:34:02","guid":{"rendered":"https:\/\/gpdstore.net\/product\/biwin-mini-ssd\/"},"modified":"2026-01-19T15:03:22","modified_gmt":"2026-01-19T15:03:22","slug":"biwin-mini-ssd","status":"publish","type":"product","link":"https:\/\/gpdstore.net\/hu\/product\/biwin-mini-ssd\/","title":{"rendered":"BIWIN Mini SSD"},"content":{"rendered":"\n<h2 class=\"wp-block-heading\"><strong>A k\u00e9sz\u00fcl\u00e9k val\u00f3di potenci\u00e1lj\u00e1nak kibontakoztat\u00e1sa<\/strong><\/h2>\n\n<p>Az elit technol\u00f3gia vil\u00e1g\u00e1ban a gyorsas\u00e1g a minden. A BIWIN Mini SSD a kompromisszumok n\u00e9lk\u00fcli teljes\u00edtm\u00e9nyr\u0151l tan\u00faskodik, a PCIe Gen4x2 technol\u00f3gi\u00e1val k\u00e9sz\u00fclt, hogy elk\u00e9peszt\u0151, 3700 <strong>MB\/s<\/strong> elm\u00e9leti sebess\u00e9get \u00e9rjen el <strong>.<\/strong><sup><\/sup> Ez nem csak egy friss\u00edt\u00e9s; ez egy forradalom egy b\u00e9lyegn\u00e9l kisebb csomagban. <\/p>\n\n<p>Az olyan \u00faj gener\u00e1ci\u00f3s k\u00e9zisz\u00e1m\u00edt\u00f3g\u00e9pek felhaszn\u00e1l\u00f3i sz\u00e1m\u00e1ra <a href=\"https:\/\/gpdstore.net\/hu\/product\/gpd-win-5\/\" target=\"_blank\" rel=\"noopener\" title=\"\">, mint a GPD WIN 5,<\/a> a BIWIN Mini SSD a kulcs a k\u00e9sz\u00fcl\u00e9k maxim\u00e1lis t\u00e1rol\u00e1si sebess\u00e9g\u00e9nek kihaszn\u00e1l\u00e1s\u00e1hoz. B\u00e1r ezek az eszk\u00f6z\u00f6k egy PCIe 4&#215;1 foglalatot haszn\u00e1lnak, Mini SSD-ink m\u00e9g \u00edgy is l\u00e9legzetel\u00e1ll\u00edt\u00f3, ~ <strong>1700 MB\/s val\u00f3s teljes\u00edtm\u00e9nyt<\/strong> ny\u00fajtanak, ami fel\u00fclm\u00falja b\u00e1rmely microSD-k\u00e1rtya sebess\u00e9g\u00e9t, \u00e9s biztos\u00edtja, hogy a j\u00e1t\u00e9kok vill\u00e1mgyorsan bet\u00f6lt\u0151djenek.<\/p>\n\n<p>A sz\u00e9ls\u0151s\u00e9ges k\u00f6r\u00fclm\u00e9nyekhez kov\u00e1csolt, IP68-as <strong>v\u00edz\u00e1ll\u00f3 \u00e9s<\/strong> <strong>3 m\u00e9teres leejt\u00e9s\u00e1ll\u00f3s\u00e1g\u00fa k\u00e9sz\u00fcl\u00e9ktest<\/strong> azt jelenti, hogy ez a teljes\u00edtm\u00e9ny legend\u00e1s tart\u00f3ss\u00e1ggal p\u00e1rosul.<sup><\/sup> Az ak\u00e1r <strong>2 TB-os<\/strong> kapacit\u00e1ssal a BIWIN Mini SSD a v\u00e9gs\u0151, kompromisszumok n\u00e9lk\u00fcli t\u00e1rol\u00e1si megold\u00e1s azok sz\u00e1m\u00e1ra, akik az abszol\u00fat legjobbat k\u00f6vetelik.<\/p>\n","protected":false},"excerpt":{"rendered":"<ul>\n<li>Interf\u00e9sz: NVMe 1.4** protokollal <strong>rendelkez\u0151 PCIe Gen4x2<\/strong> <\/li>\n<li>Formafaktor: <strong>(<\/strong> 15,0 mm \u00d7 17,0 mm \u00d7 1,4 mm)<\/li>\n<li>Teljes\u00edtm\u00e9ny: Ak\u00e1r **3,700 MB\/s olvas\u00e1s** \/ Ak\u00e1r **3,400 MB\/s \u00edr\u00e1s**<\/li>\n<li>Kapacit\u00e1s: 512 GB, 1 TB vagy 2 TB 3D TLC NAND<\/li>\n<li>Tart\u00f3ss\u00e1g: <strong>IP68 por-<\/strong> \u00e9s v\u00edz\u00e1ll\u00f3s\u00e1g \/ **3 m\u00e9teres zuhan\u00e1s** t\u00fal\u00e9l\u00e9s<\/li>\n<li>Technol\u00f3gia: Dinamikus **SLC Caching** \u00e9s **Wear Leveling**<\/li>\n<\/ul>\n[cg_accordion title=\"FIZET\u00c9SI INFORM\u00c1CI\u00d3K\"]<\/p>\n<p>A leg\u00fajabb technol\u00f3gi\u00e1t haszn\u00e1ljuk a fizet\u00e9si folyamatok feldolgoz\u00e1s\u00e1ban, amely lehet\u0151v\u00e9 teszi, hogy a gyors \u00e9s biztons\u00e1gos fizet\u00e9s \u00e9rdek\u00e9ben bankk\u00e1rty\u00e1val\/hitelk\u00e1rty\u00e1val vagy PayPal-lal fizessen.[\/cg_accordion]\n[cg_accordion title=\"GARANCIA\"]<\/p>\n<p>2 \u00e9v garancia a <a href=\"https:\/\/droix.net\/\" target=\"_blank\" rel=\"nofollow noopener\">DROIX Global- t\u00f3l az \u00d6n nyugalma \u00e9rdek\u00e9ben<\/a> [\/cg_accordion]\n[cg_accordion title=\"MIN\u0150S\u00c9GBIZTOS\u00cdT\u00c1S \u00c9S SZ\u00c1LL\u00cdT\u00c1S EL\u0150TTI TESZTEL\u00c9S\"]<\/p>\n<p>A legmagasabb sz\u00ednvonal\u00fa \u00fcgyf\u00e9l-el\u00e9gedetts\u00e9g biztos\u00edt\u00e1sa: Minden k\u00e9sz\u00fcl\u00e9ket szigor\u00fa tesztel\u00e9snek \u00e9s t\u00f6bbpontos min\u0151s\u00e9gbiztos\u00edt\u00e1si ellen\u0151rz\u00e9snek vetnek al\u00e1, miel\u0151tt kisz\u00e1ll\u00edt\u00e1sra ker\u00fcl. Elk\u00f6telezett csapatunk ellen\u0151rzi a teljes\u00edtm\u00e9nyt, a funkcionalit\u00e1st \u00e9s az alkatr\u00e9szek \u00e9ps\u00e9g\u00e9t, hogy garant\u00e1ljuk, hogy a GPD k\u00e9sz\u00fcl\u00e9k meg\u00e9rkez\u00e9sekor t\u00f6k\u00e9letes m\u0171k\u00f6d\u00e9si \u00e1llapotban van, \u00edgy biztos\u00edtva \u00d6nnek a bizalmat \u00e9s a nyugalmat. [\/cg_accordion]\n[cg_accordion title=\"\u00c1RK\u00c9PZ\u00c9S, AD\u00d3K \u00c9S SZ\u00c1LL\u00cdT\u00c1S\"]<\/p>\n<p><strong><u>Megjegyz\u00e9s:<\/u><\/strong><\/p>\n<ul>\n<li>Egyes\u00fclt \u00c1llamok \u00dcgyfelek: A felt\u00fcntetett \u00e1r NEM tartalmazza az ad\u00f3t \u00e9s a v\u00e1mokat. A v\u00e1mkezel\u00e9s \u00e9s a kapcsol\u00f3d\u00f3 ad\u00f3k\/v\u00e1mok megfizet\u00e9se az \u00fcgyfelet terheli. <\/li>\n<li>EU-s \u00fcgyfelek: A felt\u00fcntetett \u00e1r tartalmazza az alkalmazand\u00f3 ad\u00f3t, amely az \u00d6n orsz\u00e1g\u00e1t\u00f3l f\u00fcgg\u0151en ak\u00e1r 25% is lehet.<\/li>\n<li>Kanadai \u00fcgyfelek: A felt\u00fcntetett \u00e1r tartalmazza az alkalmazand\u00f3 ad\u00f3kat, amelyek az \u00d6n tartom\u00e1ny\u00e1t\u00f3l f\u00fcgg\u0151en tartalmazhatj\u00e1k az 5%-os GST-t \u00e9s tov\u00e1bbi tartom\u00e1nyi forgalmi ad\u00f3kat (PST), harmoniz\u00e1lt forgalmi ad\u00f3t (HST) vagy qu\u00e9beci forgalmi ad\u00f3t (QST).<\/li>\n<\/ul>\n<p>USA-beli \u00fcgyfeleink sz\u00e1m\u00e1ra: DAP (Delivered At Place). B\u00e1r az \u00fcgyfelek felel\u0151sek az alkalmazand\u00f3 tarif\u00e1k megfizet\u00e9s\u00e9\u00e9rt, mi az Egyes\u00fclt Kir\u00e1lys\u00e1gb\u00f3l t\u00f6rt\u00e9n\u0151 sz\u00e1ll\u00edt\u00e1sban szerzett sz\u00e9lesk\u00f6r\u0171 tapasztalatainkra t\u00e1maszkodva biztos\u00edtjuk, hogy a lehet\u0151 legkevesebb d\u00edjat kelljen fizetnie. Nyilv\u00e1ntart\u00e1sunk alapj\u00e1n ezek a d\u00edjak \u00e1ltal\u00e1ban nem haladj\u00e1k meg a term\u00e9k \u00e9rt\u00e9k\u00e9nek 10%-\u00e1t.  <\/p>\n<p><strong>CSAK EU-s \u00fcgyfelek sz\u00e1m\u00e1ra:<\/strong> Express DDP (Delivered Duty Paid). Ez azt jelenti: <\/p>\n<ul>\n<li>A term\u00e9koldalon felt\u00fcntetett \u00e1r tartalmazza az \u00f6sszes v\u00e1mot \u00e9s ad\u00f3t.<\/li>\n<li>A k\u00e9zbes\u00edt\u00e9skor nem kell tov\u00e1bbi d\u00edjakat fizetnie.<\/li>\n<li>Abban a ritka esetben, ha a v\u00e1mkezel\u00e9ssel kapcsolatos probl\u00e9m\u00e1k mer\u00fclnek fel, csapatunk az \u00d6n nev\u00e9ben elv\u00e9gzi a v\u00e1mkezel\u00e9si folyamatot, hogy biztos\u00edtsa a z\u00f6kken\u0151mentes sz\u00e1ll\u00edt\u00e1st.<\/li>\n<p>Fontos inform\u00e1ci\u00f3k a visszak\u00fcld\u00e9sr\u0151l:<\/p>\n<li>Ha \u00fagy d\u00f6nt, hogy visszak\u00fcldi megrendel\u00e9s\u00e9t vagy visszat\u00e9r\u00edt\u00e9st k\u00e9r, k\u00e9rj\u00fck, vegye figyelembe, hogy az \u00d6n nev\u00e9ben a DDP felt\u00e9telei szerint kifizetett ad\u00f3k \u00e9s v\u00e1mok nem t\u00e9r\u00edthet\u0151k vissza.<\/li>\n<p>R\u00e9szletes <a href=\"https:\/\/droix.net\/terms-and-conditions\/\" target=\"_blank\" rel=\"nofollow noopener\">inform\u00e1ci\u00f3k\u00e9rt k\u00e9rj\u00fck, olvassa el a Felhaszn\u00e1l\u00e1si Felt\u00e9teleinket<\/a>.\n<\/ul>\n<p>[\/cg_accordion]\n[cg_accordion title=\"\u00dcGYF\u00c9LSZOLG\u00c1LAT\"]<\/p>\n<p>K\u00e9rd\u00e9se van? Egy r\u00f6vid sz\u00f6veges \u00fczenetben m\u00e1ris megoldjuk a probl\u00e9m\u00e1j\u00e1t! <\/p>\n<p>R\u00e9szletes <a href=\"https:\/\/gpdstore.net\/hu\/terms-of-service\/\" target=\"_blank\" rel=\"nofollow noopener\">inform\u00e1ci\u00f3k\u00e9rt k\u00e9rj\u00fck, olvassa el a Felhaszn\u00e1l\u00e1si Felt\u00e9teleinket<\/a>.\n<\/ul>\n<p>[\/cg_accordion]\n[cg_accordion title=\"MIT TARTALMAZ\"]<\/p>\n<ul>\n<li>1x BIWIN Mini SSD<\/li>\n<\/ul>\n<p>[\/cg_accordion]\n","protected":false},"featured_media":1196746,"template":"","meta":{"_acf_changed":false},"product_brand":[],"product_cat":[5408],"product_tag":[],"woo-feed-brand":[],"class_list":{"0":"post-1199326","1":"product","2":"type-product","3":"status-publish","4":"has-post-thumbnail","6":"product_cat-tartozekok","7":"product_shipping_class-premium","8":"pa_brand-biwin","9":"pa_storage-capacity-1tb-fr","10":"pa_storage-capacity-1tb-hu","11":"pa_storage-capacity-1tb","12":"pa_storage-capacity-2tb-fr","13":"pa_storage-capacity-2tb-hu","14":"pa_storage-capacity-2tb","15":"pa_storage-capacity-512-gb-hu","16":"pa_storage-capacity-512gb-fr","17":"pa_storage-capacity-512gb","19":"first","20":"instock","21":"taxable","22":"shipping-taxable","23":"purchasable","24":"product-type-variable","25":"has-default-attributes"},"acf":[],"aioseo_notices":[],"_links":{"self":[{"href":"https:\/\/gpdstore.net\/hu\/wp-json\/wp\/v2\/product\/1199326","targetHints":{"allow":["GET"]}}],"collection":[{"href":"https:\/\/gpdstore.net\/hu\/wp-json\/wp\/v2\/product"}],"about":[{"href":"https:\/\/gpdstore.net\/hu\/wp-json\/wp\/v2\/types\/product"}],"wp:featuredmedia":[{"embeddable":true,"href":"https:\/\/gpdstore.net\/hu\/wp-json\/wp\/v2\/media\/1196746"}],"wp:attachment":[{"href":"https:\/\/gpdstore.net\/hu\/wp-json\/wp\/v2\/media?parent=1199326"}],"wp:term":[{"taxonomy":"product_brand","embeddable":true,"href":"https:\/\/gpdstore.net\/hu\/wp-json\/wp\/v2\/product_brand?post=1199326"},{"taxonomy":"product_cat","embeddable":true,"href":"https:\/\/gpdstore.net\/hu\/wp-json\/wp\/v2\/product_cat?post=1199326"},{"taxonomy":"product_tag","embeddable":true,"href":"https:\/\/gpdstore.net\/hu\/wp-json\/wp\/v2\/product_tag?post=1199326"},{"taxonomy":"woo-feed-brand","embeddable":true,"href":"https:\/\/gpdstore.net\/hu\/wp-json\/wp\/v2\/woo-feed-brand?post=1199326"}],"curies":[{"name":"wp","href":"https:\/\/api.w.org\/{rel}","templated":true}]}}