{"id":111794,"date":"2024-03-18T17:00:25","date_gmt":"2024-03-18T17:00:25","guid":{"rendered":"https:\/\/gpdstore.net\/nem-kategorizalt\/gpd-win-max-2-2024-4g-lte-kiegeszito\/"},"modified":"2025-12-23T10:19:55","modified_gmt":"2025-12-23T10:19:55","slug":"gpd-win-max-2-4g-lte-add-on","status":"publish","type":"product","link":"https:\/\/gpdstore.net\/hu\/product\/gpd-win-max-2-4g-lte-add-on\/","title":{"rendered":"GPD WIN MAX 2 \/ 2024 4G LTE kieg\u00e9sz\u00edt\u0151"},"content":{"rendered":"\n<p><br\/>Bemutatjuk a leg\u00fajabb 4G LTE modulb\u0151v\u00edt\u0151t a GPD WIN MAX 2 \/ GPD WIN MAX 2 2024 k\u00e9sz\u00fcl\u00e9khez. Ez az \u00fatt\u00f6r\u0151 b\u0151v\u00edt\u00e9s lehet\u0151v\u00e9 teszi a j\u00e1t\u00e9krajong\u00f3k sz\u00e1m\u00e1ra, hogy a z\u00f6kken\u0151mentes 4G kapcsolatnak \u00e9s az \u00e1tfog\u00f3 szolg\u00e1ltat\u00f3i t\u00e1mogat\u00e1snak k\u00f6sz\u00f6nhet\u0151en b\u00e1rhol megszak\u00edt\u00e1s n\u00e9lk\u00fcli j\u00e1t\u00e9kmaratonoknak h\u00f3dolhassanak. <\/p>\n\n<p>A felhaszn\u00e1l\u00f3i visszajelz\u00e9sekre reag\u00e1lva \u00e9s a technikai akad\u00e1lyok lek\u00fczd\u00e9s\u00e9re apr\u00f3l\u00e9kosan kidolgozott 4G LTE modul 4G TD-LTE, FDD-LTE \u00e9s 3G CDMA h\u00e1l\u00f3zatokat fogad, \u00e9s a mainstream laptopokhoz hasonl\u00f3 teljes\u00edtm\u00e9nyt ny\u00fajt. A WIN Max 2 2024 sorozatba val\u00f3 z\u00f6kken\u0151mentes integr\u00e1l\u00e1sa a bonyolult j\u00e1t\u00e9k\u00e9lm\u00e9nyek olyan birodalm\u00e1t nyitja meg, amely kor\u00e1bban a hordozhat\u00f3 eszk\u00f6z\u00f6k sz\u00e1m\u00e1ra el\u00e9rhetetlen volt. <\/p>\n","protected":false},"excerpt":{"rendered":"<ul>\n<li>Hivatalos GPD WIN MAX 2 2024 LTE modul<\/li>\n<li>T\u00e1mogat\u00e1s &#8211; 4G TD-LTE, FDD-LTE, 3G CDMA.<\/li>\n<li>4G TD-LTE, FDD-LTE \u00e9s 3G CDMA t\u00e1mogat\u00e1s<\/li>\n<li>Nano-SIM foglalat az egyszer\u0171 haszn\u00e1lathoz<\/li>\n<li>Quectel EG25-G modell<\/li>\n<\/ul>\n<pre><b>FONTOS<\/b>\nA TELEP\u00cdT\u00c9SHEZ A K\u00c9SZ\u00dcL\u00c9K MEGNYIT\u00c1SA SZ\u00dcKS\u00c9GES\nAZ ALKATR\u00c9SZEK KICSIK \u00c9S \u00c9RZ\u00c9KENYEK\nNEM VAGYUNK FELEL\u0150SEK A V\u00c1S\u00c1RL\u00d3I K\u00c1ROK\u00c9RT<\/pre>\n[cg_accordion title=\"FIZET\u00c9SI INFORM\u00c1CI\u00d3K\"]<\/p>\n<p>A leg\u00fajabb technol\u00f3gi\u00e1t haszn\u00e1ljuk a fizet\u00e9s feldolgoz\u00e1s\u00e1ban, amely lehet\u0151v\u00e9 teszi, hogy az Apple Pay, a Google Pay, a bankk\u00e1rtya\/hitelk\u00e1rtya, a PayPal vagy a BNPL m\u00f3dszerek, mint p\u00e9ld\u00e1ul a Klarna, az Affirm vagy az AfterPay seg\u00edts\u00e9g\u00e9vel fizessen ki gyorsan \u00e9s biztons\u00e1gosan.[\/cg_accordion]\n[cg_accordion title=\"GARANCIA\"]<\/p>\n<p>2 \u00e9v garancia a <a href=\"https:\/\/droix.net\/\" target=\"_blank\" rel=\"nofollow noopener\">DROIX Global- t\u00f3l az \u00d6n nyugalma \u00e9rdek\u00e9ben<\/a> [\/cg_accordion]\n[cg_accordion title=\"\u00c1RK\u00c9PZ\u00c9S, AD\u00d3K \u00c9S SZ\u00c1LL\u00cdT\u00c1S\"]<\/p>\n<p><strong><u>Megjegyz\u00e9s:<\/u><\/strong><\/p>\n<ul>\n<li>Egyes\u00fclt \u00c1llamok \u00dcgyfelek: A felt\u00fcntetett \u00e1r NEM tartalmazza az ad\u00f3t \u00e9s a v\u00e1mokat. A v\u00e1mkezel\u00e9s \u00e9s a kapcsol\u00f3d\u00f3 ad\u00f3k\/v\u00e1mok megfizet\u00e9se az \u00fcgyfelet terheli. <\/li>\n<li>EU-s \u00fcgyfelek: A felt\u00fcntetett \u00e1r tartalmazza az alkalmazand\u00f3 ad\u00f3t, amely az \u00d6n orsz\u00e1g\u00e1t\u00f3l f\u00fcgg\u0151en ak\u00e1r 25% is lehet.<\/li>\n<li>Kanadai \u00fcgyfelek: A felt\u00fcntetett \u00e1r tartalmazza az alkalmazand\u00f3 ad\u00f3kat, amelyek az \u00d6n tartom\u00e1ny\u00e1t\u00f3l f\u00fcgg\u0151en tartalmazhatj\u00e1k az 5%-os GST-t \u00e9s tov\u00e1bbi tartom\u00e1nyi forgalmi ad\u00f3kat (PST), harmoniz\u00e1lt forgalmi ad\u00f3t (HST) vagy qu\u00e9beci forgalmi ad\u00f3t (QST).<\/li>\n<\/ul>\n<p><strong>CSAK EU-s \u00fcgyfelek sz\u00e1m\u00e1ra:<\/strong> Express DDP (Delivered Duty Paid). Ez azt jelenti: <\/p>\n<ul>\n<li>A term\u00e9koldalon felt\u00fcntetett \u00e1r tartalmazza az \u00f6sszes v\u00e1mot \u00e9s ad\u00f3t.<\/li>\n<li>A k\u00e9zbes\u00edt\u00e9skor nem kell tov\u00e1bbi d\u00edjakat fizetnie.<\/li>\n<li>Abban a ritka esetben, ha a v\u00e1mkezel\u00e9ssel kapcsolatos probl\u00e9m\u00e1k mer\u00fclnek fel, csapatunk az \u00d6n nev\u00e9ben elv\u00e9gzi a v\u00e1mkezel\u00e9si folyamatot, hogy biztos\u00edtsa a z\u00f6kken\u0151mentes sz\u00e1ll\u00edt\u00e1st.<\/li>\n<p>Fontos inform\u00e1ci\u00f3k a visszak\u00fcld\u00e9sr\u0151l:<\/p>\n<li>Ha \u00fagy d\u00f6nt, hogy visszak\u00fcldi megrendel\u00e9s\u00e9t vagy visszat\u00e9r\u00edt\u00e9st k\u00e9r, k\u00e9rj\u00fck, vegye figyelembe, hogy az \u00d6n nev\u00e9ben a DDP felt\u00e9telei szerint kifizetett ad\u00f3k \u00e9s v\u00e1mok nem t\u00e9r\u00edthet\u0151k vissza.<\/li>\n<p>R\u00e9szletes <a href=\"https:\/\/gpdstore.net\/hu\/terms-of-service\/\" target=\"_blank\" rel=\"nofollow noopener\">inform\u00e1ci\u00f3k\u00e9rt k\u00e9rj\u00fck, olvassa el a Felhaszn\u00e1l\u00e1si Felt\u00e9teleinket<\/a>.\n<\/ul>\n<p>[\/cg_accordion]\n[cg_accordion title=\"\u00dcGYF\u00c9LSZOLG\u00c1LAT\"]<\/p>\n<p>K\u00e9rd\u00e9se van? Egy r\u00f6vid sz\u00f6veges \u00fczenetben m\u00e1ris megoldjuk a probl\u00e9m\u00e1j\u00e1t!<br \/>\n[\/cg_accordion]\n[cg_accordion title=\"MIT TARTALMAZ\"]<\/p>\n<ul>\n<li>1x GPD WIN MAX 2 LTE modul<\/li>\n<\/ul>\n<p>[\/cg_accordion]\n","protected":false},"featured_media":111931,"template":"","meta":{"_acf_changed":false},"product_brand":[],"product_cat":[5408],"product_tag":[15808,6117],"woo-feed-brand":[5662],"class_list":{"0":"post-111794","1":"product","2":"type-product","3":"status-publish","4":"has-post-thumbnail","6":"product_cat-tartozekok","7":"product_tag-20xmsale-hu-2","8":"product_tag-gpd-wm2-kiegeszito","9":"product_shipping_class-low-end","10":"pa_accessory-type-add-ons-hu","11":"pa_brand-gpd","12":"woo-feed-brand-gpd-hu","14":"first","15":"outofstock","16":"sale","17":"taxable","18":"shipping-taxable","19":"purchasable","20":"product-type-simple"},"acf":[],"aioseo_notices":[],"_links":{"self":[{"href":"https:\/\/gpdstore.net\/hu\/wp-json\/wp\/v2\/product\/111794","targetHints":{"allow":["GET"]}}],"collection":[{"href":"https:\/\/gpdstore.net\/hu\/wp-json\/wp\/v2\/product"}],"about":[{"href":"https:\/\/gpdstore.net\/hu\/wp-json\/wp\/v2\/types\/product"}],"wp:featuredmedia":[{"embeddable":true,"href":"https:\/\/gpdstore.net\/hu\/wp-json\/wp\/v2\/media\/111931"}],"wp:attachment":[{"href":"https:\/\/gpdstore.net\/hu\/wp-json\/wp\/v2\/media?parent=111794"}],"wp:term":[{"taxonomy":"product_brand","embeddable":true,"href":"https:\/\/gpdstore.net\/hu\/wp-json\/wp\/v2\/product_brand?post=111794"},{"taxonomy":"product_cat","embeddable":true,"href":"https:\/\/gpdstore.net\/hu\/wp-json\/wp\/v2\/product_cat?post=111794"},{"taxonomy":"product_tag","embeddable":true,"href":"https:\/\/gpdstore.net\/hu\/wp-json\/wp\/v2\/product_tag?post=111794"},{"taxonomy":"woo-feed-brand","embeddable":true,"href":"https:\/\/gpdstore.net\/hu\/wp-json\/wp\/v2\/woo-feed-brand?post=111794"}],"curies":[{"name":"wp","href":"https:\/\/api.w.org\/{rel}","templated":true}]}}