{"id":1069307,"date":"2025-01-27T10:09:41","date_gmt":"2025-01-27T10:09:41","guid":{"rendered":"https:\/\/gpdstore.net\/?post_type=product&#038;p=1069307"},"modified":"2026-03-29T00:51:44","modified_gmt":"2026-03-29T00:51:44","slug":"gpd-win-mini-grips-2025","status":"publish","type":"product","link":"https:\/\/gpdstore.net\/hu\/product\/gpd-win-mini-grips-2025\/","title":{"rendered":"GPD WIN Mini markolatok 2025"},"content":{"rendered":"\n<h2 class=\"wp-block-heading\">Term\u00e9k \u00e1ttekint\u00e9se:<\/h2>\n\n<p>A <strong>GPD Win Mini Grips 2025<\/strong> \u00fagy lett kialak\u00edtva, hogy fokozott k\u00e9nyelmet \u00e9s kontrollt biztos\u00edtson a j\u00e1t\u00e9k sor\u00e1n. Ezek az ergonomikus markolatok z\u00f6kken\u0151mentesen csatlakoznak a GPD Win Mini j\u00e1t\u00e9kg\u00e9phez, biztons\u00e1gos \u00e9s k\u00e9nyelmes tart\u00e1st biztos\u00edtanak, cs\u00f6kkentik a f\u00e1radts\u00e1got, \u00e9s prec\u00edz ir\u00e1ny\u00edt\u00e1st biztos\u00edtanak a hosszabb j\u00e1t\u00e9k sor\u00e1n. <\/p>\n\n<ol class=\"wp-block-list\">\n<li><strong>Ergonomikus kialak\u00edt\u00e1s<\/strong> a maxim\u00e1lis k\u00e9nyelem\u00e9rt j\u00e1t\u00e9k k\u00f6zben.<\/li>\n\n\n\n<li><strong>T\u00f6k\u00e9letesen illeszkedik<\/strong> a GPD Win Mini konzolhoz.<\/li>\n\n\n\n<li>Tart\u00f3s anyag a <strong>hossz\u00fa t\u00e1v\u00fa haszn\u00e1lathoz<\/strong>.<\/li>\n\n\n\n<li>K\u00f6nnyen r\u00f6gz\u00edthet\u0151 \u00e9s elt\u00e1vol\u00edthat\u00f3 a <strong>gyors be\u00e1ll\u00edt\u00e1s<\/strong> \u00e9rdek\u00e9ben.<\/li>\n\n\n\n<li>Tov\u00e1bbfejlesztett markolat a <strong>jobb ir\u00e1ny\u00edt\u00e1s \u00e9s pontoss\u00e1g<\/strong> \u00e9rdek\u00e9ben.<\/li>\n<\/ol>\n\n<hr class=\"wp-block-separator has-alpha-channel-opacity\"\/>\n\n<h2 class=\"wp-block-heading\">Mi\u00e9rt v\u00e1lassza a GPD Win Mini Grips 2025-\u00f6t?<\/h2>\n\n<p>Ak\u00e1r intenz\u00edv t\u00f6bbj\u00e1t\u00e9kos meccseken k\u00fczdesz, ak\u00e1r hossz\u00fa egyj\u00e1t\u00e9kos kamp\u00e1nyokat \u00e9lvezel, a GPD Win Mini Grips 2025 sokkal mag\u00e1val ragad\u00f3bb \u00e9s k\u00e9nyelmesebb j\u00e1t\u00e9k\u00e9lm\u00e9nyt ny\u00fajt. Ergonomikus kialak\u00edt\u00e1suk \u00e9s biztons\u00e1gos illeszked\u00e9s\u00fck biztos\u00edtja, hogy \u00f3r\u00e1kon \u00e1t j\u00e1tszhasson k\u00e9nyelmetlens\u00e9g vagy cs\u00fasz\u00e1s n\u00e9lk\u00fcl.<\/p>\n\n<hr class=\"wp-block-separator has-alpha-channel-opacity\"\/>\n\n<h2 class=\"wp-block-heading\">Specifik\u00e1ci\u00f3k:<\/h2>\n\n<ul class=\"wp-block-list\">\n<li><strong>Anyag:<\/strong> Tart\u00f3s m\u0171anyag, ergonomikus text\u00far\u00e1zott fel\u00fclettel<\/li>\n\n\n\n<li><strong>Kompatibilit\u00e1s:<\/strong> Konzol: GPD Win Mini 2025<\/li>\n\n\n\n<li><strong>Jellemz\u0151k:<\/strong> K\u00f6nny\u0171, tart\u00f3s \u00e9s k\u00f6nnyen r\u00f6gz\u00edthet\u0151<\/li>\n<\/ul>\n\n<p>Friss\u00edtsd fel GPD Win Minidet ezekkel a markolatokkal a k\u00e9nyelmes \u00e9s prec\u00edz j\u00e1t\u00e9k\u00e9lm\u00e9ny\u00e9rt &#8211; mert minden mozdulat sz\u00e1m\u00edt!<\/p>\n\n<p><\/p>\n","protected":false},"excerpt":{"rendered":"<ul>\n<li><strong>Ergonomikus kialak\u00edt\u00e1s<\/strong> a maxim\u00e1lis k\u00e9nyelem\u00e9rt j\u00e1t\u00e9k k\u00f6zben.<\/li>\n<li><strong>T\u00f6k\u00e9letesen illeszkedik<\/strong> a GPD Win Mini konzolhoz.<\/li>\n<li>Tart\u00f3s anyag a <strong>hossz\u00fa t\u00e1v\u00fa haszn\u00e1lathoz<\/strong>.<\/li>\n<li>K\u00f6nnyen r\u00f6gz\u00edthet\u0151 \u00e9s elt\u00e1vol\u00edthat\u00f3 a <strong>gyors be\u00e1ll\u00edt\u00e1s<\/strong> \u00e9rdek\u00e9ben.<\/li>\n<li>Tov\u00e1bbfejlesztett markolat a <strong>jobb ir\u00e1ny\u00edt\u00e1s \u00e9s pontoss\u00e1g<\/strong> \u00e9rdek\u00e9ben.<\/li>\n<\/ul>\n[cg_accordion title=\"FIZET\u00c9SI INFORM\u00c1CI\u00d3K\"]<\/p>\n<p>A leg\u00fajabb technol\u00f3gi\u00e1t haszn\u00e1ljuk a fizet\u00e9si folyamatok feldolgoz\u00e1s\u00e1ban, amely lehet\u0151v\u00e9 teszi, hogy a gyors \u00e9s biztons\u00e1gos fizet\u00e9s \u00e9rdek\u00e9ben bankk\u00e1rty\u00e1val\/hitelk\u00e1rty\u00e1val vagy PayPal-lal fizessen.[\/cg_accordion]\n[cg_accordion title=\"GARANCIA\"]<\/p>\n<p>2 \u00e9v garancia a <a href=\"https:\/\/droix.net\/\" target=\"_blank\" rel=\"nofollow noopener\">DROIX Global- t\u00f3l az \u00d6n nyugalma \u00e9rdek\u00e9ben<\/a> [\/cg_accordion]\n[cg_accordion title=\"MIN\u0150S\u00c9GBIZTOS\u00cdT\u00c1S \u00c9S SZ\u00c1LL\u00cdT\u00c1S EL\u0150TTI TESZTEL\u00c9S\"]<\/p>\n<p>A legmagasabb sz\u00ednvonal\u00fa \u00fcgyf\u00e9l-el\u00e9gedetts\u00e9g biztos\u00edt\u00e1sa: Minden k\u00e9sz\u00fcl\u00e9ket szigor\u00fa tesztel\u00e9snek \u00e9s t\u00f6bbpontos min\u0151s\u00e9gbiztos\u00edt\u00e1si ellen\u0151rz\u00e9snek vetnek al\u00e1, miel\u0151tt kisz\u00e1ll\u00edt\u00e1sra ker\u00fcl. Elk\u00f6telezett csapatunk ellen\u0151rzi a teljes\u00edtm\u00e9nyt, a funkcionalit\u00e1st \u00e9s az alkatr\u00e9szek \u00e9ps\u00e9g\u00e9t, hogy garant\u00e1ljuk, hogy a GPD k\u00e9sz\u00fcl\u00e9k meg\u00e9rkez\u00e9sekor t\u00f6k\u00e9letes m\u0171k\u00f6d\u00e9si \u00e1llapotban van, \u00edgy biztos\u00edtva \u00d6nnek a bizalmat \u00e9s a nyugalmat. [\/cg_accordion]\n[cg_accordion title=\"\u00c1RK\u00c9PZ\u00c9S, AD\u00d3K \u00c9S SZ\u00c1LL\u00cdT\u00c1S\"]<\/p>\n<p><strong><u>Megjegyz\u00e9s:<\/u><\/strong><\/p>\n<ul>\n<li>Egyes\u00fclt \u00c1llamok \u00dcgyfelek: A felt\u00fcntetett \u00e1r NEM tartalmazza az ad\u00f3t \u00e9s a v\u00e1mokat. A v\u00e1mkezel\u00e9s \u00e9s a kapcsol\u00f3d\u00f3 ad\u00f3k\/v\u00e1mok megfizet\u00e9se az \u00fcgyfelet terheli. <\/li>\n<li>EU-s \u00fcgyfelek: A felt\u00fcntetett \u00e1r tartalmazza az alkalmazand\u00f3 ad\u00f3t, amely az \u00d6n orsz\u00e1g\u00e1t\u00f3l f\u00fcgg\u0151en ak\u00e1r 25% is lehet.<\/li>\n<li>Kanadai \u00fcgyfelek: A felt\u00fcntetett \u00e1r tartalmazza az alkalmazand\u00f3 ad\u00f3kat, amelyek az \u00d6n tartom\u00e1ny\u00e1t\u00f3l f\u00fcgg\u0151en tartalmazhatj\u00e1k az 5%-os GST-t \u00e9s tov\u00e1bbi tartom\u00e1nyi forgalmi ad\u00f3kat (PST), harmoniz\u00e1lt forgalmi ad\u00f3t (HST) vagy qu\u00e9beci forgalmi ad\u00f3t (QST).<\/li>\n<\/ul>\n<p>USA-beli \u00fcgyfeleink sz\u00e1m\u00e1ra: DAP (Delivered At Place). B\u00e1r az \u00fcgyfelek felel\u0151sek az alkalmazand\u00f3 tarif\u00e1k megfizet\u00e9s\u00e9\u00e9rt, mi az Egyes\u00fclt Kir\u00e1lys\u00e1gb\u00f3l t\u00f6rt\u00e9n\u0151 sz\u00e1ll\u00edt\u00e1sban szerzett sz\u00e9lesk\u00f6r\u0171 tapasztalatainkra t\u00e1maszkodva biztos\u00edtjuk, hogy a lehet\u0151 legkevesebb d\u00edjat kelljen fizetnie. Nyilv\u00e1ntart\u00e1sunk alapj\u00e1n ezek a d\u00edjak \u00e1ltal\u00e1ban nem haladj\u00e1k meg a term\u00e9k \u00e9rt\u00e9k\u00e9nek 10%-\u00e1t.  <\/p>\n<p><strong>CSAK EU-s \u00fcgyfelek sz\u00e1m\u00e1ra:<\/strong> Express DDP (Delivered Duty Paid). Ez azt jelenti: <\/p>\n<ul>\n<li>A term\u00e9koldalon felt\u00fcntetett \u00e1r tartalmazza az \u00f6sszes v\u00e1mot \u00e9s ad\u00f3t.<\/li>\n<li>A k\u00e9zbes\u00edt\u00e9skor nem kell tov\u00e1bbi d\u00edjakat fizetnie.<\/li>\n<li>Abban a ritka esetben, ha a v\u00e1mkezel\u00e9ssel kapcsolatos probl\u00e9m\u00e1k mer\u00fclnek fel, csapatunk az \u00d6n nev\u00e9ben elv\u00e9gzi a v\u00e1mkezel\u00e9si folyamatot, hogy biztos\u00edtsa a z\u00f6kken\u0151mentes sz\u00e1ll\u00edt\u00e1st.<\/li>\n<p>Fontos inform\u00e1ci\u00f3k a visszak\u00fcld\u00e9sr\u0151l:<\/p>\n<li>Ha \u00fagy d\u00f6nt, hogy visszak\u00fcldi megrendel\u00e9s\u00e9t vagy visszat\u00e9r\u00edt\u00e9st k\u00e9r, k\u00e9rj\u00fck, vegye figyelembe, hogy az \u00d6n nev\u00e9ben a DDP felt\u00e9telei szerint kifizetett ad\u00f3k \u00e9s v\u00e1mok nem t\u00e9r\u00edthet\u0151k vissza.<\/li>\n<p>R\u00e9szletes <a href=\"https:\/\/droix.net\/terms-and-conditions\/\" target=\"_blank\" rel=\"nofollow noopener\">inform\u00e1ci\u00f3k\u00e9rt k\u00e9rj\u00fck, olvassa el a Felhaszn\u00e1l\u00e1si Felt\u00e9teleinket<\/a>.\n<\/ul>\n<p>[\/cg_accordion]\n[cg_accordion title=\"\u00dcGYF\u00c9LSZOLG\u00c1LAT\"]<\/p>\n<p>K\u00e9rd\u00e9se van? Egy r\u00f6vid sz\u00f6veges \u00fczenetben m\u00e1ris megoldjuk a probl\u00e9m\u00e1j\u00e1t! <\/p>\n<p>R\u00e9szletes <a href=\"https:\/\/gpdstore.net\/hu\/terms-of-service\/\" target=\"_blank\" rel=\"nofollow noopener\">inform\u00e1ci\u00f3k\u00e9rt k\u00e9rj\u00fck, olvassa el a Felhaszn\u00e1l\u00e1si Felt\u00e9teleinket<\/a>.\n<\/ul>\n<p>[\/cg_accordion]\n[cg_accordion title=\"MIT TARTALMAZ\"]<\/p>\n<ul>\n<li>1x GPD WIN Mini markolat 2025<\/li>\n<\/ul>\n<p>[\/cg_accordion]\n","protected":false},"featured_media":1069340,"template":"","meta":{"_acf_changed":false},"product_brand":[],"product_cat":[5408],"product_tag":[],"woo-feed-brand":[5662],"class_list":{"0":"post-1069307","1":"product","2":"type-product","3":"status-publish","4":"has-post-thumbnail","6":"product_cat-tartozekok","7":"product_shipping_class-low-end","8":"pa_accessory-type-fogas","9":"pa_brand-gpd","10":"woo-feed-brand-gpd-hu","12":"first","13":"instock","14":"sale","15":"taxable","16":"shipping-taxable","17":"purchasable","18":"product-type-simple"},"acf":[],"aioseo_notices":[],"_links":{"self":[{"href":"https:\/\/gpdstore.net\/hu\/wp-json\/wp\/v2\/product\/1069307","targetHints":{"allow":["GET"]}}],"collection":[{"href":"https:\/\/gpdstore.net\/hu\/wp-json\/wp\/v2\/product"}],"about":[{"href":"https:\/\/gpdstore.net\/hu\/wp-json\/wp\/v2\/types\/product"}],"wp:featuredmedia":[{"embeddable":true,"href":"https:\/\/gpdstore.net\/hu\/wp-json\/wp\/v2\/media\/1069340"}],"wp:attachment":[{"href":"https:\/\/gpdstore.net\/hu\/wp-json\/wp\/v2\/media?parent=1069307"}],"wp:term":[{"taxonomy":"product_brand","embeddable":true,"href":"https:\/\/gpdstore.net\/hu\/wp-json\/wp\/v2\/product_brand?post=1069307"},{"taxonomy":"product_cat","embeddable":true,"href":"https:\/\/gpdstore.net\/hu\/wp-json\/wp\/v2\/product_cat?post=1069307"},{"taxonomy":"product_tag","embeddable":true,"href":"https:\/\/gpdstore.net\/hu\/wp-json\/wp\/v2\/product_tag?post=1069307"},{"taxonomy":"woo-feed-brand","embeddable":true,"href":"https:\/\/gpdstore.net\/hu\/wp-json\/wp\/v2\/woo-feed-brand?post=1069307"}],"curies":[{"name":"wp","href":"https:\/\/api.w.org\/{rel}","templated":true}]}}