{"id":1062073,"date":"2025-01-09T09:45:24","date_gmt":"2025-01-09T09:45:24","guid":{"rendered":"https:\/\/gpdstore.net\/?post_type=product&#038;p=1062073"},"modified":"2026-03-29T00:40:03","modified_gmt":"2026-03-29T00:40:03","slug":"gpd-win-max-2-2025-4g-lte-add-on","status":"publish","type":"product","link":"https:\/\/gpdstore.net\/hu\/product\/gpd-win-max-2-2025-4g-lte-add-on\/","title":{"rendered":"GPD WIN MAX 2025 4G LTE kieg\u00e9sz\u00edt\u0151"},"content":{"rendered":"\n<h2 class=\"wp-block-heading\">Tapasztalja meg a val\u00f3di hordozhat\u00f3s\u00e1got a GPD WIN MAX 2 (2025) 4G LTE modul kieg\u00e9sz\u00edt\u0151vel a GPD WIN MAX 2 k\u00e9sz\u00fcl\u00e9khez.<\/h2>\n\n<p>Az opcion\u00e1lis 4G LTE modullal a <a href=\"https:\/\/gpdstore.net\/gpd-win-max-2-2025-review\/gpd-win-max-2-2025\/\" target=\"_blank\" rel=\"noreferrer noopener\">GPD WIN MAX 2 (2025) k\u00e9sz\u00fcl\u00e9ket a v\u00e9gs\u0151 hordozhat\u00f3 j\u00e1t\u00e9k- \u00e9s termel\u00e9kenys\u00e9gi er\u0151m\u0171v\u00e9<\/a> alak\u00edthatja. A kiz\u00e1r\u00f3lag ehhez a k\u00e9sz\u00fcl\u00e9khez tervezett modul z\u00f6kken\u0151mentes csatlakoz\u00e1st biztos\u00edt, \u00edgy b\u00e1rhol \u00e9s b\u00e1rmikor online maradhatsz. <\/p>\n\n<p>A precizit\u00e1st \u00e9s a k\u00f6nny\u0171 haszn\u00e1latot szem el\u0151tt tartva tervezett modul a h\u00e1l\u00f3zatok sz\u00e9les sk\u00e1l\u00e1j\u00e1t t\u00e1mogatja, bele\u00e9rtve a <strong>4G TD-LTE, FDD-LTE \u00e9s 3G CDMA<\/strong> h\u00e1l\u00f3zatokat, p\u00e1ratlan sokoldal\u00fas\u00e1got k\u00edn\u00e1lva a glob\u00e1lis kompatibilit\u00e1s \u00e9rdek\u00e9ben. Nincs sz\u00fcks\u00e9g sz\u00e9tszerel\u00e9sre vagy bonyolult telep\u00edt\u00e9sre &#8211; a h\u00e1tulr\u00f3l ny\u00edl\u00f3 4G modulhely gyors \u00e9s egyszer\u0171 telep\u00edt\u00e9st tesz lehet\u0151v\u00e9. <\/p>\n\n<p>Ak\u00e1r j\u00e1t\u00e9k, ak\u00e1r munka vagy streaming, a 4G LTE modul stabil, nagy sebess\u00e9g\u0171 teljes\u00edtm\u00e9nyt ny\u00fajt, amely vetekszik a mainstream laptopokkal. Ezzel a n\u00e9lk\u00fcl\u00f6zhetetlen kieg\u00e9sz\u00edt\u0151vel zavartalanul \u00e9lvezheti a j\u00e1t\u00e9kot \u00e9s a termel\u00e9kenys\u00e9get, m\u00e9g \u00f6sszetett forgat\u00f3k\u00f6nyvek eset\u00e9n vagy \u00fatk\u00f6zben is.<\/p>\n\n<h4 class=\"wp-block-heading\">Jellemz\u0151k:<\/h4>\n\n<ul class=\"wp-block-list\">\n<li><strong>C\u00e9lir\u00e1nyos kialak\u00edt\u00e1s:<\/strong> Kiz\u00e1r\u00f3lag a GPD WIN MAX 2 (2025) sz\u00e1m\u00e1ra k\u00e9sz\u00fclt a t\u00f6k\u00e9letes illeszked\u00e9s \u00e9s a z\u00f6kken\u0151mentes funkcionalit\u00e1s biztos\u00edt\u00e1sa \u00e9rdek\u00e9ben.<\/li>\n\n\n\n<li><strong>Megb\u00edzhat\u00f3 kapcsolat<\/strong>: Ide\u00e1lis j\u00e1t\u00e9khoz, streaminghez \u00e9s munk\u00e1hoz.<\/li>\n\n\n\n<li><strong>Glob\u00e1lis h\u00e1l\u00f3zati t\u00e1mogat\u00e1s<\/strong>: Kompatibilis a 4G TD-LTE, FDD-LTE \u00e9s 3G CDMA h\u00e1l\u00f3zatokkal a vil\u00e1gm\u00e9ret\u0171 haszn\u00e1lathoz.<\/li>\n\n\n\n<li><strong>K\u00f6nny\u0171 telep\u00edt\u00e9s<\/strong>: Gyors \u00e9s biztons\u00e1gos telep\u00edt\u00e9s a h\u00e1tulr\u00f3l ny\u00edl\u00f3 4G modulhelyen kereszt\u00fcl.<\/li>\n<\/ul>\n\n<h4 class=\"wp-block-heading\">K\u00f6zlem\u00e9nyek:<\/h4>\n\n<ol class=\"wp-block-list\">\n<li>Ez a tartoz\u00e9k <strong>nem kompatibilis<\/strong> a GPD WIN Max sorozat kor\u00e1bbi modelljeivel, bele\u00e9rtve a <strong>2024, 2023 \u00e9s 2021 v\u00e1ltozatokat<\/strong>. Kiz\u00e1r\u00f3lag a <strong>GPD WIN Max 2 (2025<\/strong>) modellhez k\u00e9sz\u00fclt. <\/li>\n\n\n\n<li>K\u00e9rj\u00fck, v\u00e1s\u00e1rl\u00e1s el\u0151tt ellen\u0151rizze a k\u00e9sz\u00fcl\u00e9k modell\u00e9v\u00e9t a kompatibilit\u00e1s biztos\u00edt\u00e1sa \u00e9rdek\u00e9ben.<\/li>\n<\/ol>\n","protected":false},"excerpt":{"rendered":"<ul>\n<li>Kifejezetten a GPD WIN MAX 2 (2025) k\u00e9sz\u00fcl\u00e9khez tervezt\u00e9k.<\/li>\n<li>T\u00e1mogat\u00e1s &#8211; 4G TD-LTE, FDD-LTE, 3G CDMA.<\/li>\n<li>4G TD-LTE, FDD-LTE \u00e9s 3G CDMA t\u00e1mogat\u00e1s<\/li>\n<li>Nano-SIM foglalat az egyszer\u0171 haszn\u00e1lathoz<\/li>\n<li>Quectel EG25-G modell<\/li>\n<\/ul>\n<pre><b>FONTOS<\/b>\nA TELEP\u00cdT\u00c9SHEZ A K\u00c9SZ\u00dcL\u00c9K MEGNYIT\u00c1SA SZ\u00dcKS\u00c9GES\nAZ ALKATR\u00c9SZEK KICSIK \u00c9S \u00c9RZ\u00c9KENYEK\nNEM VAGYUNK FELEL\u0150SEK A V\u00c1S\u00c1RL\u00d3I K\u00c1ROK\u00c9RT<\/pre>\n[cg_accordion title=\"FIZET\u00c9SI INFORM\u00c1CI\u00d3K\"]<\/p>\n<p>A leg\u00fajabb technol\u00f3gi\u00e1t haszn\u00e1ljuk a fizet\u00e9si folyamatok feldolgoz\u00e1s\u00e1ban, amely lehet\u0151v\u00e9 teszi, hogy a gyors \u00e9s biztons\u00e1gos fizet\u00e9s \u00e9rdek\u00e9ben bankk\u00e1rty\u00e1val\/hitelk\u00e1rty\u00e1val vagy PayPal-lal fizessen.[\/cg_accordion]\n[cg_accordion title=\"GARANCIA\"]<\/p>\n<p>2 \u00e9v garancia a <a href=\"https:\/\/droix.net\/\" target=\"_blank\" rel=\"nofollow noopener\">DROIX Global- t\u00f3l az \u00d6n nyugalma \u00e9rdek\u00e9ben<\/a> [\/cg_accordion]\n[cg_accordion title=\"MIN\u0150S\u00c9GBIZTOS\u00cdT\u00c1S \u00c9S SZ\u00c1LL\u00cdT\u00c1S EL\u0150TTI TESZTEL\u00c9S\"]<\/p>\n<p>A legmagasabb sz\u00ednvonal\u00fa \u00fcgyf\u00e9l-el\u00e9gedetts\u00e9g biztos\u00edt\u00e1sa: Minden k\u00e9sz\u00fcl\u00e9ket szigor\u00fa tesztel\u00e9snek \u00e9s t\u00f6bbpontos min\u0151s\u00e9gbiztos\u00edt\u00e1si ellen\u0151rz\u00e9snek vetnek al\u00e1, miel\u0151tt kisz\u00e1ll\u00edt\u00e1sra ker\u00fcl. Elk\u00f6telezett csapatunk ellen\u0151rzi a teljes\u00edtm\u00e9nyt, a funkcionalit\u00e1st \u00e9s az alkatr\u00e9szek \u00e9ps\u00e9g\u00e9t, hogy garant\u00e1ljuk, hogy a GPD k\u00e9sz\u00fcl\u00e9k meg\u00e9rkez\u00e9sekor t\u00f6k\u00e9letes m\u0171k\u00f6d\u00e9si \u00e1llapotban van, \u00edgy biztos\u00edtva \u00d6nnek a bizalmat \u00e9s a nyugalmat. [\/cg_accordion]\n[cg_accordion title=\"\u00c1RK\u00c9PZ\u00c9S, AD\u00d3K \u00c9S SZ\u00c1LL\u00cdT\u00c1S\"]<\/p>\n<p><strong><u>Megjegyz\u00e9s:<\/u><\/strong><\/p>\n<ul>\n<li>Egyes\u00fclt \u00c1llamok \u00dcgyfelek: A felt\u00fcntetett \u00e1r NEM tartalmazza az ad\u00f3t \u00e9s a v\u00e1mokat. A v\u00e1mkezel\u00e9s \u00e9s a kapcsol\u00f3d\u00f3 ad\u00f3k\/v\u00e1mok megfizet\u00e9se az \u00fcgyfelet terheli. <\/li>\n<li>EU-s \u00fcgyfelek: A felt\u00fcntetett \u00e1r tartalmazza az alkalmazand\u00f3 ad\u00f3t, amely az \u00d6n orsz\u00e1g\u00e1t\u00f3l f\u00fcgg\u0151en ak\u00e1r 25% is lehet.<\/li>\n<li>Kanadai \u00fcgyfelek: A felt\u00fcntetett \u00e1r tartalmazza az alkalmazand\u00f3 ad\u00f3kat, amelyek az \u00d6n tartom\u00e1ny\u00e1t\u00f3l f\u00fcgg\u0151en tartalmazhatj\u00e1k az 5%-os GST-t \u00e9s tov\u00e1bbi tartom\u00e1nyi forgalmi ad\u00f3kat (PST), harmoniz\u00e1lt forgalmi ad\u00f3t (HST) vagy qu\u00e9beci forgalmi ad\u00f3t (QST).<\/li>\n<\/ul>\n<p>USA-beli \u00fcgyfeleink sz\u00e1m\u00e1ra: DAP (Delivered At Place). B\u00e1r az \u00fcgyfelek felel\u0151sek az alkalmazand\u00f3 tarif\u00e1k megfizet\u00e9s\u00e9\u00e9rt, mi az Egyes\u00fclt Kir\u00e1lys\u00e1gb\u00f3l t\u00f6rt\u00e9n\u0151 sz\u00e1ll\u00edt\u00e1sban szerzett sz\u00e9lesk\u00f6r\u0171 tapasztalatainkra t\u00e1maszkodva biztos\u00edtjuk, hogy a lehet\u0151 legkevesebb d\u00edjat kelljen fizetnie. Nyilv\u00e1ntart\u00e1sunk alapj\u00e1n ezek a d\u00edjak \u00e1ltal\u00e1ban nem haladj\u00e1k meg a term\u00e9k \u00e9rt\u00e9k\u00e9nek 10%-\u00e1t.  <\/p>\n<p><strong>CSAK EU-s \u00fcgyfelek sz\u00e1m\u00e1ra:<\/strong> Express DDP (Delivered Duty Paid). Ez azt jelenti: <\/p>\n<ul>\n<li>A term\u00e9koldalon felt\u00fcntetett \u00e1r tartalmazza az \u00f6sszes v\u00e1mot \u00e9s ad\u00f3t.<\/li>\n<li>A k\u00e9zbes\u00edt\u00e9skor nem kell tov\u00e1bbi d\u00edjakat fizetnie.<\/li>\n<li>Abban a ritka esetben, ha a v\u00e1mkezel\u00e9ssel kapcsolatos probl\u00e9m\u00e1k mer\u00fclnek fel, csapatunk az \u00d6n nev\u00e9ben elv\u00e9gzi a v\u00e1mkezel\u00e9si folyamatot, hogy biztos\u00edtsa a z\u00f6kken\u0151mentes sz\u00e1ll\u00edt\u00e1st.<\/li>\n<p>Fontos inform\u00e1ci\u00f3k a visszak\u00fcld\u00e9sr\u0151l:<\/p>\n<li>Ha \u00fagy d\u00f6nt, hogy visszak\u00fcldi megrendel\u00e9s\u00e9t vagy visszat\u00e9r\u00edt\u00e9st k\u00e9r, k\u00e9rj\u00fck, vegye figyelembe, hogy az \u00d6n nev\u00e9ben a DDP felt\u00e9telei szerint kifizetett ad\u00f3k \u00e9s v\u00e1mok nem t\u00e9r\u00edthet\u0151k vissza.<\/li>\n<p>R\u00e9szletes <a href=\"https:\/\/droix.net\/terms-and-conditions\/\" target=\"_blank\" rel=\"nofollow noopener\">inform\u00e1ci\u00f3k\u00e9rt k\u00e9rj\u00fck, olvassa el a Felhaszn\u00e1l\u00e1si Felt\u00e9teleinket<\/a>.\n<\/ul>\n<p>[\/cg_accordion]\n[cg_accordion title=\"\u00dcGYF\u00c9LSZOLG\u00c1LAT\"]<\/p>\n<p>K\u00e9rd\u00e9se van? Egy r\u00f6vid sz\u00f6veges \u00fczenetben m\u00e1ris megoldjuk a probl\u00e9m\u00e1j\u00e1t! <\/p>\n<p>R\u00e9szletes <a href=\"https:\/\/gpdstore.net\/hu\/terms-of-service\/\" target=\"_blank\" rel=\"nofollow noopener\">inform\u00e1ci\u00f3k\u00e9rt k\u00e9rj\u00fck, olvassa el a Felhaszn\u00e1l\u00e1si Felt\u00e9teleinket<\/a>.\n<\/ul>\n<p>[\/cg_accordion]\n[cg_accordion title=\"MIT TARTALMAZ\"]<\/p>\n<ul>\n<li>1x GPD WIN MAX 2 2025 LTE modul<\/li>\n<\/ul>\n<p>[\/cg_accordion]\n","protected":false},"featured_media":111931,"template":"","meta":{"_acf_changed":false},"product_brand":[],"product_cat":[5408],"product_tag":[15808,6117],"woo-feed-brand":[],"class_list":{"0":"post-1062073","1":"product","2":"type-product","3":"status-publish","4":"has-post-thumbnail","6":"product_cat-tartozekok","7":"product_tag-20xmsale-hu-2","8":"product_tag-gpd-wm2-kiegeszito","9":"product_shipping_class-low-end","11":"pa_accessory-type-add-ons-hu","12":"pa_brand-gpd","14":"first","15":"instock","16":"sale","17":"taxable","18":"shipping-taxable","19":"purchasable","20":"product-type-simple"},"acf":[],"aioseo_notices":[],"_links":{"self":[{"href":"https:\/\/gpdstore.net\/hu\/wp-json\/wp\/v2\/product\/1062073","targetHints":{"allow":["GET"]}}],"collection":[{"href":"https:\/\/gpdstore.net\/hu\/wp-json\/wp\/v2\/product"}],"about":[{"href":"https:\/\/gpdstore.net\/hu\/wp-json\/wp\/v2\/types\/product"}],"wp:featuredmedia":[{"embeddable":true,"href":"https:\/\/gpdstore.net\/hu\/wp-json\/wp\/v2\/media\/111931"}],"wp:attachment":[{"href":"https:\/\/gpdstore.net\/hu\/wp-json\/wp\/v2\/media?parent=1062073"}],"wp:term":[{"taxonomy":"product_brand","embeddable":true,"href":"https:\/\/gpdstore.net\/hu\/wp-json\/wp\/v2\/product_brand?post=1062073"},{"taxonomy":"product_cat","embeddable":true,"href":"https:\/\/gpdstore.net\/hu\/wp-json\/wp\/v2\/product_cat?post=1062073"},{"taxonomy":"product_tag","embeddable":true,"href":"https:\/\/gpdstore.net\/hu\/wp-json\/wp\/v2\/product_tag?post=1062073"},{"taxonomy":"woo-feed-brand","embeddable":true,"href":"https:\/\/gpdstore.net\/hu\/wp-json\/wp\/v2\/woo-feed-brand?post=1062073"}],"curies":[{"name":"wp","href":"https:\/\/api.w.org\/{rel}","templated":true}]}}