{"id":1059876,"date":"2025-01-03T15:47:35","date_gmt":"2025-01-03T15:47:35","guid":{"rendered":"https:\/\/gpdstore.net\/?post_type=product&#038;p=1059876"},"modified":"2026-01-23T10:36:47","modified_gmt":"2026-01-23T10:36:47","slug":"universal-stylus-pen-for-gpd","status":"publish","type":"product","link":"https:\/\/gpdstore.net\/hu\/product\/universal-stylus-pen-for-gpd\/","title":{"rendered":"Univerz\u00e1lis kapacit\u00edv toll a GPD-hez"},"content":{"rendered":"\n<h2 class=\"wp-block-heading\"><strong>Engedje szabadj\u00e1ra kreativit\u00e1s\u00e1t a GPD univerz\u00e1lis kapacit\u00edv tollal<\/strong><\/h2>\n\n<p>A precizit\u00e1sra, teljes\u00edtm\u00e9nyre \u00e9s a kedvenc eszk\u00f6zeivel val\u00f3 z\u00f6kken\u0151mentes kompatibilit\u00e1sra tervezett, fejlett kapacit\u00edv toll t\u00f6k\u00e9letes eszk\u00f6z a v\u00e1zlatk\u00e9sz\u00edt\u00e9shez, \u00edr\u00e1shoz vagy navig\u00e1l\u00e1shoz &#8211; ide\u00e1lis alkalmi \u00e9s professzion\u00e1lis haszn\u00e1latra egyar\u00e1nt.<\/p>\n\n<hr class=\"wp-block-separator has-alpha-channel-opacity\"\/>\n\n<h3 class=\"wp-block-heading\"><strong>Kulcsfontoss\u00e1g\u00fa jellemz\u0151k:<\/strong> <\/h3>\n\n<p><strong>1. Nincs sz\u00fcks\u00e9g p\u00e1ros\u00edt\u00e1sra<\/strong><br\/>Kezdje el azonnal! A kapacit\u00edv indukci\u00f3s kapcsol\u00f3nak k\u00f6sz\u00f6nhet\u0151en a bekapcsol\u00e1shoz egyszer\u0171en dupla \u00e9rint\u00e9ssel kapcsolja be &#8211; nincs sz\u00fcks\u00e9g bonyolult p\u00e1ros\u00edt\u00e1si folyamatra. <\/p>\n\n<p><strong>2. Ultrapontos \u00e9s k\u00e9sleltet\u00e9smentes<\/strong> <br\/>Tapasztalja meg a sima, pontos \u00fct\u00e9seket a nagy sebess\u00e9g\u0171 \u00e9s minim\u00e1lis k\u00e9sleltet\u00e9st biztos\u00edt\u00f3, testre szabott m\u0171holdas jelantenn\u00e1nak k\u00f6sz\u00f6nhet\u0151en.<\/p>\n\n<p><strong>3. Univerz\u00e1lis kompatibilit\u00e1s<\/strong><br\/>Z\u00f6kken\u0151mentesen m\u0171k\u00f6dik minden kapacit\u00edv \u00e9rint\u0151k\u00e9perny\u0151s eszk\u00f6zzel, bele\u00e9rtve a GPD k\u00e9zisz\u00e1m\u00edt\u00f3g\u00e9peket, t\u00e1blag\u00e9peket, okostelefonokat \u00e9s egy\u00e9b eszk\u00f6z\u00f6ket, t\u00e1mogatva az iOS, Android \u00e9s Windows oper\u00e1ci\u00f3s rendszereket.<\/p>\n\n<p><strong>4. Hossz\u00fa \u00e9lettartam\u00fa akkumul\u00e1tor<\/strong><br\/>\u00c9lvezze a megszak\u00edt\u00e1s n\u00e9lk\u00fcli kreativit\u00e1st az akkumul\u00e1tor jelz\u0151f\u00e9ny\u00e9vel \u00e9s a hat\u00e9kony Type-C t\u00f6lt\u00e9ssel a hosszabb haszn\u00e1lati id\u0151 \u00e9rdek\u00e9ben.<\/p>\n\n<p><strong>5. Karcs\u00fa, k\u00f6nny\u0171 kialak\u00edt\u00e1s<\/strong><br\/>A karcs\u00fa, ergonomikus kialak\u00edt\u00e1s k\u00e9nyelmes haszn\u00e1latot biztos\u00edt, ak\u00e1r bonyolult terveket rajzol, ak\u00e1r gyors jegyzeteket jegyzetel.<\/p>\n\n<hr class=\"wp-block-separator has-alpha-channel-opacity\"\/>\n\n<h3 class=\"wp-block-heading\"><strong>T\u00f6k\u00e9letes GPD k\u00e9sz\u00fcl\u00e9kekhez<\/strong><\/h3>\n\n<p>Ez a kifejezetten a GPD-felhaszn\u00e1l\u00f3k sz\u00e1m\u00e1ra tervezett kapacit\u00edv toll kieg\u00e9sz\u00edti a k\u00e9zi j\u00e1t\u00e9k PC-ket \u00e9s t\u00e1blag\u00e9peket, \u00edgy a termel\u00e9kenys\u00e9g \u00e9s a sz\u00f3rakoz\u00e1s elengedhetetlen tartoz\u00e9ka.<\/p>\n\n<hr class=\"wp-block-separator has-alpha-channel-opacity\"\/>\n\n<h3 class=\"wp-block-heading\"><strong>Mi\u00e9rt v\u00e1lassza a GPD univerz\u00e1lis kapacit\u00edv tollat?<\/strong><\/h3>\n\n<ul class=\"wp-block-list\">\n<li>Probl\u00e9mamentes be\u00e1ll\u00edt\u00e1s, p\u00e1ros\u00edt\u00e1s n\u00e9lk\u00fcl<\/li>\n\n\n\n<li>Nagy \u00e9rz\u00e9kenys\u00e9g a r\u00e9szletes munk\u00e1hoz \u00e9s a z\u00f6kken\u0151mentes m\u0171k\u00f6d\u00e9shez<\/li>\n\n\n\n<li>Univerz\u00e1lis kompatibilit\u00e1s a kapacit\u00edv \u00e9rint\u0151k\u00e9perny\u0151s eszk\u00f6z\u00f6k \u00e9s platformok k\u00f6z\u00f6tt<\/li>\n\n\n\n<li>Tart\u00f3s, k\u00f6nny\u0171 \u00e9s hordozhat\u00f3 az \u00fatk\u00f6zbeni haszn\u00e1lathoz<\/li>\n<\/ul>\n\n<p>Legyen sz\u00f3 kreat\u00edv szakemberr\u0151l, di\u00e1kr\u00f3l vagy a technol\u00f3gia szerelmes\u00e9r\u0151l, a GPD univerz\u00e1lis kapacit\u00edv toll a t\u00f6k\u00e9letes t\u00e1rsad az eszk\u00f6z\u00f6kkel val\u00f3 pontos \u00e9s k\u00f6nnyed interakci\u00f3hoz.<\/p>\n\n<p><strong>Rendelje meg a saj\u00e1tj\u00e1t m\u00e9g ma, \u00e9s emelje digit\u00e1lis \u00e9lm\u00e9ny\u00e9t!<\/strong><\/p>\n\n<hr class=\"wp-block-separator has-alpha-channel-opacity\"\/>\n","protected":false},"excerpt":{"rendered":"<ul>\n<li>Kompatibilis a <strong>GPD k\u00e9sz\u00fcl\u00e9kekkel<\/strong>, t\u00e1blag\u00e9pekkel \u00e9s okostelefonokkal<\/li>\n<li><strong>Nincs p\u00e1ros\u00edt\u00e1s<\/strong> &#8211; Egyszer\u0171 aktiv\u00e1l\u00e1s dupla \u00e9rint\u00e9ssel<\/li>\n<li>Eleg\u00e1ns \u00e9s <strong>ergonomikus<\/strong> kialak\u00edt\u00e1s<\/li>\n<li>Pontos \u00e9s <strong>k\u00e9sleltet\u00e9smentes<\/strong> teljes\u00edtm\u00e9ny<\/li>\n<li><strong>C-t\u00edpus\u00fa t\u00f6lt\u00e9ssel<\/strong> ell\u00e1tott akkumul\u00e1tor-jelz\u0151<\/li>\n<\/ul>\n[cg_accordion title=\"FIZET\u00c9SI INFORM\u00c1CI\u00d3K\"]<\/p>\n<p>A leg\u00fajabb technol\u00f3gi\u00e1t haszn\u00e1ljuk a fizet\u00e9si folyamatok feldolgoz\u00e1s\u00e1ban, amely lehet\u0151v\u00e9 teszi, hogy a gyors \u00e9s biztons\u00e1gos fizet\u00e9s \u00e9rdek\u00e9ben bankk\u00e1rty\u00e1val\/hitelk\u00e1rty\u00e1val vagy PayPal-lal fizessen.[\/cg_accordion]\n[cg_accordion title=\"GARANCIA\"]<\/p>\n<p>2 \u00e9v garancia a <a href=\"https:\/\/droix.net\/\" target=\"_blank\" rel=\"nofollow noopener\">DROIX Global- t\u00f3l az \u00d6n nyugalma \u00e9rdek\u00e9ben<\/a> [\/cg_accordion]\n[cg_accordion title=\"MIN\u0150S\u00c9GBIZTOS\u00cdT\u00c1S \u00c9S SZ\u00c1LL\u00cdT\u00c1S EL\u0150TTI TESZTEL\u00c9S\"]<\/p>\n<p>A legmagasabb sz\u00ednvonal\u00fa \u00fcgyf\u00e9l-el\u00e9gedetts\u00e9g biztos\u00edt\u00e1sa: Minden k\u00e9sz\u00fcl\u00e9ket szigor\u00fa tesztel\u00e9snek \u00e9s t\u00f6bbpontos min\u0151s\u00e9gbiztos\u00edt\u00e1si ellen\u0151rz\u00e9snek vetnek al\u00e1, miel\u0151tt kisz\u00e1ll\u00edt\u00e1sra ker\u00fcl. Elk\u00f6telezett csapatunk ellen\u0151rzi a teljes\u00edtm\u00e9nyt, a funkcionalit\u00e1st \u00e9s az alkatr\u00e9szek \u00e9ps\u00e9g\u00e9t, hogy garant\u00e1ljuk, hogy a GPD k\u00e9sz\u00fcl\u00e9k meg\u00e9rkez\u00e9sekor t\u00f6k\u00e9letes m\u0171k\u00f6d\u00e9si \u00e1llapotban van, \u00edgy biztos\u00edtva \u00d6nnek a bizalmat \u00e9s a nyugalmat. [\/cg_accordion]\n[cg_accordion title=\"\u00c1RK\u00c9PZ\u00c9S, AD\u00d3K \u00c9S SZ\u00c1LL\u00cdT\u00c1S\"]<\/p>\n<p><strong><u>Megjegyz\u00e9s:<\/u><\/strong><\/p>\n<ul>\n<li>Egyes\u00fclt \u00c1llamok \u00dcgyfelek: A felt\u00fcntetett \u00e1r NEM tartalmazza az ad\u00f3t \u00e9s a v\u00e1mokat. A v\u00e1mkezel\u00e9s \u00e9s a kapcsol\u00f3d\u00f3 ad\u00f3k\/v\u00e1mok megfizet\u00e9se az \u00fcgyfelet terheli. <\/li>\n<li>EU-s \u00fcgyfelek: A felt\u00fcntetett \u00e1r tartalmazza az alkalmazand\u00f3 ad\u00f3t, amely az \u00d6n orsz\u00e1g\u00e1t\u00f3l f\u00fcgg\u0151en ak\u00e1r 25% is lehet.<\/li>\n<li>Kanadai \u00fcgyfelek: A felt\u00fcntetett \u00e1r tartalmazza az alkalmazand\u00f3 ad\u00f3kat, amelyek az \u00d6n tartom\u00e1ny\u00e1t\u00f3l f\u00fcgg\u0151en tartalmazhatj\u00e1k az 5%-os GST-t \u00e9s tov\u00e1bbi tartom\u00e1nyi forgalmi ad\u00f3kat (PST), harmoniz\u00e1lt forgalmi ad\u00f3t (HST) vagy qu\u00e9beci forgalmi ad\u00f3t (QST).<\/li>\n<\/ul>\n<p>USA-beli \u00fcgyfeleink sz\u00e1m\u00e1ra: DAP (Delivered At Place). B\u00e1r az \u00fcgyfelek felel\u0151sek az alkalmazand\u00f3 tarif\u00e1k megfizet\u00e9s\u00e9\u00e9rt, mi az Egyes\u00fclt Kir\u00e1lys\u00e1gb\u00f3l t\u00f6rt\u00e9n\u0151 sz\u00e1ll\u00edt\u00e1sban szerzett sz\u00e9lesk\u00f6r\u0171 tapasztalatainkra t\u00e1maszkodva biztos\u00edtjuk, hogy a lehet\u0151 legkevesebb d\u00edjat kelljen fizetnie. Nyilv\u00e1ntart\u00e1sunk alapj\u00e1n ezek a d\u00edjak \u00e1ltal\u00e1ban nem haladj\u00e1k meg a term\u00e9k \u00e9rt\u00e9k\u00e9nek 10%-\u00e1t.  <\/p>\n<p><strong>CSAK EU-s \u00fcgyfelek sz\u00e1m\u00e1ra:<\/strong> Express DDP (Delivered Duty Paid). Ez azt jelenti: <\/p>\n<ul>\n<li>A term\u00e9koldalon felt\u00fcntetett \u00e1r tartalmazza az \u00f6sszes v\u00e1mot \u00e9s ad\u00f3t.<\/li>\n<li>A k\u00e9zbes\u00edt\u00e9skor nem kell tov\u00e1bbi d\u00edjakat fizetnie.<\/li>\n<li>Abban a ritka esetben, ha a v\u00e1mkezel\u00e9ssel kapcsolatos probl\u00e9m\u00e1k mer\u00fclnek fel, csapatunk az \u00d6n nev\u00e9ben elv\u00e9gzi a v\u00e1mkezel\u00e9si folyamatot, hogy biztos\u00edtsa a z\u00f6kken\u0151mentes sz\u00e1ll\u00edt\u00e1st.<\/li>\n<p>Fontos inform\u00e1ci\u00f3k a visszak\u00fcld\u00e9sr\u0151l:<\/p>\n<li>Ha \u00fagy d\u00f6nt, hogy visszak\u00fcldi megrendel\u00e9s\u00e9t vagy visszat\u00e9r\u00edt\u00e9st k\u00e9r, k\u00e9rj\u00fck, vegye figyelembe, hogy az \u00d6n nev\u00e9ben a DDP felt\u00e9telei szerint kifizetett ad\u00f3k \u00e9s v\u00e1mok nem t\u00e9r\u00edthet\u0151k vissza.<\/li>\n<p>R\u00e9szletes <a href=\"https:\/\/droix.net\/terms-and-conditions\/\" target=\"_blank\" rel=\"nofollow noopener\">inform\u00e1ci\u00f3k\u00e9rt k\u00e9rj\u00fck, olvassa el a Felhaszn\u00e1l\u00e1si Felt\u00e9teleinket<\/a>.\n<\/ul>\n<p>[\/cg_accordion]\n[cg_accordion title=\"\u00dcGYF\u00c9LSZOLG\u00c1LAT\"]<\/p>\n<p>K\u00e9rd\u00e9se van? Egy r\u00f6vid sz\u00f6veges \u00fczenetben m\u00e1ris megoldjuk a probl\u00e9m\u00e1j\u00e1t! <\/p>\n<p>R\u00e9szletes <a href=\"https:\/\/gpdstore.net\/hu\/terms-of-service\/\" target=\"_blank\" rel=\"nofollow noopener\">inform\u00e1ci\u00f3k\u00e9rt k\u00e9rj\u00fck, olvassa el a Felhaszn\u00e1l\u00e1si Felt\u00e9teleinket<\/a>.\n<\/ul>\n<p>[\/cg_accordion]\n[cg_accordion title=\"MIT TARTALMAZ\"]<\/p>\n<ul>\n<li>1x Univerz\u00e1lis toll a GPD-hez<\/li>\n<\/ul>\n<p>[\/cg_accordion]\n","protected":false},"featured_media":1061358,"template":"","meta":{"_acf_changed":false},"product_brand":[],"product_cat":[5408],"product_tag":[15878,6117],"woo-feed-brand":[5494],"class_list":{"0":"post-1059876","1":"product","2":"type-product","3":"status-publish","4":"has-post-thumbnail","6":"product_cat-tartozekok","7":"product_tag-15xmsale-hu","8":"product_tag-gpd-wm2-kiegeszito","9":"product_shipping_class-low-end","10":"pa_accessory-type-stylus-hu","11":"pa_brand-gpd","12":"woo-feed-brand-droix-hu","14":"first","15":"instock","16":"taxable","17":"shipping-taxable","18":"purchasable","19":"product-type-variable","20":"has-default-attributes"},"acf":[],"aioseo_notices":[],"_links":{"self":[{"href":"https:\/\/gpdstore.net\/hu\/wp-json\/wp\/v2\/product\/1059876","targetHints":{"allow":["GET"]}}],"collection":[{"href":"https:\/\/gpdstore.net\/hu\/wp-json\/wp\/v2\/product"}],"about":[{"href":"https:\/\/gpdstore.net\/hu\/wp-json\/wp\/v2\/types\/product"}],"wp:featuredmedia":[{"embeddable":true,"href":"https:\/\/gpdstore.net\/hu\/wp-json\/wp\/v2\/media\/1061358"}],"wp:attachment":[{"href":"https:\/\/gpdstore.net\/hu\/wp-json\/wp\/v2\/media?parent=1059876"}],"wp:term":[{"taxonomy":"product_brand","embeddable":true,"href":"https:\/\/gpdstore.net\/hu\/wp-json\/wp\/v2\/product_brand?post=1059876"},{"taxonomy":"product_cat","embeddable":true,"href":"https:\/\/gpdstore.net\/hu\/wp-json\/wp\/v2\/product_cat?post=1059876"},{"taxonomy":"product_tag","embeddable":true,"href":"https:\/\/gpdstore.net\/hu\/wp-json\/wp\/v2\/product_tag?post=1059876"},{"taxonomy":"woo-feed-brand","embeddable":true,"href":"https:\/\/gpdstore.net\/hu\/wp-json\/wp\/v2\/woo-feed-brand?post=1059876"}],"curies":[{"name":"wp","href":"https:\/\/api.w.org\/{rel}","templated":true}]}}