{"id":221262,"date":"2023-03-23T16:49:44","date_gmt":"2023-03-23T16:49:44","guid":{"rendered":"https:\/\/gpdstore.net\/sutikre-vonatkozo-iranyelvek\/"},"modified":"2024-12-11T13:41:07","modified_gmt":"2024-12-11T13:41:07","slug":"sutikre-vonatkozo-iranyelvek","status":"publish","type":"page","link":"https:\/\/gpdstore.net\/hu\/sutikre-vonatkozo-iranyelvek\/","title":{"rendered":"S\u00fctikre vonatkoz\u00f3 ir\u00e1nyelvek"},"content":{"rendered":"\n<p>Az al\u00e1bbi Cookie-szab\u00e1lyzatot az <a href=\"https:\/\/gpdstore.net\/hu\/szolgaltatasi-feltetelek\/\" target=\"_blank\" data-type=\"URL\" data-id=\"\/terms-of-service\/\" rel=\"noreferrer noopener\">\u00c1ltal\u00e1nos Szerz\u0151d\u00e9si Felt\u00e9telekkel<\/a>, a <a href=\"https:\/\/gpdstore.net\/hu\/visszateritesi-es-visszateritesi-politika\/\" target=\"_blank\" data-type=\"URL\" data-id=\"\/refund-and-returns-policy\/\" rel=\"noreferrer noopener\">Visszat\u00e9r\u00edt\u00e9si \u00e9s visszat\u00e9r\u00edt\u00e9si szab\u00e1lyzattal<\/a> \u00e9s <a href=\"https:\/\/gpdstore.net\/hu\/adatvedelmi-iranyelvek\/\" target=\"_blank\" data-type=\"URL\" data-id=\"\/privacy-policy\/\" rel=\"noreferrer noopener\">az Adatv\u00e9delmi Szab\u00e1lyzattal<\/a> \u00f6sszhangban (p\u00e1ros\u00edtva), &#8220;egyk\u00e9nt&#8221; kell \u00e9rtelmezni.<\/p>\n\n<ol class=\"wp-block-list\">\n<li>Ezek az \u00e9rt\u00e9kes\u00edt\u00e9si felt\u00e9telek a DroiX US Corp (a Sz\u00e1ll\u00edt\u00f3) \u00e1ltal sz\u00e1ll\u00edtott \u00f6sszes \u00e1rura vonatkoznak.\n<ol class=\"wp-block-list\">\n<li>Az al\u00e1bbi szerz\u0151d\u00e9sben a hivatkoz\u00e1sok a k\u00f6vetkez\u0151kre vonatkoznak: Mi (DroiX US Corp) vagyunk a Sz\u00e1ll\u00edt\u00f3, \u00e9s \u00d6n (a Vev\u0151).<\/li>\n<\/ol>\n<\/li>\n<\/ol>\n\n<ol class=\"wp-block-list\">\n<li>A Sz\u00e1ll\u00edt\u00f3 weboldala s\u00fctiket haszn\u00e1l, hogy megk\u00fcl\u00f6nb\u00f6ztesse az \u00fcgyfelet, azaz \u00d6nt a weboldal m\u00e1s felhaszn\u00e1l\u00f3it\u00f3l. Ez seg\u00edt a Sz\u00e1ll\u00edt\u00f3nak abban, hogy j\u00f3 \u00e9lm\u00e9nyt ny\u00fajtson \u00d6nnek, amikor a Sz\u00e1ll\u00edt\u00f3 weboldal\u00e1n b\u00f6ng\u00e9szik, \u00e9s lehet\u0151v\u00e9 teszi a Sz\u00e1ll\u00edt\u00f3 sz\u00e1m\u00e1ra, hogy jav\u00edtsa weboldalunkat. A weboldal tov\u00e1bbi b\u00f6ng\u00e9sz\u00e9s\u00e9vel \u00d6n elfogadja, hogy a Sz\u00e1ll\u00edt\u00f3 cookie-kat haszn\u00e1l.  <\/li>\n\n\n\n<li>A s\u00fcti egy kis bet\u0171kb\u0151l \u00e9s sz\u00e1mokb\u00f3l \u00e1ll\u00f3 f\u00e1jl, amelyet a Sz\u00e1ll\u00edt\u00f3 az \u00d6n b\u00f6ng\u00e9sz\u0151j\u00e9ben, illetve sz\u00e1m\u00edt\u00f3g\u00e9p\u00e9nek vagy mobiltelefonj\u00e1nak merevlemez\u00e9n t\u00e1rol, ha \u00d6n ehhez hozz\u00e1j\u00e1rul. A s\u00fctik olyan inform\u00e1ci\u00f3kat tartalmaznak, amelyek az \u00d6n sz\u00e1m\u00edt\u00f3g\u00e9p\u00e9nek merevlemez\u00e9re ker\u00fclnek. <\/li>\n\n\n\n<li>A Sz\u00e1ll\u00edt\u00f3 a k\u00f6vetkez\u0151 s\u00fctiket haszn\u00e1lja:\n<ol class=\"wp-block-list\">\n<li>Szigor\u00faan sz\u00fcks\u00e9ges s\u00fctik. Ezek olyan s\u00fctik, amelyek a Sz\u00e1ll\u00edt\u00f3 weboldal\u00e1nak m\u0171k\u00f6d\u00e9s\u00e9hez sz\u00fcks\u00e9gesek. Ide tartoznak p\u00e9ld\u00e1ul azok a s\u00fctik, amelyek lehet\u0151v\u00e9 teszik, hogy \u00d6n bejelentkezzen a Sz\u00e1ll\u00edt\u00f3 weboldal\u00e1nak biztons\u00e1gos ter\u00fcleteire \u00e9s tranzakci\u00f3kat hajtson v\u00e9gre.  <\/li>\n\n\n\n<li>Analitikai\/teljes\u00edtm\u00e9nys\u00fctik. Ezek lehet\u0151v\u00e9 teszik a Sz\u00e1ll\u00edt\u00f3 sz\u00e1m\u00e1ra, hogy felismerje \u00e9s megsz\u00e1molja a l\u00e1togat\u00f3k sz\u00e1m\u00e1t, \u00e9s hogy l\u00e1ssa, hogyan mozognak a l\u00e1togat\u00f3k a Sz\u00e1ll\u00edt\u00f3 weboldal\u00e1n, amikor azt haszn\u00e1lj\u00e1k. Ez seg\u00edt a Sz\u00e1ll\u00edt\u00f3nak a weboldal m\u0171k\u00f6d\u00e9s\u00e9nek jav\u00edt\u00e1s\u00e1ban, p\u00e9ld\u00e1ul annak biztos\u00edt\u00e1s\u00e1val, hogy a felhaszn\u00e1l\u00f3k k\u00f6nnyen \u00e9s gond n\u00e9lk\u00fcl megtal\u00e1lj\u00e1k, amit keresnek.  <\/li>\n\n\n\n<li>A Sz\u00e1ll\u00edt\u00f3 a Google Analytics cookie-kat haszn\u00e1lja. A Google Analytics n\u00e9vtelen\u00fcl gy\u0171jti az inform\u00e1ci\u00f3kat. A weboldal trendjeit az egyes l\u00e1togat\u00f3k azonos\u00edt\u00e1sa n\u00e9lk\u00fcl jelenti. A Google Analytics szolg\u00e1ltat\u00e1sr\u00f3l le lehet mondani an\u00e9lk\u00fcl, hogy ez befoly\u00e1soln\u00e1 a webhely l\u00e1togat\u00e1s\u00e1t. A Google Analyticsr\u0151l tov\u00e1bbi inform\u00e1ci\u00f3kat itt tal\u00e1l.    <\/li>\n\n\n\n<li>C\u00e9lzott s\u00fctik. Ezek a cookie-k r\u00f6gz\u00edtik a Sz\u00e1ll\u00edt\u00f3 weboldal\u00e1n tett l\u00e1togat\u00e1s\u00e1t, a megl\u00e1togatott oldalakat \u00e9s a k\u00f6vetett linkeket. A Sz\u00e1ll\u00edt\u00f3 ezeket az inform\u00e1ci\u00f3kat arra haszn\u00e1lja fel, hogy a honlapot \u00e9s az azon megjelen\u0151 hirdet\u00e9seket az \u00d6n \u00e9rdekl\u0151d\u00e9si k\u00f6r\u00e9nek megfelel\u0151bb\u00e9 tegye. A Sz\u00e1ll\u00edt\u00f3 ezeket az inform\u00e1ci\u00f3kat e c\u00e9lb\u00f3l harmadik felekkel is megoszthatja.   <\/li>\n<\/ol>\n<\/li>\n\n\n\n<li>Felh\u00edvjuk figyelm\u00e9t, hogy harmadik felek (bele\u00e9rtve p\u00e9ld\u00e1ul a hirdet\u00e9si h\u00e1l\u00f3zatokat \u00e9s k\u00fcls\u0151 szolg\u00e1ltat\u00f3kat, p\u00e9ld\u00e1ul webes forgalomelemz\u0151 szolg\u00e1ltat\u00e1sokat) szint\u00e9n haszn\u00e1lhatnak s\u00fctiket, amelyekre a Sz\u00e1ll\u00edt\u00f3nak nincs r\u00e1hat\u00e1sa. Ezek a s\u00fctik val\u00f3sz\u00edn\u0171leg analitikai\/teljes\u00edtm\u00e9nys\u00fctik vagy c\u00e9lz\u00e1si s\u00fctik. <\/li>\n\n\n\n<li>A cookie-kat blokkolhatja a b\u00f6ng\u00e9sz\u0151je azon be\u00e1ll\u00edt\u00e1s\u00e1nak aktiv\u00e1l\u00e1s\u00e1val, amely lehet\u0151v\u00e9 teszi az \u00f6sszes vagy egyes cookie-k be\u00e1ll\u00edt\u00e1s\u00e1nak elutas\u00edt\u00e1s\u00e1t. Ha azonban b\u00f6ng\u00e9sz\u0151je be\u00e1ll\u00edt\u00e1sait \u00fagy haszn\u00e1lja, hogy blokkolja az \u00f6sszes s\u00fctit (bele\u00e9rtve az alapvet\u0151 s\u00fctiket is), el\u0151fordulhat, hogy nem tud hozz\u00e1f\u00e9rni a Sz\u00e1ll\u00edt\u00f3 weboldal\u00e1nak eg\u00e9sz\u00e9hez vagy egyes r\u00e9szeihez. <\/li>\n<\/ol>\n\n<p>Cookie szab\u00e1lyzat utolj\u00e1ra friss\u00edtve: m\u00e1rcius 23, 2023 &#8211; 4:48PM.<\/p>\n","protected":false},"excerpt":{"rendered":"<p>Az al\u00e1bbi Cookie-szab\u00e1lyzatot az \u00c1ltal\u00e1nos Szerz\u0151d\u00e9si Felt\u00e9telekkel, a Visszat\u00e9r\u00edt\u00e9si \u00e9s visszat\u00e9r\u00edt\u00e9si szab\u00e1lyzattal \u00e9s az Adatv\u00e9delmi Szab\u00e1lyzattal \u00f6sszhangban (p\u00e1ros\u00edtva), &#8220;egyk\u00e9nt&#8221; kell \u00e9rtelmezni. Cookie szab\u00e1lyzat utolj\u00e1ra friss\u00edtve: m\u00e1rcius 23, 2023 &#8211; 4:48PM.<\/p>\n","protected":false},"author":1,"featured_media":0,"parent":0,"menu_order":0,"comment_status":"closed","ping_status":"closed","template":"template-fullwidth.php","meta":{"_acf_changed":false,"footnotes":""},"class_list":["post-221262","page","type-page","status-publish","hentry"],"acf":[],"aioseo_notices":[],"_links":{"self":[{"href":"https:\/\/gpdstore.net\/hu\/wp-json\/wp\/v2\/pages\/221262","targetHints":{"allow":["GET"]}}],"collection":[{"href":"https:\/\/gpdstore.net\/hu\/wp-json\/wp\/v2\/pages"}],"about":[{"href":"https:\/\/gpdstore.net\/hu\/wp-json\/wp\/v2\/types\/page"}],"author":[{"embeddable":true,"href":"https:\/\/gpdstore.net\/hu\/wp-json\/wp\/v2\/users\/1"}],"replies":[{"embeddable":true,"href":"https:\/\/gpdstore.net\/hu\/wp-json\/wp\/v2\/comments?post=221262"}],"version-history":[{"count":0,"href":"https:\/\/gpdstore.net\/hu\/wp-json\/wp\/v2\/pages\/221262\/revisions"}],"wp:attachment":[{"href":"https:\/\/gpdstore.net\/hu\/wp-json\/wp\/v2\/media?parent=221262"}],"curies":[{"name":"wp","href":"https:\/\/api.w.org\/{rel}","templated":true}]}}