{"id":220824,"date":"2023-03-23T16:38:25","date_gmt":"2023-03-23T16:38:25","guid":{"rendered":"https:\/\/gpdstore.net\/rolunk\/"},"modified":"2024-12-11T13:38:52","modified_gmt":"2024-12-11T13:38:52","slug":"rolunk","status":"publish","type":"page","link":"https:\/\/gpdstore.net\/hu\/rolunk\/","title":{"rendered":"R\u00f3lunk"},"content":{"rendered":"\t\t<div data-elementor-type=\"wp-page\" data-elementor-id=\"220824\" class=\"elementor elementor-220824 elementor-10\" data-elementor-settings=\"{&quot;element_pack_global_tooltip_width&quot;:{&quot;unit&quot;:&quot;px&quot;,&quot;size&quot;:&quot;&quot;,&quot;sizes&quot;:[]},&quot;element_pack_global_tooltip_width_tablet&quot;:{&quot;unit&quot;:&quot;px&quot;,&quot;size&quot;:&quot;&quot;,&quot;sizes&quot;:[]},&quot;element_pack_global_tooltip_width_mobile&quot;:{&quot;unit&quot;:&quot;px&quot;,&quot;size&quot;:&quot;&quot;,&quot;sizes&quot;:[]},&quot;element_pack_global_tooltip_padding&quot;:{&quot;unit&quot;:&quot;px&quot;,&quot;top&quot;:&quot;&quot;,&quot;right&quot;:&quot;&quot;,&quot;bottom&quot;:&quot;&quot;,&quot;left&quot;:&quot;&quot;,&quot;isLinked&quot;:true},&quot;element_pack_global_tooltip_padding_tablet&quot;:{&quot;unit&quot;:&quot;px&quot;,&quot;top&quot;:&quot;&quot;,&quot;right&quot;:&quot;&quot;,&quot;bottom&quot;:&quot;&quot;,&quot;left&quot;:&quot;&quot;,&quot;isLinked&quot;:true},&quot;element_pack_global_tooltip_padding_mobile&quot;:{&quot;unit&quot;:&quot;px&quot;,&quot;top&quot;:&quot;&quot;,&quot;right&quot;:&quot;&quot;,&quot;bottom&quot;:&quot;&quot;,&quot;left&quot;:&quot;&quot;,&quot;isLinked&quot;:true},&quot;element_pack_global_tooltip_border_radius&quot;:{&quot;unit&quot;:&quot;px&quot;,&quot;top&quot;:&quot;&quot;,&quot;right&quot;:&quot;&quot;,&quot;bottom&quot;:&quot;&quot;,&quot;left&quot;:&quot;&quot;,&quot;isLinked&quot;:true},&quot;element_pack_global_tooltip_border_radius_tablet&quot;:{&quot;unit&quot;:&quot;px&quot;,&quot;top&quot;:&quot;&quot;,&quot;right&quot;:&quot;&quot;,&quot;bottom&quot;:&quot;&quot;,&quot;left&quot;:&quot;&quot;,&quot;isLinked&quot;:true},&quot;element_pack_global_tooltip_border_radius_mobile&quot;:{&quot;unit&quot;:&quot;px&quot;,&quot;top&quot;:&quot;&quot;,&quot;right&quot;:&quot;&quot;,&quot;bottom&quot;:&quot;&quot;,&quot;left&quot;:&quot;&quot;,&quot;isLinked&quot;:true}}\" data-elementor-post-type=\"page\">\n\t\t\t\t\t\t<section class=\"elementor-section elementor-top-section elementor-element elementor-element-9ee181d elementor-section-height-min-height elementor-section-content-middle elementor-reverse-mobile elementor-section-boxed elementor-section-height-default elementor-section-items-middle\" data-id=\"9ee181d\" data-element_type=\"section\" data-settings=\"{&quot;background_background&quot;:&quot;classic&quot;,&quot;background_motion_fx_motion_fx_scrolling&quot;:&quot;yes&quot;,&quot;background_motion_fx_blur_effect&quot;:&quot;yes&quot;,&quot;background_motion_fx_range&quot;:&quot;viewport&quot;,&quot;background_motion_fx_motion_fx_mouse&quot;:&quot;yes&quot;,&quot;background_motion_fx_mouseTrack_effect&quot;:&quot;yes&quot;,&quot;background_motion_fx_blur_direction&quot;:&quot;out-in&quot;,&quot;background_motion_fx_blur_level&quot;:{&quot;unit&quot;:&quot;px&quot;,&quot;size&quot;:7,&quot;sizes&quot;:[]},&quot;background_motion_fx_blur_range&quot;:{&quot;unit&quot;:&quot;%&quot;,&quot;size&quot;:&quot;&quot;,&quot;sizes&quot;:{&quot;start&quot;:20,&quot;end&quot;:80}},&quot;background_motion_fx_devices&quot;:[&quot;desktop&quot;,&quot;tablet&quot;,&quot;mobile&quot;],&quot;background_motion_fx_mouseTrack_speed&quot;:{&quot;unit&quot;:&quot;px&quot;,&quot;size&quot;:1,&quot;sizes&quot;:[]}}\">\n\t\t\t\t\t\t<div class=\"elementor-container elementor-column-gap-no\">\n\t\t\t\t\t<div class=\"elementor-column elementor-col-100 elementor-top-column elementor-element elementor-element-53c0e4e\" data-id=\"53c0e4e\" data-element_type=\"column\" data-settings=\"{&quot;background_background&quot;:&quot;classic&quot;}\">\n\t\t\t<div class=\"elementor-widget-wrap elementor-element-populated\">\n\t\t\t\t\t\t<div class=\"elementor-element elementor-element-d21bfa3 elementor-widget elementor-widget-heading\" data-id=\"d21bfa3\" data-element_type=\"widget\" data-widget_type=\"heading.default\">\n\t\t\t\t<div class=\"elementor-widget-container\">\n\t\t\t\t\t<h2 class=\"elementor-heading-title elementor-size-default\">GPD<br>x<br>DROIX<\/h2>\t\t\t\t<\/div>\n\t\t\t\t<\/div>\n\t\t\t\t<div class=\"elementor-element elementor-element-4bf96d9 elementor-widget elementor-widget-text-editor\" data-id=\"4bf96d9\" data-element_type=\"widget\" data-widget_type=\"text-editor.default\">\n\t\t\t\t<div class=\"elementor-widget-container\">\n\t\t\t\t\t\t\t\t\t<p>\u00dcdv\u00f6z\u00f6lj\u00fck a GPD Store-ban, a piacon kaphat\u00f3 legmodernebb k\u00e9zi j\u00e1t\u00e9k PC-k egyablakos v\u00e1s\u00e1rl\u00f3hely\u00e9n.<\/p>\n<p>A GPD (GamePad Digital) term\u00e9kek b\u00fcszke kiskeresked\u0151je vagyunk, a leg\u00fajabb \u00e9s leginnovat\u00edvabb eszk\u00f6z\u00f6ket k\u00edn\u00e1ljuk \u00d6nnek, bele\u00e9rtve a GPD WIN 4, GPD Pocket 4, GPD Pocket 3 \u00e9s sok m\u00e1s GPD k\u00fcty\u00fct. A kiv\u00e1l\u00f3 min\u0151s\u00e9g\u0171 j\u00e1t\u00e9k\u00e9lm\u00e9ny ny\u00fajt\u00e1sa ir\u00e1nti elk\u00f6telezetts\u00e9g\u00fcnk miatt mi vagyunk a legjobb v\u00e1laszt\u00e1s a hordozhat\u00f3 er\u0151m\u0171veket keres\u0151 rajong\u00f3k sz\u00e1m\u00e1ra. <\/p>\n<p>A GPD Store-n\u00e1l meg\u00e9rtj\u00fck, hogy a t\u00f6k\u00e9letes j\u00e1t\u00e9k\u00e9lm\u00e9ny t\u00falmutat mag\u00e1n a k\u00e9sz\u00fcl\u00e9ken. Ez\u00e9rt k\u00f6t\u00f6tt\u00fcnk partners\u00e9get a DroiX-szel, a logisztika \u00e9s \u00fcgyf\u00e9lszolg\u00e1lat megb\u00edzhat\u00f3 nev\u00e9vel, hogy a n\u00e1lunk t\u00f6rt\u00e9n\u0151 v\u00e1s\u00e1rl\u00e1s z\u00f6kken\u0151mentes \u00e9s z\u00f6kken\u0151mentes legyen. A DroiX szak\u00e9rtelme a rendel\u00e9s lead\u00e1s\u00e1t\u00f3l a k\u00e9sz\u00fcl\u00e9k \u00e1tv\u00e9tel\u00e9ig \u00e9s azon t\u00fal is garant\u00e1lja a probl\u00e9mamentes \u00e9lm\u00e9nyt, \u00edgy \u00d6n arra koncentr\u00e1lhat, ami a legfontosabb: belevetheti mag\u00e1t kedvenc j\u00e1t\u00e9kaiba.  <\/p>\n<p>A GPD Store k\u00fcldet\u00e9se az, hogy a legjobb k\u00e9zi j\u00e1t\u00e9k\u00e9lm\u00e9nyt ny\u00fajtsa \u00d6nnek, amit a v\u00e1s\u00e1rl\u00f3i el\u00e9gedetts\u00e9g ir\u00e1nti megingathatatlan elk\u00f6telezetts\u00e9g\u00fcnk t\u00e1mogat. Mivel mi magunk is j\u00e1t\u00e9krajong\u00f3k vagyunk, tiszt\u00e1ban vagyunk annak fontoss\u00e1g\u00e1val, hogy a megfelel\u0151 eszk\u00f6z legyen a kezedben. Ez\u00e9rt t\u00f6reksz\u00fcnk folyamatosan arra, hogy a piacon kaphat\u00f3 legjobb GPD term\u00e9keket k\u00edn\u00e1ljuk, a legjobb \u00fcgyf\u00e9lszolg\u00e1lat mellett.  <\/p>\n<p>Ha a GPD Store \u00e1ruh\u00e1zban v\u00e1s\u00e1rol, nem csak egy eszk\u00f6zt v\u00e1s\u00e1rol, hanem csatlakozik egy olyan j\u00e1t\u00e9kosok k\u00f6z\u00f6ss\u00e9g\u00e9hez, akiknek fontos a teljes\u00edtm\u00e9ny \u00e9s a hordozhat\u00f3s\u00e1g t\u00f6k\u00e9letes egyens\u00falya. Megh\u00edvjuk, hogy fedezze fel term\u00e9kk\u00edn\u00e1latunkat, \u00e9s tapasztalja meg a GPD Store \u00e1ltal k\u00edn\u00e1lt k\u00fcl\u00f6nbs\u00e9get. K\u00e9sz\u00fclj\u00f6n fel, hogy vel\u00fcnk egy\u00fctt emelje j\u00e1t\u00e9k\u00e1nak szintj\u00e9t!  <\/p>\n\t\t\t\t\t\t\t\t<\/div>\n\t\t\t\t<\/div>\n\t\t\t\t\t<\/div>\n\t\t<\/div>\n\t\t\t\t\t<\/div>\n\t\t<\/section>\n\t\t\t\t<\/div>\n\t\t","protected":false},"excerpt":{"rendered":"<p>GPDxDROIX \u00dcdv\u00f6z\u00f6lj\u00fck a GPD Store-ban, a piacon kaphat\u00f3 legmodernebb k\u00e9zi j\u00e1t\u00e9k PC-k egyablakos v\u00e1s\u00e1rl\u00f3hely\u00e9n. A GPD (GamePad Digital) term\u00e9kek b\u00fcszke kiskeresked\u0151je vagyunk, a leg\u00fajabb \u00e9s leginnovat\u00edvabb eszk\u00f6z\u00f6ket k\u00edn\u00e1ljuk \u00d6nnek, bele\u00e9rtve a GPD WIN 4, GPD Pocket 4, GPD Pocket 3 \u00e9s sok m\u00e1s GPD k\u00fcty\u00fct. A kiv\u00e1l\u00f3 min\u0151s\u00e9g\u0171 j\u00e1t\u00e9k\u00e9lm\u00e9ny ny\u00fajt\u00e1sa ir\u00e1nti elk\u00f6telezetts\u00e9g\u00fcnk miatt mi vagyunk [&hellip;]<\/p>\n","protected":false},"author":1,"featured_media":0,"parent":0,"menu_order":0,"comment_status":"closed","ping_status":"closed","template":"template-fullwidth-no-heading.php","meta":{"_acf_changed":false,"footnotes":""},"class_list":["post-220824","page","type-page","status-publish","hentry"],"acf":[],"aioseo_notices":[],"_links":{"self":[{"href":"https:\/\/gpdstore.net\/hu\/wp-json\/wp\/v2\/pages\/220824","targetHints":{"allow":["GET"]}}],"collection":[{"href":"https:\/\/gpdstore.net\/hu\/wp-json\/wp\/v2\/pages"}],"about":[{"href":"https:\/\/gpdstore.net\/hu\/wp-json\/wp\/v2\/types\/page"}],"author":[{"embeddable":true,"href":"https:\/\/gpdstore.net\/hu\/wp-json\/wp\/v2\/users\/1"}],"replies":[{"embeddable":true,"href":"https:\/\/gpdstore.net\/hu\/wp-json\/wp\/v2\/comments?post=220824"}],"version-history":[{"count":0,"href":"https:\/\/gpdstore.net\/hu\/wp-json\/wp\/v2\/pages\/220824\/revisions"}],"wp:attachment":[{"href":"https:\/\/gpdstore.net\/hu\/wp-json\/wp\/v2\/media?parent=220824"}],"curies":[{"name":"wp","href":"https:\/\/api.w.org\/{rel}","templated":true}]}}