{"id":210292,"date":"2023-03-23T16:52:33","date_gmt":"2023-03-23T16:52:33","guid":{"rendered":"https:\/\/gpdstore.net\/visszateritesi-es-visszateritesi-politika\/"},"modified":"2025-05-11T15:00:20","modified_gmt":"2025-05-11T15:00:20","slug":"refund-and-returns-policy","status":"publish","type":"page","link":"https:\/\/gpdstore.net\/hu\/refund-and-returns-policy\/","title":{"rendered":"Visszat\u00e9r\u00edt\u00e9si \u00e9s visszat\u00e9r\u00edt\u00e9si politika"},"content":{"rendered":"\n<p>Az al\u00e1bbi \u00c1ltal\u00e1nos Szerz\u0151d\u00e9si Felt\u00e9teleket a <a href=\"https:\/\/gpdstore.net\/hu\/szolgaltatasi-feltetelek\/\" data-type=\"URL\" data-id=\"\/terms-of-service\/\" target=\"_blank\" rel=\"noreferrer noopener\">Szolg\u00e1ltat\u00e1si Felt\u00e9telekkel<\/a>, <a href=\"https:\/\/gpdstore.net\/hu\/adatvedelmi-iranyelvek\/\" target=\"_blank\" rel=\"noreferrer noopener\">Adatv\u00e9delmi Szab\u00e1lyzattal<\/a> \u00e9s <a href=\"https:\/\/gpdstore.net\/hu\/sutikre-vonatkozo-iranyelvek\/\" data-type=\"URL\" data-id=\"\/cookies-policy\/\" target=\"_blank\" rel=\"noreferrer noopener\">Cookie Szab\u00e1lyzattal<\/a> egy\u00fctt, &#8220;egyk\u00e9nt&#8221; kell \u00e9rtelmezni.<\/p>\n\n<h3 class=\"wp-block-heading\" id=\"h-cancellations\">LEMOND\u00c1SOK  <\/h3>\n\n<ol class=\"wp-block-list\">\n<li>Amennyiben \u00d6n nem \u00fczleti \u00fcgyf\u00e9l, az \u00e1ru \u00e1tv\u00e9tel\u00e9t k\u00f6vet\u0151 30 napt\u00e1ri nap v\u00e9g\u00e9ig b\u00e1rmikor jogosult a szerz\u0151d\u00e9st\u0151l el\u00e1llni (l\u00e1sd al\u00e1bb).<\/li>\n\n\n\n<li>Az el\u00e1ll\u00e1si jog gyakorl\u00e1sa \u00e9rdek\u00e9ben \u00edr\u00e1sban kell \u00e9rtes\u00edtenie a Sz\u00e1ll\u00edt\u00f3t szem\u00e9lyesen, postai \u00faton, e-mailben, a k\u00f6z\u00f6ss\u00e9gi m\u00e9di\u00e1ban vagy a weboldalon kereszt\u00fcl, megadva a megrendelt \u00e1ruk \u00e9s (adott esetben) azok sz\u00e1ll\u00edt\u00e1s\u00e1nak r\u00e9szleteit. A telefonos \u00e9rtes\u00edt\u00e9s nem elegend\u0151.<\/li>\n\n\n\n<li>A hib\u00e1s vagy t\u00e9vesen le\u00edrt \u00e1ruk eset\u00e9t kiv\u00e9ve, ha \u00d6n az el\u00e1ll\u00e1si jog\u00e1t az \u00e1ruk lesz\u00e1ll\u00edt\u00e1s\u00e1t k\u00f6vet\u0151en gyakorolja, az \u00e1ruknak a Sz\u00e1ll\u00edt\u00f3hoz val\u00f3 visszak\u00fcld\u00e9se az \u00d6n saj\u00e1t k\u00f6lts\u00e9g\u00e9n az \u00d6n felel\u0151ss\u00e9ge. Az \u00e1rut a Sz\u00e1ll\u00edt\u00f3 \u00e1ltal k\u00f6z\u00f6lt c\u00edmre kell visszak\u00fcldeni. Megfelel\u0151 gondoss\u00e1ggal kell gondoskodnia arr\u00f3l, hogy az \u00e1ru id\u0151k\u00f6zben vagy sz\u00e1ll\u00edt\u00e1s k\u00f6zben ne s\u00e9r\u00fclj\u00f6n meg.\n<ol class=\"wp-block-list\">\n<li>Hib\u00e1s vagy rosszul le\u00edrt \u00e1ru eset\u00e9n a Sz\u00e1ll\u00edt\u00f3 az \u00c1ltal\u00e1nos Szerz\u0151d\u00e9si Felt\u00e9teleknek megfelel\u0151 \u00e9rtes\u00edt\u00e9s k\u00e9zhezv\u00e9tel\u00e9t k\u00f6vet\u0151en vagy \u00e1tveszi \u00d6nt\u0151l az \u00e1rut, vagy felk\u00e9ri \u00d6nt, hogy az \u00e1rut saj\u00e1t maga k\u00fcldje vissza, mik\u00f6zben elfogadhat\u00f3 visszak\u00fcld\u00e9si m\u00f3dot biztos\u00edt \u00d6nnek.  <\/li>\n<\/ol>\n<\/li>\n\n\n\n<li>A sz\u00e1ll\u00edt\u00e1s k\u00f6zben lemondott megrendel\u00e9s eset\u00e9n a szok\u00e1sos lemond\u00e1si d\u00edj plusz tov\u00e1bbi sz\u00e1ll\u00edt\u00e1si k\u00f6lts\u00e9gek mer\u00fclnek fel a megrendel\u0151 k\u00f6lts\u00e9g\u00e9re.<\/li>\n<\/ol>\n\n<h3 class=\"wp-block-heading\" id=\"h-returns\">VISSZAFIZET\u00c9SEK<\/h3>\n\n<ol class=\"wp-block-list\">\n<li>A szem\u00e9lyre szabott term\u00e9kek nem visszav\u00e1lthat\u00f3k. Felh\u00edvjuk figyelm\u00e9t, hogy ez nem \u00e9rinti az \u00d6n t\u00f6rv\u00e9nyes jogait.<\/li>\n\n\n\n<li>Az \u00fcgyf\u00e9l egyedi specifik\u00e1ci\u00f3i szerint \u00e9p\u00edtett sz\u00e1m\u00edt\u00f3g\u00e9pes rendszerek a t\u00e1v\u00e9rt\u00e9kes\u00edt\u00e9si rendeletek \u00e9rtelm\u00e9ben mentes\u00fclnek az el\u00e1ll\u00e1si jog al\u00f3l.<\/li>\n\n\n\n<li>A t\u00e9teleknek az eredeti csomagol\u00e1sban kell lenni\u00fck, amennyiben az az \u00e1ru r\u00e9sz\u00e9t k\u00e9pezi, p\u00e9ld\u00e1ul dobozolt \u00e1ruk). \u00d6nt t\u00f6rv\u00e9nyi k\u00f6telezetts\u00e9g terheli arra, hogy az \u00d6n birtok\u00e1ban l\u00e9v\u0151 \u00e1rukra \u00e9sszer\u0171 gondoss\u00e1ggal vigy\u00e1zzon. Ha \u00d6n nem tesz eleget ennek a k\u00f6telezetts\u00e9g\u00e9nek, a Sz\u00e1ll\u00edt\u00f3nak k\u00e1rt\u00e9r\u00edt\u00e9si joga lehet \u00d6nnel szemben az \u00e9rt\u00e9k 50%-\u00e1ig terjed\u0151 k\u00e1rt\u00e9r\u00edt\u00e9sre (visszav\u00e9teli d\u00edj). Ez minden visszak\u00fcld\u00f6tt \u00e1rura vonatkozik.   <\/li>\n\n\n\n<li>Miut\u00e1n megkapta az RMA-sz\u00e1mot \u00e9s a visszak\u00fcld\u00e9si utas\u00edt\u00e1sokat, a v\u00e1s\u00e1rl\u00f3nak gondoskodnia kell arr\u00f3l, hogy a term\u00e9ket a sz\u00e1ll\u00edt\u00f3nak a visszak\u00fcld\u00e9si utas\u00edt\u00e1sban megadott c\u00edm\u00e9re sz\u00e1ll\u00edts\u00e1k. A Sz\u00e1ll\u00edt\u00f3 nem v\u00e1llal felel\u0151ss\u00e9get a hi\u00e1nyz\u00f3 vagy rosszul sz\u00e1ll\u00edtott t\u00e9telek\u00e9rt. Javasoljuk, hogy minden visszak\u00fcld\u00f6tt term\u00e9ket nyomon k\u00f6vetett, al\u00e1\u00edrt \u00e9s biztos\u00edtott m\u00f3don k\u00fcldjenek a sz\u00e1ll\u00edt\u00f3nak.<\/li>\n\n\n\n<li>A <a href=\"https:\/\/www.legislation.gov.uk\/ukpga\/2015\/15\/contents\/enacted\" target=\"_blank\" rel=\"noreferrer noopener\">2015. \u00e9vi fogyaszt\u00f3i jogokr\u00f3l sz\u00f3l\u00f3 t\u00f6rv\u00e9ny<\/a> \u00e9rtelm\u00e9ben a Sz\u00e1ll\u00edt\u00f3 nem t\u00e9r\u00edti vissza a k\u00fcl\u00f6nleges sz\u00e1ll\u00edt\u00e1si d\u00edjakat.<\/li>\n\n\n\n<li>Ha a visszak\u00fcld\u00e9si jog gyakorl\u00e1s\u00e1ra vonatkoz\u00f3 k\u00e9relemmel egy\u00fctt hib\u00e1t jel\u00f6lnek meg, \u00e9s ez a hiba nem tal\u00e1lhat\u00f3 meg a k\u00e9sz\u00fcl\u00e9ken, a Sz\u00e1ll\u00edt\u00f3 fenntartja a jogot, hogy visszatartsa a 10 fontn\u00e1l nem nagyobb \u00f6sszeget, vagy a term\u00e9k 5 %-\u00e1t a Vev\u0151nek \u00e1tadott el\u0151re fizetett c\u00edmke ut\u00e1n.<\/li>\n\n\n\n<li>Ha visszat\u00e9r\u00edt\u00e9s vagy visszat\u00e9r\u00edt\u00e9s j\u00e1r \u00d6nnek, a Sz\u00e1ll\u00edt\u00f3 a p\u00e9nzt ugyanazon m\u00f3dszerrel utalja \u00e1t, amellyel \u00d6n eredetileg fizetett a v\u00e1s\u00e1rl\u00e1s\u00e9rt. Ha a Sz\u00e1ll\u00edt\u00f3 nem tud visszat\u00e9r\u00edteni az eredeti fizet\u00e9si m\u00f3ddal, akkor felveszi \u00d6nnel a kapcsolatot, hogy egy m\u00e1sik fizet\u00e9si m\u00f3dr\u00f3l gondoskodjon.<\/li>\n\n\n\n<li>Amennyiben \u00d6n nem vigy\u00e1zott megfelel\u0151en az \u00e1rura, a Sz\u00e1ll\u00edt\u00f3 fenntartja a jogot, hogy megtagadja a visszat\u00e9r\u00edt\u00e9st, \u00e9s az \u00e1rut saj\u00e1t k\u00f6lts\u00e9g\u00e9n visszak\u00fcldje \u00d6nnek.<\/li>\n\n\n\n<li>A visszat\u00e9r\u00edt\u00e9sek nem tartalmazz\u00e1k a vonatkoz\u00f3 hat\u00f3s\u00e1goknak m\u00e1r megfizetett import H\u00c9A-t\/ v\u00e1mot.<\/li>\n<\/ol>\n\n<p><\/p>\n","protected":false},"excerpt":{"rendered":"<p>Az al\u00e1bbi \u00c1ltal\u00e1nos Szerz\u0151d\u00e9si Felt\u00e9teleket a Szolg\u00e1ltat\u00e1si Felt\u00e9telekkel, Adatv\u00e9delmi Szab\u00e1lyzattal \u00e9s Cookie Szab\u00e1lyzattal egy\u00fctt, &#8220;egyk\u00e9nt&#8221; kell \u00e9rtelmezni. LEMOND\u00c1SOK VISSZAFIZET\u00c9SEK<\/p>\n","protected":false},"author":1,"featured_media":0,"parent":0,"menu_order":0,"comment_status":"closed","ping_status":"closed","template":"template-fullwidth.php","meta":{"_acf_changed":false,"footnotes":""},"class_list":["post-210292","page","type-page","status-publish","hentry"],"acf":[],"aioseo_notices":[],"_links":{"self":[{"href":"https:\/\/gpdstore.net\/hu\/wp-json\/wp\/v2\/pages\/210292","targetHints":{"allow":["GET"]}}],"collection":[{"href":"https:\/\/gpdstore.net\/hu\/wp-json\/wp\/v2\/pages"}],"about":[{"href":"https:\/\/gpdstore.net\/hu\/wp-json\/wp\/v2\/types\/page"}],"author":[{"embeddable":true,"href":"https:\/\/gpdstore.net\/hu\/wp-json\/wp\/v2\/users\/1"}],"replies":[{"embeddable":true,"href":"https:\/\/gpdstore.net\/hu\/wp-json\/wp\/v2\/comments?post=210292"}],"version-history":[{"count":0,"href":"https:\/\/gpdstore.net\/hu\/wp-json\/wp\/v2\/pages\/210292\/revisions"}],"wp:attachment":[{"href":"https:\/\/gpdstore.net\/hu\/wp-json\/wp\/v2\/media?parent=210292"}],"curies":[{"name":"wp","href":"https:\/\/api.w.org\/{rel}","templated":true}]}}